{"id":476647,"date":"2026-03-31T18:30:51","date_gmt":"2026-03-31T16:30:51","guid":{"rendered":"https:\/\/klimavex.eu\/sk\/katalog\/samsung-podstropna-klimatizacia-flexi-floor-ceiling-highee-ac071-2\/"},"modified":"2026-03-31T18:31:27","modified_gmt":"2026-03-31T16:31:27","slug":"klimatizacia-samsung-split-parapetno-podstropna-flexi-floor-ceiling-highee-ac071-r32-400v-71kw","status":"publish","type":"product","link":"https:\/\/klimavex.eu\/sk\/katalog\/klimatizacia-samsung-split-parapetno-podstropna-flexi-floor-ceiling-highee-ac071-r32-400v-71kw\/","title":{"rendered":"Klimatiz\u00e1cia Samsung split parapetno-podstropn\u00e1 Flexi Floor \/ Ceiling HighEE AC071 R32 400V 7,1kW"},"content":{"rendered":"<p style=\"text-align:justify\"><span style=\"font-size:11pt\"><span style=\"font-family:Calibri,sans-serif\"><strong>K\u013e&uacute;\u010dov&eacute; vlastnosti<\/strong><\/span><\/span><\/p>\n<ul>\n<li style=\"text-align:justify\"><span style=\"font-size:11pt\"><span style=\"font-family:Calibri,sans-serif\">Absencia \u010derpadla kondenz&aacute;tu<\/span><\/span><\/li>\n<li style=\"text-align:justify\"><span style=\"font-size:11pt\"><span style=\"font-family:Calibri,sans-serif\">Prev&aacute;dzkov&yacute; rozsah chladenia -20 &#8211; 52&deg;C<\/span><\/span><\/li>\n<li style=\"text-align:justify\"><span style=\"font-size:11pt\"><span style=\"font-family:Calibri,sans-serif\">Prev&aacute;dzkov&yacute; rozsah vykurovania -25 &#8211; 24&deg;C<\/span><\/span><\/li>\n<li style=\"text-align:justify\"><span style=\"font-size:11pt\"><span style=\"font-family:Calibri,sans-serif\">Prev&aacute;dzkov&yacute; rozsah vn&uacute;tornej teploty vykurovania od 8&deg;C (s infra\u010derven&yacute;m ovl&aacute;dan&iacute;m)<\/span><\/span><\/li>\n<li style=\"text-align:justify\"><span style=\"font-size:11pt\"><span style=\"font-family:Calibri,sans-serif\">Pr&iacute;vod vzduchu pomocou jednej nastavite\u013enej lamely; uhol \u010depele medzi 4&deg; a 45&deg;<\/span><\/span><\/li>\n<li style=\"text-align:justify\"><span style=\"font-size:11pt\"><span style=\"font-family:Calibri,sans-serif\">S&uacute;\u010das\u0165ou je um&yacute;vate\u013en&yacute; trval&yacute; filter HD 40 s dlhou \u017eivotnos\u0165ou<\/span><\/span><\/li>\n<li style=\"text-align:justify\"><span style=\"font-size:11pt\"><span style=\"font-family:Calibri,sans-serif\">3f&aacute;zov&eacute; el. nap&aacute;janie<\/span><\/span><\/li>\n<\/ul>\n","protected":false},"excerpt":{"rendered":"<p style=\"text-align:justify\"><span style=\"font-size:11pt\"><span style=\"font-family:Calibri,sans-serif\"><strong>Samsung Ceiling <\/strong>je klimatiza\u010dn&aacute; jednotka pre <strong>komer\u010dn&eacute; &uacute;\u010dely<\/strong>, ktor&uacute; je mo\u017en&eacute; in&scaron;talova\u0165 v podstropnom priestore. Verzia jednotky <strong>HighEE <\/strong>pon&uacute;ka e&scaron;te vy&scaron;&scaron;iu prev&aacute;dzkov&uacute; &uacute;\u010dinnos\u0165. T&aacute;to klimatiz&aacute;cia, ktor&aacute; dok&aacute;\u017ee chladi\u0165 aj k&uacute;ri\u0165, <strong>nie je vybaven&aacute; \u010derpadlom kondenz&aacute;tu<\/strong>. U\u017e&iacute;va sa <strong>chladivo R32<\/strong>.<\/span><\/span><\/p>\n","protected":false},"featured_media":481733,"template":"","meta":[],"product_cat":[196,198,373,251,195,985,1146],"product_tag":[],"class_list":{"0":"post-476647","1":"product","2":"type-product","3":"status-publish","4":"has-post-thumbnail","6":"product_cat-podla-znacky","7":"product_cat-podla-typu","8":"product_cat-samsung-podla-znacky","9":"product_cat-podstropne-parapetne","10":"product_cat-klimatizacie","11":"product_cat-kazetove-samsung-podla-znacky","12":"product_cat-parapetne-podstropne","13":"pa_chlad-do-von-tep-c-do-20c","14":"pa_chladiaci-vykon-3403","15":"pa_energeticka-trieda-scop-aplus","16":"pa_energeticka-trieda-seer-aplusplus","17":"pa_extra-funkcia-highee","18":"pa_napajanie-3f-400v","19":"pa_prevedenie-parapetno-podstropny-split","20":"pa_prikon-chladenie-4038","21":"pa_prikon-vykurovanie-4009","22":"pa_typ-chladiva-r32","23":"pa_vyk-do-von-tepl-c-do-25c","24":"pa_vykonovy-model-3355","25":"pa_vykurovaci-vykon-3708","26":"pa_wifi-ovladanie-volitelne","27":"pa_znacka-samsung","29":"first","30":"instock","31":"taxable","32":"shipping-taxable","33":"purchasable","34":"product-type-simple"},"yoast_head":"<!-- This site is optimized with the Yoast SEO plugin v23.9 - https:\/\/yoast.com\/wordpress\/plugins\/seo\/ -->\n<title>Klimatiz\u00e1cia Samsung split parapetno-podstropn\u00e1 Flexi Floor \/ Ceiling HighEE AC071 R32 400V 7,1kW - KLIMAVEX GROUP - Slovensko<\/title>\n<meta name=\"robots\" content=\"index, follow, max-snippet:-1, max-image-preview:large, max-video-preview:-1\" \/>\n<link rel=\"canonical\" href=\"https:\/\/klimavex.eu\/sk\/katalog\/samsung-podstropna-klimatizacia-flexi-floor-ceiling-highee-ac071-2\/\" \/>\n<meta property=\"og:locale\" content=\"sk_SK\" \/>\n<meta property=\"og:type\" content=\"article\" \/>\n<meta property=\"og:title\" content=\"Klimatiz\u00e1cia Samsung split parapetno-podstropn\u00e1 Flexi Floor \/ Ceiling HighEE AC071 R32 400V 7,1kW - KLIMAVEX GROUP - Slovensko\" \/>\n<meta property=\"og:description\" content=\"Samsung Ceiling je klimatiza\u010dn&aacute; jednotka pre komer\u010dn&eacute; &uacute;\u010dely, ktor&uacute; je mo\u017en&eacute; in&scaron;talova\u0165 v podstropnom priestore. Verzia jednotky HighEE pon&uacute;ka e&scaron;te vy&scaron;&scaron;iu prev&aacute;dzkov&uacute; &uacute;\u010dinnos\u0165. T&aacute;to klimatiz&aacute;cia, ktor&aacute; dok&aacute;\u017ee chladi\u0165 aj k&uacute;ri\u0165, nie je vybaven&aacute; \u010derpadlom kondenz&aacute;tu. U\u017e&iacute;va sa chladivo R32.\" \/>\n<meta property=\"og:url\" content=\"https:\/\/klimavex.eu\/sk\/katalog\/samsung-podstropna-klimatizacia-flexi-floor-ceiling-highee-ac071-2\/\" \/>\n<meta property=\"og:site_name\" content=\"KLIMAVEX GROUP - Slovensko\" \/>\n<meta property=\"article:publisher\" content=\"https:\/\/www.facebook.com\/klimavex\" \/>\n<meta property=\"article:modified_time\" content=\"2026-03-31T16:31:27+00:00\" \/>\n<meta property=\"og:image\" content=\"https:\/\/klimavex.eu\/sk\/wp-content\/uploads\/2025\/09\/xMN7slfPN1OT-eCUnndVzGZylGW4CK5aN0kGDzObrc8-9.jpeg\" \/>\n\t<meta property=\"og:image:width\" content=\"768\" \/>\n\t<meta property=\"og:image:height\" content=\"512\" \/>\n\t<meta property=\"og:image:type\" content=\"image\/jpeg\" \/>\n<meta name=\"twitter:card\" content=\"summary_large_image\" \/>\n<script type=\"application\/ld+json\" class=\"yoast-schema-graph\">{\"@context\":\"https:\/\/schema.org\",\"@graph\":[{\"@type\":\"WebPage\",\"@id\":\"https:\/\/klimavex.eu\/sk\/katalog\/samsung-podstropna-klimatizacia-flexi-floor-ceiling-highee-ac071-2\/\",\"url\":\"https:\/\/klimavex.eu\/sk\/katalog\/samsung-podstropna-klimatizacia-flexi-floor-ceiling-highee-ac071-2\/\",\"name\":\"Klimatiz\u00e1cia Samsung split parapetno-podstropn\u00e1 Flexi Floor \/ Ceiling HighEE AC071 R32 400V 7,1kW - KLIMAVEX GROUP - Slovensko\",\"isPartOf\":{\"@id\":\"https:\/\/klimavex.eu\/sk\/#website\"},\"primaryImageOfPage\":{\"@id\":\"https:\/\/klimavex.eu\/sk\/katalog\/samsung-podstropna-klimatizacia-flexi-floor-ceiling-highee-ac071-2\/#primaryimage\"},\"image\":{\"@id\":\"https:\/\/klimavex.eu\/sk\/katalog\/samsung-podstropna-klimatizacia-flexi-floor-ceiling-highee-ac071-2\/#primaryimage\"},\"thumbnailUrl\":\"https:\/\/klimavex.eu\/sk\/wp-content\/uploads\/2025\/09\/xMN7slfPN1OT-eCUnndVzGZylGW4CK5aN0kGDzObrc8-9.jpeg\",\"datePublished\":\"2026-03-31T16:30:51+00:00\",\"dateModified\":\"2026-03-31T16:31:27+00:00\",\"breadcrumb\":{\"@id\":\"https:\/\/klimavex.eu\/sk\/katalog\/samsung-podstropna-klimatizacia-flexi-floor-ceiling-highee-ac071-2\/#breadcrumb\"},\"inLanguage\":\"sk-SK\",\"potentialAction\":[{\"@type\":\"ReadAction\",\"target\":[\"https:\/\/klimavex.eu\/sk\/katalog\/samsung-podstropna-klimatizacia-flexi-floor-ceiling-highee-ac071-2\/\"]}]},{\"@type\":\"ImageObject\",\"inLanguage\":\"sk-SK\",\"@id\":\"https:\/\/klimavex.eu\/sk\/katalog\/samsung-podstropna-klimatizacia-flexi-floor-ceiling-highee-ac071-2\/#primaryimage\",\"url\":\"https:\/\/klimavex.eu\/sk\/wp-content\/uploads\/2025\/09\/xMN7slfPN1OT-eCUnndVzGZylGW4CK5aN0kGDzObrc8-9.jpeg\",\"contentUrl\":\"https:\/\/klimavex.eu\/sk\/wp-content\/uploads\/2025\/09\/xMN7slfPN1OT-eCUnndVzGZylGW4CK5aN0kGDzObrc8-9.jpeg\",\"width\":768,\"height\":512},{\"@type\":\"BreadcrumbList\",\"@id\":\"https:\/\/klimavex.eu\/sk\/katalog\/samsung-podstropna-klimatizacia-flexi-floor-ceiling-highee-ac071-2\/#breadcrumb\",\"itemListElement\":[{\"@type\":\"ListItem\",\"position\":1,\"name\":\"Domovsk\u00e1 str\u00e1nka\",\"item\":\"https:\/\/klimavex.eu\/sk\/\"},{\"@type\":\"ListItem\",\"position\":2,\"name\":\"Eshop\",\"item\":\"https:\/\/klimavex.eu\/sk\/eshop\/\"},{\"@type\":\"ListItem\",\"position\":3,\"name\":\"Samsung podstropn\u00e1 klimatiz\u00e1cia Flexi Floor \/ Ceiling HighEE AC071\"}]},{\"@type\":\"WebSite\",\"@id\":\"https:\/\/klimavex.eu\/sk\/#website\",\"url\":\"https:\/\/klimavex.eu\/sk\/\",\"name\":\"KLIMAVEX GROUP - Slovensko\",\"description\":\"\",\"publisher\":{\"@id\":\"https:\/\/klimavex.eu\/sk\/#organization\"},\"alternateName\":\"KLIMAVEX a.s.\",\"potentialAction\":[{\"@type\":\"SearchAction\",\"target\":{\"@type\":\"EntryPoint\",\"urlTemplate\":\"https:\/\/klimavex.eu\/sk\/?s={search_term_string}\"},\"query-input\":{\"@type\":\"PropertyValueSpecification\",\"valueRequired\":true,\"valueName\":\"search_term_string\"}}],\"inLanguage\":\"sk-SK\"},{\"@type\":\"Organization\",\"@id\":\"https:\/\/klimavex.eu\/sk\/#organization\",\"name\":\"KLIMAVEX GROUP\",\"alternateName\":\"KLIMAVEX a.s.\",\"url\":\"https:\/\/klimavex.eu\/sk\/\",\"logo\":{\"@type\":\"ImageObject\",\"inLanguage\":\"sk-SK\",\"@id\":\"https:\/\/klimavex.eu\/sk\/#\/schema\/logo\/image\/\",\"url\":\"https:\/\/klimavex.eu\/sk\/wp-content\/uploads\/2024\/04\/Klimavex-Group-logo.png\",\"contentUrl\":\"https:\/\/klimavex.eu\/sk\/wp-content\/uploads\/2024\/04\/Klimavex-Group-logo.png\",\"width\":1681,\"height\":472,\"caption\":\"KLIMAVEX GROUP\"},\"image\":{\"@id\":\"https:\/\/klimavex.eu\/sk\/#\/schema\/logo\/image\/\"},\"sameAs\":[\"https:\/\/www.facebook.com\/klimavex\",\"https:\/\/www.instagram.com\/klimavex_sk\/\"]}]}<\/script>\n<!-- \/ Yoast SEO plugin. -->","yoast_head_json":{"title":"Klimatiz\u00e1cia Samsung split parapetno-podstropn\u00e1 Flexi Floor \/ Ceiling HighEE AC071 R32 400V 7,1kW - KLIMAVEX GROUP - Slovensko","robots":{"index":"index","follow":"follow","max-snippet":"max-snippet:-1","max-image-preview":"max-image-preview:large","max-video-preview":"max-video-preview:-1"},"canonical":"https:\/\/klimavex.eu\/sk\/katalog\/samsung-podstropna-klimatizacia-flexi-floor-ceiling-highee-ac071-2\/","og_locale":"sk_SK","og_type":"article","og_title":"Klimatiz\u00e1cia Samsung split parapetno-podstropn\u00e1 Flexi Floor \/ Ceiling HighEE AC071 R32 400V 7,1kW - KLIMAVEX GROUP - Slovensko","og_description":"Samsung Ceiling je klimatiza\u010dn&aacute; jednotka pre komer\u010dn&eacute; &uacute;\u010dely, ktor&uacute; je mo\u017en&eacute; in&scaron;talova\u0165 v podstropnom priestore. Verzia jednotky HighEE pon&uacute;ka e&scaron;te vy&scaron;&scaron;iu prev&aacute;dzkov&uacute; &uacute;\u010dinnos\u0165. T&aacute;to klimatiz&aacute;cia, ktor&aacute; dok&aacute;\u017ee chladi\u0165 aj k&uacute;ri\u0165, nie je vybaven&aacute; \u010derpadlom kondenz&aacute;tu. U\u017e&iacute;va sa chladivo R32.","og_url":"https:\/\/klimavex.eu\/sk\/katalog\/samsung-podstropna-klimatizacia-flexi-floor-ceiling-highee-ac071-2\/","og_site_name":"KLIMAVEX GROUP - Slovensko","article_publisher":"https:\/\/www.facebook.com\/klimavex","article_modified_time":"2026-03-31T16:31:27+00:00","og_image":[{"width":768,"height":512,"url":"https:\/\/klimavex.eu\/sk\/wp-content\/uploads\/2025\/09\/xMN7slfPN1OT-eCUnndVzGZylGW4CK5aN0kGDzObrc8-9.jpeg","type":"image\/jpeg"}],"twitter_card":"summary_large_image","schema":{"@context":"https:\/\/schema.org","@graph":[{"@type":"WebPage","@id":"https:\/\/klimavex.eu\/sk\/katalog\/samsung-podstropna-klimatizacia-flexi-floor-ceiling-highee-ac071-2\/","url":"https:\/\/klimavex.eu\/sk\/katalog\/samsung-podstropna-klimatizacia-flexi-floor-ceiling-highee-ac071-2\/","name":"Klimatiz\u00e1cia Samsung split parapetno-podstropn\u00e1 Flexi Floor \/ Ceiling HighEE AC071 R32 400V 7,1kW - KLIMAVEX GROUP - Slovensko","isPartOf":{"@id":"https:\/\/klimavex.eu\/sk\/#website"},"primaryImageOfPage":{"@id":"https:\/\/klimavex.eu\/sk\/katalog\/samsung-podstropna-klimatizacia-flexi-floor-ceiling-highee-ac071-2\/#primaryimage"},"image":{"@id":"https:\/\/klimavex.eu\/sk\/katalog\/samsung-podstropna-klimatizacia-flexi-floor-ceiling-highee-ac071-2\/#primaryimage"},"thumbnailUrl":"https:\/\/klimavex.eu\/sk\/wp-content\/uploads\/2025\/09\/xMN7slfPN1OT-eCUnndVzGZylGW4CK5aN0kGDzObrc8-9.jpeg","datePublished":"2026-03-31T16:30:51+00:00","dateModified":"2026-03-31T16:31:27+00:00","breadcrumb":{"@id":"https:\/\/klimavex.eu\/sk\/katalog\/samsung-podstropna-klimatizacia-flexi-floor-ceiling-highee-ac071-2\/#breadcrumb"},"inLanguage":"sk-SK","potentialAction":[{"@type":"ReadAction","target":["https:\/\/klimavex.eu\/sk\/katalog\/samsung-podstropna-klimatizacia-flexi-floor-ceiling-highee-ac071-2\/"]}]},{"@type":"ImageObject","inLanguage":"sk-SK","@id":"https:\/\/klimavex.eu\/sk\/katalog\/samsung-podstropna-klimatizacia-flexi-floor-ceiling-highee-ac071-2\/#primaryimage","url":"https:\/\/klimavex.eu\/sk\/wp-content\/uploads\/2025\/09\/xMN7slfPN1OT-eCUnndVzGZylGW4CK5aN0kGDzObrc8-9.jpeg","contentUrl":"https:\/\/klimavex.eu\/sk\/wp-content\/uploads\/2025\/09\/xMN7slfPN1OT-eCUnndVzGZylGW4CK5aN0kGDzObrc8-9.jpeg","width":768,"height":512},{"@type":"BreadcrumbList","@id":"https:\/\/klimavex.eu\/sk\/katalog\/samsung-podstropna-klimatizacia-flexi-floor-ceiling-highee-ac071-2\/#breadcrumb","itemListElement":[{"@type":"ListItem","position":1,"name":"Domovsk\u00e1 str\u00e1nka","item":"https:\/\/klimavex.eu\/sk\/"},{"@type":"ListItem","position":2,"name":"Eshop","item":"https:\/\/klimavex.eu\/sk\/eshop\/"},{"@type":"ListItem","position":3,"name":"Samsung podstropn\u00e1 klimatiz\u00e1cia Flexi Floor \/ Ceiling HighEE AC071"}]},{"@type":"WebSite","@id":"https:\/\/klimavex.eu\/sk\/#website","url":"https:\/\/klimavex.eu\/sk\/","name":"KLIMAVEX GROUP - Slovensko","description":"","publisher":{"@id":"https:\/\/klimavex.eu\/sk\/#organization"},"alternateName":"KLIMAVEX a.s.","potentialAction":[{"@type":"SearchAction","target":{"@type":"EntryPoint","urlTemplate":"https:\/\/klimavex.eu\/sk\/?s={search_term_string}"},"query-input":{"@type":"PropertyValueSpecification","valueRequired":true,"valueName":"search_term_string"}}],"inLanguage":"sk-SK"},{"@type":"Organization","@id":"https:\/\/klimavex.eu\/sk\/#organization","name":"KLIMAVEX GROUP","alternateName":"KLIMAVEX a.s.","url":"https:\/\/klimavex.eu\/sk\/","logo":{"@type":"ImageObject","inLanguage":"sk-SK","@id":"https:\/\/klimavex.eu\/sk\/#\/schema\/logo\/image\/","url":"https:\/\/klimavex.eu\/sk\/wp-content\/uploads\/2024\/04\/Klimavex-Group-logo.png","contentUrl":"https:\/\/klimavex.eu\/sk\/wp-content\/uploads\/2024\/04\/Klimavex-Group-logo.png","width":1681,"height":472,"caption":"KLIMAVEX GROUP"},"image":{"@id":"https:\/\/klimavex.eu\/sk\/#\/schema\/logo\/image\/"},"sameAs":["https:\/\/www.facebook.com\/klimavex","https:\/\/www.instagram.com\/klimavex_sk\/"]}]}},"_links":{"self":[{"href":"https:\/\/klimavex.eu\/sk\/wp-json\/wp\/v2\/product\/476647","targetHints":{"allow":["GET"]}}],"collection":[{"href":"https:\/\/klimavex.eu\/sk\/wp-json\/wp\/v2\/product"}],"about":[{"href":"https:\/\/klimavex.eu\/sk\/wp-json\/wp\/v2\/types\/product"}],"version-history":[{"count":0,"href":"https:\/\/klimavex.eu\/sk\/wp-json\/wp\/v2\/product\/476647\/revisions"}],"wp:featuredmedia":[{"embeddable":true,"href":"https:\/\/klimavex.eu\/sk\/wp-json\/wp\/v2\/media\/481733"}],"wp:attachment":[{"href":"https:\/\/klimavex.eu\/sk\/wp-json\/wp\/v2\/media?parent=476647"}],"wp:term":[{"taxonomy":"product_cat","embeddable":true,"href":"https:\/\/klimavex.eu\/sk\/wp-json\/wp\/v2\/product_cat?post=476647"},{"taxonomy":"product_tag","embeddable":true,"href":"https:\/\/klimavex.eu\/sk\/wp-json\/wp\/v2\/product_tag?post=476647"}],"curies":[{"name":"wp","href":"https:\/\/api.w.org\/{rel}","templated":true}]}}