{"id":476691,"date":"2026-04-23T22:53:51","date_gmt":"2026-04-23T20:53:51","guid":{"rendered":"https:\/\/klimavex.eu\/sk\/katalog\/panasonic-kazetova-klimatizacia-paci-nx-standard-kit-36py3z5\/"},"modified":"2026-04-23T22:54:00","modified_gmt":"2026-04-23T20:54:00","slug":"klimatizacia-panasonic-paci-nx-standard-split-kazetova-kit-36py3z5-r32-230v-36kw","status":"publish","type":"product","link":"https:\/\/klimavex.eu\/sk\/katalog\/klimatizacia-panasonic-paci-nx-standard-split-kazetova-kit-36py3z5-r32-230v-36kw\/","title":{"rendered":"Klimatiz\u00e1cia Panasonic PACi NX Standard split kazetov\u00e1 KIT-36PY3Z5 R32 230V 3,6kW"},"content":{"rendered":"<p style=\"text-align: justify;\"><strong>K\u013e&uacute;\u010dov&eacute; vlastnosti:<\/strong><\/p>\n<ul>\n<li style=\"text-align: justify;\">Vn&uacute;torn&aacute; a vonkaj&scaron;ia jednotka<\/li>\n<li style=\"text-align: justify;\">4-cestn&aacute; kazetov&aacute; jednotka 60 &times; 60 PACi NX Standard &ndash; PY3<\/li>\n<li style=\"text-align: justify;\">Gener&aacute;tor nanoe&trade; X Mark 2<\/li>\n<li style=\"text-align: justify;\">Panel (V &times; &Scaron; &times; H \/ \u010dist&aacute; hmotnos\u0165): 30 &times; 625 &times; 625 mm \/ 2,8 kg<\/li>\n<li style=\"text-align: justify;\">Volite\u013en&yacute; panel CZ-KPY4<\/li>\n<li style=\"text-align: justify;\">Prev&aacute;dzkov&yacute; rozsah a\u017e do 43&deg;C pri chladen&iacute; a do &minus;15&deg;C pri vykurovan&iacute;<\/li>\n<li style=\"text-align: justify;\">Chladivo R32<\/li>\n<\/ul>\n","protected":false},"excerpt":{"rendered":"<p style=\"text-align: justify;\">Komer\u010dn&eacute; klimatiza\u010dn&eacute; syst&eacute;my <strong>Panasonic PACi NX Standard v kazetovom preveden&iacute; <\/strong>s chladivom R32 boli vyvinut&eacute; s cie\u013eom uspokoji\u0165 dopyt po mo\u017enostiach jednoduchej rekon&scaron;trukcie v\u010faka 3-vodi\u010dov&eacute;mu pripojeniu. Umo\u017e\u0148uj&uacute; tie\u017e integr&aacute;ciu do rie&scaron;enia internetu vec&iacute; a &scaron;tandardne pon&uacute;kaj&uacute; funkciu nanoe&trade; X.<\/p>\n<p style=\"text-align: justify;\">Jednof&aacute;zov&aacute; <strong>4-cestn&aacute; kazetov&aacute; jednotka 60 &times; 60 PACi NX Elite &ndash; PY3 <\/strong>&scaron;tandardne pon&uacute;ka <strong>technol&oacute;giu nanoe&trade; X<\/strong>, ktor&aacute; poskytuje v&yacute;nimo\u010dn&uacute; &uacute;rove\u0148 kvality vzduchu v interi&eacute;ri.<\/p>\n","protected":false},"featured_media":481823,"template":"","meta":[],"product_cat":[830,198,195,849,829],"product_tag":[],"class_list":{"0":"post-476691","1":"product","2":"type-product","3":"status-publish","4":"has-post-thumbnail","6":"product_cat-paci-standard","7":"product_cat-podla-typu","8":"product_cat-klimatizacie","9":"product_cat-kazetove-py3","10":"product_cat-paci","11":"pa_chlad-do-von-tep-c-do-10-c","12":"pa_chladiaci-vykon-3549","13":"pa_energeticka-trieda-scop-aplus","14":"pa_energeticka-trieda-seer-aplusplus","15":"pa_farba-vnutornej-jednotky-biela","16":"pa_filtracia-vzduchu-nanoex","17":"pa_hlucnost-vnutornej-jednotky-3372","18":"pa_napajanie-1f-230v","19":"pa_prevedenie-kazetovy-split","20":"pa_prikon-chladenie-3664","21":"pa_prikon-vykurovanie-3461","22":"pa_typ-chladiva-r32","23":"pa_vyk-do-von-tepl-c-do-15-c","24":"pa_vykonovy-model-3344","25":"pa_vykurovaci-vykon-3615","26":"pa_wifi-ovladanie-volitelne","27":"pa_znacka-panasonic","29":"first","30":"instock","31":"taxable","32":"shipping-taxable","33":"purchasable","34":"product-type-simple"},"yoast_head":"<!-- This site is optimized with the Yoast SEO plugin v23.9 - https:\/\/yoast.com\/wordpress\/plugins\/seo\/ -->\n<title>Klimatiz\u00e1cia Panasonic PACi NX Standard split kazetov\u00e1 KIT-36PY3Z5 R32 230V 3,6kW - KLIMAVEX GROUP - Slovensko<\/title>\n<meta name=\"robots\" content=\"index, follow, max-snippet:-1, max-image-preview:large, max-video-preview:-1\" \/>\n<link rel=\"canonical\" href=\"https:\/\/klimavex.eu\/sk\/katalog\/panasonic-kazetova-klimatizacia-paci-nx-standard-kit-36py3z5\/\" \/>\n<meta property=\"og:locale\" content=\"sk_SK\" \/>\n<meta property=\"og:type\" content=\"article\" \/>\n<meta property=\"og:title\" content=\"Klimatiz\u00e1cia Panasonic PACi NX Standard split kazetov\u00e1 KIT-36PY3Z5 R32 230V 3,6kW - KLIMAVEX GROUP - Slovensko\" \/>\n<meta property=\"og:description\" content=\"Komer\u010dn&eacute; klimatiza\u010dn&eacute; syst&eacute;my Panasonic PACi NX Standard v kazetovom preveden&iacute; s chladivom R32 boli vyvinut&eacute; s cie\u013eom uspokoji\u0165 dopyt po mo\u017enostiach jednoduchej rekon&scaron;trukcie v\u010faka 3-vodi\u010dov&eacute;mu pripojeniu. Umo\u017e\u0148uj&uacute; tie\u017e integr&aacute;ciu do rie&scaron;enia internetu vec&iacute; a &scaron;tandardne pon&uacute;kaj&uacute; funkciu nanoe&trade; X. Jednof&aacute;zov&aacute; 4-cestn&aacute; kazetov&aacute; jednotka 60 &times; 60 PACi NX Elite &ndash; PY3 &scaron;tandardne pon&uacute;ka technol&oacute;giu nanoe&trade; X, ktor&aacute; poskytuje v&yacute;nimo\u010dn&uacute; &uacute;rove\u0148 kvality vzduchu v interi&eacute;ri.\" \/>\n<meta property=\"og:url\" content=\"https:\/\/klimavex.eu\/sk\/katalog\/panasonic-kazetova-klimatizacia-paci-nx-standard-kit-36py3z5\/\" \/>\n<meta property=\"og:site_name\" content=\"KLIMAVEX GROUP - Slovensko\" \/>\n<meta property=\"article:publisher\" content=\"https:\/\/www.facebook.com\/klimavex\" \/>\n<meta property=\"article:modified_time\" content=\"2026-04-23T20:54:00+00:00\" \/>\n<meta property=\"og:image\" content=\"https:\/\/klimavex.eu\/sk\/wp-content\/uploads\/2025\/09\/VGNj28Yna1l_bUisS-wdQGXsiGFM2c7o8tRukv6fjUc-5.png\" \/>\n\t<meta property=\"og:image:width\" content=\"500\" \/>\n\t<meta property=\"og:image:height\" content=\"500\" \/>\n\t<meta property=\"og:image:type\" content=\"image\/png\" \/>\n<meta name=\"twitter:card\" content=\"summary_large_image\" \/>\n<script type=\"application\/ld+json\" class=\"yoast-schema-graph\">{\"@context\":\"https:\/\/schema.org\",\"@graph\":[{\"@type\":\"WebPage\",\"@id\":\"https:\/\/klimavex.eu\/sk\/katalog\/panasonic-kazetova-klimatizacia-paci-nx-standard-kit-36py3z5\/\",\"url\":\"https:\/\/klimavex.eu\/sk\/katalog\/panasonic-kazetova-klimatizacia-paci-nx-standard-kit-36py3z5\/\",\"name\":\"Klimatiz\u00e1cia Panasonic PACi NX Standard split kazetov\u00e1 KIT-36PY3Z5 R32 230V 3,6kW - KLIMAVEX GROUP - Slovensko\",\"isPartOf\":{\"@id\":\"https:\/\/klimavex.eu\/sk\/#website\"},\"primaryImageOfPage\":{\"@id\":\"https:\/\/klimavex.eu\/sk\/katalog\/panasonic-kazetova-klimatizacia-paci-nx-standard-kit-36py3z5\/#primaryimage\"},\"image\":{\"@id\":\"https:\/\/klimavex.eu\/sk\/katalog\/panasonic-kazetova-klimatizacia-paci-nx-standard-kit-36py3z5\/#primaryimage\"},\"thumbnailUrl\":\"https:\/\/klimavex.eu\/sk\/wp-content\/uploads\/2025\/09\/VGNj28Yna1l_bUisS-wdQGXsiGFM2c7o8tRukv6fjUc-5.png\",\"datePublished\":\"2026-04-23T20:53:51+00:00\",\"dateModified\":\"2026-04-23T20:54:00+00:00\",\"breadcrumb\":{\"@id\":\"https:\/\/klimavex.eu\/sk\/katalog\/panasonic-kazetova-klimatizacia-paci-nx-standard-kit-36py3z5\/#breadcrumb\"},\"inLanguage\":\"sk-SK\",\"potentialAction\":[{\"@type\":\"ReadAction\",\"target\":[\"https:\/\/klimavex.eu\/sk\/katalog\/panasonic-kazetova-klimatizacia-paci-nx-standard-kit-36py3z5\/\"]}]},{\"@type\":\"ImageObject\",\"inLanguage\":\"sk-SK\",\"@id\":\"https:\/\/klimavex.eu\/sk\/katalog\/panasonic-kazetova-klimatizacia-paci-nx-standard-kit-36py3z5\/#primaryimage\",\"url\":\"https:\/\/klimavex.eu\/sk\/wp-content\/uploads\/2025\/09\/VGNj28Yna1l_bUisS-wdQGXsiGFM2c7o8tRukv6fjUc-5.png\",\"contentUrl\":\"https:\/\/klimavex.eu\/sk\/wp-content\/uploads\/2025\/09\/VGNj28Yna1l_bUisS-wdQGXsiGFM2c7o8tRukv6fjUc-5.png\",\"width\":500,\"height\":500},{\"@type\":\"BreadcrumbList\",\"@id\":\"https:\/\/klimavex.eu\/sk\/katalog\/panasonic-kazetova-klimatizacia-paci-nx-standard-kit-36py3z5\/#breadcrumb\",\"itemListElement\":[{\"@type\":\"ListItem\",\"position\":1,\"name\":\"Domovsk\u00e1 str\u00e1nka\",\"item\":\"https:\/\/klimavex.eu\/sk\/\"},{\"@type\":\"ListItem\",\"position\":2,\"name\":\"Eshop\",\"item\":\"https:\/\/klimavex.eu\/sk\/eshop\/\"},{\"@type\":\"ListItem\",\"position\":3,\"name\":\"Panasonic kazetov\u00e1 klimatiz\u00e1cia PACi NX Standard KIT-36PY3Z5\"}]},{\"@type\":\"WebSite\",\"@id\":\"https:\/\/klimavex.eu\/sk\/#website\",\"url\":\"https:\/\/klimavex.eu\/sk\/\",\"name\":\"KLIMAVEX GROUP - Slovensko\",\"description\":\"\",\"publisher\":{\"@id\":\"https:\/\/klimavex.eu\/sk\/#organization\"},\"alternateName\":\"KLIMAVEX a.s.\",\"potentialAction\":[{\"@type\":\"SearchAction\",\"target\":{\"@type\":\"EntryPoint\",\"urlTemplate\":\"https:\/\/klimavex.eu\/sk\/?s={search_term_string}\"},\"query-input\":{\"@type\":\"PropertyValueSpecification\",\"valueRequired\":true,\"valueName\":\"search_term_string\"}}],\"inLanguage\":\"sk-SK\"},{\"@type\":\"Organization\",\"@id\":\"https:\/\/klimavex.eu\/sk\/#organization\",\"name\":\"KLIMAVEX GROUP\",\"alternateName\":\"KLIMAVEX a.s.\",\"url\":\"https:\/\/klimavex.eu\/sk\/\",\"logo\":{\"@type\":\"ImageObject\",\"inLanguage\":\"sk-SK\",\"@id\":\"https:\/\/klimavex.eu\/sk\/#\/schema\/logo\/image\/\",\"url\":\"https:\/\/klimavex.eu\/sk\/wp-content\/uploads\/2024\/04\/Klimavex-Group-logo.png\",\"contentUrl\":\"https:\/\/klimavex.eu\/sk\/wp-content\/uploads\/2024\/04\/Klimavex-Group-logo.png\",\"width\":1681,\"height\":472,\"caption\":\"KLIMAVEX GROUP\"},\"image\":{\"@id\":\"https:\/\/klimavex.eu\/sk\/#\/schema\/logo\/image\/\"},\"sameAs\":[\"https:\/\/www.facebook.com\/klimavex\",\"https:\/\/www.instagram.com\/klimavex_sk\/\"]}]}<\/script>\n<!-- \/ Yoast SEO plugin. -->","yoast_head_json":{"title":"Klimatiz\u00e1cia Panasonic PACi NX Standard split kazetov\u00e1 KIT-36PY3Z5 R32 230V 3,6kW - KLIMAVEX GROUP - Slovensko","robots":{"index":"index","follow":"follow","max-snippet":"max-snippet:-1","max-image-preview":"max-image-preview:large","max-video-preview":"max-video-preview:-1"},"canonical":"https:\/\/klimavex.eu\/sk\/katalog\/panasonic-kazetova-klimatizacia-paci-nx-standard-kit-36py3z5\/","og_locale":"sk_SK","og_type":"article","og_title":"Klimatiz\u00e1cia Panasonic PACi NX Standard split kazetov\u00e1 KIT-36PY3Z5 R32 230V 3,6kW - KLIMAVEX GROUP - Slovensko","og_description":"Komer\u010dn&eacute; klimatiza\u010dn&eacute; syst&eacute;my Panasonic PACi NX Standard v kazetovom preveden&iacute; s chladivom R32 boli vyvinut&eacute; s cie\u013eom uspokoji\u0165 dopyt po mo\u017enostiach jednoduchej rekon&scaron;trukcie v\u010faka 3-vodi\u010dov&eacute;mu pripojeniu. Umo\u017e\u0148uj&uacute; tie\u017e integr&aacute;ciu do rie&scaron;enia internetu vec&iacute; a &scaron;tandardne pon&uacute;kaj&uacute; funkciu nanoe&trade; X. Jednof&aacute;zov&aacute; 4-cestn&aacute; kazetov&aacute; jednotka 60 &times; 60 PACi NX Elite &ndash; PY3 &scaron;tandardne pon&uacute;ka technol&oacute;giu nanoe&trade; X, ktor&aacute; poskytuje v&yacute;nimo\u010dn&uacute; &uacute;rove\u0148 kvality vzduchu v interi&eacute;ri.","og_url":"https:\/\/klimavex.eu\/sk\/katalog\/panasonic-kazetova-klimatizacia-paci-nx-standard-kit-36py3z5\/","og_site_name":"KLIMAVEX GROUP - Slovensko","article_publisher":"https:\/\/www.facebook.com\/klimavex","article_modified_time":"2026-04-23T20:54:00+00:00","og_image":[{"width":500,"height":500,"url":"https:\/\/klimavex.eu\/sk\/wp-content\/uploads\/2025\/09\/VGNj28Yna1l_bUisS-wdQGXsiGFM2c7o8tRukv6fjUc-5.png","type":"image\/png"}],"twitter_card":"summary_large_image","schema":{"@context":"https:\/\/schema.org","@graph":[{"@type":"WebPage","@id":"https:\/\/klimavex.eu\/sk\/katalog\/panasonic-kazetova-klimatizacia-paci-nx-standard-kit-36py3z5\/","url":"https:\/\/klimavex.eu\/sk\/katalog\/panasonic-kazetova-klimatizacia-paci-nx-standard-kit-36py3z5\/","name":"Klimatiz\u00e1cia Panasonic PACi NX Standard split kazetov\u00e1 KIT-36PY3Z5 R32 230V 3,6kW - KLIMAVEX GROUP - Slovensko","isPartOf":{"@id":"https:\/\/klimavex.eu\/sk\/#website"},"primaryImageOfPage":{"@id":"https:\/\/klimavex.eu\/sk\/katalog\/panasonic-kazetova-klimatizacia-paci-nx-standard-kit-36py3z5\/#primaryimage"},"image":{"@id":"https:\/\/klimavex.eu\/sk\/katalog\/panasonic-kazetova-klimatizacia-paci-nx-standard-kit-36py3z5\/#primaryimage"},"thumbnailUrl":"https:\/\/klimavex.eu\/sk\/wp-content\/uploads\/2025\/09\/VGNj28Yna1l_bUisS-wdQGXsiGFM2c7o8tRukv6fjUc-5.png","datePublished":"2026-04-23T20:53:51+00:00","dateModified":"2026-04-23T20:54:00+00:00","breadcrumb":{"@id":"https:\/\/klimavex.eu\/sk\/katalog\/panasonic-kazetova-klimatizacia-paci-nx-standard-kit-36py3z5\/#breadcrumb"},"inLanguage":"sk-SK","potentialAction":[{"@type":"ReadAction","target":["https:\/\/klimavex.eu\/sk\/katalog\/panasonic-kazetova-klimatizacia-paci-nx-standard-kit-36py3z5\/"]}]},{"@type":"ImageObject","inLanguage":"sk-SK","@id":"https:\/\/klimavex.eu\/sk\/katalog\/panasonic-kazetova-klimatizacia-paci-nx-standard-kit-36py3z5\/#primaryimage","url":"https:\/\/klimavex.eu\/sk\/wp-content\/uploads\/2025\/09\/VGNj28Yna1l_bUisS-wdQGXsiGFM2c7o8tRukv6fjUc-5.png","contentUrl":"https:\/\/klimavex.eu\/sk\/wp-content\/uploads\/2025\/09\/VGNj28Yna1l_bUisS-wdQGXsiGFM2c7o8tRukv6fjUc-5.png","width":500,"height":500},{"@type":"BreadcrumbList","@id":"https:\/\/klimavex.eu\/sk\/katalog\/panasonic-kazetova-klimatizacia-paci-nx-standard-kit-36py3z5\/#breadcrumb","itemListElement":[{"@type":"ListItem","position":1,"name":"Domovsk\u00e1 str\u00e1nka","item":"https:\/\/klimavex.eu\/sk\/"},{"@type":"ListItem","position":2,"name":"Eshop","item":"https:\/\/klimavex.eu\/sk\/eshop\/"},{"@type":"ListItem","position":3,"name":"Panasonic kazetov\u00e1 klimatiz\u00e1cia PACi NX Standard KIT-36PY3Z5"}]},{"@type":"WebSite","@id":"https:\/\/klimavex.eu\/sk\/#website","url":"https:\/\/klimavex.eu\/sk\/","name":"KLIMAVEX GROUP - Slovensko","description":"","publisher":{"@id":"https:\/\/klimavex.eu\/sk\/#organization"},"alternateName":"KLIMAVEX a.s.","potentialAction":[{"@type":"SearchAction","target":{"@type":"EntryPoint","urlTemplate":"https:\/\/klimavex.eu\/sk\/?s={search_term_string}"},"query-input":{"@type":"PropertyValueSpecification","valueRequired":true,"valueName":"search_term_string"}}],"inLanguage":"sk-SK"},{"@type":"Organization","@id":"https:\/\/klimavex.eu\/sk\/#organization","name":"KLIMAVEX GROUP","alternateName":"KLIMAVEX a.s.","url":"https:\/\/klimavex.eu\/sk\/","logo":{"@type":"ImageObject","inLanguage":"sk-SK","@id":"https:\/\/klimavex.eu\/sk\/#\/schema\/logo\/image\/","url":"https:\/\/klimavex.eu\/sk\/wp-content\/uploads\/2024\/04\/Klimavex-Group-logo.png","contentUrl":"https:\/\/klimavex.eu\/sk\/wp-content\/uploads\/2024\/04\/Klimavex-Group-logo.png","width":1681,"height":472,"caption":"KLIMAVEX GROUP"},"image":{"@id":"https:\/\/klimavex.eu\/sk\/#\/schema\/logo\/image\/"},"sameAs":["https:\/\/www.facebook.com\/klimavex","https:\/\/www.instagram.com\/klimavex_sk\/"]}]}},"_links":{"self":[{"href":"https:\/\/klimavex.eu\/sk\/wp-json\/wp\/v2\/product\/476691","targetHints":{"allow":["GET"]}}],"collection":[{"href":"https:\/\/klimavex.eu\/sk\/wp-json\/wp\/v2\/product"}],"about":[{"href":"https:\/\/klimavex.eu\/sk\/wp-json\/wp\/v2\/types\/product"}],"version-history":[{"count":0,"href":"https:\/\/klimavex.eu\/sk\/wp-json\/wp\/v2\/product\/476691\/revisions"}],"wp:featuredmedia":[{"embeddable":true,"href":"https:\/\/klimavex.eu\/sk\/wp-json\/wp\/v2\/media\/481823"}],"wp:attachment":[{"href":"https:\/\/klimavex.eu\/sk\/wp-json\/wp\/v2\/media?parent=476691"}],"wp:term":[{"taxonomy":"product_cat","embeddable":true,"href":"https:\/\/klimavex.eu\/sk\/wp-json\/wp\/v2\/product_cat?post=476691"},{"taxonomy":"product_tag","embeddable":true,"href":"https:\/\/klimavex.eu\/sk\/wp-json\/wp\/v2\/product_tag?post=476691"}],"curies":[{"name":"wp","href":"https:\/\/api.w.org\/{rel}","templated":true}]}}