{"id":476712,"date":"2026-03-31T18:31:54","date_gmt":"2026-03-31T16:31:54","guid":{"rendered":"https:\/\/klimavex.eu\/sk\/katalog\/samsung-kazetova-klimatizacia-windfree-4-way-cassette-highee-ac120\/"},"modified":"2026-03-31T18:32:54","modified_gmt":"2026-03-31T16:32:54","slug":"samsung-kazetova-klimatizacia-windfree-4-way-cassette-highee-ac120","status":"publish","type":"product","link":"https:\/\/klimavex.eu\/sk\/katalog\/samsung-kazetova-klimatizacia-windfree-4-way-cassette-highee-ac120\/","title":{"rendered":"Samsung kazetov\u00e1 klimatiz\u00e1cia\n  WindFree 4-Way Cassette HighEE AC120"},"content":{"rendered":"<p style=\"text-align:justify\"><span style=\"font-size:11pt\"><span style=\"font-family:Calibri,sans-serif\"><strong>K\u013e&uacute;\u010dov&eacute; vlastnosti<\/strong><\/span><\/span><\/p>\n<ul>\n<li style=\"text-align:justify\"><span style=\"font-size:11pt\"><span style=\"font-family:Calibri,sans-serif\">Dvojstup\u0148ov&eacute; chladenie &ndash; WindFree&trade; re\u017eim a re\u017eim r&yacute;chleho chladenia<\/span><\/span><\/li>\n<li style=\"text-align:justify\"><span style=\"font-size:11pt\"><span style=\"font-family:Calibri,sans-serif\">Nez&aacute;visl&eacute; nastavenie jednotliv&yacute;ch lamiel<\/span><\/span><\/li>\n<li style=\"text-align:justify\"><span style=\"font-size:11pt\"><span style=\"font-family:Calibri,sans-serif\">Efekt&iacute;vne chladenie v miestnostiach s v&yacute;&scaron;kou a\u017e 3,5m (s re\u017eimom pre vysok&eacute; stropy a\u017e 4,6m)<\/span><\/span><\/li>\n<li style=\"text-align:justify\"><span style=\"font-size:11pt\"><span style=\"font-family:Calibri,sans-serif\">Vstavan&eacute; \u010derpadlo kondenz&aacute;tu &#8211; v&yacute;tla\u010dn&aacute; v&yacute;&scaron;ka 750mm<\/span><\/span><\/li>\n<li style=\"text-align:justify\"><span style=\"font-size:11pt\"><span style=\"font-family:Calibri,sans-serif\">Vstavan&yacute; senzor teploty a vlhkosti<\/span><\/span><\/li>\n<li style=\"text-align:justify\"><span style=\"font-size:11pt\"><span style=\"font-family:Calibri,sans-serif\">Prev&aacute;dzkov&yacute; rozsah chladenia -20 &#8211; 52&deg;C<\/span><\/span><\/li>\n<li style=\"text-align:justify\"><span style=\"font-size:11pt\"><span style=\"font-family:Calibri,sans-serif\">Prev&aacute;dzkov&yacute; rozsah vykurovania -25 &#8211; 24&deg;C<\/span><\/span><\/li>\n<li><span style=\"font-size:11pt\"><span style=\"font-family:Calibri,sans-serif\">100% vykurovac&iacute; v&yacute;kon pri teplote -15&deg;C<\/span><\/span><\/li>\n<li style=\"text-align:justify\"><span style=\"font-size:11pt\"><span style=\"font-family:Calibri,sans-serif\">Prev&aacute;dzkov&yacute; rozsah vn&uacute;tornej jednotky teploty vykurovania od 8&deg;C (s infra\u010derven&yacute;m ovl&aacute;da\u010dom)<\/span><\/span><\/li>\n<li style=\"text-align:justify\"><span style=\"font-size:11pt\"><span style=\"font-family:Calibri,sans-serif\">3f&aacute;zov&eacute; el. nap&aacute;janie<\/span><\/span><\/li>\n<\/ul>\n","protected":false},"excerpt":{"rendered":"<p style=\"text-align:justify\"><span style=\"font-size:11pt\"><span style=\"font-family:Calibri,sans-serif\"><strong>Samsung WindFree<\/strong>&trade; <strong>4-Way Cassette <\/strong>je menej rozmern&aacute; kazetov&aacute; klimatiza\u010dn&aacute; jednotka so <strong>4-cestnou distrib&uacute;ciou vzduchu<\/strong>, \u010d&iacute;m poskytuje v&yacute;nimo\u010dne rovnomern&yacute; dosah pr&uacute;denia vzduchu v <strong>priestoroch s vysok&yacute;mi stropmi <\/strong>(a\u017e 4,6 m). Verzia jednotky <strong>HighEE <\/strong>pon&uacute;ka e&scaron;te vy&scaron;&scaron;iu prev&aacute;dzkov&uacute; &uacute;\u010dinnos\u0165. Jednotka disponuje inovat&iacute;vnou technol&oacute;giou <strong>WindFree<\/strong>, v\u010faka ktorej pou\u017e&iacute;vate\u013e nepoci\u0165uje pocit studen&eacute;ho prievanu. T&aacute;to klimatiz&aacute;cia, ktor&aacute; dok&aacute;\u017ee chladi\u0165 aj k&uacute;ri\u0165, je ur\u010den&aacute; pre r&ocirc;zne komer\u010dn&eacute; priestory. U\u017e&iacute;va sa ekologick&eacute; <strong>chladivo<\/strong> <strong>R32.<\/strong><\/span><\/span><\/p>\n","protected":false},"featured_media":481869,"template":"","meta":[],"product_cat":[6069,6070,6056],"product_tag":[],"class_list":{"0":"post-476712","1":"product","2":"type-product","3":"status-publish","4":"has-post-thumbnail","6":"product_cat-klimatizacie-archivovane-produkty","7":"product_cat-archivovane-produkty-klimatizacie","8":"product_cat-archivovane-produkty","9":"pa_chlad-do-von-tep-c-do-20c","10":"pa_chladiaci-vykon-3920","11":"pa_energeticka-trieda-scop-aplus","12":"pa_energeticka-trieda-seer-aplusplus","13":"pa_extra-funkcia-windfree","14":"pa_napajanie-3f-400v","15":"pa_prevedenie-kazetovy-split","16":"pa_prikon-chladenie-3935","17":"pa_prikon-vykurovanie-3918","18":"pa_typ-chladiva-r32","19":"pa_vyk-do-von-tepl-c-do-25c","20":"pa_vykonovy-model-3745","21":"pa_vykurovaci-vykon-3921","22":"pa_wifi-ovladanie-volitelne","23":"pa_znacka-samsung","25":"first","26":"outofstock","27":"taxable","28":"shipping-taxable","29":"purchasable","30":"product-type-simple"},"yoast_head":"<!-- This site is optimized with the Yoast SEO plugin v23.9 - https:\/\/yoast.com\/wordpress\/plugins\/seo\/ -->\n<title>Samsung kazetov\u00e1 klimatiz\u00e1cia  WindFree 4-Way Cassette HighEE AC120 - KLIMAVEX GROUP - Slovensko<\/title>\n<meta name=\"robots\" content=\"index, follow, max-snippet:-1, max-image-preview:large, max-video-preview:-1\" \/>\n<link rel=\"canonical\" href=\"https:\/\/klimavex.eu\/sk\/katalog\/samsung-kazetova-klimatizacia-windfree-4-way-cassette-highee-ac120\/\" \/>\n<meta property=\"og:locale\" content=\"sk_SK\" \/>\n<meta property=\"og:type\" content=\"article\" \/>\n<meta property=\"og:title\" content=\"Samsung kazetov\u00e1 klimatiz\u00e1cia  WindFree 4-Way Cassette HighEE AC120 - KLIMAVEX GROUP - Slovensko\" \/>\n<meta property=\"og:description\" content=\"Samsung WindFree&trade; 4-Way Cassette je menej rozmern&aacute; kazetov&aacute; klimatiza\u010dn&aacute; jednotka so 4-cestnou distrib&uacute;ciou vzduchu, \u010d&iacute;m poskytuje v&yacute;nimo\u010dne rovnomern&yacute; dosah pr&uacute;denia vzduchu v priestoroch s vysok&yacute;mi stropmi (a\u017e 4,6 m). Verzia jednotky HighEE pon&uacute;ka e&scaron;te vy&scaron;&scaron;iu prev&aacute;dzkov&uacute; &uacute;\u010dinnos\u0165. Jednotka disponuje inovat&iacute;vnou technol&oacute;giou WindFree, v\u010faka ktorej pou\u017e&iacute;vate\u013e nepoci\u0165uje pocit studen&eacute;ho prievanu. T&aacute;to klimatiz&aacute;cia, ktor&aacute; dok&aacute;\u017ee chladi\u0165 aj k&uacute;ri\u0165, je ur\u010den&aacute; pre r&ocirc;zne komer\u010dn&eacute; priestory. U\u017e&iacute;va sa ekologick&eacute; chladivo R32.\" \/>\n<meta property=\"og:url\" content=\"https:\/\/klimavex.eu\/sk\/katalog\/samsung-kazetova-klimatizacia-windfree-4-way-cassette-highee-ac120\/\" \/>\n<meta property=\"og:site_name\" content=\"KLIMAVEX GROUP - Slovensko\" \/>\n<meta property=\"article:publisher\" content=\"https:\/\/www.facebook.com\/klimavex\" \/>\n<meta property=\"article:modified_time\" content=\"2026-03-31T16:32:54+00:00\" \/>\n<meta property=\"og:image\" content=\"https:\/\/klimavex.eu\/sk\/wp-content\/uploads\/2025\/09\/VeAg6BpXXUW8qmkBbkTtmin2h0acJaFrsZfn9nWng_E-13.png\" \/>\n\t<meta property=\"og:image:width\" content=\"590\" \/>\n\t<meta property=\"og:image:height\" content=\"434\" \/>\n\t<meta property=\"og:image:type\" content=\"image\/png\" \/>\n<meta name=\"twitter:card\" content=\"summary_large_image\" \/>\n<meta name=\"twitter:label1\" content=\"Predpokladan\u00fd \u010das \u010d\u00edtania\" \/>\n\t<meta name=\"twitter:data1\" content=\"1 min\u00fata\" \/>\n<script type=\"application\/ld+json\" class=\"yoast-schema-graph\">{\"@context\":\"https:\/\/schema.org\",\"@graph\":[{\"@type\":\"WebPage\",\"@id\":\"https:\/\/klimavex.eu\/sk\/katalog\/samsung-kazetova-klimatizacia-windfree-4-way-cassette-highee-ac120\/\",\"url\":\"https:\/\/klimavex.eu\/sk\/katalog\/samsung-kazetova-klimatizacia-windfree-4-way-cassette-highee-ac120\/\",\"name\":\"Samsung kazetov\u00e1 klimatiz\u00e1cia WindFree 4-Way Cassette HighEE AC120 - KLIMAVEX GROUP - Slovensko\",\"isPartOf\":{\"@id\":\"https:\/\/klimavex.eu\/sk\/#website\"},\"primaryImageOfPage\":{\"@id\":\"https:\/\/klimavex.eu\/sk\/katalog\/samsung-kazetova-klimatizacia-windfree-4-way-cassette-highee-ac120\/#primaryimage\"},\"image\":{\"@id\":\"https:\/\/klimavex.eu\/sk\/katalog\/samsung-kazetova-klimatizacia-windfree-4-way-cassette-highee-ac120\/#primaryimage\"},\"thumbnailUrl\":\"https:\/\/klimavex.eu\/sk\/wp-content\/uploads\/2025\/09\/VeAg6BpXXUW8qmkBbkTtmin2h0acJaFrsZfn9nWng_E-13.png\",\"datePublished\":\"2026-03-31T16:31:54+00:00\",\"dateModified\":\"2026-03-31T16:32:54+00:00\",\"breadcrumb\":{\"@id\":\"https:\/\/klimavex.eu\/sk\/katalog\/samsung-kazetova-klimatizacia-windfree-4-way-cassette-highee-ac120\/#breadcrumb\"},\"inLanguage\":\"sk-SK\",\"potentialAction\":[{\"@type\":\"ReadAction\",\"target\":[\"https:\/\/klimavex.eu\/sk\/katalog\/samsung-kazetova-klimatizacia-windfree-4-way-cassette-highee-ac120\/\"]}]},{\"@type\":\"ImageObject\",\"inLanguage\":\"sk-SK\",\"@id\":\"https:\/\/klimavex.eu\/sk\/katalog\/samsung-kazetova-klimatizacia-windfree-4-way-cassette-highee-ac120\/#primaryimage\",\"url\":\"https:\/\/klimavex.eu\/sk\/wp-content\/uploads\/2025\/09\/VeAg6BpXXUW8qmkBbkTtmin2h0acJaFrsZfn9nWng_E-13.png\",\"contentUrl\":\"https:\/\/klimavex.eu\/sk\/wp-content\/uploads\/2025\/09\/VeAg6BpXXUW8qmkBbkTtmin2h0acJaFrsZfn9nWng_E-13.png\",\"width\":590,\"height\":434},{\"@type\":\"BreadcrumbList\",\"@id\":\"https:\/\/klimavex.eu\/sk\/katalog\/samsung-kazetova-klimatizacia-windfree-4-way-cassette-highee-ac120\/#breadcrumb\",\"itemListElement\":[{\"@type\":\"ListItem\",\"position\":1,\"name\":\"Domovsk\u00e1 str\u00e1nka\",\"item\":\"https:\/\/klimavex.eu\/sk\/\"},{\"@type\":\"ListItem\",\"position\":2,\"name\":\"Eshop\",\"item\":\"https:\/\/klimavex.eu\/sk\/eshop\/\"},{\"@type\":\"ListItem\",\"position\":3,\"name\":\"Samsung kazetov\u00e1 klimatiz\u00e1cia WindFree 4-Way Cassette HighEE AC120\"}]},{\"@type\":\"WebSite\",\"@id\":\"https:\/\/klimavex.eu\/sk\/#website\",\"url\":\"https:\/\/klimavex.eu\/sk\/\",\"name\":\"KLIMAVEX GROUP - Slovensko\",\"description\":\"\",\"publisher\":{\"@id\":\"https:\/\/klimavex.eu\/sk\/#organization\"},\"alternateName\":\"KLIMAVEX a.s.\",\"potentialAction\":[{\"@type\":\"SearchAction\",\"target\":{\"@type\":\"EntryPoint\",\"urlTemplate\":\"https:\/\/klimavex.eu\/sk\/?s={search_term_string}\"},\"query-input\":{\"@type\":\"PropertyValueSpecification\",\"valueRequired\":true,\"valueName\":\"search_term_string\"}}],\"inLanguage\":\"sk-SK\"},{\"@type\":\"Organization\",\"@id\":\"https:\/\/klimavex.eu\/sk\/#organization\",\"name\":\"KLIMAVEX GROUP\",\"alternateName\":\"KLIMAVEX a.s.\",\"url\":\"https:\/\/klimavex.eu\/sk\/\",\"logo\":{\"@type\":\"ImageObject\",\"inLanguage\":\"sk-SK\",\"@id\":\"https:\/\/klimavex.eu\/sk\/#\/schema\/logo\/image\/\",\"url\":\"https:\/\/klimavex.eu\/sk\/wp-content\/uploads\/2024\/04\/Klimavex-Group-logo.png\",\"contentUrl\":\"https:\/\/klimavex.eu\/sk\/wp-content\/uploads\/2024\/04\/Klimavex-Group-logo.png\",\"width\":1681,\"height\":472,\"caption\":\"KLIMAVEX GROUP\"},\"image\":{\"@id\":\"https:\/\/klimavex.eu\/sk\/#\/schema\/logo\/image\/\"},\"sameAs\":[\"https:\/\/www.facebook.com\/klimavex\",\"https:\/\/www.instagram.com\/klimavex_sk\/\"]}]}<\/script>\n<!-- \/ Yoast SEO plugin. -->","yoast_head_json":{"title":"Samsung kazetov\u00e1 klimatiz\u00e1cia  WindFree 4-Way Cassette HighEE AC120 - KLIMAVEX GROUP - Slovensko","robots":{"index":"index","follow":"follow","max-snippet":"max-snippet:-1","max-image-preview":"max-image-preview:large","max-video-preview":"max-video-preview:-1"},"canonical":"https:\/\/klimavex.eu\/sk\/katalog\/samsung-kazetova-klimatizacia-windfree-4-way-cassette-highee-ac120\/","og_locale":"sk_SK","og_type":"article","og_title":"Samsung kazetov\u00e1 klimatiz\u00e1cia  WindFree 4-Way Cassette HighEE AC120 - KLIMAVEX GROUP - Slovensko","og_description":"Samsung WindFree&trade; 4-Way Cassette je menej rozmern&aacute; kazetov&aacute; klimatiza\u010dn&aacute; jednotka so 4-cestnou distrib&uacute;ciou vzduchu, \u010d&iacute;m poskytuje v&yacute;nimo\u010dne rovnomern&yacute; dosah pr&uacute;denia vzduchu v priestoroch s vysok&yacute;mi stropmi (a\u017e 4,6 m). Verzia jednotky HighEE pon&uacute;ka e&scaron;te vy&scaron;&scaron;iu prev&aacute;dzkov&uacute; &uacute;\u010dinnos\u0165. Jednotka disponuje inovat&iacute;vnou technol&oacute;giou WindFree, v\u010faka ktorej pou\u017e&iacute;vate\u013e nepoci\u0165uje pocit studen&eacute;ho prievanu. T&aacute;to klimatiz&aacute;cia, ktor&aacute; dok&aacute;\u017ee chladi\u0165 aj k&uacute;ri\u0165, je ur\u010den&aacute; pre r&ocirc;zne komer\u010dn&eacute; priestory. U\u017e&iacute;va sa ekologick&eacute; chladivo R32.","og_url":"https:\/\/klimavex.eu\/sk\/katalog\/samsung-kazetova-klimatizacia-windfree-4-way-cassette-highee-ac120\/","og_site_name":"KLIMAVEX GROUP - Slovensko","article_publisher":"https:\/\/www.facebook.com\/klimavex","article_modified_time":"2026-03-31T16:32:54+00:00","og_image":[{"width":590,"height":434,"url":"https:\/\/klimavex.eu\/sk\/wp-content\/uploads\/2025\/09\/VeAg6BpXXUW8qmkBbkTtmin2h0acJaFrsZfn9nWng_E-13.png","type":"image\/png"}],"twitter_card":"summary_large_image","twitter_misc":{"Predpokladan\u00fd \u010das \u010d\u00edtania":"1 min\u00fata"},"schema":{"@context":"https:\/\/schema.org","@graph":[{"@type":"WebPage","@id":"https:\/\/klimavex.eu\/sk\/katalog\/samsung-kazetova-klimatizacia-windfree-4-way-cassette-highee-ac120\/","url":"https:\/\/klimavex.eu\/sk\/katalog\/samsung-kazetova-klimatizacia-windfree-4-way-cassette-highee-ac120\/","name":"Samsung kazetov\u00e1 klimatiz\u00e1cia WindFree 4-Way Cassette HighEE AC120 - KLIMAVEX GROUP - Slovensko","isPartOf":{"@id":"https:\/\/klimavex.eu\/sk\/#website"},"primaryImageOfPage":{"@id":"https:\/\/klimavex.eu\/sk\/katalog\/samsung-kazetova-klimatizacia-windfree-4-way-cassette-highee-ac120\/#primaryimage"},"image":{"@id":"https:\/\/klimavex.eu\/sk\/katalog\/samsung-kazetova-klimatizacia-windfree-4-way-cassette-highee-ac120\/#primaryimage"},"thumbnailUrl":"https:\/\/klimavex.eu\/sk\/wp-content\/uploads\/2025\/09\/VeAg6BpXXUW8qmkBbkTtmin2h0acJaFrsZfn9nWng_E-13.png","datePublished":"2026-03-31T16:31:54+00:00","dateModified":"2026-03-31T16:32:54+00:00","breadcrumb":{"@id":"https:\/\/klimavex.eu\/sk\/katalog\/samsung-kazetova-klimatizacia-windfree-4-way-cassette-highee-ac120\/#breadcrumb"},"inLanguage":"sk-SK","potentialAction":[{"@type":"ReadAction","target":["https:\/\/klimavex.eu\/sk\/katalog\/samsung-kazetova-klimatizacia-windfree-4-way-cassette-highee-ac120\/"]}]},{"@type":"ImageObject","inLanguage":"sk-SK","@id":"https:\/\/klimavex.eu\/sk\/katalog\/samsung-kazetova-klimatizacia-windfree-4-way-cassette-highee-ac120\/#primaryimage","url":"https:\/\/klimavex.eu\/sk\/wp-content\/uploads\/2025\/09\/VeAg6BpXXUW8qmkBbkTtmin2h0acJaFrsZfn9nWng_E-13.png","contentUrl":"https:\/\/klimavex.eu\/sk\/wp-content\/uploads\/2025\/09\/VeAg6BpXXUW8qmkBbkTtmin2h0acJaFrsZfn9nWng_E-13.png","width":590,"height":434},{"@type":"BreadcrumbList","@id":"https:\/\/klimavex.eu\/sk\/katalog\/samsung-kazetova-klimatizacia-windfree-4-way-cassette-highee-ac120\/#breadcrumb","itemListElement":[{"@type":"ListItem","position":1,"name":"Domovsk\u00e1 str\u00e1nka","item":"https:\/\/klimavex.eu\/sk\/"},{"@type":"ListItem","position":2,"name":"Eshop","item":"https:\/\/klimavex.eu\/sk\/eshop\/"},{"@type":"ListItem","position":3,"name":"Samsung kazetov\u00e1 klimatiz\u00e1cia WindFree 4-Way Cassette HighEE AC120"}]},{"@type":"WebSite","@id":"https:\/\/klimavex.eu\/sk\/#website","url":"https:\/\/klimavex.eu\/sk\/","name":"KLIMAVEX GROUP - Slovensko","description":"","publisher":{"@id":"https:\/\/klimavex.eu\/sk\/#organization"},"alternateName":"KLIMAVEX a.s.","potentialAction":[{"@type":"SearchAction","target":{"@type":"EntryPoint","urlTemplate":"https:\/\/klimavex.eu\/sk\/?s={search_term_string}"},"query-input":{"@type":"PropertyValueSpecification","valueRequired":true,"valueName":"search_term_string"}}],"inLanguage":"sk-SK"},{"@type":"Organization","@id":"https:\/\/klimavex.eu\/sk\/#organization","name":"KLIMAVEX GROUP","alternateName":"KLIMAVEX a.s.","url":"https:\/\/klimavex.eu\/sk\/","logo":{"@type":"ImageObject","inLanguage":"sk-SK","@id":"https:\/\/klimavex.eu\/sk\/#\/schema\/logo\/image\/","url":"https:\/\/klimavex.eu\/sk\/wp-content\/uploads\/2024\/04\/Klimavex-Group-logo.png","contentUrl":"https:\/\/klimavex.eu\/sk\/wp-content\/uploads\/2024\/04\/Klimavex-Group-logo.png","width":1681,"height":472,"caption":"KLIMAVEX GROUP"},"image":{"@id":"https:\/\/klimavex.eu\/sk\/#\/schema\/logo\/image\/"},"sameAs":["https:\/\/www.facebook.com\/klimavex","https:\/\/www.instagram.com\/klimavex_sk\/"]}]}},"_links":{"self":[{"href":"https:\/\/klimavex.eu\/sk\/wp-json\/wp\/v2\/product\/476712","targetHints":{"allow":["GET"]}}],"collection":[{"href":"https:\/\/klimavex.eu\/sk\/wp-json\/wp\/v2\/product"}],"about":[{"href":"https:\/\/klimavex.eu\/sk\/wp-json\/wp\/v2\/types\/product"}],"version-history":[{"count":0,"href":"https:\/\/klimavex.eu\/sk\/wp-json\/wp\/v2\/product\/476712\/revisions"}],"wp:featuredmedia":[{"embeddable":true,"href":"https:\/\/klimavex.eu\/sk\/wp-json\/wp\/v2\/media\/481869"}],"wp:attachment":[{"href":"https:\/\/klimavex.eu\/sk\/wp-json\/wp\/v2\/media?parent=476712"}],"wp:term":[{"taxonomy":"product_cat","embeddable":true,"href":"https:\/\/klimavex.eu\/sk\/wp-json\/wp\/v2\/product_cat?post=476712"},{"taxonomy":"product_tag","embeddable":true,"href":"https:\/\/klimavex.eu\/sk\/wp-json\/wp\/v2\/product_tag?post=476712"}],"curies":[{"name":"wp","href":"https:\/\/api.w.org\/{rel}","templated":true}]}}