{"id":476764,"date":"2026-03-31T18:34:02","date_gmt":"2026-03-31T16:34:02","guid":{"rendered":"https:\/\/klimavex.eu\/sk\/katalog\/vortice-electric-heater-2400-potrubny-dohrievac-pre-model-avel-450-2400w\/"},"modified":"2026-03-31T18:34:08","modified_gmt":"2026-03-31T16:34:08","slug":"vortice-electric-heater-2400-potrubny-dohrievac-pre-model-avel-450-2400w","status":"publish","type":"product","link":"https:\/\/klimavex.eu\/sk\/katalog\/vortice-electric-heater-2400-potrubny-dohrievac-pre-model-avel-450-2400w\/","title":{"rendered":"Vortice ELECTRIC HEATER 2400 Potrubn\u00fd dohrieva\u010d pre model AVEL 450 (2400W)"},"content":{"rendered":"<p style=\"text-align:justify\"><span style=\"font-size:11pt\"><span style=\"font-family:Calibri,sans-serif\"><strong>Detailn&yacute; popis<\/strong><\/span><\/span><\/p>\n<ul>\n<li style=\"text-align:justify\"><span style=\"font-size:11pt\"><span style=\"font-family:Calibri,sans-serif\">Dohrieva\u010d na in&scaron;tal&aacute;ciu na pr&iacute;vodn&yacute; vzduchovod \u010derstv&eacute;ho vzduchu do domu. U zariadenia je mo\u017en&aacute; regul&aacute;cia teploty priv&aacute;dzan&eacute;ho vzduchu v\u010faka \u017eiarovkov&eacute;mu termostatu, ktor&yacute; aktivuje ohrieva\u010d, ke\u010f teplota klesne pod nastaven&uacute; hodnotu (medzi -30&deg;C a +30&deg;C).<\/span><\/span><\/li>\n<li style=\"text-align:justify\"><span style=\"font-size:11pt\"><span style=\"font-family:Calibri,sans-serif\">Je vybaven&yacute; dvojicou termostatov:<\/span><\/span>\n<ul style=\"list-style-type:circle\">\n<li style=\"text-align:justify\"><span style=\"font-size:11pt\"><span style=\"font-family:Calibri,sans-serif\">bezpe\u010dnostn&yacute;m termostatom s automatick&yacute;m resetom, nastaven&yacute;m na 45&deg;C &plusmn; 10 %.<\/span><\/span><\/li>\n<li style=\"text-align:justify\"><span style=\"font-size:11pt\"><span style=\"font-family:Calibri,sans-serif\">termostatom s ru\u010dn&yacute;m resetom (RESET) nastaven&yacute;m na 70&deg;C &plusmn; 10 %.<\/span><\/span><\/li>\n<\/ul>\n<\/li>\n<li style=\"text-align:justify\"><span style=\"font-size:11pt\"><span style=\"font-family:Calibri,sans-serif\">Stupe\u0148 ochrany skrinky obsahuj&uacute;cej elektrick&eacute; pr&iacute;pojky: IP40.<\/span><\/span><\/li>\n<li style=\"text-align:justify\"><span style=\"font-size:11pt\"><span style=\"font-family:Calibri,sans-serif\">Priemer pripojenia potrubia: 156 mm.<\/span><\/span><\/li>\n<li style=\"text-align:justify\"><span style=\"font-size:11pt\"><span style=\"font-family:Calibri,sans-serif\">Rozmery: 161x245x400 mm.<\/span><\/span><\/li>\n<li style=\"text-align:justify\"><span style=\"font-size:11pt\"><span style=\"font-family:Calibri,sans-serif\">Pr&iacute;kon: 2400 W.<\/span><\/span><\/li>\n<li style=\"text-align:justify\"><span style=\"font-size:11pt\"><span style=\"font-family:Calibri,sans-serif\">Maxim&aacute;lny pr&uacute;d: 10,44 A.<\/span><\/span><\/li>\n<li style=\"text-align:justify\"><span style=\"font-size:11pt\"><span style=\"font-family:Calibri,sans-serif\">Jednof&aacute;zov&eacute; pripojenie.<\/span><\/span><\/li>\n<\/ul>\n","protected":false},"excerpt":{"rendered":"<p style=\"text-align:justify\"><span style=\"font-size:11pt\"><span style=\"font-family:Calibri,sans-serif\">Potrubn&yacute; dohrieva\u010d pre model AVEL 450 (2400W). Viac inform&aacute;ci&iacute; n&aacute;jdete ni\u017e&scaron;ie v sekcii Popis.<\/span><\/span><\/p>\n<p style=\"text-align:justify\"><span style=\"font-size:11pt\"><span style=\"font-family:Calibri,sans-serif\"><strong>Dostupnos\u0165<\/strong>: &Scaron;tandardn&aacute; doba dodania 2-3 t&yacute;\u017edne.<\/span><\/span><\/p>\n","protected":false},"featured_media":482056,"template":"","meta":[],"product_cat":[1908],"product_tag":[],"class_list":{"0":"post-476764","1":"product","2":"type-product","3":"status-publish","4":"has-post-thumbnail","6":"product_cat-prislusenstvo-ventilatory","7":"pa_typ-prislusenstvo","8":"pa_znacka-vortice","10":"first","11":"instock","12":"taxable","13":"shipping-taxable","14":"purchasable","15":"product-type-simple"},"yoast_head":"<!-- This site is optimized with the Yoast SEO plugin v23.9 - https:\/\/yoast.com\/wordpress\/plugins\/seo\/ -->\n<title>Vortice ELECTRIC HEATER 2400 Potrubn\u00fd dohrieva\u010d pre model AVEL 450 (2400W) - KLIMAVEX GROUP - Slovensko<\/title>\n<meta name=\"robots\" content=\"index, follow, max-snippet:-1, max-image-preview:large, max-video-preview:-1\" \/>\n<link rel=\"canonical\" href=\"https:\/\/klimavex.eu\/sk\/katalog\/vortice-electric-heater-2400-potrubny-dohrievac-pre-model-avel-450-2400w\/\" \/>\n<meta property=\"og:locale\" content=\"sk_SK\" \/>\n<meta property=\"og:type\" content=\"article\" \/>\n<meta property=\"og:title\" content=\"Vortice ELECTRIC HEATER 2400 Potrubn\u00fd dohrieva\u010d pre model AVEL 450 (2400W) - KLIMAVEX GROUP - Slovensko\" \/>\n<meta property=\"og:description\" content=\"Potrubn&yacute; dohrieva\u010d pre model AVEL 450 (2400W). Viac inform&aacute;ci&iacute; n&aacute;jdete ni\u017e&scaron;ie v sekcii Popis. Dostupnos\u0165: &Scaron;tandardn&aacute; doba dodania 2-3 t&yacute;\u017edne.\" \/>\n<meta property=\"og:url\" content=\"https:\/\/klimavex.eu\/sk\/katalog\/vortice-electric-heater-2400-potrubny-dohrievac-pre-model-avel-450-2400w\/\" \/>\n<meta property=\"og:site_name\" content=\"KLIMAVEX GROUP - Slovensko\" \/>\n<meta property=\"article:publisher\" content=\"https:\/\/www.facebook.com\/klimavex\" \/>\n<meta property=\"article:modified_time\" content=\"2026-03-31T16:34:08+00:00\" \/>\n<meta property=\"og:image\" content=\"https:\/\/klimavex.eu\/sk\/wp-content\/uploads\/2024\/02\/LOGO-KLIMAVEX-modra-kostka-1.png\" \/>\n\t<meta property=\"og:image:width\" content=\"9184\" \/>\n\t<meta property=\"og:image:height\" content=\"9184\" \/>\n\t<meta property=\"og:image:type\" content=\"image\/png\" \/>\n<meta name=\"twitter:card\" content=\"summary_large_image\" \/>\n<meta name=\"twitter:label1\" content=\"Predpokladan\u00fd \u010das \u010d\u00edtania\" \/>\n\t<meta name=\"twitter:data1\" content=\"1 min\u00fata\" \/>\n<script type=\"application\/ld+json\" class=\"yoast-schema-graph\">{\"@context\":\"https:\/\/schema.org\",\"@graph\":[{\"@type\":\"WebPage\",\"@id\":\"https:\/\/klimavex.eu\/sk\/katalog\/vortice-electric-heater-2400-potrubny-dohrievac-pre-model-avel-450-2400w\/\",\"url\":\"https:\/\/klimavex.eu\/sk\/katalog\/vortice-electric-heater-2400-potrubny-dohrievac-pre-model-avel-450-2400w\/\",\"name\":\"Vortice ELECTRIC HEATER 2400 Potrubn\u00fd dohrieva\u010d pre model AVEL 450 (2400W) - KLIMAVEX GROUP - Slovensko\",\"isPartOf\":{\"@id\":\"https:\/\/klimavex.eu\/sk\/#website\"},\"primaryImageOfPage\":{\"@id\":\"https:\/\/klimavex.eu\/sk\/katalog\/vortice-electric-heater-2400-potrubny-dohrievac-pre-model-avel-450-2400w\/#primaryimage\"},\"image\":{\"@id\":\"https:\/\/klimavex.eu\/sk\/katalog\/vortice-electric-heater-2400-potrubny-dohrievac-pre-model-avel-450-2400w\/#primaryimage\"},\"thumbnailUrl\":\"https:\/\/klimavex.eu\/sk\/wp-content\/uploads\/2025\/09\/FAdJKxSbtouPHCiHMwFCHk4gZLB2g0GKgqf5QMw2hGY.png\",\"datePublished\":\"2026-03-31T16:34:02+00:00\",\"dateModified\":\"2026-03-31T16:34:08+00:00\",\"breadcrumb\":{\"@id\":\"https:\/\/klimavex.eu\/sk\/katalog\/vortice-electric-heater-2400-potrubny-dohrievac-pre-model-avel-450-2400w\/#breadcrumb\"},\"inLanguage\":\"sk-SK\",\"potentialAction\":[{\"@type\":\"ReadAction\",\"target\":[\"https:\/\/klimavex.eu\/sk\/katalog\/vortice-electric-heater-2400-potrubny-dohrievac-pre-model-avel-450-2400w\/\"]}]},{\"@type\":\"ImageObject\",\"inLanguage\":\"sk-SK\",\"@id\":\"https:\/\/klimavex.eu\/sk\/katalog\/vortice-electric-heater-2400-potrubny-dohrievac-pre-model-avel-450-2400w\/#primaryimage\",\"url\":\"https:\/\/klimavex.eu\/sk\/wp-content\/uploads\/2025\/09\/FAdJKxSbtouPHCiHMwFCHk4gZLB2g0GKgqf5QMw2hGY.png\",\"contentUrl\":\"https:\/\/klimavex.eu\/sk\/wp-content\/uploads\/2025\/09\/FAdJKxSbtouPHCiHMwFCHk4gZLB2g0GKgqf5QMw2hGY.png\",\"width\":600,\"height\":478},{\"@type\":\"BreadcrumbList\",\"@id\":\"https:\/\/klimavex.eu\/sk\/katalog\/vortice-electric-heater-2400-potrubny-dohrievac-pre-model-avel-450-2400w\/#breadcrumb\",\"itemListElement\":[{\"@type\":\"ListItem\",\"position\":1,\"name\":\"Domovsk\u00e1 str\u00e1nka\",\"item\":\"https:\/\/klimavex.eu\/sk\/\"},{\"@type\":\"ListItem\",\"position\":2,\"name\":\"Eshop\",\"item\":\"https:\/\/klimavex.eu\/sk\/eshop\/\"},{\"@type\":\"ListItem\",\"position\":3,\"name\":\"Vortice ELECTRIC HEATER 2400 Potrubn\u00fd dohrieva\u010d pre model AVEL 450 (2400W)\"}]},{\"@type\":\"WebSite\",\"@id\":\"https:\/\/klimavex.eu\/sk\/#website\",\"url\":\"https:\/\/klimavex.eu\/sk\/\",\"name\":\"KLIMAVEX GROUP - Slovensko\",\"description\":\"\",\"publisher\":{\"@id\":\"https:\/\/klimavex.eu\/sk\/#organization\"},\"alternateName\":\"KLIMAVEX a.s.\",\"potentialAction\":[{\"@type\":\"SearchAction\",\"target\":{\"@type\":\"EntryPoint\",\"urlTemplate\":\"https:\/\/klimavex.eu\/sk\/?s={search_term_string}\"},\"query-input\":{\"@type\":\"PropertyValueSpecification\",\"valueRequired\":true,\"valueName\":\"search_term_string\"}}],\"inLanguage\":\"sk-SK\"},{\"@type\":\"Organization\",\"@id\":\"https:\/\/klimavex.eu\/sk\/#organization\",\"name\":\"KLIMAVEX GROUP\",\"alternateName\":\"KLIMAVEX a.s.\",\"url\":\"https:\/\/klimavex.eu\/sk\/\",\"logo\":{\"@type\":\"ImageObject\",\"inLanguage\":\"sk-SK\",\"@id\":\"https:\/\/klimavex.eu\/sk\/#\/schema\/logo\/image\/\",\"url\":\"https:\/\/klimavex.eu\/sk\/wp-content\/uploads\/2024\/04\/Klimavex-Group-logo.png\",\"contentUrl\":\"https:\/\/klimavex.eu\/sk\/wp-content\/uploads\/2024\/04\/Klimavex-Group-logo.png\",\"width\":1681,\"height\":472,\"caption\":\"KLIMAVEX GROUP\"},\"image\":{\"@id\":\"https:\/\/klimavex.eu\/sk\/#\/schema\/logo\/image\/\"},\"sameAs\":[\"https:\/\/www.facebook.com\/klimavex\",\"https:\/\/www.instagram.com\/klimavex_sk\/\"]}]}<\/script>\n<!-- \/ Yoast SEO plugin. -->","yoast_head_json":{"title":"Vortice ELECTRIC HEATER 2400 Potrubn\u00fd dohrieva\u010d pre model AVEL 450 (2400W) - KLIMAVEX GROUP - Slovensko","robots":{"index":"index","follow":"follow","max-snippet":"max-snippet:-1","max-image-preview":"max-image-preview:large","max-video-preview":"max-video-preview:-1"},"canonical":"https:\/\/klimavex.eu\/sk\/katalog\/vortice-electric-heater-2400-potrubny-dohrievac-pre-model-avel-450-2400w\/","og_locale":"sk_SK","og_type":"article","og_title":"Vortice ELECTRIC HEATER 2400 Potrubn\u00fd dohrieva\u010d pre model AVEL 450 (2400W) - KLIMAVEX GROUP - Slovensko","og_description":"Potrubn&yacute; dohrieva\u010d pre model AVEL 450 (2400W). Viac inform&aacute;ci&iacute; n&aacute;jdete ni\u017e&scaron;ie v sekcii Popis. Dostupnos\u0165: &Scaron;tandardn&aacute; doba dodania 2-3 t&yacute;\u017edne.","og_url":"https:\/\/klimavex.eu\/sk\/katalog\/vortice-electric-heater-2400-potrubny-dohrievac-pre-model-avel-450-2400w\/","og_site_name":"KLIMAVEX GROUP - Slovensko","article_publisher":"https:\/\/www.facebook.com\/klimavex","article_modified_time":"2026-03-31T16:34:08+00:00","og_image":[{"width":9184,"height":9184,"url":"https:\/\/klimavex.eu\/sk\/wp-content\/uploads\/2024\/02\/LOGO-KLIMAVEX-modra-kostka-1.png","type":"image\/png"}],"twitter_card":"summary_large_image","twitter_misc":{"Predpokladan\u00fd \u010das \u010d\u00edtania":"1 min\u00fata"},"schema":{"@context":"https:\/\/schema.org","@graph":[{"@type":"WebPage","@id":"https:\/\/klimavex.eu\/sk\/katalog\/vortice-electric-heater-2400-potrubny-dohrievac-pre-model-avel-450-2400w\/","url":"https:\/\/klimavex.eu\/sk\/katalog\/vortice-electric-heater-2400-potrubny-dohrievac-pre-model-avel-450-2400w\/","name":"Vortice ELECTRIC HEATER 2400 Potrubn\u00fd dohrieva\u010d pre model AVEL 450 (2400W) - KLIMAVEX GROUP - Slovensko","isPartOf":{"@id":"https:\/\/klimavex.eu\/sk\/#website"},"primaryImageOfPage":{"@id":"https:\/\/klimavex.eu\/sk\/katalog\/vortice-electric-heater-2400-potrubny-dohrievac-pre-model-avel-450-2400w\/#primaryimage"},"image":{"@id":"https:\/\/klimavex.eu\/sk\/katalog\/vortice-electric-heater-2400-potrubny-dohrievac-pre-model-avel-450-2400w\/#primaryimage"},"thumbnailUrl":"https:\/\/klimavex.eu\/sk\/wp-content\/uploads\/2025\/09\/FAdJKxSbtouPHCiHMwFCHk4gZLB2g0GKgqf5QMw2hGY.png","datePublished":"2026-03-31T16:34:02+00:00","dateModified":"2026-03-31T16:34:08+00:00","breadcrumb":{"@id":"https:\/\/klimavex.eu\/sk\/katalog\/vortice-electric-heater-2400-potrubny-dohrievac-pre-model-avel-450-2400w\/#breadcrumb"},"inLanguage":"sk-SK","potentialAction":[{"@type":"ReadAction","target":["https:\/\/klimavex.eu\/sk\/katalog\/vortice-electric-heater-2400-potrubny-dohrievac-pre-model-avel-450-2400w\/"]}]},{"@type":"ImageObject","inLanguage":"sk-SK","@id":"https:\/\/klimavex.eu\/sk\/katalog\/vortice-electric-heater-2400-potrubny-dohrievac-pre-model-avel-450-2400w\/#primaryimage","url":"https:\/\/klimavex.eu\/sk\/wp-content\/uploads\/2025\/09\/FAdJKxSbtouPHCiHMwFCHk4gZLB2g0GKgqf5QMw2hGY.png","contentUrl":"https:\/\/klimavex.eu\/sk\/wp-content\/uploads\/2025\/09\/FAdJKxSbtouPHCiHMwFCHk4gZLB2g0GKgqf5QMw2hGY.png","width":600,"height":478},{"@type":"BreadcrumbList","@id":"https:\/\/klimavex.eu\/sk\/katalog\/vortice-electric-heater-2400-potrubny-dohrievac-pre-model-avel-450-2400w\/#breadcrumb","itemListElement":[{"@type":"ListItem","position":1,"name":"Domovsk\u00e1 str\u00e1nka","item":"https:\/\/klimavex.eu\/sk\/"},{"@type":"ListItem","position":2,"name":"Eshop","item":"https:\/\/klimavex.eu\/sk\/eshop\/"},{"@type":"ListItem","position":3,"name":"Vortice ELECTRIC HEATER 2400 Potrubn\u00fd dohrieva\u010d pre model AVEL 450 (2400W)"}]},{"@type":"WebSite","@id":"https:\/\/klimavex.eu\/sk\/#website","url":"https:\/\/klimavex.eu\/sk\/","name":"KLIMAVEX GROUP - Slovensko","description":"","publisher":{"@id":"https:\/\/klimavex.eu\/sk\/#organization"},"alternateName":"KLIMAVEX a.s.","potentialAction":[{"@type":"SearchAction","target":{"@type":"EntryPoint","urlTemplate":"https:\/\/klimavex.eu\/sk\/?s={search_term_string}"},"query-input":{"@type":"PropertyValueSpecification","valueRequired":true,"valueName":"search_term_string"}}],"inLanguage":"sk-SK"},{"@type":"Organization","@id":"https:\/\/klimavex.eu\/sk\/#organization","name":"KLIMAVEX GROUP","alternateName":"KLIMAVEX a.s.","url":"https:\/\/klimavex.eu\/sk\/","logo":{"@type":"ImageObject","inLanguage":"sk-SK","@id":"https:\/\/klimavex.eu\/sk\/#\/schema\/logo\/image\/","url":"https:\/\/klimavex.eu\/sk\/wp-content\/uploads\/2024\/04\/Klimavex-Group-logo.png","contentUrl":"https:\/\/klimavex.eu\/sk\/wp-content\/uploads\/2024\/04\/Klimavex-Group-logo.png","width":1681,"height":472,"caption":"KLIMAVEX GROUP"},"image":{"@id":"https:\/\/klimavex.eu\/sk\/#\/schema\/logo\/image\/"},"sameAs":["https:\/\/www.facebook.com\/klimavex","https:\/\/www.instagram.com\/klimavex_sk\/"]}]}},"_links":{"self":[{"href":"https:\/\/klimavex.eu\/sk\/wp-json\/wp\/v2\/product\/476764","targetHints":{"allow":["GET"]}}],"collection":[{"href":"https:\/\/klimavex.eu\/sk\/wp-json\/wp\/v2\/product"}],"about":[{"href":"https:\/\/klimavex.eu\/sk\/wp-json\/wp\/v2\/types\/product"}],"version-history":[{"count":0,"href":"https:\/\/klimavex.eu\/sk\/wp-json\/wp\/v2\/product\/476764\/revisions"}],"wp:featuredmedia":[{"embeddable":true,"href":"https:\/\/klimavex.eu\/sk\/wp-json\/wp\/v2\/media\/482056"}],"wp:attachment":[{"href":"https:\/\/klimavex.eu\/sk\/wp-json\/wp\/v2\/media?parent=476764"}],"wp:term":[{"taxonomy":"product_cat","embeddable":true,"href":"https:\/\/klimavex.eu\/sk\/wp-json\/wp\/v2\/product_cat?post=476764"},{"taxonomy":"product_tag","embeddable":true,"href":"https:\/\/klimavex.eu\/sk\/wp-json\/wp\/v2\/product_tag?post=476764"}],"curies":[{"name":"wp","href":"https:\/\/api.w.org\/{rel}","templated":true}]}}