{"id":476799,"date":"2026-03-31T18:34:02","date_gmt":"2026-03-31T16:34:02","guid":{"rendered":"https:\/\/klimavex.eu\/sk\/katalog\/ventilator-vortice-lineo-100-q-t\/"},"modified":"2026-03-31T18:34:48","modified_gmt":"2026-03-31T16:34:48","slug":"ventilator-vortice-lineo-100-q-t","status":"publish","type":"product","link":"https:\/\/klimavex.eu\/sk\/katalog\/ventilator-vortice-lineo-100-q-t\/","title":{"rendered":"Ventil\u00e1tor Vortice LINEO 100 Q T"},"content":{"rendered":"<p style=\"text-align:justify\"><span style=\"font-size:11pt\"><span style=\"font-family:Calibri,sans-serif\"><strong>Detailn&yacute; popis<\/strong><\/span><\/span><\/p>\n<ul>\n<li style=\"text-align:justify\"><span style=\"font-size:11pt\"><span style=\"font-family:Calibri,sans-serif\"><span style=\"background-color:white\"><span style=\"color:black\">Vysoko &uacute;\u010dinn&yacute; motor prepracovan&yacute; profil vrtule a vylep&scaron;en&yacute; usmer\u0148ova\u010d prietoku pracuj&uacute; v dokonalej harm&oacute;nii.<\/span><\/span><\/span><\/span><\/li>\n<li style=\"text-align:justify\"><span style=\"font-size:11pt\"><span style=\"font-family:Calibri,sans-serif\"><span style=\"background-color:white\"><span style=\"color:black\">Typ <strong><span style=\"font-family:&quot;Calibri&quot;,sans-serif\">Q <\/span><\/strong>je ozna\u010denie pre od\u013eah\u010den&uacute; a kompaktn&uacute; verziu ventil&aacute;tora <strong><span style=\"font-family:&quot;Calibri&quot;,sans-serif\">LINEO 100.<\/span><\/strong><\/span><\/span><\/span><\/span><\/li>\n<li style=\"text-align:justify\"><span style=\"font-size:11pt\"><span style=\"font-family:Calibri,sans-serif\"><span style=\"background-color:white\"><span style=\"color:black\">Typ <strong><span style=\"font-family:&quot;Calibri&quot;,sans-serif\">T je vybaven&yacute; elektronick&yacute;m \u010dasova\u010dom pre automatick&uacute; prev&aacute;dzku pri maxim&aacute;lnej r&yacute;chlosti, ktor&uacute; je mo\u017en&eacute; pri in&scaron;tal&aacute;cii nastavi\u0165 v rozmedz&iacute; 3&#39; &#8211; 20&#39; (predvolen&eacute; nastavenie 3&#39;).<\/span><\/strong><\/span><\/span> <\/span><\/span><\/li>\n<li style=\"text-align:justify\"><span style=\"font-size:11pt\"><span style=\"font-family:Calibri,sans-serif\"><span style=\"background-color:white\"><span style=\"color:black\">Aj napriek svojej ve\u013ekosti dosahuje rovnak&eacute; kvality ako cel&yacute; rad Lineo.<\/span><\/span><\/span><\/span><\/li>\n<li style=\"text-align:justify\"><span style=\"font-size:11pt\"><span style=\"font-family:Calibri,sans-serif\"><span style=\"background-color:white\"><span style=\"color:black\">S&eacute;ria LINEO Q<strong>&nbsp;<\/strong>je vybaven&aacute; <strong><span style=\"font-family:&quot;Calibri&quot;,sans-serif\">AC motormi s&nbsp;2-stup\u0148ovou <\/span><\/strong>regul&aacute;ciou ot&aacute;\u010dok.<\/span><\/span><\/span><\/span><\/li>\n<li style=\"text-align:justify\"><span style=\"font-size:11pt\"><span style=\"font-family:Calibri,sans-serif\"><span style=\"background-color:white\"><span style=\"color:black\">Dve r&yacute;chlosti ventil&aacute;tora je mo\u017en&eacute; nastavi\u0165 prostredn&iacute;ctvom dia\u013ekov&eacute;ho prep&iacute;na\u010da s 2 polohami.<\/span><\/span><\/span><\/span><\/li>\n<\/ul>\n<p style=\"text-align:justify\"><span style=\"font-size:11pt\"><span style=\"font-family:Calibri,sans-serif\"><strong>K\u013e&uacute;\u010dov&eacute; vlastnosti<\/strong><\/span><\/span><\/p>\n<ul>\n<li style=\"text-align:justify\"><span style=\"font-size:11pt\"><span style=\"font-family:Calibri,sans-serif\">Gu\u013e&ocirc;\u010dkov&eacute; lo\u017eisk&aacute; so \u017eivotnos\u0165ou 30 000 hod&iacute;n.<\/span><\/span><\/li>\n<li style=\"text-align:justify\"><span style=\"font-size:11pt\"><span style=\"font-family:Calibri,sans-serif\">Opl&aacute;&scaron;tenie vyroben&eacute; z <strong>oh\u0148ovzdornej plastovej \u017eivice triedy E2 normy ISO EN 11925-2:2010.<\/strong><\/span><\/span><\/li>\n<li style=\"text-align:justify\"><span style=\"font-size:11pt\"><span style=\"font-family:Calibri,sans-serif\">Prepracovan&yacute; profil vrtule pre lep&scaron;&iacute; v&yacute;kon.<\/span><\/span><\/li>\n<li style=\"text-align:justify\"><span style=\"font-size:11pt\"><span style=\"font-family:Calibri,sans-serif\">Vylep&scaron;en&yacute; usmer\u0148ova\u010d prietoku.<\/span><\/span><\/li>\n<li style=\"text-align:justify\"><span style=\"font-size:11pt\"><span style=\"font-family:Calibri,sans-serif\"><strong>Krytie IP44.<\/strong><\/span><\/span><\/li>\n<li style=\"text-align:justify\"><span style=\"font-size:11pt\"><span style=\"font-family:Calibri,sans-serif\"><span style=\"color:black\">Od\u013eah\u010den&aacute; <strong>menej hlu\u010dn&aacute; Q <\/strong>verzia<\/span>.<\/span><\/span><\/li>\n<li style=\"text-align:justify\"><span style=\"font-size:11pt\"><span style=\"font-family:Calibri,sans-serif\"><span style=\"background-color:white\"><span style=\"color:black\">Typ <strong><span style=\"font-family:&quot;Calibri&quot;,sans-serif\">T <\/span><\/strong>s <strong><span style=\"font-family:&quot;Calibri&quot;,sans-serif\">\u010dasov&yacute;m dobehom.<\/span><\/strong><\/span><\/span><\/span><\/span><\/li>\n<\/ul>\n","protected":false},"excerpt":{"rendered":"<p style=\"text-align:justify\"><span style=\"font-size:11pt\"><span style=\"font-family:Calibri,sans-serif\">Dvojot&aacute;\u010dkov&yacute; potrubn&yacute; ventil&aacute;tor radu Lineo Q je vybaven&yacute; <strong>AC <\/strong>motorom s <strong>2-stup\u0148ovou regul&aacute;ciou ot&aacute;\u010dok <\/strong>a <strong><span style=\"color:black\">gu\u013e&ocirc;\u010dkov&yacute;mi <\/span><\/strong><strong>lo\u017eiskami<\/strong>. <span style=\"background-color:white\"><span style=\"color:black\">Typ <strong><span style=\"font-family:&quot;Calibri&quot;,sans-serif\">T <\/span><\/strong>s <strong><span style=\"font-family:&quot;Calibri&quot;,sans-serif\">\u010dasov&yacute;m dobehom.<\/span><\/strong><\/span><\/span> Ur\u010den&yacute; na pripojenie potrubia <strong>&oslash; 100mm<\/strong>. V\u010faka svojim vlastnostiam a kon&scaron;trukcii je vhodn&yacute; pre dlh&scaron;ie vzduchotechnick&eacute; potrubie. <strong>Krytie IP44 <\/strong>zais\u0165uje ochranu proti prachu a striekaj&uacute;cej vode zo v&scaron;etk&yacute;ch str&aacute;n. Obe\u017en&eacute; koleso ventil&aacute;tora je vyv&aacute;\u017een&eacute; priamo na motore.<\/span><\/span><\/p>\n","protected":false},"featured_media":482229,"template":"","meta":[],"product_cat":[1487,1488,1460,1297],"product_tag":[],"class_list":{"0":"post-476799","1":"product","2":"type-product","3":"status-publish","4":"has-post-thumbnail","6":"product_cat-lineo","7":"product_cat-lineo-lineo","8":"product_cat-potrubne-ventilatory","9":"product_cat-ventilatory","10":"pa_casovy-dobeh-t-ano","11":"pa_dostupny-tlak-pa-638-736","12":"pa_gulockove-loziska-ll-ano","13":"pa_hlucnost-lp-3m-294-379","14":"pa_krytie-ip44","15":"pa_prevedenie-potrubny-plastovy","16":"pa_priemer-napojenia-mm-3846","17":"pa_typ-lineo","18":"pa_vzduchovy-vykon-qv-m3-155-200","19":"pa_znacka-vortice","21":"first","22":"instock","23":"taxable","24":"shipping-taxable","25":"purchasable","26":"product-type-simple"},"yoast_head":"<!-- This site is optimized with the Yoast SEO plugin v23.9 - https:\/\/yoast.com\/wordpress\/plugins\/seo\/ -->\n<title>Ventil\u00e1tor Vortice LINEO 100 Q T - KLIMAVEX GROUP - Slovensko<\/title>\n<meta name=\"robots\" content=\"index, follow, max-snippet:-1, max-image-preview:large, max-video-preview:-1\" \/>\n<link rel=\"canonical\" href=\"https:\/\/klimavex.eu\/sk\/katalog\/ventilator-vortice-lineo-100-q-t\/\" \/>\n<meta property=\"og:locale\" content=\"sk_SK\" \/>\n<meta property=\"og:type\" content=\"article\" \/>\n<meta property=\"og:title\" content=\"Ventil\u00e1tor Vortice LINEO 100 Q T - KLIMAVEX GROUP - Slovensko\" \/>\n<meta property=\"og:description\" content=\"Dvojot&aacute;\u010dkov&yacute; potrubn&yacute; ventil&aacute;tor radu Lineo Q je vybaven&yacute; AC motorom s 2-stup\u0148ovou regul&aacute;ciou ot&aacute;\u010dok a gu\u013e&ocirc;\u010dkov&yacute;mi lo\u017eiskami. Typ T s \u010dasov&yacute;m dobehom. Ur\u010den&yacute; na pripojenie potrubia &oslash; 100mm. V\u010faka svojim vlastnostiam a kon&scaron;trukcii je vhodn&yacute; pre dlh&scaron;ie vzduchotechnick&eacute; potrubie. Krytie IP44 zais\u0165uje ochranu proti prachu a striekaj&uacute;cej vode zo v&scaron;etk&yacute;ch str&aacute;n. Obe\u017en&eacute; koleso ventil&aacute;tora je vyv&aacute;\u017een&eacute; priamo na motore.\" \/>\n<meta property=\"og:url\" content=\"https:\/\/klimavex.eu\/sk\/katalog\/ventilator-vortice-lineo-100-q-t\/\" \/>\n<meta property=\"og:site_name\" content=\"KLIMAVEX GROUP - Slovensko\" \/>\n<meta property=\"article:publisher\" content=\"https:\/\/www.facebook.com\/klimavex\" \/>\n<meta property=\"article:modified_time\" content=\"2026-03-31T16:34:48+00:00\" \/>\n<meta property=\"og:image\" content=\"https:\/\/klimavex.eu\/sk\/wp-content\/uploads\/2025\/09\/L7EWcszEVmt-Hqf1BmA9w7Pac7HiaPZ0P42FgMC-050.png\" \/>\n\t<meta property=\"og:image:width\" content=\"422\" \/>\n\t<meta property=\"og:image:height\" content=\"388\" \/>\n\t<meta property=\"og:image:type\" content=\"image\/png\" \/>\n<meta name=\"twitter:card\" content=\"summary_large_image\" \/>\n<meta name=\"twitter:label1\" content=\"Predpokladan\u00fd \u010das \u010d\u00edtania\" \/>\n\t<meta name=\"twitter:data1\" content=\"1 min\u00fata\" \/>\n<script type=\"application\/ld+json\" class=\"yoast-schema-graph\">{\"@context\":\"https:\/\/schema.org\",\"@graph\":[{\"@type\":\"WebPage\",\"@id\":\"https:\/\/klimavex.eu\/sk\/katalog\/ventilator-vortice-lineo-100-q-t\/\",\"url\":\"https:\/\/klimavex.eu\/sk\/katalog\/ventilator-vortice-lineo-100-q-t\/\",\"name\":\"Ventil\u00e1tor Vortice LINEO 100 Q T - KLIMAVEX GROUP - Slovensko\",\"isPartOf\":{\"@id\":\"https:\/\/klimavex.eu\/sk\/#website\"},\"primaryImageOfPage\":{\"@id\":\"https:\/\/klimavex.eu\/sk\/katalog\/ventilator-vortice-lineo-100-q-t\/#primaryimage\"},\"image\":{\"@id\":\"https:\/\/klimavex.eu\/sk\/katalog\/ventilator-vortice-lineo-100-q-t\/#primaryimage\"},\"thumbnailUrl\":\"https:\/\/klimavex.eu\/sk\/wp-content\/uploads\/2025\/09\/L7EWcszEVmt-Hqf1BmA9w7Pac7HiaPZ0P42FgMC-050.png\",\"datePublished\":\"2026-03-31T16:34:02+00:00\",\"dateModified\":\"2026-03-31T16:34:48+00:00\",\"breadcrumb\":{\"@id\":\"https:\/\/klimavex.eu\/sk\/katalog\/ventilator-vortice-lineo-100-q-t\/#breadcrumb\"},\"inLanguage\":\"sk-SK\",\"potentialAction\":[{\"@type\":\"ReadAction\",\"target\":[\"https:\/\/klimavex.eu\/sk\/katalog\/ventilator-vortice-lineo-100-q-t\/\"]}]},{\"@type\":\"ImageObject\",\"inLanguage\":\"sk-SK\",\"@id\":\"https:\/\/klimavex.eu\/sk\/katalog\/ventilator-vortice-lineo-100-q-t\/#primaryimage\",\"url\":\"https:\/\/klimavex.eu\/sk\/wp-content\/uploads\/2025\/09\/L7EWcszEVmt-Hqf1BmA9w7Pac7HiaPZ0P42FgMC-050.png\",\"contentUrl\":\"https:\/\/klimavex.eu\/sk\/wp-content\/uploads\/2025\/09\/L7EWcszEVmt-Hqf1BmA9w7Pac7HiaPZ0P42FgMC-050.png\",\"width\":422,\"height\":388},{\"@type\":\"BreadcrumbList\",\"@id\":\"https:\/\/klimavex.eu\/sk\/katalog\/ventilator-vortice-lineo-100-q-t\/#breadcrumb\",\"itemListElement\":[{\"@type\":\"ListItem\",\"position\":1,\"name\":\"Domovsk\u00e1 str\u00e1nka\",\"item\":\"https:\/\/klimavex.eu\/sk\/\"},{\"@type\":\"ListItem\",\"position\":2,\"name\":\"Eshop\",\"item\":\"https:\/\/klimavex.eu\/sk\/eshop\/\"},{\"@type\":\"ListItem\",\"position\":3,\"name\":\"Ventil\u00e1tor Vortice LINEO 100 Q T\"}]},{\"@type\":\"WebSite\",\"@id\":\"https:\/\/klimavex.eu\/sk\/#website\",\"url\":\"https:\/\/klimavex.eu\/sk\/\",\"name\":\"KLIMAVEX GROUP - Slovensko\",\"description\":\"\",\"publisher\":{\"@id\":\"https:\/\/klimavex.eu\/sk\/#organization\"},\"alternateName\":\"KLIMAVEX a.s.\",\"potentialAction\":[{\"@type\":\"SearchAction\",\"target\":{\"@type\":\"EntryPoint\",\"urlTemplate\":\"https:\/\/klimavex.eu\/sk\/?s={search_term_string}\"},\"query-input\":{\"@type\":\"PropertyValueSpecification\",\"valueRequired\":true,\"valueName\":\"search_term_string\"}}],\"inLanguage\":\"sk-SK\"},{\"@type\":\"Organization\",\"@id\":\"https:\/\/klimavex.eu\/sk\/#organization\",\"name\":\"KLIMAVEX GROUP\",\"alternateName\":\"KLIMAVEX a.s.\",\"url\":\"https:\/\/klimavex.eu\/sk\/\",\"logo\":{\"@type\":\"ImageObject\",\"inLanguage\":\"sk-SK\",\"@id\":\"https:\/\/klimavex.eu\/sk\/#\/schema\/logo\/image\/\",\"url\":\"https:\/\/klimavex.eu\/sk\/wp-content\/uploads\/2024\/04\/Klimavex-Group-logo.png\",\"contentUrl\":\"https:\/\/klimavex.eu\/sk\/wp-content\/uploads\/2024\/04\/Klimavex-Group-logo.png\",\"width\":1681,\"height\":472,\"caption\":\"KLIMAVEX GROUP\"},\"image\":{\"@id\":\"https:\/\/klimavex.eu\/sk\/#\/schema\/logo\/image\/\"},\"sameAs\":[\"https:\/\/www.facebook.com\/klimavex\",\"https:\/\/www.instagram.com\/klimavex_sk\/\"]}]}<\/script>\n<!-- \/ Yoast SEO plugin. -->","yoast_head_json":{"title":"Ventil\u00e1tor Vortice LINEO 100 Q T - KLIMAVEX GROUP - Slovensko","robots":{"index":"index","follow":"follow","max-snippet":"max-snippet:-1","max-image-preview":"max-image-preview:large","max-video-preview":"max-video-preview:-1"},"canonical":"https:\/\/klimavex.eu\/sk\/katalog\/ventilator-vortice-lineo-100-q-t\/","og_locale":"sk_SK","og_type":"article","og_title":"Ventil\u00e1tor Vortice LINEO 100 Q T - KLIMAVEX GROUP - Slovensko","og_description":"Dvojot&aacute;\u010dkov&yacute; potrubn&yacute; ventil&aacute;tor radu Lineo Q je vybaven&yacute; AC motorom s 2-stup\u0148ovou regul&aacute;ciou ot&aacute;\u010dok a gu\u013e&ocirc;\u010dkov&yacute;mi lo\u017eiskami. Typ T s \u010dasov&yacute;m dobehom. Ur\u010den&yacute; na pripojenie potrubia &oslash; 100mm. V\u010faka svojim vlastnostiam a kon&scaron;trukcii je vhodn&yacute; pre dlh&scaron;ie vzduchotechnick&eacute; potrubie. Krytie IP44 zais\u0165uje ochranu proti prachu a striekaj&uacute;cej vode zo v&scaron;etk&yacute;ch str&aacute;n. Obe\u017en&eacute; koleso ventil&aacute;tora je vyv&aacute;\u017een&eacute; priamo na motore.","og_url":"https:\/\/klimavex.eu\/sk\/katalog\/ventilator-vortice-lineo-100-q-t\/","og_site_name":"KLIMAVEX GROUP - Slovensko","article_publisher":"https:\/\/www.facebook.com\/klimavex","article_modified_time":"2026-03-31T16:34:48+00:00","og_image":[{"width":422,"height":388,"url":"https:\/\/klimavex.eu\/sk\/wp-content\/uploads\/2025\/09\/L7EWcszEVmt-Hqf1BmA9w7Pac7HiaPZ0P42FgMC-050.png","type":"image\/png"}],"twitter_card":"summary_large_image","twitter_misc":{"Predpokladan\u00fd \u010das \u010d\u00edtania":"1 min\u00fata"},"schema":{"@context":"https:\/\/schema.org","@graph":[{"@type":"WebPage","@id":"https:\/\/klimavex.eu\/sk\/katalog\/ventilator-vortice-lineo-100-q-t\/","url":"https:\/\/klimavex.eu\/sk\/katalog\/ventilator-vortice-lineo-100-q-t\/","name":"Ventil\u00e1tor Vortice LINEO 100 Q T - KLIMAVEX GROUP - Slovensko","isPartOf":{"@id":"https:\/\/klimavex.eu\/sk\/#website"},"primaryImageOfPage":{"@id":"https:\/\/klimavex.eu\/sk\/katalog\/ventilator-vortice-lineo-100-q-t\/#primaryimage"},"image":{"@id":"https:\/\/klimavex.eu\/sk\/katalog\/ventilator-vortice-lineo-100-q-t\/#primaryimage"},"thumbnailUrl":"https:\/\/klimavex.eu\/sk\/wp-content\/uploads\/2025\/09\/L7EWcszEVmt-Hqf1BmA9w7Pac7HiaPZ0P42FgMC-050.png","datePublished":"2026-03-31T16:34:02+00:00","dateModified":"2026-03-31T16:34:48+00:00","breadcrumb":{"@id":"https:\/\/klimavex.eu\/sk\/katalog\/ventilator-vortice-lineo-100-q-t\/#breadcrumb"},"inLanguage":"sk-SK","potentialAction":[{"@type":"ReadAction","target":["https:\/\/klimavex.eu\/sk\/katalog\/ventilator-vortice-lineo-100-q-t\/"]}]},{"@type":"ImageObject","inLanguage":"sk-SK","@id":"https:\/\/klimavex.eu\/sk\/katalog\/ventilator-vortice-lineo-100-q-t\/#primaryimage","url":"https:\/\/klimavex.eu\/sk\/wp-content\/uploads\/2025\/09\/L7EWcszEVmt-Hqf1BmA9w7Pac7HiaPZ0P42FgMC-050.png","contentUrl":"https:\/\/klimavex.eu\/sk\/wp-content\/uploads\/2025\/09\/L7EWcszEVmt-Hqf1BmA9w7Pac7HiaPZ0P42FgMC-050.png","width":422,"height":388},{"@type":"BreadcrumbList","@id":"https:\/\/klimavex.eu\/sk\/katalog\/ventilator-vortice-lineo-100-q-t\/#breadcrumb","itemListElement":[{"@type":"ListItem","position":1,"name":"Domovsk\u00e1 str\u00e1nka","item":"https:\/\/klimavex.eu\/sk\/"},{"@type":"ListItem","position":2,"name":"Eshop","item":"https:\/\/klimavex.eu\/sk\/eshop\/"},{"@type":"ListItem","position":3,"name":"Ventil\u00e1tor Vortice LINEO 100 Q T"}]},{"@type":"WebSite","@id":"https:\/\/klimavex.eu\/sk\/#website","url":"https:\/\/klimavex.eu\/sk\/","name":"KLIMAVEX GROUP - Slovensko","description":"","publisher":{"@id":"https:\/\/klimavex.eu\/sk\/#organization"},"alternateName":"KLIMAVEX a.s.","potentialAction":[{"@type":"SearchAction","target":{"@type":"EntryPoint","urlTemplate":"https:\/\/klimavex.eu\/sk\/?s={search_term_string}"},"query-input":{"@type":"PropertyValueSpecification","valueRequired":true,"valueName":"search_term_string"}}],"inLanguage":"sk-SK"},{"@type":"Organization","@id":"https:\/\/klimavex.eu\/sk\/#organization","name":"KLIMAVEX GROUP","alternateName":"KLIMAVEX a.s.","url":"https:\/\/klimavex.eu\/sk\/","logo":{"@type":"ImageObject","inLanguage":"sk-SK","@id":"https:\/\/klimavex.eu\/sk\/#\/schema\/logo\/image\/","url":"https:\/\/klimavex.eu\/sk\/wp-content\/uploads\/2024\/04\/Klimavex-Group-logo.png","contentUrl":"https:\/\/klimavex.eu\/sk\/wp-content\/uploads\/2024\/04\/Klimavex-Group-logo.png","width":1681,"height":472,"caption":"KLIMAVEX GROUP"},"image":{"@id":"https:\/\/klimavex.eu\/sk\/#\/schema\/logo\/image\/"},"sameAs":["https:\/\/www.facebook.com\/klimavex","https:\/\/www.instagram.com\/klimavex_sk\/"]}]}},"_links":{"self":[{"href":"https:\/\/klimavex.eu\/sk\/wp-json\/wp\/v2\/product\/476799","targetHints":{"allow":["GET"]}}],"collection":[{"href":"https:\/\/klimavex.eu\/sk\/wp-json\/wp\/v2\/product"}],"about":[{"href":"https:\/\/klimavex.eu\/sk\/wp-json\/wp\/v2\/types\/product"}],"version-history":[{"count":0,"href":"https:\/\/klimavex.eu\/sk\/wp-json\/wp\/v2\/product\/476799\/revisions"}],"wp:featuredmedia":[{"embeddable":true,"href":"https:\/\/klimavex.eu\/sk\/wp-json\/wp\/v2\/media\/482229"}],"wp:attachment":[{"href":"https:\/\/klimavex.eu\/sk\/wp-json\/wp\/v2\/media?parent=476799"}],"wp:term":[{"taxonomy":"product_cat","embeddable":true,"href":"https:\/\/klimavex.eu\/sk\/wp-json\/wp\/v2\/product_cat?post=476799"},{"taxonomy":"product_tag","embeddable":true,"href":"https:\/\/klimavex.eu\/sk\/wp-json\/wp\/v2\/product_tag?post=476799"}],"curies":[{"name":"wp","href":"https:\/\/api.w.org\/{rel}","templated":true}]}}