{"id":476817,"date":"2026-03-31T18:35:07","date_gmt":"2026-03-31T16:35:07","guid":{"rendered":"https:\/\/klimavex.eu\/sk\/katalog\/ventilator-vortice-a-e-254-t\/"},"modified":"2026-03-31T18:35:15","modified_gmt":"2026-03-31T16:35:15","slug":"ventilator-vortice-a-e-254-t","status":"publish","type":"product","link":"https:\/\/klimavex.eu\/sk\/katalog\/ventilator-vortice-a-e-254-t\/","title":{"rendered":"Ventil\u00e1tor Vortice A-E 254 T"},"content":{"rendered":"<p style=\"text-align:justify\"><span style=\"font-size:11pt\"><span style=\"font-family:Calibri,sans-serif\"><strong>K\u013e&uacute;\u010dov&eacute; vlastnosti:<\/strong><\/span><\/span><\/p>\n<ul>\n<li style=\"text-align:justify\"><span style=\"font-size:11pt\"><span style=\"font-family:Calibri,sans-serif\">Aerodynamicky vytvarovan&yacute; r&aacute;m ventil&aacute;tora je vyroben&yacute; z ocele s fosf&aacute;tovou povrchovou &uacute;pravou, natret&yacute; kladivkovou epoxidovou farbou, \u010do zaru\u010duje dokonal&uacute; ochranu proti vonkaj&scaron;&iacute;m poveternostn&yacute;m vplyvom.<\/span><\/span><\/li>\n<li style=\"text-align:justify\"><span style=\"font-size:11pt\"><span style=\"font-family:Calibri,sans-serif\">AC motor izola\u010dnej triedy F s extern&yacute;m rotorom a gu\u013e&ocirc;\u010dkov&yacute;mi lo\u017eiskami (ktor&eacute; zabezpe\u010duj&uacute; dlh&uacute; \u017eivotnos\u0165 a bezporuchov&uacute; prev&aacute;dzku ventil&aacute;toru po\u010das 30000 hod&iacute;n). <\/span><\/span><\/li>\n<li style=\"text-align:justify\"><span style=\"font-size:11pt\"><span style=\"font-family:Calibri,sans-serif\">Ochrann&aacute; mrie\u017eka natren&aacute; \u010diernym epoxidov&yacute;m n&aacute;terom.<\/span><\/span><\/li>\n<li style=\"text-align:justify\"><span style=\"font-size:11pt\"><span style=\"font-family:Calibri,sans-serif\">Mo\u017enos\u0165 regul&aacute;cie ot&aacute;\u010dok.<\/span><\/span><\/li>\n<li style=\"text-align:justify\"><span style=\"font-size:11pt\"><span style=\"font-family:Calibri,sans-serif\">Zariadenie mus&iacute; by\u0165 uzemnen&eacute;.<\/span><\/span><\/li>\n<\/ul>\n","protected":false},"excerpt":{"rendered":"<p style=\"text-align:justify\"><span style=\"font-size:11pt\"><span style=\"font-family:Calibri,sans-serif\"><strong>Axi&aacute;lny trojf&aacute;zov&yacute;<\/strong> n&aacute;stenn&yacute; ventil&aacute;tor Vorticel A-E pre <strong>priemyseln&eacute; vyu\u017eitie<\/strong>, s&nbsp;priamym v&yacute;fukom, pre ods&aacute;vanie s&nbsp;mont&aacute;\u017eou na stenu s&nbsp;mal&yacute;m presahom motoru. Vhodn&yacute; pre <strong>priemyseln&eacute; a komer\u010dn&eacute;<\/strong> <strong>objekty<\/strong> na od\u0165ah nepra&scaron;n&eacute;ho, neagres&iacute;vneho a nekorozitvorn&eacute;ho vzduchu bez kysel&iacute;n. Profil lopatiek ventil&aacute;torov je navrhnut&yacute; tak, aby dosahovali <strong>n&iacute;zku hladinu hluku<\/strong>.<\/span><\/span><\/p>\n","protected":false},"featured_media":482309,"template":"","meta":[],"product_cat":[1949,1964,1965,1603,1297,1452],"product_tag":[],"class_list":{"0":"post-476817","1":"product","2":"type-product","3":"status-publish","4":"has-post-thumbnail","6":"product_cat-stenove","7":"product_cat-a-e","8":"product_cat-a-e-stenove","9":"product_cat-nastenne-stenove-okenne-ventilatory","10":"product_cat-ventilatory","11":"product_cat-priemyselne-ventilatory","12":"pa_dostupny-tlak-pa-4899","13":"pa_hlucnost-lp-1m-3m-485-39","14":"pa_krytie-ip54","15":"pa_prevedenie-axialny","16":"pa_typ-a-e","17":"pa_vzduchovy-vykon-qv-m3-4898","18":"pa_znacka-vortice","20":"first","21":"instock","22":"taxable","23":"shipping-taxable","24":"purchasable","25":"product-type-simple"},"yoast_head":"<!-- This site is optimized with the Yoast SEO plugin v23.9 - https:\/\/yoast.com\/wordpress\/plugins\/seo\/ -->\n<title>Ventil\u00e1tor Vortice A-E 254 T - KLIMAVEX GROUP - Slovensko<\/title>\n<meta name=\"robots\" content=\"index, follow, max-snippet:-1, max-image-preview:large, max-video-preview:-1\" \/>\n<link rel=\"canonical\" href=\"https:\/\/klimavex.eu\/sk\/katalog\/ventilator-vortice-a-e-254-t\/\" \/>\n<meta property=\"og:locale\" content=\"sk_SK\" \/>\n<meta property=\"og:type\" content=\"article\" \/>\n<meta property=\"og:title\" content=\"Ventil\u00e1tor Vortice A-E 254 T - KLIMAVEX GROUP - Slovensko\" \/>\n<meta property=\"og:description\" content=\"Axi&aacute;lny trojf&aacute;zov&yacute; n&aacute;stenn&yacute; ventil&aacute;tor Vorticel A-E pre priemyseln&eacute; vyu\u017eitie, s&nbsp;priamym v&yacute;fukom, pre ods&aacute;vanie s&nbsp;mont&aacute;\u017eou na stenu s&nbsp;mal&yacute;m presahom motoru. Vhodn&yacute; pre priemyseln&eacute; a komer\u010dn&eacute; objekty na od\u0165ah nepra&scaron;n&eacute;ho, neagres&iacute;vneho a nekorozitvorn&eacute;ho vzduchu bez kysel&iacute;n. Profil lopatiek ventil&aacute;torov je navrhnut&yacute; tak, aby dosahovali n&iacute;zku hladinu hluku.\" \/>\n<meta property=\"og:url\" content=\"https:\/\/klimavex.eu\/sk\/katalog\/ventilator-vortice-a-e-254-t\/\" \/>\n<meta property=\"og:site_name\" content=\"KLIMAVEX GROUP - Slovensko\" \/>\n<meta property=\"article:publisher\" content=\"https:\/\/www.facebook.com\/klimavex\" \/>\n<meta property=\"article:modified_time\" content=\"2026-03-31T16:35:15+00:00\" \/>\n<meta property=\"og:image\" content=\"https:\/\/klimavex.eu\/sk\/wp-content\/uploads\/2025\/09\/WoMWZRSk1eyH8aUVAAGRUiMpF6fdYgOsfr6vNIW-1pM-2.png\" \/>\n\t<meta property=\"og:image:width\" content=\"572\" \/>\n\t<meta property=\"og:image:height\" content=\"512\" \/>\n\t<meta property=\"og:image:type\" content=\"image\/png\" \/>\n<meta name=\"twitter:card\" content=\"summary_large_image\" \/>\n<meta name=\"twitter:label1\" content=\"Predpokladan\u00fd \u010das \u010d\u00edtania\" \/>\n\t<meta name=\"twitter:data1\" content=\"1 min\u00fata\" \/>\n<script type=\"application\/ld+json\" class=\"yoast-schema-graph\">{\"@context\":\"https:\/\/schema.org\",\"@graph\":[{\"@type\":\"WebPage\",\"@id\":\"https:\/\/klimavex.eu\/sk\/katalog\/ventilator-vortice-a-e-254-t\/\",\"url\":\"https:\/\/klimavex.eu\/sk\/katalog\/ventilator-vortice-a-e-254-t\/\",\"name\":\"Ventil\u00e1tor Vortice A-E 254 T - KLIMAVEX GROUP - Slovensko\",\"isPartOf\":{\"@id\":\"https:\/\/klimavex.eu\/sk\/#website\"},\"primaryImageOfPage\":{\"@id\":\"https:\/\/klimavex.eu\/sk\/katalog\/ventilator-vortice-a-e-254-t\/#primaryimage\"},\"image\":{\"@id\":\"https:\/\/klimavex.eu\/sk\/katalog\/ventilator-vortice-a-e-254-t\/#primaryimage\"},\"thumbnailUrl\":\"https:\/\/klimavex.eu\/sk\/wp-content\/uploads\/2025\/09\/WoMWZRSk1eyH8aUVAAGRUiMpF6fdYgOsfr6vNIW-1pM-2.png\",\"datePublished\":\"2026-03-31T16:35:07+00:00\",\"dateModified\":\"2026-03-31T16:35:15+00:00\",\"breadcrumb\":{\"@id\":\"https:\/\/klimavex.eu\/sk\/katalog\/ventilator-vortice-a-e-254-t\/#breadcrumb\"},\"inLanguage\":\"sk-SK\",\"potentialAction\":[{\"@type\":\"ReadAction\",\"target\":[\"https:\/\/klimavex.eu\/sk\/katalog\/ventilator-vortice-a-e-254-t\/\"]}]},{\"@type\":\"ImageObject\",\"inLanguage\":\"sk-SK\",\"@id\":\"https:\/\/klimavex.eu\/sk\/katalog\/ventilator-vortice-a-e-254-t\/#primaryimage\",\"url\":\"https:\/\/klimavex.eu\/sk\/wp-content\/uploads\/2025\/09\/WoMWZRSk1eyH8aUVAAGRUiMpF6fdYgOsfr6vNIW-1pM-2.png\",\"contentUrl\":\"https:\/\/klimavex.eu\/sk\/wp-content\/uploads\/2025\/09\/WoMWZRSk1eyH8aUVAAGRUiMpF6fdYgOsfr6vNIW-1pM-2.png\",\"width\":572,\"height\":512},{\"@type\":\"BreadcrumbList\",\"@id\":\"https:\/\/klimavex.eu\/sk\/katalog\/ventilator-vortice-a-e-254-t\/#breadcrumb\",\"itemListElement\":[{\"@type\":\"ListItem\",\"position\":1,\"name\":\"Domovsk\u00e1 str\u00e1nka\",\"item\":\"https:\/\/klimavex.eu\/sk\/\"},{\"@type\":\"ListItem\",\"position\":2,\"name\":\"Eshop\",\"item\":\"https:\/\/klimavex.eu\/sk\/eshop\/\"},{\"@type\":\"ListItem\",\"position\":3,\"name\":\"Ventil\u00e1tor Vortice A-E 254 T\"}]},{\"@type\":\"WebSite\",\"@id\":\"https:\/\/klimavex.eu\/sk\/#website\",\"url\":\"https:\/\/klimavex.eu\/sk\/\",\"name\":\"KLIMAVEX GROUP - Slovensko\",\"description\":\"\",\"publisher\":{\"@id\":\"https:\/\/klimavex.eu\/sk\/#organization\"},\"alternateName\":\"KLIMAVEX a.s.\",\"potentialAction\":[{\"@type\":\"SearchAction\",\"target\":{\"@type\":\"EntryPoint\",\"urlTemplate\":\"https:\/\/klimavex.eu\/sk\/?s={search_term_string}\"},\"query-input\":{\"@type\":\"PropertyValueSpecification\",\"valueRequired\":true,\"valueName\":\"search_term_string\"}}],\"inLanguage\":\"sk-SK\"},{\"@type\":\"Organization\",\"@id\":\"https:\/\/klimavex.eu\/sk\/#organization\",\"name\":\"KLIMAVEX GROUP\",\"alternateName\":\"KLIMAVEX a.s.\",\"url\":\"https:\/\/klimavex.eu\/sk\/\",\"logo\":{\"@type\":\"ImageObject\",\"inLanguage\":\"sk-SK\",\"@id\":\"https:\/\/klimavex.eu\/sk\/#\/schema\/logo\/image\/\",\"url\":\"https:\/\/klimavex.eu\/sk\/wp-content\/uploads\/2024\/04\/Klimavex-Group-logo.png\",\"contentUrl\":\"https:\/\/klimavex.eu\/sk\/wp-content\/uploads\/2024\/04\/Klimavex-Group-logo.png\",\"width\":1681,\"height\":472,\"caption\":\"KLIMAVEX GROUP\"},\"image\":{\"@id\":\"https:\/\/klimavex.eu\/sk\/#\/schema\/logo\/image\/\"},\"sameAs\":[\"https:\/\/www.facebook.com\/klimavex\",\"https:\/\/www.instagram.com\/klimavex_sk\/\"]}]}<\/script>\n<!-- \/ Yoast SEO plugin. -->","yoast_head_json":{"title":"Ventil\u00e1tor Vortice A-E 254 T - KLIMAVEX GROUP - Slovensko","robots":{"index":"index","follow":"follow","max-snippet":"max-snippet:-1","max-image-preview":"max-image-preview:large","max-video-preview":"max-video-preview:-1"},"canonical":"https:\/\/klimavex.eu\/sk\/katalog\/ventilator-vortice-a-e-254-t\/","og_locale":"sk_SK","og_type":"article","og_title":"Ventil\u00e1tor Vortice A-E 254 T - KLIMAVEX GROUP - Slovensko","og_description":"Axi&aacute;lny trojf&aacute;zov&yacute; n&aacute;stenn&yacute; ventil&aacute;tor Vorticel A-E pre priemyseln&eacute; vyu\u017eitie, s&nbsp;priamym v&yacute;fukom, pre ods&aacute;vanie s&nbsp;mont&aacute;\u017eou na stenu s&nbsp;mal&yacute;m presahom motoru. Vhodn&yacute; pre priemyseln&eacute; a komer\u010dn&eacute; objekty na od\u0165ah nepra&scaron;n&eacute;ho, neagres&iacute;vneho a nekorozitvorn&eacute;ho vzduchu bez kysel&iacute;n. Profil lopatiek ventil&aacute;torov je navrhnut&yacute; tak, aby dosahovali n&iacute;zku hladinu hluku.","og_url":"https:\/\/klimavex.eu\/sk\/katalog\/ventilator-vortice-a-e-254-t\/","og_site_name":"KLIMAVEX GROUP - Slovensko","article_publisher":"https:\/\/www.facebook.com\/klimavex","article_modified_time":"2026-03-31T16:35:15+00:00","og_image":[{"width":572,"height":512,"url":"https:\/\/klimavex.eu\/sk\/wp-content\/uploads\/2025\/09\/WoMWZRSk1eyH8aUVAAGRUiMpF6fdYgOsfr6vNIW-1pM-2.png","type":"image\/png"}],"twitter_card":"summary_large_image","twitter_misc":{"Predpokladan\u00fd \u010das \u010d\u00edtania":"1 min\u00fata"},"schema":{"@context":"https:\/\/schema.org","@graph":[{"@type":"WebPage","@id":"https:\/\/klimavex.eu\/sk\/katalog\/ventilator-vortice-a-e-254-t\/","url":"https:\/\/klimavex.eu\/sk\/katalog\/ventilator-vortice-a-e-254-t\/","name":"Ventil\u00e1tor Vortice A-E 254 T - KLIMAVEX GROUP - Slovensko","isPartOf":{"@id":"https:\/\/klimavex.eu\/sk\/#website"},"primaryImageOfPage":{"@id":"https:\/\/klimavex.eu\/sk\/katalog\/ventilator-vortice-a-e-254-t\/#primaryimage"},"image":{"@id":"https:\/\/klimavex.eu\/sk\/katalog\/ventilator-vortice-a-e-254-t\/#primaryimage"},"thumbnailUrl":"https:\/\/klimavex.eu\/sk\/wp-content\/uploads\/2025\/09\/WoMWZRSk1eyH8aUVAAGRUiMpF6fdYgOsfr6vNIW-1pM-2.png","datePublished":"2026-03-31T16:35:07+00:00","dateModified":"2026-03-31T16:35:15+00:00","breadcrumb":{"@id":"https:\/\/klimavex.eu\/sk\/katalog\/ventilator-vortice-a-e-254-t\/#breadcrumb"},"inLanguage":"sk-SK","potentialAction":[{"@type":"ReadAction","target":["https:\/\/klimavex.eu\/sk\/katalog\/ventilator-vortice-a-e-254-t\/"]}]},{"@type":"ImageObject","inLanguage":"sk-SK","@id":"https:\/\/klimavex.eu\/sk\/katalog\/ventilator-vortice-a-e-254-t\/#primaryimage","url":"https:\/\/klimavex.eu\/sk\/wp-content\/uploads\/2025\/09\/WoMWZRSk1eyH8aUVAAGRUiMpF6fdYgOsfr6vNIW-1pM-2.png","contentUrl":"https:\/\/klimavex.eu\/sk\/wp-content\/uploads\/2025\/09\/WoMWZRSk1eyH8aUVAAGRUiMpF6fdYgOsfr6vNIW-1pM-2.png","width":572,"height":512},{"@type":"BreadcrumbList","@id":"https:\/\/klimavex.eu\/sk\/katalog\/ventilator-vortice-a-e-254-t\/#breadcrumb","itemListElement":[{"@type":"ListItem","position":1,"name":"Domovsk\u00e1 str\u00e1nka","item":"https:\/\/klimavex.eu\/sk\/"},{"@type":"ListItem","position":2,"name":"Eshop","item":"https:\/\/klimavex.eu\/sk\/eshop\/"},{"@type":"ListItem","position":3,"name":"Ventil\u00e1tor Vortice A-E 254 T"}]},{"@type":"WebSite","@id":"https:\/\/klimavex.eu\/sk\/#website","url":"https:\/\/klimavex.eu\/sk\/","name":"KLIMAVEX GROUP - Slovensko","description":"","publisher":{"@id":"https:\/\/klimavex.eu\/sk\/#organization"},"alternateName":"KLIMAVEX a.s.","potentialAction":[{"@type":"SearchAction","target":{"@type":"EntryPoint","urlTemplate":"https:\/\/klimavex.eu\/sk\/?s={search_term_string}"},"query-input":{"@type":"PropertyValueSpecification","valueRequired":true,"valueName":"search_term_string"}}],"inLanguage":"sk-SK"},{"@type":"Organization","@id":"https:\/\/klimavex.eu\/sk\/#organization","name":"KLIMAVEX GROUP","alternateName":"KLIMAVEX a.s.","url":"https:\/\/klimavex.eu\/sk\/","logo":{"@type":"ImageObject","inLanguage":"sk-SK","@id":"https:\/\/klimavex.eu\/sk\/#\/schema\/logo\/image\/","url":"https:\/\/klimavex.eu\/sk\/wp-content\/uploads\/2024\/04\/Klimavex-Group-logo.png","contentUrl":"https:\/\/klimavex.eu\/sk\/wp-content\/uploads\/2024\/04\/Klimavex-Group-logo.png","width":1681,"height":472,"caption":"KLIMAVEX GROUP"},"image":{"@id":"https:\/\/klimavex.eu\/sk\/#\/schema\/logo\/image\/"},"sameAs":["https:\/\/www.facebook.com\/klimavex","https:\/\/www.instagram.com\/klimavex_sk\/"]}]}},"_links":{"self":[{"href":"https:\/\/klimavex.eu\/sk\/wp-json\/wp\/v2\/product\/476817","targetHints":{"allow":["GET"]}}],"collection":[{"href":"https:\/\/klimavex.eu\/sk\/wp-json\/wp\/v2\/product"}],"about":[{"href":"https:\/\/klimavex.eu\/sk\/wp-json\/wp\/v2\/types\/product"}],"version-history":[{"count":0,"href":"https:\/\/klimavex.eu\/sk\/wp-json\/wp\/v2\/product\/476817\/revisions"}],"wp:featuredmedia":[{"embeddable":true,"href":"https:\/\/klimavex.eu\/sk\/wp-json\/wp\/v2\/media\/482309"}],"wp:attachment":[{"href":"https:\/\/klimavex.eu\/sk\/wp-json\/wp\/v2\/media?parent=476817"}],"wp:term":[{"taxonomy":"product_cat","embeddable":true,"href":"https:\/\/klimavex.eu\/sk\/wp-json\/wp\/v2\/product_cat?post=476817"},{"taxonomy":"product_tag","embeddable":true,"href":"https:\/\/klimavex.eu\/sk\/wp-json\/wp\/v2\/product_tag?post=476817"}],"curies":[{"name":"wp","href":"https:\/\/api.w.org\/{rel}","templated":true}]}}