{"id":476828,"date":"2026-03-31T18:35:07","date_gmt":"2026-03-31T16:35:07","guid":{"rendered":"https:\/\/klimavex.eu\/sk\/katalog\/ventilator-vortice-ca-150-v0-d\/"},"modified":"2026-03-31T18:35:28","modified_gmt":"2026-03-31T16:35:28","slug":"ventilator-vortice-ca-150-v0-d","status":"publish","type":"product","link":"https:\/\/klimavex.eu\/sk\/katalog\/ventilator-vortice-ca-150-v0-d\/","title":{"rendered":"Ventil\u00e1tor Vortice CA 150 V0 D"},"content":{"rendered":"<p style=\"text-align:justify\"><span style=\"font-size:11pt\"><span style=\"font-family:Calibri,sans-serif\"><strong>Detailn&yacute; popis<\/strong><\/span><\/span><\/p>\n<ul>\n<li style=\"text-align:justify\"><span style=\"font-size:11pt\"><span style=\"color:black\"><span style=\"font-family:Calibri,sans-serif\"><span style=\"background-color:white\">Do potrubia s vy&scaron;&scaron;ou tlakovou stratou &#8211; dosahuje vysok&eacute; vzduchov&eacute; v&yacute;kony pri s&uacute;\u010dasnom dodr\u017ean&iacute; n&iacute;zkej hlu\u010dnosti.<\/span><\/span><\/span><\/span><\/li>\n<li style=\"text-align:justify\"><span style=\"font-size:11pt\"><span style=\"font-family:Calibri,sans-serif\">Kon&scaron;trukcia z termoplastickej \u017eivice PP, samozh&aacute;&scaron;av&aacute; V0 <span style=\"background-color:white\"><span style=\"color:black\">(<strong>samozh&aacute;&scaron;anie <\/strong>oh\u0148a do 10 sek&uacute;nd bez kvapkania plastu)<\/span><\/span><\/span><\/span><\/li>\n<li style=\"text-align:justify\"><span style=\"font-size:11pt\"><span style=\"font-family:Calibri,sans-serif\">Trojr&yacute;chlostn&yacute; ventil&aacute;tor sa sklad&aacute; z:<\/span><\/span>\n<ul style=\"list-style-type:circle\">\n<li style=\"text-align:justify\"><span style=\"font-size:11pt\"><span style=\"font-family:Calibri,sans-serif\">AC motor, tepelne chr&aacute;nen&yacute;, s hriade\u013eom ulo\u017een&yacute;m na <span style=\"color:black\">gu\u013e&ocirc;\u010dkovom <\/span>lo\u017eisku,<\/span><\/span><\/li>\n<li style=\"text-align:justify\"><span style=\"font-size:11pt\"><span style=\"font-family:Calibri,sans-serif\">odstrediv&eacute;ho obe\u017en&eacute;ho kolesa s dozadu zahnut&yacute;mi lopatkami<\/span><\/span><\/li>\n<\/ul>\n<\/li>\n<li style=\"text-align:justify\"><span style=\"font-size:11pt\"><span style=\"font-family:Calibri,sans-serif\">Kompatibiln&yacute; s dia\u013ekov&yacute;mi senzormi: Teploty, relat&iacute;vnej vlhkosti, dymu a pohybu.<\/span><\/span><\/li>\n<li style=\"text-align:justify\"><span style=\"font-size:11pt\"><span style=\"font-family:Calibri,sans-serif\">Vylep&scaron;en&aacute; kon&scaron;trukcia ukotvenia motora a deflektora vzduchu pre minimaliz&aacute;ciu turbulenci&iacute; a hlu\u010dnosti<\/span><\/span><\/li>\n<li style=\"text-align:justify\"><span style=\"font-size:11pt\"><span style=\"font-family:Calibri,sans-serif\">Mo\u017enos\u0165 horizont&aacute;lnej aj vertik&aacute;lnej mont&aacute;\u017ee<\/span><\/span><\/li>\n<li style=\"text-align:justify\"><span style=\"font-size:11pt\"><span style=\"font-family:Calibri,sans-serif\">S&uacute;\u010das\u0165ou dod&aacute;vky s&uacute; mont&aacute;\u017ene konzoly na in&scaron;tal&aacute;ciu zariadenia na stenu alebo strop<\/span><\/span><\/li>\n<\/ul>\n<p style=\"text-align:justify\"><span style=\"font-size:11pt\"><span style=\"font-family:Calibri,sans-serif\"><strong>K\u013e&uacute;\u010dov&eacute; vlastnosti<\/strong><\/span><\/span><\/p>\n<ul>\n<li style=\"text-align:justify\"><span style=\"font-size:11pt\"><span style=\"background-color:white\"><span style=\"color:black\"><span style=\"font-family:Calibri,sans-serif\"><span style=\"background-color:white\">Trojr&yacute;chlostn&yacute; &#8211; za pou\u017eitia <\/span><span style=\"color:black\"><span style=\"background-color:white\"><span style=\"color:black\">regul&aacute;tora ot&aacute;\u010dok Vortice TRIO CA<\/span><\/span><\/span><\/span><\/span><\/span><\/span><\/li>\n<li style=\"text-align:justify\"><span style=\"font-size:11pt\"><span style=\"background-color:white\"><span style=\"color:black\"><span style=\"font-family:Calibri,sans-serif\"><span style=\"color:black\"><strong><span style=\"color:black\">Gu\u013e&ocirc;\u010dkov&eacute; lo\u017eisk&aacute;<\/span><\/strong><\/span><\/span><\/span><\/span><\/span><\/li>\n<li style=\"text-align:justify\"><span style=\"font-size:11pt\"><span style=\"background-color:white\"><span style=\"color:black\"><span style=\"font-family:Calibri,sans-serif\"><span style=\"background-color:white\">Zariadenie nemus&iacute; by\u0165 uzemnen&eacute;, m&aacute; dvojit&uacute; izol&aacute;ciu<\/span><\/span><\/span><\/span><\/span><\/li>\n<li style=\"text-align:justify\"><span style=\"font-size:11pt\"><span style=\"background-color:white\"><span style=\"color:black\"><span style=\"font-family:Calibri,sans-serif\"><span style=\"background-color:white\">S tepelnou ochranou proti pre\u0165a\u017eeniu a ot&aacute;\u010daniu hriade\u013ea v <\/span>gu\u013e&ocirc;\u010dkov&yacute;ch <span style=\"background-color:white\">lo\u017eisk&aacute;ch<\/span><\/span><\/span><\/span><\/span><\/li>\n<li style=\"text-align:justify\"><span style=\"font-size:11pt\"><span style=\"background-color:white\"><span style=\"color:black\"><span style=\"font-family:Calibri,sans-serif\"><span style=\"background-color:white\">Obe\u017en&eacute; koleso ventil&aacute;tora je vyv&aacute;\u017een&eacute; priamo na motore<\/span><\/span><\/span><\/span><\/span><\/li>\n<li style=\"text-align:justify\"><span style=\"font-size:11pt\"><span style=\"background-color:white\"><span style=\"color:black\"><span style=\"font-family:Calibri,sans-serif\"><span style=\"background-color:white\">D-dvojot&aacute;\u010dkov&yacute; motor<\/span><\/span><\/span><\/span><\/span><\/li>\n<\/ul>\n","protected":false},"excerpt":{"rendered":"<p style=\"text-align:justify\"><span style=\"font-size:11pt\"><span style=\"font-family:Calibri,sans-serif\"><span style=\"background-color:white\"><span style=\"color:black\">Radi&aacute;lny potrubn&yacute; ventil&aacute;tor <strong>Vortice CA 125 V0 D <\/strong>s priemerom pripojenia vzduchotechnick&eacute;ho potrubia <strong>&oslash; 150mm<\/strong>. Motor s tienen&yacute;mi p&oacute;lmi m&aacute; <\/span><\/span><span style=\"color:black\">gu\u013e&ocirc;\u010dkov&eacute; <span style=\"background-color:white\">lo\u017eisk&aacute; <\/span><\/span><span style=\"background-color:white\"><span style=\"color:black\">z nerez ocele. Ventil&aacute;tor je ur\u010den&yacute; na napojenie na kruhov&eacute; potrubie a ods&aacute;vanie komer\u010dn&yacute;ch i reziden\u010dn&yacute;ch objektov a je vhodn&yacute; na pripojenie do potrubia s vy&scaron;&scaron;ou tlakovou stratou, dosahuje vysok&yacute;ch vzduchov&yacute;ch v&yacute;konov pri s&uacute;\u010dasnom dodr\u017ean&iacute; n&iacute;zkej hlu\u010dnosti. (Dostupn&yacute; tlak <strong>312 Pa\/<\/strong><\/span><\/span><strong><span style=\"color:black\">Prietok vzduchu <\/span><span style=\"background-color:white\"><span style=\"color:black\">460 m<sup>3<\/sup>\/h<\/span><\/span><\/strong><span style=\"background-color:white\"><span style=\"color:black\">).<\/span><\/span><\/span><\/span><\/p>\n","protected":false},"featured_media":482352,"template":"","meta":[],"product_cat":[1461,1460,1297,1462],"product_tag":[],"class_list":{"0":"post-476828","1":"product","2":"type-product","3":"status-publish","4":"has-post-thumbnail","6":"product_cat-ca","7":"product_cat-potrubne-ventilatory","8":"product_cat-ventilatory","9":"product_cat-ca-vo","10":"pa_dostupny-tlak-pa-196-333","11":"pa_gulockove-loziska-ll-ano","12":"pa_hlucnost-lp-3m-44-56","13":"pa_krytie-ipx4","14":"pa_prevedenie-potrubny-plastovy","15":"pa_priemer-napojenia-mm-3900","16":"pa_typ-ca-vo","17":"pa_vzduchovy-vykon-qv-m3-280-500","18":"pa_znacka-vortice","20":"first","21":"instock","22":"taxable","23":"shipping-taxable","24":"purchasable","25":"product-type-simple"},"yoast_head":"<!-- This site is optimized with the Yoast SEO plugin v23.9 - https:\/\/yoast.com\/wordpress\/plugins\/seo\/ -->\n<title>Ventil\u00e1tor Vortice CA 150 V0 D - KLIMAVEX GROUP - Slovensko<\/title>\n<meta name=\"robots\" content=\"index, follow, max-snippet:-1, max-image-preview:large, max-video-preview:-1\" \/>\n<link rel=\"canonical\" href=\"https:\/\/klimavex.eu\/sk\/katalog\/ventilator-vortice-ca-150-v0-d\/\" \/>\n<meta property=\"og:locale\" content=\"sk_SK\" \/>\n<meta property=\"og:type\" content=\"article\" \/>\n<meta property=\"og:title\" content=\"Ventil\u00e1tor Vortice CA 150 V0 D - KLIMAVEX GROUP - Slovensko\" \/>\n<meta property=\"og:description\" content=\"Radi&aacute;lny potrubn&yacute; ventil&aacute;tor Vortice CA 125 V0 D s priemerom pripojenia vzduchotechnick&eacute;ho potrubia &oslash; 150mm. Motor s tienen&yacute;mi p&oacute;lmi m&aacute; gu\u013e&ocirc;\u010dkov&eacute; lo\u017eisk&aacute; z nerez ocele. Ventil&aacute;tor je ur\u010den&yacute; na napojenie na kruhov&eacute; potrubie a ods&aacute;vanie komer\u010dn&yacute;ch i reziden\u010dn&yacute;ch objektov a je vhodn&yacute; na pripojenie do potrubia s vy&scaron;&scaron;ou tlakovou stratou, dosahuje vysok&yacute;ch vzduchov&yacute;ch v&yacute;konov pri s&uacute;\u010dasnom dodr\u017ean&iacute; n&iacute;zkej hlu\u010dnosti. (Dostupn&yacute; tlak 312 Pa\/Prietok vzduchu 460 m3\/h).\" \/>\n<meta property=\"og:url\" content=\"https:\/\/klimavex.eu\/sk\/katalog\/ventilator-vortice-ca-150-v0-d\/\" \/>\n<meta property=\"og:site_name\" content=\"KLIMAVEX GROUP - Slovensko\" \/>\n<meta property=\"article:publisher\" content=\"https:\/\/www.facebook.com\/klimavex\" \/>\n<meta property=\"article:modified_time\" content=\"2026-03-31T16:35:28+00:00\" \/>\n<meta property=\"og:image\" content=\"https:\/\/klimavex.eu\/sk\/wp-content\/uploads\/2025\/09\/gnklLJrAivnaqgejxFaGL1eXK41ZVtnV0cgHgtDWasc.png\" \/>\n\t<meta property=\"og:image:width\" content=\"572\" \/>\n\t<meta property=\"og:image:height\" content=\"512\" \/>\n\t<meta property=\"og:image:type\" content=\"image\/png\" \/>\n<meta name=\"twitter:card\" content=\"summary_large_image\" \/>\n<meta name=\"twitter:label1\" content=\"Predpokladan\u00fd \u010das \u010d\u00edtania\" \/>\n\t<meta name=\"twitter:data1\" content=\"1 min\u00fata\" \/>\n<script type=\"application\/ld+json\" class=\"yoast-schema-graph\">{\"@context\":\"https:\/\/schema.org\",\"@graph\":[{\"@type\":\"WebPage\",\"@id\":\"https:\/\/klimavex.eu\/sk\/katalog\/ventilator-vortice-ca-150-v0-d\/\",\"url\":\"https:\/\/klimavex.eu\/sk\/katalog\/ventilator-vortice-ca-150-v0-d\/\",\"name\":\"Ventil\u00e1tor Vortice CA 150 V0 D - KLIMAVEX GROUP - Slovensko\",\"isPartOf\":{\"@id\":\"https:\/\/klimavex.eu\/sk\/#website\"},\"primaryImageOfPage\":{\"@id\":\"https:\/\/klimavex.eu\/sk\/katalog\/ventilator-vortice-ca-150-v0-d\/#primaryimage\"},\"image\":{\"@id\":\"https:\/\/klimavex.eu\/sk\/katalog\/ventilator-vortice-ca-150-v0-d\/#primaryimage\"},\"thumbnailUrl\":\"https:\/\/klimavex.eu\/sk\/wp-content\/uploads\/2025\/09\/gnklLJrAivnaqgejxFaGL1eXK41ZVtnV0cgHgtDWasc.png\",\"datePublished\":\"2026-03-31T16:35:07+00:00\",\"dateModified\":\"2026-03-31T16:35:28+00:00\",\"breadcrumb\":{\"@id\":\"https:\/\/klimavex.eu\/sk\/katalog\/ventilator-vortice-ca-150-v0-d\/#breadcrumb\"},\"inLanguage\":\"sk-SK\",\"potentialAction\":[{\"@type\":\"ReadAction\",\"target\":[\"https:\/\/klimavex.eu\/sk\/katalog\/ventilator-vortice-ca-150-v0-d\/\"]}]},{\"@type\":\"ImageObject\",\"inLanguage\":\"sk-SK\",\"@id\":\"https:\/\/klimavex.eu\/sk\/katalog\/ventilator-vortice-ca-150-v0-d\/#primaryimage\",\"url\":\"https:\/\/klimavex.eu\/sk\/wp-content\/uploads\/2025\/09\/gnklLJrAivnaqgejxFaGL1eXK41ZVtnV0cgHgtDWasc.png\",\"contentUrl\":\"https:\/\/klimavex.eu\/sk\/wp-content\/uploads\/2025\/09\/gnklLJrAivnaqgejxFaGL1eXK41ZVtnV0cgHgtDWasc.png\",\"width\":572,\"height\":512},{\"@type\":\"BreadcrumbList\",\"@id\":\"https:\/\/klimavex.eu\/sk\/katalog\/ventilator-vortice-ca-150-v0-d\/#breadcrumb\",\"itemListElement\":[{\"@type\":\"ListItem\",\"position\":1,\"name\":\"Domovsk\u00e1 str\u00e1nka\",\"item\":\"https:\/\/klimavex.eu\/sk\/\"},{\"@type\":\"ListItem\",\"position\":2,\"name\":\"Eshop\",\"item\":\"https:\/\/klimavex.eu\/sk\/eshop\/\"},{\"@type\":\"ListItem\",\"position\":3,\"name\":\"Ventil\u00e1tor Vortice CA 150 V0 D\"}]},{\"@type\":\"WebSite\",\"@id\":\"https:\/\/klimavex.eu\/sk\/#website\",\"url\":\"https:\/\/klimavex.eu\/sk\/\",\"name\":\"KLIMAVEX GROUP - Slovensko\",\"description\":\"\",\"publisher\":{\"@id\":\"https:\/\/klimavex.eu\/sk\/#organization\"},\"alternateName\":\"KLIMAVEX a.s.\",\"potentialAction\":[{\"@type\":\"SearchAction\",\"target\":{\"@type\":\"EntryPoint\",\"urlTemplate\":\"https:\/\/klimavex.eu\/sk\/?s={search_term_string}\"},\"query-input\":{\"@type\":\"PropertyValueSpecification\",\"valueRequired\":true,\"valueName\":\"search_term_string\"}}],\"inLanguage\":\"sk-SK\"},{\"@type\":\"Organization\",\"@id\":\"https:\/\/klimavex.eu\/sk\/#organization\",\"name\":\"KLIMAVEX GROUP\",\"alternateName\":\"KLIMAVEX a.s.\",\"url\":\"https:\/\/klimavex.eu\/sk\/\",\"logo\":{\"@type\":\"ImageObject\",\"inLanguage\":\"sk-SK\",\"@id\":\"https:\/\/klimavex.eu\/sk\/#\/schema\/logo\/image\/\",\"url\":\"https:\/\/klimavex.eu\/sk\/wp-content\/uploads\/2024\/04\/Klimavex-Group-logo.png\",\"contentUrl\":\"https:\/\/klimavex.eu\/sk\/wp-content\/uploads\/2024\/04\/Klimavex-Group-logo.png\",\"width\":1681,\"height\":472,\"caption\":\"KLIMAVEX GROUP\"},\"image\":{\"@id\":\"https:\/\/klimavex.eu\/sk\/#\/schema\/logo\/image\/\"},\"sameAs\":[\"https:\/\/www.facebook.com\/klimavex\",\"https:\/\/www.instagram.com\/klimavex_sk\/\"]}]}<\/script>\n<!-- \/ Yoast SEO plugin. -->","yoast_head_json":{"title":"Ventil\u00e1tor Vortice CA 150 V0 D - KLIMAVEX GROUP - Slovensko","robots":{"index":"index","follow":"follow","max-snippet":"max-snippet:-1","max-image-preview":"max-image-preview:large","max-video-preview":"max-video-preview:-1"},"canonical":"https:\/\/klimavex.eu\/sk\/katalog\/ventilator-vortice-ca-150-v0-d\/","og_locale":"sk_SK","og_type":"article","og_title":"Ventil\u00e1tor Vortice CA 150 V0 D - KLIMAVEX GROUP - Slovensko","og_description":"Radi&aacute;lny potrubn&yacute; ventil&aacute;tor Vortice CA 125 V0 D s priemerom pripojenia vzduchotechnick&eacute;ho potrubia &oslash; 150mm. Motor s tienen&yacute;mi p&oacute;lmi m&aacute; gu\u013e&ocirc;\u010dkov&eacute; lo\u017eisk&aacute; z nerez ocele. Ventil&aacute;tor je ur\u010den&yacute; na napojenie na kruhov&eacute; potrubie a ods&aacute;vanie komer\u010dn&yacute;ch i reziden\u010dn&yacute;ch objektov a je vhodn&yacute; na pripojenie do potrubia s vy&scaron;&scaron;ou tlakovou stratou, dosahuje vysok&yacute;ch vzduchov&yacute;ch v&yacute;konov pri s&uacute;\u010dasnom dodr\u017ean&iacute; n&iacute;zkej hlu\u010dnosti. (Dostupn&yacute; tlak 312 Pa\/Prietok vzduchu 460 m3\/h).","og_url":"https:\/\/klimavex.eu\/sk\/katalog\/ventilator-vortice-ca-150-v0-d\/","og_site_name":"KLIMAVEX GROUP - Slovensko","article_publisher":"https:\/\/www.facebook.com\/klimavex","article_modified_time":"2026-03-31T16:35:28+00:00","og_image":[{"width":572,"height":512,"url":"https:\/\/klimavex.eu\/sk\/wp-content\/uploads\/2025\/09\/gnklLJrAivnaqgejxFaGL1eXK41ZVtnV0cgHgtDWasc.png","type":"image\/png"}],"twitter_card":"summary_large_image","twitter_misc":{"Predpokladan\u00fd \u010das \u010d\u00edtania":"1 min\u00fata"},"schema":{"@context":"https:\/\/schema.org","@graph":[{"@type":"WebPage","@id":"https:\/\/klimavex.eu\/sk\/katalog\/ventilator-vortice-ca-150-v0-d\/","url":"https:\/\/klimavex.eu\/sk\/katalog\/ventilator-vortice-ca-150-v0-d\/","name":"Ventil\u00e1tor Vortice CA 150 V0 D - KLIMAVEX GROUP - Slovensko","isPartOf":{"@id":"https:\/\/klimavex.eu\/sk\/#website"},"primaryImageOfPage":{"@id":"https:\/\/klimavex.eu\/sk\/katalog\/ventilator-vortice-ca-150-v0-d\/#primaryimage"},"image":{"@id":"https:\/\/klimavex.eu\/sk\/katalog\/ventilator-vortice-ca-150-v0-d\/#primaryimage"},"thumbnailUrl":"https:\/\/klimavex.eu\/sk\/wp-content\/uploads\/2025\/09\/gnklLJrAivnaqgejxFaGL1eXK41ZVtnV0cgHgtDWasc.png","datePublished":"2026-03-31T16:35:07+00:00","dateModified":"2026-03-31T16:35:28+00:00","breadcrumb":{"@id":"https:\/\/klimavex.eu\/sk\/katalog\/ventilator-vortice-ca-150-v0-d\/#breadcrumb"},"inLanguage":"sk-SK","potentialAction":[{"@type":"ReadAction","target":["https:\/\/klimavex.eu\/sk\/katalog\/ventilator-vortice-ca-150-v0-d\/"]}]},{"@type":"ImageObject","inLanguage":"sk-SK","@id":"https:\/\/klimavex.eu\/sk\/katalog\/ventilator-vortice-ca-150-v0-d\/#primaryimage","url":"https:\/\/klimavex.eu\/sk\/wp-content\/uploads\/2025\/09\/gnklLJrAivnaqgejxFaGL1eXK41ZVtnV0cgHgtDWasc.png","contentUrl":"https:\/\/klimavex.eu\/sk\/wp-content\/uploads\/2025\/09\/gnklLJrAivnaqgejxFaGL1eXK41ZVtnV0cgHgtDWasc.png","width":572,"height":512},{"@type":"BreadcrumbList","@id":"https:\/\/klimavex.eu\/sk\/katalog\/ventilator-vortice-ca-150-v0-d\/#breadcrumb","itemListElement":[{"@type":"ListItem","position":1,"name":"Domovsk\u00e1 str\u00e1nka","item":"https:\/\/klimavex.eu\/sk\/"},{"@type":"ListItem","position":2,"name":"Eshop","item":"https:\/\/klimavex.eu\/sk\/eshop\/"},{"@type":"ListItem","position":3,"name":"Ventil\u00e1tor Vortice CA 150 V0 D"}]},{"@type":"WebSite","@id":"https:\/\/klimavex.eu\/sk\/#website","url":"https:\/\/klimavex.eu\/sk\/","name":"KLIMAVEX GROUP - Slovensko","description":"","publisher":{"@id":"https:\/\/klimavex.eu\/sk\/#organization"},"alternateName":"KLIMAVEX a.s.","potentialAction":[{"@type":"SearchAction","target":{"@type":"EntryPoint","urlTemplate":"https:\/\/klimavex.eu\/sk\/?s={search_term_string}"},"query-input":{"@type":"PropertyValueSpecification","valueRequired":true,"valueName":"search_term_string"}}],"inLanguage":"sk-SK"},{"@type":"Organization","@id":"https:\/\/klimavex.eu\/sk\/#organization","name":"KLIMAVEX GROUP","alternateName":"KLIMAVEX a.s.","url":"https:\/\/klimavex.eu\/sk\/","logo":{"@type":"ImageObject","inLanguage":"sk-SK","@id":"https:\/\/klimavex.eu\/sk\/#\/schema\/logo\/image\/","url":"https:\/\/klimavex.eu\/sk\/wp-content\/uploads\/2024\/04\/Klimavex-Group-logo.png","contentUrl":"https:\/\/klimavex.eu\/sk\/wp-content\/uploads\/2024\/04\/Klimavex-Group-logo.png","width":1681,"height":472,"caption":"KLIMAVEX GROUP"},"image":{"@id":"https:\/\/klimavex.eu\/sk\/#\/schema\/logo\/image\/"},"sameAs":["https:\/\/www.facebook.com\/klimavex","https:\/\/www.instagram.com\/klimavex_sk\/"]}]}},"_links":{"self":[{"href":"https:\/\/klimavex.eu\/sk\/wp-json\/wp\/v2\/product\/476828","targetHints":{"allow":["GET"]}}],"collection":[{"href":"https:\/\/klimavex.eu\/sk\/wp-json\/wp\/v2\/product"}],"about":[{"href":"https:\/\/klimavex.eu\/sk\/wp-json\/wp\/v2\/types\/product"}],"version-history":[{"count":0,"href":"https:\/\/klimavex.eu\/sk\/wp-json\/wp\/v2\/product\/476828\/revisions"}],"wp:featuredmedia":[{"embeddable":true,"href":"https:\/\/klimavex.eu\/sk\/wp-json\/wp\/v2\/media\/482352"}],"wp:attachment":[{"href":"https:\/\/klimavex.eu\/sk\/wp-json\/wp\/v2\/media?parent=476828"}],"wp:term":[{"taxonomy":"product_cat","embeddable":true,"href":"https:\/\/klimavex.eu\/sk\/wp-json\/wp\/v2\/product_cat?post=476828"},{"taxonomy":"product_tag","embeddable":true,"href":"https:\/\/klimavex.eu\/sk\/wp-json\/wp\/v2\/product_tag?post=476828"}],"curies":[{"name":"wp","href":"https:\/\/api.w.org\/{rel}","templated":true}]}}