{"id":476872,"date":"2026-03-31T18:36:11","date_gmt":"2026-03-31T16:36:11","guid":{"rendered":"https:\/\/klimavex.eu\/sk\/katalog\/ventilator-vortice-vort-qbk-sal-kc-m-400\/"},"modified":"2026-03-31T18:36:27","modified_gmt":"2026-03-31T16:36:27","slug":"ventilator-vortice-vort-qbk-sal-kc-m-400","status":"publish","type":"product","link":"https:\/\/klimavex.eu\/sk\/katalog\/ventilator-vortice-vort-qbk-sal-kc-m-400\/","title":{"rendered":"Ventil\u00e1tor Vortice VORT QBK-SAL KC M 400"},"content":{"rendered":"<p style=\"text-align: justify;\"><strong>K\u013e&uacute;\u010dov&eacute; vlastnosti:<\/strong><\/p>\n<ul>\n<li style=\"text-align: justify;\">Opl&aacute;&scaron;tenie: r&aacute;m vyroben&yacute; z hlin&iacute;kov&yacute;ch profilov posp&aacute;jan&yacute;ch hlin&iacute;kov&yacute;mi spojkami, sendvi\u010dov&eacute; panely z pozinkovan&eacute;ho oce\u013eov&eacute;ho plechu hr&uacute;bky 0,6mm vyplnen&eacute; miner&aacute;lnou vlnou hr&uacute;bky 23mm.<\/li>\n<li style=\"text-align: justify;\">Kruhov&aacute; pr&iacute;ruba na nas&aacute;van&iacute;.<\/li>\n<li style=\"text-align: justify;\">V&yacute;fukov&yacute; otvor obd\u013a\u017enikov&eacute;ho tvaru. V&yacute;fuk je mo\u017en&eacute; orientova\u0165 do troch str&aacute;n (na\u013eavo, napravo, smerom hore) prein&scaron;talovan&iacute;m panelov.<\/li>\n<li style=\"text-align: justify;\">Ventil&aacute;tory vybaven&eacute; 1-ot&aacute;\u010dkov&yacute;m asynchr&oacute;nnym motorom a gu\u013e&ocirc;\u010dkov&yacute;mi lo\u017eiskami, ktor&eacute; zabezpe\u010duj&uacute; dlh&uacute; \u017eivotnos\u0165 a bezporuchov&uacute; prev&aacute;dzku ventil&aacute;toru po\u010das 30000 hod&iacute;n.<\/li>\n<li style=\"text-align: justify;\">Motor je od obe\u017en&eacute;ho kolesa oddelen&yacute; kovov&yacute;m panelom, umiestnen&yacute; mimo pr&uacute;d ods&aacute;van&eacute;ho vzduchu.<\/li>\n<li style=\"text-align: justify;\">Obe\u017en&eacute; koleso z pozinkovanej ocele s dozadu zahnut&yacute;mi lopatkami, dynamicky vyv&aacute;\u017een&eacute;.<\/li>\n<li style=\"text-align: justify;\">Ochrann&yacute; kryt motora z pozinkovanej ocele.<\/li>\n<li style=\"text-align: justify;\">In&scaron;pek\u010dn&yacute; panel s rukov&auml;\u0165ou a trojuholn&iacute;kov&yacute;m k\u013e&uacute;\u010dom.<\/li>\n<li style=\"text-align: justify;\">Kondenza\u010dn&aacute; vani\u010dka z pozinkovanej ocele s v&yacute;pustn&yacute;m otvorom a maticou pre vypustenie.<\/li>\n<li style=\"text-align: justify;\">Regul&aacute;cia ot&aacute;\u010dok ventil&aacute;tora je mo\u017en&aacute; iba cez frekven\u010dn&eacute; meni\u010de.<\/li>\n<li style=\"text-align: justify;\">Krytie motora IP55.<\/li>\n<li style=\"text-align: justify;\">Trieda izol&aacute;cie CL.1.<\/li>\n<li style=\"text-align: justify;\">R&ocirc;zne volite\u013en&eacute; pr&iacute;slu&scaron;enstvo: protida\u017e\u010fov&aacute; strie&scaron;ka, v&yacute;fukov&yacute; n&aacute;stavec, pr&iacute;ruba s kruhov&yacute;m v&yacute;fukom, antivibra\u010dn&eacute; podlo\u017eky, frekven\u010dn&eacute; meni\u010de pre regul&aacute;ciu ot&aacute;\u010dok.<\/li>\n<\/ul>\n","protected":false},"excerpt":{"rendered":"<p style=\"text-align: justify;\">Radi&aacute;lne skri\u0148ov&eacute; ventil&aacute;tory <strong>Vortice QBK SAL KC<\/strong> pre ods&aacute;vanie hor&uacute;cich vzdu&scaron;n&iacute;n s&nbsp;max. teplotou do 120&deg;C s&uacute; vhodn&eacute; pre priemyseln&eacute; alebo komer\u010dn&eacute; aplik&aacute;cie &ndash; <strong>kuchyne<\/strong>. Prev&aacute;dzkov&aacute; teplota -20&deg;C a\u017e 60&deg;C. Jednof&aacute;zov&yacute; model s&nbsp;1-ot&aacute;\u010dkov&yacute;m asynchr&oacute;nnym motorom a&nbsp;<strong>gu\u013e&ocirc;\u010dkov&yacute;mi lo\u017eiskami<\/strong>. Mo\u017enos\u0165 in&scaron;tal&aacute;cie do interi&eacute;ru alebo exteri&eacute;ru (pomocou vhodn&eacute;ho pr&iacute;slu&scaron;enstva).<\/p>\n","protected":false},"featured_media":482469,"template":"","meta":[],"product_cat":[6064,6056,6065],"product_tag":[],"class_list":{"0":"post-476872","1":"product","2":"type-product","3":"status-publish","4":"has-post-thumbnail","6":"product_cat-ventilatory-archivovane-produkty","7":"product_cat-archivovane-produkty","8":"product_cat-archivovane-produkty-ventilatory","9":"pa_dostupny-tlak-pa-4910","10":"pa_hlucnost-lp-3m-4911","11":"pa_krytie-ip55","12":"pa_prevedenie-kuchynsky","13":"pa_priemer-napojenia-mm-4908","14":"pa_typ-qbk-sal","15":"pa_vzduchovy-vykon-qv-m3-4909","16":"pa_znacka-vortice","18":"first","19":"outofstock","20":"taxable","21":"shipping-taxable","22":"purchasable","23":"product-type-simple"},"yoast_head":"<!-- This site is optimized with the Yoast SEO plugin v23.9 - https:\/\/yoast.com\/wordpress\/plugins\/seo\/ -->\n<title>Ventil\u00e1tor Vortice VORT QBK-SAL KC M 400 - KLIMAVEX GROUP - Slovensko<\/title>\n<meta name=\"robots\" content=\"index, follow, max-snippet:-1, max-image-preview:large, max-video-preview:-1\" \/>\n<link rel=\"canonical\" href=\"https:\/\/klimavex.eu\/sk\/katalog\/ventilator-vortice-vort-qbk-sal-kc-m-400\/\" \/>\n<meta property=\"og:locale\" content=\"sk_SK\" \/>\n<meta property=\"og:type\" content=\"article\" \/>\n<meta property=\"og:title\" content=\"Ventil\u00e1tor Vortice VORT QBK-SAL KC M 400 - KLIMAVEX GROUP - Slovensko\" \/>\n<meta property=\"og:description\" content=\"Radi&aacute;lne skri\u0148ov&eacute; ventil&aacute;tory Vortice QBK SAL KC pre ods&aacute;vanie hor&uacute;cich vzdu&scaron;n&iacute;n s&nbsp;max. teplotou do 120&deg;C s&uacute; vhodn&eacute; pre priemyseln&eacute; alebo komer\u010dn&eacute; aplik&aacute;cie &ndash; kuchyne. Prev&aacute;dzkov&aacute; teplota -20&deg;C a\u017e 60&deg;C. Jednof&aacute;zov&yacute; model s&nbsp;1-ot&aacute;\u010dkov&yacute;m asynchr&oacute;nnym motorom a&nbsp;gu\u013e&ocirc;\u010dkov&yacute;mi lo\u017eiskami. Mo\u017enos\u0165 in&scaron;tal&aacute;cie do interi&eacute;ru alebo exteri&eacute;ru (pomocou vhodn&eacute;ho pr&iacute;slu&scaron;enstva).\" \/>\n<meta property=\"og:url\" content=\"https:\/\/klimavex.eu\/sk\/katalog\/ventilator-vortice-vort-qbk-sal-kc-m-400\/\" \/>\n<meta property=\"og:site_name\" content=\"KLIMAVEX GROUP - Slovensko\" \/>\n<meta property=\"article:publisher\" content=\"https:\/\/www.facebook.com\/klimavex\" \/>\n<meta property=\"article:modified_time\" content=\"2026-03-31T16:36:27+00:00\" \/>\n<meta property=\"og:image\" content=\"https:\/\/klimavex.eu\/sk\/wp-content\/uploads\/2025\/09\/D-OFRLjMVhPs_0GeB-UL0liMgdOApIxEbkpf8YXYJLI.png\" \/>\n\t<meta property=\"og:image:width\" content=\"572\" \/>\n\t<meta property=\"og:image:height\" content=\"512\" \/>\n\t<meta property=\"og:image:type\" content=\"image\/png\" \/>\n<meta name=\"twitter:card\" content=\"summary_large_image\" \/>\n<meta name=\"twitter:label1\" content=\"Predpokladan\u00fd \u010das \u010d\u00edtania\" \/>\n\t<meta name=\"twitter:data1\" content=\"2 min\u00faty\" \/>\n<script type=\"application\/ld+json\" class=\"yoast-schema-graph\">{\"@context\":\"https:\/\/schema.org\",\"@graph\":[{\"@type\":\"WebPage\",\"@id\":\"https:\/\/klimavex.eu\/sk\/katalog\/ventilator-vortice-vort-qbk-sal-kc-m-400\/\",\"url\":\"https:\/\/klimavex.eu\/sk\/katalog\/ventilator-vortice-vort-qbk-sal-kc-m-400\/\",\"name\":\"Ventil\u00e1tor Vortice VORT QBK-SAL KC M 400 - KLIMAVEX GROUP - Slovensko\",\"isPartOf\":{\"@id\":\"https:\/\/klimavex.eu\/sk\/#website\"},\"primaryImageOfPage\":{\"@id\":\"https:\/\/klimavex.eu\/sk\/katalog\/ventilator-vortice-vort-qbk-sal-kc-m-400\/#primaryimage\"},\"image\":{\"@id\":\"https:\/\/klimavex.eu\/sk\/katalog\/ventilator-vortice-vort-qbk-sal-kc-m-400\/#primaryimage\"},\"thumbnailUrl\":\"https:\/\/klimavex.eu\/sk\/wp-content\/uploads\/2025\/09\/D-OFRLjMVhPs_0GeB-UL0liMgdOApIxEbkpf8YXYJLI.png\",\"datePublished\":\"2026-03-31T16:36:11+00:00\",\"dateModified\":\"2026-03-31T16:36:27+00:00\",\"breadcrumb\":{\"@id\":\"https:\/\/klimavex.eu\/sk\/katalog\/ventilator-vortice-vort-qbk-sal-kc-m-400\/#breadcrumb\"},\"inLanguage\":\"sk-SK\",\"potentialAction\":[{\"@type\":\"ReadAction\",\"target\":[\"https:\/\/klimavex.eu\/sk\/katalog\/ventilator-vortice-vort-qbk-sal-kc-m-400\/\"]}]},{\"@type\":\"ImageObject\",\"inLanguage\":\"sk-SK\",\"@id\":\"https:\/\/klimavex.eu\/sk\/katalog\/ventilator-vortice-vort-qbk-sal-kc-m-400\/#primaryimage\",\"url\":\"https:\/\/klimavex.eu\/sk\/wp-content\/uploads\/2025\/09\/D-OFRLjMVhPs_0GeB-UL0liMgdOApIxEbkpf8YXYJLI.png\",\"contentUrl\":\"https:\/\/klimavex.eu\/sk\/wp-content\/uploads\/2025\/09\/D-OFRLjMVhPs_0GeB-UL0liMgdOApIxEbkpf8YXYJLI.png\",\"width\":572,\"height\":512},{\"@type\":\"BreadcrumbList\",\"@id\":\"https:\/\/klimavex.eu\/sk\/katalog\/ventilator-vortice-vort-qbk-sal-kc-m-400\/#breadcrumb\",\"itemListElement\":[{\"@type\":\"ListItem\",\"position\":1,\"name\":\"Domovsk\u00e1 str\u00e1nka\",\"item\":\"https:\/\/klimavex.eu\/sk\/\"},{\"@type\":\"ListItem\",\"position\":2,\"name\":\"Eshop\",\"item\":\"https:\/\/klimavex.eu\/sk\/eshop\/\"},{\"@type\":\"ListItem\",\"position\":3,\"name\":\"Ventil\u00e1tor Vortice VORT QBK-SAL KC M 400\"}]},{\"@type\":\"WebSite\",\"@id\":\"https:\/\/klimavex.eu\/sk\/#website\",\"url\":\"https:\/\/klimavex.eu\/sk\/\",\"name\":\"KLIMAVEX GROUP - Slovensko\",\"description\":\"\",\"publisher\":{\"@id\":\"https:\/\/klimavex.eu\/sk\/#organization\"},\"alternateName\":\"KLIMAVEX a.s.\",\"potentialAction\":[{\"@type\":\"SearchAction\",\"target\":{\"@type\":\"EntryPoint\",\"urlTemplate\":\"https:\/\/klimavex.eu\/sk\/?s={search_term_string}\"},\"query-input\":{\"@type\":\"PropertyValueSpecification\",\"valueRequired\":true,\"valueName\":\"search_term_string\"}}],\"inLanguage\":\"sk-SK\"},{\"@type\":\"Organization\",\"@id\":\"https:\/\/klimavex.eu\/sk\/#organization\",\"name\":\"KLIMAVEX GROUP\",\"alternateName\":\"KLIMAVEX a.s.\",\"url\":\"https:\/\/klimavex.eu\/sk\/\",\"logo\":{\"@type\":\"ImageObject\",\"inLanguage\":\"sk-SK\",\"@id\":\"https:\/\/klimavex.eu\/sk\/#\/schema\/logo\/image\/\",\"url\":\"https:\/\/klimavex.eu\/sk\/wp-content\/uploads\/2024\/04\/Klimavex-Group-logo.png\",\"contentUrl\":\"https:\/\/klimavex.eu\/sk\/wp-content\/uploads\/2024\/04\/Klimavex-Group-logo.png\",\"width\":1681,\"height\":472,\"caption\":\"KLIMAVEX GROUP\"},\"image\":{\"@id\":\"https:\/\/klimavex.eu\/sk\/#\/schema\/logo\/image\/\"},\"sameAs\":[\"https:\/\/www.facebook.com\/klimavex\",\"https:\/\/www.instagram.com\/klimavex_sk\/\"]}]}<\/script>\n<!-- \/ Yoast SEO plugin. -->","yoast_head_json":{"title":"Ventil\u00e1tor Vortice VORT QBK-SAL KC M 400 - KLIMAVEX GROUP - Slovensko","robots":{"index":"index","follow":"follow","max-snippet":"max-snippet:-1","max-image-preview":"max-image-preview:large","max-video-preview":"max-video-preview:-1"},"canonical":"https:\/\/klimavex.eu\/sk\/katalog\/ventilator-vortice-vort-qbk-sal-kc-m-400\/","og_locale":"sk_SK","og_type":"article","og_title":"Ventil\u00e1tor Vortice VORT QBK-SAL KC M 400 - KLIMAVEX GROUP - Slovensko","og_description":"Radi&aacute;lne skri\u0148ov&eacute; ventil&aacute;tory Vortice QBK SAL KC pre ods&aacute;vanie hor&uacute;cich vzdu&scaron;n&iacute;n s&nbsp;max. teplotou do 120&deg;C s&uacute; vhodn&eacute; pre priemyseln&eacute; alebo komer\u010dn&eacute; aplik&aacute;cie &ndash; kuchyne. Prev&aacute;dzkov&aacute; teplota -20&deg;C a\u017e 60&deg;C. Jednof&aacute;zov&yacute; model s&nbsp;1-ot&aacute;\u010dkov&yacute;m asynchr&oacute;nnym motorom a&nbsp;gu\u013e&ocirc;\u010dkov&yacute;mi lo\u017eiskami. Mo\u017enos\u0165 in&scaron;tal&aacute;cie do interi&eacute;ru alebo exteri&eacute;ru (pomocou vhodn&eacute;ho pr&iacute;slu&scaron;enstva).","og_url":"https:\/\/klimavex.eu\/sk\/katalog\/ventilator-vortice-vort-qbk-sal-kc-m-400\/","og_site_name":"KLIMAVEX GROUP - Slovensko","article_publisher":"https:\/\/www.facebook.com\/klimavex","article_modified_time":"2026-03-31T16:36:27+00:00","og_image":[{"width":572,"height":512,"url":"https:\/\/klimavex.eu\/sk\/wp-content\/uploads\/2025\/09\/D-OFRLjMVhPs_0GeB-UL0liMgdOApIxEbkpf8YXYJLI.png","type":"image\/png"}],"twitter_card":"summary_large_image","twitter_misc":{"Predpokladan\u00fd \u010das \u010d\u00edtania":"2 min\u00faty"},"schema":{"@context":"https:\/\/schema.org","@graph":[{"@type":"WebPage","@id":"https:\/\/klimavex.eu\/sk\/katalog\/ventilator-vortice-vort-qbk-sal-kc-m-400\/","url":"https:\/\/klimavex.eu\/sk\/katalog\/ventilator-vortice-vort-qbk-sal-kc-m-400\/","name":"Ventil\u00e1tor Vortice VORT QBK-SAL KC M 400 - KLIMAVEX GROUP - Slovensko","isPartOf":{"@id":"https:\/\/klimavex.eu\/sk\/#website"},"primaryImageOfPage":{"@id":"https:\/\/klimavex.eu\/sk\/katalog\/ventilator-vortice-vort-qbk-sal-kc-m-400\/#primaryimage"},"image":{"@id":"https:\/\/klimavex.eu\/sk\/katalog\/ventilator-vortice-vort-qbk-sal-kc-m-400\/#primaryimage"},"thumbnailUrl":"https:\/\/klimavex.eu\/sk\/wp-content\/uploads\/2025\/09\/D-OFRLjMVhPs_0GeB-UL0liMgdOApIxEbkpf8YXYJLI.png","datePublished":"2026-03-31T16:36:11+00:00","dateModified":"2026-03-31T16:36:27+00:00","breadcrumb":{"@id":"https:\/\/klimavex.eu\/sk\/katalog\/ventilator-vortice-vort-qbk-sal-kc-m-400\/#breadcrumb"},"inLanguage":"sk-SK","potentialAction":[{"@type":"ReadAction","target":["https:\/\/klimavex.eu\/sk\/katalog\/ventilator-vortice-vort-qbk-sal-kc-m-400\/"]}]},{"@type":"ImageObject","inLanguage":"sk-SK","@id":"https:\/\/klimavex.eu\/sk\/katalog\/ventilator-vortice-vort-qbk-sal-kc-m-400\/#primaryimage","url":"https:\/\/klimavex.eu\/sk\/wp-content\/uploads\/2025\/09\/D-OFRLjMVhPs_0GeB-UL0liMgdOApIxEbkpf8YXYJLI.png","contentUrl":"https:\/\/klimavex.eu\/sk\/wp-content\/uploads\/2025\/09\/D-OFRLjMVhPs_0GeB-UL0liMgdOApIxEbkpf8YXYJLI.png","width":572,"height":512},{"@type":"BreadcrumbList","@id":"https:\/\/klimavex.eu\/sk\/katalog\/ventilator-vortice-vort-qbk-sal-kc-m-400\/#breadcrumb","itemListElement":[{"@type":"ListItem","position":1,"name":"Domovsk\u00e1 str\u00e1nka","item":"https:\/\/klimavex.eu\/sk\/"},{"@type":"ListItem","position":2,"name":"Eshop","item":"https:\/\/klimavex.eu\/sk\/eshop\/"},{"@type":"ListItem","position":3,"name":"Ventil\u00e1tor Vortice VORT QBK-SAL KC M 400"}]},{"@type":"WebSite","@id":"https:\/\/klimavex.eu\/sk\/#website","url":"https:\/\/klimavex.eu\/sk\/","name":"KLIMAVEX GROUP - Slovensko","description":"","publisher":{"@id":"https:\/\/klimavex.eu\/sk\/#organization"},"alternateName":"KLIMAVEX a.s.","potentialAction":[{"@type":"SearchAction","target":{"@type":"EntryPoint","urlTemplate":"https:\/\/klimavex.eu\/sk\/?s={search_term_string}"},"query-input":{"@type":"PropertyValueSpecification","valueRequired":true,"valueName":"search_term_string"}}],"inLanguage":"sk-SK"},{"@type":"Organization","@id":"https:\/\/klimavex.eu\/sk\/#organization","name":"KLIMAVEX GROUP","alternateName":"KLIMAVEX a.s.","url":"https:\/\/klimavex.eu\/sk\/","logo":{"@type":"ImageObject","inLanguage":"sk-SK","@id":"https:\/\/klimavex.eu\/sk\/#\/schema\/logo\/image\/","url":"https:\/\/klimavex.eu\/sk\/wp-content\/uploads\/2024\/04\/Klimavex-Group-logo.png","contentUrl":"https:\/\/klimavex.eu\/sk\/wp-content\/uploads\/2024\/04\/Klimavex-Group-logo.png","width":1681,"height":472,"caption":"KLIMAVEX GROUP"},"image":{"@id":"https:\/\/klimavex.eu\/sk\/#\/schema\/logo\/image\/"},"sameAs":["https:\/\/www.facebook.com\/klimavex","https:\/\/www.instagram.com\/klimavex_sk\/"]}]}},"_links":{"self":[{"href":"https:\/\/klimavex.eu\/sk\/wp-json\/wp\/v2\/product\/476872","targetHints":{"allow":["GET"]}}],"collection":[{"href":"https:\/\/klimavex.eu\/sk\/wp-json\/wp\/v2\/product"}],"about":[{"href":"https:\/\/klimavex.eu\/sk\/wp-json\/wp\/v2\/types\/product"}],"version-history":[{"count":0,"href":"https:\/\/klimavex.eu\/sk\/wp-json\/wp\/v2\/product\/476872\/revisions"}],"wp:featuredmedia":[{"embeddable":true,"href":"https:\/\/klimavex.eu\/sk\/wp-json\/wp\/v2\/media\/482469"}],"wp:attachment":[{"href":"https:\/\/klimavex.eu\/sk\/wp-json\/wp\/v2\/media?parent=476872"}],"wp:term":[{"taxonomy":"product_cat","embeddable":true,"href":"https:\/\/klimavex.eu\/sk\/wp-json\/wp\/v2\/product_cat?post=476872"},{"taxonomy":"product_tag","embeddable":true,"href":"https:\/\/klimavex.eu\/sk\/wp-json\/wp\/v2\/product_tag?post=476872"}],"curies":[{"name":"wp","href":"https:\/\/api.w.org\/{rel}","templated":true}]}}