{"id":476879,"date":"2026-03-31T18:36:11","date_gmt":"2026-03-31T16:36:11","guid":{"rendered":"https:\/\/klimavex.eu\/sk\/katalog\/vortice-af-150-filtracny-box\/"},"modified":"2026-03-31T18:36:35","modified_gmt":"2026-03-31T16:36:35","slug":"vortice-af-150-filtracny-box","status":"publish","type":"product","link":"https:\/\/klimavex.eu\/sk\/katalog\/vortice-af-150-filtracny-box\/","title":{"rendered":"Vortice AF 150 (filtra\u010dn\u00fd box)"},"content":{"rendered":"","protected":false},"excerpt":{"rendered":"<p style=\"text-align:justify\"><span style=\"font-size:11pt\"><span style=\"font-family:Calibri,sans-serif\">Vzduchov&yacute; filter radu AF &#8211; &Oslash; 150mm. Je navrhnut&yacute; tak, aby umo\u017e\u0148oval dia\u013ekov&uacute; filtr&aacute;ciu v syst&eacute;moch n&uacute;ten&eacute;ho vetrania a najm&auml; aby bol spojen&yacute; s vetrac&iacute;mi jednotkami. Filtra\u010dn&eacute; m&eacute;dium sa sklad&aacute; z vl&aacute;kien pokryt&yacute;ch vysoko pri\u013enavou l&aacute;tkou, ktor&aacute; zlep&scaron;uje zachyt&aacute;vanie prachu. Dr&ocirc;ten&aacute; kon&scaron;trukcia udr\u017euje roho\u017e v rovine a u\u013eah\u010duje tak rovnomern&yacute; priechod vzduchu. N&aacute;doba je vyroben&aacute; z pozinkovanej ocele s kontroln&yacute;m poklopom, ktor&yacute; je mo\u017en&eacute; \u013eahko otvori\u0165 pre be\u017en&uacute; &uacute;dr\u017ebu filtra\u010dn&yacute;ch prvkov. Ur\u010den&eacute; pre vn&uacute;torn&eacute; prostredie s maxim&aacute;lnou teplotou 60 &deg;C. Maj&uacute; funkciu odlu\u010dovania be\u017en&yacute;ch ne\u010dist&ocirc;t, ako s&uacute;: prach, \u017emolky, &scaron;pina at\u010f. K syst&eacute;mu sa prip&aacute;jaj&uacute; nasaden&iacute;m na dve valcov&eacute; pozinkovan&eacute; oce\u013eov&eacute; pr&iacute;pojky so zabudovan&yacute;mi kruhov&yacute;mi gumov&yacute;mi tesneniami v tvare &quot;T&quot;.<\/span><\/span><\/p>\n<p style=\"text-align:justify\"><span style=\"font-size:11pt\"><span style=\"font-family:Calibri,sans-serif\"><strong>Dostupnos\u0165<\/strong>: &Scaron;tandardn&aacute; doba dodania 2-3 t&yacute;\u017edne.<\/span><\/span><\/p>\n","protected":false},"featured_media":482508,"template":"","meta":[],"product_cat":[1908],"product_tag":[],"class_list":{"0":"post-476879","1":"product","2":"type-product","3":"status-publish","4":"has-post-thumbnail","6":"product_cat-prislusenstvo-ventilatory","7":"pa_typ-prislusenstvo","8":"pa_znacka-vortice","10":"first","11":"instock","12":"taxable","13":"shipping-taxable","14":"purchasable","15":"product-type-simple"},"yoast_head":"<!-- This site is optimized with the Yoast SEO plugin v23.9 - https:\/\/yoast.com\/wordpress\/plugins\/seo\/ -->\n<title>Vortice AF 150 (filtra\u010dn\u00fd box) - KLIMAVEX GROUP - Slovensko<\/title>\n<meta name=\"robots\" content=\"index, follow, max-snippet:-1, max-image-preview:large, max-video-preview:-1\" \/>\n<link rel=\"canonical\" href=\"https:\/\/klimavex.eu\/sk\/katalog\/vortice-af-150-filtracny-box\/\" \/>\n<meta property=\"og:locale\" content=\"sk_SK\" \/>\n<meta property=\"og:type\" content=\"article\" \/>\n<meta property=\"og:title\" content=\"Vortice AF 150 (filtra\u010dn\u00fd box) - KLIMAVEX GROUP - Slovensko\" \/>\n<meta property=\"og:description\" content=\"Vzduchov&yacute; filter radu AF - &Oslash; 150mm. Je navrhnut&yacute; tak, aby umo\u017e\u0148oval dia\u013ekov&uacute; filtr&aacute;ciu v syst&eacute;moch n&uacute;ten&eacute;ho vetrania a najm&auml; aby bol spojen&yacute; s vetrac&iacute;mi jednotkami. Filtra\u010dn&eacute; m&eacute;dium sa sklad&aacute; z vl&aacute;kien pokryt&yacute;ch vysoko pri\u013enavou l&aacute;tkou, ktor&aacute; zlep&scaron;uje zachyt&aacute;vanie prachu. Dr&ocirc;ten&aacute; kon&scaron;trukcia udr\u017euje roho\u017e v rovine a u\u013eah\u010duje tak rovnomern&yacute; priechod vzduchu. N&aacute;doba je vyroben&aacute; z pozinkovanej ocele s kontroln&yacute;m poklopom, ktor&yacute; je mo\u017en&eacute; \u013eahko otvori\u0165 pre be\u017en&uacute; &uacute;dr\u017ebu filtra\u010dn&yacute;ch prvkov. Ur\u010den&eacute; pre vn&uacute;torn&eacute; prostredie s maxim&aacute;lnou teplotou 60 &deg;C. Maj&uacute; funkciu odlu\u010dovania be\u017en&yacute;ch ne\u010dist&ocirc;t, ako s&uacute;: prach, \u017emolky, &scaron;pina at\u010f. K syst&eacute;mu sa prip&aacute;jaj&uacute; nasaden&iacute;m na dve valcov&eacute; pozinkovan&eacute; oce\u013eov&eacute; pr&iacute;pojky so zabudovan&yacute;mi kruhov&yacute;mi gumov&yacute;mi tesneniami v tvare &quot;T&quot;. Dostupnos\u0165: &Scaron;tandardn&aacute; doba dodania 2-3 t&yacute;\u017edne.\" \/>\n<meta property=\"og:url\" content=\"https:\/\/klimavex.eu\/sk\/katalog\/vortice-af-150-filtracny-box\/\" \/>\n<meta property=\"og:site_name\" content=\"KLIMAVEX GROUP - Slovensko\" \/>\n<meta property=\"article:publisher\" content=\"https:\/\/www.facebook.com\/klimavex\" \/>\n<meta property=\"article:modified_time\" content=\"2026-03-31T16:36:35+00:00\" \/>\n<meta property=\"og:image\" content=\"https:\/\/klimavex.eu\/sk\/wp-content\/uploads\/2025\/09\/Irs3Zy0ipYkGp_zvXYimKvlVPMg8D0wNQSmdFQmVYeE.png\" \/>\n\t<meta property=\"og:image:width\" content=\"572\" \/>\n\t<meta property=\"og:image:height\" content=\"512\" \/>\n\t<meta property=\"og:image:type\" content=\"image\/png\" \/>\n<meta name=\"twitter:card\" content=\"summary_large_image\" \/>\n<script type=\"application\/ld+json\" class=\"yoast-schema-graph\">{\"@context\":\"https:\/\/schema.org\",\"@graph\":[{\"@type\":\"WebPage\",\"@id\":\"https:\/\/klimavex.eu\/sk\/katalog\/vortice-af-150-filtracny-box\/\",\"url\":\"https:\/\/klimavex.eu\/sk\/katalog\/vortice-af-150-filtracny-box\/\",\"name\":\"Vortice AF 150 (filtra\u010dn\u00fd box) - KLIMAVEX GROUP - Slovensko\",\"isPartOf\":{\"@id\":\"https:\/\/klimavex.eu\/sk\/#website\"},\"primaryImageOfPage\":{\"@id\":\"https:\/\/klimavex.eu\/sk\/katalog\/vortice-af-150-filtracny-box\/#primaryimage\"},\"image\":{\"@id\":\"https:\/\/klimavex.eu\/sk\/katalog\/vortice-af-150-filtracny-box\/#primaryimage\"},\"thumbnailUrl\":\"https:\/\/klimavex.eu\/sk\/wp-content\/uploads\/2025\/09\/Irs3Zy0ipYkGp_zvXYimKvlVPMg8D0wNQSmdFQmVYeE.png\",\"datePublished\":\"2026-03-31T16:36:11+00:00\",\"dateModified\":\"2026-03-31T16:36:35+00:00\",\"breadcrumb\":{\"@id\":\"https:\/\/klimavex.eu\/sk\/katalog\/vortice-af-150-filtracny-box\/#breadcrumb\"},\"inLanguage\":\"sk-SK\",\"potentialAction\":[{\"@type\":\"ReadAction\",\"target\":[\"https:\/\/klimavex.eu\/sk\/katalog\/vortice-af-150-filtracny-box\/\"]}]},{\"@type\":\"ImageObject\",\"inLanguage\":\"sk-SK\",\"@id\":\"https:\/\/klimavex.eu\/sk\/katalog\/vortice-af-150-filtracny-box\/#primaryimage\",\"url\":\"https:\/\/klimavex.eu\/sk\/wp-content\/uploads\/2025\/09\/Irs3Zy0ipYkGp_zvXYimKvlVPMg8D0wNQSmdFQmVYeE.png\",\"contentUrl\":\"https:\/\/klimavex.eu\/sk\/wp-content\/uploads\/2025\/09\/Irs3Zy0ipYkGp_zvXYimKvlVPMg8D0wNQSmdFQmVYeE.png\",\"width\":572,\"height\":512},{\"@type\":\"BreadcrumbList\",\"@id\":\"https:\/\/klimavex.eu\/sk\/katalog\/vortice-af-150-filtracny-box\/#breadcrumb\",\"itemListElement\":[{\"@type\":\"ListItem\",\"position\":1,\"name\":\"Domovsk\u00e1 str\u00e1nka\",\"item\":\"https:\/\/klimavex.eu\/sk\/\"},{\"@type\":\"ListItem\",\"position\":2,\"name\":\"Eshop\",\"item\":\"https:\/\/klimavex.eu\/sk\/eshop\/\"},{\"@type\":\"ListItem\",\"position\":3,\"name\":\"Vortice AF 150 (filtra\u010dn\u00fd box)\"}]},{\"@type\":\"WebSite\",\"@id\":\"https:\/\/klimavex.eu\/sk\/#website\",\"url\":\"https:\/\/klimavex.eu\/sk\/\",\"name\":\"KLIMAVEX GROUP - Slovensko\",\"description\":\"\",\"publisher\":{\"@id\":\"https:\/\/klimavex.eu\/sk\/#organization\"},\"alternateName\":\"KLIMAVEX a.s.\",\"potentialAction\":[{\"@type\":\"SearchAction\",\"target\":{\"@type\":\"EntryPoint\",\"urlTemplate\":\"https:\/\/klimavex.eu\/sk\/?s={search_term_string}\"},\"query-input\":{\"@type\":\"PropertyValueSpecification\",\"valueRequired\":true,\"valueName\":\"search_term_string\"}}],\"inLanguage\":\"sk-SK\"},{\"@type\":\"Organization\",\"@id\":\"https:\/\/klimavex.eu\/sk\/#organization\",\"name\":\"KLIMAVEX GROUP\",\"alternateName\":\"KLIMAVEX a.s.\",\"url\":\"https:\/\/klimavex.eu\/sk\/\",\"logo\":{\"@type\":\"ImageObject\",\"inLanguage\":\"sk-SK\",\"@id\":\"https:\/\/klimavex.eu\/sk\/#\/schema\/logo\/image\/\",\"url\":\"https:\/\/klimavex.eu\/sk\/wp-content\/uploads\/2024\/04\/Klimavex-Group-logo.png\",\"contentUrl\":\"https:\/\/klimavex.eu\/sk\/wp-content\/uploads\/2024\/04\/Klimavex-Group-logo.png\",\"width\":1681,\"height\":472,\"caption\":\"KLIMAVEX GROUP\"},\"image\":{\"@id\":\"https:\/\/klimavex.eu\/sk\/#\/schema\/logo\/image\/\"},\"sameAs\":[\"https:\/\/www.facebook.com\/klimavex\",\"https:\/\/www.instagram.com\/klimavex_sk\/\"]}]}<\/script>\n<!-- \/ Yoast SEO plugin. -->","yoast_head_json":{"title":"Vortice AF 150 (filtra\u010dn\u00fd box) - KLIMAVEX GROUP - Slovensko","robots":{"index":"index","follow":"follow","max-snippet":"max-snippet:-1","max-image-preview":"max-image-preview:large","max-video-preview":"max-video-preview:-1"},"canonical":"https:\/\/klimavex.eu\/sk\/katalog\/vortice-af-150-filtracny-box\/","og_locale":"sk_SK","og_type":"article","og_title":"Vortice AF 150 (filtra\u010dn\u00fd box) - KLIMAVEX GROUP - Slovensko","og_description":"Vzduchov&yacute; filter radu AF - &Oslash; 150mm. Je navrhnut&yacute; tak, aby umo\u017e\u0148oval dia\u013ekov&uacute; filtr&aacute;ciu v syst&eacute;moch n&uacute;ten&eacute;ho vetrania a najm&auml; aby bol spojen&yacute; s vetrac&iacute;mi jednotkami. Filtra\u010dn&eacute; m&eacute;dium sa sklad&aacute; z vl&aacute;kien pokryt&yacute;ch vysoko pri\u013enavou l&aacute;tkou, ktor&aacute; zlep&scaron;uje zachyt&aacute;vanie prachu. Dr&ocirc;ten&aacute; kon&scaron;trukcia udr\u017euje roho\u017e v rovine a u\u013eah\u010duje tak rovnomern&yacute; priechod vzduchu. N&aacute;doba je vyroben&aacute; z pozinkovanej ocele s kontroln&yacute;m poklopom, ktor&yacute; je mo\u017en&eacute; \u013eahko otvori\u0165 pre be\u017en&uacute; &uacute;dr\u017ebu filtra\u010dn&yacute;ch prvkov. Ur\u010den&eacute; pre vn&uacute;torn&eacute; prostredie s maxim&aacute;lnou teplotou 60 &deg;C. Maj&uacute; funkciu odlu\u010dovania be\u017en&yacute;ch ne\u010dist&ocirc;t, ako s&uacute;: prach, \u017emolky, &scaron;pina at\u010f. K syst&eacute;mu sa prip&aacute;jaj&uacute; nasaden&iacute;m na dve valcov&eacute; pozinkovan&eacute; oce\u013eov&eacute; pr&iacute;pojky so zabudovan&yacute;mi kruhov&yacute;mi gumov&yacute;mi tesneniami v tvare &quot;T&quot;. Dostupnos\u0165: &Scaron;tandardn&aacute; doba dodania 2-3 t&yacute;\u017edne.","og_url":"https:\/\/klimavex.eu\/sk\/katalog\/vortice-af-150-filtracny-box\/","og_site_name":"KLIMAVEX GROUP - Slovensko","article_publisher":"https:\/\/www.facebook.com\/klimavex","article_modified_time":"2026-03-31T16:36:35+00:00","og_image":[{"width":572,"height":512,"url":"https:\/\/klimavex.eu\/sk\/wp-content\/uploads\/2025\/09\/Irs3Zy0ipYkGp_zvXYimKvlVPMg8D0wNQSmdFQmVYeE.png","type":"image\/png"}],"twitter_card":"summary_large_image","schema":{"@context":"https:\/\/schema.org","@graph":[{"@type":"WebPage","@id":"https:\/\/klimavex.eu\/sk\/katalog\/vortice-af-150-filtracny-box\/","url":"https:\/\/klimavex.eu\/sk\/katalog\/vortice-af-150-filtracny-box\/","name":"Vortice AF 150 (filtra\u010dn\u00fd box) - KLIMAVEX GROUP - Slovensko","isPartOf":{"@id":"https:\/\/klimavex.eu\/sk\/#website"},"primaryImageOfPage":{"@id":"https:\/\/klimavex.eu\/sk\/katalog\/vortice-af-150-filtracny-box\/#primaryimage"},"image":{"@id":"https:\/\/klimavex.eu\/sk\/katalog\/vortice-af-150-filtracny-box\/#primaryimage"},"thumbnailUrl":"https:\/\/klimavex.eu\/sk\/wp-content\/uploads\/2025\/09\/Irs3Zy0ipYkGp_zvXYimKvlVPMg8D0wNQSmdFQmVYeE.png","datePublished":"2026-03-31T16:36:11+00:00","dateModified":"2026-03-31T16:36:35+00:00","breadcrumb":{"@id":"https:\/\/klimavex.eu\/sk\/katalog\/vortice-af-150-filtracny-box\/#breadcrumb"},"inLanguage":"sk-SK","potentialAction":[{"@type":"ReadAction","target":["https:\/\/klimavex.eu\/sk\/katalog\/vortice-af-150-filtracny-box\/"]}]},{"@type":"ImageObject","inLanguage":"sk-SK","@id":"https:\/\/klimavex.eu\/sk\/katalog\/vortice-af-150-filtracny-box\/#primaryimage","url":"https:\/\/klimavex.eu\/sk\/wp-content\/uploads\/2025\/09\/Irs3Zy0ipYkGp_zvXYimKvlVPMg8D0wNQSmdFQmVYeE.png","contentUrl":"https:\/\/klimavex.eu\/sk\/wp-content\/uploads\/2025\/09\/Irs3Zy0ipYkGp_zvXYimKvlVPMg8D0wNQSmdFQmVYeE.png","width":572,"height":512},{"@type":"BreadcrumbList","@id":"https:\/\/klimavex.eu\/sk\/katalog\/vortice-af-150-filtracny-box\/#breadcrumb","itemListElement":[{"@type":"ListItem","position":1,"name":"Domovsk\u00e1 str\u00e1nka","item":"https:\/\/klimavex.eu\/sk\/"},{"@type":"ListItem","position":2,"name":"Eshop","item":"https:\/\/klimavex.eu\/sk\/eshop\/"},{"@type":"ListItem","position":3,"name":"Vortice AF 150 (filtra\u010dn\u00fd box)"}]},{"@type":"WebSite","@id":"https:\/\/klimavex.eu\/sk\/#website","url":"https:\/\/klimavex.eu\/sk\/","name":"KLIMAVEX GROUP - Slovensko","description":"","publisher":{"@id":"https:\/\/klimavex.eu\/sk\/#organization"},"alternateName":"KLIMAVEX a.s.","potentialAction":[{"@type":"SearchAction","target":{"@type":"EntryPoint","urlTemplate":"https:\/\/klimavex.eu\/sk\/?s={search_term_string}"},"query-input":{"@type":"PropertyValueSpecification","valueRequired":true,"valueName":"search_term_string"}}],"inLanguage":"sk-SK"},{"@type":"Organization","@id":"https:\/\/klimavex.eu\/sk\/#organization","name":"KLIMAVEX GROUP","alternateName":"KLIMAVEX a.s.","url":"https:\/\/klimavex.eu\/sk\/","logo":{"@type":"ImageObject","inLanguage":"sk-SK","@id":"https:\/\/klimavex.eu\/sk\/#\/schema\/logo\/image\/","url":"https:\/\/klimavex.eu\/sk\/wp-content\/uploads\/2024\/04\/Klimavex-Group-logo.png","contentUrl":"https:\/\/klimavex.eu\/sk\/wp-content\/uploads\/2024\/04\/Klimavex-Group-logo.png","width":1681,"height":472,"caption":"KLIMAVEX GROUP"},"image":{"@id":"https:\/\/klimavex.eu\/sk\/#\/schema\/logo\/image\/"},"sameAs":["https:\/\/www.facebook.com\/klimavex","https:\/\/www.instagram.com\/klimavex_sk\/"]}]}},"_links":{"self":[{"href":"https:\/\/klimavex.eu\/sk\/wp-json\/wp\/v2\/product\/476879","targetHints":{"allow":["GET"]}}],"collection":[{"href":"https:\/\/klimavex.eu\/sk\/wp-json\/wp\/v2\/product"}],"about":[{"href":"https:\/\/klimavex.eu\/sk\/wp-json\/wp\/v2\/types\/product"}],"version-history":[{"count":0,"href":"https:\/\/klimavex.eu\/sk\/wp-json\/wp\/v2\/product\/476879\/revisions"}],"wp:featuredmedia":[{"embeddable":true,"href":"https:\/\/klimavex.eu\/sk\/wp-json\/wp\/v2\/media\/482508"}],"wp:attachment":[{"href":"https:\/\/klimavex.eu\/sk\/wp-json\/wp\/v2\/media?parent=476879"}],"wp:term":[{"taxonomy":"product_cat","embeddable":true,"href":"https:\/\/klimavex.eu\/sk\/wp-json\/wp\/v2\/product_cat?post=476879"},{"taxonomy":"product_tag","embeddable":true,"href":"https:\/\/klimavex.eu\/sk\/wp-json\/wp\/v2\/product_tag?post=476879"}],"curies":[{"name":"wp","href":"https:\/\/api.w.org\/{rel}","templated":true}]}}