{"id":476880,"date":"2026-04-15T12:03:07","date_gmt":"2026-04-15T10:03:07","guid":{"rendered":"https:\/\/klimavex.eu\/sk\/katalog\/vetracia-rekuperacna-jednotka-vortice-hri-e-one-f\/"},"modified":"2026-04-15T12:03:50","modified_gmt":"2026-04-15T10:03:50","slug":"vetracia-rekuperacna-jednotka-vortice-hri-e-one-f","status":"publish","type":"product","link":"https:\/\/klimavex.eu\/sk\/katalog\/vetracia-rekuperacna-jednotka-vortice-hri-e-one-f\/","title":{"rendered":"Vetracia rekupera\u010dn\u00e1 jednotka Vortice HRI-E ONE F"},"content":{"rendered":"<p style=\"margin-left:0cm;text-align:justify;\"><span style=\"font-family:Calibri, sans-serif;font-size:11pt;\"><span lang=\"SK\" dir=\"ltr\"><strong>K\u013e\u00fa\u010dov\u00e9 vlastnosti<\/strong><\/span><\/span><\/p>\n<ul>\n<li>\n<p style=\"text-align:justify;\"><span style=\"font-family:Calibri, sans-serif;font-size:11pt;\"><span lang=\"SK\" dir=\"ltr\">Oh\u0148ovzdorn\u00fd pl\u00e1\u0161\u0165 z expandovan\u00e9ho polypropyl\u00e9nu, koncov\u00e9 dosky z pozinkovanej ocele<\/span><\/span><\/p>\n<\/li>\n<li>\n<p style=\"text-align:justify;\"><span style=\"font-family:Calibri, sans-serif;font-size:11pt;\"><span lang=\"SK\" dir=\"ltr\">Pripojovacie otvory pre potrubie s menovit\u00fdm priemerom 125 mm<\/span><\/span><\/p>\n<\/li>\n<li>\n<p style=\"text-align:justify;\"><span style=\"font-family:Calibri, sans-serif;font-size:11pt;\"><span lang=\"SK\" dir=\"ltr\">2 EC motory s hriade\u013emi ulo\u017een\u00fdmi na gu\u013e\u00f4\u010dkov\u00fdch lo\u017eisk\u00e1ch<\/span><\/span><\/p>\n<\/li>\n<li>\n<p style=\"text-align:justify;\"><span style=\"font-family:Calibri, sans-serif;font-size:11pt;\"><span lang=\"SK\" dir=\"ltr\">Prietok nastavite\u013en\u00fd v rozmedz\u00ed 85 m<sup>3<\/sup>\/h a\u017e 185 m<sup>3<\/sup>\/h<\/span><\/span><\/p>\n<\/li>\n<li>\n<p style=\"text-align:justify;\"><span style=\"font-family:Calibri, sans-serif;font-size:11pt;\"><span lang=\"SK\" dir=\"ltr\">Vysoko \u00fa\u010dinn\u00fd protipr\u00fadov\u00fd v\u00fdmenn\u00edk tepla z plastu (PS)<\/span><\/span><\/p>\n<\/li>\n<li>\n<p style=\"text-align:justify;\"><span style=\"font-family:Calibri, sans-serif;font-size:11pt;\"><span lang=\"SK\" dir=\"ltr\">Automaticky aktivovan\u00fd 100% filtrovan\u00fd by-pass<\/span><\/span><\/p>\n<\/li>\n<li>\n<p style=\"text-align:justify;\"><span style=\"font-family:Calibri, sans-serif;font-size:11pt;\"><span lang=\"SK\" dir=\"ltr\">Modul Mod-Bus s pripojovac\u00edm portom RS485 v re\u017eime slave<\/span><\/span><\/p>\n<\/li>\n<li>\n<p style=\"text-align:justify;\"><span style=\"font-family:Calibri, sans-serif;font-size:11pt;\"><span lang=\"SK\" dir=\"ltr\">Kompatibiln\u00fd so sn\u00edma\u010dmi prostredia Vortex pre teplotu (C TEMP), relat\u00edvnu vlhkos\u0165 (C HCS), pr\u00edtomnos\u0165 (C PIR) a dym (C SMOKE); prev\u00e1dzka podriaden\u00e1 sn\u00edma\u010dom br\u00e1ni ovl\u00e1daniu z riadiacej jednotky: jednotka pracuje s minim\u00e1lnymi ot\u00e1\u010dkami, pokia\u013e v\u0161etky referen\u010dn\u00e9 parametre zisten\u00e9 pripojen\u00fdmi extern\u00fdmi sn\u00edma\u010dmi zost\u00e1vaj\u00fa pod pr\u00edslu\u0161n\u00fdmi prahov\u00fdmi hodnotami; ich prekro\u010denie ur\u010duje prechod na nastaven\u00e9 maxim\u00e1lne ot\u00e1\u010dky, ktor\u00e9 sa udr\u017euj\u00fa a\u017e do obnovenia p\u00f4vodn\u00e9ho stavu<\/span><\/span><\/p>\n<\/li>\n<li>\n<p style=\"text-align:justify;\"><span style=\"font-family:Calibri, sans-serif;font-size:11pt;\"><span lang=\"SK\" dir=\"ltr\">2 filtre F5 (pr\u00edpadne volite\u013en\u00fd filter F7 na pr\u00edvodnom potrub\u00ed)<\/span><\/span><\/p>\n<\/li>\n<\/ul>\n","protected":false},"excerpt":{"rendered":"<p style=\"margin-left:0cm;text-align:justify;\"><span style=\"font-family:Calibri, sans-serif;font-size:11pt;\"><span lang=\"SK\" dir=\"ltr\">Rekupera\u010dn\u00e1 jednotka s <strong>automatick\u00fdm by-passom&nbsp;<\/strong>a <strong>extr\u00e9mne vysokou \u00fa\u010dinnos\u0165ou&nbsp;<\/strong>je vhodn\u00e1 pre <strong>podstropn\u00fa mont\u00e1\u017e<\/strong>. Zariadenie disponuje <strong>2 EC motormi&nbsp;<\/strong>s hriade\u013emi ulo\u017een\u00fdmi na gu\u013e\u00f4\u010dkov\u00fdch lo\u017eisk\u00e1ch \u2013 <strong>3 r\u00fdchlosti&nbsp;<\/strong>nez\u00e1visle nastavite\u013en\u00e9 pri in\u0161tal\u00e1cii a ovl\u00e1date\u013en\u00e9 pomocou k\u00e1blov\u00e9ho dia\u013ekov\u00e9ho ovl\u00e1dacieho panelu s LCD displejom. Pripojovacie otvory pre potrubie s\u00fa s menovit\u00fdm <strong>priemerom 125 mm<\/strong>.<\/span><\/span><\/p>\n","protected":false},"featured_media":0,"template":"","meta":[],"product_cat":[6064,6056,6065],"product_tag":[],"class_list":{"0":"post-476880","1":"product","2":"type-product","3":"status-publish","5":"product_cat-ventilatory-archivovane-produkty","6":"product_cat-archivovane-produkty","7":"product_cat-archivovane-produkty-ventilatory","8":"pa_dostupny-tlak-pa-4829","9":"pa_hlucnost-lp-3m-4830","10":"pa_krytie-ipx2","11":"pa_typ-rekuperacia","12":"pa_vzduchovy-vykon-qv-m3-4828","13":"pa_znacka-vortice","15":"first","16":"outofstock","17":"taxable","18":"shipping-taxable","19":"purchasable","20":"product-type-simple"},"yoast_head":"<!-- This site is optimized with the Yoast SEO plugin v23.9 - https:\/\/yoast.com\/wordpress\/plugins\/seo\/ -->\n<title>Vetracia rekupera\u010dn\u00e1 jednotka Vortice HRI-E ONE F - KLIMAVEX GROUP - Slovensko<\/title>\n<meta name=\"robots\" content=\"index, follow, max-snippet:-1, max-image-preview:large, max-video-preview:-1\" \/>\n<link rel=\"canonical\" href=\"https:\/\/klimavex.eu\/sk\/katalog\/vetracia-rekuperacna-jednotka-vortice-hri-e-one-f\/\" \/>\n<meta property=\"og:locale\" content=\"sk_SK\" \/>\n<meta property=\"og:type\" content=\"article\" \/>\n<meta property=\"og:title\" content=\"Vetracia rekupera\u010dn\u00e1 jednotka Vortice HRI-E ONE F - KLIMAVEX GROUP - Slovensko\" \/>\n<meta property=\"og:description\" content=\"Rekupera\u010dn\u00e1 jednotka s automatick\u00fdm by-passom&nbsp;a extr\u00e9mne vysokou \u00fa\u010dinnos\u0165ou&nbsp;je vhodn\u00e1 pre podstropn\u00fa mont\u00e1\u017e. Zariadenie disponuje 2 EC motormi&nbsp;s hriade\u013emi ulo\u017een\u00fdmi na gu\u013e\u00f4\u010dkov\u00fdch lo\u017eisk\u00e1ch \u2013 3 r\u00fdchlosti&nbsp;nez\u00e1visle nastavite\u013en\u00e9 pri in\u0161tal\u00e1cii a ovl\u00e1date\u013en\u00e9 pomocou k\u00e1blov\u00e9ho dia\u013ekov\u00e9ho ovl\u00e1dacieho panelu s LCD displejom. Pripojovacie otvory pre potrubie s\u00fa s menovit\u00fdm priemerom 125 mm.\" \/>\n<meta property=\"og:url\" content=\"https:\/\/klimavex.eu\/sk\/katalog\/vetracia-rekuperacna-jednotka-vortice-hri-e-one-f\/\" \/>\n<meta property=\"og:site_name\" content=\"KLIMAVEX GROUP - Slovensko\" \/>\n<meta property=\"article:publisher\" content=\"https:\/\/www.facebook.com\/klimavex\" \/>\n<meta property=\"article:modified_time\" content=\"2026-04-15T10:03:50+00:00\" \/>\n<meta property=\"og:image\" content=\"https:\/\/klimavex.eu\/sk\/wp-content\/uploads\/2024\/02\/LOGO-KLIMAVEX-modra-kostka-1.png\" \/>\n\t<meta property=\"og:image:width\" content=\"9184\" \/>\n\t<meta property=\"og:image:height\" content=\"9184\" \/>\n\t<meta property=\"og:image:type\" content=\"image\/png\" \/>\n<meta name=\"twitter:card\" content=\"summary_large_image\" \/>\n<meta name=\"twitter:label1\" content=\"Predpokladan\u00fd \u010das \u010d\u00edtania\" \/>\n\t<meta name=\"twitter:data1\" content=\"1 min\u00fata\" \/>\n<script type=\"application\/ld+json\" class=\"yoast-schema-graph\">{\"@context\":\"https:\/\/schema.org\",\"@graph\":[{\"@type\":\"WebPage\",\"@id\":\"https:\/\/klimavex.eu\/sk\/katalog\/vetracia-rekuperacna-jednotka-vortice-hri-e-one-f\/\",\"url\":\"https:\/\/klimavex.eu\/sk\/katalog\/vetracia-rekuperacna-jednotka-vortice-hri-e-one-f\/\",\"name\":\"Vetracia rekupera\u010dn\u00e1 jednotka Vortice HRI-E ONE F - KLIMAVEX GROUP - Slovensko\",\"isPartOf\":{\"@id\":\"https:\/\/klimavex.eu\/sk\/#website\"},\"datePublished\":\"2026-04-15T10:03:07+00:00\",\"dateModified\":\"2026-04-15T10:03:50+00:00\",\"breadcrumb\":{\"@id\":\"https:\/\/klimavex.eu\/sk\/katalog\/vetracia-rekuperacna-jednotka-vortice-hri-e-one-f\/#breadcrumb\"},\"inLanguage\":\"sk-SK\",\"potentialAction\":[{\"@type\":\"ReadAction\",\"target\":[\"https:\/\/klimavex.eu\/sk\/katalog\/vetracia-rekuperacna-jednotka-vortice-hri-e-one-f\/\"]}]},{\"@type\":\"BreadcrumbList\",\"@id\":\"https:\/\/klimavex.eu\/sk\/katalog\/vetracia-rekuperacna-jednotka-vortice-hri-e-one-f\/#breadcrumb\",\"itemListElement\":[{\"@type\":\"ListItem\",\"position\":1,\"name\":\"Domovsk\u00e1 str\u00e1nka\",\"item\":\"https:\/\/klimavex.eu\/sk\/\"},{\"@type\":\"ListItem\",\"position\":2,\"name\":\"Eshop\",\"item\":\"https:\/\/klimavex.eu\/sk\/eshop\/\"},{\"@type\":\"ListItem\",\"position\":3,\"name\":\"Vetracia rekupera\u010dn\u00e1 jednotka Vortice HRI-E ONE F\"}]},{\"@type\":\"WebSite\",\"@id\":\"https:\/\/klimavex.eu\/sk\/#website\",\"url\":\"https:\/\/klimavex.eu\/sk\/\",\"name\":\"KLIMAVEX GROUP - Slovensko\",\"description\":\"\",\"publisher\":{\"@id\":\"https:\/\/klimavex.eu\/sk\/#organization\"},\"alternateName\":\"KLIMAVEX a.s.\",\"potentialAction\":[{\"@type\":\"SearchAction\",\"target\":{\"@type\":\"EntryPoint\",\"urlTemplate\":\"https:\/\/klimavex.eu\/sk\/?s={search_term_string}\"},\"query-input\":{\"@type\":\"PropertyValueSpecification\",\"valueRequired\":true,\"valueName\":\"search_term_string\"}}],\"inLanguage\":\"sk-SK\"},{\"@type\":\"Organization\",\"@id\":\"https:\/\/klimavex.eu\/sk\/#organization\",\"name\":\"KLIMAVEX GROUP\",\"alternateName\":\"KLIMAVEX a.s.\",\"url\":\"https:\/\/klimavex.eu\/sk\/\",\"logo\":{\"@type\":\"ImageObject\",\"inLanguage\":\"sk-SK\",\"@id\":\"https:\/\/klimavex.eu\/sk\/#\/schema\/logo\/image\/\",\"url\":\"https:\/\/klimavex.eu\/sk\/wp-content\/uploads\/2024\/04\/Klimavex-Group-logo.png\",\"contentUrl\":\"https:\/\/klimavex.eu\/sk\/wp-content\/uploads\/2024\/04\/Klimavex-Group-logo.png\",\"width\":1681,\"height\":472,\"caption\":\"KLIMAVEX GROUP\"},\"image\":{\"@id\":\"https:\/\/klimavex.eu\/sk\/#\/schema\/logo\/image\/\"},\"sameAs\":[\"https:\/\/www.facebook.com\/klimavex\",\"https:\/\/www.instagram.com\/klimavex_sk\/\"]}]}<\/script>\n<!-- \/ Yoast SEO plugin. -->","yoast_head_json":{"title":"Vetracia rekupera\u010dn\u00e1 jednotka Vortice HRI-E ONE F - KLIMAVEX GROUP - Slovensko","robots":{"index":"index","follow":"follow","max-snippet":"max-snippet:-1","max-image-preview":"max-image-preview:large","max-video-preview":"max-video-preview:-1"},"canonical":"https:\/\/klimavex.eu\/sk\/katalog\/vetracia-rekuperacna-jednotka-vortice-hri-e-one-f\/","og_locale":"sk_SK","og_type":"article","og_title":"Vetracia rekupera\u010dn\u00e1 jednotka Vortice HRI-E ONE F - KLIMAVEX GROUP - Slovensko","og_description":"Rekupera\u010dn\u00e1 jednotka s automatick\u00fdm by-passom&nbsp;a extr\u00e9mne vysokou \u00fa\u010dinnos\u0165ou&nbsp;je vhodn\u00e1 pre podstropn\u00fa mont\u00e1\u017e. Zariadenie disponuje 2 EC motormi&nbsp;s hriade\u013emi ulo\u017een\u00fdmi na gu\u013e\u00f4\u010dkov\u00fdch lo\u017eisk\u00e1ch \u2013 3 r\u00fdchlosti&nbsp;nez\u00e1visle nastavite\u013en\u00e9 pri in\u0161tal\u00e1cii a ovl\u00e1date\u013en\u00e9 pomocou k\u00e1blov\u00e9ho dia\u013ekov\u00e9ho ovl\u00e1dacieho panelu s LCD displejom. Pripojovacie otvory pre potrubie s\u00fa s menovit\u00fdm priemerom 125 mm.","og_url":"https:\/\/klimavex.eu\/sk\/katalog\/vetracia-rekuperacna-jednotka-vortice-hri-e-one-f\/","og_site_name":"KLIMAVEX GROUP - Slovensko","article_publisher":"https:\/\/www.facebook.com\/klimavex","article_modified_time":"2026-04-15T10:03:50+00:00","og_image":[{"width":9184,"height":9184,"url":"https:\/\/klimavex.eu\/sk\/wp-content\/uploads\/2024\/02\/LOGO-KLIMAVEX-modra-kostka-1.png","type":"image\/png"}],"twitter_card":"summary_large_image","twitter_misc":{"Predpokladan\u00fd \u010das \u010d\u00edtania":"1 min\u00fata"},"schema":{"@context":"https:\/\/schema.org","@graph":[{"@type":"WebPage","@id":"https:\/\/klimavex.eu\/sk\/katalog\/vetracia-rekuperacna-jednotka-vortice-hri-e-one-f\/","url":"https:\/\/klimavex.eu\/sk\/katalog\/vetracia-rekuperacna-jednotka-vortice-hri-e-one-f\/","name":"Vetracia rekupera\u010dn\u00e1 jednotka Vortice HRI-E ONE F - KLIMAVEX GROUP - Slovensko","isPartOf":{"@id":"https:\/\/klimavex.eu\/sk\/#website"},"datePublished":"2026-04-15T10:03:07+00:00","dateModified":"2026-04-15T10:03:50+00:00","breadcrumb":{"@id":"https:\/\/klimavex.eu\/sk\/katalog\/vetracia-rekuperacna-jednotka-vortice-hri-e-one-f\/#breadcrumb"},"inLanguage":"sk-SK","potentialAction":[{"@type":"ReadAction","target":["https:\/\/klimavex.eu\/sk\/katalog\/vetracia-rekuperacna-jednotka-vortice-hri-e-one-f\/"]}]},{"@type":"BreadcrumbList","@id":"https:\/\/klimavex.eu\/sk\/katalog\/vetracia-rekuperacna-jednotka-vortice-hri-e-one-f\/#breadcrumb","itemListElement":[{"@type":"ListItem","position":1,"name":"Domovsk\u00e1 str\u00e1nka","item":"https:\/\/klimavex.eu\/sk\/"},{"@type":"ListItem","position":2,"name":"Eshop","item":"https:\/\/klimavex.eu\/sk\/eshop\/"},{"@type":"ListItem","position":3,"name":"Vetracia rekupera\u010dn\u00e1 jednotka Vortice HRI-E ONE F"}]},{"@type":"WebSite","@id":"https:\/\/klimavex.eu\/sk\/#website","url":"https:\/\/klimavex.eu\/sk\/","name":"KLIMAVEX GROUP - Slovensko","description":"","publisher":{"@id":"https:\/\/klimavex.eu\/sk\/#organization"},"alternateName":"KLIMAVEX a.s.","potentialAction":[{"@type":"SearchAction","target":{"@type":"EntryPoint","urlTemplate":"https:\/\/klimavex.eu\/sk\/?s={search_term_string}"},"query-input":{"@type":"PropertyValueSpecification","valueRequired":true,"valueName":"search_term_string"}}],"inLanguage":"sk-SK"},{"@type":"Organization","@id":"https:\/\/klimavex.eu\/sk\/#organization","name":"KLIMAVEX GROUP","alternateName":"KLIMAVEX a.s.","url":"https:\/\/klimavex.eu\/sk\/","logo":{"@type":"ImageObject","inLanguage":"sk-SK","@id":"https:\/\/klimavex.eu\/sk\/#\/schema\/logo\/image\/","url":"https:\/\/klimavex.eu\/sk\/wp-content\/uploads\/2024\/04\/Klimavex-Group-logo.png","contentUrl":"https:\/\/klimavex.eu\/sk\/wp-content\/uploads\/2024\/04\/Klimavex-Group-logo.png","width":1681,"height":472,"caption":"KLIMAVEX GROUP"},"image":{"@id":"https:\/\/klimavex.eu\/sk\/#\/schema\/logo\/image\/"},"sameAs":["https:\/\/www.facebook.com\/klimavex","https:\/\/www.instagram.com\/klimavex_sk\/"]}]}},"_links":{"self":[{"href":"https:\/\/klimavex.eu\/sk\/wp-json\/wp\/v2\/product\/476880","targetHints":{"allow":["GET"]}}],"collection":[{"href":"https:\/\/klimavex.eu\/sk\/wp-json\/wp\/v2\/product"}],"about":[{"href":"https:\/\/klimavex.eu\/sk\/wp-json\/wp\/v2\/types\/product"}],"version-history":[{"count":0,"href":"https:\/\/klimavex.eu\/sk\/wp-json\/wp\/v2\/product\/476880\/revisions"}],"wp:attachment":[{"href":"https:\/\/klimavex.eu\/sk\/wp-json\/wp\/v2\/media?parent=476880"}],"wp:term":[{"taxonomy":"product_cat","embeddable":true,"href":"https:\/\/klimavex.eu\/sk\/wp-json\/wp\/v2\/product_cat?post=476880"},{"taxonomy":"product_tag","embeddable":true,"href":"https:\/\/klimavex.eu\/sk\/wp-json\/wp\/v2\/product_tag?post=476880"}],"curies":[{"name":"wp","href":"https:\/\/api.w.org\/{rel}","templated":true}]}}