{"id":476889,"date":"2026-04-08T21:03:05","date_gmt":"2026-04-08T19:03:05","guid":{"rendered":"https:\/\/klimavex.eu\/sk\/katalog\/ventilator-vortice-trt-150-ed-v-8p\/"},"modified":"2026-04-08T21:03:49","modified_gmt":"2026-04-08T19:03:49","slug":"ventilator-vortice-trt-150-ed-v-8p","status":"publish","type":"product","link":"https:\/\/klimavex.eu\/sk\/katalog\/ventilator-vortice-trt-150-ed-v-8p\/","title":{"rendered":"Ventil\u00e1tor Vortice TRT 150 ED V 8P"},"content":{"rendered":"<p style=\"text-align:justify\"><span style=\"font-size:11pt\"><span style=\"font-family:Calibri,sans-serif\"><strong>K\u013e&uacute;\u010dov&eacute; vlastnosti:<\/strong><\/span><\/span><\/p>\n<ul>\n<li style=\"text-align:justify\"><span style=\"font-size:11pt\"><span style=\"font-family:Calibri,sans-serif\">Ventil&aacute;tory s asynchr&oacute;nnym induk\u010dn&yacute;m motorom izola\u010dnej triedy H, triedou ochrany IP55 a gu\u013e&ocirc;\u010dkov&yacute;mi lo\u017eiskami, ktor&eacute; zabezpe\u010duj&uacute; dlh&uacute; \u017eivotnos\u0165 a bezporuchov&uacute; prev&aacute;dzku ventil&aacute;toru po\u010das 30000 hod&iacute;n.<\/span><\/span><\/li>\n<li style=\"text-align:justify\"><span style=\"font-size:11pt\"><span style=\"font-family:Calibri,sans-serif\">Kryt ventil&aacute;tora vyroben&yacute; z ocele s epoxidov&yacute;m povrchov&yacute;m n&aacute;terom pre zabezpe\u010denie odolnosti vo\u010di kor&oacute;zii a pred\u013a\u017eenie \u017eivotnosti. <\/span><\/span><\/li>\n<li style=\"text-align:justify\"><span style=\"font-size:11pt\"><span style=\"font-family:Calibri,sans-serif\">Aerodynamicky tvarovan&yacute; nas&aacute;vac&iacute; otvor z oce\u013eov&eacute;ho plechu s polyesterovou povrchovou &uacute;pravou. <\/span><\/span><\/li>\n<li style=\"text-align:justify\"><span style=\"font-size:11pt\"><span style=\"font-family:Calibri,sans-serif\">Obe\u017en&eacute; koleso z pozinkovanej ocele so samo\u010distite\u013en&yacute;mi, dozadu zahnut&yacute;mi lopatkami, chr&aacute;nen&eacute; ochrannou mrie\u017ekou z nehrdzavej&uacute;cej ocele.<\/span><\/span><\/li>\n<li style=\"text-align:justify\"><span style=\"font-size:11pt\"><span style=\"font-family:Calibri,sans-serif\">Zariadenie je ur\u010den&eacute; pre ods&aacute;vanie \u010dist&eacute;ho vzduchu &#8211; bez prachu, mastn&yacute;ch \u010dast&iacute;c, sadz&iacute;, chemick&yacute;ch a koroz&iacute;vnych \u010dinidiel alebo v&yacute;bu&scaron;n&yacute;ch \u010di hor\u013eav&yacute;ch zmes&iacute; a \u010fal&scaron;&iacute;ch zne\u010disten&iacute; vznikaj&uacute;cich z v&yacute;robn&eacute;ho procesu (napr. piliny&#8230;).<\/span><\/span><\/li>\n<li style=\"text-align:justify\"><span style=\"font-size:11pt\"><span style=\"font-family:Calibri,sans-serif\">Bezpe\u010dnostn&eacute; lanko pre ukotvenie ventil&aacute;tora k mont&aacute;\u017enemu z&aacute;kladu.<\/span><\/span><\/li>\n<li style=\"text-align:justify\"><span style=\"font-size:11pt\"><span style=\"font-family:Calibri,sans-serif\">Z&aacute;vesn&eacute; ok&aacute; pre jednoduch&uacute; manipul&aacute;ciu pri zdv&iacute;han&iacute; a transporte.<\/span><\/span><\/li>\n<li style=\"text-align:justify\"><span style=\"font-size:11pt\"><span style=\"font-family:Calibri,sans-serif\">Zariadenie mus&iacute; by\u0165 uzemnen&eacute;.<\/span><\/span><\/li>\n<\/ul>\n","protected":false},"excerpt":{"rendered":"<p style=\"text-align:justify\"><span style=\"font-size:11pt\"><span style=\"font-family:Calibri,sans-serif\"><strong>N&aacute;stre&scaron;n&yacute; ventil&aacute;tor<\/strong> Vortice Torrette s&nbsp;vertik&aacute;lnym v&yacute;fukom pre <strong>ods&aacute;vanie hor&uacute;cich vzdu&scaron;n&iacute;n<\/strong>. <strong>Nepretr\u017eit&aacute; prev&aacute;dzka pri 90&deg;C, 2-hodinov&aacute; prev&aacute;dzka pri 400&deg;C.<\/strong> <strong>Jednoduch&aacute; a&nbsp;\u013eahk&aacute; mont&aacute;\u017e<\/strong> na ak&yacute;ko\u013evek typ strechy obytn&yacute;ch, komer\u010dn&yacute;ch a&nbsp;priemyseln&yacute;ch budov. Ventil&aacute;tor nie je vhodn&yacute; pre ods&aacute;vanie vzduchu priamo z&nbsp;krbu alebo kotlov.<\/span><\/span><\/p>\n","protected":false},"featured_media":482536,"template":"","meta":[],"product_cat":[6064,6056,6065],"product_tag":[],"class_list":{"0":"post-476889","1":"product","2":"type-product","3":"status-publish","4":"has-post-thumbnail","6":"product_cat-ventilatory-archivovane-produkty","7":"product_cat-archivovane-produkty","8":"product_cat-archivovane-produkty-ventilatory","9":"pa_dostupny-tlak-pa-334-412","10":"pa_gulockove-loziska-ll-ano","11":"pa_hlucnost-lp-3m-4228","12":"pa_krytie-ip55","13":"pa_prevedenie-nastresny","14":"pa_typ-tr-ed-v","15":"pa_vzduchovy-vykon-qv-m3-11600-13500","16":"pa_znacka-vortice","18":"first","19":"outofstock","20":"taxable","21":"shipping-taxable","22":"purchasable","23":"product-type-simple"},"yoast_head":"<!-- This site is optimized with the Yoast SEO plugin v23.9 - https:\/\/yoast.com\/wordpress\/plugins\/seo\/ -->\n<title>Ventil\u00e1tor Vortice TRT 150 ED V 8P - KLIMAVEX GROUP - Slovensko<\/title>\n<meta name=\"robots\" content=\"index, follow, max-snippet:-1, max-image-preview:large, max-video-preview:-1\" \/>\n<link rel=\"canonical\" href=\"https:\/\/klimavex.eu\/sk\/katalog\/ventilator-vortice-trt-150-ed-v-8p\/\" \/>\n<meta property=\"og:locale\" content=\"sk_SK\" \/>\n<meta property=\"og:type\" content=\"article\" \/>\n<meta property=\"og:title\" content=\"Ventil\u00e1tor Vortice TRT 150 ED V 8P - KLIMAVEX GROUP - Slovensko\" \/>\n<meta property=\"og:description\" content=\"N&aacute;stre&scaron;n&yacute; ventil&aacute;tor Vortice Torrette s&nbsp;vertik&aacute;lnym v&yacute;fukom pre ods&aacute;vanie hor&uacute;cich vzdu&scaron;n&iacute;n. Nepretr\u017eit&aacute; prev&aacute;dzka pri 90&deg;C, 2-hodinov&aacute; prev&aacute;dzka pri 400&deg;C. Jednoduch&aacute; a&nbsp;\u013eahk&aacute; mont&aacute;\u017e na ak&yacute;ko\u013evek typ strechy obytn&yacute;ch, komer\u010dn&yacute;ch a&nbsp;priemyseln&yacute;ch budov. Ventil&aacute;tor nie je vhodn&yacute; pre ods&aacute;vanie vzduchu priamo z&nbsp;krbu alebo kotlov.\" \/>\n<meta property=\"og:url\" content=\"https:\/\/klimavex.eu\/sk\/katalog\/ventilator-vortice-trt-150-ed-v-8p\/\" \/>\n<meta property=\"og:site_name\" content=\"KLIMAVEX GROUP - Slovensko\" \/>\n<meta property=\"article:publisher\" content=\"https:\/\/www.facebook.com\/klimavex\" \/>\n<meta property=\"article:modified_time\" content=\"2026-04-08T19:03:49+00:00\" \/>\n<meta property=\"og:image\" content=\"https:\/\/klimavex.eu\/sk\/wp-content\/uploads\/2025\/09\/5t1z9Rc0PG8dZf6OixIeHh8_pFd96A29sdLYtC-dVd8-2.png\" \/>\n\t<meta property=\"og:image:width\" content=\"572\" \/>\n\t<meta property=\"og:image:height\" content=\"512\" \/>\n\t<meta property=\"og:image:type\" content=\"image\/png\" \/>\n<meta name=\"twitter:card\" content=\"summary_large_image\" \/>\n<meta name=\"twitter:label1\" content=\"Predpokladan\u00fd \u010das \u010d\u00edtania\" \/>\n\t<meta name=\"twitter:data1\" content=\"1 min\u00fata\" \/>\n<script type=\"application\/ld+json\" class=\"yoast-schema-graph\">{\"@context\":\"https:\/\/schema.org\",\"@graph\":[{\"@type\":\"WebPage\",\"@id\":\"https:\/\/klimavex.eu\/sk\/katalog\/ventilator-vortice-trt-150-ed-v-8p\/\",\"url\":\"https:\/\/klimavex.eu\/sk\/katalog\/ventilator-vortice-trt-150-ed-v-8p\/\",\"name\":\"Ventil\u00e1tor Vortice TRT 150 ED V 8P - KLIMAVEX GROUP - Slovensko\",\"isPartOf\":{\"@id\":\"https:\/\/klimavex.eu\/sk\/#website\"},\"primaryImageOfPage\":{\"@id\":\"https:\/\/klimavex.eu\/sk\/katalog\/ventilator-vortice-trt-150-ed-v-8p\/#primaryimage\"},\"image\":{\"@id\":\"https:\/\/klimavex.eu\/sk\/katalog\/ventilator-vortice-trt-150-ed-v-8p\/#primaryimage\"},\"thumbnailUrl\":\"https:\/\/klimavex.eu\/sk\/wp-content\/uploads\/2025\/09\/5t1z9Rc0PG8dZf6OixIeHh8_pFd96A29sdLYtC-dVd8-2.png\",\"datePublished\":\"2026-04-08T19:03:05+00:00\",\"dateModified\":\"2026-04-08T19:03:49+00:00\",\"breadcrumb\":{\"@id\":\"https:\/\/klimavex.eu\/sk\/katalog\/ventilator-vortice-trt-150-ed-v-8p\/#breadcrumb\"},\"inLanguage\":\"sk-SK\",\"potentialAction\":[{\"@type\":\"ReadAction\",\"target\":[\"https:\/\/klimavex.eu\/sk\/katalog\/ventilator-vortice-trt-150-ed-v-8p\/\"]}]},{\"@type\":\"ImageObject\",\"inLanguage\":\"sk-SK\",\"@id\":\"https:\/\/klimavex.eu\/sk\/katalog\/ventilator-vortice-trt-150-ed-v-8p\/#primaryimage\",\"url\":\"https:\/\/klimavex.eu\/sk\/wp-content\/uploads\/2025\/09\/5t1z9Rc0PG8dZf6OixIeHh8_pFd96A29sdLYtC-dVd8-2.png\",\"contentUrl\":\"https:\/\/klimavex.eu\/sk\/wp-content\/uploads\/2025\/09\/5t1z9Rc0PG8dZf6OixIeHh8_pFd96A29sdLYtC-dVd8-2.png\",\"width\":572,\"height\":512},{\"@type\":\"BreadcrumbList\",\"@id\":\"https:\/\/klimavex.eu\/sk\/katalog\/ventilator-vortice-trt-150-ed-v-8p\/#breadcrumb\",\"itemListElement\":[{\"@type\":\"ListItem\",\"position\":1,\"name\":\"Domovsk\u00e1 str\u00e1nka\",\"item\":\"https:\/\/klimavex.eu\/sk\/\"},{\"@type\":\"ListItem\",\"position\":2,\"name\":\"Eshop\",\"item\":\"https:\/\/klimavex.eu\/sk\/eshop\/\"},{\"@type\":\"ListItem\",\"position\":3,\"name\":\"Ventil\u00e1tor Vortice TRT 150 ED V 8P\"}]},{\"@type\":\"WebSite\",\"@id\":\"https:\/\/klimavex.eu\/sk\/#website\",\"url\":\"https:\/\/klimavex.eu\/sk\/\",\"name\":\"KLIMAVEX GROUP - Slovensko\",\"description\":\"\",\"publisher\":{\"@id\":\"https:\/\/klimavex.eu\/sk\/#organization\"},\"alternateName\":\"KLIMAVEX a.s.\",\"potentialAction\":[{\"@type\":\"SearchAction\",\"target\":{\"@type\":\"EntryPoint\",\"urlTemplate\":\"https:\/\/klimavex.eu\/sk\/?s={search_term_string}\"},\"query-input\":{\"@type\":\"PropertyValueSpecification\",\"valueRequired\":true,\"valueName\":\"search_term_string\"}}],\"inLanguage\":\"sk-SK\"},{\"@type\":\"Organization\",\"@id\":\"https:\/\/klimavex.eu\/sk\/#organization\",\"name\":\"KLIMAVEX GROUP\",\"alternateName\":\"KLIMAVEX a.s.\",\"url\":\"https:\/\/klimavex.eu\/sk\/\",\"logo\":{\"@type\":\"ImageObject\",\"inLanguage\":\"sk-SK\",\"@id\":\"https:\/\/klimavex.eu\/sk\/#\/schema\/logo\/image\/\",\"url\":\"https:\/\/klimavex.eu\/sk\/wp-content\/uploads\/2024\/04\/Klimavex-Group-logo.png\",\"contentUrl\":\"https:\/\/klimavex.eu\/sk\/wp-content\/uploads\/2024\/04\/Klimavex-Group-logo.png\",\"width\":1681,\"height\":472,\"caption\":\"KLIMAVEX GROUP\"},\"image\":{\"@id\":\"https:\/\/klimavex.eu\/sk\/#\/schema\/logo\/image\/\"},\"sameAs\":[\"https:\/\/www.facebook.com\/klimavex\",\"https:\/\/www.instagram.com\/klimavex_sk\/\"]}]}<\/script>\n<!-- \/ Yoast SEO plugin. -->","yoast_head_json":{"title":"Ventil\u00e1tor Vortice TRT 150 ED V 8P - KLIMAVEX GROUP - Slovensko","robots":{"index":"index","follow":"follow","max-snippet":"max-snippet:-1","max-image-preview":"max-image-preview:large","max-video-preview":"max-video-preview:-1"},"canonical":"https:\/\/klimavex.eu\/sk\/katalog\/ventilator-vortice-trt-150-ed-v-8p\/","og_locale":"sk_SK","og_type":"article","og_title":"Ventil\u00e1tor Vortice TRT 150 ED V 8P - KLIMAVEX GROUP - Slovensko","og_description":"N&aacute;stre&scaron;n&yacute; ventil&aacute;tor Vortice Torrette s&nbsp;vertik&aacute;lnym v&yacute;fukom pre ods&aacute;vanie hor&uacute;cich vzdu&scaron;n&iacute;n. Nepretr\u017eit&aacute; prev&aacute;dzka pri 90&deg;C, 2-hodinov&aacute; prev&aacute;dzka pri 400&deg;C. Jednoduch&aacute; a&nbsp;\u013eahk&aacute; mont&aacute;\u017e na ak&yacute;ko\u013evek typ strechy obytn&yacute;ch, komer\u010dn&yacute;ch a&nbsp;priemyseln&yacute;ch budov. Ventil&aacute;tor nie je vhodn&yacute; pre ods&aacute;vanie vzduchu priamo z&nbsp;krbu alebo kotlov.","og_url":"https:\/\/klimavex.eu\/sk\/katalog\/ventilator-vortice-trt-150-ed-v-8p\/","og_site_name":"KLIMAVEX GROUP - Slovensko","article_publisher":"https:\/\/www.facebook.com\/klimavex","article_modified_time":"2026-04-08T19:03:49+00:00","og_image":[{"width":572,"height":512,"url":"https:\/\/klimavex.eu\/sk\/wp-content\/uploads\/2025\/09\/5t1z9Rc0PG8dZf6OixIeHh8_pFd96A29sdLYtC-dVd8-2.png","type":"image\/png"}],"twitter_card":"summary_large_image","twitter_misc":{"Predpokladan\u00fd \u010das \u010d\u00edtania":"1 min\u00fata"},"schema":{"@context":"https:\/\/schema.org","@graph":[{"@type":"WebPage","@id":"https:\/\/klimavex.eu\/sk\/katalog\/ventilator-vortice-trt-150-ed-v-8p\/","url":"https:\/\/klimavex.eu\/sk\/katalog\/ventilator-vortice-trt-150-ed-v-8p\/","name":"Ventil\u00e1tor Vortice TRT 150 ED V 8P - KLIMAVEX GROUP - Slovensko","isPartOf":{"@id":"https:\/\/klimavex.eu\/sk\/#website"},"primaryImageOfPage":{"@id":"https:\/\/klimavex.eu\/sk\/katalog\/ventilator-vortice-trt-150-ed-v-8p\/#primaryimage"},"image":{"@id":"https:\/\/klimavex.eu\/sk\/katalog\/ventilator-vortice-trt-150-ed-v-8p\/#primaryimage"},"thumbnailUrl":"https:\/\/klimavex.eu\/sk\/wp-content\/uploads\/2025\/09\/5t1z9Rc0PG8dZf6OixIeHh8_pFd96A29sdLYtC-dVd8-2.png","datePublished":"2026-04-08T19:03:05+00:00","dateModified":"2026-04-08T19:03:49+00:00","breadcrumb":{"@id":"https:\/\/klimavex.eu\/sk\/katalog\/ventilator-vortice-trt-150-ed-v-8p\/#breadcrumb"},"inLanguage":"sk-SK","potentialAction":[{"@type":"ReadAction","target":["https:\/\/klimavex.eu\/sk\/katalog\/ventilator-vortice-trt-150-ed-v-8p\/"]}]},{"@type":"ImageObject","inLanguage":"sk-SK","@id":"https:\/\/klimavex.eu\/sk\/katalog\/ventilator-vortice-trt-150-ed-v-8p\/#primaryimage","url":"https:\/\/klimavex.eu\/sk\/wp-content\/uploads\/2025\/09\/5t1z9Rc0PG8dZf6OixIeHh8_pFd96A29sdLYtC-dVd8-2.png","contentUrl":"https:\/\/klimavex.eu\/sk\/wp-content\/uploads\/2025\/09\/5t1z9Rc0PG8dZf6OixIeHh8_pFd96A29sdLYtC-dVd8-2.png","width":572,"height":512},{"@type":"BreadcrumbList","@id":"https:\/\/klimavex.eu\/sk\/katalog\/ventilator-vortice-trt-150-ed-v-8p\/#breadcrumb","itemListElement":[{"@type":"ListItem","position":1,"name":"Domovsk\u00e1 str\u00e1nka","item":"https:\/\/klimavex.eu\/sk\/"},{"@type":"ListItem","position":2,"name":"Eshop","item":"https:\/\/klimavex.eu\/sk\/eshop\/"},{"@type":"ListItem","position":3,"name":"Ventil\u00e1tor Vortice TRT 150 ED V 8P"}]},{"@type":"WebSite","@id":"https:\/\/klimavex.eu\/sk\/#website","url":"https:\/\/klimavex.eu\/sk\/","name":"KLIMAVEX GROUP - Slovensko","description":"","publisher":{"@id":"https:\/\/klimavex.eu\/sk\/#organization"},"alternateName":"KLIMAVEX a.s.","potentialAction":[{"@type":"SearchAction","target":{"@type":"EntryPoint","urlTemplate":"https:\/\/klimavex.eu\/sk\/?s={search_term_string}"},"query-input":{"@type":"PropertyValueSpecification","valueRequired":true,"valueName":"search_term_string"}}],"inLanguage":"sk-SK"},{"@type":"Organization","@id":"https:\/\/klimavex.eu\/sk\/#organization","name":"KLIMAVEX GROUP","alternateName":"KLIMAVEX a.s.","url":"https:\/\/klimavex.eu\/sk\/","logo":{"@type":"ImageObject","inLanguage":"sk-SK","@id":"https:\/\/klimavex.eu\/sk\/#\/schema\/logo\/image\/","url":"https:\/\/klimavex.eu\/sk\/wp-content\/uploads\/2024\/04\/Klimavex-Group-logo.png","contentUrl":"https:\/\/klimavex.eu\/sk\/wp-content\/uploads\/2024\/04\/Klimavex-Group-logo.png","width":1681,"height":472,"caption":"KLIMAVEX GROUP"},"image":{"@id":"https:\/\/klimavex.eu\/sk\/#\/schema\/logo\/image\/"},"sameAs":["https:\/\/www.facebook.com\/klimavex","https:\/\/www.instagram.com\/klimavex_sk\/"]}]}},"_links":{"self":[{"href":"https:\/\/klimavex.eu\/sk\/wp-json\/wp\/v2\/product\/476889","targetHints":{"allow":["GET"]}}],"collection":[{"href":"https:\/\/klimavex.eu\/sk\/wp-json\/wp\/v2\/product"}],"about":[{"href":"https:\/\/klimavex.eu\/sk\/wp-json\/wp\/v2\/types\/product"}],"version-history":[{"count":0,"href":"https:\/\/klimavex.eu\/sk\/wp-json\/wp\/v2\/product\/476889\/revisions"}],"wp:featuredmedia":[{"embeddable":true,"href":"https:\/\/klimavex.eu\/sk\/wp-json\/wp\/v2\/media\/482536"}],"wp:attachment":[{"href":"https:\/\/klimavex.eu\/sk\/wp-json\/wp\/v2\/media?parent=476889"}],"wp:term":[{"taxonomy":"product_cat","embeddable":true,"href":"https:\/\/klimavex.eu\/sk\/wp-json\/wp\/v2\/product_cat?post=476889"},{"taxonomy":"product_tag","embeddable":true,"href":"https:\/\/klimavex.eu\/sk\/wp-json\/wp\/v2\/product_tag?post=476889"}],"curies":[{"name":"wp","href":"https:\/\/api.w.org\/{rel}","templated":true}]}}