{"id":476895,"date":"2026-04-15T12:03:07","date_gmt":"2026-04-15T10:03:07","guid":{"rendered":"https:\/\/klimavex.eu\/sk\/katalog\/vetracia-rekuperacna-jednotka-vortice-ha-phantom-200-system\/"},"modified":"2026-04-15T12:03:57","modified_gmt":"2026-04-15T10:03:57","slug":"vetracia-rekuperacna-jednotka-vortice-ha-phantom-200-system","status":"publish","type":"product","link":"https:\/\/klimavex.eu\/sk\/katalog\/vetracia-rekuperacna-jednotka-vortice-ha-phantom-200-system\/","title":{"rendered":"Vetracia rekupera\u010dn\u00e1 jednotka Vortice HA PHANTOM 200 SYSTEM"},"content":{"rendered":"<p style=\"margin-left:0cm;text-align:justify;\"><span style=\"font-family:Calibri, sans-serif;font-size:11pt;\"><span lang=\"SK\" dir=\"ltr\"><strong>K\u013e\u00fa\u010dov\u00e9 vlastnosti<\/strong><\/span><\/span><\/p>\n<p style=\"margin-left:0cm;text-align:justify;\"><span style=\"font-family:Calibri, sans-serif;font-size:11pt;\"><span lang=\"SK\" dir=\"ltr\">Je vybaven\u00fd:<\/span><\/span><\/p>\n<ul>\n<li>\n<p style=\"text-align:justify;\"><span style=\"font-family:Calibri, sans-serif;font-size:11pt;\"><span lang=\"SK\" dir=\"ltr\">Filtra\u010dn\u00fdm syst\u00e9mom, ktor\u00fd zais\u0165uje zadr\u017eanie v\u00e4\u010d\u0161iny jemn\u00fdch prachov\u00fdch \u010dast\u00edc pr\u00edtomn\u00fdch vo vonkaj\u0161om \u010derstvom vzduchu (mo\u017enos\u0165 pou\u017eitia filtra F7, ktor\u00fd je k dispoz\u00edcii ako volite\u013en\u00e1 alternat\u00edva k \u0161tandardne dod\u00e1van\u00e9mu filtru, umo\u017e\u0148uje zv\u00fd\u0161i\u0165 \u00fa\u010dinnos\u0165 zadr\u017eania men\u0161\u00edch prachov\u00fdch \u010dast\u00edc)<\/span><\/span><\/p>\n<\/li>\n<li>\n<p style=\"text-align:justify;\"><span style=\"font-family:Calibri, sans-serif;font-size:11pt;\"><span lang=\"SK\" dir=\"ltr\">Vonkaj\u0161\u00ed filter vetracej jednotky (chr\u00e1nen\u00fd patentom), ktor\u00fd zais\u0165uje zn\u00ed\u017eenie bakteri\u00e1lnej z\u00e1\u0165a\u017ee a koncentr\u00e1cie CO<sub>2&nbsp;<\/sub>, NOX a VOC, ktor\u00e9 s\u00fa v ka\u017edom pr\u00edpade pr\u00edtomn\u00e9 vo vzduchu. \u00da\u010dinnos\u0165 p\u00f4sobenia ventil\u00e1tora VORT HA je dolo\u017een\u00e1 testami vykonan\u00fdmi mil\u00e1nskou polytechnikou.<\/span><\/span><\/p>\n<\/li>\n<li>\n<p style=\"text-align:justify;\"><span style=\"font-family:Calibri, sans-serif;font-size:11pt;\"><span lang=\"SK\" dir=\"ltr\">Hladina hluku, spotreba a v\u00fdkon rekupera\u010dnej jednotky VORT HRI PHANTOM 200 BP v kombin\u00e1cii s extern\u00fdm modulom HA nie s\u00fa ovplyvnen\u00e9<\/span><\/span><\/p>\n<\/li>\n<\/ul>\n","protected":false},"excerpt":{"rendered":"<p style=\"margin-left:0cm;text-align:justify;\"><span style=\"font-family:Calibri, sans-serif;font-size:11pt;\"><span lang=\"SK\" dir=\"ltr\"><strong>Syst\u00e9m VORT HA&nbsp;<\/strong>v spojen\u00ed <strong>s rekupera\u010dnou jednotkou VORT HRI PHANTOM 200 BP&nbsp;<\/strong>zais\u0165uje <strong>v\u00fdmenu vzduchu<\/strong> v miestnosti, ktor\u00e1 je <strong>nevyhnutn\u00e1 pre udr\u017eanie<\/strong> relat\u00edvnej vlhkosti a koncentr\u00e1cie zne\u010dis\u0165uj\u00facich l\u00e1tok (NOX, VOC \u2013 prchav\u00e9 organick\u00e9 l\u00e1tky, CO <sub>2&nbsp;<\/sub>a bakt\u00e9rie) <strong>pod limity<\/strong>, ktor\u00e9 by mohli ohrozi\u0165 pohodlie a zdravie obyvate\u013eov.<\/span><\/span><\/p>\n","protected":false},"featured_media":0,"template":"","meta":[],"product_cat":[6064,6056,6065],"product_tag":[],"class_list":{"0":"post-476895","1":"product","2":"type-product","3":"status-publish","5":"product_cat-ventilatory-archivovane-produkty","6":"product_cat-archivovane-produkty","7":"product_cat-archivovane-produkty-ventilatory","8":"pa_dostupny-tlak-pa-4099","9":"pa_hlucnost-lp-3m-4100","10":"pa_krytie-ipx2","11":"pa_typ-rekuperacia","12":"pa_vzduchovy-vykon-qv-m3-4098","13":"pa_znacka-vortice","15":"first","16":"outofstock","17":"taxable","18":"shipping-taxable","19":"purchasable","20":"product-type-simple"},"yoast_head":"<!-- This site is optimized with the Yoast SEO plugin v23.9 - https:\/\/yoast.com\/wordpress\/plugins\/seo\/ -->\n<title>Vetracia rekupera\u010dn\u00e1 jednotka Vortice HA PHANTOM 200 SYSTEM - KLIMAVEX GROUP - Slovensko<\/title>\n<meta name=\"robots\" content=\"index, follow, max-snippet:-1, max-image-preview:large, max-video-preview:-1\" \/>\n<link rel=\"canonical\" href=\"https:\/\/klimavex.eu\/sk\/katalog\/vetracia-rekuperacna-jednotka-vortice-ha-phantom-200-system\/\" \/>\n<meta property=\"og:locale\" content=\"sk_SK\" \/>\n<meta property=\"og:type\" content=\"article\" \/>\n<meta property=\"og:title\" content=\"Vetracia rekupera\u010dn\u00e1 jednotka Vortice HA PHANTOM 200 SYSTEM - KLIMAVEX GROUP - Slovensko\" \/>\n<meta property=\"og:description\" content=\"Syst\u00e9m VORT HA&nbsp;v spojen\u00ed s rekupera\u010dnou jednotkou VORT HRI PHANTOM 200 BP&nbsp;zais\u0165uje v\u00fdmenu vzduchu v miestnosti, ktor\u00e1 je nevyhnutn\u00e1 pre udr\u017eanie relat\u00edvnej vlhkosti a koncentr\u00e1cie zne\u010dis\u0165uj\u00facich l\u00e1tok (NOX, VOC \u2013 prchav\u00e9 organick\u00e9 l\u00e1tky, CO 2&nbsp;a bakt\u00e9rie) pod limity, ktor\u00e9 by mohli ohrozi\u0165 pohodlie a zdravie obyvate\u013eov.\" \/>\n<meta property=\"og:url\" content=\"https:\/\/klimavex.eu\/sk\/katalog\/vetracia-rekuperacna-jednotka-vortice-ha-phantom-200-system\/\" \/>\n<meta property=\"og:site_name\" content=\"KLIMAVEX GROUP - Slovensko\" \/>\n<meta property=\"article:publisher\" content=\"https:\/\/www.facebook.com\/klimavex\" \/>\n<meta property=\"article:modified_time\" content=\"2026-04-15T10:03:57+00:00\" \/>\n<meta property=\"og:image\" content=\"https:\/\/klimavex.eu\/sk\/wp-content\/uploads\/2024\/02\/LOGO-KLIMAVEX-modra-kostka-1.png\" \/>\n\t<meta property=\"og:image:width\" content=\"9184\" \/>\n\t<meta property=\"og:image:height\" content=\"9184\" \/>\n\t<meta property=\"og:image:type\" content=\"image\/png\" \/>\n<meta name=\"twitter:card\" content=\"summary_large_image\" \/>\n<meta name=\"twitter:label1\" content=\"Predpokladan\u00fd \u010das \u010d\u00edtania\" \/>\n\t<meta name=\"twitter:data1\" content=\"1 min\u00fata\" \/>\n<script type=\"application\/ld+json\" class=\"yoast-schema-graph\">{\"@context\":\"https:\/\/schema.org\",\"@graph\":[{\"@type\":\"WebPage\",\"@id\":\"https:\/\/klimavex.eu\/sk\/katalog\/vetracia-rekuperacna-jednotka-vortice-ha-phantom-200-system\/\",\"url\":\"https:\/\/klimavex.eu\/sk\/katalog\/vetracia-rekuperacna-jednotka-vortice-ha-phantom-200-system\/\",\"name\":\"Vetracia rekupera\u010dn\u00e1 jednotka Vortice HA PHANTOM 200 SYSTEM - KLIMAVEX GROUP - Slovensko\",\"isPartOf\":{\"@id\":\"https:\/\/klimavex.eu\/sk\/#website\"},\"datePublished\":\"2026-04-15T10:03:07+00:00\",\"dateModified\":\"2026-04-15T10:03:57+00:00\",\"breadcrumb\":{\"@id\":\"https:\/\/klimavex.eu\/sk\/katalog\/vetracia-rekuperacna-jednotka-vortice-ha-phantom-200-system\/#breadcrumb\"},\"inLanguage\":\"sk-SK\",\"potentialAction\":[{\"@type\":\"ReadAction\",\"target\":[\"https:\/\/klimavex.eu\/sk\/katalog\/vetracia-rekuperacna-jednotka-vortice-ha-phantom-200-system\/\"]}]},{\"@type\":\"BreadcrumbList\",\"@id\":\"https:\/\/klimavex.eu\/sk\/katalog\/vetracia-rekuperacna-jednotka-vortice-ha-phantom-200-system\/#breadcrumb\",\"itemListElement\":[{\"@type\":\"ListItem\",\"position\":1,\"name\":\"Domovsk\u00e1 str\u00e1nka\",\"item\":\"https:\/\/klimavex.eu\/sk\/\"},{\"@type\":\"ListItem\",\"position\":2,\"name\":\"Eshop\",\"item\":\"https:\/\/klimavex.eu\/sk\/eshop\/\"},{\"@type\":\"ListItem\",\"position\":3,\"name\":\"Vetracia rekupera\u010dn\u00e1 jednotka Vortice HA PHANTOM 200 SYSTEM\"}]},{\"@type\":\"WebSite\",\"@id\":\"https:\/\/klimavex.eu\/sk\/#website\",\"url\":\"https:\/\/klimavex.eu\/sk\/\",\"name\":\"KLIMAVEX GROUP - Slovensko\",\"description\":\"\",\"publisher\":{\"@id\":\"https:\/\/klimavex.eu\/sk\/#organization\"},\"alternateName\":\"KLIMAVEX a.s.\",\"potentialAction\":[{\"@type\":\"SearchAction\",\"target\":{\"@type\":\"EntryPoint\",\"urlTemplate\":\"https:\/\/klimavex.eu\/sk\/?s={search_term_string}\"},\"query-input\":{\"@type\":\"PropertyValueSpecification\",\"valueRequired\":true,\"valueName\":\"search_term_string\"}}],\"inLanguage\":\"sk-SK\"},{\"@type\":\"Organization\",\"@id\":\"https:\/\/klimavex.eu\/sk\/#organization\",\"name\":\"KLIMAVEX GROUP\",\"alternateName\":\"KLIMAVEX a.s.\",\"url\":\"https:\/\/klimavex.eu\/sk\/\",\"logo\":{\"@type\":\"ImageObject\",\"inLanguage\":\"sk-SK\",\"@id\":\"https:\/\/klimavex.eu\/sk\/#\/schema\/logo\/image\/\",\"url\":\"https:\/\/klimavex.eu\/sk\/wp-content\/uploads\/2024\/04\/Klimavex-Group-logo.png\",\"contentUrl\":\"https:\/\/klimavex.eu\/sk\/wp-content\/uploads\/2024\/04\/Klimavex-Group-logo.png\",\"width\":1681,\"height\":472,\"caption\":\"KLIMAVEX GROUP\"},\"image\":{\"@id\":\"https:\/\/klimavex.eu\/sk\/#\/schema\/logo\/image\/\"},\"sameAs\":[\"https:\/\/www.facebook.com\/klimavex\",\"https:\/\/www.instagram.com\/klimavex_sk\/\"]}]}<\/script>\n<!-- \/ Yoast SEO plugin. -->","yoast_head_json":{"title":"Vetracia rekupera\u010dn\u00e1 jednotka Vortice HA PHANTOM 200 SYSTEM - KLIMAVEX GROUP - Slovensko","robots":{"index":"index","follow":"follow","max-snippet":"max-snippet:-1","max-image-preview":"max-image-preview:large","max-video-preview":"max-video-preview:-1"},"canonical":"https:\/\/klimavex.eu\/sk\/katalog\/vetracia-rekuperacna-jednotka-vortice-ha-phantom-200-system\/","og_locale":"sk_SK","og_type":"article","og_title":"Vetracia rekupera\u010dn\u00e1 jednotka Vortice HA PHANTOM 200 SYSTEM - KLIMAVEX GROUP - Slovensko","og_description":"Syst\u00e9m VORT HA&nbsp;v spojen\u00ed s rekupera\u010dnou jednotkou VORT HRI PHANTOM 200 BP&nbsp;zais\u0165uje v\u00fdmenu vzduchu v miestnosti, ktor\u00e1 je nevyhnutn\u00e1 pre udr\u017eanie relat\u00edvnej vlhkosti a koncentr\u00e1cie zne\u010dis\u0165uj\u00facich l\u00e1tok (NOX, VOC \u2013 prchav\u00e9 organick\u00e9 l\u00e1tky, CO 2&nbsp;a bakt\u00e9rie) pod limity, ktor\u00e9 by mohli ohrozi\u0165 pohodlie a zdravie obyvate\u013eov.","og_url":"https:\/\/klimavex.eu\/sk\/katalog\/vetracia-rekuperacna-jednotka-vortice-ha-phantom-200-system\/","og_site_name":"KLIMAVEX GROUP - Slovensko","article_publisher":"https:\/\/www.facebook.com\/klimavex","article_modified_time":"2026-04-15T10:03:57+00:00","og_image":[{"width":9184,"height":9184,"url":"https:\/\/klimavex.eu\/sk\/wp-content\/uploads\/2024\/02\/LOGO-KLIMAVEX-modra-kostka-1.png","type":"image\/png"}],"twitter_card":"summary_large_image","twitter_misc":{"Predpokladan\u00fd \u010das \u010d\u00edtania":"1 min\u00fata"},"schema":{"@context":"https:\/\/schema.org","@graph":[{"@type":"WebPage","@id":"https:\/\/klimavex.eu\/sk\/katalog\/vetracia-rekuperacna-jednotka-vortice-ha-phantom-200-system\/","url":"https:\/\/klimavex.eu\/sk\/katalog\/vetracia-rekuperacna-jednotka-vortice-ha-phantom-200-system\/","name":"Vetracia rekupera\u010dn\u00e1 jednotka Vortice HA PHANTOM 200 SYSTEM - KLIMAVEX GROUP - Slovensko","isPartOf":{"@id":"https:\/\/klimavex.eu\/sk\/#website"},"datePublished":"2026-04-15T10:03:07+00:00","dateModified":"2026-04-15T10:03:57+00:00","breadcrumb":{"@id":"https:\/\/klimavex.eu\/sk\/katalog\/vetracia-rekuperacna-jednotka-vortice-ha-phantom-200-system\/#breadcrumb"},"inLanguage":"sk-SK","potentialAction":[{"@type":"ReadAction","target":["https:\/\/klimavex.eu\/sk\/katalog\/vetracia-rekuperacna-jednotka-vortice-ha-phantom-200-system\/"]}]},{"@type":"BreadcrumbList","@id":"https:\/\/klimavex.eu\/sk\/katalog\/vetracia-rekuperacna-jednotka-vortice-ha-phantom-200-system\/#breadcrumb","itemListElement":[{"@type":"ListItem","position":1,"name":"Domovsk\u00e1 str\u00e1nka","item":"https:\/\/klimavex.eu\/sk\/"},{"@type":"ListItem","position":2,"name":"Eshop","item":"https:\/\/klimavex.eu\/sk\/eshop\/"},{"@type":"ListItem","position":3,"name":"Vetracia rekupera\u010dn\u00e1 jednotka Vortice HA PHANTOM 200 SYSTEM"}]},{"@type":"WebSite","@id":"https:\/\/klimavex.eu\/sk\/#website","url":"https:\/\/klimavex.eu\/sk\/","name":"KLIMAVEX GROUP - Slovensko","description":"","publisher":{"@id":"https:\/\/klimavex.eu\/sk\/#organization"},"alternateName":"KLIMAVEX a.s.","potentialAction":[{"@type":"SearchAction","target":{"@type":"EntryPoint","urlTemplate":"https:\/\/klimavex.eu\/sk\/?s={search_term_string}"},"query-input":{"@type":"PropertyValueSpecification","valueRequired":true,"valueName":"search_term_string"}}],"inLanguage":"sk-SK"},{"@type":"Organization","@id":"https:\/\/klimavex.eu\/sk\/#organization","name":"KLIMAVEX GROUP","alternateName":"KLIMAVEX a.s.","url":"https:\/\/klimavex.eu\/sk\/","logo":{"@type":"ImageObject","inLanguage":"sk-SK","@id":"https:\/\/klimavex.eu\/sk\/#\/schema\/logo\/image\/","url":"https:\/\/klimavex.eu\/sk\/wp-content\/uploads\/2024\/04\/Klimavex-Group-logo.png","contentUrl":"https:\/\/klimavex.eu\/sk\/wp-content\/uploads\/2024\/04\/Klimavex-Group-logo.png","width":1681,"height":472,"caption":"KLIMAVEX GROUP"},"image":{"@id":"https:\/\/klimavex.eu\/sk\/#\/schema\/logo\/image\/"},"sameAs":["https:\/\/www.facebook.com\/klimavex","https:\/\/www.instagram.com\/klimavex_sk\/"]}]}},"_links":{"self":[{"href":"https:\/\/klimavex.eu\/sk\/wp-json\/wp\/v2\/product\/476895","targetHints":{"allow":["GET"]}}],"collection":[{"href":"https:\/\/klimavex.eu\/sk\/wp-json\/wp\/v2\/product"}],"about":[{"href":"https:\/\/klimavex.eu\/sk\/wp-json\/wp\/v2\/types\/product"}],"version-history":[{"count":0,"href":"https:\/\/klimavex.eu\/sk\/wp-json\/wp\/v2\/product\/476895\/revisions"}],"wp:attachment":[{"href":"https:\/\/klimavex.eu\/sk\/wp-json\/wp\/v2\/media?parent=476895"}],"wp:term":[{"taxonomy":"product_cat","embeddable":true,"href":"https:\/\/klimavex.eu\/sk\/wp-json\/wp\/v2\/product_cat?post=476895"},{"taxonomy":"product_tag","embeddable":true,"href":"https:\/\/klimavex.eu\/sk\/wp-json\/wp\/v2\/product_tag?post=476895"}],"curies":[{"name":"wp","href":"https:\/\/api.w.org\/{rel}","templated":true}]}}