{"id":476974,"date":"2026-03-31T18:38:18","date_gmt":"2026-03-31T16:38:18","guid":{"rendered":"https:\/\/klimavex.eu\/sk\/katalog\/ventilator-vortice-v-230-9-ari-ll-s\/"},"modified":"2026-03-31T18:38:31","modified_gmt":"2026-03-31T16:38:31","slug":"ventilator-vortice-v-230-9-ari-ll-s","status":"publish","type":"product","link":"https:\/\/klimavex.eu\/sk\/katalog\/ventilator-vortice-v-230-9-ari-ll-s\/","title":{"rendered":"Ventil\u00e1tor Vortice V 230\/9&#8243; ARI LL S"},"content":{"rendered":"<p style=\"text-align:justify\"><span style=\"font-size:11pt\"><span style=\"font-family:Calibri,sans-serif\"><strong>K\u013e&uacute;\u010dov&eacute; vlastnosti:<\/strong><\/span><\/span><\/p>\n<ul>\n<li style=\"text-align:justify\"><span style=\"font-size:11pt\"><span style=\"font-family:Calibri,sans-serif\">Mont&aacute;\u017e na stenu, strop alebo do okna pomocou pr&iacute;slu&scaron;enstva.<\/span><\/span><\/li>\n<li style=\"text-align:justify\"><span style=\"font-size:11pt\"><span style=\"font-family:Calibri,sans-serif\">Motor s gu\u013e&ocirc;\u010dkov&yacute;mi lo\u017eiskami, ktor&eacute; zabezpe\u010duj&uacute; dlh&uacute; \u017eivotnos\u0165 a bezporuchov&uacute; prev&aacute;dzku ventil&aacute;toru po\u010das 30000 hod&iacute;n.<\/span><\/span><\/li>\n<li style=\"text-align:justify\"><span style=\"font-size:11pt\"><span style=\"font-family:Calibri,sans-serif\">Vybaven&yacute; automatickou mrie\u017ekou, ktor&aacute; zabra\u0148uje sp&auml;tn&eacute;mu pr&uacute;deniu vzduchu, pokia\u013e ventil&aacute;tor nie je v prev&aacute;dzke. \u010celn&aacute; mrie\u017eka sa automaticky otvor&iacute; \/ zavrie pri zapnut&iacute; \/ vypnut&iacute; ventil&aacute;tora.<\/span><\/span><\/li>\n<li style=\"text-align:justify\"><span style=\"font-size:11pt\"><span style=\"font-family:Calibri,sans-serif\">S&nbsp;reverzn&yacute;m chodom &ndash; mo\u017enos\u0165 oto\u010denia pr&uacute;denia vzduchu.<\/span><\/span><\/li>\n<li style=\"text-align:justify\"><span style=\"font-size:11pt\"><span style=\"font-family:Calibri,sans-serif\">Profil lopatiek ventil&aacute;tora a telesa ventil&aacute;tora zabezpe\u010duje vysok&yacute; prietok vzduchu, n&iacute;zku prev&aacute;dzkov&uacute; hlu\u010dnos\u0165 a n&iacute;zku spotrebu energie.<\/span><\/span><\/li>\n<li style=\"text-align:justify\"><span style=\"font-size:11pt\"><span style=\"font-family:Calibri,sans-serif\">V&scaron;etky modely maj&uacute; krytie IPX4 (ochrana proti striekaj&uacute;cej vode).<\/span><\/span><\/li>\n<li style=\"text-align:justify\"><span style=\"font-size:11pt\"><span style=\"font-family:Calibri,sans-serif\">Zariadenie nemus&iacute; by\u0165 uzemnen&eacute;, m&aacute; dvojit&uacute; izol&aacute;ciu.<\/span><\/span><\/li>\n<li style=\"text-align:justify\"><span style=\"font-size:11pt\"><span style=\"font-family:Calibri,sans-serif\">Mo\u017enos\u0165 regul&aacute;cie ot&aacute;\u010dok.<\/span><\/span><\/li>\n<li style=\"text-align:justify\"><span style=\"font-size:11pt\"><span style=\"font-family:Calibri,sans-serif\">Ku ventil&aacute;torom Vortice Vario je mo\u017enos\u0165 napoji\u0165 sn&iacute;ma\u010de prostredia.<\/span><\/span><\/li>\n<\/ul>\n","protected":false},"excerpt":{"rendered":"<p style=\"text-align:justify\"><span style=\"font-size:11pt\"><span style=\"font-family:Calibri,sans-serif\"><strong>Axi&aacute;lny pr&iacute;vodn&yacute; \/ ods&aacute;vac&iacute; ventil&aacute;tor<\/strong> Vortice Vario na zabudovanie do steny. <strong>S&nbsp;automatickou mrie\u017ekou, reverzn&yacute;m chodom a&nbsp;zv&yacute;&scaron;en&yacute;m vzduchov&yacute;m v&yacute;konom<\/strong>. S&nbsp;<strong>pripojen&iacute;m na potrubie &Oslash; 230mm<\/strong>. Vhodn&yacute; pre byty, obchody, kaviarne, &scaron;portov&eacute; stredisk&aacute;, telocvi\u010dne, re&scaron;taur&aacute;cie, verejn&yacute; budovy, &uacute;rady, &scaron;koly, obecn&eacute; s&aacute;ly a in&eacute;. <\/span><\/span><\/p>\n","protected":false},"featured_media":482874,"template":"","meta":[],"product_cat":[1911,1603,1297],"product_tag":[],"class_list":{"0":"post-476974","1":"product","2":"type-product","3":"status-publish","4":"has-post-thumbnail","6":"product_cat-vario","7":"product_cat-nastenne-stenove-okenne-ventilatory","8":"product_cat-ventilatory","9":"pa_gulockove-loziska-ll-ano","10":"pa_hlucnost-lp-3m-4870","11":"pa_krytie-ipx4","12":"pa_prevedenie-axialny","13":"pa_typ-vario-do-steny","14":"pa_vzd-vykon-pri-odv-qv-m3-680-350","15":"pa_znacka-vortice","17":"first","18":"instock","19":"taxable","20":"shipping-taxable","21":"purchasable","22":"product-type-simple"},"yoast_head":"<!-- This site is optimized with the Yoast SEO plugin v23.9 - https:\/\/yoast.com\/wordpress\/plugins\/seo\/ -->\n<title>Ventil\u00e1tor Vortice V 230\/9&quot; ARI LL S - KLIMAVEX GROUP - Slovensko<\/title>\n<meta name=\"robots\" content=\"index, follow, max-snippet:-1, max-image-preview:large, max-video-preview:-1\" \/>\n<link rel=\"canonical\" href=\"https:\/\/klimavex.eu\/sk\/katalog\/ventilator-vortice-v-230-9-ari-ll-s\/\" \/>\n<meta property=\"og:locale\" content=\"sk_SK\" \/>\n<meta property=\"og:type\" content=\"article\" \/>\n<meta property=\"og:title\" content=\"Ventil\u00e1tor Vortice V 230\/9&quot; ARI LL S - KLIMAVEX GROUP - Slovensko\" \/>\n<meta property=\"og:description\" content=\"Axi&aacute;lny pr&iacute;vodn&yacute; \/ ods&aacute;vac&iacute; ventil&aacute;tor Vortice Vario na zabudovanie do steny. S&nbsp;automatickou mrie\u017ekou, reverzn&yacute;m chodom a&nbsp;zv&yacute;&scaron;en&yacute;m vzduchov&yacute;m v&yacute;konom. S&nbsp;pripojen&iacute;m na potrubie &Oslash; 230mm. Vhodn&yacute; pre byty, obchody, kaviarne, &scaron;portov&eacute; stredisk&aacute;, telocvi\u010dne, re&scaron;taur&aacute;cie, verejn&yacute; budovy, &uacute;rady, &scaron;koly, obecn&eacute; s&aacute;ly a in&eacute;.\" \/>\n<meta property=\"og:url\" content=\"https:\/\/klimavex.eu\/sk\/katalog\/ventilator-vortice-v-230-9-ari-ll-s\/\" \/>\n<meta property=\"og:site_name\" content=\"KLIMAVEX GROUP - Slovensko\" \/>\n<meta property=\"article:publisher\" content=\"https:\/\/www.facebook.com\/klimavex\" \/>\n<meta property=\"article:modified_time\" content=\"2026-03-31T16:38:31+00:00\" \/>\n<meta property=\"og:image\" content=\"https:\/\/klimavex.eu\/sk\/wp-content\/uploads\/2025\/09\/lOk1htWgVlFvDRqqWCs9X8BiEOw6zNclEgA7_p08lR4-1.png\" \/>\n\t<meta property=\"og:image:width\" content=\"572\" \/>\n\t<meta property=\"og:image:height\" content=\"512\" \/>\n\t<meta property=\"og:image:type\" content=\"image\/png\" \/>\n<meta name=\"twitter:card\" content=\"summary_large_image\" \/>\n<meta name=\"twitter:label1\" content=\"Predpokladan\u00fd \u010das \u010d\u00edtania\" \/>\n\t<meta name=\"twitter:data1\" content=\"1 min\u00fata\" \/>\n<script type=\"application\/ld+json\" class=\"yoast-schema-graph\">{\"@context\":\"https:\/\/schema.org\",\"@graph\":[{\"@type\":\"WebPage\",\"@id\":\"https:\/\/klimavex.eu\/sk\/katalog\/ventilator-vortice-v-230-9-ari-ll-s\/\",\"url\":\"https:\/\/klimavex.eu\/sk\/katalog\/ventilator-vortice-v-230-9-ari-ll-s\/\",\"name\":\"Ventil\u00e1tor Vortice V 230\/9\\\" ARI LL S - KLIMAVEX GROUP - Slovensko\",\"isPartOf\":{\"@id\":\"https:\/\/klimavex.eu\/sk\/#website\"},\"primaryImageOfPage\":{\"@id\":\"https:\/\/klimavex.eu\/sk\/katalog\/ventilator-vortice-v-230-9-ari-ll-s\/#primaryimage\"},\"image\":{\"@id\":\"https:\/\/klimavex.eu\/sk\/katalog\/ventilator-vortice-v-230-9-ari-ll-s\/#primaryimage\"},\"thumbnailUrl\":\"https:\/\/klimavex.eu\/sk\/wp-content\/uploads\/2025\/09\/lOk1htWgVlFvDRqqWCs9X8BiEOw6zNclEgA7_p08lR4-1.png\",\"datePublished\":\"2026-03-31T16:38:18+00:00\",\"dateModified\":\"2026-03-31T16:38:31+00:00\",\"breadcrumb\":{\"@id\":\"https:\/\/klimavex.eu\/sk\/katalog\/ventilator-vortice-v-230-9-ari-ll-s\/#breadcrumb\"},\"inLanguage\":\"sk-SK\",\"potentialAction\":[{\"@type\":\"ReadAction\",\"target\":[\"https:\/\/klimavex.eu\/sk\/katalog\/ventilator-vortice-v-230-9-ari-ll-s\/\"]}]},{\"@type\":\"ImageObject\",\"inLanguage\":\"sk-SK\",\"@id\":\"https:\/\/klimavex.eu\/sk\/katalog\/ventilator-vortice-v-230-9-ari-ll-s\/#primaryimage\",\"url\":\"https:\/\/klimavex.eu\/sk\/wp-content\/uploads\/2025\/09\/lOk1htWgVlFvDRqqWCs9X8BiEOw6zNclEgA7_p08lR4-1.png\",\"contentUrl\":\"https:\/\/klimavex.eu\/sk\/wp-content\/uploads\/2025\/09\/lOk1htWgVlFvDRqqWCs9X8BiEOw6zNclEgA7_p08lR4-1.png\",\"width\":572,\"height\":512},{\"@type\":\"BreadcrumbList\",\"@id\":\"https:\/\/klimavex.eu\/sk\/katalog\/ventilator-vortice-v-230-9-ari-ll-s\/#breadcrumb\",\"itemListElement\":[{\"@type\":\"ListItem\",\"position\":1,\"name\":\"Domovsk\u00e1 str\u00e1nka\",\"item\":\"https:\/\/klimavex.eu\/sk\/\"},{\"@type\":\"ListItem\",\"position\":2,\"name\":\"Eshop\",\"item\":\"https:\/\/klimavex.eu\/sk\/eshop\/\"},{\"@type\":\"ListItem\",\"position\":3,\"name\":\"Ventil\u00e1tor Vortice V 230\/9&#8243; ARI LL S\"}]},{\"@type\":\"WebSite\",\"@id\":\"https:\/\/klimavex.eu\/sk\/#website\",\"url\":\"https:\/\/klimavex.eu\/sk\/\",\"name\":\"KLIMAVEX GROUP - Slovensko\",\"description\":\"\",\"publisher\":{\"@id\":\"https:\/\/klimavex.eu\/sk\/#organization\"},\"alternateName\":\"KLIMAVEX a.s.\",\"potentialAction\":[{\"@type\":\"SearchAction\",\"target\":{\"@type\":\"EntryPoint\",\"urlTemplate\":\"https:\/\/klimavex.eu\/sk\/?s={search_term_string}\"},\"query-input\":{\"@type\":\"PropertyValueSpecification\",\"valueRequired\":true,\"valueName\":\"search_term_string\"}}],\"inLanguage\":\"sk-SK\"},{\"@type\":\"Organization\",\"@id\":\"https:\/\/klimavex.eu\/sk\/#organization\",\"name\":\"KLIMAVEX GROUP\",\"alternateName\":\"KLIMAVEX a.s.\",\"url\":\"https:\/\/klimavex.eu\/sk\/\",\"logo\":{\"@type\":\"ImageObject\",\"inLanguage\":\"sk-SK\",\"@id\":\"https:\/\/klimavex.eu\/sk\/#\/schema\/logo\/image\/\",\"url\":\"https:\/\/klimavex.eu\/sk\/wp-content\/uploads\/2024\/04\/Klimavex-Group-logo.png\",\"contentUrl\":\"https:\/\/klimavex.eu\/sk\/wp-content\/uploads\/2024\/04\/Klimavex-Group-logo.png\",\"width\":1681,\"height\":472,\"caption\":\"KLIMAVEX GROUP\"},\"image\":{\"@id\":\"https:\/\/klimavex.eu\/sk\/#\/schema\/logo\/image\/\"},\"sameAs\":[\"https:\/\/www.facebook.com\/klimavex\",\"https:\/\/www.instagram.com\/klimavex_sk\/\"]}]}<\/script>\n<!-- \/ Yoast SEO plugin. -->","yoast_head_json":{"title":"Ventil\u00e1tor Vortice V 230\/9\" ARI LL S - KLIMAVEX GROUP - Slovensko","robots":{"index":"index","follow":"follow","max-snippet":"max-snippet:-1","max-image-preview":"max-image-preview:large","max-video-preview":"max-video-preview:-1"},"canonical":"https:\/\/klimavex.eu\/sk\/katalog\/ventilator-vortice-v-230-9-ari-ll-s\/","og_locale":"sk_SK","og_type":"article","og_title":"Ventil\u00e1tor Vortice V 230\/9\" ARI LL S - KLIMAVEX GROUP - Slovensko","og_description":"Axi&aacute;lny pr&iacute;vodn&yacute; \/ ods&aacute;vac&iacute; ventil&aacute;tor Vortice Vario na zabudovanie do steny. S&nbsp;automatickou mrie\u017ekou, reverzn&yacute;m chodom a&nbsp;zv&yacute;&scaron;en&yacute;m vzduchov&yacute;m v&yacute;konom. S&nbsp;pripojen&iacute;m na potrubie &Oslash; 230mm. Vhodn&yacute; pre byty, obchody, kaviarne, &scaron;portov&eacute; stredisk&aacute;, telocvi\u010dne, re&scaron;taur&aacute;cie, verejn&yacute; budovy, &uacute;rady, &scaron;koly, obecn&eacute; s&aacute;ly a in&eacute;.","og_url":"https:\/\/klimavex.eu\/sk\/katalog\/ventilator-vortice-v-230-9-ari-ll-s\/","og_site_name":"KLIMAVEX GROUP - Slovensko","article_publisher":"https:\/\/www.facebook.com\/klimavex","article_modified_time":"2026-03-31T16:38:31+00:00","og_image":[{"width":572,"height":512,"url":"https:\/\/klimavex.eu\/sk\/wp-content\/uploads\/2025\/09\/lOk1htWgVlFvDRqqWCs9X8BiEOw6zNclEgA7_p08lR4-1.png","type":"image\/png"}],"twitter_card":"summary_large_image","twitter_misc":{"Predpokladan\u00fd \u010das \u010d\u00edtania":"1 min\u00fata"},"schema":{"@context":"https:\/\/schema.org","@graph":[{"@type":"WebPage","@id":"https:\/\/klimavex.eu\/sk\/katalog\/ventilator-vortice-v-230-9-ari-ll-s\/","url":"https:\/\/klimavex.eu\/sk\/katalog\/ventilator-vortice-v-230-9-ari-ll-s\/","name":"Ventil\u00e1tor Vortice V 230\/9\" ARI LL S - KLIMAVEX GROUP - Slovensko","isPartOf":{"@id":"https:\/\/klimavex.eu\/sk\/#website"},"primaryImageOfPage":{"@id":"https:\/\/klimavex.eu\/sk\/katalog\/ventilator-vortice-v-230-9-ari-ll-s\/#primaryimage"},"image":{"@id":"https:\/\/klimavex.eu\/sk\/katalog\/ventilator-vortice-v-230-9-ari-ll-s\/#primaryimage"},"thumbnailUrl":"https:\/\/klimavex.eu\/sk\/wp-content\/uploads\/2025\/09\/lOk1htWgVlFvDRqqWCs9X8BiEOw6zNclEgA7_p08lR4-1.png","datePublished":"2026-03-31T16:38:18+00:00","dateModified":"2026-03-31T16:38:31+00:00","breadcrumb":{"@id":"https:\/\/klimavex.eu\/sk\/katalog\/ventilator-vortice-v-230-9-ari-ll-s\/#breadcrumb"},"inLanguage":"sk-SK","potentialAction":[{"@type":"ReadAction","target":["https:\/\/klimavex.eu\/sk\/katalog\/ventilator-vortice-v-230-9-ari-ll-s\/"]}]},{"@type":"ImageObject","inLanguage":"sk-SK","@id":"https:\/\/klimavex.eu\/sk\/katalog\/ventilator-vortice-v-230-9-ari-ll-s\/#primaryimage","url":"https:\/\/klimavex.eu\/sk\/wp-content\/uploads\/2025\/09\/lOk1htWgVlFvDRqqWCs9X8BiEOw6zNclEgA7_p08lR4-1.png","contentUrl":"https:\/\/klimavex.eu\/sk\/wp-content\/uploads\/2025\/09\/lOk1htWgVlFvDRqqWCs9X8BiEOw6zNclEgA7_p08lR4-1.png","width":572,"height":512},{"@type":"BreadcrumbList","@id":"https:\/\/klimavex.eu\/sk\/katalog\/ventilator-vortice-v-230-9-ari-ll-s\/#breadcrumb","itemListElement":[{"@type":"ListItem","position":1,"name":"Domovsk\u00e1 str\u00e1nka","item":"https:\/\/klimavex.eu\/sk\/"},{"@type":"ListItem","position":2,"name":"Eshop","item":"https:\/\/klimavex.eu\/sk\/eshop\/"},{"@type":"ListItem","position":3,"name":"Ventil\u00e1tor Vortice V 230\/9&#8243; ARI LL S"}]},{"@type":"WebSite","@id":"https:\/\/klimavex.eu\/sk\/#website","url":"https:\/\/klimavex.eu\/sk\/","name":"KLIMAVEX GROUP - Slovensko","description":"","publisher":{"@id":"https:\/\/klimavex.eu\/sk\/#organization"},"alternateName":"KLIMAVEX a.s.","potentialAction":[{"@type":"SearchAction","target":{"@type":"EntryPoint","urlTemplate":"https:\/\/klimavex.eu\/sk\/?s={search_term_string}"},"query-input":{"@type":"PropertyValueSpecification","valueRequired":true,"valueName":"search_term_string"}}],"inLanguage":"sk-SK"},{"@type":"Organization","@id":"https:\/\/klimavex.eu\/sk\/#organization","name":"KLIMAVEX GROUP","alternateName":"KLIMAVEX a.s.","url":"https:\/\/klimavex.eu\/sk\/","logo":{"@type":"ImageObject","inLanguage":"sk-SK","@id":"https:\/\/klimavex.eu\/sk\/#\/schema\/logo\/image\/","url":"https:\/\/klimavex.eu\/sk\/wp-content\/uploads\/2024\/04\/Klimavex-Group-logo.png","contentUrl":"https:\/\/klimavex.eu\/sk\/wp-content\/uploads\/2024\/04\/Klimavex-Group-logo.png","width":1681,"height":472,"caption":"KLIMAVEX GROUP"},"image":{"@id":"https:\/\/klimavex.eu\/sk\/#\/schema\/logo\/image\/"},"sameAs":["https:\/\/www.facebook.com\/klimavex","https:\/\/www.instagram.com\/klimavex_sk\/"]}]}},"_links":{"self":[{"href":"https:\/\/klimavex.eu\/sk\/wp-json\/wp\/v2\/product\/476974","targetHints":{"allow":["GET"]}}],"collection":[{"href":"https:\/\/klimavex.eu\/sk\/wp-json\/wp\/v2\/product"}],"about":[{"href":"https:\/\/klimavex.eu\/sk\/wp-json\/wp\/v2\/types\/product"}],"version-history":[{"count":0,"href":"https:\/\/klimavex.eu\/sk\/wp-json\/wp\/v2\/product\/476974\/revisions"}],"wp:featuredmedia":[{"embeddable":true,"href":"https:\/\/klimavex.eu\/sk\/wp-json\/wp\/v2\/media\/482874"}],"wp:attachment":[{"href":"https:\/\/klimavex.eu\/sk\/wp-json\/wp\/v2\/media?parent=476974"}],"wp:term":[{"taxonomy":"product_cat","embeddable":true,"href":"https:\/\/klimavex.eu\/sk\/wp-json\/wp\/v2\/product_cat?post=476974"},{"taxonomy":"product_tag","embeddable":true,"href":"https:\/\/klimavex.eu\/sk\/wp-json\/wp\/v2\/product_tag?post=476974"}],"curies":[{"name":"wp","href":"https:\/\/api.w.org\/{rel}","templated":true}]}}