{"id":476980,"date":"2026-04-15T11:49:55","date_gmt":"2026-04-15T09:49:55","guid":{"rendered":"https:\/\/klimavex.eu\/sk\/katalog\/vort-hr-300-neti-passive-house-certifikat\/"},"modified":"2026-04-15T11:50:23","modified_gmt":"2026-04-15T09:50:23","slug":"vort-hr-300-neti-passive-house-certifikat","status":"publish","type":"product","link":"https:\/\/klimavex.eu\/sk\/katalog\/vort-hr-300-neti-passive-house-certifikat\/","title":{"rendered":"VORT HR 300 NETI (Passive House certifik\u00e1t)"},"content":{"rendered":"<p style=\"margin-left:0cm;text-align:justify;\"><span style=\"font-family:Calibri, sans-serif;font-size:11pt;\"><span lang=\"SK\" dir=\"ltr\"><strong>K\u013e\u00fa\u010dov\u00e9 vlastnosti<\/strong><\/span><\/span><\/p>\n<ul>\n<li>\n<p style=\"text-align:justify;\"><span style=\"font-family:Calibri, sans-serif;font-size:11pt;\"><span lang=\"SK\" dir=\"ltr\">2 EC (brushless) motory s hriade\u013eom ot\u00e1\u010daj\u00facim sa v gu\u013e\u00f4\u010dkov\u00fdch<strong>&nbsp;<\/strong>lo\u017eisk\u00e1ch, ka\u017ed\u00fd spojen\u00fd s vrtu\u013eou s dopredu zahnut\u00fdmi lopatkami; 3 r\u00fdchlosti, nez\u00e1visle nastavite\u013en\u00e9 pri in\u0161tal\u00e1cii<\/span><\/span><\/p>\n<\/li>\n<li>\n<p style=\"text-align:justify;\"><span style=\"font-family:Calibri, sans-serif;font-size:11pt;\"><span lang=\"SK\" dir=\"ltr\">Plastov\u00fd kryt (PPE)<\/span><\/span><\/p>\n<\/li>\n<li>\n<p style=\"text-align:justify;\"><span style=\"font-family:Calibri, sans-serif;font-size:11pt;\"><span lang=\"SK\" dir=\"ltr\">Vysoko \u00fa\u010dinn\u00fd protipr\u00fadov\u00fd v\u00fdmenn\u00edk tepla z plastu PS<\/span><\/span><\/p>\n<\/li>\n<li>\n<p style=\"text-align:justify;\"><span style=\"font-family:Calibri, sans-serif;font-size:11pt;\"><span lang=\"SK\" dir=\"ltr\">1 filter ePM10 50 % (M5) na pr\u00edvode vzduchu a 1 filter ISO Coarse 65 % (G4) na odvode vzduchu. Stav zanesenia filtrov, a teda aj potreba \u00fadr\u017eby, sa zobrazuje na ovl\u00e1dacom paneli.<\/span><\/span><\/p>\n<\/li>\n<li>\n<p style=\"text-align:justify;\"><span style=\"font-family:Calibri, sans-serif;font-size:11pt;\"><span lang=\"SK\" dir=\"ltr\">Automatick\u00fd by-pass pre vo\u013en\u00e9 chladenie (alternat\u00edvne je povolen\u00e1 ru\u010dn\u00e1 aktiv\u00e1cia)<\/span><\/span><\/p>\n<\/li>\n<li>\n<p style=\"text-align:justify;\"><span style=\"font-family:Calibri, sans-serif;font-size:11pt;\"><span lang=\"SK\" dir=\"ltr\">\u00d8 125 mm<\/span><\/span><\/p>\n<\/li>\n<li>\n<p style=\"text-align:justify;\"><span style=\"font-family:Calibri, sans-serif;font-size:11pt;\"><span lang=\"SK\" dir=\"ltr\">Ovl\u00e1dac\u00ed panel na prednom kryte, ktor\u00fd umo\u017e\u0148uje:<\/span><\/span><\/p>\n<ul>\n<li>\n<p style=\"text-align:justify;\"><span style=\"font-family:Calibri, sans-serif;font-size:11pt;\"><span lang=\"SK\" dir=\"ltr\">konfigur\u00e1ciu v\u00fdrobku pri in\u0161tal\u00e1cii,<\/span><\/span><\/p>\n<\/li>\n<li>\n<p style=\"text-align:justify;\"><span style=\"font-family:Calibri, sans-serif;font-size:11pt;\"><span lang=\"SK\" dir=\"ltr\">ru\u010dn\u00e9 nastavenie prev\u00e1dzkov\u00e9ho re\u017eimu,<\/span><\/span><\/p>\n<\/li>\n<li>\n<p style=\"text-align:justify;\"><span style=\"font-family:Calibri, sans-serif;font-size:11pt;\"><span lang=\"SK\" dir=\"ltr\">nastavenie automatickej prev\u00e1dzky a sledovanie spr\u00e1vnej funkcie,<\/span><\/span><\/p>\n<\/li>\n<li>\n<p style=\"text-align:justify;\"><span style=\"font-family:Calibri, sans-serif;font-size:11pt;\"><span lang=\"SK\" dir=\"ltr\">diagnostiku syst\u00e9mu,<\/span><\/span><\/p>\n<\/li>\n<li>\n<p style=\"text-align:justify;\"><span style=\"font-family:Calibri, sans-serif;font-size:11pt;\"><span lang=\"SK\" dir=\"ltr\">st\u00e1le sledovanie stavu filtrov a relat\u00edvne potreby \u00fadr\u017eby \/ v\u00fdmeny,<\/span><\/span><\/p>\n<\/li>\n<li>\n<p style=\"text-align:justify;\"><span style=\"font-family:Calibri, sans-serif;font-size:11pt;\"><span lang=\"SK\" dir=\"ltr\">aktualiz\u00e1cia firmv\u00e9ru<\/span><\/span><\/p>\n<\/li>\n<\/ul>\n<\/li>\n<\/ul>\n","protected":false},"excerpt":{"rendered":"<p style=\"margin-left:0cm;text-align:justify;\"><span style=\"font-family:Calibri, sans-serif;font-size:11pt;\"><span lang=\"SK\" dir=\"ltr\">Rekupera\u010dn\u00e1 jednotka <strong>Vortice VORT HR 300 NETI&nbsp;<\/strong>s estetick\u00fdm \u010deln\u00fdm panelom z tvrden\u00e9ho plastu, leskl\u00fdm povrchom. Kruhov\u00e9 pripojovacie otvory potrubia, menovit\u00fd <strong>priemer 125 mm<\/strong>. Jednotka disponuje vysoko \u00fa\u010dinn\u00fdm <strong>protipr\u00fadov\u00fdm v\u00fdmenn\u00edkom tepla z plastu&nbsp;<\/strong>PS. \u0160tandardne dod\u00e1van\u00fd dr\u017eiak na mont\u00e1\u017e na stenu.<\/span><\/span><\/p>\n","protected":false},"featured_media":0,"template":"","meta":[],"product_cat":[6064,6056,6065],"product_tag":[],"class_list":{"0":"post-476980","1":"product","2":"type-product","3":"status-publish","5":"product_cat-ventilatory-archivovane-produkty","6":"product_cat-archivovane-produkty","7":"product_cat-archivovane-produkty-ventilatory","8":"pa_typ-rekuperacia","9":"pa_znacka-vortice","11":"first","12":"outofstock","13":"taxable","14":"shipping-taxable","15":"purchasable","16":"product-type-simple"},"yoast_head":"<!-- This site is optimized with the Yoast SEO plugin v23.9 - https:\/\/yoast.com\/wordpress\/plugins\/seo\/ -->\n<title>VORT HR 300 NETI (Passive House certifik\u00e1t) - KLIMAVEX GROUP - Slovensko<\/title>\n<meta name=\"robots\" content=\"index, follow, max-snippet:-1, max-image-preview:large, max-video-preview:-1\" \/>\n<link rel=\"canonical\" href=\"https:\/\/klimavex.eu\/sk\/katalog\/vort-hr-300-neti-passive-house-certifikat\/\" \/>\n<meta property=\"og:locale\" content=\"sk_SK\" \/>\n<meta property=\"og:type\" content=\"article\" \/>\n<meta property=\"og:title\" content=\"VORT HR 300 NETI (Passive House certifik\u00e1t) - KLIMAVEX GROUP - Slovensko\" \/>\n<meta property=\"og:description\" content=\"Rekupera\u010dn\u00e1 jednotka Vortice VORT HR 300 NETI&nbsp;s estetick\u00fdm \u010deln\u00fdm panelom z tvrden\u00e9ho plastu, leskl\u00fdm povrchom. Kruhov\u00e9 pripojovacie otvory potrubia, menovit\u00fd priemer 125 mm. Jednotka disponuje vysoko \u00fa\u010dinn\u00fdm protipr\u00fadov\u00fdm v\u00fdmenn\u00edkom tepla z plastu&nbsp;PS. \u0160tandardne dod\u00e1van\u00fd dr\u017eiak na mont\u00e1\u017e na stenu.\" \/>\n<meta property=\"og:url\" content=\"https:\/\/klimavex.eu\/sk\/katalog\/vort-hr-300-neti-passive-house-certifikat\/\" \/>\n<meta property=\"og:site_name\" content=\"KLIMAVEX GROUP - Slovensko\" \/>\n<meta property=\"article:publisher\" content=\"https:\/\/www.facebook.com\/klimavex\" \/>\n<meta property=\"article:modified_time\" content=\"2026-04-15T09:50:23+00:00\" \/>\n<meta property=\"og:image\" content=\"https:\/\/klimavex.eu\/sk\/wp-content\/uploads\/2024\/02\/LOGO-KLIMAVEX-modra-kostka-1.png\" \/>\n\t<meta property=\"og:image:width\" content=\"9184\" \/>\n\t<meta property=\"og:image:height\" content=\"9184\" \/>\n\t<meta property=\"og:image:type\" content=\"image\/png\" \/>\n<meta name=\"twitter:card\" content=\"summary_large_image\" \/>\n<meta name=\"twitter:label1\" content=\"Predpokladan\u00fd \u010das \u010d\u00edtania\" \/>\n\t<meta name=\"twitter:data1\" content=\"1 min\u00fata\" \/>\n<script type=\"application\/ld+json\" class=\"yoast-schema-graph\">{\"@context\":\"https:\/\/schema.org\",\"@graph\":[{\"@type\":\"WebPage\",\"@id\":\"https:\/\/klimavex.eu\/sk\/katalog\/vort-hr-300-neti-passive-house-certifikat\/\",\"url\":\"https:\/\/klimavex.eu\/sk\/katalog\/vort-hr-300-neti-passive-house-certifikat\/\",\"name\":\"VORT HR 300 NETI (Passive House certifik\u00e1t) - KLIMAVEX GROUP - Slovensko\",\"isPartOf\":{\"@id\":\"https:\/\/klimavex.eu\/sk\/#website\"},\"datePublished\":\"2026-04-15T09:49:55+00:00\",\"dateModified\":\"2026-04-15T09:50:23+00:00\",\"breadcrumb\":{\"@id\":\"https:\/\/klimavex.eu\/sk\/katalog\/vort-hr-300-neti-passive-house-certifikat\/#breadcrumb\"},\"inLanguage\":\"sk-SK\",\"potentialAction\":[{\"@type\":\"ReadAction\",\"target\":[\"https:\/\/klimavex.eu\/sk\/katalog\/vort-hr-300-neti-passive-house-certifikat\/\"]}]},{\"@type\":\"BreadcrumbList\",\"@id\":\"https:\/\/klimavex.eu\/sk\/katalog\/vort-hr-300-neti-passive-house-certifikat\/#breadcrumb\",\"itemListElement\":[{\"@type\":\"ListItem\",\"position\":1,\"name\":\"Domovsk\u00e1 str\u00e1nka\",\"item\":\"https:\/\/klimavex.eu\/sk\/\"},{\"@type\":\"ListItem\",\"position\":2,\"name\":\"Eshop\",\"item\":\"https:\/\/klimavex.eu\/sk\/eshop\/\"},{\"@type\":\"ListItem\",\"position\":3,\"name\":\"VORT HR 300 NETI (Passive House certifik\u00e1t)\"}]},{\"@type\":\"WebSite\",\"@id\":\"https:\/\/klimavex.eu\/sk\/#website\",\"url\":\"https:\/\/klimavex.eu\/sk\/\",\"name\":\"KLIMAVEX GROUP - Slovensko\",\"description\":\"\",\"publisher\":{\"@id\":\"https:\/\/klimavex.eu\/sk\/#organization\"},\"alternateName\":\"KLIMAVEX a.s.\",\"potentialAction\":[{\"@type\":\"SearchAction\",\"target\":{\"@type\":\"EntryPoint\",\"urlTemplate\":\"https:\/\/klimavex.eu\/sk\/?s={search_term_string}\"},\"query-input\":{\"@type\":\"PropertyValueSpecification\",\"valueRequired\":true,\"valueName\":\"search_term_string\"}}],\"inLanguage\":\"sk-SK\"},{\"@type\":\"Organization\",\"@id\":\"https:\/\/klimavex.eu\/sk\/#organization\",\"name\":\"KLIMAVEX GROUP\",\"alternateName\":\"KLIMAVEX a.s.\",\"url\":\"https:\/\/klimavex.eu\/sk\/\",\"logo\":{\"@type\":\"ImageObject\",\"inLanguage\":\"sk-SK\",\"@id\":\"https:\/\/klimavex.eu\/sk\/#\/schema\/logo\/image\/\",\"url\":\"https:\/\/klimavex.eu\/sk\/wp-content\/uploads\/2024\/04\/Klimavex-Group-logo.png\",\"contentUrl\":\"https:\/\/klimavex.eu\/sk\/wp-content\/uploads\/2024\/04\/Klimavex-Group-logo.png\",\"width\":1681,\"height\":472,\"caption\":\"KLIMAVEX GROUP\"},\"image\":{\"@id\":\"https:\/\/klimavex.eu\/sk\/#\/schema\/logo\/image\/\"},\"sameAs\":[\"https:\/\/www.facebook.com\/klimavex\",\"https:\/\/www.instagram.com\/klimavex_sk\/\"]}]}<\/script>\n<!-- \/ Yoast SEO plugin. -->","yoast_head_json":{"title":"VORT HR 300 NETI (Passive House certifik\u00e1t) - KLIMAVEX GROUP - Slovensko","robots":{"index":"index","follow":"follow","max-snippet":"max-snippet:-1","max-image-preview":"max-image-preview:large","max-video-preview":"max-video-preview:-1"},"canonical":"https:\/\/klimavex.eu\/sk\/katalog\/vort-hr-300-neti-passive-house-certifikat\/","og_locale":"sk_SK","og_type":"article","og_title":"VORT HR 300 NETI (Passive House certifik\u00e1t) - KLIMAVEX GROUP - Slovensko","og_description":"Rekupera\u010dn\u00e1 jednotka Vortice VORT HR 300 NETI&nbsp;s estetick\u00fdm \u010deln\u00fdm panelom z tvrden\u00e9ho plastu, leskl\u00fdm povrchom. Kruhov\u00e9 pripojovacie otvory potrubia, menovit\u00fd priemer 125 mm. Jednotka disponuje vysoko \u00fa\u010dinn\u00fdm protipr\u00fadov\u00fdm v\u00fdmenn\u00edkom tepla z plastu&nbsp;PS. \u0160tandardne dod\u00e1van\u00fd dr\u017eiak na mont\u00e1\u017e na stenu.","og_url":"https:\/\/klimavex.eu\/sk\/katalog\/vort-hr-300-neti-passive-house-certifikat\/","og_site_name":"KLIMAVEX GROUP - Slovensko","article_publisher":"https:\/\/www.facebook.com\/klimavex","article_modified_time":"2026-04-15T09:50:23+00:00","og_image":[{"width":9184,"height":9184,"url":"https:\/\/klimavex.eu\/sk\/wp-content\/uploads\/2024\/02\/LOGO-KLIMAVEX-modra-kostka-1.png","type":"image\/png"}],"twitter_card":"summary_large_image","twitter_misc":{"Predpokladan\u00fd \u010das \u010d\u00edtania":"1 min\u00fata"},"schema":{"@context":"https:\/\/schema.org","@graph":[{"@type":"WebPage","@id":"https:\/\/klimavex.eu\/sk\/katalog\/vort-hr-300-neti-passive-house-certifikat\/","url":"https:\/\/klimavex.eu\/sk\/katalog\/vort-hr-300-neti-passive-house-certifikat\/","name":"VORT HR 300 NETI (Passive House certifik\u00e1t) - KLIMAVEX GROUP - Slovensko","isPartOf":{"@id":"https:\/\/klimavex.eu\/sk\/#website"},"datePublished":"2026-04-15T09:49:55+00:00","dateModified":"2026-04-15T09:50:23+00:00","breadcrumb":{"@id":"https:\/\/klimavex.eu\/sk\/katalog\/vort-hr-300-neti-passive-house-certifikat\/#breadcrumb"},"inLanguage":"sk-SK","potentialAction":[{"@type":"ReadAction","target":["https:\/\/klimavex.eu\/sk\/katalog\/vort-hr-300-neti-passive-house-certifikat\/"]}]},{"@type":"BreadcrumbList","@id":"https:\/\/klimavex.eu\/sk\/katalog\/vort-hr-300-neti-passive-house-certifikat\/#breadcrumb","itemListElement":[{"@type":"ListItem","position":1,"name":"Domovsk\u00e1 str\u00e1nka","item":"https:\/\/klimavex.eu\/sk\/"},{"@type":"ListItem","position":2,"name":"Eshop","item":"https:\/\/klimavex.eu\/sk\/eshop\/"},{"@type":"ListItem","position":3,"name":"VORT HR 300 NETI (Passive House certifik\u00e1t)"}]},{"@type":"WebSite","@id":"https:\/\/klimavex.eu\/sk\/#website","url":"https:\/\/klimavex.eu\/sk\/","name":"KLIMAVEX GROUP - Slovensko","description":"","publisher":{"@id":"https:\/\/klimavex.eu\/sk\/#organization"},"alternateName":"KLIMAVEX a.s.","potentialAction":[{"@type":"SearchAction","target":{"@type":"EntryPoint","urlTemplate":"https:\/\/klimavex.eu\/sk\/?s={search_term_string}"},"query-input":{"@type":"PropertyValueSpecification","valueRequired":true,"valueName":"search_term_string"}}],"inLanguage":"sk-SK"},{"@type":"Organization","@id":"https:\/\/klimavex.eu\/sk\/#organization","name":"KLIMAVEX GROUP","alternateName":"KLIMAVEX a.s.","url":"https:\/\/klimavex.eu\/sk\/","logo":{"@type":"ImageObject","inLanguage":"sk-SK","@id":"https:\/\/klimavex.eu\/sk\/#\/schema\/logo\/image\/","url":"https:\/\/klimavex.eu\/sk\/wp-content\/uploads\/2024\/04\/Klimavex-Group-logo.png","contentUrl":"https:\/\/klimavex.eu\/sk\/wp-content\/uploads\/2024\/04\/Klimavex-Group-logo.png","width":1681,"height":472,"caption":"KLIMAVEX GROUP"},"image":{"@id":"https:\/\/klimavex.eu\/sk\/#\/schema\/logo\/image\/"},"sameAs":["https:\/\/www.facebook.com\/klimavex","https:\/\/www.instagram.com\/klimavex_sk\/"]}]}},"_links":{"self":[{"href":"https:\/\/klimavex.eu\/sk\/wp-json\/wp\/v2\/product\/476980","targetHints":{"allow":["GET"]}}],"collection":[{"href":"https:\/\/klimavex.eu\/sk\/wp-json\/wp\/v2\/product"}],"about":[{"href":"https:\/\/klimavex.eu\/sk\/wp-json\/wp\/v2\/types\/product"}],"version-history":[{"count":0,"href":"https:\/\/klimavex.eu\/sk\/wp-json\/wp\/v2\/product\/476980\/revisions"}],"wp:attachment":[{"href":"https:\/\/klimavex.eu\/sk\/wp-json\/wp\/v2\/media?parent=476980"}],"wp:term":[{"taxonomy":"product_cat","embeddable":true,"href":"https:\/\/klimavex.eu\/sk\/wp-json\/wp\/v2\/product_cat?post=476980"},{"taxonomy":"product_tag","embeddable":true,"href":"https:\/\/klimavex.eu\/sk\/wp-json\/wp\/v2\/product_tag?post=476980"}],"curies":[{"name":"wp","href":"https:\/\/api.w.org\/{rel}","templated":true}]}}