{"id":476984,"date":"2026-03-31T18:38:18","date_gmt":"2026-03-31T16:38:18","guid":{"rendered":"https:\/\/klimavex.eu\/sk\/katalog\/ventilator-vortice-e-304-t\/"},"modified":"2026-03-31T18:38:42","modified_gmt":"2026-03-31T16:38:42","slug":"ventilator-vortice-e-304-t","status":"publish","type":"product","link":"https:\/\/klimavex.eu\/sk\/katalog\/ventilator-vortice-e-304-t\/","title":{"rendered":"Ventil\u00e1tor Vortice E 304 T"},"content":{"rendered":"<p style=\"text-align:justify\"><span style=\"font-size:11pt\"><span style=\"font-family:Calibri,sans-serif\"><strong>K\u013e&uacute;\u010dov&eacute; vlastnosti:<\/strong><\/span><\/span><\/p>\n<ul>\n<li style=\"text-align:justify\"><span style=\"font-size:11pt\"><span style=\"font-family:Calibri,sans-serif\">Ventil&aacute;tory vybaven&eacute; asynchr&oacute;nnym induk\u010dn&yacute;m motorom s gu\u013e&ocirc;\u010dkov&yacute;mi lo\u017eiskami (ktor&eacute; zabezpe\u010duj&uacute; dlh&uacute; \u017eivotnos\u0165 a bezporuchov&uacute; prev&aacute;dzku ventil&aacute;toru po\u010das 30000 hod&iacute;n).<\/span><\/span><\/li>\n<li style=\"text-align:justify\"><span style=\"font-size:11pt\"><span style=\"font-family:Calibri,sans-serif\">Vertik&aacute;lna mont&aacute;\u017e na stenu.<\/span><\/span><\/li>\n<li style=\"text-align:justify\"><span style=\"font-size:11pt\"><span style=\"font-family:Calibri,sans-serif\">Hlavn&yacute; r&aacute;m ventil&aacute;tora je aerodynamicky tvarovan&yacute;, vyroben&yacute; z ocele a chr&aacute;nen&yacute; polyesterov&yacute;m n&aacute;terom.<\/span><\/span><\/li>\n<li style=\"text-align:justify\"><span style=\"font-size:11pt\"><span style=\"font-family:Calibri,sans-serif\">Pevn&aacute;, stabiln&aacute; a &scaron;peci&aacute;lne tvarovan&aacute; vrtu\u013ea s hlin&iacute;kovou hlavou telesa a lopatkami z plastu spevnen&eacute;ho sklen&yacute;m vl&aacute;knom.<\/span><\/span><\/li>\n<li style=\"text-align:justify\"><span style=\"font-size:11pt\"><span style=\"font-family:Calibri,sans-serif\">Ochrann&aacute; mrie\u017eka je opatren&aacute; ochrann&yacute;m n&aacute;terom a jednoducho demontovate\u013en&aacute; pre pr&iacute;pad &uacute;dr\u017eby a \u010distenia.<\/span><\/span><\/li>\n<li style=\"text-align:justify\"><span style=\"font-size:11pt\"><span style=\"font-family:Calibri,sans-serif\">Zariadenie mus&iacute; by\u0165 uzemnen&eacute;.<\/span><\/span><\/li>\n<li style=\"text-align:justify\"><span style=\"font-size:11pt\"><span style=\"font-family:Calibri,sans-serif\">Mo\u017enos\u0165 regul&aacute;cie ot&aacute;\u010dok.<\/span><\/span><\/li>\n<\/ul>\n","protected":false},"excerpt":{"rendered":"<p style=\"text-align:justify\"><span style=\"font-size:11pt\"><span style=\"font-family:Calibri,sans-serif\"><strong><span style=\"color:black\">Priemyseln&yacute; trojf&aacute;zov&yacute; n&aacute;stenn&yacute; axi&aacute;lny ventil&aacute;tor<\/span><\/strong><span style=\"color:black\"> Vorticel E s&nbsp;priamym v&yacute;fukom, vhodn&yacute; pre mont&aacute;\u017e na steny obytn&yacute;ch, komer\u010dn&iacute;ch a priemyseln&yacute;ch budov. <\/span>Vhodn&yacute; pre <strong>priemyseln&eacute; a komer\u010dn&eacute;<\/strong> <strong>objekty<\/strong> na od\u0165ah nepra&scaron;n&eacute;ho, neagres&iacute;vneho a nekorozitvorn&eacute;ho vzduchu bez kysel&iacute;n. Profil lopatiek ventil&aacute;torov je navrhnut&yacute; tak, aby dosahovali <strong>n&iacute;zku hladinu hluku<\/strong>.<\/span><\/span><\/p>\n","protected":false},"featured_media":482930,"template":"","meta":[],"product_cat":[2213,2212,1949,1965,1603,1297,1452],"product_tag":[],"class_list":{"0":"post-476984","1":"product","2":"type-product","3":"status-publish","4":"has-post-thumbnail","6":"product_cat-e-stenove","7":"product_cat-e","8":"product_cat-stenove","9":"product_cat-a-e-stenove","10":"product_cat-nastenne-stenove-okenne-ventilatory","11":"product_cat-ventilatory","12":"product_cat-priemyselne-ventilatory","13":"pa_dostupny-tlak-pa-5222","14":"pa_hlucnost-lp-3m-5162","15":"pa_krytie-ip44","16":"pa_prevedenie-axialny","17":"pa_typ-e-stenovy","18":"pa_vzduchovy-vykon-qv-m3-4219","19":"pa_znacka-vortice","21":"first","22":"instock","23":"taxable","24":"shipping-taxable","25":"purchasable","26":"product-type-simple"},"yoast_head":"<!-- This site is optimized with the Yoast SEO plugin v23.9 - https:\/\/yoast.com\/wordpress\/plugins\/seo\/ -->\n<title>Ventil\u00e1tor Vortice E 304 T - KLIMAVEX GROUP - Slovensko<\/title>\n<meta name=\"robots\" content=\"index, follow, max-snippet:-1, max-image-preview:large, max-video-preview:-1\" \/>\n<link rel=\"canonical\" href=\"https:\/\/klimavex.eu\/sk\/katalog\/ventilator-vortice-e-304-t\/\" \/>\n<meta property=\"og:locale\" content=\"sk_SK\" \/>\n<meta property=\"og:type\" content=\"article\" \/>\n<meta property=\"og:title\" content=\"Ventil\u00e1tor Vortice E 304 T - KLIMAVEX GROUP - Slovensko\" \/>\n<meta property=\"og:description\" content=\"Priemyseln&yacute; trojf&aacute;zov&yacute; n&aacute;stenn&yacute; axi&aacute;lny ventil&aacute;tor Vorticel E s&nbsp;priamym v&yacute;fukom, vhodn&yacute; pre mont&aacute;\u017e na steny obytn&yacute;ch, komer\u010dn&iacute;ch a priemyseln&yacute;ch budov. Vhodn&yacute; pre priemyseln&eacute; a komer\u010dn&eacute; objekty na od\u0165ah nepra&scaron;n&eacute;ho, neagres&iacute;vneho a nekorozitvorn&eacute;ho vzduchu bez kysel&iacute;n. Profil lopatiek ventil&aacute;torov je navrhnut&yacute; tak, aby dosahovali n&iacute;zku hladinu hluku.\" \/>\n<meta property=\"og:url\" content=\"https:\/\/klimavex.eu\/sk\/katalog\/ventilator-vortice-e-304-t\/\" \/>\n<meta property=\"og:site_name\" content=\"KLIMAVEX GROUP - Slovensko\" \/>\n<meta property=\"article:publisher\" content=\"https:\/\/www.facebook.com\/klimavex\" \/>\n<meta property=\"article:modified_time\" content=\"2026-03-31T16:38:42+00:00\" \/>\n<meta property=\"og:image\" content=\"https:\/\/klimavex.eu\/sk\/wp-content\/uploads\/2025\/09\/9OK9qIPyisueUuSqJ-hDvRLGyHbZvtU8v8ugEgT42us.png\" \/>\n\t<meta property=\"og:image:width\" content=\"572\" \/>\n\t<meta property=\"og:image:height\" content=\"512\" \/>\n\t<meta property=\"og:image:type\" content=\"image\/png\" \/>\n<meta name=\"twitter:card\" content=\"summary_large_image\" \/>\n<meta name=\"twitter:label1\" content=\"Predpokladan\u00fd \u010das \u010d\u00edtania\" \/>\n\t<meta name=\"twitter:data1\" content=\"1 min\u00fata\" \/>\n<script type=\"application\/ld+json\" class=\"yoast-schema-graph\">{\"@context\":\"https:\/\/schema.org\",\"@graph\":[{\"@type\":\"WebPage\",\"@id\":\"https:\/\/klimavex.eu\/sk\/katalog\/ventilator-vortice-e-304-t\/\",\"url\":\"https:\/\/klimavex.eu\/sk\/katalog\/ventilator-vortice-e-304-t\/\",\"name\":\"Ventil\u00e1tor Vortice E 304 T - KLIMAVEX GROUP - Slovensko\",\"isPartOf\":{\"@id\":\"https:\/\/klimavex.eu\/sk\/#website\"},\"primaryImageOfPage\":{\"@id\":\"https:\/\/klimavex.eu\/sk\/katalog\/ventilator-vortice-e-304-t\/#primaryimage\"},\"image\":{\"@id\":\"https:\/\/klimavex.eu\/sk\/katalog\/ventilator-vortice-e-304-t\/#primaryimage\"},\"thumbnailUrl\":\"https:\/\/klimavex.eu\/sk\/wp-content\/uploads\/2025\/09\/9OK9qIPyisueUuSqJ-hDvRLGyHbZvtU8v8ugEgT42us.png\",\"datePublished\":\"2026-03-31T16:38:18+00:00\",\"dateModified\":\"2026-03-31T16:38:42+00:00\",\"breadcrumb\":{\"@id\":\"https:\/\/klimavex.eu\/sk\/katalog\/ventilator-vortice-e-304-t\/#breadcrumb\"},\"inLanguage\":\"sk-SK\",\"potentialAction\":[{\"@type\":\"ReadAction\",\"target\":[\"https:\/\/klimavex.eu\/sk\/katalog\/ventilator-vortice-e-304-t\/\"]}]},{\"@type\":\"ImageObject\",\"inLanguage\":\"sk-SK\",\"@id\":\"https:\/\/klimavex.eu\/sk\/katalog\/ventilator-vortice-e-304-t\/#primaryimage\",\"url\":\"https:\/\/klimavex.eu\/sk\/wp-content\/uploads\/2025\/09\/9OK9qIPyisueUuSqJ-hDvRLGyHbZvtU8v8ugEgT42us.png\",\"contentUrl\":\"https:\/\/klimavex.eu\/sk\/wp-content\/uploads\/2025\/09\/9OK9qIPyisueUuSqJ-hDvRLGyHbZvtU8v8ugEgT42us.png\",\"width\":572,\"height\":512},{\"@type\":\"BreadcrumbList\",\"@id\":\"https:\/\/klimavex.eu\/sk\/katalog\/ventilator-vortice-e-304-t\/#breadcrumb\",\"itemListElement\":[{\"@type\":\"ListItem\",\"position\":1,\"name\":\"Domovsk\u00e1 str\u00e1nka\",\"item\":\"https:\/\/klimavex.eu\/sk\/\"},{\"@type\":\"ListItem\",\"position\":2,\"name\":\"Eshop\",\"item\":\"https:\/\/klimavex.eu\/sk\/eshop\/\"},{\"@type\":\"ListItem\",\"position\":3,\"name\":\"Ventil\u00e1tor Vortice E 304 T\"}]},{\"@type\":\"WebSite\",\"@id\":\"https:\/\/klimavex.eu\/sk\/#website\",\"url\":\"https:\/\/klimavex.eu\/sk\/\",\"name\":\"KLIMAVEX GROUP - Slovensko\",\"description\":\"\",\"publisher\":{\"@id\":\"https:\/\/klimavex.eu\/sk\/#organization\"},\"alternateName\":\"KLIMAVEX a.s.\",\"potentialAction\":[{\"@type\":\"SearchAction\",\"target\":{\"@type\":\"EntryPoint\",\"urlTemplate\":\"https:\/\/klimavex.eu\/sk\/?s={search_term_string}\"},\"query-input\":{\"@type\":\"PropertyValueSpecification\",\"valueRequired\":true,\"valueName\":\"search_term_string\"}}],\"inLanguage\":\"sk-SK\"},{\"@type\":\"Organization\",\"@id\":\"https:\/\/klimavex.eu\/sk\/#organization\",\"name\":\"KLIMAVEX GROUP\",\"alternateName\":\"KLIMAVEX a.s.\",\"url\":\"https:\/\/klimavex.eu\/sk\/\",\"logo\":{\"@type\":\"ImageObject\",\"inLanguage\":\"sk-SK\",\"@id\":\"https:\/\/klimavex.eu\/sk\/#\/schema\/logo\/image\/\",\"url\":\"https:\/\/klimavex.eu\/sk\/wp-content\/uploads\/2024\/04\/Klimavex-Group-logo.png\",\"contentUrl\":\"https:\/\/klimavex.eu\/sk\/wp-content\/uploads\/2024\/04\/Klimavex-Group-logo.png\",\"width\":1681,\"height\":472,\"caption\":\"KLIMAVEX GROUP\"},\"image\":{\"@id\":\"https:\/\/klimavex.eu\/sk\/#\/schema\/logo\/image\/\"},\"sameAs\":[\"https:\/\/www.facebook.com\/klimavex\",\"https:\/\/www.instagram.com\/klimavex_sk\/\"]}]}<\/script>\n<!-- \/ Yoast SEO plugin. -->","yoast_head_json":{"title":"Ventil\u00e1tor Vortice E 304 T - KLIMAVEX GROUP - Slovensko","robots":{"index":"index","follow":"follow","max-snippet":"max-snippet:-1","max-image-preview":"max-image-preview:large","max-video-preview":"max-video-preview:-1"},"canonical":"https:\/\/klimavex.eu\/sk\/katalog\/ventilator-vortice-e-304-t\/","og_locale":"sk_SK","og_type":"article","og_title":"Ventil\u00e1tor Vortice E 304 T - KLIMAVEX GROUP - Slovensko","og_description":"Priemyseln&yacute; trojf&aacute;zov&yacute; n&aacute;stenn&yacute; axi&aacute;lny ventil&aacute;tor Vorticel E s&nbsp;priamym v&yacute;fukom, vhodn&yacute; pre mont&aacute;\u017e na steny obytn&yacute;ch, komer\u010dn&iacute;ch a priemyseln&yacute;ch budov. Vhodn&yacute; pre priemyseln&eacute; a komer\u010dn&eacute; objekty na od\u0165ah nepra&scaron;n&eacute;ho, neagres&iacute;vneho a nekorozitvorn&eacute;ho vzduchu bez kysel&iacute;n. Profil lopatiek ventil&aacute;torov je navrhnut&yacute; tak, aby dosahovali n&iacute;zku hladinu hluku.","og_url":"https:\/\/klimavex.eu\/sk\/katalog\/ventilator-vortice-e-304-t\/","og_site_name":"KLIMAVEX GROUP - Slovensko","article_publisher":"https:\/\/www.facebook.com\/klimavex","article_modified_time":"2026-03-31T16:38:42+00:00","og_image":[{"width":572,"height":512,"url":"https:\/\/klimavex.eu\/sk\/wp-content\/uploads\/2025\/09\/9OK9qIPyisueUuSqJ-hDvRLGyHbZvtU8v8ugEgT42us.png","type":"image\/png"}],"twitter_card":"summary_large_image","twitter_misc":{"Predpokladan\u00fd \u010das \u010d\u00edtania":"1 min\u00fata"},"schema":{"@context":"https:\/\/schema.org","@graph":[{"@type":"WebPage","@id":"https:\/\/klimavex.eu\/sk\/katalog\/ventilator-vortice-e-304-t\/","url":"https:\/\/klimavex.eu\/sk\/katalog\/ventilator-vortice-e-304-t\/","name":"Ventil\u00e1tor Vortice E 304 T - KLIMAVEX GROUP - Slovensko","isPartOf":{"@id":"https:\/\/klimavex.eu\/sk\/#website"},"primaryImageOfPage":{"@id":"https:\/\/klimavex.eu\/sk\/katalog\/ventilator-vortice-e-304-t\/#primaryimage"},"image":{"@id":"https:\/\/klimavex.eu\/sk\/katalog\/ventilator-vortice-e-304-t\/#primaryimage"},"thumbnailUrl":"https:\/\/klimavex.eu\/sk\/wp-content\/uploads\/2025\/09\/9OK9qIPyisueUuSqJ-hDvRLGyHbZvtU8v8ugEgT42us.png","datePublished":"2026-03-31T16:38:18+00:00","dateModified":"2026-03-31T16:38:42+00:00","breadcrumb":{"@id":"https:\/\/klimavex.eu\/sk\/katalog\/ventilator-vortice-e-304-t\/#breadcrumb"},"inLanguage":"sk-SK","potentialAction":[{"@type":"ReadAction","target":["https:\/\/klimavex.eu\/sk\/katalog\/ventilator-vortice-e-304-t\/"]}]},{"@type":"ImageObject","inLanguage":"sk-SK","@id":"https:\/\/klimavex.eu\/sk\/katalog\/ventilator-vortice-e-304-t\/#primaryimage","url":"https:\/\/klimavex.eu\/sk\/wp-content\/uploads\/2025\/09\/9OK9qIPyisueUuSqJ-hDvRLGyHbZvtU8v8ugEgT42us.png","contentUrl":"https:\/\/klimavex.eu\/sk\/wp-content\/uploads\/2025\/09\/9OK9qIPyisueUuSqJ-hDvRLGyHbZvtU8v8ugEgT42us.png","width":572,"height":512},{"@type":"BreadcrumbList","@id":"https:\/\/klimavex.eu\/sk\/katalog\/ventilator-vortice-e-304-t\/#breadcrumb","itemListElement":[{"@type":"ListItem","position":1,"name":"Domovsk\u00e1 str\u00e1nka","item":"https:\/\/klimavex.eu\/sk\/"},{"@type":"ListItem","position":2,"name":"Eshop","item":"https:\/\/klimavex.eu\/sk\/eshop\/"},{"@type":"ListItem","position":3,"name":"Ventil\u00e1tor Vortice E 304 T"}]},{"@type":"WebSite","@id":"https:\/\/klimavex.eu\/sk\/#website","url":"https:\/\/klimavex.eu\/sk\/","name":"KLIMAVEX GROUP - Slovensko","description":"","publisher":{"@id":"https:\/\/klimavex.eu\/sk\/#organization"},"alternateName":"KLIMAVEX a.s.","potentialAction":[{"@type":"SearchAction","target":{"@type":"EntryPoint","urlTemplate":"https:\/\/klimavex.eu\/sk\/?s={search_term_string}"},"query-input":{"@type":"PropertyValueSpecification","valueRequired":true,"valueName":"search_term_string"}}],"inLanguage":"sk-SK"},{"@type":"Organization","@id":"https:\/\/klimavex.eu\/sk\/#organization","name":"KLIMAVEX GROUP","alternateName":"KLIMAVEX a.s.","url":"https:\/\/klimavex.eu\/sk\/","logo":{"@type":"ImageObject","inLanguage":"sk-SK","@id":"https:\/\/klimavex.eu\/sk\/#\/schema\/logo\/image\/","url":"https:\/\/klimavex.eu\/sk\/wp-content\/uploads\/2024\/04\/Klimavex-Group-logo.png","contentUrl":"https:\/\/klimavex.eu\/sk\/wp-content\/uploads\/2024\/04\/Klimavex-Group-logo.png","width":1681,"height":472,"caption":"KLIMAVEX GROUP"},"image":{"@id":"https:\/\/klimavex.eu\/sk\/#\/schema\/logo\/image\/"},"sameAs":["https:\/\/www.facebook.com\/klimavex","https:\/\/www.instagram.com\/klimavex_sk\/"]}]}},"_links":{"self":[{"href":"https:\/\/klimavex.eu\/sk\/wp-json\/wp\/v2\/product\/476984","targetHints":{"allow":["GET"]}}],"collection":[{"href":"https:\/\/klimavex.eu\/sk\/wp-json\/wp\/v2\/product"}],"about":[{"href":"https:\/\/klimavex.eu\/sk\/wp-json\/wp\/v2\/types\/product"}],"version-history":[{"count":0,"href":"https:\/\/klimavex.eu\/sk\/wp-json\/wp\/v2\/product\/476984\/revisions"}],"wp:featuredmedia":[{"embeddable":true,"href":"https:\/\/klimavex.eu\/sk\/wp-json\/wp\/v2\/media\/482930"}],"wp:attachment":[{"href":"https:\/\/klimavex.eu\/sk\/wp-json\/wp\/v2\/media?parent=476984"}],"wp:term":[{"taxonomy":"product_cat","embeddable":true,"href":"https:\/\/klimavex.eu\/sk\/wp-json\/wp\/v2\/product_cat?post=476984"},{"taxonomy":"product_tag","embeddable":true,"href":"https:\/\/klimavex.eu\/sk\/wp-json\/wp\/v2\/product_tag?post=476984"}],"curies":[{"name":"wp","href":"https:\/\/api.w.org\/{rel}","templated":true}]}}