{"id":477032,"date":"2026-03-31T18:39:25","date_gmt":"2026-03-31T16:39:25","guid":{"rendered":"https:\/\/klimavex.eu\/sk\/katalog\/ventilator-vortice-nordik-international-plus-120-48\/"},"modified":"2026-03-31T18:39:45","modified_gmt":"2026-03-31T16:39:45","slug":"ventilator-vortice-nordik-international-plus-120-48","status":"publish","type":"product","link":"https:\/\/klimavex.eu\/sk\/katalog\/ventilator-vortice-nordik-international-plus-120-48\/","title":{"rendered":"Ventil\u00e1tor Vortice Nordik International Plus 120\/48&#8243;"},"content":{"rendered":"<p style=\"text-align:justify\"><span style=\"font-size:11pt\"><span style=\"font-family:Calibri,sans-serif\"><strong><span style=\"background-color:white\"><span style=\"color:black\">K\u013e&uacute;\u010dov&eacute; vlastnosti:<\/span><\/span><\/strong><\/span><\/span><\/p>\n<ul>\n<li style=\"text-align:justify\"><span style=\"font-size:11pt\"><span style=\"font-family:Calibri,sans-serif\">Horn&yacute; a spodn&yacute; kryt motora lisovan&yacute; z tepelne odolnej a UV odolnej termoplastickej \u017eivice (ABS)<\/span><\/span><\/li>\n<li style=\"text-align:justify\"><span style=\"font-size:11pt\"><span style=\"font-family:Calibri,sans-serif\">Kabel&aacute;\u017e na konci stropnej ty\u010de zakryt&aacute; kopulami lisovan&yacute;mi z PP odoln&eacute;ho proti n&aacute;razu a UV \u017eiareniu<\/span><\/span><\/li>\n<li style=\"text-align:justify\"><span style=\"font-size:11pt\"><span style=\"font-family:Calibri,sans-serif\">Jednof&aacute;zov&yacute; rozbehov&yacute; kondenz&aacute;torov&yacute; motor s vonkaj&scaron;&iacute;m rotorom a hriade\u013eom nat&aacute;\u010dav&yacute;m v gu\u013e&ocirc;\u010dkov&yacute;ch lo\u017eisk&aacute;ch<\/span><\/span><\/li>\n<li style=\"text-align:justify\"><span style=\"font-size:11pt\"><span style=\"font-family:Calibri,sans-serif\">3 \u010depele z oce\u013eov&eacute;ho plechu pr&aacute;&scaron;kovo lakovan&eacute; polyesterom odoln&yacute;m proti po&scaron;kriabaniu<\/span><\/span><\/li>\n<li style=\"text-align:justify\"><span style=\"font-size:11pt\"><span style=\"font-family:Calibri,sans-serif\">Ta&scaron;ka s pr&iacute;slu&scaron;enstvom obsahuj&uacute;ca matice a skrutky potrebn&eacute; na mont&aacute;\u017e no\u017eov, stropn&eacute;ho h&aacute;ku a gumen&eacute; antivibra\u010dn&eacute; podlo\u017eky<\/span><\/span><\/li>\n<li style=\"text-align:justify\"><span style=\"font-size:11pt\"><span style=\"font-family:Calibri,sans-serif\">Pripraven&eacute; na pou\u017eitie pr&iacute;davn&eacute;ho osvetlenia (volite\u013en&eacute; pr&iacute;slu&scaron;enstvo)<\/span><\/span><\/li>\n<li style=\"text-align:justify\"><span style=\"font-size:11pt\"><span style=\"font-family:Calibri,sans-serif\">R&yacute;chlos\u0165 volite\u013en&aacute; pomocou riadiacich jednotiek (volite\u013en&eacute; pr&iacute;slu&scaron;enstvo)<\/span><\/span><\/li>\n<li style=\"text-align:justify\"><span style=\"font-size:11pt\"><span style=\"background-color:white\"><span style=\"font-family:Calibri,sans-serif\"><span style=\"color:black\">37,5cm dlh&aacute; z&aacute;vesn&aacute; ty\u010d<\/span><\/span><\/span><\/span><\/li>\n<\/ul>\n","protected":false},"excerpt":{"rendered":"<p style=\"text-align:justify\"><span style=\"font-size:11pt\"><span style=\"font-family:Calibri,sans-serif\"><span style=\"background-color:white\"><span style=\"color:black\">Stropn&yacute; ventil&aacute;tor Vortice <strong><span style=\"font-family:&quot;Calibri&quot;,sans-serif\">Nordik International Plus 120\/48&quot; <\/span><\/strong>je vhodn&yacute; na <strong>recirkul&aacute;ciu vzduchu <\/strong>v obytn&yacute;ch, komer\u010dn&yacute;ch a priemyseln&yacute;ch priestoroch. Stropn&yacute; ventil&aacute;tor Nordik m&aacute; <strong><span style=\"font-family:&quot;Calibri&quot;,sans-serif\">ve\u013ek&yacute; vzduchov&yacute; v&yacute;kon pri n&iacute;zkych ot&aacute;\u010dkach <\/span><\/strong>a profil lopatiek zabezpe\u010duje <strong><span style=\"font-family:&quot;Calibri&quot;,sans-serif\">n&iacute;zku prev&aacute;dzkov&uacute; hlu\u010dnos\u0165<\/span><\/strong>. Stropn&yacute; ventil&aacute;tor je vybaven&yacute; <strong>asynchr&oacute;nnym <\/strong>motorom. Volite\u013ene je mo\u017en&eacute; regulova\u0165 r&yacute;chlos\u0165 pomocou riadiacich jednotiek alebo nain&scaron;talova\u0165 pr&iacute;davn&eacute; svetlo.<\/span><\/span><\/span><\/span><\/p>\n","protected":false},"featured_media":483117,"template":"","meta":[],"product_cat":[2047,1297,1955],"product_tag":[],"class_list":{"0":"post-477032","1":"product","2":"type-product","3":"status-publish","4":"has-post-thumbnail","6":"product_cat-nordik-international","7":"product_cat-ventilatory","8":"product_cat-stropne-ventilatory","9":"pa_krytie-ip20","10":"pa_prevedenie-stropny","11":"pa_typ-nordik-international","12":"pa_vzduchovy-vykon-qv-m3-4982","13":"pa_znacka-vortice","15":"first","16":"instock","17":"taxable","18":"shipping-taxable","19":"purchasable","20":"product-type-simple"},"yoast_head":"<!-- This site is optimized with the Yoast SEO plugin v23.9 - https:\/\/yoast.com\/wordpress\/plugins\/seo\/ -->\n<title>Ventil\u00e1tor Vortice Nordik International Plus 120\/48&quot; - KLIMAVEX GROUP - Slovensko<\/title>\n<meta name=\"robots\" content=\"index, follow, max-snippet:-1, max-image-preview:large, max-video-preview:-1\" \/>\n<link rel=\"canonical\" href=\"https:\/\/klimavex.eu\/sk\/katalog\/ventilator-vortice-nordik-international-plus-120-48\/\" \/>\n<meta property=\"og:locale\" content=\"sk_SK\" \/>\n<meta property=\"og:type\" content=\"article\" \/>\n<meta property=\"og:title\" content=\"Ventil\u00e1tor Vortice Nordik International Plus 120\/48&quot; - KLIMAVEX GROUP - Slovensko\" \/>\n<meta property=\"og:description\" content=\"Stropn&yacute; ventil&aacute;tor Vortice Nordik International Plus 120\/48&quot; je vhodn&yacute; na recirkul&aacute;ciu vzduchu v obytn&yacute;ch, komer\u010dn&yacute;ch a priemyseln&yacute;ch priestoroch. Stropn&yacute; ventil&aacute;tor Nordik m&aacute; ve\u013ek&yacute; vzduchov&yacute; v&yacute;kon pri n&iacute;zkych ot&aacute;\u010dkach a profil lopatiek zabezpe\u010duje n&iacute;zku prev&aacute;dzkov&uacute; hlu\u010dnos\u0165. Stropn&yacute; ventil&aacute;tor je vybaven&yacute; asynchr&oacute;nnym motorom. Volite\u013ene je mo\u017en&eacute; regulova\u0165 r&yacute;chlos\u0165 pomocou riadiacich jednotiek alebo nain&scaron;talova\u0165 pr&iacute;davn&eacute; svetlo.\" \/>\n<meta property=\"og:url\" content=\"https:\/\/klimavex.eu\/sk\/katalog\/ventilator-vortice-nordik-international-plus-120-48\/\" \/>\n<meta property=\"og:site_name\" content=\"KLIMAVEX GROUP - Slovensko\" \/>\n<meta property=\"article:publisher\" content=\"https:\/\/www.facebook.com\/klimavex\" \/>\n<meta property=\"article:modified_time\" content=\"2026-03-31T16:39:45+00:00\" \/>\n<meta property=\"og:image\" content=\"https:\/\/klimavex.eu\/sk\/wp-content\/uploads\/2025\/09\/06Bnrsf6ijhm1ETghmTQao_rXc_4T1ao8LBXK0wTME.png\" \/>\n\t<meta property=\"og:image:width\" content=\"572\" \/>\n\t<meta property=\"og:image:height\" content=\"512\" \/>\n\t<meta property=\"og:image:type\" content=\"image\/png\" \/>\n<meta name=\"twitter:card\" content=\"summary_large_image\" \/>\n<meta name=\"twitter:label1\" content=\"Predpokladan\u00fd \u010das \u010d\u00edtania\" \/>\n\t<meta name=\"twitter:data1\" content=\"1 min\u00fata\" \/>\n<script type=\"application\/ld+json\" class=\"yoast-schema-graph\">{\"@context\":\"https:\/\/schema.org\",\"@graph\":[{\"@type\":\"WebPage\",\"@id\":\"https:\/\/klimavex.eu\/sk\/katalog\/ventilator-vortice-nordik-international-plus-120-48\/\",\"url\":\"https:\/\/klimavex.eu\/sk\/katalog\/ventilator-vortice-nordik-international-plus-120-48\/\",\"name\":\"Ventil\u00e1tor Vortice Nordik International Plus 120\/48\\\" - KLIMAVEX GROUP - Slovensko\",\"isPartOf\":{\"@id\":\"https:\/\/klimavex.eu\/sk\/#website\"},\"primaryImageOfPage\":{\"@id\":\"https:\/\/klimavex.eu\/sk\/katalog\/ventilator-vortice-nordik-international-plus-120-48\/#primaryimage\"},\"image\":{\"@id\":\"https:\/\/klimavex.eu\/sk\/katalog\/ventilator-vortice-nordik-international-plus-120-48\/#primaryimage\"},\"thumbnailUrl\":\"https:\/\/klimavex.eu\/sk\/wp-content\/uploads\/2025\/09\/06Bnrsf6ijhm1ETghmTQao_rXc_4T1ao8LBXK0wTME.png\",\"datePublished\":\"2026-03-31T16:39:25+00:00\",\"dateModified\":\"2026-03-31T16:39:45+00:00\",\"breadcrumb\":{\"@id\":\"https:\/\/klimavex.eu\/sk\/katalog\/ventilator-vortice-nordik-international-plus-120-48\/#breadcrumb\"},\"inLanguage\":\"sk-SK\",\"potentialAction\":[{\"@type\":\"ReadAction\",\"target\":[\"https:\/\/klimavex.eu\/sk\/katalog\/ventilator-vortice-nordik-international-plus-120-48\/\"]}]},{\"@type\":\"ImageObject\",\"inLanguage\":\"sk-SK\",\"@id\":\"https:\/\/klimavex.eu\/sk\/katalog\/ventilator-vortice-nordik-international-plus-120-48\/#primaryimage\",\"url\":\"https:\/\/klimavex.eu\/sk\/wp-content\/uploads\/2025\/09\/06Bnrsf6ijhm1ETghmTQao_rXc_4T1ao8LBXK0wTME.png\",\"contentUrl\":\"https:\/\/klimavex.eu\/sk\/wp-content\/uploads\/2025\/09\/06Bnrsf6ijhm1ETghmTQao_rXc_4T1ao8LBXK0wTME.png\",\"width\":572,\"height\":512},{\"@type\":\"BreadcrumbList\",\"@id\":\"https:\/\/klimavex.eu\/sk\/katalog\/ventilator-vortice-nordik-international-plus-120-48\/#breadcrumb\",\"itemListElement\":[{\"@type\":\"ListItem\",\"position\":1,\"name\":\"Domovsk\u00e1 str\u00e1nka\",\"item\":\"https:\/\/klimavex.eu\/sk\/\"},{\"@type\":\"ListItem\",\"position\":2,\"name\":\"Eshop\",\"item\":\"https:\/\/klimavex.eu\/sk\/eshop\/\"},{\"@type\":\"ListItem\",\"position\":3,\"name\":\"Ventil\u00e1tor Vortice Nordik International Plus 120\/48&#8243;\"}]},{\"@type\":\"WebSite\",\"@id\":\"https:\/\/klimavex.eu\/sk\/#website\",\"url\":\"https:\/\/klimavex.eu\/sk\/\",\"name\":\"KLIMAVEX GROUP - Slovensko\",\"description\":\"\",\"publisher\":{\"@id\":\"https:\/\/klimavex.eu\/sk\/#organization\"},\"alternateName\":\"KLIMAVEX a.s.\",\"potentialAction\":[{\"@type\":\"SearchAction\",\"target\":{\"@type\":\"EntryPoint\",\"urlTemplate\":\"https:\/\/klimavex.eu\/sk\/?s={search_term_string}\"},\"query-input\":{\"@type\":\"PropertyValueSpecification\",\"valueRequired\":true,\"valueName\":\"search_term_string\"}}],\"inLanguage\":\"sk-SK\"},{\"@type\":\"Organization\",\"@id\":\"https:\/\/klimavex.eu\/sk\/#organization\",\"name\":\"KLIMAVEX GROUP\",\"alternateName\":\"KLIMAVEX a.s.\",\"url\":\"https:\/\/klimavex.eu\/sk\/\",\"logo\":{\"@type\":\"ImageObject\",\"inLanguage\":\"sk-SK\",\"@id\":\"https:\/\/klimavex.eu\/sk\/#\/schema\/logo\/image\/\",\"url\":\"https:\/\/klimavex.eu\/sk\/wp-content\/uploads\/2024\/04\/Klimavex-Group-logo.png\",\"contentUrl\":\"https:\/\/klimavex.eu\/sk\/wp-content\/uploads\/2024\/04\/Klimavex-Group-logo.png\",\"width\":1681,\"height\":472,\"caption\":\"KLIMAVEX GROUP\"},\"image\":{\"@id\":\"https:\/\/klimavex.eu\/sk\/#\/schema\/logo\/image\/\"},\"sameAs\":[\"https:\/\/www.facebook.com\/klimavex\",\"https:\/\/www.instagram.com\/klimavex_sk\/\"]}]}<\/script>\n<!-- \/ Yoast SEO plugin. -->","yoast_head_json":{"title":"Ventil\u00e1tor Vortice Nordik International Plus 120\/48\" - KLIMAVEX GROUP - Slovensko","robots":{"index":"index","follow":"follow","max-snippet":"max-snippet:-1","max-image-preview":"max-image-preview:large","max-video-preview":"max-video-preview:-1"},"canonical":"https:\/\/klimavex.eu\/sk\/katalog\/ventilator-vortice-nordik-international-plus-120-48\/","og_locale":"sk_SK","og_type":"article","og_title":"Ventil\u00e1tor Vortice Nordik International Plus 120\/48\" - KLIMAVEX GROUP - Slovensko","og_description":"Stropn&yacute; ventil&aacute;tor Vortice Nordik International Plus 120\/48&quot; je vhodn&yacute; na recirkul&aacute;ciu vzduchu v obytn&yacute;ch, komer\u010dn&yacute;ch a priemyseln&yacute;ch priestoroch. Stropn&yacute; ventil&aacute;tor Nordik m&aacute; ve\u013ek&yacute; vzduchov&yacute; v&yacute;kon pri n&iacute;zkych ot&aacute;\u010dkach a profil lopatiek zabezpe\u010duje n&iacute;zku prev&aacute;dzkov&uacute; hlu\u010dnos\u0165. Stropn&yacute; ventil&aacute;tor je vybaven&yacute; asynchr&oacute;nnym motorom. Volite\u013ene je mo\u017en&eacute; regulova\u0165 r&yacute;chlos\u0165 pomocou riadiacich jednotiek alebo nain&scaron;talova\u0165 pr&iacute;davn&eacute; svetlo.","og_url":"https:\/\/klimavex.eu\/sk\/katalog\/ventilator-vortice-nordik-international-plus-120-48\/","og_site_name":"KLIMAVEX GROUP - Slovensko","article_publisher":"https:\/\/www.facebook.com\/klimavex","article_modified_time":"2026-03-31T16:39:45+00:00","og_image":[{"width":572,"height":512,"url":"https:\/\/klimavex.eu\/sk\/wp-content\/uploads\/2025\/09\/06Bnrsf6ijhm1ETghmTQao_rXc_4T1ao8LBXK0wTME.png","type":"image\/png"}],"twitter_card":"summary_large_image","twitter_misc":{"Predpokladan\u00fd \u010das \u010d\u00edtania":"1 min\u00fata"},"schema":{"@context":"https:\/\/schema.org","@graph":[{"@type":"WebPage","@id":"https:\/\/klimavex.eu\/sk\/katalog\/ventilator-vortice-nordik-international-plus-120-48\/","url":"https:\/\/klimavex.eu\/sk\/katalog\/ventilator-vortice-nordik-international-plus-120-48\/","name":"Ventil\u00e1tor Vortice Nordik International Plus 120\/48\" - KLIMAVEX GROUP - Slovensko","isPartOf":{"@id":"https:\/\/klimavex.eu\/sk\/#website"},"primaryImageOfPage":{"@id":"https:\/\/klimavex.eu\/sk\/katalog\/ventilator-vortice-nordik-international-plus-120-48\/#primaryimage"},"image":{"@id":"https:\/\/klimavex.eu\/sk\/katalog\/ventilator-vortice-nordik-international-plus-120-48\/#primaryimage"},"thumbnailUrl":"https:\/\/klimavex.eu\/sk\/wp-content\/uploads\/2025\/09\/06Bnrsf6ijhm1ETghmTQao_rXc_4T1ao8LBXK0wTME.png","datePublished":"2026-03-31T16:39:25+00:00","dateModified":"2026-03-31T16:39:45+00:00","breadcrumb":{"@id":"https:\/\/klimavex.eu\/sk\/katalog\/ventilator-vortice-nordik-international-plus-120-48\/#breadcrumb"},"inLanguage":"sk-SK","potentialAction":[{"@type":"ReadAction","target":["https:\/\/klimavex.eu\/sk\/katalog\/ventilator-vortice-nordik-international-plus-120-48\/"]}]},{"@type":"ImageObject","inLanguage":"sk-SK","@id":"https:\/\/klimavex.eu\/sk\/katalog\/ventilator-vortice-nordik-international-plus-120-48\/#primaryimage","url":"https:\/\/klimavex.eu\/sk\/wp-content\/uploads\/2025\/09\/06Bnrsf6ijhm1ETghmTQao_rXc_4T1ao8LBXK0wTME.png","contentUrl":"https:\/\/klimavex.eu\/sk\/wp-content\/uploads\/2025\/09\/06Bnrsf6ijhm1ETghmTQao_rXc_4T1ao8LBXK0wTME.png","width":572,"height":512},{"@type":"BreadcrumbList","@id":"https:\/\/klimavex.eu\/sk\/katalog\/ventilator-vortice-nordik-international-plus-120-48\/#breadcrumb","itemListElement":[{"@type":"ListItem","position":1,"name":"Domovsk\u00e1 str\u00e1nka","item":"https:\/\/klimavex.eu\/sk\/"},{"@type":"ListItem","position":2,"name":"Eshop","item":"https:\/\/klimavex.eu\/sk\/eshop\/"},{"@type":"ListItem","position":3,"name":"Ventil\u00e1tor Vortice Nordik International Plus 120\/48&#8243;"}]},{"@type":"WebSite","@id":"https:\/\/klimavex.eu\/sk\/#website","url":"https:\/\/klimavex.eu\/sk\/","name":"KLIMAVEX GROUP - Slovensko","description":"","publisher":{"@id":"https:\/\/klimavex.eu\/sk\/#organization"},"alternateName":"KLIMAVEX a.s.","potentialAction":[{"@type":"SearchAction","target":{"@type":"EntryPoint","urlTemplate":"https:\/\/klimavex.eu\/sk\/?s={search_term_string}"},"query-input":{"@type":"PropertyValueSpecification","valueRequired":true,"valueName":"search_term_string"}}],"inLanguage":"sk-SK"},{"@type":"Organization","@id":"https:\/\/klimavex.eu\/sk\/#organization","name":"KLIMAVEX GROUP","alternateName":"KLIMAVEX a.s.","url":"https:\/\/klimavex.eu\/sk\/","logo":{"@type":"ImageObject","inLanguage":"sk-SK","@id":"https:\/\/klimavex.eu\/sk\/#\/schema\/logo\/image\/","url":"https:\/\/klimavex.eu\/sk\/wp-content\/uploads\/2024\/04\/Klimavex-Group-logo.png","contentUrl":"https:\/\/klimavex.eu\/sk\/wp-content\/uploads\/2024\/04\/Klimavex-Group-logo.png","width":1681,"height":472,"caption":"KLIMAVEX GROUP"},"image":{"@id":"https:\/\/klimavex.eu\/sk\/#\/schema\/logo\/image\/"},"sameAs":["https:\/\/www.facebook.com\/klimavex","https:\/\/www.instagram.com\/klimavex_sk\/"]}]}},"_links":{"self":[{"href":"https:\/\/klimavex.eu\/sk\/wp-json\/wp\/v2\/product\/477032","targetHints":{"allow":["GET"]}}],"collection":[{"href":"https:\/\/klimavex.eu\/sk\/wp-json\/wp\/v2\/product"}],"about":[{"href":"https:\/\/klimavex.eu\/sk\/wp-json\/wp\/v2\/types\/product"}],"version-history":[{"count":0,"href":"https:\/\/klimavex.eu\/sk\/wp-json\/wp\/v2\/product\/477032\/revisions"}],"wp:featuredmedia":[{"embeddable":true,"href":"https:\/\/klimavex.eu\/sk\/wp-json\/wp\/v2\/media\/483117"}],"wp:attachment":[{"href":"https:\/\/klimavex.eu\/sk\/wp-json\/wp\/v2\/media?parent=477032"}],"wp:term":[{"taxonomy":"product_cat","embeddable":true,"href":"https:\/\/klimavex.eu\/sk\/wp-json\/wp\/v2\/product_cat?post=477032"},{"taxonomy":"product_tag","embeddable":true,"href":"https:\/\/klimavex.eu\/sk\/wp-json\/wp\/v2\/product_tag?post=477032"}],"curies":[{"name":"wp","href":"https:\/\/api.w.org\/{rel}","templated":true}]}}