{"id":477041,"date":"2026-03-31T18:39:25","date_gmt":"2026-03-31T16:39:25","guid":{"rendered":"https:\/\/klimavex.eu\/sk\/katalog\/ventilator-vortice-me-120-5-ll-es-energeticky-usporne\/"},"modified":"2026-03-31T18:39:56","modified_gmt":"2026-03-31T16:39:56","slug":"ventilator-vortice-me-120-5-ll-es-energeticky-usporne","status":"publish","type":"product","link":"https:\/\/klimavex.eu\/sk\/katalog\/ventilator-vortice-me-120-5-ll-es-energeticky-usporne\/","title":{"rendered":"Ventil\u00e1tor Vortice ME 120\/5&#8243; LL ES (energeticky \u00fasporn\u00e9)"},"content":{"rendered":"<p style=\"text-align:justify\"><span style=\"font-size:11pt\"><span style=\"font-family:Calibri,sans-serif\"><strong>K\u013e&uacute;\u010dov&eacute; vlastnosti<\/strong><\/span><\/span><\/p>\n<ul>\n<li style=\"text-align:justify\"><span style=\"font-size:11pt\"><span style=\"font-family:Calibri,sans-serif\">Ventil&aacute;tory s pripojen&iacute;m na potrubie &oslash;120mm, dostupn&eacute; vo verzii &scaron;tandard, s energeticky &uacute;sporn&yacute;m motorom.<\/span><\/span><\/li>\n<li style=\"text-align:justify\"><span style=\"font-size:11pt\"><span style=\"font-family:Calibri,sans-serif\">Ventil&aacute;tor je vyroben&yacute; z anti-UV ABS umelej hmoty.<\/span><\/span><\/li>\n<li style=\"text-align:justify\"><span style=\"font-size:11pt\"><span style=\"font-family:Calibri,sans-serif\">Dvojot&aacute;\u010dkov&yacute; motor s <span style=\"color:black\">gu\u013e&ocirc;\u010dkov&yacute;mi<strong> <\/strong><\/span>lo\u017eiskami, ktor&eacute; zais\u0165uj&uacute; dlh&uacute; \u017eivotnos\u0165 ventil&aacute;tora a bezporuchov&uacute; prev&aacute;dzku ventil&aacute;tora po\u010das 30 000 hod&iacute;n.<\/span><\/span><\/li>\n<li style=\"text-align:justify\"><span style=\"font-size:11pt\"><span style=\"font-family:Calibri,sans-serif\">Mont&aacute;\u017e na stenu alebo do stropu v akejko\u013evek poz&iacute;cii.<\/span><\/span><\/li>\n<li style=\"text-align:justify\"><span style=\"font-size:11pt\"><span style=\"font-family:Calibri,sans-serif\">Vrtu\u013ea so &scaron;peci&aacute;lne (diagon&aacute;lne) zahnut&yacute;mi lopatkami a zabudovan&yacute; usmer\u0148ova\u010d prietoku vzduchu pre zabezpe\u010denie vysok&eacute;ho v&yacute;konu pri n&iacute;zkych ot&aacute;\u010dkach, tzn. n&iacute;zkej spotrebe energie a n&iacute;zkej hlu\u010dnosti.<\/span><\/span><\/li>\n<li style=\"text-align:justify\"><span style=\"font-size:11pt\"><span style=\"font-family:Calibri,sans-serif\">Zabudovan&aacute; kr&iacute;dlov&aacute; sp&auml;tn&aacute; klapka.<\/span><\/span><\/li>\n<li style=\"text-align:justify\"><span style=\"font-size:11pt\"><span style=\"font-family:Calibri,sans-serif\">V&scaron;etky modely maj&uacute; krytie IP45, teda ochrana proti tryskaj&uacute;cej vode, ktor&aacute; umo\u017e\u0148uje ventil&aacute;tor osadi\u0165 v k&uacute;pe\u013eni aj do z&oacute;ny 1.<\/span><\/span><\/li>\n<li style=\"text-align:justify\"><span style=\"font-size:11pt\"><span style=\"font-family:Calibri,sans-serif\">Zariadenie nemus&iacute; by\u0165 uzemnen&eacute;, m&aacute; dvojit&uacute; izol&aacute;ciu.<\/span><\/span><\/li>\n<\/ul>\n","protected":false},"excerpt":{"rendered":"<p style=\"text-align:justify\"><span style=\"font-size:11pt\"><span style=\"font-family:Calibri,sans-serif\">&Scaron;peci&aacute;lne axi&aacute;lne ventil&aacute;tory s <strong>vysok&yacute;m vzduchov&yacute;m v&yacute;konom, n&iacute;zkou hlu\u010dnos\u0165ou a vysok&yacute;m kryt&iacute;m<\/strong>. Vhodn&eacute; pre men&scaron;ie a stredne ve\u013ek&eacute; miestnosti s <strong>priamym v&yacute;fukom <\/strong>alebo <strong>v&yacute;fukom do kr&aacute;tkeho potrubia<\/strong> <strong>(&oslash;120mm). <\/strong>Mont&aacute;\u017e na stenu alebo do stropu v akejko\u013evek poz&iacute;cii. <strong>Punto Evo <\/strong>je rad &scaron;peci&aacute;lnych axi&aacute;lnych ventil&aacute;torov talianskeho v&yacute;robcu vzduchotechniky Vortice s vysok&yacute;m vzduchov&yacute;m v&yacute;konom.<\/span><\/span><\/p>\n","protected":false},"featured_media":483156,"template":"","meta":[],"product_cat":[1377,1298,1297],"product_tag":[],"class_list":{"0":"post-477041","1":"product","2":"type-product","3":"status-publish","4":"has-post-thumbnail","6":"product_cat-punto-evo","7":"product_cat-ventilatory-do-kupelne-axialne","8":"product_cat-ventilatory","9":"pa_dostupny-tlak-pa-353-569","10":"pa_gulockove-loziska-ll-ano","11":"pa_hlucnost-lp-3m-262-333","12":"pa_krytie-ip45","13":"pa_prevedenie-axialny","14":"pa_priemer-napojenia-mm-3842","15":"pa_typ-punto-evo","16":"pa_typ-motora-ec","17":"pa_vzduchovy-vykon-qv-m3-130-180","18":"pa_znacka-vortice","20":"first","21":"instock","22":"taxable","23":"shipping-taxable","24":"purchasable","25":"product-type-simple"},"yoast_head":"<!-- This site is optimized with the Yoast SEO plugin v23.9 - https:\/\/yoast.com\/wordpress\/plugins\/seo\/ -->\n<title>Ventil\u00e1tor Vortice ME 120\/5&quot; LL ES (energeticky \u00fasporn\u00e9) - KLIMAVEX GROUP - Slovensko<\/title>\n<meta name=\"robots\" content=\"index, follow, max-snippet:-1, max-image-preview:large, max-video-preview:-1\" \/>\n<link rel=\"canonical\" href=\"https:\/\/klimavex.eu\/sk\/katalog\/ventilator-vortice-me-120-5-ll-es-energeticky-usporne\/\" \/>\n<meta property=\"og:locale\" content=\"sk_SK\" \/>\n<meta property=\"og:type\" content=\"article\" \/>\n<meta property=\"og:title\" content=\"Ventil\u00e1tor Vortice ME 120\/5&quot; LL ES (energeticky \u00fasporn\u00e9) - KLIMAVEX GROUP - Slovensko\" \/>\n<meta property=\"og:description\" content=\"&Scaron;peci&aacute;lne axi&aacute;lne ventil&aacute;tory s vysok&yacute;m vzduchov&yacute;m v&yacute;konom, n&iacute;zkou hlu\u010dnos\u0165ou a vysok&yacute;m kryt&iacute;m. Vhodn&eacute; pre men&scaron;ie a stredne ve\u013ek&eacute; miestnosti s priamym v&yacute;fukom alebo v&yacute;fukom do kr&aacute;tkeho potrubia (&oslash;120mm). Mont&aacute;\u017e na stenu alebo do stropu v akejko\u013evek poz&iacute;cii. Punto Evo je rad &scaron;peci&aacute;lnych axi&aacute;lnych ventil&aacute;torov talianskeho v&yacute;robcu vzduchotechniky Vortice s vysok&yacute;m vzduchov&yacute;m v&yacute;konom.\" \/>\n<meta property=\"og:url\" content=\"https:\/\/klimavex.eu\/sk\/katalog\/ventilator-vortice-me-120-5-ll-es-energeticky-usporne\/\" \/>\n<meta property=\"og:site_name\" content=\"KLIMAVEX GROUP - Slovensko\" \/>\n<meta property=\"article:publisher\" content=\"https:\/\/www.facebook.com\/klimavex\" \/>\n<meta property=\"article:modified_time\" content=\"2026-03-31T16:39:56+00:00\" \/>\n<meta property=\"og:image\" content=\"https:\/\/klimavex.eu\/sk\/wp-content\/uploads\/2025\/09\/H68QIAEAOihvlv6lW0p1IP6OvZfECPgz_rwBrzPzLEE-4.jpeg\" \/>\n\t<meta property=\"og:image:width\" content=\"683\" \/>\n\t<meta property=\"og:image:height\" content=\"512\" \/>\n\t<meta property=\"og:image:type\" content=\"image\/jpeg\" \/>\n<meta name=\"twitter:card\" content=\"summary_large_image\" \/>\n<meta name=\"twitter:label1\" content=\"Predpokladan\u00fd \u010das \u010d\u00edtania\" \/>\n\t<meta name=\"twitter:data1\" content=\"1 min\u00fata\" \/>\n<script type=\"application\/ld+json\" class=\"yoast-schema-graph\">{\"@context\":\"https:\/\/schema.org\",\"@graph\":[{\"@type\":\"WebPage\",\"@id\":\"https:\/\/klimavex.eu\/sk\/katalog\/ventilator-vortice-me-120-5-ll-es-energeticky-usporne\/\",\"url\":\"https:\/\/klimavex.eu\/sk\/katalog\/ventilator-vortice-me-120-5-ll-es-energeticky-usporne\/\",\"name\":\"Ventil\u00e1tor Vortice ME 120\/5\\\" LL ES (energeticky \u00fasporn\u00e9) - KLIMAVEX GROUP - Slovensko\",\"isPartOf\":{\"@id\":\"https:\/\/klimavex.eu\/sk\/#website\"},\"primaryImageOfPage\":{\"@id\":\"https:\/\/klimavex.eu\/sk\/katalog\/ventilator-vortice-me-120-5-ll-es-energeticky-usporne\/#primaryimage\"},\"image\":{\"@id\":\"https:\/\/klimavex.eu\/sk\/katalog\/ventilator-vortice-me-120-5-ll-es-energeticky-usporne\/#primaryimage\"},\"thumbnailUrl\":\"https:\/\/klimavex.eu\/sk\/wp-content\/uploads\/2025\/09\/H68QIAEAOihvlv6lW0p1IP6OvZfECPgz_rwBrzPzLEE-4.jpeg\",\"datePublished\":\"2026-03-31T16:39:25+00:00\",\"dateModified\":\"2026-03-31T16:39:56+00:00\",\"breadcrumb\":{\"@id\":\"https:\/\/klimavex.eu\/sk\/katalog\/ventilator-vortice-me-120-5-ll-es-energeticky-usporne\/#breadcrumb\"},\"inLanguage\":\"sk-SK\",\"potentialAction\":[{\"@type\":\"ReadAction\",\"target\":[\"https:\/\/klimavex.eu\/sk\/katalog\/ventilator-vortice-me-120-5-ll-es-energeticky-usporne\/\"]}]},{\"@type\":\"ImageObject\",\"inLanguage\":\"sk-SK\",\"@id\":\"https:\/\/klimavex.eu\/sk\/katalog\/ventilator-vortice-me-120-5-ll-es-energeticky-usporne\/#primaryimage\",\"url\":\"https:\/\/klimavex.eu\/sk\/wp-content\/uploads\/2025\/09\/H68QIAEAOihvlv6lW0p1IP6OvZfECPgz_rwBrzPzLEE-4.jpeg\",\"contentUrl\":\"https:\/\/klimavex.eu\/sk\/wp-content\/uploads\/2025\/09\/H68QIAEAOihvlv6lW0p1IP6OvZfECPgz_rwBrzPzLEE-4.jpeg\",\"width\":683,\"height\":512},{\"@type\":\"BreadcrumbList\",\"@id\":\"https:\/\/klimavex.eu\/sk\/katalog\/ventilator-vortice-me-120-5-ll-es-energeticky-usporne\/#breadcrumb\",\"itemListElement\":[{\"@type\":\"ListItem\",\"position\":1,\"name\":\"Domovsk\u00e1 str\u00e1nka\",\"item\":\"https:\/\/klimavex.eu\/sk\/\"},{\"@type\":\"ListItem\",\"position\":2,\"name\":\"Eshop\",\"item\":\"https:\/\/klimavex.eu\/sk\/eshop\/\"},{\"@type\":\"ListItem\",\"position\":3,\"name\":\"Ventil\u00e1tor Vortice ME 120\/5&#8243; LL ES (energeticky \u00fasporn\u00e9)\"}]},{\"@type\":\"WebSite\",\"@id\":\"https:\/\/klimavex.eu\/sk\/#website\",\"url\":\"https:\/\/klimavex.eu\/sk\/\",\"name\":\"KLIMAVEX GROUP - Slovensko\",\"description\":\"\",\"publisher\":{\"@id\":\"https:\/\/klimavex.eu\/sk\/#organization\"},\"alternateName\":\"KLIMAVEX a.s.\",\"potentialAction\":[{\"@type\":\"SearchAction\",\"target\":{\"@type\":\"EntryPoint\",\"urlTemplate\":\"https:\/\/klimavex.eu\/sk\/?s={search_term_string}\"},\"query-input\":{\"@type\":\"PropertyValueSpecification\",\"valueRequired\":true,\"valueName\":\"search_term_string\"}}],\"inLanguage\":\"sk-SK\"},{\"@type\":\"Organization\",\"@id\":\"https:\/\/klimavex.eu\/sk\/#organization\",\"name\":\"KLIMAVEX GROUP\",\"alternateName\":\"KLIMAVEX a.s.\",\"url\":\"https:\/\/klimavex.eu\/sk\/\",\"logo\":{\"@type\":\"ImageObject\",\"inLanguage\":\"sk-SK\",\"@id\":\"https:\/\/klimavex.eu\/sk\/#\/schema\/logo\/image\/\",\"url\":\"https:\/\/klimavex.eu\/sk\/wp-content\/uploads\/2024\/04\/Klimavex-Group-logo.png\",\"contentUrl\":\"https:\/\/klimavex.eu\/sk\/wp-content\/uploads\/2024\/04\/Klimavex-Group-logo.png\",\"width\":1681,\"height\":472,\"caption\":\"KLIMAVEX GROUP\"},\"image\":{\"@id\":\"https:\/\/klimavex.eu\/sk\/#\/schema\/logo\/image\/\"},\"sameAs\":[\"https:\/\/www.facebook.com\/klimavex\",\"https:\/\/www.instagram.com\/klimavex_sk\/\"]}]}<\/script>\n<!-- \/ Yoast SEO plugin. -->","yoast_head_json":{"title":"Ventil\u00e1tor Vortice ME 120\/5\" LL ES (energeticky \u00fasporn\u00e9) - KLIMAVEX GROUP - Slovensko","robots":{"index":"index","follow":"follow","max-snippet":"max-snippet:-1","max-image-preview":"max-image-preview:large","max-video-preview":"max-video-preview:-1"},"canonical":"https:\/\/klimavex.eu\/sk\/katalog\/ventilator-vortice-me-120-5-ll-es-energeticky-usporne\/","og_locale":"sk_SK","og_type":"article","og_title":"Ventil\u00e1tor Vortice ME 120\/5\" LL ES (energeticky \u00fasporn\u00e9) - KLIMAVEX GROUP - Slovensko","og_description":"&Scaron;peci&aacute;lne axi&aacute;lne ventil&aacute;tory s vysok&yacute;m vzduchov&yacute;m v&yacute;konom, n&iacute;zkou hlu\u010dnos\u0165ou a vysok&yacute;m kryt&iacute;m. Vhodn&eacute; pre men&scaron;ie a stredne ve\u013ek&eacute; miestnosti s priamym v&yacute;fukom alebo v&yacute;fukom do kr&aacute;tkeho potrubia (&oslash;120mm). Mont&aacute;\u017e na stenu alebo do stropu v akejko\u013evek poz&iacute;cii. Punto Evo je rad &scaron;peci&aacute;lnych axi&aacute;lnych ventil&aacute;torov talianskeho v&yacute;robcu vzduchotechniky Vortice s vysok&yacute;m vzduchov&yacute;m v&yacute;konom.","og_url":"https:\/\/klimavex.eu\/sk\/katalog\/ventilator-vortice-me-120-5-ll-es-energeticky-usporne\/","og_site_name":"KLIMAVEX GROUP - Slovensko","article_publisher":"https:\/\/www.facebook.com\/klimavex","article_modified_time":"2026-03-31T16:39:56+00:00","og_image":[{"width":683,"height":512,"url":"https:\/\/klimavex.eu\/sk\/wp-content\/uploads\/2025\/09\/H68QIAEAOihvlv6lW0p1IP6OvZfECPgz_rwBrzPzLEE-4.jpeg","type":"image\/jpeg"}],"twitter_card":"summary_large_image","twitter_misc":{"Predpokladan\u00fd \u010das \u010d\u00edtania":"1 min\u00fata"},"schema":{"@context":"https:\/\/schema.org","@graph":[{"@type":"WebPage","@id":"https:\/\/klimavex.eu\/sk\/katalog\/ventilator-vortice-me-120-5-ll-es-energeticky-usporne\/","url":"https:\/\/klimavex.eu\/sk\/katalog\/ventilator-vortice-me-120-5-ll-es-energeticky-usporne\/","name":"Ventil\u00e1tor Vortice ME 120\/5\" LL ES (energeticky \u00fasporn\u00e9) - KLIMAVEX GROUP - Slovensko","isPartOf":{"@id":"https:\/\/klimavex.eu\/sk\/#website"},"primaryImageOfPage":{"@id":"https:\/\/klimavex.eu\/sk\/katalog\/ventilator-vortice-me-120-5-ll-es-energeticky-usporne\/#primaryimage"},"image":{"@id":"https:\/\/klimavex.eu\/sk\/katalog\/ventilator-vortice-me-120-5-ll-es-energeticky-usporne\/#primaryimage"},"thumbnailUrl":"https:\/\/klimavex.eu\/sk\/wp-content\/uploads\/2025\/09\/H68QIAEAOihvlv6lW0p1IP6OvZfECPgz_rwBrzPzLEE-4.jpeg","datePublished":"2026-03-31T16:39:25+00:00","dateModified":"2026-03-31T16:39:56+00:00","breadcrumb":{"@id":"https:\/\/klimavex.eu\/sk\/katalog\/ventilator-vortice-me-120-5-ll-es-energeticky-usporne\/#breadcrumb"},"inLanguage":"sk-SK","potentialAction":[{"@type":"ReadAction","target":["https:\/\/klimavex.eu\/sk\/katalog\/ventilator-vortice-me-120-5-ll-es-energeticky-usporne\/"]}]},{"@type":"ImageObject","inLanguage":"sk-SK","@id":"https:\/\/klimavex.eu\/sk\/katalog\/ventilator-vortice-me-120-5-ll-es-energeticky-usporne\/#primaryimage","url":"https:\/\/klimavex.eu\/sk\/wp-content\/uploads\/2025\/09\/H68QIAEAOihvlv6lW0p1IP6OvZfECPgz_rwBrzPzLEE-4.jpeg","contentUrl":"https:\/\/klimavex.eu\/sk\/wp-content\/uploads\/2025\/09\/H68QIAEAOihvlv6lW0p1IP6OvZfECPgz_rwBrzPzLEE-4.jpeg","width":683,"height":512},{"@type":"BreadcrumbList","@id":"https:\/\/klimavex.eu\/sk\/katalog\/ventilator-vortice-me-120-5-ll-es-energeticky-usporne\/#breadcrumb","itemListElement":[{"@type":"ListItem","position":1,"name":"Domovsk\u00e1 str\u00e1nka","item":"https:\/\/klimavex.eu\/sk\/"},{"@type":"ListItem","position":2,"name":"Eshop","item":"https:\/\/klimavex.eu\/sk\/eshop\/"},{"@type":"ListItem","position":3,"name":"Ventil\u00e1tor Vortice ME 120\/5&#8243; LL ES (energeticky \u00fasporn\u00e9)"}]},{"@type":"WebSite","@id":"https:\/\/klimavex.eu\/sk\/#website","url":"https:\/\/klimavex.eu\/sk\/","name":"KLIMAVEX GROUP - Slovensko","description":"","publisher":{"@id":"https:\/\/klimavex.eu\/sk\/#organization"},"alternateName":"KLIMAVEX a.s.","potentialAction":[{"@type":"SearchAction","target":{"@type":"EntryPoint","urlTemplate":"https:\/\/klimavex.eu\/sk\/?s={search_term_string}"},"query-input":{"@type":"PropertyValueSpecification","valueRequired":true,"valueName":"search_term_string"}}],"inLanguage":"sk-SK"},{"@type":"Organization","@id":"https:\/\/klimavex.eu\/sk\/#organization","name":"KLIMAVEX GROUP","alternateName":"KLIMAVEX a.s.","url":"https:\/\/klimavex.eu\/sk\/","logo":{"@type":"ImageObject","inLanguage":"sk-SK","@id":"https:\/\/klimavex.eu\/sk\/#\/schema\/logo\/image\/","url":"https:\/\/klimavex.eu\/sk\/wp-content\/uploads\/2024\/04\/Klimavex-Group-logo.png","contentUrl":"https:\/\/klimavex.eu\/sk\/wp-content\/uploads\/2024\/04\/Klimavex-Group-logo.png","width":1681,"height":472,"caption":"KLIMAVEX GROUP"},"image":{"@id":"https:\/\/klimavex.eu\/sk\/#\/schema\/logo\/image\/"},"sameAs":["https:\/\/www.facebook.com\/klimavex","https:\/\/www.instagram.com\/klimavex_sk\/"]}]}},"_links":{"self":[{"href":"https:\/\/klimavex.eu\/sk\/wp-json\/wp\/v2\/product\/477041","targetHints":{"allow":["GET"]}}],"collection":[{"href":"https:\/\/klimavex.eu\/sk\/wp-json\/wp\/v2\/product"}],"about":[{"href":"https:\/\/klimavex.eu\/sk\/wp-json\/wp\/v2\/types\/product"}],"version-history":[{"count":0,"href":"https:\/\/klimavex.eu\/sk\/wp-json\/wp\/v2\/product\/477041\/revisions"}],"wp:featuredmedia":[{"embeddable":true,"href":"https:\/\/klimavex.eu\/sk\/wp-json\/wp\/v2\/media\/483156"}],"wp:attachment":[{"href":"https:\/\/klimavex.eu\/sk\/wp-json\/wp\/v2\/media?parent=477041"}],"wp:term":[{"taxonomy":"product_cat","embeddable":true,"href":"https:\/\/klimavex.eu\/sk\/wp-json\/wp\/v2\/product_cat?post=477041"},{"taxonomy":"product_tag","embeddable":true,"href":"https:\/\/klimavex.eu\/sk\/wp-json\/wp\/v2\/product_tag?post=477041"}],"curies":[{"name":"wp","href":"https:\/\/api.w.org\/{rel}","templated":true}]}}