{"id":477062,"date":"2026-04-20T12:03:06","date_gmt":"2026-04-20T10:03:06","guid":{"rendered":"https:\/\/klimavex.eu\/sk\/katalog\/ventilator-vortice-mg-100-4-ll\/"},"modified":"2026-04-20T12:03:16","modified_gmt":"2026-04-20T10:03:16","slug":"ventilator-vortice-mg-100-4-ll","status":"publish","type":"product","link":"https:\/\/klimavex.eu\/sk\/katalog\/ventilator-vortice-mg-100-4-ll\/","title":{"rendered":"Ventil\u00e1tor Vortice MG 100\/4&#8243; LL"},"content":{"rendered":"<p style=\"text-align:justify\"><span style=\"font-size:11pt\"><span style=\"font-family:Calibri,sans-serif\"><strong>K\u013e&uacute;\u010dov&eacute; vlastnosti:<\/strong><\/span><\/span><\/p>\n<ul>\n<li style=\"text-align:justify\"><span style=\"font-size:11pt\"><span style=\"font-family:Calibri,sans-serif\">Mont&aacute;\u017e na stenu, do podh\u013eadu, stropu alebo vn&uacute;torn&yacute;ch stien (prie\u010dky) pomocou pr&iacute;slu&scaron;enstva.<\/span><\/span><\/li>\n<li style=\"text-align:justify\"><span style=\"font-size:11pt\"><span style=\"font-family:Calibri,sans-serif\">Mo\u017enos\u0165 napojenia na flexibiln&eacute; hlin&iacute;kov&eacute; potrubie (max. d\u013a\u017eka 2m s&nbsp;2&#215;90&deg; ohybmi).<\/span><\/span><\/li>\n<li style=\"text-align:justify\"><span style=\"font-size:11pt\"><span style=\"font-family:Calibri,sans-serif\">Profil lopatiek ventil&aacute;tora a telesa ventil&aacute;tora zabezpe\u010duje vysok&yacute; prietok vzduchu.<\/span><\/span><\/li>\n<li style=\"text-align:justify\"><span style=\"font-size:11pt\"><span style=\"font-family:Calibri,sans-serif\">N&iacute;zka prev&aacute;dzkov&aacute; hlu\u010dnos\u0165.<\/span><\/span><\/li>\n<li style=\"text-align:justify\"><span style=\"font-size:11pt\"><span style=\"font-family:Calibri,sans-serif\">N&iacute;zka spotreba energie.<\/span><\/span><\/li>\n<li style=\"text-align:justify\"><span style=\"font-size:11pt\"><span style=\"font-family:Calibri,sans-serif\">Krytie IPX4 (ochrana proti striekaj&uacute;cej vode).<\/span><\/span><\/li>\n<li style=\"text-align:justify\"><span style=\"font-size:11pt\"><span style=\"font-family:Calibri,sans-serif\">Zariadenie nemus&iacute; by\u0165 uzemnen&eacute;, m&aacute; dvojit&uacute; izol&aacute;ciu.<\/span><\/span><\/li>\n<li style=\"text-align:justify\"><span style=\"font-size:11pt\"><span style=\"font-family:Calibri,sans-serif\">Mo\u017enos\u0165 regul&aacute;cie ot&aacute;\u010dok pre modely &scaron;tandard.<\/span><\/span><\/li>\n<\/ul>\n","protected":false},"excerpt":{"rendered":"<p style=\"text-align:justify\"><span style=\"font-size:11pt\"><span style=\"font-family:Calibri,sans-serif\"><strong>Axi&aacute;lny<\/strong> ods&aacute;vac&iacute; ventil&aacute;tor Vortice Punto Ghost (MG) <strong>s&nbsp;pripojen&iacute;m na potrubie<\/strong>, s&nbsp;<strong>gu\u013e&ocirc;\u010dkov&yacute;mi lo\u017eiskami. <\/strong>Vhodn&yacute; pre nepretr\u017eit&eacute; alebo preru&scaron;ovan&eacute; vetranie k&uacute;pe\u013en&iacute;, toaliet, kuch&yacute;\u0148 alebo verejn&yacute;ch priestorov. Navrhnut&eacute; pre <strong>ods&aacute;vanie cez stenu alebo mont&aacute;\u017e do kr&aacute;tkeho potrubia<\/strong>. Pripojenie na <strong>potrubie &Oslash; 100 mm. <\/strong>Tieto ventil&aacute;tory m&ocirc;\u017eu by\u0165 pou\u017eit&eacute; na vyrovnanie tepl&ocirc;t medzi pri\u013eahl&yacute;mi miestnos\u0165ami.<\/span><\/span><\/p>\n","protected":false},"featured_media":483234,"template":"","meta":[],"product_cat":[1298,1299,1297],"product_tag":[],"class_list":{"0":"post-477062","1":"product","2":"type-product","3":"status-publish","4":"has-post-thumbnail","6":"product_cat-ventilatory-do-kupelne-axialne","7":"product_cat-punto-ghost","8":"product_cat-ventilatory","9":"pa_dostupny-tlak-pa-3848","10":"pa_gulockove-loziska-ll-ano","11":"pa_hlucnost-lp-3m-3849","12":"pa_krytie-ipx4","13":"pa_prevedenie-axialny","14":"pa_priemer-napojenia-mm-3846","15":"pa_typ-punto-ghost","16":"pa_vzduchovy-vykon-qv-m3-3847","17":"pa_znacka-vortice","19":"first","20":"instock","21":"taxable","22":"shipping-taxable","23":"purchasable","24":"product-type-simple"},"yoast_head":"<!-- This site is optimized with the Yoast SEO plugin v23.9 - https:\/\/yoast.com\/wordpress\/plugins\/seo\/ -->\n<title>Ventil\u00e1tor Vortice MG 100\/4&quot; LL - KLIMAVEX GROUP - Slovensko<\/title>\n<meta name=\"robots\" content=\"index, follow, max-snippet:-1, max-image-preview:large, max-video-preview:-1\" \/>\n<link rel=\"canonical\" href=\"https:\/\/klimavex.eu\/sk\/katalog\/ventilator-vortice-mg-100-4-ll\/\" \/>\n<meta property=\"og:locale\" content=\"sk_SK\" \/>\n<meta property=\"og:type\" content=\"article\" \/>\n<meta property=\"og:title\" content=\"Ventil\u00e1tor Vortice MG 100\/4&quot; LL - KLIMAVEX GROUP - Slovensko\" \/>\n<meta property=\"og:description\" content=\"Axi&aacute;lny ods&aacute;vac&iacute; ventil&aacute;tor Vortice Punto Ghost (MG) s&nbsp;pripojen&iacute;m na potrubie, s&nbsp;gu\u013e&ocirc;\u010dkov&yacute;mi lo\u017eiskami. Vhodn&yacute; pre nepretr\u017eit&eacute; alebo preru&scaron;ovan&eacute; vetranie k&uacute;pe\u013en&iacute;, toaliet, kuch&yacute;\u0148 alebo verejn&yacute;ch priestorov. Navrhnut&eacute; pre ods&aacute;vanie cez stenu alebo mont&aacute;\u017e do kr&aacute;tkeho potrubia. Pripojenie na potrubie &Oslash; 100 mm. Tieto ventil&aacute;tory m&ocirc;\u017eu by\u0165 pou\u017eit&eacute; na vyrovnanie tepl&ocirc;t medzi pri\u013eahl&yacute;mi miestnos\u0165ami.\" \/>\n<meta property=\"og:url\" content=\"https:\/\/klimavex.eu\/sk\/katalog\/ventilator-vortice-mg-100-4-ll\/\" \/>\n<meta property=\"og:site_name\" content=\"KLIMAVEX GROUP - Slovensko\" \/>\n<meta property=\"article:publisher\" content=\"https:\/\/www.facebook.com\/klimavex\" \/>\n<meta property=\"article:modified_time\" content=\"2026-04-20T10:03:16+00:00\" \/>\n<meta property=\"og:image\" content=\"https:\/\/klimavex.eu\/sk\/wp-content\/uploads\/2025\/09\/78G3AsVSiKo6i13ZRnxrdExWiSPwy6xe6XHcu1tq_z8-1.jpeg\" \/>\n\t<meta property=\"og:image:width\" content=\"584\" \/>\n\t<meta property=\"og:image:height\" content=\"512\" \/>\n\t<meta property=\"og:image:type\" content=\"image\/jpeg\" \/>\n<meta name=\"twitter:card\" content=\"summary_large_image\" \/>\n<meta name=\"twitter:label1\" content=\"Predpokladan\u00fd \u010das \u010d\u00edtania\" \/>\n\t<meta name=\"twitter:data1\" content=\"1 min\u00fata\" \/>\n<script type=\"application\/ld+json\" class=\"yoast-schema-graph\">{\"@context\":\"https:\/\/schema.org\",\"@graph\":[{\"@type\":\"WebPage\",\"@id\":\"https:\/\/klimavex.eu\/sk\/katalog\/ventilator-vortice-mg-100-4-ll\/\",\"url\":\"https:\/\/klimavex.eu\/sk\/katalog\/ventilator-vortice-mg-100-4-ll\/\",\"name\":\"Ventil\u00e1tor Vortice MG 100\/4\\\" LL - KLIMAVEX GROUP - Slovensko\",\"isPartOf\":{\"@id\":\"https:\/\/klimavex.eu\/sk\/#website\"},\"primaryImageOfPage\":{\"@id\":\"https:\/\/klimavex.eu\/sk\/katalog\/ventilator-vortice-mg-100-4-ll\/#primaryimage\"},\"image\":{\"@id\":\"https:\/\/klimavex.eu\/sk\/katalog\/ventilator-vortice-mg-100-4-ll\/#primaryimage\"},\"thumbnailUrl\":\"https:\/\/klimavex.eu\/sk\/wp-content\/uploads\/2025\/09\/78G3AsVSiKo6i13ZRnxrdExWiSPwy6xe6XHcu1tq_z8-1.jpeg\",\"datePublished\":\"2026-04-20T10:03:06+00:00\",\"dateModified\":\"2026-04-20T10:03:16+00:00\",\"breadcrumb\":{\"@id\":\"https:\/\/klimavex.eu\/sk\/katalog\/ventilator-vortice-mg-100-4-ll\/#breadcrumb\"},\"inLanguage\":\"sk-SK\",\"potentialAction\":[{\"@type\":\"ReadAction\",\"target\":[\"https:\/\/klimavex.eu\/sk\/katalog\/ventilator-vortice-mg-100-4-ll\/\"]}]},{\"@type\":\"ImageObject\",\"inLanguage\":\"sk-SK\",\"@id\":\"https:\/\/klimavex.eu\/sk\/katalog\/ventilator-vortice-mg-100-4-ll\/#primaryimage\",\"url\":\"https:\/\/klimavex.eu\/sk\/wp-content\/uploads\/2025\/09\/78G3AsVSiKo6i13ZRnxrdExWiSPwy6xe6XHcu1tq_z8-1.jpeg\",\"contentUrl\":\"https:\/\/klimavex.eu\/sk\/wp-content\/uploads\/2025\/09\/78G3AsVSiKo6i13ZRnxrdExWiSPwy6xe6XHcu1tq_z8-1.jpeg\",\"width\":584,\"height\":512},{\"@type\":\"BreadcrumbList\",\"@id\":\"https:\/\/klimavex.eu\/sk\/katalog\/ventilator-vortice-mg-100-4-ll\/#breadcrumb\",\"itemListElement\":[{\"@type\":\"ListItem\",\"position\":1,\"name\":\"Domovsk\u00e1 str\u00e1nka\",\"item\":\"https:\/\/klimavex.eu\/sk\/\"},{\"@type\":\"ListItem\",\"position\":2,\"name\":\"Eshop\",\"item\":\"https:\/\/klimavex.eu\/sk\/eshop\/\"},{\"@type\":\"ListItem\",\"position\":3,\"name\":\"Ventil\u00e1tor Vortice MG 100\/4&#8243; LL\"}]},{\"@type\":\"WebSite\",\"@id\":\"https:\/\/klimavex.eu\/sk\/#website\",\"url\":\"https:\/\/klimavex.eu\/sk\/\",\"name\":\"KLIMAVEX GROUP - Slovensko\",\"description\":\"\",\"publisher\":{\"@id\":\"https:\/\/klimavex.eu\/sk\/#organization\"},\"alternateName\":\"KLIMAVEX a.s.\",\"potentialAction\":[{\"@type\":\"SearchAction\",\"target\":{\"@type\":\"EntryPoint\",\"urlTemplate\":\"https:\/\/klimavex.eu\/sk\/?s={search_term_string}\"},\"query-input\":{\"@type\":\"PropertyValueSpecification\",\"valueRequired\":true,\"valueName\":\"search_term_string\"}}],\"inLanguage\":\"sk-SK\"},{\"@type\":\"Organization\",\"@id\":\"https:\/\/klimavex.eu\/sk\/#organization\",\"name\":\"KLIMAVEX GROUP\",\"alternateName\":\"KLIMAVEX a.s.\",\"url\":\"https:\/\/klimavex.eu\/sk\/\",\"logo\":{\"@type\":\"ImageObject\",\"inLanguage\":\"sk-SK\",\"@id\":\"https:\/\/klimavex.eu\/sk\/#\/schema\/logo\/image\/\",\"url\":\"https:\/\/klimavex.eu\/sk\/wp-content\/uploads\/2024\/04\/Klimavex-Group-logo.png\",\"contentUrl\":\"https:\/\/klimavex.eu\/sk\/wp-content\/uploads\/2024\/04\/Klimavex-Group-logo.png\",\"width\":1681,\"height\":472,\"caption\":\"KLIMAVEX GROUP\"},\"image\":{\"@id\":\"https:\/\/klimavex.eu\/sk\/#\/schema\/logo\/image\/\"},\"sameAs\":[\"https:\/\/www.facebook.com\/klimavex\",\"https:\/\/www.instagram.com\/klimavex_sk\/\"]}]}<\/script>\n<!-- \/ Yoast SEO plugin. -->","yoast_head_json":{"title":"Ventil\u00e1tor Vortice MG 100\/4\" LL - KLIMAVEX GROUP - Slovensko","robots":{"index":"index","follow":"follow","max-snippet":"max-snippet:-1","max-image-preview":"max-image-preview:large","max-video-preview":"max-video-preview:-1"},"canonical":"https:\/\/klimavex.eu\/sk\/katalog\/ventilator-vortice-mg-100-4-ll\/","og_locale":"sk_SK","og_type":"article","og_title":"Ventil\u00e1tor Vortice MG 100\/4\" LL - KLIMAVEX GROUP - Slovensko","og_description":"Axi&aacute;lny ods&aacute;vac&iacute; ventil&aacute;tor Vortice Punto Ghost (MG) s&nbsp;pripojen&iacute;m na potrubie, s&nbsp;gu\u013e&ocirc;\u010dkov&yacute;mi lo\u017eiskami. Vhodn&yacute; pre nepretr\u017eit&eacute; alebo preru&scaron;ovan&eacute; vetranie k&uacute;pe\u013en&iacute;, toaliet, kuch&yacute;\u0148 alebo verejn&yacute;ch priestorov. Navrhnut&eacute; pre ods&aacute;vanie cez stenu alebo mont&aacute;\u017e do kr&aacute;tkeho potrubia. Pripojenie na potrubie &Oslash; 100 mm. Tieto ventil&aacute;tory m&ocirc;\u017eu by\u0165 pou\u017eit&eacute; na vyrovnanie tepl&ocirc;t medzi pri\u013eahl&yacute;mi miestnos\u0165ami.","og_url":"https:\/\/klimavex.eu\/sk\/katalog\/ventilator-vortice-mg-100-4-ll\/","og_site_name":"KLIMAVEX GROUP - Slovensko","article_publisher":"https:\/\/www.facebook.com\/klimavex","article_modified_time":"2026-04-20T10:03:16+00:00","og_image":[{"width":584,"height":512,"url":"https:\/\/klimavex.eu\/sk\/wp-content\/uploads\/2025\/09\/78G3AsVSiKo6i13ZRnxrdExWiSPwy6xe6XHcu1tq_z8-1.jpeg","type":"image\/jpeg"}],"twitter_card":"summary_large_image","twitter_misc":{"Predpokladan\u00fd \u010das \u010d\u00edtania":"1 min\u00fata"},"schema":{"@context":"https:\/\/schema.org","@graph":[{"@type":"WebPage","@id":"https:\/\/klimavex.eu\/sk\/katalog\/ventilator-vortice-mg-100-4-ll\/","url":"https:\/\/klimavex.eu\/sk\/katalog\/ventilator-vortice-mg-100-4-ll\/","name":"Ventil\u00e1tor Vortice MG 100\/4\" LL - KLIMAVEX GROUP - Slovensko","isPartOf":{"@id":"https:\/\/klimavex.eu\/sk\/#website"},"primaryImageOfPage":{"@id":"https:\/\/klimavex.eu\/sk\/katalog\/ventilator-vortice-mg-100-4-ll\/#primaryimage"},"image":{"@id":"https:\/\/klimavex.eu\/sk\/katalog\/ventilator-vortice-mg-100-4-ll\/#primaryimage"},"thumbnailUrl":"https:\/\/klimavex.eu\/sk\/wp-content\/uploads\/2025\/09\/78G3AsVSiKo6i13ZRnxrdExWiSPwy6xe6XHcu1tq_z8-1.jpeg","datePublished":"2026-04-20T10:03:06+00:00","dateModified":"2026-04-20T10:03:16+00:00","breadcrumb":{"@id":"https:\/\/klimavex.eu\/sk\/katalog\/ventilator-vortice-mg-100-4-ll\/#breadcrumb"},"inLanguage":"sk-SK","potentialAction":[{"@type":"ReadAction","target":["https:\/\/klimavex.eu\/sk\/katalog\/ventilator-vortice-mg-100-4-ll\/"]}]},{"@type":"ImageObject","inLanguage":"sk-SK","@id":"https:\/\/klimavex.eu\/sk\/katalog\/ventilator-vortice-mg-100-4-ll\/#primaryimage","url":"https:\/\/klimavex.eu\/sk\/wp-content\/uploads\/2025\/09\/78G3AsVSiKo6i13ZRnxrdExWiSPwy6xe6XHcu1tq_z8-1.jpeg","contentUrl":"https:\/\/klimavex.eu\/sk\/wp-content\/uploads\/2025\/09\/78G3AsVSiKo6i13ZRnxrdExWiSPwy6xe6XHcu1tq_z8-1.jpeg","width":584,"height":512},{"@type":"BreadcrumbList","@id":"https:\/\/klimavex.eu\/sk\/katalog\/ventilator-vortice-mg-100-4-ll\/#breadcrumb","itemListElement":[{"@type":"ListItem","position":1,"name":"Domovsk\u00e1 str\u00e1nka","item":"https:\/\/klimavex.eu\/sk\/"},{"@type":"ListItem","position":2,"name":"Eshop","item":"https:\/\/klimavex.eu\/sk\/eshop\/"},{"@type":"ListItem","position":3,"name":"Ventil\u00e1tor Vortice MG 100\/4&#8243; LL"}]},{"@type":"WebSite","@id":"https:\/\/klimavex.eu\/sk\/#website","url":"https:\/\/klimavex.eu\/sk\/","name":"KLIMAVEX GROUP - Slovensko","description":"","publisher":{"@id":"https:\/\/klimavex.eu\/sk\/#organization"},"alternateName":"KLIMAVEX a.s.","potentialAction":[{"@type":"SearchAction","target":{"@type":"EntryPoint","urlTemplate":"https:\/\/klimavex.eu\/sk\/?s={search_term_string}"},"query-input":{"@type":"PropertyValueSpecification","valueRequired":true,"valueName":"search_term_string"}}],"inLanguage":"sk-SK"},{"@type":"Organization","@id":"https:\/\/klimavex.eu\/sk\/#organization","name":"KLIMAVEX GROUP","alternateName":"KLIMAVEX a.s.","url":"https:\/\/klimavex.eu\/sk\/","logo":{"@type":"ImageObject","inLanguage":"sk-SK","@id":"https:\/\/klimavex.eu\/sk\/#\/schema\/logo\/image\/","url":"https:\/\/klimavex.eu\/sk\/wp-content\/uploads\/2024\/04\/Klimavex-Group-logo.png","contentUrl":"https:\/\/klimavex.eu\/sk\/wp-content\/uploads\/2024\/04\/Klimavex-Group-logo.png","width":1681,"height":472,"caption":"KLIMAVEX GROUP"},"image":{"@id":"https:\/\/klimavex.eu\/sk\/#\/schema\/logo\/image\/"},"sameAs":["https:\/\/www.facebook.com\/klimavex","https:\/\/www.instagram.com\/klimavex_sk\/"]}]}},"_links":{"self":[{"href":"https:\/\/klimavex.eu\/sk\/wp-json\/wp\/v2\/product\/477062","targetHints":{"allow":["GET"]}}],"collection":[{"href":"https:\/\/klimavex.eu\/sk\/wp-json\/wp\/v2\/product"}],"about":[{"href":"https:\/\/klimavex.eu\/sk\/wp-json\/wp\/v2\/types\/product"}],"version-history":[{"count":0,"href":"https:\/\/klimavex.eu\/sk\/wp-json\/wp\/v2\/product\/477062\/revisions"}],"wp:featuredmedia":[{"embeddable":true,"href":"https:\/\/klimavex.eu\/sk\/wp-json\/wp\/v2\/media\/483234"}],"wp:attachment":[{"href":"https:\/\/klimavex.eu\/sk\/wp-json\/wp\/v2\/media?parent=477062"}],"wp:term":[{"taxonomy":"product_cat","embeddable":true,"href":"https:\/\/klimavex.eu\/sk\/wp-json\/wp\/v2\/product_cat?post=477062"},{"taxonomy":"product_tag","embeddable":true,"href":"https:\/\/klimavex.eu\/sk\/wp-json\/wp\/v2\/product_tag?post=477062"}],"curies":[{"name":"wp","href":"https:\/\/api.w.org\/{rel}","templated":true}]}}