{"id":477064,"date":"2026-03-31T18:39:25","date_gmt":"2026-03-31T16:39:25","guid":{"rendered":"https:\/\/klimavex.eu\/sk\/katalog\/vysokoucinny-cistic-vzduchu-vortice-depuro-plus-430\/"},"modified":"2026-03-31T18:40:23","modified_gmt":"2026-03-31T16:40:23","slug":"vysokoucinny-cistic-vzduchu-vortice-depuro-plus-430","status":"publish","type":"product","link":"https:\/\/klimavex.eu\/sk\/katalog\/vysokoucinny-cistic-vzduchu-vortice-depuro-plus-430\/","title":{"rendered":"Vysoko\u00fa\u010dinn\u00fd \u010disti\u010d vzduchu Vortice DEPURO PLUS 430"},"content":{"rendered":"<p style=\"text-align: justify;\"><strong>K\u013e&uacute;\u010dov&eacute; vlastnosti:<\/strong><\/p>\n<ul>\n<li style=\"text-align: justify;\">Redukcia mikroorganizmov vo vzduchu, v\u010faka pou\u017eitiu dvoch vysoko&uacute;\u010dinn&yacute;ch absol&uacute;tnych filtrov HEPA H14, schopn&yacute;ch zachyti\u0165 a\u017e do 99.995% mikro\u010dast&iacute;c (priemer 0.3 &micro;m).<\/li>\n<li style=\"text-align: justify;\">Zn&iacute;\u017een&aacute; spotreba energie, v\u010faka vysoko&uacute;\u010dinn&yacute;m ventil&aacute;torom s bezkefov&yacute;m EC motorom.<\/li>\n<li style=\"text-align: justify;\">Jednoduch&eacute; pou\u017eitie, v\u010faka syst&eacute;mu Plug and Play (k&aacute;bel do z&aacute;suvky).<\/li>\n<li style=\"text-align: justify;\">Jednoduch&aacute; mobilita, v\u010faka pou\u017eitiu 4 koliesok s mo\u017enos\u0165ou uzamknutia pre vy&scaron;&scaron;iu bezpe\u010dnos\u0165.<\/li>\n<li style=\"text-align: justify;\">Jednoduch&eacute; a intuit&iacute;vne ovl&aacute;danie, pomocou integrovan&eacute;ho ovl&aacute;dacieho panelu.<\/li>\n<li style=\"text-align: justify;\">Nen&aacute;ro\u010dn&aacute; &uacute;dr\u017eba:\n<ul>\n<li>signaliz&aacute;cia potreby v&yacute;meny filtrov na ovl&aacute;dacom paneli<\/li>\n<li>\u013eahk&aacute; v&yacute;mena filtrov a fotokatalytick&eacute;ho modulu (modely EVO), v\u010faka r&yacute;chlo odn&iacute;mate\u013en&yacute;m panelom<\/li>\n<\/ul>\n<\/li>\n<li style=\"text-align: justify;\">Vysok&aacute; odolnos\u0165, v\u010faka robustn&eacute;mu dizajnu a kon&scaron;trukcii navrhnutej aj pre priemyseln&yacute; sektor (pevn&eacute; opl&aacute;&scaron;tenie, vysok&aacute; odolnos\u0165 vo\u010di n&aacute;razom a kor&oacute;zii).<\/li>\n<\/ul>\n","protected":false},"excerpt":{"rendered":"<p style=\"text-align: justify;\">Vysoko&uacute;\u010dinn&eacute; mobiln&eacute; \u010disti\u010de vzduchu <strong>Vortice Depuro Plus<\/strong> s&uacute; vhodn&eacute; pre \u010distenie a&nbsp;dezinfekciu vzduchu v&nbsp;komer\u010dn&yacute;ch a&nbsp;priemyseln&yacute;ch <strong>priestorov s&nbsp;plochou do 160 m<sup>3<\/sup><\/strong>. Obsahuj&uacute; <strong>HEPA filtre<\/strong> najvy&scaron;&scaron;ej triedy H14.<\/p>\n","protected":false},"featured_media":483243,"template":"","meta":[],"product_cat":[2057,1297,2056],"product_tag":[],"class_list":{"0":"post-477064","1":"product","2":"type-product","3":"status-publish","4":"has-post-thumbnail","6":"product_cat-depuro","7":"product_cat-ventilatory","8":"product_cat-elektricke-ohrievace-a-cistice-vzduchu","9":"pa_hlucnost-lp-6m-4989","10":"pa_krytie-ip44","11":"pa_plocha-do-m2-4988","12":"pa_prevedenie-cistic-vzduchu","13":"pa_typ-depuro","14":"pa_vzduchovy-vykon-qv-m3-4987","15":"pa_znacka-vortice","17":"first","18":"instock","19":"taxable","20":"shipping-taxable","21":"purchasable","22":"product-type-simple"},"yoast_head":"<!-- This site is optimized with the Yoast SEO plugin v23.9 - https:\/\/yoast.com\/wordpress\/plugins\/seo\/ -->\n<title>Vysoko\u00fa\u010dinn\u00fd \u010disti\u010d vzduchu Vortice DEPURO PLUS 430 - KLIMAVEX GROUP - Slovensko<\/title>\n<meta name=\"robots\" content=\"index, follow, max-snippet:-1, max-image-preview:large, max-video-preview:-1\" \/>\n<link rel=\"canonical\" href=\"https:\/\/klimavex.eu\/sk\/katalog\/vysokoucinny-cistic-vzduchu-vortice-depuro-plus-430\/\" \/>\n<meta property=\"og:locale\" content=\"sk_SK\" \/>\n<meta property=\"og:type\" content=\"article\" \/>\n<meta property=\"og:title\" content=\"Vysoko\u00fa\u010dinn\u00fd \u010disti\u010d vzduchu Vortice DEPURO PLUS 430 - KLIMAVEX GROUP - Slovensko\" \/>\n<meta property=\"og:description\" content=\"Vysoko&uacute;\u010dinn&eacute; mobiln&eacute; \u010disti\u010de vzduchu Vortice Depuro Plus s&uacute; vhodn&eacute; pre \u010distenie a&nbsp;dezinfekciu vzduchu v&nbsp;komer\u010dn&yacute;ch a&nbsp;priemyseln&yacute;ch priestorov s&nbsp;plochou do 160 m3. Obsahuj&uacute; HEPA filtre najvy&scaron;&scaron;ej triedy H14.\" \/>\n<meta property=\"og:url\" content=\"https:\/\/klimavex.eu\/sk\/katalog\/vysokoucinny-cistic-vzduchu-vortice-depuro-plus-430\/\" \/>\n<meta property=\"og:site_name\" content=\"KLIMAVEX GROUP - Slovensko\" \/>\n<meta property=\"article:publisher\" content=\"https:\/\/www.facebook.com\/klimavex\" \/>\n<meta property=\"article:modified_time\" content=\"2026-03-31T16:40:23+00:00\" \/>\n<meta property=\"og:image\" content=\"https:\/\/klimavex.eu\/sk\/wp-content\/uploads\/2025\/09\/uAjSRaZPZrfD5SclOYaChtxxq35iqkC3uLnoe5_-6U.png\" \/>\n\t<meta property=\"og:image:width\" content=\"450\" \/>\n\t<meta property=\"og:image:height\" content=\"677\" \/>\n\t<meta property=\"og:image:type\" content=\"image\/png\" \/>\n<meta name=\"twitter:card\" content=\"summary_large_image\" \/>\n<meta name=\"twitter:label1\" content=\"Predpokladan\u00fd \u010das \u010d\u00edtania\" \/>\n\t<meta name=\"twitter:data1\" content=\"1 min\u00fata\" \/>\n<script type=\"application\/ld+json\" class=\"yoast-schema-graph\">{\"@context\":\"https:\/\/schema.org\",\"@graph\":[{\"@type\":\"WebPage\",\"@id\":\"https:\/\/klimavex.eu\/sk\/katalog\/vysokoucinny-cistic-vzduchu-vortice-depuro-plus-430\/\",\"url\":\"https:\/\/klimavex.eu\/sk\/katalog\/vysokoucinny-cistic-vzduchu-vortice-depuro-plus-430\/\",\"name\":\"Vysoko\u00fa\u010dinn\u00fd \u010disti\u010d vzduchu Vortice DEPURO PLUS 430 - KLIMAVEX GROUP - Slovensko\",\"isPartOf\":{\"@id\":\"https:\/\/klimavex.eu\/sk\/#website\"},\"primaryImageOfPage\":{\"@id\":\"https:\/\/klimavex.eu\/sk\/katalog\/vysokoucinny-cistic-vzduchu-vortice-depuro-plus-430\/#primaryimage\"},\"image\":{\"@id\":\"https:\/\/klimavex.eu\/sk\/katalog\/vysokoucinny-cistic-vzduchu-vortice-depuro-plus-430\/#primaryimage\"},\"thumbnailUrl\":\"https:\/\/klimavex.eu\/sk\/wp-content\/uploads\/2025\/09\/uAjSRaZPZrfD5SclOYaChtxxq35iqkC3uLnoe5_-6U.png\",\"datePublished\":\"2026-03-31T16:39:25+00:00\",\"dateModified\":\"2026-03-31T16:40:23+00:00\",\"breadcrumb\":{\"@id\":\"https:\/\/klimavex.eu\/sk\/katalog\/vysokoucinny-cistic-vzduchu-vortice-depuro-plus-430\/#breadcrumb\"},\"inLanguage\":\"sk-SK\",\"potentialAction\":[{\"@type\":\"ReadAction\",\"target\":[\"https:\/\/klimavex.eu\/sk\/katalog\/vysokoucinny-cistic-vzduchu-vortice-depuro-plus-430\/\"]}]},{\"@type\":\"ImageObject\",\"inLanguage\":\"sk-SK\",\"@id\":\"https:\/\/klimavex.eu\/sk\/katalog\/vysokoucinny-cistic-vzduchu-vortice-depuro-plus-430\/#primaryimage\",\"url\":\"https:\/\/klimavex.eu\/sk\/wp-content\/uploads\/2025\/09\/uAjSRaZPZrfD5SclOYaChtxxq35iqkC3uLnoe5_-6U.png\",\"contentUrl\":\"https:\/\/klimavex.eu\/sk\/wp-content\/uploads\/2025\/09\/uAjSRaZPZrfD5SclOYaChtxxq35iqkC3uLnoe5_-6U.png\",\"width\":450,\"height\":677},{\"@type\":\"BreadcrumbList\",\"@id\":\"https:\/\/klimavex.eu\/sk\/katalog\/vysokoucinny-cistic-vzduchu-vortice-depuro-plus-430\/#breadcrumb\",\"itemListElement\":[{\"@type\":\"ListItem\",\"position\":1,\"name\":\"Domovsk\u00e1 str\u00e1nka\",\"item\":\"https:\/\/klimavex.eu\/sk\/\"},{\"@type\":\"ListItem\",\"position\":2,\"name\":\"Eshop\",\"item\":\"https:\/\/klimavex.eu\/sk\/eshop\/\"},{\"@type\":\"ListItem\",\"position\":3,\"name\":\"Vysoko\u00fa\u010dinn\u00fd \u010disti\u010d vzduchu Vortice DEPURO PLUS 430\"}]},{\"@type\":\"WebSite\",\"@id\":\"https:\/\/klimavex.eu\/sk\/#website\",\"url\":\"https:\/\/klimavex.eu\/sk\/\",\"name\":\"KLIMAVEX GROUP - Slovensko\",\"description\":\"\",\"publisher\":{\"@id\":\"https:\/\/klimavex.eu\/sk\/#organization\"},\"alternateName\":\"KLIMAVEX a.s.\",\"potentialAction\":[{\"@type\":\"SearchAction\",\"target\":{\"@type\":\"EntryPoint\",\"urlTemplate\":\"https:\/\/klimavex.eu\/sk\/?s={search_term_string}\"},\"query-input\":{\"@type\":\"PropertyValueSpecification\",\"valueRequired\":true,\"valueName\":\"search_term_string\"}}],\"inLanguage\":\"sk-SK\"},{\"@type\":\"Organization\",\"@id\":\"https:\/\/klimavex.eu\/sk\/#organization\",\"name\":\"KLIMAVEX GROUP\",\"alternateName\":\"KLIMAVEX a.s.\",\"url\":\"https:\/\/klimavex.eu\/sk\/\",\"logo\":{\"@type\":\"ImageObject\",\"inLanguage\":\"sk-SK\",\"@id\":\"https:\/\/klimavex.eu\/sk\/#\/schema\/logo\/image\/\",\"url\":\"https:\/\/klimavex.eu\/sk\/wp-content\/uploads\/2024\/04\/Klimavex-Group-logo.png\",\"contentUrl\":\"https:\/\/klimavex.eu\/sk\/wp-content\/uploads\/2024\/04\/Klimavex-Group-logo.png\",\"width\":1681,\"height\":472,\"caption\":\"KLIMAVEX GROUP\"},\"image\":{\"@id\":\"https:\/\/klimavex.eu\/sk\/#\/schema\/logo\/image\/\"},\"sameAs\":[\"https:\/\/www.facebook.com\/klimavex\",\"https:\/\/www.instagram.com\/klimavex_sk\/\"]}]}<\/script>\n<!-- \/ Yoast SEO plugin. -->","yoast_head_json":{"title":"Vysoko\u00fa\u010dinn\u00fd \u010disti\u010d vzduchu Vortice DEPURO PLUS 430 - KLIMAVEX GROUP - Slovensko","robots":{"index":"index","follow":"follow","max-snippet":"max-snippet:-1","max-image-preview":"max-image-preview:large","max-video-preview":"max-video-preview:-1"},"canonical":"https:\/\/klimavex.eu\/sk\/katalog\/vysokoucinny-cistic-vzduchu-vortice-depuro-plus-430\/","og_locale":"sk_SK","og_type":"article","og_title":"Vysoko\u00fa\u010dinn\u00fd \u010disti\u010d vzduchu Vortice DEPURO PLUS 430 - KLIMAVEX GROUP - Slovensko","og_description":"Vysoko&uacute;\u010dinn&eacute; mobiln&eacute; \u010disti\u010de vzduchu Vortice Depuro Plus s&uacute; vhodn&eacute; pre \u010distenie a&nbsp;dezinfekciu vzduchu v&nbsp;komer\u010dn&yacute;ch a&nbsp;priemyseln&yacute;ch priestorov s&nbsp;plochou do 160 m3. Obsahuj&uacute; HEPA filtre najvy&scaron;&scaron;ej triedy H14.","og_url":"https:\/\/klimavex.eu\/sk\/katalog\/vysokoucinny-cistic-vzduchu-vortice-depuro-plus-430\/","og_site_name":"KLIMAVEX GROUP - Slovensko","article_publisher":"https:\/\/www.facebook.com\/klimavex","article_modified_time":"2026-03-31T16:40:23+00:00","og_image":[{"width":450,"height":677,"url":"https:\/\/klimavex.eu\/sk\/wp-content\/uploads\/2025\/09\/uAjSRaZPZrfD5SclOYaChtxxq35iqkC3uLnoe5_-6U.png","type":"image\/png"}],"twitter_card":"summary_large_image","twitter_misc":{"Predpokladan\u00fd \u010das \u010d\u00edtania":"1 min\u00fata"},"schema":{"@context":"https:\/\/schema.org","@graph":[{"@type":"WebPage","@id":"https:\/\/klimavex.eu\/sk\/katalog\/vysokoucinny-cistic-vzduchu-vortice-depuro-plus-430\/","url":"https:\/\/klimavex.eu\/sk\/katalog\/vysokoucinny-cistic-vzduchu-vortice-depuro-plus-430\/","name":"Vysoko\u00fa\u010dinn\u00fd \u010disti\u010d vzduchu Vortice DEPURO PLUS 430 - KLIMAVEX GROUP - Slovensko","isPartOf":{"@id":"https:\/\/klimavex.eu\/sk\/#website"},"primaryImageOfPage":{"@id":"https:\/\/klimavex.eu\/sk\/katalog\/vysokoucinny-cistic-vzduchu-vortice-depuro-plus-430\/#primaryimage"},"image":{"@id":"https:\/\/klimavex.eu\/sk\/katalog\/vysokoucinny-cistic-vzduchu-vortice-depuro-plus-430\/#primaryimage"},"thumbnailUrl":"https:\/\/klimavex.eu\/sk\/wp-content\/uploads\/2025\/09\/uAjSRaZPZrfD5SclOYaChtxxq35iqkC3uLnoe5_-6U.png","datePublished":"2026-03-31T16:39:25+00:00","dateModified":"2026-03-31T16:40:23+00:00","breadcrumb":{"@id":"https:\/\/klimavex.eu\/sk\/katalog\/vysokoucinny-cistic-vzduchu-vortice-depuro-plus-430\/#breadcrumb"},"inLanguage":"sk-SK","potentialAction":[{"@type":"ReadAction","target":["https:\/\/klimavex.eu\/sk\/katalog\/vysokoucinny-cistic-vzduchu-vortice-depuro-plus-430\/"]}]},{"@type":"ImageObject","inLanguage":"sk-SK","@id":"https:\/\/klimavex.eu\/sk\/katalog\/vysokoucinny-cistic-vzduchu-vortice-depuro-plus-430\/#primaryimage","url":"https:\/\/klimavex.eu\/sk\/wp-content\/uploads\/2025\/09\/uAjSRaZPZrfD5SclOYaChtxxq35iqkC3uLnoe5_-6U.png","contentUrl":"https:\/\/klimavex.eu\/sk\/wp-content\/uploads\/2025\/09\/uAjSRaZPZrfD5SclOYaChtxxq35iqkC3uLnoe5_-6U.png","width":450,"height":677},{"@type":"BreadcrumbList","@id":"https:\/\/klimavex.eu\/sk\/katalog\/vysokoucinny-cistic-vzduchu-vortice-depuro-plus-430\/#breadcrumb","itemListElement":[{"@type":"ListItem","position":1,"name":"Domovsk\u00e1 str\u00e1nka","item":"https:\/\/klimavex.eu\/sk\/"},{"@type":"ListItem","position":2,"name":"Eshop","item":"https:\/\/klimavex.eu\/sk\/eshop\/"},{"@type":"ListItem","position":3,"name":"Vysoko\u00fa\u010dinn\u00fd \u010disti\u010d vzduchu Vortice DEPURO PLUS 430"}]},{"@type":"WebSite","@id":"https:\/\/klimavex.eu\/sk\/#website","url":"https:\/\/klimavex.eu\/sk\/","name":"KLIMAVEX GROUP - Slovensko","description":"","publisher":{"@id":"https:\/\/klimavex.eu\/sk\/#organization"},"alternateName":"KLIMAVEX a.s.","potentialAction":[{"@type":"SearchAction","target":{"@type":"EntryPoint","urlTemplate":"https:\/\/klimavex.eu\/sk\/?s={search_term_string}"},"query-input":{"@type":"PropertyValueSpecification","valueRequired":true,"valueName":"search_term_string"}}],"inLanguage":"sk-SK"},{"@type":"Organization","@id":"https:\/\/klimavex.eu\/sk\/#organization","name":"KLIMAVEX GROUP","alternateName":"KLIMAVEX a.s.","url":"https:\/\/klimavex.eu\/sk\/","logo":{"@type":"ImageObject","inLanguage":"sk-SK","@id":"https:\/\/klimavex.eu\/sk\/#\/schema\/logo\/image\/","url":"https:\/\/klimavex.eu\/sk\/wp-content\/uploads\/2024\/04\/Klimavex-Group-logo.png","contentUrl":"https:\/\/klimavex.eu\/sk\/wp-content\/uploads\/2024\/04\/Klimavex-Group-logo.png","width":1681,"height":472,"caption":"KLIMAVEX GROUP"},"image":{"@id":"https:\/\/klimavex.eu\/sk\/#\/schema\/logo\/image\/"},"sameAs":["https:\/\/www.facebook.com\/klimavex","https:\/\/www.instagram.com\/klimavex_sk\/"]}]}},"_links":{"self":[{"href":"https:\/\/klimavex.eu\/sk\/wp-json\/wp\/v2\/product\/477064","targetHints":{"allow":["GET"]}}],"collection":[{"href":"https:\/\/klimavex.eu\/sk\/wp-json\/wp\/v2\/product"}],"about":[{"href":"https:\/\/klimavex.eu\/sk\/wp-json\/wp\/v2\/types\/product"}],"version-history":[{"count":0,"href":"https:\/\/klimavex.eu\/sk\/wp-json\/wp\/v2\/product\/477064\/revisions"}],"wp:featuredmedia":[{"embeddable":true,"href":"https:\/\/klimavex.eu\/sk\/wp-json\/wp\/v2\/media\/483243"}],"wp:attachment":[{"href":"https:\/\/klimavex.eu\/sk\/wp-json\/wp\/v2\/media?parent=477064"}],"wp:term":[{"taxonomy":"product_cat","embeddable":true,"href":"https:\/\/klimavex.eu\/sk\/wp-json\/wp\/v2\/product_cat?post=477064"},{"taxonomy":"product_tag","embeddable":true,"href":"https:\/\/klimavex.eu\/sk\/wp-json\/wp\/v2\/product_tag?post=477064"}],"curies":[{"name":"wp","href":"https:\/\/api.w.org\/{rel}","templated":true}]}}