{"id":477103,"date":"2026-03-31T18:40:31","date_gmt":"2026-03-31T16:40:31","guid":{"rendered":"https:\/\/klimavex.eu\/sk\/katalog\/ventilator-vortice-nordik-evolution-r-120-48-strieborny\/"},"modified":"2026-03-31T18:41:14","modified_gmt":"2026-03-31T16:41:14","slug":"ventilator-vortice-nordik-evolution-r-120-48-strieborny","status":"publish","type":"product","link":"https:\/\/klimavex.eu\/sk\/katalog\/ventilator-vortice-nordik-evolution-r-120-48-strieborny\/","title":{"rendered":"Ventil\u00e1tor Vortice Nordik Evolution R 120\/48&#8243; strieborn\u00fd"},"content":{"rendered":"<p style=\"text-align:justify\"><span style=\"font-size:11pt\"><span style=\"font-family:Calibri,sans-serif\"><strong><span style=\"background-color:white\"><span style=\"color:black\">K\u013e&uacute;\u010dov&eacute; vlastnosti:<\/span><\/span><\/strong><\/span><\/span><\/p>\n<ul>\n<li style=\"text-align:justify\"><span style=\"font-size:11pt\"><span style=\"background-color:white\"><span style=\"font-family:Calibri,sans-serif\"><span style=\"color:black\">Reverzibiln&eacute; funkcie &#8211; pracuje v lete aj v zime.<\/span><\/span><\/span><\/span><\/li>\n<li style=\"text-align:justify\"><span style=\"font-size:11pt\"><span style=\"background-color:white\"><span style=\"font-family:Calibri,sans-serif\"><span style=\"color:black\">Motor s gu\u013e&ocirc;\u010dkov&yacute;mi lo\u017eiskami.<\/span><\/span><\/span><\/span><\/li>\n<li style=\"text-align:justify\"><span style=\"font-size:11pt\"><span style=\"background-color:white\"><span style=\"font-family:Calibri,sans-serif\"><span style=\"color:black\">N&iacute;zka spotreba a vysok&yacute; v&yacute;kon.<\/span><\/span><\/span><\/span><\/li>\n<li style=\"text-align:justify\"><span style=\"font-size:11pt\"><span style=\"background-color:white\"><span style=\"font-family:Calibri,sans-serif\"><span style=\"color:black\">3 \u010depele z pozinkovan&eacute;ho oce\u013eov&eacute;ho plechu pr&aacute;&scaron;kovo lakovan&eacute; polyesterom odoln&yacute;m proti po&scaron;kriabaniu.<\/span><\/span><\/span><\/span><\/li>\n<li style=\"text-align:justify\"><span style=\"font-size:11pt\"><span style=\"background-color:white\"><span style=\"font-family:Calibri,sans-serif\"><span style=\"color:black\">Tov&aacute;rni pripraven&eacute; na prijatie 2 &scaron;pecifick&yacute;ch volite\u013en&yacute;ch sveteln&yacute;ch s&aacute;d: 105 W max a 2&#215;15 W max.<\/span><\/span><\/span><\/span><\/li>\n<li style=\"text-align:justify\"><span style=\"font-size:11pt\"><span style=\"background-color:white\"><span style=\"font-family:Calibri,sans-serif\"><span style=\"color:black\">R&yacute;chlos\u0165 volite\u013en&aacute; pomocou riadiacich jednotiek alebo dia\u013ekov&eacute;ho ovl&aacute;dania Telenordik 5TR (volite\u013en&eacute;).<\/span><\/span><\/span><\/span><\/li>\n<\/ul>\n","protected":false},"excerpt":{"rendered":"<p style=\"text-align:justify\"><span style=\"font-size:11pt\"><span style=\"font-family:Calibri,sans-serif\">Stropn&yacute; ventil&aacute;tor Vortice <strong>Nordik Evolution R 120\/48&#39;&#39; <\/strong>v striebornom preveden&iacute; je ide&aacute;lny pre <strong>recirkul&aacute;ciu vzduchu v reziden\u010dn&yacute;ch aj komer\u010dn&yacute;ch priestoroch<\/strong>. Je schopn&yacute; obsl&uacute;\u017ei\u0165 a\u017e 2,5x v&auml;\u010d&scaron;&iacute; priestor, ne\u017e je priemer vrtule. V\u010faka &scaron;peci&aacute;lnemu tvaru lopatiek je prev&aacute;dzka ventil&aacute;tora <strong>ve\u013emi tich&aacute;<\/strong>. Hlu\u010dnos\u0165 je zn&iacute;\u017een&aacute; aj v\u010faka <strong>motoru s gu\u013e&ocirc;\u010dkov&yacute;mi<\/strong> <strong>lo\u017eiskami<\/strong>, ktor&yacute; zais\u0165uje maxim&aacute;lnu &uacute;\u010dinnos\u0165 pri n&iacute;zkych ot&aacute;\u010dkach. S&uacute;\u010das\u0165ou balenia je z&aacute;vesn&aacute; ty\u010d (37,5 cm) pre jednoduch&uacute; in&scaron;tal&aacute;ciu. Ventil&aacute;tor je vyroben&yacute; z <strong>ABS umelej hmoty odolnej proti UV \u017eiareniu <\/strong>a v&scaron;etky komponenty vr&aacute;tane obalu s&uacute; plne recyklovate\u013en&eacute;.<\/span><\/span><\/p>\n<p style=\"text-align:justify\"><span style=\"font-size:11pt\"><span style=\"font-family:Calibri,sans-serif\"><strong>Reverzn&yacute; chod ventil&aacute;tora <\/strong>vyu\u017eijete najm&auml; v zime. V\u010faka tejto funkcii dok&aacute;\u017ee ventil&aacute;tor <strong>rozpt&yacute;li\u0165 tepl&yacute; vzduch <\/strong>usaden&yacute; pri strope po miestnosti. U&scaron;etr&iacute;te tak za vykurovanie a bude V&aacute;m pr&iacute;jemnej&scaron;ie.<\/span><\/span><\/p>\n","protected":false},"featured_media":483409,"template":"","meta":[],"product_cat":[1956,1297,1955],"product_tag":[],"class_list":{"0":"post-477103","1":"product","2":"type-product","3":"status-publish","4":"has-post-thumbnail","6":"product_cat-nordik-evolution","7":"product_cat-ventilatory","8":"product_cat-stropne-ventilatory","9":"pa_krytie-ip20","10":"pa_prevedenie-stropny","11":"pa_typ-nordik-evolution-r","12":"pa_vzduchovy-vykon-qv-m3-4885","13":"pa_znacka-vortice","15":"first","16":"instock","17":"taxable","18":"shipping-taxable","19":"purchasable","20":"product-type-simple"},"yoast_head":"<!-- This site is optimized with the Yoast SEO plugin v23.9 - https:\/\/yoast.com\/wordpress\/plugins\/seo\/ -->\n<title>Ventil\u00e1tor Vortice Nordik Evolution R 120\/48&quot; strieborn\u00fd - KLIMAVEX GROUP - Slovensko<\/title>\n<meta name=\"robots\" content=\"index, follow, max-snippet:-1, max-image-preview:large, max-video-preview:-1\" \/>\n<link rel=\"canonical\" href=\"https:\/\/klimavex.eu\/sk\/katalog\/ventilator-vortice-nordik-evolution-r-120-48-strieborny\/\" \/>\n<meta property=\"og:locale\" content=\"sk_SK\" \/>\n<meta property=\"og:type\" content=\"article\" \/>\n<meta property=\"og:title\" content=\"Ventil\u00e1tor Vortice Nordik Evolution R 120\/48&quot; strieborn\u00fd - KLIMAVEX GROUP - Slovensko\" \/>\n<meta property=\"og:description\" content=\"Stropn&yacute; ventil&aacute;tor Vortice Nordik Evolution R 120\/48&#039;&#039; v striebornom preveden&iacute; je ide&aacute;lny pre recirkul&aacute;ciu vzduchu v reziden\u010dn&yacute;ch aj komer\u010dn&yacute;ch priestoroch. Je schopn&yacute; obsl&uacute;\u017ei\u0165 a\u017e 2,5x v&auml;\u010d&scaron;&iacute; priestor, ne\u017e je priemer vrtule. V\u010faka &scaron;peci&aacute;lnemu tvaru lopatiek je prev&aacute;dzka ventil&aacute;tora ve\u013emi tich&aacute;. Hlu\u010dnos\u0165 je zn&iacute;\u017een&aacute; aj v\u010faka motoru s gu\u013e&ocirc;\u010dkov&yacute;mi lo\u017eiskami, ktor&yacute; zais\u0165uje maxim&aacute;lnu &uacute;\u010dinnos\u0165 pri n&iacute;zkych ot&aacute;\u010dkach. S&uacute;\u010das\u0165ou balenia je z&aacute;vesn&aacute; ty\u010d (37,5 cm) pre jednoduch&uacute; in&scaron;tal&aacute;ciu. Ventil&aacute;tor je vyroben&yacute; z ABS umelej hmoty odolnej proti UV \u017eiareniu a v&scaron;etky komponenty vr&aacute;tane obalu s&uacute; plne recyklovate\u013en&eacute;. Reverzn&yacute; chod ventil&aacute;tora vyu\u017eijete najm&auml; v zime. V\u010faka tejto funkcii dok&aacute;\u017ee ventil&aacute;tor rozpt&yacute;li\u0165 tepl&yacute; vzduch usaden&yacute; pri strope po miestnosti. U&scaron;etr&iacute;te tak za vykurovanie a bude V&aacute;m pr&iacute;jemnej&scaron;ie.\" \/>\n<meta property=\"og:url\" content=\"https:\/\/klimavex.eu\/sk\/katalog\/ventilator-vortice-nordik-evolution-r-120-48-strieborny\/\" \/>\n<meta property=\"og:site_name\" content=\"KLIMAVEX GROUP - Slovensko\" \/>\n<meta property=\"article:publisher\" content=\"https:\/\/www.facebook.com\/klimavex\" \/>\n<meta property=\"article:modified_time\" content=\"2026-03-31T16:41:14+00:00\" \/>\n<meta property=\"og:image\" content=\"https:\/\/klimavex.eu\/sk\/wp-content\/uploads\/2025\/09\/p2w4quKAHDGr_7lQRBHb3BuMWa0vs6klZd1LDj9NLIE-1.png\" \/>\n\t<meta property=\"og:image:width\" content=\"572\" \/>\n\t<meta property=\"og:image:height\" content=\"512\" \/>\n\t<meta property=\"og:image:type\" content=\"image\/png\" \/>\n<meta name=\"twitter:card\" content=\"summary_large_image\" \/>\n<meta name=\"twitter:label1\" content=\"Predpokladan\u00fd \u010das \u010d\u00edtania\" \/>\n\t<meta name=\"twitter:data1\" content=\"1 min\u00fata\" \/>\n<script type=\"application\/ld+json\" class=\"yoast-schema-graph\">{\"@context\":\"https:\/\/schema.org\",\"@graph\":[{\"@type\":\"WebPage\",\"@id\":\"https:\/\/klimavex.eu\/sk\/katalog\/ventilator-vortice-nordik-evolution-r-120-48-strieborny\/\",\"url\":\"https:\/\/klimavex.eu\/sk\/katalog\/ventilator-vortice-nordik-evolution-r-120-48-strieborny\/\",\"name\":\"Ventil\u00e1tor Vortice Nordik Evolution R 120\/48\\\" strieborn\u00fd - KLIMAVEX GROUP - Slovensko\",\"isPartOf\":{\"@id\":\"https:\/\/klimavex.eu\/sk\/#website\"},\"primaryImageOfPage\":{\"@id\":\"https:\/\/klimavex.eu\/sk\/katalog\/ventilator-vortice-nordik-evolution-r-120-48-strieborny\/#primaryimage\"},\"image\":{\"@id\":\"https:\/\/klimavex.eu\/sk\/katalog\/ventilator-vortice-nordik-evolution-r-120-48-strieborny\/#primaryimage\"},\"thumbnailUrl\":\"https:\/\/klimavex.eu\/sk\/wp-content\/uploads\/2025\/09\/p2w4quKAHDGr_7lQRBHb3BuMWa0vs6klZd1LDj9NLIE-1.png\",\"datePublished\":\"2026-03-31T16:40:31+00:00\",\"dateModified\":\"2026-03-31T16:41:14+00:00\",\"breadcrumb\":{\"@id\":\"https:\/\/klimavex.eu\/sk\/katalog\/ventilator-vortice-nordik-evolution-r-120-48-strieborny\/#breadcrumb\"},\"inLanguage\":\"sk-SK\",\"potentialAction\":[{\"@type\":\"ReadAction\",\"target\":[\"https:\/\/klimavex.eu\/sk\/katalog\/ventilator-vortice-nordik-evolution-r-120-48-strieborny\/\"]}]},{\"@type\":\"ImageObject\",\"inLanguage\":\"sk-SK\",\"@id\":\"https:\/\/klimavex.eu\/sk\/katalog\/ventilator-vortice-nordik-evolution-r-120-48-strieborny\/#primaryimage\",\"url\":\"https:\/\/klimavex.eu\/sk\/wp-content\/uploads\/2025\/09\/p2w4quKAHDGr_7lQRBHb3BuMWa0vs6klZd1LDj9NLIE-1.png\",\"contentUrl\":\"https:\/\/klimavex.eu\/sk\/wp-content\/uploads\/2025\/09\/p2w4quKAHDGr_7lQRBHb3BuMWa0vs6klZd1LDj9NLIE-1.png\",\"width\":572,\"height\":512},{\"@type\":\"BreadcrumbList\",\"@id\":\"https:\/\/klimavex.eu\/sk\/katalog\/ventilator-vortice-nordik-evolution-r-120-48-strieborny\/#breadcrumb\",\"itemListElement\":[{\"@type\":\"ListItem\",\"position\":1,\"name\":\"Domovsk\u00e1 str\u00e1nka\",\"item\":\"https:\/\/klimavex.eu\/sk\/\"},{\"@type\":\"ListItem\",\"position\":2,\"name\":\"Eshop\",\"item\":\"https:\/\/klimavex.eu\/sk\/eshop\/\"},{\"@type\":\"ListItem\",\"position\":3,\"name\":\"Ventil\u00e1tor Vortice Nordik Evolution R 120\/48&#8243; strieborn\u00fd\"}]},{\"@type\":\"WebSite\",\"@id\":\"https:\/\/klimavex.eu\/sk\/#website\",\"url\":\"https:\/\/klimavex.eu\/sk\/\",\"name\":\"KLIMAVEX GROUP - Slovensko\",\"description\":\"\",\"publisher\":{\"@id\":\"https:\/\/klimavex.eu\/sk\/#organization\"},\"alternateName\":\"KLIMAVEX a.s.\",\"potentialAction\":[{\"@type\":\"SearchAction\",\"target\":{\"@type\":\"EntryPoint\",\"urlTemplate\":\"https:\/\/klimavex.eu\/sk\/?s={search_term_string}\"},\"query-input\":{\"@type\":\"PropertyValueSpecification\",\"valueRequired\":true,\"valueName\":\"search_term_string\"}}],\"inLanguage\":\"sk-SK\"},{\"@type\":\"Organization\",\"@id\":\"https:\/\/klimavex.eu\/sk\/#organization\",\"name\":\"KLIMAVEX GROUP\",\"alternateName\":\"KLIMAVEX a.s.\",\"url\":\"https:\/\/klimavex.eu\/sk\/\",\"logo\":{\"@type\":\"ImageObject\",\"inLanguage\":\"sk-SK\",\"@id\":\"https:\/\/klimavex.eu\/sk\/#\/schema\/logo\/image\/\",\"url\":\"https:\/\/klimavex.eu\/sk\/wp-content\/uploads\/2024\/04\/Klimavex-Group-logo.png\",\"contentUrl\":\"https:\/\/klimavex.eu\/sk\/wp-content\/uploads\/2024\/04\/Klimavex-Group-logo.png\",\"width\":1681,\"height\":472,\"caption\":\"KLIMAVEX GROUP\"},\"image\":{\"@id\":\"https:\/\/klimavex.eu\/sk\/#\/schema\/logo\/image\/\"},\"sameAs\":[\"https:\/\/www.facebook.com\/klimavex\",\"https:\/\/www.instagram.com\/klimavex_sk\/\"]}]}<\/script>\n<!-- \/ Yoast SEO plugin. -->","yoast_head_json":{"title":"Ventil\u00e1tor Vortice Nordik Evolution R 120\/48\" strieborn\u00fd - KLIMAVEX GROUP - Slovensko","robots":{"index":"index","follow":"follow","max-snippet":"max-snippet:-1","max-image-preview":"max-image-preview:large","max-video-preview":"max-video-preview:-1"},"canonical":"https:\/\/klimavex.eu\/sk\/katalog\/ventilator-vortice-nordik-evolution-r-120-48-strieborny\/","og_locale":"sk_SK","og_type":"article","og_title":"Ventil\u00e1tor Vortice Nordik Evolution R 120\/48\" strieborn\u00fd - KLIMAVEX GROUP - Slovensko","og_description":"Stropn&yacute; ventil&aacute;tor Vortice Nordik Evolution R 120\/48&#39;&#39; v striebornom preveden&iacute; je ide&aacute;lny pre recirkul&aacute;ciu vzduchu v reziden\u010dn&yacute;ch aj komer\u010dn&yacute;ch priestoroch. Je schopn&yacute; obsl&uacute;\u017ei\u0165 a\u017e 2,5x v&auml;\u010d&scaron;&iacute; priestor, ne\u017e je priemer vrtule. V\u010faka &scaron;peci&aacute;lnemu tvaru lopatiek je prev&aacute;dzka ventil&aacute;tora ve\u013emi tich&aacute;. Hlu\u010dnos\u0165 je zn&iacute;\u017een&aacute; aj v\u010faka motoru s gu\u013e&ocirc;\u010dkov&yacute;mi lo\u017eiskami, ktor&yacute; zais\u0165uje maxim&aacute;lnu &uacute;\u010dinnos\u0165 pri n&iacute;zkych ot&aacute;\u010dkach. S&uacute;\u010das\u0165ou balenia je z&aacute;vesn&aacute; ty\u010d (37,5 cm) pre jednoduch&uacute; in&scaron;tal&aacute;ciu. Ventil&aacute;tor je vyroben&yacute; z ABS umelej hmoty odolnej proti UV \u017eiareniu a v&scaron;etky komponenty vr&aacute;tane obalu s&uacute; plne recyklovate\u013en&eacute;. Reverzn&yacute; chod ventil&aacute;tora vyu\u017eijete najm&auml; v zime. V\u010faka tejto funkcii dok&aacute;\u017ee ventil&aacute;tor rozpt&yacute;li\u0165 tepl&yacute; vzduch usaden&yacute; pri strope po miestnosti. U&scaron;etr&iacute;te tak za vykurovanie a bude V&aacute;m pr&iacute;jemnej&scaron;ie.","og_url":"https:\/\/klimavex.eu\/sk\/katalog\/ventilator-vortice-nordik-evolution-r-120-48-strieborny\/","og_site_name":"KLIMAVEX GROUP - Slovensko","article_publisher":"https:\/\/www.facebook.com\/klimavex","article_modified_time":"2026-03-31T16:41:14+00:00","og_image":[{"width":572,"height":512,"url":"https:\/\/klimavex.eu\/sk\/wp-content\/uploads\/2025\/09\/p2w4quKAHDGr_7lQRBHb3BuMWa0vs6klZd1LDj9NLIE-1.png","type":"image\/png"}],"twitter_card":"summary_large_image","twitter_misc":{"Predpokladan\u00fd \u010das \u010d\u00edtania":"1 min\u00fata"},"schema":{"@context":"https:\/\/schema.org","@graph":[{"@type":"WebPage","@id":"https:\/\/klimavex.eu\/sk\/katalog\/ventilator-vortice-nordik-evolution-r-120-48-strieborny\/","url":"https:\/\/klimavex.eu\/sk\/katalog\/ventilator-vortice-nordik-evolution-r-120-48-strieborny\/","name":"Ventil\u00e1tor Vortice Nordik Evolution R 120\/48\" strieborn\u00fd - KLIMAVEX GROUP - Slovensko","isPartOf":{"@id":"https:\/\/klimavex.eu\/sk\/#website"},"primaryImageOfPage":{"@id":"https:\/\/klimavex.eu\/sk\/katalog\/ventilator-vortice-nordik-evolution-r-120-48-strieborny\/#primaryimage"},"image":{"@id":"https:\/\/klimavex.eu\/sk\/katalog\/ventilator-vortice-nordik-evolution-r-120-48-strieborny\/#primaryimage"},"thumbnailUrl":"https:\/\/klimavex.eu\/sk\/wp-content\/uploads\/2025\/09\/p2w4quKAHDGr_7lQRBHb3BuMWa0vs6klZd1LDj9NLIE-1.png","datePublished":"2026-03-31T16:40:31+00:00","dateModified":"2026-03-31T16:41:14+00:00","breadcrumb":{"@id":"https:\/\/klimavex.eu\/sk\/katalog\/ventilator-vortice-nordik-evolution-r-120-48-strieborny\/#breadcrumb"},"inLanguage":"sk-SK","potentialAction":[{"@type":"ReadAction","target":["https:\/\/klimavex.eu\/sk\/katalog\/ventilator-vortice-nordik-evolution-r-120-48-strieborny\/"]}]},{"@type":"ImageObject","inLanguage":"sk-SK","@id":"https:\/\/klimavex.eu\/sk\/katalog\/ventilator-vortice-nordik-evolution-r-120-48-strieborny\/#primaryimage","url":"https:\/\/klimavex.eu\/sk\/wp-content\/uploads\/2025\/09\/p2w4quKAHDGr_7lQRBHb3BuMWa0vs6klZd1LDj9NLIE-1.png","contentUrl":"https:\/\/klimavex.eu\/sk\/wp-content\/uploads\/2025\/09\/p2w4quKAHDGr_7lQRBHb3BuMWa0vs6klZd1LDj9NLIE-1.png","width":572,"height":512},{"@type":"BreadcrumbList","@id":"https:\/\/klimavex.eu\/sk\/katalog\/ventilator-vortice-nordik-evolution-r-120-48-strieborny\/#breadcrumb","itemListElement":[{"@type":"ListItem","position":1,"name":"Domovsk\u00e1 str\u00e1nka","item":"https:\/\/klimavex.eu\/sk\/"},{"@type":"ListItem","position":2,"name":"Eshop","item":"https:\/\/klimavex.eu\/sk\/eshop\/"},{"@type":"ListItem","position":3,"name":"Ventil\u00e1tor Vortice Nordik Evolution R 120\/48&#8243; strieborn\u00fd"}]},{"@type":"WebSite","@id":"https:\/\/klimavex.eu\/sk\/#website","url":"https:\/\/klimavex.eu\/sk\/","name":"KLIMAVEX GROUP - Slovensko","description":"","publisher":{"@id":"https:\/\/klimavex.eu\/sk\/#organization"},"alternateName":"KLIMAVEX a.s.","potentialAction":[{"@type":"SearchAction","target":{"@type":"EntryPoint","urlTemplate":"https:\/\/klimavex.eu\/sk\/?s={search_term_string}"},"query-input":{"@type":"PropertyValueSpecification","valueRequired":true,"valueName":"search_term_string"}}],"inLanguage":"sk-SK"},{"@type":"Organization","@id":"https:\/\/klimavex.eu\/sk\/#organization","name":"KLIMAVEX GROUP","alternateName":"KLIMAVEX a.s.","url":"https:\/\/klimavex.eu\/sk\/","logo":{"@type":"ImageObject","inLanguage":"sk-SK","@id":"https:\/\/klimavex.eu\/sk\/#\/schema\/logo\/image\/","url":"https:\/\/klimavex.eu\/sk\/wp-content\/uploads\/2024\/04\/Klimavex-Group-logo.png","contentUrl":"https:\/\/klimavex.eu\/sk\/wp-content\/uploads\/2024\/04\/Klimavex-Group-logo.png","width":1681,"height":472,"caption":"KLIMAVEX GROUP"},"image":{"@id":"https:\/\/klimavex.eu\/sk\/#\/schema\/logo\/image\/"},"sameAs":["https:\/\/www.facebook.com\/klimavex","https:\/\/www.instagram.com\/klimavex_sk\/"]}]}},"_links":{"self":[{"href":"https:\/\/klimavex.eu\/sk\/wp-json\/wp\/v2\/product\/477103","targetHints":{"allow":["GET"]}}],"collection":[{"href":"https:\/\/klimavex.eu\/sk\/wp-json\/wp\/v2\/product"}],"about":[{"href":"https:\/\/klimavex.eu\/sk\/wp-json\/wp\/v2\/types\/product"}],"version-history":[{"count":0,"href":"https:\/\/klimavex.eu\/sk\/wp-json\/wp\/v2\/product\/477103\/revisions"}],"wp:featuredmedia":[{"embeddable":true,"href":"https:\/\/klimavex.eu\/sk\/wp-json\/wp\/v2\/media\/483409"}],"wp:attachment":[{"href":"https:\/\/klimavex.eu\/sk\/wp-json\/wp\/v2\/media?parent=477103"}],"wp:term":[{"taxonomy":"product_cat","embeddable":true,"href":"https:\/\/klimavex.eu\/sk\/wp-json\/wp\/v2\/product_cat?post=477103"},{"taxonomy":"product_tag","embeddable":true,"href":"https:\/\/klimavex.eu\/sk\/wp-json\/wp\/v2\/product_tag?post=477103"}],"curies":[{"name":"wp","href":"https:\/\/api.w.org\/{rel}","templated":true}]}}