{"id":477105,"date":"2026-03-31T18:40:31","date_gmt":"2026-03-31T16:40:31","guid":{"rendered":"https:\/\/klimavex.eu\/sk\/katalog\/ventilator-vortice-ca-il-160\/"},"modified":"2026-03-31T18:41:16","modified_gmt":"2026-03-31T16:41:16","slug":"ventilator-vortice-ca-il-160","status":"publish","type":"product","link":"https:\/\/klimavex.eu\/sk\/katalog\/ventilator-vortice-ca-il-160\/","title":{"rendered":"Ventil\u00e1tor Vortice CA-IL 160"},"content":{"rendered":"<p style=\"text-align:justify\"><span style=\"font-size:11pt\"><span style=\"font-family:Calibri,sans-serif\"><strong>Detailn&yacute; popis<\/strong><\/span><\/span><\/p>\n<ul>\n<li style=\"text-align:justify\"><span style=\"font-size:11pt\"><span style=\"background-color:white\"><span style=\"color:black\"><span style=\"font-family:Calibri,sans-serif\">Kryt a dr\u017eiak motora z pozinkovan&eacute;ho oce\u013eov&eacute;ho plechu, vn&uacute;torn&eacute; oblo\u017eenie zvukovo izola\u010dn&yacute;m panelom PE (hr&uacute;bka 10 mm).<\/span><\/span><\/span><\/span><\/li>\n<li style=\"text-align:justify\"><span style=\"font-size:11pt\"><span style=\"background-color:white\"><span style=\"color:black\"><span style=\"font-family:Calibri,sans-serif\">Striedav&yacute; motorov&yacute; ventil&aacute;tor s extern&yacute;m rotorom, s hriade\u013eom ot&aacute;\u010daj&uacute;cim sa v gu\u013e&ocirc;\u010dkov&yacute;ch lo\u017eisk&aacute;ch, spojen&yacute; s dozadu zahnut&yacute;m odstrediv&yacute;m obe\u017en&yacute;m kolesom.<\/span><\/span><\/span><\/span><\/li>\n<li style=\"text-align:justify\"><span style=\"font-size:11pt\"><span style=\"background-color:white\"><span style=\"color:black\"><span style=\"font-family:Calibri,sans-serif\">Pr&iacute;ruby ventil&aacute;tora na pripojenie na kruhov&eacute; vzduchotechnick&eacute; potrubie s&uacute; opatren&eacute; gumov&yacute;m tesnen&iacute;m pre dokonal&uacute; vzduchotesnos\u0165.<\/span><\/span><\/span><\/span><\/li>\n<li style=\"text-align:justify\"><span style=\"font-size:11pt\"><span style=\"background-color:white\"><span style=\"color:black\"><span style=\"font-family:Calibri,sans-serif\">Konzoly z pozinkovan&eacute;ho oce\u013eov&eacute;ho plechu, priamo spojen&eacute; s pl&aacute;&scaron;\u0165om.<\/span><\/span><\/span><\/span><\/li>\n<li style=\"text-align:justify\"><span style=\"font-size:11pt\"><span style=\"background-color:white\"><span style=\"color:black\"><span style=\"font-family:Calibri,sans-serif\">Elektrick&aacute; pripojovacia skrinka obsahuj&uacute;ca kondenz&aacute;tory je vyroben&aacute; z n&aacute;razuvzdornej plastovej \u017eivice odolnej proti agres&iacute;vnym l&aacute;tkam, integruj&uacute;ca k&aacute;blov&eacute; klietky a k&aacute;blov&eacute; priechodky pre zaistenie vysokej ochrany (IP55) proti prachu a vode.<\/span><\/span><\/span><\/span><\/li>\n<li style=\"text-align:justify\"><span style=\"font-size:11pt\"><span style=\"background-color:white\"><span style=\"color:black\"><span style=\"font-family:Calibri,sans-serif\">Jednoduch&aacute; &uacute;dr\u017eba: priame upevnenie motorizovan&eacute;ho ventil&aacute;tora ku krytu, ktor&yacute; je zavesen&yacute; na skrini, umo\u017e\u0148uje jeho \u013eahk&eacute; vyklopenie von pre okam\u017eit&yacute; pr&iacute;stup k motorizovanej jednotke ventil&aacute;tora.<\/span><\/span><\/span><\/span><\/li>\n<li style=\"text-align:justify\"><span style=\"font-size:11pt\"><span style=\"background-color:white\"><span style=\"color:black\"><span style=\"font-family:Calibri,sans-serif\">Trieda elektrickej izol&aacute;cie: I (je vy\u017eadovan&eacute; uzemnenie).<\/span><\/span><\/span><\/span><\/li>\n<li style=\"text-align:justify\"><span style=\"font-size:11pt\"><span style=\"background-color:white\"><span style=\"color:black\"><span style=\"font-family:Calibri,sans-serif\">Kruhov&eacute; sacie a v&yacute;tla\u010dn&eacute; otvory, opatren&eacute; dvojit&yacute;m gumov&yacute;m tesnen&iacute;m pre dokonal&uacute; vzduchotesnos\u0165<\/span><\/span><\/span><\/span><\/li>\n<\/ul>\n<p style=\"text-align:justify\"><span style=\"font-size:11pt\"><span style=\"font-family:Calibri,sans-serif\"><strong>K\u013e&uacute;\u010dov&eacute; vlastnosti<\/strong><\/span><\/span><\/p>\n<ul>\n<li style=\"text-align:justify\"><span style=\"font-size:11pt\"><span style=\"background-color:white\"><span style=\"color:black\"><span style=\"font-family:Calibri,sans-serif\">3 alternat&iacute;vne in&scaron;tal&aacute;cie: stena, strop a podh\u013ead<\/span><\/span><\/span><\/span><\/li>\n<li style=\"text-align:justify\"><span style=\"font-size:11pt\"><span style=\"background-color:white\"><span style=\"color:black\"><span style=\"font-family:Calibri,sans-serif\">Kvalitn&eacute; spracovanie<\/span><\/span><\/span><\/span><\/li>\n<li style=\"text-align:justify\"><span style=\"font-size:11pt\"><span style=\"background-color:white\"><span style=\"color:black\"><span style=\"font-family:Calibri,sans-serif\"><span style=\"color:black\"><span style=\"color:black\">Gu\u013e&ocirc;\u010dkov&eacute; lo\u017eisk&aacute;<\/span><\/span><\/span><\/span><\/span><\/span><\/li>\n<li style=\"text-align:justify\"><span style=\"font-size:11pt\"><span style=\"background-color:white\"><span style=\"color:black\"><span style=\"font-family:Calibri,sans-serif\">N&iacute;zka hlu\u010dnos\u0165<\/span><\/span><\/span><\/span><\/li>\n<li style=\"text-align:justify\"><span style=\"font-size:11pt\"><span style=\"background-color:white\"><span style=\"color:black\"><span style=\"font-family:Calibri,sans-serif\">Skri\u0148a vr&aacute;tane konzol na pripevnenie<\/span><\/span><\/span><\/span><\/li>\n<li style=\"text-align:justify\"><span style=\"font-size:11pt\"><span style=\"background-color:white\"><span style=\"color:black\"><span style=\"font-family:Calibri,sans-serif\">Krytie IP44<\/span><\/span><\/span><\/span><\/li>\n<\/ul>\n","protected":false},"excerpt":{"rendered":"<p style=\"text-align:justify\"><span style=\"font-size:11pt\"><span style=\"font-family:Calibri,sans-serif\"><span style=\"background-color:white\"><span style=\"color:black\">Skri\u0148ov&yacute; <\/span><\/span>radi&aacute;lny <span style=\"background-color:white\"><span style=\"color:black\">potrubn&yacute; ventil&aacute;tor <strong>Vortice CA-IL 160 <\/strong>s pripojen&iacute;m na vzduchotechnick&eacute; potrubie <\/span><\/span><strong>&oslash; <span style=\"background-color:white\"><span style=\"color:black\">160mm<\/span><\/span><\/strong><span style=\"background-color:white\"><span style=\"color:black\">. Ventil&aacute;tor je ur\u010den&yacute; na napojenie na kruhov&eacute; potrubie a ods&aacute;vanie komer\u010dn&yacute;ch i reziden\u010dn&yacute;ch objektov. Ventil&aacute;tor je mo\u017en&eacute; in&scaron;talova\u0165 na stenu, strop a do podh\u013eadu. Vn&uacute;torn&eacute; zvukovo izola\u010dn&eacute; oblo\u017eenie. Jednoduch&yacute; pr&iacute;stup pre &uacute;dr\u017ebu.<\/span><\/span><\/span><\/span><\/p>\n","protected":false},"featured_media":483419,"template":"","meta":[],"product_cat":[1642,1460,1297],"product_tag":[],"class_list":{"0":"post-477105","1":"product","2":"type-product","3":"status-publish","4":"has-post-thumbnail","6":"product_cat-ca-il","7":"product_cat-potrubne-ventilatory","8":"product_cat-ventilatory","9":"pa_dostupny-tlak-pa-310-450","10":"pa_gulockove-loziska-ll-ano","11":"pa_hlucnost-lp-3m-215-365","12":"pa_krytie-ip44","13":"pa_prevedenie-potrubny-skrinovy","14":"pa_priemer-napojenia-mm-3835","15":"pa_typ-ca-il","16":"pa_vzduchovy-vykon-qv-m3-250-460","17":"pa_znacka-vortice","19":"first","20":"instock","21":"taxable","22":"shipping-taxable","23":"purchasable","24":"product-type-simple"},"yoast_head":"<!-- This site is optimized with the Yoast SEO plugin v23.9 - https:\/\/yoast.com\/wordpress\/plugins\/seo\/ -->\n<title>Ventil\u00e1tor Vortice CA-IL 160 - KLIMAVEX GROUP - Slovensko<\/title>\n<meta name=\"robots\" content=\"index, follow, max-snippet:-1, max-image-preview:large, max-video-preview:-1\" \/>\n<link rel=\"canonical\" href=\"https:\/\/klimavex.eu\/sk\/katalog\/ventilator-vortice-ca-il-160\/\" \/>\n<meta property=\"og:locale\" content=\"sk_SK\" \/>\n<meta property=\"og:type\" content=\"article\" \/>\n<meta property=\"og:title\" content=\"Ventil\u00e1tor Vortice CA-IL 160 - KLIMAVEX GROUP - Slovensko\" \/>\n<meta property=\"og:description\" content=\"Skri\u0148ov&yacute; radi&aacute;lny potrubn&yacute; ventil&aacute;tor Vortice CA-IL 160 s pripojen&iacute;m na vzduchotechnick&eacute; potrubie &oslash; 160mm. Ventil&aacute;tor je ur\u010den&yacute; na napojenie na kruhov&eacute; potrubie a ods&aacute;vanie komer\u010dn&yacute;ch i reziden\u010dn&yacute;ch objektov. Ventil&aacute;tor je mo\u017en&eacute; in&scaron;talova\u0165 na stenu, strop a do podh\u013eadu. Vn&uacute;torn&eacute; zvukovo izola\u010dn&eacute; oblo\u017eenie. Jednoduch&yacute; pr&iacute;stup pre &uacute;dr\u017ebu.\" \/>\n<meta property=\"og:url\" content=\"https:\/\/klimavex.eu\/sk\/katalog\/ventilator-vortice-ca-il-160\/\" \/>\n<meta property=\"og:site_name\" content=\"KLIMAVEX GROUP - Slovensko\" \/>\n<meta property=\"article:publisher\" content=\"https:\/\/www.facebook.com\/klimavex\" \/>\n<meta property=\"article:modified_time\" content=\"2026-03-31T16:41:16+00:00\" \/>\n<meta property=\"og:image\" content=\"https:\/\/klimavex.eu\/sk\/wp-content\/uploads\/2025\/09\/6cAuSsC6pHtc2fX9jBwGHonRFyHGSdo76SDCj6xyAQA-2.png\" \/>\n\t<meta property=\"og:image:width\" content=\"572\" \/>\n\t<meta property=\"og:image:height\" content=\"512\" \/>\n\t<meta property=\"og:image:type\" content=\"image\/png\" \/>\n<meta name=\"twitter:card\" content=\"summary_large_image\" \/>\n<meta name=\"twitter:label1\" content=\"Predpokladan\u00fd \u010das \u010d\u00edtania\" \/>\n\t<meta name=\"twitter:data1\" content=\"1 min\u00fata\" \/>\n<script type=\"application\/ld+json\" class=\"yoast-schema-graph\">{\"@context\":\"https:\/\/schema.org\",\"@graph\":[{\"@type\":\"WebPage\",\"@id\":\"https:\/\/klimavex.eu\/sk\/katalog\/ventilator-vortice-ca-il-160\/\",\"url\":\"https:\/\/klimavex.eu\/sk\/katalog\/ventilator-vortice-ca-il-160\/\",\"name\":\"Ventil\u00e1tor Vortice CA-IL 160 - KLIMAVEX GROUP - Slovensko\",\"isPartOf\":{\"@id\":\"https:\/\/klimavex.eu\/sk\/#website\"},\"primaryImageOfPage\":{\"@id\":\"https:\/\/klimavex.eu\/sk\/katalog\/ventilator-vortice-ca-il-160\/#primaryimage\"},\"image\":{\"@id\":\"https:\/\/klimavex.eu\/sk\/katalog\/ventilator-vortice-ca-il-160\/#primaryimage\"},\"thumbnailUrl\":\"https:\/\/klimavex.eu\/sk\/wp-content\/uploads\/2025\/09\/6cAuSsC6pHtc2fX9jBwGHonRFyHGSdo76SDCj6xyAQA-2.png\",\"datePublished\":\"2026-03-31T16:40:31+00:00\",\"dateModified\":\"2026-03-31T16:41:16+00:00\",\"breadcrumb\":{\"@id\":\"https:\/\/klimavex.eu\/sk\/katalog\/ventilator-vortice-ca-il-160\/#breadcrumb\"},\"inLanguage\":\"sk-SK\",\"potentialAction\":[{\"@type\":\"ReadAction\",\"target\":[\"https:\/\/klimavex.eu\/sk\/katalog\/ventilator-vortice-ca-il-160\/\"]}]},{\"@type\":\"ImageObject\",\"inLanguage\":\"sk-SK\",\"@id\":\"https:\/\/klimavex.eu\/sk\/katalog\/ventilator-vortice-ca-il-160\/#primaryimage\",\"url\":\"https:\/\/klimavex.eu\/sk\/wp-content\/uploads\/2025\/09\/6cAuSsC6pHtc2fX9jBwGHonRFyHGSdo76SDCj6xyAQA-2.png\",\"contentUrl\":\"https:\/\/klimavex.eu\/sk\/wp-content\/uploads\/2025\/09\/6cAuSsC6pHtc2fX9jBwGHonRFyHGSdo76SDCj6xyAQA-2.png\",\"width\":572,\"height\":512},{\"@type\":\"BreadcrumbList\",\"@id\":\"https:\/\/klimavex.eu\/sk\/katalog\/ventilator-vortice-ca-il-160\/#breadcrumb\",\"itemListElement\":[{\"@type\":\"ListItem\",\"position\":1,\"name\":\"Domovsk\u00e1 str\u00e1nka\",\"item\":\"https:\/\/klimavex.eu\/sk\/\"},{\"@type\":\"ListItem\",\"position\":2,\"name\":\"Eshop\",\"item\":\"https:\/\/klimavex.eu\/sk\/eshop\/\"},{\"@type\":\"ListItem\",\"position\":3,\"name\":\"Ventil\u00e1tor Vortice CA-IL 160\"}]},{\"@type\":\"WebSite\",\"@id\":\"https:\/\/klimavex.eu\/sk\/#website\",\"url\":\"https:\/\/klimavex.eu\/sk\/\",\"name\":\"KLIMAVEX GROUP - Slovensko\",\"description\":\"\",\"publisher\":{\"@id\":\"https:\/\/klimavex.eu\/sk\/#organization\"},\"alternateName\":\"KLIMAVEX a.s.\",\"potentialAction\":[{\"@type\":\"SearchAction\",\"target\":{\"@type\":\"EntryPoint\",\"urlTemplate\":\"https:\/\/klimavex.eu\/sk\/?s={search_term_string}\"},\"query-input\":{\"@type\":\"PropertyValueSpecification\",\"valueRequired\":true,\"valueName\":\"search_term_string\"}}],\"inLanguage\":\"sk-SK\"},{\"@type\":\"Organization\",\"@id\":\"https:\/\/klimavex.eu\/sk\/#organization\",\"name\":\"KLIMAVEX GROUP\",\"alternateName\":\"KLIMAVEX a.s.\",\"url\":\"https:\/\/klimavex.eu\/sk\/\",\"logo\":{\"@type\":\"ImageObject\",\"inLanguage\":\"sk-SK\",\"@id\":\"https:\/\/klimavex.eu\/sk\/#\/schema\/logo\/image\/\",\"url\":\"https:\/\/klimavex.eu\/sk\/wp-content\/uploads\/2024\/04\/Klimavex-Group-logo.png\",\"contentUrl\":\"https:\/\/klimavex.eu\/sk\/wp-content\/uploads\/2024\/04\/Klimavex-Group-logo.png\",\"width\":1681,\"height\":472,\"caption\":\"KLIMAVEX GROUP\"},\"image\":{\"@id\":\"https:\/\/klimavex.eu\/sk\/#\/schema\/logo\/image\/\"},\"sameAs\":[\"https:\/\/www.facebook.com\/klimavex\",\"https:\/\/www.instagram.com\/klimavex_sk\/\"]}]}<\/script>\n<!-- \/ Yoast SEO plugin. -->","yoast_head_json":{"title":"Ventil\u00e1tor Vortice CA-IL 160 - KLIMAVEX GROUP - Slovensko","robots":{"index":"index","follow":"follow","max-snippet":"max-snippet:-1","max-image-preview":"max-image-preview:large","max-video-preview":"max-video-preview:-1"},"canonical":"https:\/\/klimavex.eu\/sk\/katalog\/ventilator-vortice-ca-il-160\/","og_locale":"sk_SK","og_type":"article","og_title":"Ventil\u00e1tor Vortice CA-IL 160 - KLIMAVEX GROUP - Slovensko","og_description":"Skri\u0148ov&yacute; radi&aacute;lny potrubn&yacute; ventil&aacute;tor Vortice CA-IL 160 s pripojen&iacute;m na vzduchotechnick&eacute; potrubie &oslash; 160mm. Ventil&aacute;tor je ur\u010den&yacute; na napojenie na kruhov&eacute; potrubie a ods&aacute;vanie komer\u010dn&yacute;ch i reziden\u010dn&yacute;ch objektov. Ventil&aacute;tor je mo\u017en&eacute; in&scaron;talova\u0165 na stenu, strop a do podh\u013eadu. Vn&uacute;torn&eacute; zvukovo izola\u010dn&eacute; oblo\u017eenie. Jednoduch&yacute; pr&iacute;stup pre &uacute;dr\u017ebu.","og_url":"https:\/\/klimavex.eu\/sk\/katalog\/ventilator-vortice-ca-il-160\/","og_site_name":"KLIMAVEX GROUP - Slovensko","article_publisher":"https:\/\/www.facebook.com\/klimavex","article_modified_time":"2026-03-31T16:41:16+00:00","og_image":[{"width":572,"height":512,"url":"https:\/\/klimavex.eu\/sk\/wp-content\/uploads\/2025\/09\/6cAuSsC6pHtc2fX9jBwGHonRFyHGSdo76SDCj6xyAQA-2.png","type":"image\/png"}],"twitter_card":"summary_large_image","twitter_misc":{"Predpokladan\u00fd \u010das \u010d\u00edtania":"1 min\u00fata"},"schema":{"@context":"https:\/\/schema.org","@graph":[{"@type":"WebPage","@id":"https:\/\/klimavex.eu\/sk\/katalog\/ventilator-vortice-ca-il-160\/","url":"https:\/\/klimavex.eu\/sk\/katalog\/ventilator-vortice-ca-il-160\/","name":"Ventil\u00e1tor Vortice CA-IL 160 - KLIMAVEX GROUP - Slovensko","isPartOf":{"@id":"https:\/\/klimavex.eu\/sk\/#website"},"primaryImageOfPage":{"@id":"https:\/\/klimavex.eu\/sk\/katalog\/ventilator-vortice-ca-il-160\/#primaryimage"},"image":{"@id":"https:\/\/klimavex.eu\/sk\/katalog\/ventilator-vortice-ca-il-160\/#primaryimage"},"thumbnailUrl":"https:\/\/klimavex.eu\/sk\/wp-content\/uploads\/2025\/09\/6cAuSsC6pHtc2fX9jBwGHonRFyHGSdo76SDCj6xyAQA-2.png","datePublished":"2026-03-31T16:40:31+00:00","dateModified":"2026-03-31T16:41:16+00:00","breadcrumb":{"@id":"https:\/\/klimavex.eu\/sk\/katalog\/ventilator-vortice-ca-il-160\/#breadcrumb"},"inLanguage":"sk-SK","potentialAction":[{"@type":"ReadAction","target":["https:\/\/klimavex.eu\/sk\/katalog\/ventilator-vortice-ca-il-160\/"]}]},{"@type":"ImageObject","inLanguage":"sk-SK","@id":"https:\/\/klimavex.eu\/sk\/katalog\/ventilator-vortice-ca-il-160\/#primaryimage","url":"https:\/\/klimavex.eu\/sk\/wp-content\/uploads\/2025\/09\/6cAuSsC6pHtc2fX9jBwGHonRFyHGSdo76SDCj6xyAQA-2.png","contentUrl":"https:\/\/klimavex.eu\/sk\/wp-content\/uploads\/2025\/09\/6cAuSsC6pHtc2fX9jBwGHonRFyHGSdo76SDCj6xyAQA-2.png","width":572,"height":512},{"@type":"BreadcrumbList","@id":"https:\/\/klimavex.eu\/sk\/katalog\/ventilator-vortice-ca-il-160\/#breadcrumb","itemListElement":[{"@type":"ListItem","position":1,"name":"Domovsk\u00e1 str\u00e1nka","item":"https:\/\/klimavex.eu\/sk\/"},{"@type":"ListItem","position":2,"name":"Eshop","item":"https:\/\/klimavex.eu\/sk\/eshop\/"},{"@type":"ListItem","position":3,"name":"Ventil\u00e1tor Vortice CA-IL 160"}]},{"@type":"WebSite","@id":"https:\/\/klimavex.eu\/sk\/#website","url":"https:\/\/klimavex.eu\/sk\/","name":"KLIMAVEX GROUP - Slovensko","description":"","publisher":{"@id":"https:\/\/klimavex.eu\/sk\/#organization"},"alternateName":"KLIMAVEX a.s.","potentialAction":[{"@type":"SearchAction","target":{"@type":"EntryPoint","urlTemplate":"https:\/\/klimavex.eu\/sk\/?s={search_term_string}"},"query-input":{"@type":"PropertyValueSpecification","valueRequired":true,"valueName":"search_term_string"}}],"inLanguage":"sk-SK"},{"@type":"Organization","@id":"https:\/\/klimavex.eu\/sk\/#organization","name":"KLIMAVEX GROUP","alternateName":"KLIMAVEX a.s.","url":"https:\/\/klimavex.eu\/sk\/","logo":{"@type":"ImageObject","inLanguage":"sk-SK","@id":"https:\/\/klimavex.eu\/sk\/#\/schema\/logo\/image\/","url":"https:\/\/klimavex.eu\/sk\/wp-content\/uploads\/2024\/04\/Klimavex-Group-logo.png","contentUrl":"https:\/\/klimavex.eu\/sk\/wp-content\/uploads\/2024\/04\/Klimavex-Group-logo.png","width":1681,"height":472,"caption":"KLIMAVEX GROUP"},"image":{"@id":"https:\/\/klimavex.eu\/sk\/#\/schema\/logo\/image\/"},"sameAs":["https:\/\/www.facebook.com\/klimavex","https:\/\/www.instagram.com\/klimavex_sk\/"]}]}},"_links":{"self":[{"href":"https:\/\/klimavex.eu\/sk\/wp-json\/wp\/v2\/product\/477105","targetHints":{"allow":["GET"]}}],"collection":[{"href":"https:\/\/klimavex.eu\/sk\/wp-json\/wp\/v2\/product"}],"about":[{"href":"https:\/\/klimavex.eu\/sk\/wp-json\/wp\/v2\/types\/product"}],"version-history":[{"count":0,"href":"https:\/\/klimavex.eu\/sk\/wp-json\/wp\/v2\/product\/477105\/revisions"}],"wp:featuredmedia":[{"embeddable":true,"href":"https:\/\/klimavex.eu\/sk\/wp-json\/wp\/v2\/media\/483419"}],"wp:attachment":[{"href":"https:\/\/klimavex.eu\/sk\/wp-json\/wp\/v2\/media?parent=477105"}],"wp:term":[{"taxonomy":"product_cat","embeddable":true,"href":"https:\/\/klimavex.eu\/sk\/wp-json\/wp\/v2\/product_cat?post=477105"},{"taxonomy":"product_tag","embeddable":true,"href":"https:\/\/klimavex.eu\/sk\/wp-json\/wp\/v2\/product_tag?post=477105"}],"curies":[{"name":"wp","href":"https:\/\/api.w.org\/{rel}","templated":true}]}}