{"id":477112,"date":"2026-03-31T18:40:31","date_gmt":"2026-03-31T16:40:31","guid":{"rendered":"https:\/\/klimavex.eu\/sk\/katalog\/cistic-vzduchu-vortice-vortronic-35-rf\/"},"modified":"2026-03-31T18:41:25","modified_gmt":"2026-03-31T16:41:25","slug":"cistic-vzduchu-vortice-vortronic-35-rf","status":"publish","type":"product","link":"https:\/\/klimavex.eu\/sk\/katalog\/cistic-vzduchu-vortice-vortronic-35-rf\/","title":{"rendered":"\u010cisti\u010d vzduchu Vortice Vortronic 35 RF"},"content":{"rendered":"<p style=\"text-align: justify;\"><strong>K\u013e&uacute;\u010dov&eacute; vlastnosti:<\/strong><\/p>\n<ul>\n<li style=\"text-align: justify;\">Vymenite\u013en&yacute; filter s&nbsp;akt&iacute;vnym uhl&iacute;kom.<\/li>\n<li style=\"text-align: justify;\">Pou\u017eitie s&nbsp;alebo bez ioniz&aacute;tora.<\/li>\n<li style=\"text-align: justify;\">Bezpe\u010dnostn&aacute; funkcia &ndash; automatick&eacute; vypnutie zariadenia pri otvoren&yacute;ch filtra\u010dn&yacute;ch dvierkach alebo pri zanesenom filtri.<\/li>\n<li style=\"text-align: justify;\">Zariadenie nemus&iacute; by\u0165 uzemnen&eacute;.<\/li>\n<\/ul>\n","protected":false},"excerpt":{"rendered":"<p style=\"text-align: justify;\">\u010cisti\u010d vzduchu <strong>Vortice Vortronic RF<\/strong> vhodn&yacute; do <strong>miestnost&iacute;<\/strong> s&nbsp;objemom <strong>do 35 m<sup>3<\/sup><\/strong> \u010dist&iacute; vzduch od tabakov&eacute;ho dymu, prachu a&nbsp;ne\u010dist&ocirc;t. S&nbsp;dvojstup\u0148ov&yacute;m elektrostatick&yacute;m filtrom.<\/p>\n","protected":false},"featured_media":483442,"template":"","meta":[],"product_cat":[2112,1297,2056],"product_tag":[],"class_list":{"0":"post-477112","1":"product","2":"type-product","3":"status-publish","4":"has-post-thumbnail","6":"product_cat-vortronic","7":"product_cat-ventilatory","8":"product_cat-elektricke-ohrievace-a-cistice-vzduchu","9":"pa_hlucnost-lp-6m-35-36-39","10":"pa_krytie-ip20","11":"pa_objem-do-m3-5006","12":"pa_prevedenie-cistic-vzduchu","13":"pa_typ-vortronic","14":"pa_znacka-vortice","16":"first","17":"instock","18":"taxable","19":"shipping-taxable","20":"purchasable","21":"product-type-simple"},"yoast_head":"<!-- This site is optimized with the Yoast SEO plugin v23.9 - https:\/\/yoast.com\/wordpress\/plugins\/seo\/ -->\n<title>\u010cisti\u010d vzduchu Vortice Vortronic 35 RF - KLIMAVEX GROUP - Slovensko<\/title>\n<meta name=\"robots\" content=\"index, follow, max-snippet:-1, max-image-preview:large, max-video-preview:-1\" \/>\n<link rel=\"canonical\" href=\"https:\/\/klimavex.eu\/sk\/katalog\/cistic-vzduchu-vortice-vortronic-35-rf\/\" \/>\n<meta property=\"og:locale\" content=\"sk_SK\" \/>\n<meta property=\"og:type\" content=\"article\" \/>\n<meta property=\"og:title\" content=\"\u010cisti\u010d vzduchu Vortice Vortronic 35 RF - KLIMAVEX GROUP - Slovensko\" \/>\n<meta property=\"og:description\" content=\"\u010cisti\u010d vzduchu Vortice Vortronic RF vhodn&yacute; do miestnost&iacute; s&nbsp;objemom do 35 m3 \u010dist&iacute; vzduch od tabakov&eacute;ho dymu, prachu a&nbsp;ne\u010dist&ocirc;t. S&nbsp;dvojstup\u0148ov&yacute;m elektrostatick&yacute;m filtrom.\" \/>\n<meta property=\"og:url\" content=\"https:\/\/klimavex.eu\/sk\/katalog\/cistic-vzduchu-vortice-vortronic-35-rf\/\" \/>\n<meta property=\"og:site_name\" content=\"KLIMAVEX GROUP - Slovensko\" \/>\n<meta property=\"article:publisher\" content=\"https:\/\/www.facebook.com\/klimavex\" \/>\n<meta property=\"article:modified_time\" content=\"2026-03-31T16:41:25+00:00\" \/>\n<meta property=\"og:image\" content=\"https:\/\/klimavex.eu\/sk\/wp-content\/uploads\/2025\/09\/lsEhAsSGO5mulcEs9VGewZmCtyunmeFV6p_a3me_sNA.png\" \/>\n\t<meta property=\"og:image:width\" content=\"572\" \/>\n\t<meta property=\"og:image:height\" content=\"512\" \/>\n\t<meta property=\"og:image:type\" content=\"image\/png\" \/>\n<meta name=\"twitter:card\" content=\"summary_large_image\" \/>\n<script type=\"application\/ld+json\" class=\"yoast-schema-graph\">{\"@context\":\"https:\/\/schema.org\",\"@graph\":[{\"@type\":\"WebPage\",\"@id\":\"https:\/\/klimavex.eu\/sk\/katalog\/cistic-vzduchu-vortice-vortronic-35-rf\/\",\"url\":\"https:\/\/klimavex.eu\/sk\/katalog\/cistic-vzduchu-vortice-vortronic-35-rf\/\",\"name\":\"\u010cisti\u010d vzduchu Vortice Vortronic 35 RF - KLIMAVEX GROUP - Slovensko\",\"isPartOf\":{\"@id\":\"https:\/\/klimavex.eu\/sk\/#website\"},\"primaryImageOfPage\":{\"@id\":\"https:\/\/klimavex.eu\/sk\/katalog\/cistic-vzduchu-vortice-vortronic-35-rf\/#primaryimage\"},\"image\":{\"@id\":\"https:\/\/klimavex.eu\/sk\/katalog\/cistic-vzduchu-vortice-vortronic-35-rf\/#primaryimage\"},\"thumbnailUrl\":\"https:\/\/klimavex.eu\/sk\/wp-content\/uploads\/2025\/09\/lsEhAsSGO5mulcEs9VGewZmCtyunmeFV6p_a3me_sNA.png\",\"datePublished\":\"2026-03-31T16:40:31+00:00\",\"dateModified\":\"2026-03-31T16:41:25+00:00\",\"breadcrumb\":{\"@id\":\"https:\/\/klimavex.eu\/sk\/katalog\/cistic-vzduchu-vortice-vortronic-35-rf\/#breadcrumb\"},\"inLanguage\":\"sk-SK\",\"potentialAction\":[{\"@type\":\"ReadAction\",\"target\":[\"https:\/\/klimavex.eu\/sk\/katalog\/cistic-vzduchu-vortice-vortronic-35-rf\/\"]}]},{\"@type\":\"ImageObject\",\"inLanguage\":\"sk-SK\",\"@id\":\"https:\/\/klimavex.eu\/sk\/katalog\/cistic-vzduchu-vortice-vortronic-35-rf\/#primaryimage\",\"url\":\"https:\/\/klimavex.eu\/sk\/wp-content\/uploads\/2025\/09\/lsEhAsSGO5mulcEs9VGewZmCtyunmeFV6p_a3me_sNA.png\",\"contentUrl\":\"https:\/\/klimavex.eu\/sk\/wp-content\/uploads\/2025\/09\/lsEhAsSGO5mulcEs9VGewZmCtyunmeFV6p_a3me_sNA.png\",\"width\":572,\"height\":512},{\"@type\":\"BreadcrumbList\",\"@id\":\"https:\/\/klimavex.eu\/sk\/katalog\/cistic-vzduchu-vortice-vortronic-35-rf\/#breadcrumb\",\"itemListElement\":[{\"@type\":\"ListItem\",\"position\":1,\"name\":\"Domovsk\u00e1 str\u00e1nka\",\"item\":\"https:\/\/klimavex.eu\/sk\/\"},{\"@type\":\"ListItem\",\"position\":2,\"name\":\"Eshop\",\"item\":\"https:\/\/klimavex.eu\/sk\/eshop\/\"},{\"@type\":\"ListItem\",\"position\":3,\"name\":\"\u010cisti\u010d vzduchu Vortice Vortronic 35 RF\"}]},{\"@type\":\"WebSite\",\"@id\":\"https:\/\/klimavex.eu\/sk\/#website\",\"url\":\"https:\/\/klimavex.eu\/sk\/\",\"name\":\"KLIMAVEX GROUP - Slovensko\",\"description\":\"\",\"publisher\":{\"@id\":\"https:\/\/klimavex.eu\/sk\/#organization\"},\"alternateName\":\"KLIMAVEX a.s.\",\"potentialAction\":[{\"@type\":\"SearchAction\",\"target\":{\"@type\":\"EntryPoint\",\"urlTemplate\":\"https:\/\/klimavex.eu\/sk\/?s={search_term_string}\"},\"query-input\":{\"@type\":\"PropertyValueSpecification\",\"valueRequired\":true,\"valueName\":\"search_term_string\"}}],\"inLanguage\":\"sk-SK\"},{\"@type\":\"Organization\",\"@id\":\"https:\/\/klimavex.eu\/sk\/#organization\",\"name\":\"KLIMAVEX GROUP\",\"alternateName\":\"KLIMAVEX a.s.\",\"url\":\"https:\/\/klimavex.eu\/sk\/\",\"logo\":{\"@type\":\"ImageObject\",\"inLanguage\":\"sk-SK\",\"@id\":\"https:\/\/klimavex.eu\/sk\/#\/schema\/logo\/image\/\",\"url\":\"https:\/\/klimavex.eu\/sk\/wp-content\/uploads\/2024\/04\/Klimavex-Group-logo.png\",\"contentUrl\":\"https:\/\/klimavex.eu\/sk\/wp-content\/uploads\/2024\/04\/Klimavex-Group-logo.png\",\"width\":1681,\"height\":472,\"caption\":\"KLIMAVEX GROUP\"},\"image\":{\"@id\":\"https:\/\/klimavex.eu\/sk\/#\/schema\/logo\/image\/\"},\"sameAs\":[\"https:\/\/www.facebook.com\/klimavex\",\"https:\/\/www.instagram.com\/klimavex_sk\/\"]}]}<\/script>\n<!-- \/ Yoast SEO plugin. -->","yoast_head_json":{"title":"\u010cisti\u010d vzduchu Vortice Vortronic 35 RF - KLIMAVEX GROUP - Slovensko","robots":{"index":"index","follow":"follow","max-snippet":"max-snippet:-1","max-image-preview":"max-image-preview:large","max-video-preview":"max-video-preview:-1"},"canonical":"https:\/\/klimavex.eu\/sk\/katalog\/cistic-vzduchu-vortice-vortronic-35-rf\/","og_locale":"sk_SK","og_type":"article","og_title":"\u010cisti\u010d vzduchu Vortice Vortronic 35 RF - KLIMAVEX GROUP - Slovensko","og_description":"\u010cisti\u010d vzduchu Vortice Vortronic RF vhodn&yacute; do miestnost&iacute; s&nbsp;objemom do 35 m3 \u010dist&iacute; vzduch od tabakov&eacute;ho dymu, prachu a&nbsp;ne\u010dist&ocirc;t. S&nbsp;dvojstup\u0148ov&yacute;m elektrostatick&yacute;m filtrom.","og_url":"https:\/\/klimavex.eu\/sk\/katalog\/cistic-vzduchu-vortice-vortronic-35-rf\/","og_site_name":"KLIMAVEX GROUP - Slovensko","article_publisher":"https:\/\/www.facebook.com\/klimavex","article_modified_time":"2026-03-31T16:41:25+00:00","og_image":[{"width":572,"height":512,"url":"https:\/\/klimavex.eu\/sk\/wp-content\/uploads\/2025\/09\/lsEhAsSGO5mulcEs9VGewZmCtyunmeFV6p_a3me_sNA.png","type":"image\/png"}],"twitter_card":"summary_large_image","schema":{"@context":"https:\/\/schema.org","@graph":[{"@type":"WebPage","@id":"https:\/\/klimavex.eu\/sk\/katalog\/cistic-vzduchu-vortice-vortronic-35-rf\/","url":"https:\/\/klimavex.eu\/sk\/katalog\/cistic-vzduchu-vortice-vortronic-35-rf\/","name":"\u010cisti\u010d vzduchu Vortice Vortronic 35 RF - KLIMAVEX GROUP - Slovensko","isPartOf":{"@id":"https:\/\/klimavex.eu\/sk\/#website"},"primaryImageOfPage":{"@id":"https:\/\/klimavex.eu\/sk\/katalog\/cistic-vzduchu-vortice-vortronic-35-rf\/#primaryimage"},"image":{"@id":"https:\/\/klimavex.eu\/sk\/katalog\/cistic-vzduchu-vortice-vortronic-35-rf\/#primaryimage"},"thumbnailUrl":"https:\/\/klimavex.eu\/sk\/wp-content\/uploads\/2025\/09\/lsEhAsSGO5mulcEs9VGewZmCtyunmeFV6p_a3me_sNA.png","datePublished":"2026-03-31T16:40:31+00:00","dateModified":"2026-03-31T16:41:25+00:00","breadcrumb":{"@id":"https:\/\/klimavex.eu\/sk\/katalog\/cistic-vzduchu-vortice-vortronic-35-rf\/#breadcrumb"},"inLanguage":"sk-SK","potentialAction":[{"@type":"ReadAction","target":["https:\/\/klimavex.eu\/sk\/katalog\/cistic-vzduchu-vortice-vortronic-35-rf\/"]}]},{"@type":"ImageObject","inLanguage":"sk-SK","@id":"https:\/\/klimavex.eu\/sk\/katalog\/cistic-vzduchu-vortice-vortronic-35-rf\/#primaryimage","url":"https:\/\/klimavex.eu\/sk\/wp-content\/uploads\/2025\/09\/lsEhAsSGO5mulcEs9VGewZmCtyunmeFV6p_a3me_sNA.png","contentUrl":"https:\/\/klimavex.eu\/sk\/wp-content\/uploads\/2025\/09\/lsEhAsSGO5mulcEs9VGewZmCtyunmeFV6p_a3me_sNA.png","width":572,"height":512},{"@type":"BreadcrumbList","@id":"https:\/\/klimavex.eu\/sk\/katalog\/cistic-vzduchu-vortice-vortronic-35-rf\/#breadcrumb","itemListElement":[{"@type":"ListItem","position":1,"name":"Domovsk\u00e1 str\u00e1nka","item":"https:\/\/klimavex.eu\/sk\/"},{"@type":"ListItem","position":2,"name":"Eshop","item":"https:\/\/klimavex.eu\/sk\/eshop\/"},{"@type":"ListItem","position":3,"name":"\u010cisti\u010d vzduchu Vortice Vortronic 35 RF"}]},{"@type":"WebSite","@id":"https:\/\/klimavex.eu\/sk\/#website","url":"https:\/\/klimavex.eu\/sk\/","name":"KLIMAVEX GROUP - Slovensko","description":"","publisher":{"@id":"https:\/\/klimavex.eu\/sk\/#organization"},"alternateName":"KLIMAVEX a.s.","potentialAction":[{"@type":"SearchAction","target":{"@type":"EntryPoint","urlTemplate":"https:\/\/klimavex.eu\/sk\/?s={search_term_string}"},"query-input":{"@type":"PropertyValueSpecification","valueRequired":true,"valueName":"search_term_string"}}],"inLanguage":"sk-SK"},{"@type":"Organization","@id":"https:\/\/klimavex.eu\/sk\/#organization","name":"KLIMAVEX GROUP","alternateName":"KLIMAVEX a.s.","url":"https:\/\/klimavex.eu\/sk\/","logo":{"@type":"ImageObject","inLanguage":"sk-SK","@id":"https:\/\/klimavex.eu\/sk\/#\/schema\/logo\/image\/","url":"https:\/\/klimavex.eu\/sk\/wp-content\/uploads\/2024\/04\/Klimavex-Group-logo.png","contentUrl":"https:\/\/klimavex.eu\/sk\/wp-content\/uploads\/2024\/04\/Klimavex-Group-logo.png","width":1681,"height":472,"caption":"KLIMAVEX GROUP"},"image":{"@id":"https:\/\/klimavex.eu\/sk\/#\/schema\/logo\/image\/"},"sameAs":["https:\/\/www.facebook.com\/klimavex","https:\/\/www.instagram.com\/klimavex_sk\/"]}]}},"_links":{"self":[{"href":"https:\/\/klimavex.eu\/sk\/wp-json\/wp\/v2\/product\/477112","targetHints":{"allow":["GET"]}}],"collection":[{"href":"https:\/\/klimavex.eu\/sk\/wp-json\/wp\/v2\/product"}],"about":[{"href":"https:\/\/klimavex.eu\/sk\/wp-json\/wp\/v2\/types\/product"}],"version-history":[{"count":0,"href":"https:\/\/klimavex.eu\/sk\/wp-json\/wp\/v2\/product\/477112\/revisions"}],"wp:featuredmedia":[{"embeddable":true,"href":"https:\/\/klimavex.eu\/sk\/wp-json\/wp\/v2\/media\/483442"}],"wp:attachment":[{"href":"https:\/\/klimavex.eu\/sk\/wp-json\/wp\/v2\/media?parent=477112"}],"wp:term":[{"taxonomy":"product_cat","embeddable":true,"href":"https:\/\/klimavex.eu\/sk\/wp-json\/wp\/v2\/product_cat?post=477112"},{"taxonomy":"product_tag","embeddable":true,"href":"https:\/\/klimavex.eu\/sk\/wp-json\/wp\/v2\/product_tag?post=477112"}],"curies":[{"name":"wp","href":"https:\/\/api.w.org\/{rel}","templated":true}]}}