{"id":477158,"date":"2026-03-31T18:41:37","date_gmt":"2026-03-31T16:41:37","guid":{"rendered":"https:\/\/klimavex.eu\/sk\/katalog\/ventilator-vortice-ca-150-q-md-e-rf\/"},"modified":"2026-03-31T18:42:28","modified_gmt":"2026-03-31T16:42:28","slug":"ventilator-vortice-ca-150-q-md-e-rf","status":"publish","type":"product","link":"https:\/\/klimavex.eu\/sk\/katalog\/ventilator-vortice-ca-150-q-md-e-rf\/","title":{"rendered":"Ventil\u00e1tor Vortice CA 150 Q MD E RF"},"content":{"rendered":"<p style=\"text-align:justify\"><span style=\"font-size:11pt\"><span style=\"background-color:white\"><span style=\"font-family:Calibri,sans-serif\"><strong><span style=\"color:black\">K\u013e&uacute;\u010dov&eacute; vlastnosti<\/span><\/strong><\/span><\/span><\/span><\/p>\n<ul>\n<li style=\"text-align:justify\"><span style=\"font-size:11pt\"><span style=\"background-color:white\"><span style=\"font-family:Calibri,sans-serif\"><span style=\"color:black\">Ur\u010den&eacute; na mont&aacute;\u017e na strechu<\/span><\/span><\/span><\/span><\/li>\n<li style=\"text-align:justify\"><span style=\"font-size:11pt\"><span style=\"background-color:white\"><span style=\"font-family:Calibri,sans-serif\"><span style=\"color:black\">Kvalitn&eacute; spracovanie<\/span><\/span><\/span><\/span><\/li>\n<li style=\"text-align:justify\"><span style=\"font-size:11pt\"><span style=\"background-color:white\"><span style=\"font-family:Calibri,sans-serif\"><span style=\"color:black\">Kovov&eacute; opl&aacute;&scaron;tenie<\/span><\/span><\/span><\/span><\/li>\n<li style=\"text-align:justify\"><span style=\"font-size:11pt\"><span style=\"background-color:white\"><span style=\"font-family:Calibri,sans-serif\"><span style=\"color:black\">Gu\u013e&ocirc;\u010dkov&eacute; lo\u017eisk&aacute;<\/span><\/span><\/span><\/span><\/li>\n<li style=\"text-align:justify\"><span style=\"font-size:11pt\"><span style=\"background-color:white\"><span style=\"font-family:Calibri,sans-serif\"><span style=\"color:black\">Oce\u013eov&eacute; puzdro z morenej a fosf&aacute;tovanej ocele s polyesterovou pr&aacute;&scaron;kovou povrchovou &uacute;pravou, odoln&eacute; proti agres&iacute;vnemu p&ocirc;sobeniu atmosf&eacute;rick&yacute;ch vplyvov<\/span><\/span><\/span><\/span><\/li>\n<li style=\"text-align:justify\"><span style=\"font-size:11pt\"><span style=\"background-color:white\"><span style=\"font-family:Calibri,sans-serif\"><span style=\"color:black\">Regul&aacute;cia ventil&aacute;tora prostredn&iacute;ctvom volite\u013en&eacute;ho ovl&aacute;dania TRIO-CA<\/span><\/span><\/span><\/span><\/li>\n<li style=\"text-align:justify\"><span style=\"font-size:11pt\"><span style=\"background-color:white\"><span style=\"font-family:Calibri,sans-serif\"><span style=\"color:black\">3-r&yacute;chlostn&yacute; ventil&aacute;tor cez volite\u013en&eacute; ovl&aacute;danie TRIO-CA (k&oacute;d. 12869), pozost&aacute;vaj&uacute;ci z:<\/span><\/span><\/span><\/span>\n<ul style=\"list-style-type:circle\">\n<li style=\"text-align:justify\"><span style=\"font-size:11pt\"><span style=\"background-color:white\"><span style=\"font-family:Calibri,sans-serif\"><span style=\"color:black\">AC motora s tepelnou ochranou proti pre\u0165a\u017eeniu a ot&aacute;\u010daniu hriade\u013ea v <\/span><span style=\"color:black\">gu\u013e&ocirc;\u010dkov&yacute;ch <\/span><span style=\"color:black\">lo\u017eisk&aacute;ch,<\/span><\/span><\/span><\/span><\/li>\n<li style=\"text-align:justify\"><span style=\"font-size:11pt\"><span style=\"background-color:white\"><span style=\"font-family:Calibri,sans-serif\"><span style=\"color:black\">dozadu zahnut&eacute;ho obe\u017en&eacute;ho kolesa<\/span><\/span><\/span><\/span><\/li>\n<\/ul>\n<\/li>\n<li style=\"text-align:justify\"><span style=\"font-size:11pt\"><span style=\"background-color:white\"><span style=\"font-family:Calibri,sans-serif\"><span style=\"color:black\">Prev&aacute;dzka ovl&aacute;date\u013en&aacute; pomocou dia\u013ekov&eacute;ho sledovania \u010didiel: teploty, relat&iacute;vnej vlhkosti, dymu a pohybu<\/span><\/span><\/span><\/span><\/li>\n<\/ul>\n","protected":false},"excerpt":{"rendered":"<p style=\"text-align:justify\"><span style=\"font-size:11pt\"><span style=\"background-color:white\"><span style=\"font-family:Calibri,sans-serif\"><span style=\"color:black\">Radi&aacute;lny potrubn&yacute; ventil&aacute;tor s kovov&yacute;m opl&aacute;&scaron;ten&iacute;m <strong>Vortice CA 150 Q MD E RF <\/strong>&scaron;peci&aacute;lne kon&scaron;truovan&yacute; pre in&scaron;tal&aacute;ciu na strechu a pripojenie vzduchotechnick&eacute;ho potrubia s priemerom <\/span><strong><span style=\"background-color:white\"><span style=\"color:black\">&oslash;<\/span><\/span><\/strong><span style=\"color:black\"> <strong>150mm<\/strong>. Ventil&aacute;tor je ur\u010den&yacute; na napojenie na kruhov&eacute; potrubie a ods&aacute;vanie komer\u010dn&yacute;ch i reziden\u010dn&yacute;ch objektov. Trojr&yacute;chlostn&aacute; regul&aacute;cia ventil&aacute;tora pomocou regul&aacute;tora <strong>TRIO-CA<\/strong>.<\/span><\/span><\/span><\/span><\/p>\n","protected":false},"featured_media":483667,"template":"","meta":[],"product_cat":[1461,1453,1460,1579,1297],"product_tag":[],"class_list":{"0":"post-477158","1":"product","2":"type-product","3":"status-publish","4":"has-post-thumbnail","6":"product_cat-ca","7":"product_cat-nastresne-ventilatory","8":"product_cat-potrubne-ventilatory","9":"product_cat-ca-md-e-rf","10":"product_cat-ventilatory","11":"pa_dostupny-tlak-pa-707-3079","12":"pa_gulockove-loziska-ll-ano","13":"pa_hlucnost-lp-3m-238-375","14":"pa_krytie-ip44","15":"pa_prevedenie-potrubny-nastresny","16":"pa_priemer-napojenia-mm-3900","17":"pa_typ-ca-md-e-rf","18":"pa_vzduchovy-vykon-qv-m3-122-312","19":"pa_znacka-vortice","21":"first","22":"instock","23":"taxable","24":"shipping-taxable","25":"purchasable","26":"product-type-simple"},"yoast_head":"<!-- This site is optimized with the Yoast SEO plugin v23.9 - https:\/\/yoast.com\/wordpress\/plugins\/seo\/ -->\n<title>Ventil\u00e1tor Vortice CA 150 Q MD E RF - KLIMAVEX GROUP - Slovensko<\/title>\n<meta name=\"robots\" content=\"index, follow, max-snippet:-1, max-image-preview:large, max-video-preview:-1\" \/>\n<link rel=\"canonical\" href=\"https:\/\/klimavex.eu\/sk\/katalog\/ventilator-vortice-ca-150-q-md-e-rf\/\" \/>\n<meta property=\"og:locale\" content=\"sk_SK\" \/>\n<meta property=\"og:type\" content=\"article\" \/>\n<meta property=\"og:title\" content=\"Ventil\u00e1tor Vortice CA 150 Q MD E RF - KLIMAVEX GROUP - Slovensko\" \/>\n<meta property=\"og:description\" content=\"Radi&aacute;lny potrubn&yacute; ventil&aacute;tor s kovov&yacute;m opl&aacute;&scaron;ten&iacute;m Vortice CA 150 Q MD E RF &scaron;peci&aacute;lne kon&scaron;truovan&yacute; pre in&scaron;tal&aacute;ciu na strechu a pripojenie vzduchotechnick&eacute;ho potrubia s priemerom &oslash; 150mm. Ventil&aacute;tor je ur\u010den&yacute; na napojenie na kruhov&eacute; potrubie a ods&aacute;vanie komer\u010dn&yacute;ch i reziden\u010dn&yacute;ch objektov. Trojr&yacute;chlostn&aacute; regul&aacute;cia ventil&aacute;tora pomocou regul&aacute;tora TRIO-CA.\" \/>\n<meta property=\"og:url\" content=\"https:\/\/klimavex.eu\/sk\/katalog\/ventilator-vortice-ca-150-q-md-e-rf\/\" \/>\n<meta property=\"og:site_name\" content=\"KLIMAVEX GROUP - Slovensko\" \/>\n<meta property=\"article:publisher\" content=\"https:\/\/www.facebook.com\/klimavex\" \/>\n<meta property=\"article:modified_time\" content=\"2026-03-31T16:42:28+00:00\" \/>\n<meta property=\"og:image\" content=\"https:\/\/klimavex.eu\/sk\/wp-content\/uploads\/2025\/09\/pSSbuaD8v8u4FSaSb0ccsEvVT0fhXlr01pcKMRioFtM-1.png\" \/>\n\t<meta property=\"og:image:width\" content=\"572\" \/>\n\t<meta property=\"og:image:height\" content=\"512\" \/>\n\t<meta property=\"og:image:type\" content=\"image\/png\" \/>\n<meta name=\"twitter:card\" content=\"summary_large_image\" \/>\n<meta name=\"twitter:label1\" content=\"Predpokladan\u00fd \u010das \u010d\u00edtania\" \/>\n\t<meta name=\"twitter:data1\" content=\"1 min\u00fata\" \/>\n<script type=\"application\/ld+json\" class=\"yoast-schema-graph\">{\"@context\":\"https:\/\/schema.org\",\"@graph\":[{\"@type\":\"WebPage\",\"@id\":\"https:\/\/klimavex.eu\/sk\/katalog\/ventilator-vortice-ca-150-q-md-e-rf\/\",\"url\":\"https:\/\/klimavex.eu\/sk\/katalog\/ventilator-vortice-ca-150-q-md-e-rf\/\",\"name\":\"Ventil\u00e1tor Vortice CA 150 Q MD E RF - KLIMAVEX GROUP - Slovensko\",\"isPartOf\":{\"@id\":\"https:\/\/klimavex.eu\/sk\/#website\"},\"primaryImageOfPage\":{\"@id\":\"https:\/\/klimavex.eu\/sk\/katalog\/ventilator-vortice-ca-150-q-md-e-rf\/#primaryimage\"},\"image\":{\"@id\":\"https:\/\/klimavex.eu\/sk\/katalog\/ventilator-vortice-ca-150-q-md-e-rf\/#primaryimage\"},\"thumbnailUrl\":\"https:\/\/klimavex.eu\/sk\/wp-content\/uploads\/2025\/09\/pSSbuaD8v8u4FSaSb0ccsEvVT0fhXlr01pcKMRioFtM-1.png\",\"datePublished\":\"2026-03-31T16:41:37+00:00\",\"dateModified\":\"2026-03-31T16:42:28+00:00\",\"breadcrumb\":{\"@id\":\"https:\/\/klimavex.eu\/sk\/katalog\/ventilator-vortice-ca-150-q-md-e-rf\/#breadcrumb\"},\"inLanguage\":\"sk-SK\",\"potentialAction\":[{\"@type\":\"ReadAction\",\"target\":[\"https:\/\/klimavex.eu\/sk\/katalog\/ventilator-vortice-ca-150-q-md-e-rf\/\"]}]},{\"@type\":\"ImageObject\",\"inLanguage\":\"sk-SK\",\"@id\":\"https:\/\/klimavex.eu\/sk\/katalog\/ventilator-vortice-ca-150-q-md-e-rf\/#primaryimage\",\"url\":\"https:\/\/klimavex.eu\/sk\/wp-content\/uploads\/2025\/09\/pSSbuaD8v8u4FSaSb0ccsEvVT0fhXlr01pcKMRioFtM-1.png\",\"contentUrl\":\"https:\/\/klimavex.eu\/sk\/wp-content\/uploads\/2025\/09\/pSSbuaD8v8u4FSaSb0ccsEvVT0fhXlr01pcKMRioFtM-1.png\",\"width\":572,\"height\":512},{\"@type\":\"BreadcrumbList\",\"@id\":\"https:\/\/klimavex.eu\/sk\/katalog\/ventilator-vortice-ca-150-q-md-e-rf\/#breadcrumb\",\"itemListElement\":[{\"@type\":\"ListItem\",\"position\":1,\"name\":\"Domovsk\u00e1 str\u00e1nka\",\"item\":\"https:\/\/klimavex.eu\/sk\/\"},{\"@type\":\"ListItem\",\"position\":2,\"name\":\"Eshop\",\"item\":\"https:\/\/klimavex.eu\/sk\/eshop\/\"},{\"@type\":\"ListItem\",\"position\":3,\"name\":\"Ventil\u00e1tor Vortice CA 150 Q MD E RF\"}]},{\"@type\":\"WebSite\",\"@id\":\"https:\/\/klimavex.eu\/sk\/#website\",\"url\":\"https:\/\/klimavex.eu\/sk\/\",\"name\":\"KLIMAVEX GROUP - Slovensko\",\"description\":\"\",\"publisher\":{\"@id\":\"https:\/\/klimavex.eu\/sk\/#organization\"},\"alternateName\":\"KLIMAVEX a.s.\",\"potentialAction\":[{\"@type\":\"SearchAction\",\"target\":{\"@type\":\"EntryPoint\",\"urlTemplate\":\"https:\/\/klimavex.eu\/sk\/?s={search_term_string}\"},\"query-input\":{\"@type\":\"PropertyValueSpecification\",\"valueRequired\":true,\"valueName\":\"search_term_string\"}}],\"inLanguage\":\"sk-SK\"},{\"@type\":\"Organization\",\"@id\":\"https:\/\/klimavex.eu\/sk\/#organization\",\"name\":\"KLIMAVEX GROUP\",\"alternateName\":\"KLIMAVEX a.s.\",\"url\":\"https:\/\/klimavex.eu\/sk\/\",\"logo\":{\"@type\":\"ImageObject\",\"inLanguage\":\"sk-SK\",\"@id\":\"https:\/\/klimavex.eu\/sk\/#\/schema\/logo\/image\/\",\"url\":\"https:\/\/klimavex.eu\/sk\/wp-content\/uploads\/2024\/04\/Klimavex-Group-logo.png\",\"contentUrl\":\"https:\/\/klimavex.eu\/sk\/wp-content\/uploads\/2024\/04\/Klimavex-Group-logo.png\",\"width\":1681,\"height\":472,\"caption\":\"KLIMAVEX GROUP\"},\"image\":{\"@id\":\"https:\/\/klimavex.eu\/sk\/#\/schema\/logo\/image\/\"},\"sameAs\":[\"https:\/\/www.facebook.com\/klimavex\",\"https:\/\/www.instagram.com\/klimavex_sk\/\"]}]}<\/script>\n<!-- \/ Yoast SEO plugin. -->","yoast_head_json":{"title":"Ventil\u00e1tor Vortice CA 150 Q MD E RF - KLIMAVEX GROUP - Slovensko","robots":{"index":"index","follow":"follow","max-snippet":"max-snippet:-1","max-image-preview":"max-image-preview:large","max-video-preview":"max-video-preview:-1"},"canonical":"https:\/\/klimavex.eu\/sk\/katalog\/ventilator-vortice-ca-150-q-md-e-rf\/","og_locale":"sk_SK","og_type":"article","og_title":"Ventil\u00e1tor Vortice CA 150 Q MD E RF - KLIMAVEX GROUP - Slovensko","og_description":"Radi&aacute;lny potrubn&yacute; ventil&aacute;tor s kovov&yacute;m opl&aacute;&scaron;ten&iacute;m Vortice CA 150 Q MD E RF &scaron;peci&aacute;lne kon&scaron;truovan&yacute; pre in&scaron;tal&aacute;ciu na strechu a pripojenie vzduchotechnick&eacute;ho potrubia s priemerom &oslash; 150mm. Ventil&aacute;tor je ur\u010den&yacute; na napojenie na kruhov&eacute; potrubie a ods&aacute;vanie komer\u010dn&yacute;ch i reziden\u010dn&yacute;ch objektov. Trojr&yacute;chlostn&aacute; regul&aacute;cia ventil&aacute;tora pomocou regul&aacute;tora TRIO-CA.","og_url":"https:\/\/klimavex.eu\/sk\/katalog\/ventilator-vortice-ca-150-q-md-e-rf\/","og_site_name":"KLIMAVEX GROUP - Slovensko","article_publisher":"https:\/\/www.facebook.com\/klimavex","article_modified_time":"2026-03-31T16:42:28+00:00","og_image":[{"width":572,"height":512,"url":"https:\/\/klimavex.eu\/sk\/wp-content\/uploads\/2025\/09\/pSSbuaD8v8u4FSaSb0ccsEvVT0fhXlr01pcKMRioFtM-1.png","type":"image\/png"}],"twitter_card":"summary_large_image","twitter_misc":{"Predpokladan\u00fd \u010das \u010d\u00edtania":"1 min\u00fata"},"schema":{"@context":"https:\/\/schema.org","@graph":[{"@type":"WebPage","@id":"https:\/\/klimavex.eu\/sk\/katalog\/ventilator-vortice-ca-150-q-md-e-rf\/","url":"https:\/\/klimavex.eu\/sk\/katalog\/ventilator-vortice-ca-150-q-md-e-rf\/","name":"Ventil\u00e1tor Vortice CA 150 Q MD E RF - KLIMAVEX GROUP - Slovensko","isPartOf":{"@id":"https:\/\/klimavex.eu\/sk\/#website"},"primaryImageOfPage":{"@id":"https:\/\/klimavex.eu\/sk\/katalog\/ventilator-vortice-ca-150-q-md-e-rf\/#primaryimage"},"image":{"@id":"https:\/\/klimavex.eu\/sk\/katalog\/ventilator-vortice-ca-150-q-md-e-rf\/#primaryimage"},"thumbnailUrl":"https:\/\/klimavex.eu\/sk\/wp-content\/uploads\/2025\/09\/pSSbuaD8v8u4FSaSb0ccsEvVT0fhXlr01pcKMRioFtM-1.png","datePublished":"2026-03-31T16:41:37+00:00","dateModified":"2026-03-31T16:42:28+00:00","breadcrumb":{"@id":"https:\/\/klimavex.eu\/sk\/katalog\/ventilator-vortice-ca-150-q-md-e-rf\/#breadcrumb"},"inLanguage":"sk-SK","potentialAction":[{"@type":"ReadAction","target":["https:\/\/klimavex.eu\/sk\/katalog\/ventilator-vortice-ca-150-q-md-e-rf\/"]}]},{"@type":"ImageObject","inLanguage":"sk-SK","@id":"https:\/\/klimavex.eu\/sk\/katalog\/ventilator-vortice-ca-150-q-md-e-rf\/#primaryimage","url":"https:\/\/klimavex.eu\/sk\/wp-content\/uploads\/2025\/09\/pSSbuaD8v8u4FSaSb0ccsEvVT0fhXlr01pcKMRioFtM-1.png","contentUrl":"https:\/\/klimavex.eu\/sk\/wp-content\/uploads\/2025\/09\/pSSbuaD8v8u4FSaSb0ccsEvVT0fhXlr01pcKMRioFtM-1.png","width":572,"height":512},{"@type":"BreadcrumbList","@id":"https:\/\/klimavex.eu\/sk\/katalog\/ventilator-vortice-ca-150-q-md-e-rf\/#breadcrumb","itemListElement":[{"@type":"ListItem","position":1,"name":"Domovsk\u00e1 str\u00e1nka","item":"https:\/\/klimavex.eu\/sk\/"},{"@type":"ListItem","position":2,"name":"Eshop","item":"https:\/\/klimavex.eu\/sk\/eshop\/"},{"@type":"ListItem","position":3,"name":"Ventil\u00e1tor Vortice CA 150 Q MD E RF"}]},{"@type":"WebSite","@id":"https:\/\/klimavex.eu\/sk\/#website","url":"https:\/\/klimavex.eu\/sk\/","name":"KLIMAVEX GROUP - Slovensko","description":"","publisher":{"@id":"https:\/\/klimavex.eu\/sk\/#organization"},"alternateName":"KLIMAVEX a.s.","potentialAction":[{"@type":"SearchAction","target":{"@type":"EntryPoint","urlTemplate":"https:\/\/klimavex.eu\/sk\/?s={search_term_string}"},"query-input":{"@type":"PropertyValueSpecification","valueRequired":true,"valueName":"search_term_string"}}],"inLanguage":"sk-SK"},{"@type":"Organization","@id":"https:\/\/klimavex.eu\/sk\/#organization","name":"KLIMAVEX GROUP","alternateName":"KLIMAVEX a.s.","url":"https:\/\/klimavex.eu\/sk\/","logo":{"@type":"ImageObject","inLanguage":"sk-SK","@id":"https:\/\/klimavex.eu\/sk\/#\/schema\/logo\/image\/","url":"https:\/\/klimavex.eu\/sk\/wp-content\/uploads\/2024\/04\/Klimavex-Group-logo.png","contentUrl":"https:\/\/klimavex.eu\/sk\/wp-content\/uploads\/2024\/04\/Klimavex-Group-logo.png","width":1681,"height":472,"caption":"KLIMAVEX GROUP"},"image":{"@id":"https:\/\/klimavex.eu\/sk\/#\/schema\/logo\/image\/"},"sameAs":["https:\/\/www.facebook.com\/klimavex","https:\/\/www.instagram.com\/klimavex_sk\/"]}]}},"_links":{"self":[{"href":"https:\/\/klimavex.eu\/sk\/wp-json\/wp\/v2\/product\/477158","targetHints":{"allow":["GET"]}}],"collection":[{"href":"https:\/\/klimavex.eu\/sk\/wp-json\/wp\/v2\/product"}],"about":[{"href":"https:\/\/klimavex.eu\/sk\/wp-json\/wp\/v2\/types\/product"}],"version-history":[{"count":0,"href":"https:\/\/klimavex.eu\/sk\/wp-json\/wp\/v2\/product\/477158\/revisions"}],"wp:featuredmedia":[{"embeddable":true,"href":"https:\/\/klimavex.eu\/sk\/wp-json\/wp\/v2\/media\/483667"}],"wp:attachment":[{"href":"https:\/\/klimavex.eu\/sk\/wp-json\/wp\/v2\/media?parent=477158"}],"wp:term":[{"taxonomy":"product_cat","embeddable":true,"href":"https:\/\/klimavex.eu\/sk\/wp-json\/wp\/v2\/product_cat?post=477158"},{"taxonomy":"product_tag","embeddable":true,"href":"https:\/\/klimavex.eu\/sk\/wp-json\/wp\/v2\/product_tag?post=477158"}],"curies":[{"name":"wp","href":"https:\/\/api.w.org\/{rel}","templated":true}]}}