{"id":477195,"date":"2026-03-31T18:42:45","date_gmt":"2026-03-31T16:42:45","guid":{"rendered":"https:\/\/klimavex.eu\/sk\/katalog\/ventilator-vortice-lineo-100\/"},"modified":"2026-03-31T18:43:17","modified_gmt":"2026-03-31T16:43:17","slug":"ventilator-vortice-lineo-100","status":"publish","type":"product","link":"https:\/\/klimavex.eu\/sk\/katalog\/ventilator-vortice-lineo-100\/","title":{"rendered":"Ventil\u00e1tor Vortice LINEO 100"},"content":{"rendered":"<p style=\"text-align:justify\"><span style=\"font-size:11pt\"><span style=\"font-family:Calibri,sans-serif\"><strong>Detailn&yacute; popis<\/strong><\/span><\/span><\/p>\n<ul>\n<li style=\"text-align:justify\"><span style=\"font-size:11pt\"><span style=\"font-family:Calibri,sans-serif\">Vysoko &uacute;\u010dinn&yacute; motor, prepracovan&yacute; profil vrtule a vylep&scaron;en&yacute; usmer\u0148ova\u010d prietoku pracuj&uacute; v dokonalej harm&oacute;nii.<\/span><\/span><\/li>\n<li style=\"text-align:justify\"><span style=\"font-size:11pt\"><span style=\"font-family:Calibri,sans-serif\">Potrubn&yacute; ventil&aacute;tor Vortice LINEO m&aacute; opl&aacute;&scaron;tenie vyroben&eacute; z odolnej plastovej \u017eivice.<\/span><\/span><\/li>\n<li style=\"text-align:justify\"><span style=\"font-size:11pt\"><span style=\"font-family:Calibri,sans-serif\">Rad LINEO je vybaven&yacute; <strong>AC motormi s 2-stup\u0148ovou <\/strong>regul&aacute;ciou ot&aacute;\u010dok.<\/span><\/span><\/li>\n<li style=\"text-align:justify\"><span style=\"font-size:11pt\"><span style=\"font-family:Calibri,sans-serif\">Dve r&yacute;chlosti ventil&aacute;tora je mo\u017en&eacute; nastavi\u0165 prostredn&iacute;ctvom dia\u013ekov&eacute;ho prep&iacute;na\u010da s 2 polohami.<\/span><\/span><\/li>\n<\/ul>\n<p style=\"text-align:justify\"><span style=\"font-size:11pt\"><span style=\"font-family:Calibri,sans-serif\"><strong>K\u013e&uacute;\u010dov&eacute; vlastnosti<\/strong><\/span><\/span><\/p>\n<ul>\n<li style=\"text-align:justify\"><span style=\"font-size:11pt\"><span style=\"font-family:Calibri,sans-serif\">Gu\u013e&ocirc;\u010dkov&eacute; lo\u017eisk&aacute; so \u017eivotnos\u0165ou 30 000 hod&iacute;n.<\/span><\/span><\/li>\n<li style=\"text-align:justify\"><span style=\"font-size:11pt\"><span style=\"font-family:Calibri,sans-serif\">Opl&aacute;&scaron;tenie vyroben&eacute; <strong>z oh\u0148ovzdornej plastovej \u017eivice triedy E2 normy ISO EN 11925-2:2010.<\/strong><\/span><\/span><\/li>\n<li style=\"text-align:justify\"><span style=\"font-size:11pt\"><span style=\"font-family:Calibri,sans-serif\">Prepracovan&yacute; profil vrtule pre lep&scaron;&iacute; v&yacute;kon.<\/span><\/span><\/li>\n<li style=\"text-align:justify\"><span style=\"font-size:11pt\"><span style=\"font-family:Calibri,sans-serif\">Vylep&scaron;en&yacute; usmer\u0148ova\u010d prietoku.<\/span><\/span><\/li>\n<li style=\"text-align:justify\"><span style=\"font-size:11pt\"><span style=\"font-family:Calibri,sans-serif\">Krytie IP44.<\/span><\/span><\/li>\n<\/ul>\n","protected":false},"excerpt":{"rendered":"<p style=\"text-align:justify\"><span style=\"font-size:11pt\"><span style=\"font-family:Calibri,sans-serif\">Dvojot&aacute;\u010dkov&yacute; potrubn&yacute; ventil&aacute;tor radu Lineo je vybaven&yacute; <strong>AC<\/strong> <strong>motorom <\/strong>s <strong>2 stup\u0148ovou<\/strong> <strong>regul&aacute;ciou ot&aacute;\u010dok <\/strong>a <strong><span style=\"color:black\">gu\u013e&ocirc;\u010dkov&yacute;mi <\/span><\/strong><strong>lo\u017eiskami<\/strong>. Ur\u010den&yacute; na pripojenie potrubia <strong>&oslash; 100mm<\/strong>. V\u010faka svojim vlastnostiam a kon&scaron;trukcii je vhodn&yacute; pre dlh&scaron;ie vzduchotechnick&eacute; potrubie. <strong>Krytie IP44 <\/strong>zais\u0165uje ochranu proti prachu a striekaj&uacute;cej vode zo v&scaron;etk&yacute;ch str&aacute;n. Obe\u017en&eacute; koleso ventil&aacute;tora je vyv&aacute;\u017een&eacute; priamo na motore.<\/span><\/span><\/p>\n","protected":false},"featured_media":483798,"template":"","meta":[],"product_cat":[1487,1488,1460,1297],"product_tag":[],"class_list":{"0":"post-477195","1":"product","2":"type-product","3":"status-publish","4":"has-post-thumbnail","6":"product_cat-lineo","7":"product_cat-lineo-lineo","8":"product_cat-potrubne-ventilatory","9":"product_cat-ventilatory","10":"pa_dostupny-tlak-pa-1275-1619","11":"pa_gulockove-loziska-ll-ano","12":"pa_hlucnost-lp-3m-307-394","13":"pa_krytie-ip44","14":"pa_prevedenie-potrubny-plastovy","15":"pa_priemer-napojenia-mm-3846","16":"pa_typ-lineo","17":"pa_vzduchovy-vykon-qv-m3-180-255","18":"pa_znacka-vortice","20":"first","21":"instock","22":"taxable","23":"shipping-taxable","24":"purchasable","25":"product-type-simple"},"yoast_head":"<!-- This site is optimized with the Yoast SEO plugin v23.9 - https:\/\/yoast.com\/wordpress\/plugins\/seo\/ -->\n<title>Ventil\u00e1tor Vortice LINEO 100 - KLIMAVEX GROUP - Slovensko<\/title>\n<meta name=\"robots\" content=\"index, follow, max-snippet:-1, max-image-preview:large, max-video-preview:-1\" \/>\n<link rel=\"canonical\" href=\"https:\/\/klimavex.eu\/sk\/katalog\/ventilator-vortice-lineo-100\/\" \/>\n<meta property=\"og:locale\" content=\"sk_SK\" \/>\n<meta property=\"og:type\" content=\"article\" \/>\n<meta property=\"og:title\" content=\"Ventil\u00e1tor Vortice LINEO 100 - KLIMAVEX GROUP - Slovensko\" \/>\n<meta property=\"og:description\" content=\"Dvojot&aacute;\u010dkov&yacute; potrubn&yacute; ventil&aacute;tor radu Lineo je vybaven&yacute; AC motorom s 2 stup\u0148ovou regul&aacute;ciou ot&aacute;\u010dok a gu\u013e&ocirc;\u010dkov&yacute;mi lo\u017eiskami. Ur\u010den&yacute; na pripojenie potrubia &oslash; 100mm. V\u010faka svojim vlastnostiam a kon&scaron;trukcii je vhodn&yacute; pre dlh&scaron;ie vzduchotechnick&eacute; potrubie. Krytie IP44 zais\u0165uje ochranu proti prachu a striekaj&uacute;cej vode zo v&scaron;etk&yacute;ch str&aacute;n. Obe\u017en&eacute; koleso ventil&aacute;tora je vyv&aacute;\u017een&eacute; priamo na motore.\" \/>\n<meta property=\"og:url\" content=\"https:\/\/klimavex.eu\/sk\/katalog\/ventilator-vortice-lineo-100\/\" \/>\n<meta property=\"og:site_name\" content=\"KLIMAVEX GROUP - Slovensko\" \/>\n<meta property=\"article:publisher\" content=\"https:\/\/www.facebook.com\/klimavex\" \/>\n<meta property=\"article:modified_time\" content=\"2026-03-31T16:43:17+00:00\" \/>\n<meta property=\"og:image\" content=\"https:\/\/klimavex.eu\/sk\/wp-content\/uploads\/2024\/02\/LOGO-KLIMAVEX-modra-kostka-1.png\" \/>\n\t<meta property=\"og:image:width\" content=\"9184\" \/>\n\t<meta property=\"og:image:height\" content=\"9184\" \/>\n\t<meta property=\"og:image:type\" content=\"image\/png\" \/>\n<meta name=\"twitter:card\" content=\"summary_large_image\" \/>\n<meta name=\"twitter:label1\" content=\"Predpokladan\u00fd \u010das \u010d\u00edtania\" \/>\n\t<meta name=\"twitter:data1\" content=\"1 min\u00fata\" \/>\n<script type=\"application\/ld+json\" class=\"yoast-schema-graph\">{\"@context\":\"https:\/\/schema.org\",\"@graph\":[{\"@type\":\"WebPage\",\"@id\":\"https:\/\/klimavex.eu\/sk\/katalog\/ventilator-vortice-lineo-100\/\",\"url\":\"https:\/\/klimavex.eu\/sk\/katalog\/ventilator-vortice-lineo-100\/\",\"name\":\"Ventil\u00e1tor Vortice LINEO 100 - KLIMAVEX GROUP - Slovensko\",\"isPartOf\":{\"@id\":\"https:\/\/klimavex.eu\/sk\/#website\"},\"primaryImageOfPage\":{\"@id\":\"https:\/\/klimavex.eu\/sk\/katalog\/ventilator-vortice-lineo-100\/#primaryimage\"},\"image\":{\"@id\":\"https:\/\/klimavex.eu\/sk\/katalog\/ventilator-vortice-lineo-100\/#primaryimage\"},\"thumbnailUrl\":\"https:\/\/klimavex.eu\/sk\/wp-content\/uploads\/2025\/09\/gWy1jhLBWKMomvtEjNwgRYCaxdhs4Pfooi_PzqjkAtg-1.png\",\"datePublished\":\"2026-03-31T16:42:45+00:00\",\"dateModified\":\"2026-03-31T16:43:17+00:00\",\"breadcrumb\":{\"@id\":\"https:\/\/klimavex.eu\/sk\/katalog\/ventilator-vortice-lineo-100\/#breadcrumb\"},\"inLanguage\":\"sk-SK\",\"potentialAction\":[{\"@type\":\"ReadAction\",\"target\":[\"https:\/\/klimavex.eu\/sk\/katalog\/ventilator-vortice-lineo-100\/\"]}]},{\"@type\":\"ImageObject\",\"inLanguage\":\"sk-SK\",\"@id\":\"https:\/\/klimavex.eu\/sk\/katalog\/ventilator-vortice-lineo-100\/#primaryimage\",\"url\":\"https:\/\/klimavex.eu\/sk\/wp-content\/uploads\/2025\/09\/gWy1jhLBWKMomvtEjNwgRYCaxdhs4Pfooi_PzqjkAtg-1.png\",\"contentUrl\":\"https:\/\/klimavex.eu\/sk\/wp-content\/uploads\/2025\/09\/gWy1jhLBWKMomvtEjNwgRYCaxdhs4Pfooi_PzqjkAtg-1.png\",\"width\":422,\"height\":388},{\"@type\":\"BreadcrumbList\",\"@id\":\"https:\/\/klimavex.eu\/sk\/katalog\/ventilator-vortice-lineo-100\/#breadcrumb\",\"itemListElement\":[{\"@type\":\"ListItem\",\"position\":1,\"name\":\"Domovsk\u00e1 str\u00e1nka\",\"item\":\"https:\/\/klimavex.eu\/sk\/\"},{\"@type\":\"ListItem\",\"position\":2,\"name\":\"Eshop\",\"item\":\"https:\/\/klimavex.eu\/sk\/eshop\/\"},{\"@type\":\"ListItem\",\"position\":3,\"name\":\"Ventil\u00e1tor Vortice LINEO 100\"}]},{\"@type\":\"WebSite\",\"@id\":\"https:\/\/klimavex.eu\/sk\/#website\",\"url\":\"https:\/\/klimavex.eu\/sk\/\",\"name\":\"KLIMAVEX GROUP - Slovensko\",\"description\":\"\",\"publisher\":{\"@id\":\"https:\/\/klimavex.eu\/sk\/#organization\"},\"alternateName\":\"KLIMAVEX a.s.\",\"potentialAction\":[{\"@type\":\"SearchAction\",\"target\":{\"@type\":\"EntryPoint\",\"urlTemplate\":\"https:\/\/klimavex.eu\/sk\/?s={search_term_string}\"},\"query-input\":{\"@type\":\"PropertyValueSpecification\",\"valueRequired\":true,\"valueName\":\"search_term_string\"}}],\"inLanguage\":\"sk-SK\"},{\"@type\":\"Organization\",\"@id\":\"https:\/\/klimavex.eu\/sk\/#organization\",\"name\":\"KLIMAVEX GROUP\",\"alternateName\":\"KLIMAVEX a.s.\",\"url\":\"https:\/\/klimavex.eu\/sk\/\",\"logo\":{\"@type\":\"ImageObject\",\"inLanguage\":\"sk-SK\",\"@id\":\"https:\/\/klimavex.eu\/sk\/#\/schema\/logo\/image\/\",\"url\":\"https:\/\/klimavex.eu\/sk\/wp-content\/uploads\/2024\/04\/Klimavex-Group-logo.png\",\"contentUrl\":\"https:\/\/klimavex.eu\/sk\/wp-content\/uploads\/2024\/04\/Klimavex-Group-logo.png\",\"width\":1681,\"height\":472,\"caption\":\"KLIMAVEX GROUP\"},\"image\":{\"@id\":\"https:\/\/klimavex.eu\/sk\/#\/schema\/logo\/image\/\"},\"sameAs\":[\"https:\/\/www.facebook.com\/klimavex\",\"https:\/\/www.instagram.com\/klimavex_sk\/\"]}]}<\/script>\n<!-- \/ Yoast SEO plugin. -->","yoast_head_json":{"title":"Ventil\u00e1tor Vortice LINEO 100 - KLIMAVEX GROUP - Slovensko","robots":{"index":"index","follow":"follow","max-snippet":"max-snippet:-1","max-image-preview":"max-image-preview:large","max-video-preview":"max-video-preview:-1"},"canonical":"https:\/\/klimavex.eu\/sk\/katalog\/ventilator-vortice-lineo-100\/","og_locale":"sk_SK","og_type":"article","og_title":"Ventil\u00e1tor Vortice LINEO 100 - KLIMAVEX GROUP - Slovensko","og_description":"Dvojot&aacute;\u010dkov&yacute; potrubn&yacute; ventil&aacute;tor radu Lineo je vybaven&yacute; AC motorom s 2 stup\u0148ovou regul&aacute;ciou ot&aacute;\u010dok a gu\u013e&ocirc;\u010dkov&yacute;mi lo\u017eiskami. Ur\u010den&yacute; na pripojenie potrubia &oslash; 100mm. V\u010faka svojim vlastnostiam a kon&scaron;trukcii je vhodn&yacute; pre dlh&scaron;ie vzduchotechnick&eacute; potrubie. Krytie IP44 zais\u0165uje ochranu proti prachu a striekaj&uacute;cej vode zo v&scaron;etk&yacute;ch str&aacute;n. Obe\u017en&eacute; koleso ventil&aacute;tora je vyv&aacute;\u017een&eacute; priamo na motore.","og_url":"https:\/\/klimavex.eu\/sk\/katalog\/ventilator-vortice-lineo-100\/","og_site_name":"KLIMAVEX GROUP - Slovensko","article_publisher":"https:\/\/www.facebook.com\/klimavex","article_modified_time":"2026-03-31T16:43:17+00:00","og_image":[{"width":9184,"height":9184,"url":"https:\/\/klimavex.eu\/sk\/wp-content\/uploads\/2024\/02\/LOGO-KLIMAVEX-modra-kostka-1.png","type":"image\/png"}],"twitter_card":"summary_large_image","twitter_misc":{"Predpokladan\u00fd \u010das \u010d\u00edtania":"1 min\u00fata"},"schema":{"@context":"https:\/\/schema.org","@graph":[{"@type":"WebPage","@id":"https:\/\/klimavex.eu\/sk\/katalog\/ventilator-vortice-lineo-100\/","url":"https:\/\/klimavex.eu\/sk\/katalog\/ventilator-vortice-lineo-100\/","name":"Ventil\u00e1tor Vortice LINEO 100 - KLIMAVEX GROUP - Slovensko","isPartOf":{"@id":"https:\/\/klimavex.eu\/sk\/#website"},"primaryImageOfPage":{"@id":"https:\/\/klimavex.eu\/sk\/katalog\/ventilator-vortice-lineo-100\/#primaryimage"},"image":{"@id":"https:\/\/klimavex.eu\/sk\/katalog\/ventilator-vortice-lineo-100\/#primaryimage"},"thumbnailUrl":"https:\/\/klimavex.eu\/sk\/wp-content\/uploads\/2025\/09\/gWy1jhLBWKMomvtEjNwgRYCaxdhs4Pfooi_PzqjkAtg-1.png","datePublished":"2026-03-31T16:42:45+00:00","dateModified":"2026-03-31T16:43:17+00:00","breadcrumb":{"@id":"https:\/\/klimavex.eu\/sk\/katalog\/ventilator-vortice-lineo-100\/#breadcrumb"},"inLanguage":"sk-SK","potentialAction":[{"@type":"ReadAction","target":["https:\/\/klimavex.eu\/sk\/katalog\/ventilator-vortice-lineo-100\/"]}]},{"@type":"ImageObject","inLanguage":"sk-SK","@id":"https:\/\/klimavex.eu\/sk\/katalog\/ventilator-vortice-lineo-100\/#primaryimage","url":"https:\/\/klimavex.eu\/sk\/wp-content\/uploads\/2025\/09\/gWy1jhLBWKMomvtEjNwgRYCaxdhs4Pfooi_PzqjkAtg-1.png","contentUrl":"https:\/\/klimavex.eu\/sk\/wp-content\/uploads\/2025\/09\/gWy1jhLBWKMomvtEjNwgRYCaxdhs4Pfooi_PzqjkAtg-1.png","width":422,"height":388},{"@type":"BreadcrumbList","@id":"https:\/\/klimavex.eu\/sk\/katalog\/ventilator-vortice-lineo-100\/#breadcrumb","itemListElement":[{"@type":"ListItem","position":1,"name":"Domovsk\u00e1 str\u00e1nka","item":"https:\/\/klimavex.eu\/sk\/"},{"@type":"ListItem","position":2,"name":"Eshop","item":"https:\/\/klimavex.eu\/sk\/eshop\/"},{"@type":"ListItem","position":3,"name":"Ventil\u00e1tor Vortice LINEO 100"}]},{"@type":"WebSite","@id":"https:\/\/klimavex.eu\/sk\/#website","url":"https:\/\/klimavex.eu\/sk\/","name":"KLIMAVEX GROUP - Slovensko","description":"","publisher":{"@id":"https:\/\/klimavex.eu\/sk\/#organization"},"alternateName":"KLIMAVEX a.s.","potentialAction":[{"@type":"SearchAction","target":{"@type":"EntryPoint","urlTemplate":"https:\/\/klimavex.eu\/sk\/?s={search_term_string}"},"query-input":{"@type":"PropertyValueSpecification","valueRequired":true,"valueName":"search_term_string"}}],"inLanguage":"sk-SK"},{"@type":"Organization","@id":"https:\/\/klimavex.eu\/sk\/#organization","name":"KLIMAVEX GROUP","alternateName":"KLIMAVEX a.s.","url":"https:\/\/klimavex.eu\/sk\/","logo":{"@type":"ImageObject","inLanguage":"sk-SK","@id":"https:\/\/klimavex.eu\/sk\/#\/schema\/logo\/image\/","url":"https:\/\/klimavex.eu\/sk\/wp-content\/uploads\/2024\/04\/Klimavex-Group-logo.png","contentUrl":"https:\/\/klimavex.eu\/sk\/wp-content\/uploads\/2024\/04\/Klimavex-Group-logo.png","width":1681,"height":472,"caption":"KLIMAVEX GROUP"},"image":{"@id":"https:\/\/klimavex.eu\/sk\/#\/schema\/logo\/image\/"},"sameAs":["https:\/\/www.facebook.com\/klimavex","https:\/\/www.instagram.com\/klimavex_sk\/"]}]}},"_links":{"self":[{"href":"https:\/\/klimavex.eu\/sk\/wp-json\/wp\/v2\/product\/477195","targetHints":{"allow":["GET"]}}],"collection":[{"href":"https:\/\/klimavex.eu\/sk\/wp-json\/wp\/v2\/product"}],"about":[{"href":"https:\/\/klimavex.eu\/sk\/wp-json\/wp\/v2\/types\/product"}],"version-history":[{"count":0,"href":"https:\/\/klimavex.eu\/sk\/wp-json\/wp\/v2\/product\/477195\/revisions"}],"wp:featuredmedia":[{"embeddable":true,"href":"https:\/\/klimavex.eu\/sk\/wp-json\/wp\/v2\/media\/483798"}],"wp:attachment":[{"href":"https:\/\/klimavex.eu\/sk\/wp-json\/wp\/v2\/media?parent=477195"}],"wp:term":[{"taxonomy":"product_cat","embeddable":true,"href":"https:\/\/klimavex.eu\/sk\/wp-json\/wp\/v2\/product_cat?post=477195"},{"taxonomy":"product_tag","embeddable":true,"href":"https:\/\/klimavex.eu\/sk\/wp-json\/wp\/v2\/product_tag?post=477195"}],"curies":[{"name":"wp","href":"https:\/\/api.w.org\/{rel}","templated":true}]}}