{"id":477211,"date":"2026-03-31T18:42:45","date_gmt":"2026-03-31T16:42:45","guid":{"rendered":"https:\/\/klimavex.eu\/sk\/katalog\/ventilator-vortice-lineo-200-quiet-es\/"},"modified":"2026-03-31T18:43:35","modified_gmt":"2026-03-31T16:43:35","slug":"ventilator-vortice-lineo-200-quiet-es","status":"publish","type":"product","link":"https:\/\/klimavex.eu\/sk\/katalog\/ventilator-vortice-lineo-200-quiet-es\/","title":{"rendered":"Ventil\u00e1tor Vortice LINEO 200 QUIET ES"},"content":{"rendered":"<p style=\"margin-left:0cm;text-align:justify;\"><span style=\"color:black;font-family:Calibri, sans-serif;font-size:11pt;\"><span lang=\"SK\" dir=\"ltr\"><strong>Detailn\u00fd popis<\/strong><\/span><\/span><\/p>\n<ul>\n<li>\n<p style=\"text-align:justify;\"><span style=\"color:black;font-family:Calibri, sans-serif;font-size:11pt;\"><span lang=\"SK\" dir=\"ltr\">Vysoko \u00fa\u010dinn\u00fd motor, prepracovan\u00fd profil vrtule a vylep\u0161en\u00fd usmer\u0148ova\u010d prietoku pracuj\u00fa v dokonalej harm\u00f3nii.<\/span><\/span><\/p>\n<\/li>\n<li>\n<p style=\"text-align:justify;\"><span style=\"color:black;font-family:Calibri, sans-serif;font-size:11pt;\"><span lang=\"SK\" dir=\"ltr\"><strong>Kon\u0161trukcia z nehor\u013eavej plastovej \u017eivice<\/strong>, <strong>trieda E2, pod\u013ea normy ISO EN 11925-2:2010&nbsp;<\/strong>v oblasti motora a elektrick\u00fdch s\u00fa\u010dast\u00ed.<\/span><\/span><\/p>\n<\/li>\n<li>\n<p style=\"text-align:justify;\"><span style=\"background-color:white;color:black;font-family:Calibri, sans-serif;font-size:11pt;\"><span lang=\"SK\" dir=\"ltr\">Tich\u00fd potrubn\u00fd ventil\u00e1tor Vortice LINEO QUIET ES m\u00e1 opl\u00e1\u0161tenie vyroben\u00e9 z <strong>hlukovo-izola\u010dn\u00e9ho&nbsp;<\/strong>materi\u00e1lu, ktor\u00fd <strong>minimalizuje hlu\u010dnos\u0165 po\u010das prev\u00e1dzky<\/strong>.<\/span><\/span><\/p>\n<\/li>\n<li>\n<p style=\"text-align:justify;\"><span style=\"background-color:white;color:black;font-family:Calibri, sans-serif;font-size:11pt;\"><span lang=\"SK\" dir=\"ltr\">Ventil\u00e1tory radu LINEO QUIET <\/span><\/span><span style=\"background-color:white;color:black;font-family:&quot;Calibri&quot;,sans-serif;font-size:11pt;\"><span lang=\"SK\" dir=\"ltr\"><strong>ES&nbsp;<\/strong><\/span><\/span><span style=\"background-color:white;color:black;font-family:Calibri, sans-serif;font-size:11pt;\"><span lang=\"SK\" dir=\"ltr\">sa l\u00ed\u0161ia od radu LINEO QUIET pou\u017eit\u00edm vysoko \u00fa\u010dinn\u00fdch elektronicky riaden\u00fdch 2-ot\u00e1\u010dkov\u00fdch EC motorov (s n\u00edzkou spotrebou).<\/span><\/span><\/p>\n<\/li>\n<li>\n<p style=\"text-align:justify;\"><span style=\"background-color:white;color:black;font-family:Calibri, sans-serif;font-size:11pt;\"><span lang=\"SK\" dir=\"ltr\">Jednotliv\u00e9 ot\u00e1\u010dky je mo\u017en\u00e9 nastavi\u0165 pri in\u0161tal\u00e1cii. Alternat\u00edvne m\u00f4\u017eu pracova\u0165 ako 1-ot\u00e1\u010dkov\u00e9, s riaden\u00edm v\u00fdkonu cez sign\u00e1l 0-10V.<\/span><\/span><\/p>\n<\/li>\n<li>\n<p style=\"text-align:justify;\"><span style=\"background-color:white;color:black;font-family:Calibri, sans-serif;font-size:11pt;\"><span lang=\"SK\" dir=\"ltr\">Regul\u00e1cia sa vykon\u00e1va pomocou potenciometra <strong>POT-IT. <\/strong>Ako alternat\u00edvu m\u00f4\u017eete zvoli\u0165 <strong>REB Ecowatt regul\u00e1tor ot\u00e1\u010dok.<\/strong><\/span><\/span><\/p>\n<\/li>\n<\/ul>\n<p style=\"margin-left:0cm;text-align:justify;\"><span style=\"color:black;font-family:Calibri, sans-serif;font-size:11pt;\"><span lang=\"SK\" dir=\"ltr\"><strong>K\u013e\u00fa\u010dov\u00e9 vlastnosti<\/strong><\/span><\/span><\/p>\n<ul style=\"list-style-type:disc;\">\n<li>\n<p style=\"text-align:justify;\"><span style=\"color:black;font-family:Calibri, sans-serif;font-size:11pt;\"><span lang=\"SK\" dir=\"ltr\">Opl\u00e1\u0161tenie vyroben\u00e9 z hlukovo-izola\u010dn\u00e9ho materi\u00e1lu.<\/span><\/span><\/p>\n<\/li>\n<li>\n<p style=\"text-align:justify;\"><span style=\"background-color:white;color:black;font-family:Calibri, sans-serif;font-size:11pt;\"><span lang=\"SK\" dir=\"ltr\">Vn\u00fatorn\u00e1 protihlukov\u00e1 \u00faprava na b\u00e1ze <strong>Helmholtzovho rezon\u00e1tora.<\/strong><\/span><\/span><\/p>\n<\/li>\n<li>\n<p style=\"text-align:justify;\"><span style=\"background-color:white;color:black;font-family:Calibri, sans-serif;font-size:11pt;\"><span lang=\"SK\" dir=\"ltr\">Extra tich\u00e1 prev\u00e1dzka.<\/span><\/span><\/p>\n<\/li>\n<li>\n<p style=\"text-align:justify;\"><span style=\"background-color:white;color:black;font-family:Calibri, sans-serif;font-size:11pt;\"><span lang=\"SK\" dir=\"ltr\">Dvojot\u00e1\u010dkov\u00fd \u00fasporn\u00fd a \u00fa\u010dinn\u00fd&nbsp;<\/span><\/span><span style=\"color:black;font-family:Calibri, sans-serif;font-size:11pt;\"><span lang=\"SK\" dir=\"ltr\"><strong>EC motor<\/strong><\/span><\/span><span style=\"background-color:white;color:black;font-family:Calibri, sans-serif;font-size:11pt;\"><span lang=\"SK\" dir=\"ltr\">.<\/span><\/span><\/p>\n<\/li>\n<li>\n<p style=\"text-align:justify;\"><span style=\"color:black;font-family:Calibri, sans-serif;font-size:11pt;\"><span lang=\"SK\" dir=\"ltr\">Gu\u013e\u00f4\u010dkov\u00e9 lo\u017eisk\u00e1 so \u017eivotnos\u0165ou 30 000 hod\u00edn.<\/span><\/span><\/p>\n<\/li>\n<li>\n<p style=\"text-align:justify;\"><span style=\"color:black;font-family:Calibri, sans-serif;font-size:11pt;\"><span lang=\"SK\" dir=\"ltr\">Kon\u0161trukcia z <strong>nehor\u013eavejplastov\u00e9 \u017eivice triedy E2 normy ISO EN 11925-2:2010.<\/strong><\/span><\/span><\/p>\n<\/li>\n<li>\n<p style=\"text-align:justify;\"><span style=\"color:black;font-family:Calibri, sans-serif;font-size:11pt;\"><span lang=\"SK\" dir=\"ltr\">Vylep\u0161en\u00fd usmer\u0148ova\u010d prietoku.<\/span><\/span><\/p>\n<\/li>\n<li>\n<p style=\"text-align:justify;\"><span style=\"color:black;font-family:Calibri, sans-serif;font-size:11pt;\"><span lang=\"SK\" dir=\"ltr\">Alternat\u00edvne m\u00f4\u017ee pracova\u0165 ako 1-ot\u00e1\u010dkov\u00fd.<\/span><\/span><\/p>\n<\/li>\n<li>\n<p style=\"text-align:justify;\"><span style=\"color:black;font-family:Calibri, sans-serif;font-size:11pt;\"><span lang=\"SK\" dir=\"ltr\">Je vybaven\u00fd tepelnou poistkou proti prehriatiu.<\/span><\/span><\/p>\n<\/li>\n<li>\n<p style=\"text-align:justify;\"><span style=\"color:black;font-family:Calibri, sans-serif;font-size:11pt;\"><span lang=\"SK\" dir=\"ltr\">Krytie <strong>IP45.<\/strong><\/span><\/span><\/p>\n<\/li>\n<\/ul>\n<div class=\"page-break\" style=\"page-break-after:always;\"><span style=\"display:none;\">&nbsp;<\/span><\/div>\n","protected":false},"excerpt":{"rendered":"<p style=\"text-align:justify\"><span style=\"font-size:11pt\"><span style=\"font-family:Calibri,sans-serif\"><span style=\"background-color:white\"><span style=\"color:black\">Extra tich&yacute; dvojot&aacute;\u010dkov&yacute; potrubn&yacute; ventil&aacute;tor radu Lineo Quiet je vybaven&yacute; ve\u013emi <strong><span style=\"font-family:&quot;Calibri&quot;,sans-serif\">&uacute;sporn&yacute;m a &uacute;\u010dinn&yacute;m EC motorom <\/span><\/strong><\/span><\/span><strong>Brushless<\/strong> <strong><span style=\"background-color:white\"><span style=\"font-family:&quot;Calibri&quot;,sans-serif\"><span style=\"color:black\">s <\/span><\/span><\/span><\/strong><strong><span style=\"color:black\">gu\u013e&ocirc;\u010dkov&yacute;mi <\/span><\/strong><strong><span style=\"background-color:white\"><span style=\"font-family:&quot;Calibri&quot;,sans-serif\"><span style=\"color:black\">lo\u017eiskami<\/span><\/span><\/span><\/strong>. Ur\u010den&yacute; na pripojenie potrubia <strong>&oslash; 200mm<\/strong>. V\u010faka svojim vlastnostiam a kon&scaron;trukcii je vhodn&yacute; pre dlh&scaron;ie vzduchotechnick&eacute; potrubie. <strong>Krytie IP45 <\/strong>zais\u0165uje ochranu proti prachu a striekaj&uacute;cej vode zo v&scaron;etk&yacute;ch str&aacute;n.<\/span><\/span><\/p>\n","protected":false},"featured_media":483871,"template":"","meta":[],"product_cat":[1487,1514,1460,1297],"product_tag":[],"class_list":{"0":"post-477211","1":"product","2":"type-product","3":"status-publish","4":"has-post-thumbnail","6":"product_cat-lineo","7":"product_cat-lineo-quiet-es","8":"product_cat-potrubne-ventilatory","9":"product_cat-ventilatory","10":"pa_dostupny-tlak-pa-843-3295","11":"pa_gulockove-loziska-ll-ano","12":"pa_hlucnost-lp-3m-294-386","13":"pa_krytie-ip45","14":"pa_prevedenie-potrubny-plastovy","15":"pa_priemer-napojenia-mm-4183","16":"pa_typ-lineo-quiet","17":"pa_typ-motora-ec","18":"pa_vzduchovy-vykon-qv-m3-570-1145","19":"pa_znacka-vortice","21":"first","22":"instock","23":"taxable","24":"shipping-taxable","25":"purchasable","26":"product-type-simple"},"yoast_head":"<!-- This site is optimized with the Yoast SEO plugin v23.9 - https:\/\/yoast.com\/wordpress\/plugins\/seo\/ -->\n<title>Ventil\u00e1tor Vortice LINEO 200 QUIET ES - KLIMAVEX GROUP - Slovensko<\/title>\n<meta name=\"robots\" content=\"index, follow, max-snippet:-1, max-image-preview:large, max-video-preview:-1\" \/>\n<link rel=\"canonical\" href=\"https:\/\/klimavex.eu\/sk\/katalog\/ventilator-vortice-lineo-200-quiet-es\/\" \/>\n<meta property=\"og:locale\" content=\"sk_SK\" \/>\n<meta property=\"og:type\" content=\"article\" \/>\n<meta property=\"og:title\" content=\"Ventil\u00e1tor Vortice LINEO 200 QUIET ES - KLIMAVEX GROUP - Slovensko\" \/>\n<meta property=\"og:description\" content=\"Extra tich&yacute; dvojot&aacute;\u010dkov&yacute; potrubn&yacute; ventil&aacute;tor radu Lineo Quiet je vybaven&yacute; ve\u013emi &uacute;sporn&yacute;m a &uacute;\u010dinn&yacute;m EC motorom Brushless s gu\u013e&ocirc;\u010dkov&yacute;mi lo\u017eiskami. Ur\u010den&yacute; na pripojenie potrubia &oslash; 200mm. V\u010faka svojim vlastnostiam a kon&scaron;trukcii je vhodn&yacute; pre dlh&scaron;ie vzduchotechnick&eacute; potrubie. Krytie IP45 zais\u0165uje ochranu proti prachu a striekaj&uacute;cej vode zo v&scaron;etk&yacute;ch str&aacute;n.\" \/>\n<meta property=\"og:url\" content=\"https:\/\/klimavex.eu\/sk\/katalog\/ventilator-vortice-lineo-200-quiet-es\/\" \/>\n<meta property=\"og:site_name\" content=\"KLIMAVEX GROUP - Slovensko\" \/>\n<meta property=\"article:publisher\" content=\"https:\/\/www.facebook.com\/klimavex\" \/>\n<meta property=\"article:modified_time\" content=\"2026-03-31T16:43:35+00:00\" \/>\n<meta property=\"og:image\" content=\"https:\/\/klimavex.eu\/sk\/wp-content\/uploads\/2025\/09\/0nha0di2K2ujt3-Cme26Vh0JEd_cQMnETwePa5X8sm0.png\" \/>\n\t<meta property=\"og:image:width\" content=\"572\" \/>\n\t<meta property=\"og:image:height\" content=\"512\" \/>\n\t<meta property=\"og:image:type\" content=\"image\/png\" \/>\n<meta name=\"twitter:card\" content=\"summary_large_image\" \/>\n<meta name=\"twitter:label1\" content=\"Predpokladan\u00fd \u010das \u010d\u00edtania\" \/>\n\t<meta name=\"twitter:data1\" content=\"1 min\u00fata\" \/>\n<script type=\"application\/ld+json\" class=\"yoast-schema-graph\">{\"@context\":\"https:\/\/schema.org\",\"@graph\":[{\"@type\":\"WebPage\",\"@id\":\"https:\/\/klimavex.eu\/sk\/katalog\/ventilator-vortice-lineo-200-quiet-es\/\",\"url\":\"https:\/\/klimavex.eu\/sk\/katalog\/ventilator-vortice-lineo-200-quiet-es\/\",\"name\":\"Ventil\u00e1tor Vortice LINEO 200 QUIET ES - KLIMAVEX GROUP - Slovensko\",\"isPartOf\":{\"@id\":\"https:\/\/klimavex.eu\/sk\/#website\"},\"primaryImageOfPage\":{\"@id\":\"https:\/\/klimavex.eu\/sk\/katalog\/ventilator-vortice-lineo-200-quiet-es\/#primaryimage\"},\"image\":{\"@id\":\"https:\/\/klimavex.eu\/sk\/katalog\/ventilator-vortice-lineo-200-quiet-es\/#primaryimage\"},\"thumbnailUrl\":\"https:\/\/klimavex.eu\/sk\/wp-content\/uploads\/2025\/09\/0nha0di2K2ujt3-Cme26Vh0JEd_cQMnETwePa5X8sm0.png\",\"datePublished\":\"2026-03-31T16:42:45+00:00\",\"dateModified\":\"2026-03-31T16:43:35+00:00\",\"breadcrumb\":{\"@id\":\"https:\/\/klimavex.eu\/sk\/katalog\/ventilator-vortice-lineo-200-quiet-es\/#breadcrumb\"},\"inLanguage\":\"sk-SK\",\"potentialAction\":[{\"@type\":\"ReadAction\",\"target\":[\"https:\/\/klimavex.eu\/sk\/katalog\/ventilator-vortice-lineo-200-quiet-es\/\"]}]},{\"@type\":\"ImageObject\",\"inLanguage\":\"sk-SK\",\"@id\":\"https:\/\/klimavex.eu\/sk\/katalog\/ventilator-vortice-lineo-200-quiet-es\/#primaryimage\",\"url\":\"https:\/\/klimavex.eu\/sk\/wp-content\/uploads\/2025\/09\/0nha0di2K2ujt3-Cme26Vh0JEd_cQMnETwePa5X8sm0.png\",\"contentUrl\":\"https:\/\/klimavex.eu\/sk\/wp-content\/uploads\/2025\/09\/0nha0di2K2ujt3-Cme26Vh0JEd_cQMnETwePa5X8sm0.png\",\"width\":572,\"height\":512},{\"@type\":\"BreadcrumbList\",\"@id\":\"https:\/\/klimavex.eu\/sk\/katalog\/ventilator-vortice-lineo-200-quiet-es\/#breadcrumb\",\"itemListElement\":[{\"@type\":\"ListItem\",\"position\":1,\"name\":\"Domovsk\u00e1 str\u00e1nka\",\"item\":\"https:\/\/klimavex.eu\/sk\/\"},{\"@type\":\"ListItem\",\"position\":2,\"name\":\"Eshop\",\"item\":\"https:\/\/klimavex.eu\/sk\/eshop\/\"},{\"@type\":\"ListItem\",\"position\":3,\"name\":\"Ventil\u00e1tor Vortice LINEO 200 QUIET ES\"}]},{\"@type\":\"WebSite\",\"@id\":\"https:\/\/klimavex.eu\/sk\/#website\",\"url\":\"https:\/\/klimavex.eu\/sk\/\",\"name\":\"KLIMAVEX GROUP - Slovensko\",\"description\":\"\",\"publisher\":{\"@id\":\"https:\/\/klimavex.eu\/sk\/#organization\"},\"alternateName\":\"KLIMAVEX a.s.\",\"potentialAction\":[{\"@type\":\"SearchAction\",\"target\":{\"@type\":\"EntryPoint\",\"urlTemplate\":\"https:\/\/klimavex.eu\/sk\/?s={search_term_string}\"},\"query-input\":{\"@type\":\"PropertyValueSpecification\",\"valueRequired\":true,\"valueName\":\"search_term_string\"}}],\"inLanguage\":\"sk-SK\"},{\"@type\":\"Organization\",\"@id\":\"https:\/\/klimavex.eu\/sk\/#organization\",\"name\":\"KLIMAVEX GROUP\",\"alternateName\":\"KLIMAVEX a.s.\",\"url\":\"https:\/\/klimavex.eu\/sk\/\",\"logo\":{\"@type\":\"ImageObject\",\"inLanguage\":\"sk-SK\",\"@id\":\"https:\/\/klimavex.eu\/sk\/#\/schema\/logo\/image\/\",\"url\":\"https:\/\/klimavex.eu\/sk\/wp-content\/uploads\/2024\/04\/Klimavex-Group-logo.png\",\"contentUrl\":\"https:\/\/klimavex.eu\/sk\/wp-content\/uploads\/2024\/04\/Klimavex-Group-logo.png\",\"width\":1681,\"height\":472,\"caption\":\"KLIMAVEX GROUP\"},\"image\":{\"@id\":\"https:\/\/klimavex.eu\/sk\/#\/schema\/logo\/image\/\"},\"sameAs\":[\"https:\/\/www.facebook.com\/klimavex\",\"https:\/\/www.instagram.com\/klimavex_sk\/\"]}]}<\/script>\n<!-- \/ Yoast SEO plugin. -->","yoast_head_json":{"title":"Ventil\u00e1tor Vortice LINEO 200 QUIET ES - KLIMAVEX GROUP - Slovensko","robots":{"index":"index","follow":"follow","max-snippet":"max-snippet:-1","max-image-preview":"max-image-preview:large","max-video-preview":"max-video-preview:-1"},"canonical":"https:\/\/klimavex.eu\/sk\/katalog\/ventilator-vortice-lineo-200-quiet-es\/","og_locale":"sk_SK","og_type":"article","og_title":"Ventil\u00e1tor Vortice LINEO 200 QUIET ES - KLIMAVEX GROUP - Slovensko","og_description":"Extra tich&yacute; dvojot&aacute;\u010dkov&yacute; potrubn&yacute; ventil&aacute;tor radu Lineo Quiet je vybaven&yacute; ve\u013emi &uacute;sporn&yacute;m a &uacute;\u010dinn&yacute;m EC motorom Brushless s gu\u013e&ocirc;\u010dkov&yacute;mi lo\u017eiskami. Ur\u010den&yacute; na pripojenie potrubia &oslash; 200mm. V\u010faka svojim vlastnostiam a kon&scaron;trukcii je vhodn&yacute; pre dlh&scaron;ie vzduchotechnick&eacute; potrubie. Krytie IP45 zais\u0165uje ochranu proti prachu a striekaj&uacute;cej vode zo v&scaron;etk&yacute;ch str&aacute;n.","og_url":"https:\/\/klimavex.eu\/sk\/katalog\/ventilator-vortice-lineo-200-quiet-es\/","og_site_name":"KLIMAVEX GROUP - Slovensko","article_publisher":"https:\/\/www.facebook.com\/klimavex","article_modified_time":"2026-03-31T16:43:35+00:00","og_image":[{"width":572,"height":512,"url":"https:\/\/klimavex.eu\/sk\/wp-content\/uploads\/2025\/09\/0nha0di2K2ujt3-Cme26Vh0JEd_cQMnETwePa5X8sm0.png","type":"image\/png"}],"twitter_card":"summary_large_image","twitter_misc":{"Predpokladan\u00fd \u010das \u010d\u00edtania":"1 min\u00fata"},"schema":{"@context":"https:\/\/schema.org","@graph":[{"@type":"WebPage","@id":"https:\/\/klimavex.eu\/sk\/katalog\/ventilator-vortice-lineo-200-quiet-es\/","url":"https:\/\/klimavex.eu\/sk\/katalog\/ventilator-vortice-lineo-200-quiet-es\/","name":"Ventil\u00e1tor Vortice LINEO 200 QUIET ES - KLIMAVEX GROUP - Slovensko","isPartOf":{"@id":"https:\/\/klimavex.eu\/sk\/#website"},"primaryImageOfPage":{"@id":"https:\/\/klimavex.eu\/sk\/katalog\/ventilator-vortice-lineo-200-quiet-es\/#primaryimage"},"image":{"@id":"https:\/\/klimavex.eu\/sk\/katalog\/ventilator-vortice-lineo-200-quiet-es\/#primaryimage"},"thumbnailUrl":"https:\/\/klimavex.eu\/sk\/wp-content\/uploads\/2025\/09\/0nha0di2K2ujt3-Cme26Vh0JEd_cQMnETwePa5X8sm0.png","datePublished":"2026-03-31T16:42:45+00:00","dateModified":"2026-03-31T16:43:35+00:00","breadcrumb":{"@id":"https:\/\/klimavex.eu\/sk\/katalog\/ventilator-vortice-lineo-200-quiet-es\/#breadcrumb"},"inLanguage":"sk-SK","potentialAction":[{"@type":"ReadAction","target":["https:\/\/klimavex.eu\/sk\/katalog\/ventilator-vortice-lineo-200-quiet-es\/"]}]},{"@type":"ImageObject","inLanguage":"sk-SK","@id":"https:\/\/klimavex.eu\/sk\/katalog\/ventilator-vortice-lineo-200-quiet-es\/#primaryimage","url":"https:\/\/klimavex.eu\/sk\/wp-content\/uploads\/2025\/09\/0nha0di2K2ujt3-Cme26Vh0JEd_cQMnETwePa5X8sm0.png","contentUrl":"https:\/\/klimavex.eu\/sk\/wp-content\/uploads\/2025\/09\/0nha0di2K2ujt3-Cme26Vh0JEd_cQMnETwePa5X8sm0.png","width":572,"height":512},{"@type":"BreadcrumbList","@id":"https:\/\/klimavex.eu\/sk\/katalog\/ventilator-vortice-lineo-200-quiet-es\/#breadcrumb","itemListElement":[{"@type":"ListItem","position":1,"name":"Domovsk\u00e1 str\u00e1nka","item":"https:\/\/klimavex.eu\/sk\/"},{"@type":"ListItem","position":2,"name":"Eshop","item":"https:\/\/klimavex.eu\/sk\/eshop\/"},{"@type":"ListItem","position":3,"name":"Ventil\u00e1tor Vortice LINEO 200 QUIET ES"}]},{"@type":"WebSite","@id":"https:\/\/klimavex.eu\/sk\/#website","url":"https:\/\/klimavex.eu\/sk\/","name":"KLIMAVEX GROUP - Slovensko","description":"","publisher":{"@id":"https:\/\/klimavex.eu\/sk\/#organization"},"alternateName":"KLIMAVEX a.s.","potentialAction":[{"@type":"SearchAction","target":{"@type":"EntryPoint","urlTemplate":"https:\/\/klimavex.eu\/sk\/?s={search_term_string}"},"query-input":{"@type":"PropertyValueSpecification","valueRequired":true,"valueName":"search_term_string"}}],"inLanguage":"sk-SK"},{"@type":"Organization","@id":"https:\/\/klimavex.eu\/sk\/#organization","name":"KLIMAVEX GROUP","alternateName":"KLIMAVEX a.s.","url":"https:\/\/klimavex.eu\/sk\/","logo":{"@type":"ImageObject","inLanguage":"sk-SK","@id":"https:\/\/klimavex.eu\/sk\/#\/schema\/logo\/image\/","url":"https:\/\/klimavex.eu\/sk\/wp-content\/uploads\/2024\/04\/Klimavex-Group-logo.png","contentUrl":"https:\/\/klimavex.eu\/sk\/wp-content\/uploads\/2024\/04\/Klimavex-Group-logo.png","width":1681,"height":472,"caption":"KLIMAVEX GROUP"},"image":{"@id":"https:\/\/klimavex.eu\/sk\/#\/schema\/logo\/image\/"},"sameAs":["https:\/\/www.facebook.com\/klimavex","https:\/\/www.instagram.com\/klimavex_sk\/"]}]}},"_links":{"self":[{"href":"https:\/\/klimavex.eu\/sk\/wp-json\/wp\/v2\/product\/477211","targetHints":{"allow":["GET"]}}],"collection":[{"href":"https:\/\/klimavex.eu\/sk\/wp-json\/wp\/v2\/product"}],"about":[{"href":"https:\/\/klimavex.eu\/sk\/wp-json\/wp\/v2\/types\/product"}],"version-history":[{"count":0,"href":"https:\/\/klimavex.eu\/sk\/wp-json\/wp\/v2\/product\/477211\/revisions"}],"wp:featuredmedia":[{"embeddable":true,"href":"https:\/\/klimavex.eu\/sk\/wp-json\/wp\/v2\/media\/483871"}],"wp:attachment":[{"href":"https:\/\/klimavex.eu\/sk\/wp-json\/wp\/v2\/media?parent=477211"}],"wp:term":[{"taxonomy":"product_cat","embeddable":true,"href":"https:\/\/klimavex.eu\/sk\/wp-json\/wp\/v2\/product_cat?post=477211"},{"taxonomy":"product_tag","embeddable":true,"href":"https:\/\/klimavex.eu\/sk\/wp-json\/wp\/v2\/product_tag?post=477211"}],"curies":[{"name":"wp","href":"https:\/\/api.w.org\/{rel}","templated":true}]}}