{"id":477212,"date":"2026-03-31T18:42:45","date_gmt":"2026-03-31T16:42:45","guid":{"rendered":"https:\/\/klimavex.eu\/sk\/katalog\/ventilator-vortice-ca-200-v0-e\/"},"modified":"2026-03-31T18:43:36","modified_gmt":"2026-03-31T16:43:36","slug":"ventilator-vortice-ca-200-v0-e","status":"publish","type":"product","link":"https:\/\/klimavex.eu\/sk\/katalog\/ventilator-vortice-ca-200-v0-e\/","title":{"rendered":"Ventil\u00e1tor Vortice CA 200 V0 E"},"content":{"rendered":"<p style=\"text-align:justify\"><span style=\"font-size:11pt\"><span style=\"background-color:white\"><span style=\"font-family:Calibri,sans-serif\"><strong><span style=\"color:black\">K\u013e&uacute;\u010dov&eacute; vlastnosti<\/span><\/strong><\/span><\/span><\/span><\/p>\n<ul>\n<li style=\"text-align:justify\"><span style=\"font-size:11pt\"><span style=\"background-color:white\"><span style=\"font-family:Calibri,sans-serif\"><span style=\"color:black\">Motor s tepelnou ochranou proti pre\u0165a\u017eeniu a ot&aacute;\u010daniu hriade\u013ea v <\/span><span style=\"color:black\">gu\u013e&ocirc;\u010dkov&yacute;ch <\/span><span style=\"color:black\">lo\u017eisk&aacute;ch z nerez ocele (LL-garancia 30 000 hod&iacute;n bezporuchovej prev&aacute;dzky).<\/span><\/span><\/span><\/span><\/li>\n<li style=\"text-align:justify\"><span style=\"font-size:11pt\"><span style=\"background-color:white\"><span style=\"font-family:Calibri,sans-serif\"><span style=\"color:black\">Obe\u017en&eacute; koleso ventil&aacute;tora je vyv&aacute;\u017een&eacute; priamo na motore.<\/span><\/span><\/span><\/span><\/li>\n<li style=\"text-align:justify\"><span style=\"font-size:11pt\"><span style=\"background-color:white\"><span style=\"font-family:Calibri,sans-serif\"><span style=\"color:black\">Kon&scaron;trukcia je vyroben&aacute; zo samozh&aacute;&scaron;av&eacute;ho plastu V0 v bielej farbe (samozh&aacute;&scaron;anie oh\u0148a do 10 sek&uacute;nd bez kvapkania plastu).<\/span><\/span><\/span><\/span><\/li>\n<li style=\"text-align:justify\"><span style=\"font-size:11pt\"><span style=\"background-color:white\"><span style=\"font-family:Calibri,sans-serif\"><span style=\"color:black\">Nas&aacute;vacia strana m&aacute; integrovan&uacute; ochrann&uacute; mrie\u017eku a &scaron;peci&aacute;lny zachyt&aacute;va\u010d mastn&yacute;ch ne\u010dist&ocirc;t.<\/span><\/span><\/span><\/span><\/li>\n<li style=\"text-align:justify\"><span style=\"font-size:11pt\"><span style=\"background-color:white\"><span style=\"font-family:Calibri,sans-serif\"><span style=\"color:black\">Prev&aacute;dzka m&ocirc;\u017ee by\u0165 volite\u013ene ovl&aacute;date\u013en&aacute; dia\u013ekov&yacute;m monitorovan&iacute;m senzorov: teplota, relat&iacute;vna vlhkos\u0165, dym a pohyb.<\/span><\/span><\/span><\/span><\/li>\n<li style=\"text-align:justify\"><span style=\"font-size:11pt\"><span style=\"background-color:white\"><span style=\"font-family:Calibri,sans-serif\"><span style=\"color:black\">S&uacute;\u010das\u0165ou s&uacute; pozinkovan&eacute; oce\u013eov&eacute; konzoly na mont&aacute;\u017e na stenu.<\/span><\/span><\/span><\/span><\/li>\n<li style=\"text-align:justify\"><span style=\"font-size:11pt\"><span style=\"background-color:white\"><span style=\"font-family:Calibri,sans-serif\"><span style=\"color:black\">Trojr&yacute;chlostn&yacute; &#8211; za pou\u017eitia regul&aacute;tora ot&aacute;\u010dok Vortice TRIO CA.<\/span><\/span><\/span><\/span><\/li>\n<li style=\"text-align:justify\"><span style=\"font-size:11pt\"><span style=\"background-color:white\"><span style=\"font-family:Calibri,sans-serif\"><span style=\"color:black\">Vhodn&yacute; pre komer\u010dn&eacute; a priemyseln&eacute; priestory, ako s&uacute; kuchyne, k&uacute;pe\u013ene, &uacute;rady, sklady, obchody, re&scaron;taur&aacute;cie, divadl&aacute;, tane\u010dn&eacute; s&aacute;ly.<\/span><\/span><\/span><\/span><\/li>\n<li style=\"text-align:justify\"><span style=\"font-size:11pt\"><span style=\"background-color:white\"><span style=\"font-family:Calibri,sans-serif\"><span style=\"color:black\">Do potrubia s vy&scaron;&scaron;ou tlakovou stratou &#8211; dosahuje vysok&eacute; vzduchov&eacute; v&yacute;kony pri s&uacute;\u010dasnom dodr\u017ean&iacute; n&iacute;zkej hlu\u010dnosti.<\/span><\/span><\/span><\/span><\/li>\n<\/ul>\n","protected":false},"excerpt":{"rendered":"<p style=\"text-align:justify\"><span style=\"font-size:11pt\"><span style=\"background-color:white\"><span style=\"font-family:Calibri,sans-serif\"><span style=\"color:black\">Potrubn&yacute; radi&aacute;lny ventil&aacute;tor <strong>Vortice CA 200 V0 E<\/strong> <\/span><span style=\"background-color:white\"><span style=\"color:black\">s priemerom pripojenia vzduchotechnick&eacute;ho potrubia <strong>&oslash; 200mm<\/strong><\/span><\/span><span style=\"color:black\">. Vhodn&yacute; pre komer\u010dn&eacute; a priemyseln&eacute; priestory. Motor s tienen&yacute;mi p&oacute;lmi m&aacute; <\/span><strong><span style=\"color:black\">gu\u013e&ocirc;\u010dkov&eacute;<\/span><\/strong> <strong><span style=\"color:black\">lo\u017eisk&aacute; <\/span><\/strong><span style=\"color:black\">z nerez ocele (LL-garancia 30 000 hod&iacute;n bezporuchovej prev&aacute;dzky). Je vhodn&yacute; na pripojenie do potrubia s vy&scaron;&scaron;ou tlakovou stratou, dosahuje vysok&yacute;ch vzduchov&yacute;ch v&yacute;konov pri s&uacute;\u010dasnom dodr\u017ean&iacute; n&iacute;zkej hlu\u010dnosti <strong>(Dostupn&yacute; tlak 413,9 Pa \/ Prietok vzduchu 775 m<sup>3<\/sup>\/h)<\/strong>. Nas&aacute;vacia strana m&aacute; integrovan&uacute; ochrann&uacute; mrie\u017eku a &scaron;peci&aacute;lny zachyt&aacute;va\u010d mastn&yacute;ch ne\u010dist&ocirc;t.<\/span><\/span><\/span><\/span><\/p>\n","protected":false},"featured_media":483874,"template":"","meta":[],"product_cat":[1461,1460,1297,1462],"product_tag":[],"class_list":{"0":"post-477212","1":"product","2":"type-product","3":"status-publish","4":"has-post-thumbnail","6":"product_cat-ca","7":"product_cat-potrubne-ventilatory","8":"product_cat-ventilatory","9":"product_cat-ca-vo","10":"pa_dostupny-tlak-pa-4575","11":"pa_gulockove-loziska-ll-ano","12":"pa_hlucnost-lp-3m-4209","13":"pa_krytie-ip44","14":"pa_prevedenie-potrubny-plastovy","15":"pa_priemer-napojenia-mm-4183","16":"pa_typ-ca-vo","17":"pa_vzduchovy-vykon-qv-m3-4574","18":"pa_znacka-vortice","20":"first","21":"instock","22":"taxable","23":"shipping-taxable","24":"purchasable","25":"product-type-simple"},"yoast_head":"<!-- This site is optimized with the Yoast SEO plugin v23.9 - https:\/\/yoast.com\/wordpress\/plugins\/seo\/ -->\n<title>Ventil\u00e1tor Vortice CA 200 V0 E - KLIMAVEX GROUP - Slovensko<\/title>\n<meta name=\"robots\" content=\"index, follow, max-snippet:-1, max-image-preview:large, max-video-preview:-1\" \/>\n<link rel=\"canonical\" href=\"https:\/\/klimavex.eu\/sk\/katalog\/ventilator-vortice-ca-200-v0-e\/\" \/>\n<meta property=\"og:locale\" content=\"sk_SK\" \/>\n<meta property=\"og:type\" content=\"article\" \/>\n<meta property=\"og:title\" content=\"Ventil\u00e1tor Vortice CA 200 V0 E - KLIMAVEX GROUP - Slovensko\" \/>\n<meta property=\"og:description\" content=\"Potrubn&yacute; radi&aacute;lny ventil&aacute;tor Vortice CA 200 V0 E s priemerom pripojenia vzduchotechnick&eacute;ho potrubia &oslash; 200mm. Vhodn&yacute; pre komer\u010dn&eacute; a priemyseln&eacute; priestory. Motor s tienen&yacute;mi p&oacute;lmi m&aacute; gu\u013e&ocirc;\u010dkov&eacute; lo\u017eisk&aacute; z nerez ocele (LL-garancia 30 000 hod&iacute;n bezporuchovej prev&aacute;dzky). Je vhodn&yacute; na pripojenie do potrubia s vy&scaron;&scaron;ou tlakovou stratou, dosahuje vysok&yacute;ch vzduchov&yacute;ch v&yacute;konov pri s&uacute;\u010dasnom dodr\u017ean&iacute; n&iacute;zkej hlu\u010dnosti (Dostupn&yacute; tlak 413,9 Pa \/ Prietok vzduchu 775 m3\/h). Nas&aacute;vacia strana m&aacute; integrovan&uacute; ochrann&uacute; mrie\u017eku a &scaron;peci&aacute;lny zachyt&aacute;va\u010d mastn&yacute;ch ne\u010dist&ocirc;t.\" \/>\n<meta property=\"og:url\" content=\"https:\/\/klimavex.eu\/sk\/katalog\/ventilator-vortice-ca-200-v0-e\/\" \/>\n<meta property=\"og:site_name\" content=\"KLIMAVEX GROUP - Slovensko\" \/>\n<meta property=\"article:publisher\" content=\"https:\/\/www.facebook.com\/klimavex\" \/>\n<meta property=\"article:modified_time\" content=\"2026-03-31T16:43:36+00:00\" \/>\n<meta property=\"og:image\" content=\"https:\/\/klimavex.eu\/sk\/wp-content\/uploads\/2025\/09\/gnklLJrAivnaqgejxFaGL1eXK41ZVtnV0cgHgtDWasc-3.png\" \/>\n\t<meta property=\"og:image:width\" content=\"572\" \/>\n\t<meta property=\"og:image:height\" content=\"512\" \/>\n\t<meta property=\"og:image:type\" content=\"image\/png\" \/>\n<meta name=\"twitter:card\" content=\"summary_large_image\" \/>\n<meta name=\"twitter:label1\" content=\"Predpokladan\u00fd \u010das \u010d\u00edtania\" \/>\n\t<meta name=\"twitter:data1\" content=\"1 min\u00fata\" \/>\n<script type=\"application\/ld+json\" class=\"yoast-schema-graph\">{\"@context\":\"https:\/\/schema.org\",\"@graph\":[{\"@type\":\"WebPage\",\"@id\":\"https:\/\/klimavex.eu\/sk\/katalog\/ventilator-vortice-ca-200-v0-e\/\",\"url\":\"https:\/\/klimavex.eu\/sk\/katalog\/ventilator-vortice-ca-200-v0-e\/\",\"name\":\"Ventil\u00e1tor Vortice CA 200 V0 E - KLIMAVEX GROUP - Slovensko\",\"isPartOf\":{\"@id\":\"https:\/\/klimavex.eu\/sk\/#website\"},\"primaryImageOfPage\":{\"@id\":\"https:\/\/klimavex.eu\/sk\/katalog\/ventilator-vortice-ca-200-v0-e\/#primaryimage\"},\"image\":{\"@id\":\"https:\/\/klimavex.eu\/sk\/katalog\/ventilator-vortice-ca-200-v0-e\/#primaryimage\"},\"thumbnailUrl\":\"https:\/\/klimavex.eu\/sk\/wp-content\/uploads\/2025\/09\/gnklLJrAivnaqgejxFaGL1eXK41ZVtnV0cgHgtDWasc-3.png\",\"datePublished\":\"2026-03-31T16:42:45+00:00\",\"dateModified\":\"2026-03-31T16:43:36+00:00\",\"breadcrumb\":{\"@id\":\"https:\/\/klimavex.eu\/sk\/katalog\/ventilator-vortice-ca-200-v0-e\/#breadcrumb\"},\"inLanguage\":\"sk-SK\",\"potentialAction\":[{\"@type\":\"ReadAction\",\"target\":[\"https:\/\/klimavex.eu\/sk\/katalog\/ventilator-vortice-ca-200-v0-e\/\"]}]},{\"@type\":\"ImageObject\",\"inLanguage\":\"sk-SK\",\"@id\":\"https:\/\/klimavex.eu\/sk\/katalog\/ventilator-vortice-ca-200-v0-e\/#primaryimage\",\"url\":\"https:\/\/klimavex.eu\/sk\/wp-content\/uploads\/2025\/09\/gnklLJrAivnaqgejxFaGL1eXK41ZVtnV0cgHgtDWasc-3.png\",\"contentUrl\":\"https:\/\/klimavex.eu\/sk\/wp-content\/uploads\/2025\/09\/gnklLJrAivnaqgejxFaGL1eXK41ZVtnV0cgHgtDWasc-3.png\",\"width\":572,\"height\":512},{\"@type\":\"BreadcrumbList\",\"@id\":\"https:\/\/klimavex.eu\/sk\/katalog\/ventilator-vortice-ca-200-v0-e\/#breadcrumb\",\"itemListElement\":[{\"@type\":\"ListItem\",\"position\":1,\"name\":\"Domovsk\u00e1 str\u00e1nka\",\"item\":\"https:\/\/klimavex.eu\/sk\/\"},{\"@type\":\"ListItem\",\"position\":2,\"name\":\"Eshop\",\"item\":\"https:\/\/klimavex.eu\/sk\/eshop\/\"},{\"@type\":\"ListItem\",\"position\":3,\"name\":\"Ventil\u00e1tor Vortice CA 200 V0 E\"}]},{\"@type\":\"WebSite\",\"@id\":\"https:\/\/klimavex.eu\/sk\/#website\",\"url\":\"https:\/\/klimavex.eu\/sk\/\",\"name\":\"KLIMAVEX GROUP - Slovensko\",\"description\":\"\",\"publisher\":{\"@id\":\"https:\/\/klimavex.eu\/sk\/#organization\"},\"alternateName\":\"KLIMAVEX a.s.\",\"potentialAction\":[{\"@type\":\"SearchAction\",\"target\":{\"@type\":\"EntryPoint\",\"urlTemplate\":\"https:\/\/klimavex.eu\/sk\/?s={search_term_string}\"},\"query-input\":{\"@type\":\"PropertyValueSpecification\",\"valueRequired\":true,\"valueName\":\"search_term_string\"}}],\"inLanguage\":\"sk-SK\"},{\"@type\":\"Organization\",\"@id\":\"https:\/\/klimavex.eu\/sk\/#organization\",\"name\":\"KLIMAVEX GROUP\",\"alternateName\":\"KLIMAVEX a.s.\",\"url\":\"https:\/\/klimavex.eu\/sk\/\",\"logo\":{\"@type\":\"ImageObject\",\"inLanguage\":\"sk-SK\",\"@id\":\"https:\/\/klimavex.eu\/sk\/#\/schema\/logo\/image\/\",\"url\":\"https:\/\/klimavex.eu\/sk\/wp-content\/uploads\/2024\/04\/Klimavex-Group-logo.png\",\"contentUrl\":\"https:\/\/klimavex.eu\/sk\/wp-content\/uploads\/2024\/04\/Klimavex-Group-logo.png\",\"width\":1681,\"height\":472,\"caption\":\"KLIMAVEX GROUP\"},\"image\":{\"@id\":\"https:\/\/klimavex.eu\/sk\/#\/schema\/logo\/image\/\"},\"sameAs\":[\"https:\/\/www.facebook.com\/klimavex\",\"https:\/\/www.instagram.com\/klimavex_sk\/\"]}]}<\/script>\n<!-- \/ Yoast SEO plugin. -->","yoast_head_json":{"title":"Ventil\u00e1tor Vortice CA 200 V0 E - KLIMAVEX GROUP - Slovensko","robots":{"index":"index","follow":"follow","max-snippet":"max-snippet:-1","max-image-preview":"max-image-preview:large","max-video-preview":"max-video-preview:-1"},"canonical":"https:\/\/klimavex.eu\/sk\/katalog\/ventilator-vortice-ca-200-v0-e\/","og_locale":"sk_SK","og_type":"article","og_title":"Ventil\u00e1tor Vortice CA 200 V0 E - KLIMAVEX GROUP - Slovensko","og_description":"Potrubn&yacute; radi&aacute;lny ventil&aacute;tor Vortice CA 200 V0 E s priemerom pripojenia vzduchotechnick&eacute;ho potrubia &oslash; 200mm. Vhodn&yacute; pre komer\u010dn&eacute; a priemyseln&eacute; priestory. Motor s tienen&yacute;mi p&oacute;lmi m&aacute; gu\u013e&ocirc;\u010dkov&eacute; lo\u017eisk&aacute; z nerez ocele (LL-garancia 30 000 hod&iacute;n bezporuchovej prev&aacute;dzky). Je vhodn&yacute; na pripojenie do potrubia s vy&scaron;&scaron;ou tlakovou stratou, dosahuje vysok&yacute;ch vzduchov&yacute;ch v&yacute;konov pri s&uacute;\u010dasnom dodr\u017ean&iacute; n&iacute;zkej hlu\u010dnosti (Dostupn&yacute; tlak 413,9 Pa \/ Prietok vzduchu 775 m3\/h). Nas&aacute;vacia strana m&aacute; integrovan&uacute; ochrann&uacute; mrie\u017eku a &scaron;peci&aacute;lny zachyt&aacute;va\u010d mastn&yacute;ch ne\u010dist&ocirc;t.","og_url":"https:\/\/klimavex.eu\/sk\/katalog\/ventilator-vortice-ca-200-v0-e\/","og_site_name":"KLIMAVEX GROUP - Slovensko","article_publisher":"https:\/\/www.facebook.com\/klimavex","article_modified_time":"2026-03-31T16:43:36+00:00","og_image":[{"width":572,"height":512,"url":"https:\/\/klimavex.eu\/sk\/wp-content\/uploads\/2025\/09\/gnklLJrAivnaqgejxFaGL1eXK41ZVtnV0cgHgtDWasc-3.png","type":"image\/png"}],"twitter_card":"summary_large_image","twitter_misc":{"Predpokladan\u00fd \u010das \u010d\u00edtania":"1 min\u00fata"},"schema":{"@context":"https:\/\/schema.org","@graph":[{"@type":"WebPage","@id":"https:\/\/klimavex.eu\/sk\/katalog\/ventilator-vortice-ca-200-v0-e\/","url":"https:\/\/klimavex.eu\/sk\/katalog\/ventilator-vortice-ca-200-v0-e\/","name":"Ventil\u00e1tor Vortice CA 200 V0 E - KLIMAVEX GROUP - Slovensko","isPartOf":{"@id":"https:\/\/klimavex.eu\/sk\/#website"},"primaryImageOfPage":{"@id":"https:\/\/klimavex.eu\/sk\/katalog\/ventilator-vortice-ca-200-v0-e\/#primaryimage"},"image":{"@id":"https:\/\/klimavex.eu\/sk\/katalog\/ventilator-vortice-ca-200-v0-e\/#primaryimage"},"thumbnailUrl":"https:\/\/klimavex.eu\/sk\/wp-content\/uploads\/2025\/09\/gnklLJrAivnaqgejxFaGL1eXK41ZVtnV0cgHgtDWasc-3.png","datePublished":"2026-03-31T16:42:45+00:00","dateModified":"2026-03-31T16:43:36+00:00","breadcrumb":{"@id":"https:\/\/klimavex.eu\/sk\/katalog\/ventilator-vortice-ca-200-v0-e\/#breadcrumb"},"inLanguage":"sk-SK","potentialAction":[{"@type":"ReadAction","target":["https:\/\/klimavex.eu\/sk\/katalog\/ventilator-vortice-ca-200-v0-e\/"]}]},{"@type":"ImageObject","inLanguage":"sk-SK","@id":"https:\/\/klimavex.eu\/sk\/katalog\/ventilator-vortice-ca-200-v0-e\/#primaryimage","url":"https:\/\/klimavex.eu\/sk\/wp-content\/uploads\/2025\/09\/gnklLJrAivnaqgejxFaGL1eXK41ZVtnV0cgHgtDWasc-3.png","contentUrl":"https:\/\/klimavex.eu\/sk\/wp-content\/uploads\/2025\/09\/gnklLJrAivnaqgejxFaGL1eXK41ZVtnV0cgHgtDWasc-3.png","width":572,"height":512},{"@type":"BreadcrumbList","@id":"https:\/\/klimavex.eu\/sk\/katalog\/ventilator-vortice-ca-200-v0-e\/#breadcrumb","itemListElement":[{"@type":"ListItem","position":1,"name":"Domovsk\u00e1 str\u00e1nka","item":"https:\/\/klimavex.eu\/sk\/"},{"@type":"ListItem","position":2,"name":"Eshop","item":"https:\/\/klimavex.eu\/sk\/eshop\/"},{"@type":"ListItem","position":3,"name":"Ventil\u00e1tor Vortice CA 200 V0 E"}]},{"@type":"WebSite","@id":"https:\/\/klimavex.eu\/sk\/#website","url":"https:\/\/klimavex.eu\/sk\/","name":"KLIMAVEX GROUP - Slovensko","description":"","publisher":{"@id":"https:\/\/klimavex.eu\/sk\/#organization"},"alternateName":"KLIMAVEX a.s.","potentialAction":[{"@type":"SearchAction","target":{"@type":"EntryPoint","urlTemplate":"https:\/\/klimavex.eu\/sk\/?s={search_term_string}"},"query-input":{"@type":"PropertyValueSpecification","valueRequired":true,"valueName":"search_term_string"}}],"inLanguage":"sk-SK"},{"@type":"Organization","@id":"https:\/\/klimavex.eu\/sk\/#organization","name":"KLIMAVEX GROUP","alternateName":"KLIMAVEX a.s.","url":"https:\/\/klimavex.eu\/sk\/","logo":{"@type":"ImageObject","inLanguage":"sk-SK","@id":"https:\/\/klimavex.eu\/sk\/#\/schema\/logo\/image\/","url":"https:\/\/klimavex.eu\/sk\/wp-content\/uploads\/2024\/04\/Klimavex-Group-logo.png","contentUrl":"https:\/\/klimavex.eu\/sk\/wp-content\/uploads\/2024\/04\/Klimavex-Group-logo.png","width":1681,"height":472,"caption":"KLIMAVEX GROUP"},"image":{"@id":"https:\/\/klimavex.eu\/sk\/#\/schema\/logo\/image\/"},"sameAs":["https:\/\/www.facebook.com\/klimavex","https:\/\/www.instagram.com\/klimavex_sk\/"]}]}},"_links":{"self":[{"href":"https:\/\/klimavex.eu\/sk\/wp-json\/wp\/v2\/product\/477212","targetHints":{"allow":["GET"]}}],"collection":[{"href":"https:\/\/klimavex.eu\/sk\/wp-json\/wp\/v2\/product"}],"about":[{"href":"https:\/\/klimavex.eu\/sk\/wp-json\/wp\/v2\/types\/product"}],"version-history":[{"count":0,"href":"https:\/\/klimavex.eu\/sk\/wp-json\/wp\/v2\/product\/477212\/revisions"}],"wp:featuredmedia":[{"embeddable":true,"href":"https:\/\/klimavex.eu\/sk\/wp-json\/wp\/v2\/media\/483874"}],"wp:attachment":[{"href":"https:\/\/klimavex.eu\/sk\/wp-json\/wp\/v2\/media?parent=477212"}],"wp:term":[{"taxonomy":"product_cat","embeddable":true,"href":"https:\/\/klimavex.eu\/sk\/wp-json\/wp\/v2\/product_cat?post=477212"},{"taxonomy":"product_tag","embeddable":true,"href":"https:\/\/klimavex.eu\/sk\/wp-json\/wp\/v2\/product_tag?post=477212"}],"curies":[{"name":"wp","href":"https:\/\/api.w.org\/{rel}","templated":true}]}}