{"id":477252,"date":"2026-03-31T18:43:46","date_gmt":"2026-03-31T16:43:46","guid":{"rendered":"https:\/\/klimavex.eu\/sk\/katalog\/ventilator-vortice-ca-315-md-se-w\/"},"modified":"2026-03-31T18:44:29","modified_gmt":"2026-03-31T16:44:29","slug":"ventilator-vortice-ca-315-md-se-w","status":"publish","type":"product","link":"https:\/\/klimavex.eu\/sk\/katalog\/ventilator-vortice-ca-315-md-se-w\/","title":{"rendered":"Ventil\u00e1tor Vortice CA 315 MD SE W"},"content":{"rendered":"<p style=\"text-align:justify\"><span style=\"font-size:11pt\"><span style=\"background-color:white\"><span style=\"font-family:Calibri,sans-serif\"><strong><span style=\"color:black\">K\u013e&uacute;\u010dov&eacute; vlastnosti<\/span><\/strong><\/span><\/span><\/span><\/p>\n<ul>\n<li style=\"text-align:justify\"><span style=\"font-size:11pt\"><span style=\"background-color:white\"><span style=\"font-family:Calibri,sans-serif\"><span style=\"color:black\">Kryt\/stre&scaron;n&aacute; mont&aacute;\u017ena doska z morenej a fosf&aacute;tovanej ocele s polyesterovou pr&aacute;&scaron;kovou povrchovou &uacute;pravou, odoln&aacute; vo\u010di agres&iacute;vnemu p&ocirc;sobeniu atmosf&eacute;rick&yacute;ch vplyvov.<\/span><\/span><\/span><\/span><\/li>\n<li style=\"text-align:justify\"><span style=\"font-size:11pt\"><span style=\"background-color:white\"><span style=\"font-family:Calibri,sans-serif\"><span style=\"color:black\">Menovit&yacute; priemer 315 mm.<\/span><\/span><\/span><\/span><\/li>\n<li style=\"text-align:justify\"><span style=\"font-size:11pt\"><span style=\"background-color:white\"><span style=\"font-family:Calibri,sans-serif\"><span style=\"color:black\">Motor-ventil&aacute;tor, r&yacute;chlos\u0165 nastavite\u013en&aacute; pomocou volite\u013en&eacute;ho ovl&aacute;dania IRM5 2B (k&oacute;d. 12861), pozost&aacute;vaj&uacute;ci z:<\/span><\/span><\/span><\/span>\n<ul style=\"list-style-type:circle\">\n<li style=\"text-align:justify\"><span style=\"font-size:11pt\"><span style=\"background-color:white\"><span style=\"font-family:Calibri,sans-serif\"><span style=\"color:black\">AC motor s tepelnou ochranou proti pre\u0165a\u017eeniu a ot&aacute;\u010daniu hriade\u013ea v <\/span><span style=\"color:black\">gu\u013e&ocirc;\u010dkov&yacute;ch <\/span><span style=\"color:black\">lo\u017eisk&aacute;ch,<\/span><\/span><\/span><\/span><\/li>\n<li style=\"text-align:justify\"><span style=\"font-size:11pt\"><span style=\"background-color:white\"><span style=\"font-family:Calibri,sans-serif\"><span style=\"color:black\">sp&auml;tne zahnut&eacute; obe\u017en&eacute; koleso<\/span><\/span><\/span><\/span><\/li>\n<\/ul>\n<\/li>\n<li style=\"text-align:justify\"><span style=\"font-size:11pt\"><span style=\"background-color:white\"><span style=\"font-family:Calibri,sans-serif\"><span style=\"color:black\">Prev&aacute;dzka ovl&aacute;date\u013en&aacute; pomocou dia\u013ekov&eacute;ho monitorovania senzorov: Teplota, Relat&iacute;vna vlhkos\u0165, Dym a Pohyb.<\/span><\/span><\/span><\/span><\/li>\n<li style=\"text-align:justify\"><span style=\"font-size:11pt\"><span style=\"background-color:white\"><span style=\"font-family:Calibri,sans-serif\"><span style=\"color:black\">Pozinkovan&eacute; oce\u013eov&eacute; dr\u017eiaky na mont&aacute;\u017e na stenu.<\/span><\/span><\/span><\/span><\/li>\n<li style=\"text-align:justify\"><span style=\"font-size:11pt\"><span style=\"background-color:white\"><span style=\"font-family:Calibri,sans-serif\"><span style=\"color:black\">Certifik&aacute;cia IMQ SAFETY a IMQ PERFORMANCE.<\/span><\/span><\/span><\/span><\/li>\n<\/ul>\n","protected":false},"excerpt":{"rendered":"<p style=\"text-align:justify\"><span style=\"font-size:11pt\"><span style=\"background-color:white\"><span style=\"font-family:Calibri,sans-serif\"><span style=\"color:black\">Potrubn&yacute; radi&aacute;lny ventil&aacute;tor <strong>Vortice CA 315 MD SE W<\/strong> <\/span><span style=\"background-color:white\"><span style=\"color:black\">s priemerom pripojenia vzduchotechnick&eacute;ho potrubia <strong>&oslash; <\/strong><\/span><\/span><strong><span style=\"color:black\">315mm<\/span><\/strong><span style=\"color:black\">. Vhodn&yacute; do priemyseln&yacute;ch a komer\u010dn&yacute;ch priestorov. Dosahuje vy&scaron;&scaron;ie vzduchov&eacute; v&yacute;kony pri s&uacute;\u010dasnom dodr\u017ean&iacute; n&iacute;zkej hlu\u010dnosti (<strong>Dostupn&yacute; tlak 653 Pa \/ Prietok vzduchu 1550 m<sup>3<\/sup>\/h<\/strong>).<\/span><\/span><\/span><\/span><\/p>\n","protected":false},"featured_media":484040,"template":"","meta":[],"product_cat":[1461,1460,1545,1297],"product_tag":[],"class_list":{"0":"post-477252","1":"product","2":"type-product","3":"status-publish","4":"has-post-thumbnail","6":"product_cat-ca","7":"product_cat-potrubne-ventilatory","8":"product_cat-ca-md-e-w","9":"product_cat-ventilatory","10":"pa_dostupny-tlak-pa-4590","11":"pa_gulockove-loziska-ll-ano","12":"pa_hlucnost-lp-3m-4534","13":"pa_krytie-ip44","14":"pa_prevedenie-potrubny-nastenny","15":"pa_priemer-napojenia-mm-4292","16":"pa_typ-ca-md-e-w","17":"pa_vzduchovy-vykon-qv-m3-4589","18":"pa_znacka-vortice","20":"first","21":"instock","22":"taxable","23":"shipping-taxable","24":"purchasable","25":"product-type-simple"},"yoast_head":"<!-- This site is optimized with the Yoast SEO plugin v23.9 - https:\/\/yoast.com\/wordpress\/plugins\/seo\/ -->\n<title>Ventil\u00e1tor Vortice CA 315 MD SE W - KLIMAVEX GROUP - Slovensko<\/title>\n<meta name=\"robots\" content=\"index, follow, max-snippet:-1, max-image-preview:large, max-video-preview:-1\" \/>\n<link rel=\"canonical\" href=\"https:\/\/klimavex.eu\/sk\/katalog\/ventilator-vortice-ca-315-md-se-w\/\" \/>\n<meta property=\"og:locale\" content=\"sk_SK\" \/>\n<meta property=\"og:type\" content=\"article\" \/>\n<meta property=\"og:title\" content=\"Ventil\u00e1tor Vortice CA 315 MD SE W - KLIMAVEX GROUP - Slovensko\" \/>\n<meta property=\"og:description\" content=\"Potrubn&yacute; radi&aacute;lny ventil&aacute;tor Vortice CA 315 MD SE W s priemerom pripojenia vzduchotechnick&eacute;ho potrubia &oslash; 315mm. Vhodn&yacute; do priemyseln&yacute;ch a komer\u010dn&yacute;ch priestorov. Dosahuje vy&scaron;&scaron;ie vzduchov&eacute; v&yacute;kony pri s&uacute;\u010dasnom dodr\u017ean&iacute; n&iacute;zkej hlu\u010dnosti (Dostupn&yacute; tlak 653 Pa \/ Prietok vzduchu 1550 m3\/h).\" \/>\n<meta property=\"og:url\" content=\"https:\/\/klimavex.eu\/sk\/katalog\/ventilator-vortice-ca-315-md-se-w\/\" \/>\n<meta property=\"og:site_name\" content=\"KLIMAVEX GROUP - Slovensko\" \/>\n<meta property=\"article:publisher\" content=\"https:\/\/www.facebook.com\/klimavex\" \/>\n<meta property=\"article:modified_time\" content=\"2026-03-31T16:44:29+00:00\" \/>\n<meta property=\"og:image\" content=\"https:\/\/klimavex.eu\/sk\/wp-content\/uploads\/2025\/09\/Bo56sw0pTQl8RA_LXxtmFp2-_G0WI45dekGEy7AC9N8-5.jpeg\" \/>\n\t<meta property=\"og:image:width\" content=\"350\" \/>\n\t<meta property=\"og:image:height\" content=\"350\" \/>\n\t<meta property=\"og:image:type\" content=\"image\/jpeg\" \/>\n<meta name=\"twitter:card\" content=\"summary_large_image\" \/>\n<meta name=\"twitter:label1\" content=\"Predpokladan\u00fd \u010das \u010d\u00edtania\" \/>\n\t<meta name=\"twitter:data1\" content=\"1 min\u00fata\" \/>\n<script type=\"application\/ld+json\" class=\"yoast-schema-graph\">{\"@context\":\"https:\/\/schema.org\",\"@graph\":[{\"@type\":\"WebPage\",\"@id\":\"https:\/\/klimavex.eu\/sk\/katalog\/ventilator-vortice-ca-315-md-se-w\/\",\"url\":\"https:\/\/klimavex.eu\/sk\/katalog\/ventilator-vortice-ca-315-md-se-w\/\",\"name\":\"Ventil\u00e1tor Vortice CA 315 MD SE W - KLIMAVEX GROUP - Slovensko\",\"isPartOf\":{\"@id\":\"https:\/\/klimavex.eu\/sk\/#website\"},\"primaryImageOfPage\":{\"@id\":\"https:\/\/klimavex.eu\/sk\/katalog\/ventilator-vortice-ca-315-md-se-w\/#primaryimage\"},\"image\":{\"@id\":\"https:\/\/klimavex.eu\/sk\/katalog\/ventilator-vortice-ca-315-md-se-w\/#primaryimage\"},\"thumbnailUrl\":\"https:\/\/klimavex.eu\/sk\/wp-content\/uploads\/2025\/09\/Bo56sw0pTQl8RA_LXxtmFp2-_G0WI45dekGEy7AC9N8-5.jpeg\",\"datePublished\":\"2026-03-31T16:43:46+00:00\",\"dateModified\":\"2026-03-31T16:44:29+00:00\",\"breadcrumb\":{\"@id\":\"https:\/\/klimavex.eu\/sk\/katalog\/ventilator-vortice-ca-315-md-se-w\/#breadcrumb\"},\"inLanguage\":\"sk-SK\",\"potentialAction\":[{\"@type\":\"ReadAction\",\"target\":[\"https:\/\/klimavex.eu\/sk\/katalog\/ventilator-vortice-ca-315-md-se-w\/\"]}]},{\"@type\":\"ImageObject\",\"inLanguage\":\"sk-SK\",\"@id\":\"https:\/\/klimavex.eu\/sk\/katalog\/ventilator-vortice-ca-315-md-se-w\/#primaryimage\",\"url\":\"https:\/\/klimavex.eu\/sk\/wp-content\/uploads\/2025\/09\/Bo56sw0pTQl8RA_LXxtmFp2-_G0WI45dekGEy7AC9N8-5.jpeg\",\"contentUrl\":\"https:\/\/klimavex.eu\/sk\/wp-content\/uploads\/2025\/09\/Bo56sw0pTQl8RA_LXxtmFp2-_G0WI45dekGEy7AC9N8-5.jpeg\",\"width\":350,\"height\":350},{\"@type\":\"BreadcrumbList\",\"@id\":\"https:\/\/klimavex.eu\/sk\/katalog\/ventilator-vortice-ca-315-md-se-w\/#breadcrumb\",\"itemListElement\":[{\"@type\":\"ListItem\",\"position\":1,\"name\":\"Domovsk\u00e1 str\u00e1nka\",\"item\":\"https:\/\/klimavex.eu\/sk\/\"},{\"@type\":\"ListItem\",\"position\":2,\"name\":\"Eshop\",\"item\":\"https:\/\/klimavex.eu\/sk\/eshop\/\"},{\"@type\":\"ListItem\",\"position\":3,\"name\":\"Ventil\u00e1tor Vortice CA 315 MD SE W\"}]},{\"@type\":\"WebSite\",\"@id\":\"https:\/\/klimavex.eu\/sk\/#website\",\"url\":\"https:\/\/klimavex.eu\/sk\/\",\"name\":\"KLIMAVEX GROUP - Slovensko\",\"description\":\"\",\"publisher\":{\"@id\":\"https:\/\/klimavex.eu\/sk\/#organization\"},\"alternateName\":\"KLIMAVEX a.s.\",\"potentialAction\":[{\"@type\":\"SearchAction\",\"target\":{\"@type\":\"EntryPoint\",\"urlTemplate\":\"https:\/\/klimavex.eu\/sk\/?s={search_term_string}\"},\"query-input\":{\"@type\":\"PropertyValueSpecification\",\"valueRequired\":true,\"valueName\":\"search_term_string\"}}],\"inLanguage\":\"sk-SK\"},{\"@type\":\"Organization\",\"@id\":\"https:\/\/klimavex.eu\/sk\/#organization\",\"name\":\"KLIMAVEX GROUP\",\"alternateName\":\"KLIMAVEX a.s.\",\"url\":\"https:\/\/klimavex.eu\/sk\/\",\"logo\":{\"@type\":\"ImageObject\",\"inLanguage\":\"sk-SK\",\"@id\":\"https:\/\/klimavex.eu\/sk\/#\/schema\/logo\/image\/\",\"url\":\"https:\/\/klimavex.eu\/sk\/wp-content\/uploads\/2024\/04\/Klimavex-Group-logo.png\",\"contentUrl\":\"https:\/\/klimavex.eu\/sk\/wp-content\/uploads\/2024\/04\/Klimavex-Group-logo.png\",\"width\":1681,\"height\":472,\"caption\":\"KLIMAVEX GROUP\"},\"image\":{\"@id\":\"https:\/\/klimavex.eu\/sk\/#\/schema\/logo\/image\/\"},\"sameAs\":[\"https:\/\/www.facebook.com\/klimavex\",\"https:\/\/www.instagram.com\/klimavex_sk\/\"]}]}<\/script>\n<!-- \/ Yoast SEO plugin. -->","yoast_head_json":{"title":"Ventil\u00e1tor Vortice CA 315 MD SE W - KLIMAVEX GROUP - Slovensko","robots":{"index":"index","follow":"follow","max-snippet":"max-snippet:-1","max-image-preview":"max-image-preview:large","max-video-preview":"max-video-preview:-1"},"canonical":"https:\/\/klimavex.eu\/sk\/katalog\/ventilator-vortice-ca-315-md-se-w\/","og_locale":"sk_SK","og_type":"article","og_title":"Ventil\u00e1tor Vortice CA 315 MD SE W - KLIMAVEX GROUP - Slovensko","og_description":"Potrubn&yacute; radi&aacute;lny ventil&aacute;tor Vortice CA 315 MD SE W s priemerom pripojenia vzduchotechnick&eacute;ho potrubia &oslash; 315mm. Vhodn&yacute; do priemyseln&yacute;ch a komer\u010dn&yacute;ch priestorov. Dosahuje vy&scaron;&scaron;ie vzduchov&eacute; v&yacute;kony pri s&uacute;\u010dasnom dodr\u017ean&iacute; n&iacute;zkej hlu\u010dnosti (Dostupn&yacute; tlak 653 Pa \/ Prietok vzduchu 1550 m3\/h).","og_url":"https:\/\/klimavex.eu\/sk\/katalog\/ventilator-vortice-ca-315-md-se-w\/","og_site_name":"KLIMAVEX GROUP - Slovensko","article_publisher":"https:\/\/www.facebook.com\/klimavex","article_modified_time":"2026-03-31T16:44:29+00:00","og_image":[{"width":350,"height":350,"url":"https:\/\/klimavex.eu\/sk\/wp-content\/uploads\/2025\/09\/Bo56sw0pTQl8RA_LXxtmFp2-_G0WI45dekGEy7AC9N8-5.jpeg","type":"image\/jpeg"}],"twitter_card":"summary_large_image","twitter_misc":{"Predpokladan\u00fd \u010das \u010d\u00edtania":"1 min\u00fata"},"schema":{"@context":"https:\/\/schema.org","@graph":[{"@type":"WebPage","@id":"https:\/\/klimavex.eu\/sk\/katalog\/ventilator-vortice-ca-315-md-se-w\/","url":"https:\/\/klimavex.eu\/sk\/katalog\/ventilator-vortice-ca-315-md-se-w\/","name":"Ventil\u00e1tor Vortice CA 315 MD SE W - KLIMAVEX GROUP - Slovensko","isPartOf":{"@id":"https:\/\/klimavex.eu\/sk\/#website"},"primaryImageOfPage":{"@id":"https:\/\/klimavex.eu\/sk\/katalog\/ventilator-vortice-ca-315-md-se-w\/#primaryimage"},"image":{"@id":"https:\/\/klimavex.eu\/sk\/katalog\/ventilator-vortice-ca-315-md-se-w\/#primaryimage"},"thumbnailUrl":"https:\/\/klimavex.eu\/sk\/wp-content\/uploads\/2025\/09\/Bo56sw0pTQl8RA_LXxtmFp2-_G0WI45dekGEy7AC9N8-5.jpeg","datePublished":"2026-03-31T16:43:46+00:00","dateModified":"2026-03-31T16:44:29+00:00","breadcrumb":{"@id":"https:\/\/klimavex.eu\/sk\/katalog\/ventilator-vortice-ca-315-md-se-w\/#breadcrumb"},"inLanguage":"sk-SK","potentialAction":[{"@type":"ReadAction","target":["https:\/\/klimavex.eu\/sk\/katalog\/ventilator-vortice-ca-315-md-se-w\/"]}]},{"@type":"ImageObject","inLanguage":"sk-SK","@id":"https:\/\/klimavex.eu\/sk\/katalog\/ventilator-vortice-ca-315-md-se-w\/#primaryimage","url":"https:\/\/klimavex.eu\/sk\/wp-content\/uploads\/2025\/09\/Bo56sw0pTQl8RA_LXxtmFp2-_G0WI45dekGEy7AC9N8-5.jpeg","contentUrl":"https:\/\/klimavex.eu\/sk\/wp-content\/uploads\/2025\/09\/Bo56sw0pTQl8RA_LXxtmFp2-_G0WI45dekGEy7AC9N8-5.jpeg","width":350,"height":350},{"@type":"BreadcrumbList","@id":"https:\/\/klimavex.eu\/sk\/katalog\/ventilator-vortice-ca-315-md-se-w\/#breadcrumb","itemListElement":[{"@type":"ListItem","position":1,"name":"Domovsk\u00e1 str\u00e1nka","item":"https:\/\/klimavex.eu\/sk\/"},{"@type":"ListItem","position":2,"name":"Eshop","item":"https:\/\/klimavex.eu\/sk\/eshop\/"},{"@type":"ListItem","position":3,"name":"Ventil\u00e1tor Vortice CA 315 MD SE W"}]},{"@type":"WebSite","@id":"https:\/\/klimavex.eu\/sk\/#website","url":"https:\/\/klimavex.eu\/sk\/","name":"KLIMAVEX GROUP - Slovensko","description":"","publisher":{"@id":"https:\/\/klimavex.eu\/sk\/#organization"},"alternateName":"KLIMAVEX a.s.","potentialAction":[{"@type":"SearchAction","target":{"@type":"EntryPoint","urlTemplate":"https:\/\/klimavex.eu\/sk\/?s={search_term_string}"},"query-input":{"@type":"PropertyValueSpecification","valueRequired":true,"valueName":"search_term_string"}}],"inLanguage":"sk-SK"},{"@type":"Organization","@id":"https:\/\/klimavex.eu\/sk\/#organization","name":"KLIMAVEX GROUP","alternateName":"KLIMAVEX a.s.","url":"https:\/\/klimavex.eu\/sk\/","logo":{"@type":"ImageObject","inLanguage":"sk-SK","@id":"https:\/\/klimavex.eu\/sk\/#\/schema\/logo\/image\/","url":"https:\/\/klimavex.eu\/sk\/wp-content\/uploads\/2024\/04\/Klimavex-Group-logo.png","contentUrl":"https:\/\/klimavex.eu\/sk\/wp-content\/uploads\/2024\/04\/Klimavex-Group-logo.png","width":1681,"height":472,"caption":"KLIMAVEX GROUP"},"image":{"@id":"https:\/\/klimavex.eu\/sk\/#\/schema\/logo\/image\/"},"sameAs":["https:\/\/www.facebook.com\/klimavex","https:\/\/www.instagram.com\/klimavex_sk\/"]}]}},"_links":{"self":[{"href":"https:\/\/klimavex.eu\/sk\/wp-json\/wp\/v2\/product\/477252","targetHints":{"allow":["GET"]}}],"collection":[{"href":"https:\/\/klimavex.eu\/sk\/wp-json\/wp\/v2\/product"}],"about":[{"href":"https:\/\/klimavex.eu\/sk\/wp-json\/wp\/v2\/types\/product"}],"version-history":[{"count":0,"href":"https:\/\/klimavex.eu\/sk\/wp-json\/wp\/v2\/product\/477252\/revisions"}],"wp:featuredmedia":[{"embeddable":true,"href":"https:\/\/klimavex.eu\/sk\/wp-json\/wp\/v2\/media\/484040"}],"wp:attachment":[{"href":"https:\/\/klimavex.eu\/sk\/wp-json\/wp\/v2\/media?parent=477252"}],"wp:term":[{"taxonomy":"product_cat","embeddable":true,"href":"https:\/\/klimavex.eu\/sk\/wp-json\/wp\/v2\/product_cat?post=477252"},{"taxonomy":"product_tag","embeddable":true,"href":"https:\/\/klimavex.eu\/sk\/wp-json\/wp\/v2\/product_tag?post=477252"}],"curies":[{"name":"wp","href":"https:\/\/api.w.org\/{rel}","templated":true}]}}