{"id":477310,"date":"2026-04-08T21:05:44","date_gmt":"2026-04-08T19:05:44","guid":{"rendered":"https:\/\/klimavex.eu\/sk\/katalog\/ventilator-vortice-vort-qbk-quiet-315\/"},"modified":"2026-04-08T21:05:55","modified_gmt":"2026-04-08T19:05:55","slug":"ventilator-vortice-vort-qbk-quiet-315","status":"publish","type":"product","link":"https:\/\/klimavex.eu\/sk\/katalog\/ventilator-vortice-vort-qbk-quiet-315\/","title":{"rendered":"Ventil\u00e1tor Vortice VORT QBK QUIET 315"},"content":{"rendered":"<p style=\"text-align: justify;\"><strong>K\u013e&uacute;\u010dov&eacute; vlastnosti:<\/strong><\/p>\n<ul>\n<li style=\"text-align: justify;\">Jednoot&aacute;\u010dkov&eacute; motory s gu\u013e&ocirc;\u010dkov&yacute;mi lo\u017eiskami.<\/li>\n<li style=\"text-align: justify;\">Opl&aacute;&scaron;tenie z pozinkovanej ocele, vn&uacute;torne izolovan&eacute; extra hrub&yacute;mi (50mm) protihlukov&yacute;mi melaninov&yacute;mi panelmi s odolnos\u0165ou vo\u010di po\u017eiaru (DIN EN 13501).<\/li>\n<li style=\"text-align: justify;\">Jednoduch&aacute; in&scaron;tal&aacute;cia na podlahu (in&scaron;pek\u010dn&yacute; panel oto\u010den&yacute; smerom nahor) alebo na strop (in&scaron;pek\u010dn&yacute; panel oto\u010den&yacute; smerom nadol).<\/li>\n<li style=\"text-align: justify;\">Nas&aacute;vac&iacute; panel (predrazen&yacute;) na pripojenie kruhov&eacute;ho potrubia.<\/li>\n<li style=\"text-align: justify;\">Ventil&aacute;tor s lopatkami zahnut&yacute;mi dopredu, priamy pohon pomocou jednoot&aacute;\u010dkov&eacute;ho AC motoru (nap&aacute;janie v z&aacute;vislosti od modelu).<\/li>\n<li style=\"text-align: justify;\">Prev&aacute;dzkov&aacute; teplota od -15&deg;C do +50&deg;C.<\/li>\n<li style=\"text-align: justify;\">Krytie IPX4.<\/li>\n<\/ul>\n","protected":false},"excerpt":{"rendered":"<p style=\"text-align: justify;\">N&iacute;zkohlu\u010dn&eacute; radi&aacute;lne skri\u0148ov&eacute; ventil&aacute;tory <strong>Vortice QBK QUIET<\/strong> s&uacute; navrhnut&eacute; pre dom&aacute;ce, komer\u010dn&eacute; alebo priemyseln&eacute; aplik&aacute;cie. Jednoduch&aacute; <strong>in&scaron;tal&aacute;cia na podlahu alebo na strop<\/strong>. Motor s <strong>gu\u013e&ocirc;\u010dkov&yacute;mi lo\u017eiskami<\/strong>, ktor&eacute; zabezpe\u010duj&uacute; dlh&uacute; \u017eivotnos\u0165 a bezporuchov&uacute; prev&aacute;dzku ventil&aacute;toru po\u010das 30000 hod&iacute;n.<\/p>\n","protected":false},"featured_media":484231,"template":"","meta":[],"product_cat":[6064,6056,6065],"product_tag":[],"class_list":{"0":"post-477310","1":"product","2":"type-product","3":"status-publish","4":"has-post-thumbnail","6":"product_cat-ventilatory-archivovane-produkty","7":"product_cat-archivovane-produkty","8":"product_cat-archivovane-produkty-ventilatory","9":"pa_dostupny-tlak-pa-5072","10":"pa_hlucnost-lwa-akusticky-vykon-5335","11":"pa_krytie-ipx4","12":"pa_prevedenie-skrinovy","13":"pa_priemer-napojenia-mm-4292","14":"pa_typ-qbk-quiet","15":"pa_vzduchovy-vykon-qv-m3-5071","16":"pa_znacka-vortice","18":"first","19":"outofstock","20":"taxable","21":"shipping-taxable","22":"purchasable","23":"product-type-simple"},"yoast_head":"<!-- This site is optimized with the Yoast SEO plugin v23.9 - https:\/\/yoast.com\/wordpress\/plugins\/seo\/ -->\n<title>Ventil\u00e1tor Vortice VORT QBK QUIET 315 - KLIMAVEX GROUP - Slovensko<\/title>\n<meta name=\"robots\" content=\"index, follow, max-snippet:-1, max-image-preview:large, max-video-preview:-1\" \/>\n<link rel=\"canonical\" href=\"https:\/\/klimavex.eu\/sk\/katalog\/ventilator-vortice-vort-qbk-quiet-315\/\" \/>\n<meta property=\"og:locale\" content=\"sk_SK\" \/>\n<meta property=\"og:type\" content=\"article\" \/>\n<meta property=\"og:title\" content=\"Ventil\u00e1tor Vortice VORT QBK QUIET 315 - KLIMAVEX GROUP - Slovensko\" \/>\n<meta property=\"og:description\" content=\"N&iacute;zkohlu\u010dn&eacute; radi&aacute;lne skri\u0148ov&eacute; ventil&aacute;tory Vortice QBK QUIET s&uacute; navrhnut&eacute; pre dom&aacute;ce, komer\u010dn&eacute; alebo priemyseln&eacute; aplik&aacute;cie. Jednoduch&aacute; in&scaron;tal&aacute;cia na podlahu alebo na strop. Motor s gu\u013e&ocirc;\u010dkov&yacute;mi lo\u017eiskami, ktor&eacute; zabezpe\u010duj&uacute; dlh&uacute; \u017eivotnos\u0165 a bezporuchov&uacute; prev&aacute;dzku ventil&aacute;toru po\u010das 30000 hod&iacute;n.\" \/>\n<meta property=\"og:url\" content=\"https:\/\/klimavex.eu\/sk\/katalog\/ventilator-vortice-vort-qbk-quiet-315\/\" \/>\n<meta property=\"og:site_name\" content=\"KLIMAVEX GROUP - Slovensko\" \/>\n<meta property=\"article:publisher\" content=\"https:\/\/www.facebook.com\/klimavex\" \/>\n<meta property=\"article:modified_time\" content=\"2026-04-08T19:05:55+00:00\" \/>\n<meta property=\"og:image\" content=\"https:\/\/klimavex.eu\/sk\/wp-content\/uploads\/2025\/09\/lE6UcW-95F99hD83PLdbJwXsjKtAXcmn0vEGxUDnhHk-1.jpeg\" \/>\n\t<meta property=\"og:image:width\" content=\"683\" \/>\n\t<meta property=\"og:image:height\" content=\"512\" \/>\n\t<meta property=\"og:image:type\" content=\"image\/jpeg\" \/>\n<meta name=\"twitter:card\" content=\"summary_large_image\" \/>\n<meta name=\"twitter:label1\" content=\"Predpokladan\u00fd \u010das \u010d\u00edtania\" \/>\n\t<meta name=\"twitter:data1\" content=\"1 min\u00fata\" \/>\n<script type=\"application\/ld+json\" class=\"yoast-schema-graph\">{\"@context\":\"https:\/\/schema.org\",\"@graph\":[{\"@type\":\"WebPage\",\"@id\":\"https:\/\/klimavex.eu\/sk\/katalog\/ventilator-vortice-vort-qbk-quiet-315\/\",\"url\":\"https:\/\/klimavex.eu\/sk\/katalog\/ventilator-vortice-vort-qbk-quiet-315\/\",\"name\":\"Ventil\u00e1tor Vortice VORT QBK QUIET 315 - KLIMAVEX GROUP - Slovensko\",\"isPartOf\":{\"@id\":\"https:\/\/klimavex.eu\/sk\/#website\"},\"primaryImageOfPage\":{\"@id\":\"https:\/\/klimavex.eu\/sk\/katalog\/ventilator-vortice-vort-qbk-quiet-315\/#primaryimage\"},\"image\":{\"@id\":\"https:\/\/klimavex.eu\/sk\/katalog\/ventilator-vortice-vort-qbk-quiet-315\/#primaryimage\"},\"thumbnailUrl\":\"https:\/\/klimavex.eu\/sk\/wp-content\/uploads\/2025\/09\/lE6UcW-95F99hD83PLdbJwXsjKtAXcmn0vEGxUDnhHk-1.jpeg\",\"datePublished\":\"2026-04-08T19:05:44+00:00\",\"dateModified\":\"2026-04-08T19:05:55+00:00\",\"breadcrumb\":{\"@id\":\"https:\/\/klimavex.eu\/sk\/katalog\/ventilator-vortice-vort-qbk-quiet-315\/#breadcrumb\"},\"inLanguage\":\"sk-SK\",\"potentialAction\":[{\"@type\":\"ReadAction\",\"target\":[\"https:\/\/klimavex.eu\/sk\/katalog\/ventilator-vortice-vort-qbk-quiet-315\/\"]}]},{\"@type\":\"ImageObject\",\"inLanguage\":\"sk-SK\",\"@id\":\"https:\/\/klimavex.eu\/sk\/katalog\/ventilator-vortice-vort-qbk-quiet-315\/#primaryimage\",\"url\":\"https:\/\/klimavex.eu\/sk\/wp-content\/uploads\/2025\/09\/lE6UcW-95F99hD83PLdbJwXsjKtAXcmn0vEGxUDnhHk-1.jpeg\",\"contentUrl\":\"https:\/\/klimavex.eu\/sk\/wp-content\/uploads\/2025\/09\/lE6UcW-95F99hD83PLdbJwXsjKtAXcmn0vEGxUDnhHk-1.jpeg\",\"width\":683,\"height\":512},{\"@type\":\"BreadcrumbList\",\"@id\":\"https:\/\/klimavex.eu\/sk\/katalog\/ventilator-vortice-vort-qbk-quiet-315\/#breadcrumb\",\"itemListElement\":[{\"@type\":\"ListItem\",\"position\":1,\"name\":\"Domovsk\u00e1 str\u00e1nka\",\"item\":\"https:\/\/klimavex.eu\/sk\/\"},{\"@type\":\"ListItem\",\"position\":2,\"name\":\"Eshop\",\"item\":\"https:\/\/klimavex.eu\/sk\/eshop\/\"},{\"@type\":\"ListItem\",\"position\":3,\"name\":\"Ventil\u00e1tor Vortice VORT QBK QUIET 315\"}]},{\"@type\":\"WebSite\",\"@id\":\"https:\/\/klimavex.eu\/sk\/#website\",\"url\":\"https:\/\/klimavex.eu\/sk\/\",\"name\":\"KLIMAVEX GROUP - Slovensko\",\"description\":\"\",\"publisher\":{\"@id\":\"https:\/\/klimavex.eu\/sk\/#organization\"},\"alternateName\":\"KLIMAVEX a.s.\",\"potentialAction\":[{\"@type\":\"SearchAction\",\"target\":{\"@type\":\"EntryPoint\",\"urlTemplate\":\"https:\/\/klimavex.eu\/sk\/?s={search_term_string}\"},\"query-input\":{\"@type\":\"PropertyValueSpecification\",\"valueRequired\":true,\"valueName\":\"search_term_string\"}}],\"inLanguage\":\"sk-SK\"},{\"@type\":\"Organization\",\"@id\":\"https:\/\/klimavex.eu\/sk\/#organization\",\"name\":\"KLIMAVEX GROUP\",\"alternateName\":\"KLIMAVEX a.s.\",\"url\":\"https:\/\/klimavex.eu\/sk\/\",\"logo\":{\"@type\":\"ImageObject\",\"inLanguage\":\"sk-SK\",\"@id\":\"https:\/\/klimavex.eu\/sk\/#\/schema\/logo\/image\/\",\"url\":\"https:\/\/klimavex.eu\/sk\/wp-content\/uploads\/2024\/04\/Klimavex-Group-logo.png\",\"contentUrl\":\"https:\/\/klimavex.eu\/sk\/wp-content\/uploads\/2024\/04\/Klimavex-Group-logo.png\",\"width\":1681,\"height\":472,\"caption\":\"KLIMAVEX GROUP\"},\"image\":{\"@id\":\"https:\/\/klimavex.eu\/sk\/#\/schema\/logo\/image\/\"},\"sameAs\":[\"https:\/\/www.facebook.com\/klimavex\",\"https:\/\/www.instagram.com\/klimavex_sk\/\"]}]}<\/script>\n<!-- \/ Yoast SEO plugin. -->","yoast_head_json":{"title":"Ventil\u00e1tor Vortice VORT QBK QUIET 315 - KLIMAVEX GROUP - Slovensko","robots":{"index":"index","follow":"follow","max-snippet":"max-snippet:-1","max-image-preview":"max-image-preview:large","max-video-preview":"max-video-preview:-1"},"canonical":"https:\/\/klimavex.eu\/sk\/katalog\/ventilator-vortice-vort-qbk-quiet-315\/","og_locale":"sk_SK","og_type":"article","og_title":"Ventil\u00e1tor Vortice VORT QBK QUIET 315 - KLIMAVEX GROUP - Slovensko","og_description":"N&iacute;zkohlu\u010dn&eacute; radi&aacute;lne skri\u0148ov&eacute; ventil&aacute;tory Vortice QBK QUIET s&uacute; navrhnut&eacute; pre dom&aacute;ce, komer\u010dn&eacute; alebo priemyseln&eacute; aplik&aacute;cie. Jednoduch&aacute; in&scaron;tal&aacute;cia na podlahu alebo na strop. Motor s gu\u013e&ocirc;\u010dkov&yacute;mi lo\u017eiskami, ktor&eacute; zabezpe\u010duj&uacute; dlh&uacute; \u017eivotnos\u0165 a bezporuchov&uacute; prev&aacute;dzku ventil&aacute;toru po\u010das 30000 hod&iacute;n.","og_url":"https:\/\/klimavex.eu\/sk\/katalog\/ventilator-vortice-vort-qbk-quiet-315\/","og_site_name":"KLIMAVEX GROUP - Slovensko","article_publisher":"https:\/\/www.facebook.com\/klimavex","article_modified_time":"2026-04-08T19:05:55+00:00","og_image":[{"width":683,"height":512,"url":"https:\/\/klimavex.eu\/sk\/wp-content\/uploads\/2025\/09\/lE6UcW-95F99hD83PLdbJwXsjKtAXcmn0vEGxUDnhHk-1.jpeg","type":"image\/jpeg"}],"twitter_card":"summary_large_image","twitter_misc":{"Predpokladan\u00fd \u010das \u010d\u00edtania":"1 min\u00fata"},"schema":{"@context":"https:\/\/schema.org","@graph":[{"@type":"WebPage","@id":"https:\/\/klimavex.eu\/sk\/katalog\/ventilator-vortice-vort-qbk-quiet-315\/","url":"https:\/\/klimavex.eu\/sk\/katalog\/ventilator-vortice-vort-qbk-quiet-315\/","name":"Ventil\u00e1tor Vortice VORT QBK QUIET 315 - KLIMAVEX GROUP - Slovensko","isPartOf":{"@id":"https:\/\/klimavex.eu\/sk\/#website"},"primaryImageOfPage":{"@id":"https:\/\/klimavex.eu\/sk\/katalog\/ventilator-vortice-vort-qbk-quiet-315\/#primaryimage"},"image":{"@id":"https:\/\/klimavex.eu\/sk\/katalog\/ventilator-vortice-vort-qbk-quiet-315\/#primaryimage"},"thumbnailUrl":"https:\/\/klimavex.eu\/sk\/wp-content\/uploads\/2025\/09\/lE6UcW-95F99hD83PLdbJwXsjKtAXcmn0vEGxUDnhHk-1.jpeg","datePublished":"2026-04-08T19:05:44+00:00","dateModified":"2026-04-08T19:05:55+00:00","breadcrumb":{"@id":"https:\/\/klimavex.eu\/sk\/katalog\/ventilator-vortice-vort-qbk-quiet-315\/#breadcrumb"},"inLanguage":"sk-SK","potentialAction":[{"@type":"ReadAction","target":["https:\/\/klimavex.eu\/sk\/katalog\/ventilator-vortice-vort-qbk-quiet-315\/"]}]},{"@type":"ImageObject","inLanguage":"sk-SK","@id":"https:\/\/klimavex.eu\/sk\/katalog\/ventilator-vortice-vort-qbk-quiet-315\/#primaryimage","url":"https:\/\/klimavex.eu\/sk\/wp-content\/uploads\/2025\/09\/lE6UcW-95F99hD83PLdbJwXsjKtAXcmn0vEGxUDnhHk-1.jpeg","contentUrl":"https:\/\/klimavex.eu\/sk\/wp-content\/uploads\/2025\/09\/lE6UcW-95F99hD83PLdbJwXsjKtAXcmn0vEGxUDnhHk-1.jpeg","width":683,"height":512},{"@type":"BreadcrumbList","@id":"https:\/\/klimavex.eu\/sk\/katalog\/ventilator-vortice-vort-qbk-quiet-315\/#breadcrumb","itemListElement":[{"@type":"ListItem","position":1,"name":"Domovsk\u00e1 str\u00e1nka","item":"https:\/\/klimavex.eu\/sk\/"},{"@type":"ListItem","position":2,"name":"Eshop","item":"https:\/\/klimavex.eu\/sk\/eshop\/"},{"@type":"ListItem","position":3,"name":"Ventil\u00e1tor Vortice VORT QBK QUIET 315"}]},{"@type":"WebSite","@id":"https:\/\/klimavex.eu\/sk\/#website","url":"https:\/\/klimavex.eu\/sk\/","name":"KLIMAVEX GROUP - Slovensko","description":"","publisher":{"@id":"https:\/\/klimavex.eu\/sk\/#organization"},"alternateName":"KLIMAVEX a.s.","potentialAction":[{"@type":"SearchAction","target":{"@type":"EntryPoint","urlTemplate":"https:\/\/klimavex.eu\/sk\/?s={search_term_string}"},"query-input":{"@type":"PropertyValueSpecification","valueRequired":true,"valueName":"search_term_string"}}],"inLanguage":"sk-SK"},{"@type":"Organization","@id":"https:\/\/klimavex.eu\/sk\/#organization","name":"KLIMAVEX GROUP","alternateName":"KLIMAVEX a.s.","url":"https:\/\/klimavex.eu\/sk\/","logo":{"@type":"ImageObject","inLanguage":"sk-SK","@id":"https:\/\/klimavex.eu\/sk\/#\/schema\/logo\/image\/","url":"https:\/\/klimavex.eu\/sk\/wp-content\/uploads\/2024\/04\/Klimavex-Group-logo.png","contentUrl":"https:\/\/klimavex.eu\/sk\/wp-content\/uploads\/2024\/04\/Klimavex-Group-logo.png","width":1681,"height":472,"caption":"KLIMAVEX GROUP"},"image":{"@id":"https:\/\/klimavex.eu\/sk\/#\/schema\/logo\/image\/"},"sameAs":["https:\/\/www.facebook.com\/klimavex","https:\/\/www.instagram.com\/klimavex_sk\/"]}]}},"_links":{"self":[{"href":"https:\/\/klimavex.eu\/sk\/wp-json\/wp\/v2\/product\/477310","targetHints":{"allow":["GET"]}}],"collection":[{"href":"https:\/\/klimavex.eu\/sk\/wp-json\/wp\/v2\/product"}],"about":[{"href":"https:\/\/klimavex.eu\/sk\/wp-json\/wp\/v2\/types\/product"}],"version-history":[{"count":0,"href":"https:\/\/klimavex.eu\/sk\/wp-json\/wp\/v2\/product\/477310\/revisions"}],"wp:featuredmedia":[{"embeddable":true,"href":"https:\/\/klimavex.eu\/sk\/wp-json\/wp\/v2\/media\/484231"}],"wp:attachment":[{"href":"https:\/\/klimavex.eu\/sk\/wp-json\/wp\/v2\/media?parent=477310"}],"wp:term":[{"taxonomy":"product_cat","embeddable":true,"href":"https:\/\/klimavex.eu\/sk\/wp-json\/wp\/v2\/product_cat?post=477310"},{"taxonomy":"product_tag","embeddable":true,"href":"https:\/\/klimavex.eu\/sk\/wp-json\/wp\/v2\/product_tag?post=477310"}],"curies":[{"name":"wp","href":"https:\/\/api.w.org\/{rel}","templated":true}]}}