{"id":477313,"date":"2026-04-30T15:18:04","date_gmt":"2026-04-30T13:18:04","guid":{"rendered":"https:\/\/klimavex.eu\/sk\/katalog\/infracerveny-ohrievac-vortice-thermologika-design-antracite-antracitova-farba\/"},"modified":"2026-04-30T15:18:06","modified_gmt":"2026-04-30T13:18:06","slug":"infracerveny-ohrievac-vortice-thermologika-design-antracite-antracitova-farba","status":"publish","type":"product","link":"https:\/\/klimavex.eu\/sk\/katalog\/infracerveny-ohrievac-vortice-thermologika-design-antracite-antracitova-farba\/","title":{"rendered":"Infra\u010derven\u00fd ohrieva\u010d Vortice Thermologika Design Antracite (antracitov\u00e1 farba)"},"content":{"rendered":"<p style=\"text-align: justify;\"><strong>K\u013e&uacute;\u010dov&eacute; vlastnosti:<\/strong><\/p>\n<ul>\n<li style=\"text-align: justify;\">\u010cas nahrievania cca 30s &ndash; stav okam\u017eit&eacute;ho pohodlia po zapnut&iacute;.<\/li>\n<li style=\"text-align: justify;\">Bo\u010dn&eacute; panely z liateho hlin&iacute;ka v&nbsp;\u010diernej farbe.<\/li>\n<li style=\"text-align: justify;\">Predn&aacute; mrie\u017eka z nerezov&yacute;ch ty\u010diek.<\/li>\n<li style=\"text-align: justify;\">Pevn&aacute; a \u013eahk&aacute; kon&scaron;trukcia.<\/li>\n<li style=\"text-align: justify;\">Obsahuje tri infra\u010derven&eacute; \u017eiarivky &#8211; ka\u017ed&uacute; s v&yacute;konom 600W.<\/li>\n<li style=\"text-align: justify;\">Lankov&eacute; ovl&aacute;danie.<\/li>\n<li style=\"text-align: justify;\">Mont&aacute;\u017e na stenu iba vo vodorovnej polohe pomocou prilo\u017eenej konzoly. In&scaron;tal&aacute;cia sa prev&aacute;dza jednoduch&yacute;m nasunut&iacute;m na konzolu a zaisten&iacute;m pomocou bezpe\u010dnostnej skrutky.<\/li>\n<li style=\"text-align: justify;\">Mo\u017en&yacute; uhol n&aacute;klonu 0&deg; &#8211; 20&deg; polohovan&iacute;m po nain&scaron;talovanej konzole.<\/li>\n<li style=\"text-align: justify;\">Tich&aacute; prev&aacute;dzka &#8211; neobsahuje \u017eiadne pohybliv&eacute; \u010dasti.<\/li>\n<li style=\"text-align: justify;\">Svorkovnica pre el. pripojenie sa nach&aacute;dza v zadnej \u010dasti pod krytom.<\/li>\n<li style=\"text-align: justify;\">Krytie IPX4.<\/li>\n<li style=\"text-align: justify;\">Trieda izol&aacute;cie CL1 &#8211; zariadenie mus&iacute; by\u0165 uzemnen&eacute;.<\/li>\n<li style=\"text-align: justify;\">Mo\u017enos\u0165 s&eacute;riovej alebo paralelnej in&scaron;tal&aacute;cie 2 ohrieva\u010dov pomocou volite\u013en&eacute;ho pr&iacute;slu&scaron;enstva.<\/li>\n<li style=\"text-align: justify;\">Mo\u017enos\u0165 mont&aacute;\u017ee v&nbsp;miestnostiach s vysokou relat&iacute;vnou vlhkos\u0165ou.<\/li>\n<li style=\"text-align: justify;\">Minim&aacute;lna odpor&uacute;\u010dan&aacute; vzdialenos\u0165 od podlahy je 1,8m a od stropu 50cm.<\/li>\n<\/ul>\n","protected":false},"excerpt":{"rendered":"<p style=\"text-align: justify;\">N&aacute;stenn&yacute; infra\u010derven&yacute; ohrieva\u010d <strong>Vortice Thermologika<\/strong> je vhodn&yacute; pre <strong>vykurovanie v&nbsp;uzavret&yacute;ch alebo otvoren&yacute;ch priestoroch<\/strong>, ako s&uacute; stavebn&eacute; priestory, obchody, sklady, dom&aacute;cnosti, zimn&eacute; terasy, gar&aacute;\u017ee apod., s&nbsp;po\u017eiadavkou <strong>priameho tepla<\/strong>. Teplo z&nbsp; ohrieva\u010da sa &scaron;&iacute;ri r&yacute;chlos\u0165ou svetla k \u013eu\u010fom a okolit&yacute;m predmetom (nie je potrebn&eacute; ohria\u0165 cel&uacute; miestnos\u0165) a vytv&aacute;ra tak pohodln&eacute; teplotn&eacute; podmienky. Princ&iacute;p podobn&yacute; slne\u010dn&eacute;mu \u017eiareniu. Model v&nbsp;sivo-antracitovom preveden&iacute;, s&nbsp;kladivkovou povrchovou &uacute;pravou.<\/p>\n","protected":false},"featured_media":484246,"template":"","meta":[],"product_cat":[1297,2084,2056],"product_tag":[],"class_list":{"0":"post-477313","1":"product","2":"type-product","3":"status-publish","4":"has-post-thumbnail","6":"product_cat-ventilatory","7":"product_cat-thermologika","8":"product_cat-elektricke-ohrievace-a-cistice-vzduchu","9":"pa_el-prikon-w-600-1200-1800","10":"pa_krytie-ipx4","11":"pa_prevedenie-infraohrievac","12":"pa_typ-thermologika","13":"pa_znacka-vortice","15":"first","16":"instock","17":"taxable","18":"shipping-taxable","19":"purchasable","20":"product-type-simple"},"yoast_head":"<!-- This site is optimized with the Yoast SEO plugin v23.9 - https:\/\/yoast.com\/wordpress\/plugins\/seo\/ -->\n<title>Infra\u010derven\u00fd ohrieva\u010d Vortice Thermologika Design Antracite (antracitov\u00e1 farba) - KLIMAVEX GROUP - Slovensko<\/title>\n<meta name=\"robots\" content=\"index, follow, max-snippet:-1, max-image-preview:large, max-video-preview:-1\" \/>\n<link rel=\"canonical\" href=\"https:\/\/klimavex.eu\/sk\/katalog\/infracerveny-ohrievac-vortice-thermologika-design-antracite-antracitova-farba\/\" \/>\n<meta property=\"og:locale\" content=\"sk_SK\" \/>\n<meta property=\"og:type\" content=\"article\" \/>\n<meta property=\"og:title\" content=\"Infra\u010derven\u00fd ohrieva\u010d Vortice Thermologika Design Antracite (antracitov\u00e1 farba) - KLIMAVEX GROUP - Slovensko\" \/>\n<meta property=\"og:description\" content=\"N&aacute;stenn&yacute; infra\u010derven&yacute; ohrieva\u010d Vortice Thermologika je vhodn&yacute; pre vykurovanie v&nbsp;uzavret&yacute;ch alebo otvoren&yacute;ch priestoroch, ako s&uacute; stavebn&eacute; priestory, obchody, sklady, dom&aacute;cnosti, zimn&eacute; terasy, gar&aacute;\u017ee apod., s&nbsp;po\u017eiadavkou priameho tepla. Teplo z&nbsp; ohrieva\u010da sa &scaron;&iacute;ri r&yacute;chlos\u0165ou svetla k \u013eu\u010fom a okolit&yacute;m predmetom (nie je potrebn&eacute; ohria\u0165 cel&uacute; miestnos\u0165) a vytv&aacute;ra tak pohodln&eacute; teplotn&eacute; podmienky. Princ&iacute;p podobn&yacute; slne\u010dn&eacute;mu \u017eiareniu. Model v&nbsp;sivo-antracitovom preveden&iacute;, s&nbsp;kladivkovou povrchovou &uacute;pravou.\" \/>\n<meta property=\"og:url\" content=\"https:\/\/klimavex.eu\/sk\/katalog\/infracerveny-ohrievac-vortice-thermologika-design-antracite-antracitova-farba\/\" \/>\n<meta property=\"og:site_name\" content=\"KLIMAVEX GROUP - Slovensko\" \/>\n<meta property=\"article:publisher\" content=\"https:\/\/www.facebook.com\/klimavex\" \/>\n<meta property=\"article:modified_time\" content=\"2026-04-30T13:18:06+00:00\" \/>\n<meta property=\"og:image\" content=\"https:\/\/klimavex.eu\/sk\/wp-content\/uploads\/2025\/09\/MW7tjj4Sf9oY-fjLcywCVtAwnjhp5H5R93l93ouVGMM.png\" \/>\n\t<meta property=\"og:image:width\" content=\"572\" \/>\n\t<meta property=\"og:image:height\" content=\"512\" \/>\n\t<meta property=\"og:image:type\" content=\"image\/png\" \/>\n<meta name=\"twitter:card\" content=\"summary_large_image\" \/>\n<meta name=\"twitter:label1\" content=\"Predpokladan\u00fd \u010das \u010d\u00edtania\" \/>\n\t<meta name=\"twitter:data1\" content=\"1 min\u00fata\" \/>\n<script type=\"application\/ld+json\" class=\"yoast-schema-graph\">{\"@context\":\"https:\/\/schema.org\",\"@graph\":[{\"@type\":\"WebPage\",\"@id\":\"https:\/\/klimavex.eu\/sk\/katalog\/infracerveny-ohrievac-vortice-thermologika-design-antracite-antracitova-farba\/\",\"url\":\"https:\/\/klimavex.eu\/sk\/katalog\/infracerveny-ohrievac-vortice-thermologika-design-antracite-antracitova-farba\/\",\"name\":\"Infra\u010derven\u00fd ohrieva\u010d Vortice Thermologika Design Antracite (antracitov\u00e1 farba) - KLIMAVEX GROUP - Slovensko\",\"isPartOf\":{\"@id\":\"https:\/\/klimavex.eu\/sk\/#website\"},\"primaryImageOfPage\":{\"@id\":\"https:\/\/klimavex.eu\/sk\/katalog\/infracerveny-ohrievac-vortice-thermologika-design-antracite-antracitova-farba\/#primaryimage\"},\"image\":{\"@id\":\"https:\/\/klimavex.eu\/sk\/katalog\/infracerveny-ohrievac-vortice-thermologika-design-antracite-antracitova-farba\/#primaryimage\"},\"thumbnailUrl\":\"https:\/\/klimavex.eu\/sk\/wp-content\/uploads\/2025\/09\/MW7tjj4Sf9oY-fjLcywCVtAwnjhp5H5R93l93ouVGMM.png\",\"datePublished\":\"2026-04-30T13:18:04+00:00\",\"dateModified\":\"2026-04-30T13:18:06+00:00\",\"breadcrumb\":{\"@id\":\"https:\/\/klimavex.eu\/sk\/katalog\/infracerveny-ohrievac-vortice-thermologika-design-antracite-antracitova-farba\/#breadcrumb\"},\"inLanguage\":\"sk-SK\",\"potentialAction\":[{\"@type\":\"ReadAction\",\"target\":[\"https:\/\/klimavex.eu\/sk\/katalog\/infracerveny-ohrievac-vortice-thermologika-design-antracite-antracitova-farba\/\"]}]},{\"@type\":\"ImageObject\",\"inLanguage\":\"sk-SK\",\"@id\":\"https:\/\/klimavex.eu\/sk\/katalog\/infracerveny-ohrievac-vortice-thermologika-design-antracite-antracitova-farba\/#primaryimage\",\"url\":\"https:\/\/klimavex.eu\/sk\/wp-content\/uploads\/2025\/09\/MW7tjj4Sf9oY-fjLcywCVtAwnjhp5H5R93l93ouVGMM.png\",\"contentUrl\":\"https:\/\/klimavex.eu\/sk\/wp-content\/uploads\/2025\/09\/MW7tjj4Sf9oY-fjLcywCVtAwnjhp5H5R93l93ouVGMM.png\",\"width\":572,\"height\":512},{\"@type\":\"BreadcrumbList\",\"@id\":\"https:\/\/klimavex.eu\/sk\/katalog\/infracerveny-ohrievac-vortice-thermologika-design-antracite-antracitova-farba\/#breadcrumb\",\"itemListElement\":[{\"@type\":\"ListItem\",\"position\":1,\"name\":\"Domovsk\u00e1 str\u00e1nka\",\"item\":\"https:\/\/klimavex.eu\/sk\/\"},{\"@type\":\"ListItem\",\"position\":2,\"name\":\"Eshop\",\"item\":\"https:\/\/klimavex.eu\/sk\/eshop\/\"},{\"@type\":\"ListItem\",\"position\":3,\"name\":\"Infra\u010derven\u00fd ohrieva\u010d Vortice Thermologika Design Antracite (antracitov\u00e1 farba)\"}]},{\"@type\":\"WebSite\",\"@id\":\"https:\/\/klimavex.eu\/sk\/#website\",\"url\":\"https:\/\/klimavex.eu\/sk\/\",\"name\":\"KLIMAVEX GROUP - Slovensko\",\"description\":\"\",\"publisher\":{\"@id\":\"https:\/\/klimavex.eu\/sk\/#organization\"},\"alternateName\":\"KLIMAVEX a.s.\",\"potentialAction\":[{\"@type\":\"SearchAction\",\"target\":{\"@type\":\"EntryPoint\",\"urlTemplate\":\"https:\/\/klimavex.eu\/sk\/?s={search_term_string}\"},\"query-input\":{\"@type\":\"PropertyValueSpecification\",\"valueRequired\":true,\"valueName\":\"search_term_string\"}}],\"inLanguage\":\"sk-SK\"},{\"@type\":\"Organization\",\"@id\":\"https:\/\/klimavex.eu\/sk\/#organization\",\"name\":\"KLIMAVEX GROUP\",\"alternateName\":\"KLIMAVEX a.s.\",\"url\":\"https:\/\/klimavex.eu\/sk\/\",\"logo\":{\"@type\":\"ImageObject\",\"inLanguage\":\"sk-SK\",\"@id\":\"https:\/\/klimavex.eu\/sk\/#\/schema\/logo\/image\/\",\"url\":\"https:\/\/klimavex.eu\/sk\/wp-content\/uploads\/2024\/04\/Klimavex-Group-logo.png\",\"contentUrl\":\"https:\/\/klimavex.eu\/sk\/wp-content\/uploads\/2024\/04\/Klimavex-Group-logo.png\",\"width\":1681,\"height\":472,\"caption\":\"KLIMAVEX GROUP\"},\"image\":{\"@id\":\"https:\/\/klimavex.eu\/sk\/#\/schema\/logo\/image\/\"},\"sameAs\":[\"https:\/\/www.facebook.com\/klimavex\",\"https:\/\/www.instagram.com\/klimavex_sk\/\"]}]}<\/script>\n<!-- \/ Yoast SEO plugin. -->","yoast_head_json":{"title":"Infra\u010derven\u00fd ohrieva\u010d Vortice Thermologika Design Antracite (antracitov\u00e1 farba) - KLIMAVEX GROUP - Slovensko","robots":{"index":"index","follow":"follow","max-snippet":"max-snippet:-1","max-image-preview":"max-image-preview:large","max-video-preview":"max-video-preview:-1"},"canonical":"https:\/\/klimavex.eu\/sk\/katalog\/infracerveny-ohrievac-vortice-thermologika-design-antracite-antracitova-farba\/","og_locale":"sk_SK","og_type":"article","og_title":"Infra\u010derven\u00fd ohrieva\u010d Vortice Thermologika Design Antracite (antracitov\u00e1 farba) - KLIMAVEX GROUP - Slovensko","og_description":"N&aacute;stenn&yacute; infra\u010derven&yacute; ohrieva\u010d Vortice Thermologika je vhodn&yacute; pre vykurovanie v&nbsp;uzavret&yacute;ch alebo otvoren&yacute;ch priestoroch, ako s&uacute; stavebn&eacute; priestory, obchody, sklady, dom&aacute;cnosti, zimn&eacute; terasy, gar&aacute;\u017ee apod., s&nbsp;po\u017eiadavkou priameho tepla. Teplo z&nbsp; ohrieva\u010da sa &scaron;&iacute;ri r&yacute;chlos\u0165ou svetla k \u013eu\u010fom a okolit&yacute;m predmetom (nie je potrebn&eacute; ohria\u0165 cel&uacute; miestnos\u0165) a vytv&aacute;ra tak pohodln&eacute; teplotn&eacute; podmienky. Princ&iacute;p podobn&yacute; slne\u010dn&eacute;mu \u017eiareniu. Model v&nbsp;sivo-antracitovom preveden&iacute;, s&nbsp;kladivkovou povrchovou &uacute;pravou.","og_url":"https:\/\/klimavex.eu\/sk\/katalog\/infracerveny-ohrievac-vortice-thermologika-design-antracite-antracitova-farba\/","og_site_name":"KLIMAVEX GROUP - Slovensko","article_publisher":"https:\/\/www.facebook.com\/klimavex","article_modified_time":"2026-04-30T13:18:06+00:00","og_image":[{"width":572,"height":512,"url":"https:\/\/klimavex.eu\/sk\/wp-content\/uploads\/2025\/09\/MW7tjj4Sf9oY-fjLcywCVtAwnjhp5H5R93l93ouVGMM.png","type":"image\/png"}],"twitter_card":"summary_large_image","twitter_misc":{"Predpokladan\u00fd \u010das \u010d\u00edtania":"1 min\u00fata"},"schema":{"@context":"https:\/\/schema.org","@graph":[{"@type":"WebPage","@id":"https:\/\/klimavex.eu\/sk\/katalog\/infracerveny-ohrievac-vortice-thermologika-design-antracite-antracitova-farba\/","url":"https:\/\/klimavex.eu\/sk\/katalog\/infracerveny-ohrievac-vortice-thermologika-design-antracite-antracitova-farba\/","name":"Infra\u010derven\u00fd ohrieva\u010d Vortice Thermologika Design Antracite (antracitov\u00e1 farba) - KLIMAVEX GROUP - Slovensko","isPartOf":{"@id":"https:\/\/klimavex.eu\/sk\/#website"},"primaryImageOfPage":{"@id":"https:\/\/klimavex.eu\/sk\/katalog\/infracerveny-ohrievac-vortice-thermologika-design-antracite-antracitova-farba\/#primaryimage"},"image":{"@id":"https:\/\/klimavex.eu\/sk\/katalog\/infracerveny-ohrievac-vortice-thermologika-design-antracite-antracitova-farba\/#primaryimage"},"thumbnailUrl":"https:\/\/klimavex.eu\/sk\/wp-content\/uploads\/2025\/09\/MW7tjj4Sf9oY-fjLcywCVtAwnjhp5H5R93l93ouVGMM.png","datePublished":"2026-04-30T13:18:04+00:00","dateModified":"2026-04-30T13:18:06+00:00","breadcrumb":{"@id":"https:\/\/klimavex.eu\/sk\/katalog\/infracerveny-ohrievac-vortice-thermologika-design-antracite-antracitova-farba\/#breadcrumb"},"inLanguage":"sk-SK","potentialAction":[{"@type":"ReadAction","target":["https:\/\/klimavex.eu\/sk\/katalog\/infracerveny-ohrievac-vortice-thermologika-design-antracite-antracitova-farba\/"]}]},{"@type":"ImageObject","inLanguage":"sk-SK","@id":"https:\/\/klimavex.eu\/sk\/katalog\/infracerveny-ohrievac-vortice-thermologika-design-antracite-antracitova-farba\/#primaryimage","url":"https:\/\/klimavex.eu\/sk\/wp-content\/uploads\/2025\/09\/MW7tjj4Sf9oY-fjLcywCVtAwnjhp5H5R93l93ouVGMM.png","contentUrl":"https:\/\/klimavex.eu\/sk\/wp-content\/uploads\/2025\/09\/MW7tjj4Sf9oY-fjLcywCVtAwnjhp5H5R93l93ouVGMM.png","width":572,"height":512},{"@type":"BreadcrumbList","@id":"https:\/\/klimavex.eu\/sk\/katalog\/infracerveny-ohrievac-vortice-thermologika-design-antracite-antracitova-farba\/#breadcrumb","itemListElement":[{"@type":"ListItem","position":1,"name":"Domovsk\u00e1 str\u00e1nka","item":"https:\/\/klimavex.eu\/sk\/"},{"@type":"ListItem","position":2,"name":"Eshop","item":"https:\/\/klimavex.eu\/sk\/eshop\/"},{"@type":"ListItem","position":3,"name":"Infra\u010derven\u00fd ohrieva\u010d Vortice Thermologika Design Antracite (antracitov\u00e1 farba)"}]},{"@type":"WebSite","@id":"https:\/\/klimavex.eu\/sk\/#website","url":"https:\/\/klimavex.eu\/sk\/","name":"KLIMAVEX GROUP - Slovensko","description":"","publisher":{"@id":"https:\/\/klimavex.eu\/sk\/#organization"},"alternateName":"KLIMAVEX a.s.","potentialAction":[{"@type":"SearchAction","target":{"@type":"EntryPoint","urlTemplate":"https:\/\/klimavex.eu\/sk\/?s={search_term_string}"},"query-input":{"@type":"PropertyValueSpecification","valueRequired":true,"valueName":"search_term_string"}}],"inLanguage":"sk-SK"},{"@type":"Organization","@id":"https:\/\/klimavex.eu\/sk\/#organization","name":"KLIMAVEX GROUP","alternateName":"KLIMAVEX a.s.","url":"https:\/\/klimavex.eu\/sk\/","logo":{"@type":"ImageObject","inLanguage":"sk-SK","@id":"https:\/\/klimavex.eu\/sk\/#\/schema\/logo\/image\/","url":"https:\/\/klimavex.eu\/sk\/wp-content\/uploads\/2024\/04\/Klimavex-Group-logo.png","contentUrl":"https:\/\/klimavex.eu\/sk\/wp-content\/uploads\/2024\/04\/Klimavex-Group-logo.png","width":1681,"height":472,"caption":"KLIMAVEX GROUP"},"image":{"@id":"https:\/\/klimavex.eu\/sk\/#\/schema\/logo\/image\/"},"sameAs":["https:\/\/www.facebook.com\/klimavex","https:\/\/www.instagram.com\/klimavex_sk\/"]}]}},"_links":{"self":[{"href":"https:\/\/klimavex.eu\/sk\/wp-json\/wp\/v2\/product\/477313","targetHints":{"allow":["GET"]}}],"collection":[{"href":"https:\/\/klimavex.eu\/sk\/wp-json\/wp\/v2\/product"}],"about":[{"href":"https:\/\/klimavex.eu\/sk\/wp-json\/wp\/v2\/types\/product"}],"version-history":[{"count":0,"href":"https:\/\/klimavex.eu\/sk\/wp-json\/wp\/v2\/product\/477313\/revisions"}],"wp:featuredmedia":[{"embeddable":true,"href":"https:\/\/klimavex.eu\/sk\/wp-json\/wp\/v2\/media\/484246"}],"wp:attachment":[{"href":"https:\/\/klimavex.eu\/sk\/wp-json\/wp\/v2\/media?parent=477313"}],"wp:term":[{"taxonomy":"product_cat","embeddable":true,"href":"https:\/\/klimavex.eu\/sk\/wp-json\/wp\/v2\/product_cat?post=477313"},{"taxonomy":"product_tag","embeddable":true,"href":"https:\/\/klimavex.eu\/sk\/wp-json\/wp\/v2\/product_tag?post=477313"}],"curies":[{"name":"wp","href":"https:\/\/api.w.org\/{rel}","templated":true}]}}