{"id":477321,"date":"2026-03-31T18:45:53","date_gmt":"2026-03-31T16:45:53","guid":{"rendered":"https:\/\/klimavex.eu\/sk\/katalog\/vortice-krabica-qe-b-i-k90-s-krabica-pre-zapustenu-montaz-s-poziarnou-upravou-k90-s-poziarnou-spatnou-klapkou-k90-a-bocnym-vyfukom\/"},"modified":"2026-03-31T18:45:58","modified_gmt":"2026-03-31T16:45:58","slug":"vortice-krabica-qe-b-i-k90-s-krabica-pre-zapustenu-montaz-s-poziarnou-upravou-k90-s-poziarnou-spatnou-klapkou-k90-a-bocnym-vyfukom","status":"publish","type":"product","link":"https:\/\/klimavex.eu\/sk\/katalog\/vortice-krabica-qe-b-i-k90-s-krabica-pre-zapustenu-montaz-s-poziarnou-upravou-k90-s-poziarnou-spatnou-klapkou-k90-a-bocnym-vyfukom\/","title":{"rendered":"Vortice krabica QE-B I K90 S &#8211; krabica pre zapusten\u00fa mont\u00e1\u017e s po\u017eiarnou \u00fapravou K90, s po\u017eiarnou sp\u00e4tnou klapkou K90 a bo\u010dn\u00fdm v\u00fdfukom"},"content":{"rendered":"<p style=\"margin-left:0cm;text-align:justify;\"><span style=\"font-family:Calibri, sans-serif;font-size:11pt;\"><span lang=\"SK\" dir=\"ltr\"><strong>K\u013e\u00fa\u010dov\u00e9 vlastnosti:<\/strong><\/span><\/span><\/p>\n<ul>\n<li>\n<p style=\"text-align:justify;\"><span style=\"font-family:Calibri, sans-serif;font-size:11pt;\"><span lang=\"SK\" dir=\"ltr\">\u017diaruvzdorn\u00fd a oh\u0148ovzdorn\u00fd pl\u00e1\u0161\u0165 K90 na zapusten\u00fa in\u0161tal\u00e1ciu a vyp\u00fa\u0161\u0165anie z hornej strany.<\/span><\/span><\/p>\n<\/li>\n<li>\n<p style=\"text-align:justify;\"><span style=\"font-family:Calibri, sans-serif;font-size:11pt;\"><span lang=\"SK\" dir=\"ltr\">Nerezov\u00e9 hrdlo, integr\u00e1cia oh\u0148ovzdorn\u00e9ho ventilu K90, certifik\u00e1t TUM pod\u013ea DIN 18017-3.<\/span><\/span><\/p>\n<\/li>\n<li>\n<p style=\"text-align:justify;\"><span style=\"font-family:Calibri, sans-serif;font-size:11pt;\"><span lang=\"SK\" dir=\"ltr\">Sp\u00e4tn\u00e1 klapka vyhovuj\u00faca norme DIN 18017-3, certifikovan\u00e1 nemeck\u00fdm in\u0161tit\u00fatom TUV.<\/span><\/span><\/p>\n<\/li>\n<li>\n<p style=\"text-align:justify;\"><span style=\"font-family:Calibri, sans-serif;font-size:11pt;\"><span lang=\"SK\" dir=\"ltr\">Menovit\u00fd priemer v\u00fdvodu: 80 mm.<\/span><\/span><\/p>\n<\/li>\n<li>\n<p style=\"text-align:justify;\"><span style=\"font-family:Calibri, sans-serif;font-size:11pt;\"><span lang=\"SK\" dir=\"ltr\">\u0160tvorcov\u00fd r\u00e1m na zabr\u00e1nenie vnikaniu ne\u010dist\u00f4t a omietky.<\/span><\/span><\/p>\n<\/li>\n<\/ul>\n","protected":false},"excerpt":{"rendered":"<p style=\"margin-left:0cm;text-align:justify;\"><span style=\"font-family:Calibri, sans-serif;font-size:11pt;\"><span lang=\"SK\" dir=\"ltr\">Krabica pre zapusten\u00fa mont\u00e1\u017e s po\u017eiarnou \u00fapravou K90, s po\u017eiarnou sp\u00e4tnou klapkou K90 a bo\u010dn\u00fdm v\u00fdfukom.<\/span><\/span><\/p>\n<p style=\"margin-left:0cm;text-align:justify;\"><span style=\"font-family:Calibri, sans-serif;font-size:11pt;\"><span lang=\"SK\" dir=\"ltr\"><strong>Dostupnos\u0165<\/strong>: \u0160tandardn\u00e1 doba dodania 2-3 t\u00fd\u017edne.<\/span><\/span><\/p>\n","protected":false},"featured_media":484273,"template":"","meta":[],"product_cat":[1909,1908],"product_tag":[],"class_list":{"0":"post-477321","1":"product","2":"type-product","3":"status-publish","4":"has-post-thumbnail","6":"product_cat-krabice-a-prislusenstvo","7":"product_cat-prislusenstvo-ventilatory","8":"pa_typ-prislusenstvo","9":"pa_znacka-vortice","11":"first","12":"instock","13":"taxable","14":"shipping-taxable","15":"purchasable","16":"product-type-simple"},"yoast_head":"<!-- This site is optimized with the Yoast SEO plugin v23.9 - https:\/\/yoast.com\/wordpress\/plugins\/seo\/ -->\n<title>Vortice krabica QE-B I K90 S - krabica pre zapusten\u00fa mont\u00e1\u017e s po\u017eiarnou \u00fapravou K90, s po\u017eiarnou sp\u00e4tnou klapkou K90 a bo\u010dn\u00fdm v\u00fdfukom - KLIMAVEX GROUP - Slovensko<\/title>\n<meta name=\"robots\" content=\"index, follow, max-snippet:-1, max-image-preview:large, max-video-preview:-1\" \/>\n<link rel=\"canonical\" href=\"https:\/\/klimavex.eu\/sk\/katalog\/vortice-krabica-qe-b-i-k90-s-krabica-pre-zapustenu-montaz-s-poziarnou-upravou-k90-s-poziarnou-spatnou-klapkou-k90-a-bocnym-vyfukom\/\" \/>\n<meta property=\"og:locale\" content=\"sk_SK\" \/>\n<meta property=\"og:type\" content=\"article\" \/>\n<meta property=\"og:title\" content=\"Vortice krabica QE-B I K90 S - krabica pre zapusten\u00fa mont\u00e1\u017e s po\u017eiarnou \u00fapravou K90, s po\u017eiarnou sp\u00e4tnou klapkou K90 a bo\u010dn\u00fdm v\u00fdfukom - KLIMAVEX GROUP - Slovensko\" \/>\n<meta property=\"og:description\" content=\"Krabica pre zapusten\u00fa mont\u00e1\u017e s po\u017eiarnou \u00fapravou K90, s po\u017eiarnou sp\u00e4tnou klapkou K90 a bo\u010dn\u00fdm v\u00fdfukom. Dostupnos\u0165: \u0160tandardn\u00e1 doba dodania 2-3 t\u00fd\u017edne.\" \/>\n<meta property=\"og:url\" content=\"https:\/\/klimavex.eu\/sk\/katalog\/vortice-krabica-qe-b-i-k90-s-krabica-pre-zapustenu-montaz-s-poziarnou-upravou-k90-s-poziarnou-spatnou-klapkou-k90-a-bocnym-vyfukom\/\" \/>\n<meta property=\"og:site_name\" content=\"KLIMAVEX GROUP - Slovensko\" \/>\n<meta property=\"article:publisher\" content=\"https:\/\/www.facebook.com\/klimavex\" \/>\n<meta property=\"article:modified_time\" content=\"2026-03-31T16:45:58+00:00\" \/>\n<meta property=\"og:image\" content=\"https:\/\/klimavex.eu\/sk\/wp-content\/uploads\/2025\/09\/V_Y3SBfK64OHPBp6QcczyBM5wC-eioqBQ8IhroR3NiU.png\" \/>\n\t<meta property=\"og:image:width\" content=\"572\" \/>\n\t<meta property=\"og:image:height\" content=\"512\" \/>\n\t<meta property=\"og:image:type\" content=\"image\/png\" \/>\n<meta name=\"twitter:card\" content=\"summary_large_image\" \/>\n<script type=\"application\/ld+json\" class=\"yoast-schema-graph\">{\"@context\":\"https:\/\/schema.org\",\"@graph\":[{\"@type\":\"WebPage\",\"@id\":\"https:\/\/klimavex.eu\/sk\/katalog\/vortice-krabica-qe-b-i-k90-s-krabica-pre-zapustenu-montaz-s-poziarnou-upravou-k90-s-poziarnou-spatnou-klapkou-k90-a-bocnym-vyfukom\/\",\"url\":\"https:\/\/klimavex.eu\/sk\/katalog\/vortice-krabica-qe-b-i-k90-s-krabica-pre-zapustenu-montaz-s-poziarnou-upravou-k90-s-poziarnou-spatnou-klapkou-k90-a-bocnym-vyfukom\/\",\"name\":\"Vortice krabica QE-B I K90 S - krabica pre zapusten\u00fa mont\u00e1\u017e s po\u017eiarnou \u00fapravou K90, s po\u017eiarnou sp\u00e4tnou klapkou K90 a bo\u010dn\u00fdm v\u00fdfukom - KLIMAVEX GROUP - Slovensko\",\"isPartOf\":{\"@id\":\"https:\/\/klimavex.eu\/sk\/#website\"},\"primaryImageOfPage\":{\"@id\":\"https:\/\/klimavex.eu\/sk\/katalog\/vortice-krabica-qe-b-i-k90-s-krabica-pre-zapustenu-montaz-s-poziarnou-upravou-k90-s-poziarnou-spatnou-klapkou-k90-a-bocnym-vyfukom\/#primaryimage\"},\"image\":{\"@id\":\"https:\/\/klimavex.eu\/sk\/katalog\/vortice-krabica-qe-b-i-k90-s-krabica-pre-zapustenu-montaz-s-poziarnou-upravou-k90-s-poziarnou-spatnou-klapkou-k90-a-bocnym-vyfukom\/#primaryimage\"},\"thumbnailUrl\":\"https:\/\/klimavex.eu\/sk\/wp-content\/uploads\/2025\/09\/V_Y3SBfK64OHPBp6QcczyBM5wC-eioqBQ8IhroR3NiU.png\",\"datePublished\":\"2026-03-31T16:45:53+00:00\",\"dateModified\":\"2026-03-31T16:45:58+00:00\",\"breadcrumb\":{\"@id\":\"https:\/\/klimavex.eu\/sk\/katalog\/vortice-krabica-qe-b-i-k90-s-krabica-pre-zapustenu-montaz-s-poziarnou-upravou-k90-s-poziarnou-spatnou-klapkou-k90-a-bocnym-vyfukom\/#breadcrumb\"},\"inLanguage\":\"sk-SK\",\"potentialAction\":[{\"@type\":\"ReadAction\",\"target\":[\"https:\/\/klimavex.eu\/sk\/katalog\/vortice-krabica-qe-b-i-k90-s-krabica-pre-zapustenu-montaz-s-poziarnou-upravou-k90-s-poziarnou-spatnou-klapkou-k90-a-bocnym-vyfukom\/\"]}]},{\"@type\":\"ImageObject\",\"inLanguage\":\"sk-SK\",\"@id\":\"https:\/\/klimavex.eu\/sk\/katalog\/vortice-krabica-qe-b-i-k90-s-krabica-pre-zapustenu-montaz-s-poziarnou-upravou-k90-s-poziarnou-spatnou-klapkou-k90-a-bocnym-vyfukom\/#primaryimage\",\"url\":\"https:\/\/klimavex.eu\/sk\/wp-content\/uploads\/2025\/09\/V_Y3SBfK64OHPBp6QcczyBM5wC-eioqBQ8IhroR3NiU.png\",\"contentUrl\":\"https:\/\/klimavex.eu\/sk\/wp-content\/uploads\/2025\/09\/V_Y3SBfK64OHPBp6QcczyBM5wC-eioqBQ8IhroR3NiU.png\",\"width\":572,\"height\":512},{\"@type\":\"BreadcrumbList\",\"@id\":\"https:\/\/klimavex.eu\/sk\/katalog\/vortice-krabica-qe-b-i-k90-s-krabica-pre-zapustenu-montaz-s-poziarnou-upravou-k90-s-poziarnou-spatnou-klapkou-k90-a-bocnym-vyfukom\/#breadcrumb\",\"itemListElement\":[{\"@type\":\"ListItem\",\"position\":1,\"name\":\"Domovsk\u00e1 str\u00e1nka\",\"item\":\"https:\/\/klimavex.eu\/sk\/\"},{\"@type\":\"ListItem\",\"position\":2,\"name\":\"Eshop\",\"item\":\"https:\/\/klimavex.eu\/sk\/eshop\/\"},{\"@type\":\"ListItem\",\"position\":3,\"name\":\"Vortice krabica QE-B I K90 S &#8211; krabica pre zapusten\u00fa mont\u00e1\u017e s po\u017eiarnou \u00fapravou K90, s po\u017eiarnou sp\u00e4tnou klapkou K90 a bo\u010dn\u00fdm v\u00fdfukom\"}]},{\"@type\":\"WebSite\",\"@id\":\"https:\/\/klimavex.eu\/sk\/#website\",\"url\":\"https:\/\/klimavex.eu\/sk\/\",\"name\":\"KLIMAVEX GROUP - Slovensko\",\"description\":\"\",\"publisher\":{\"@id\":\"https:\/\/klimavex.eu\/sk\/#organization\"},\"alternateName\":\"KLIMAVEX a.s.\",\"potentialAction\":[{\"@type\":\"SearchAction\",\"target\":{\"@type\":\"EntryPoint\",\"urlTemplate\":\"https:\/\/klimavex.eu\/sk\/?s={search_term_string}\"},\"query-input\":{\"@type\":\"PropertyValueSpecification\",\"valueRequired\":true,\"valueName\":\"search_term_string\"}}],\"inLanguage\":\"sk-SK\"},{\"@type\":\"Organization\",\"@id\":\"https:\/\/klimavex.eu\/sk\/#organization\",\"name\":\"KLIMAVEX GROUP\",\"alternateName\":\"KLIMAVEX a.s.\",\"url\":\"https:\/\/klimavex.eu\/sk\/\",\"logo\":{\"@type\":\"ImageObject\",\"inLanguage\":\"sk-SK\",\"@id\":\"https:\/\/klimavex.eu\/sk\/#\/schema\/logo\/image\/\",\"url\":\"https:\/\/klimavex.eu\/sk\/wp-content\/uploads\/2024\/04\/Klimavex-Group-logo.png\",\"contentUrl\":\"https:\/\/klimavex.eu\/sk\/wp-content\/uploads\/2024\/04\/Klimavex-Group-logo.png\",\"width\":1681,\"height\":472,\"caption\":\"KLIMAVEX GROUP\"},\"image\":{\"@id\":\"https:\/\/klimavex.eu\/sk\/#\/schema\/logo\/image\/\"},\"sameAs\":[\"https:\/\/www.facebook.com\/klimavex\",\"https:\/\/www.instagram.com\/klimavex_sk\/\"]}]}<\/script>\n<!-- \/ Yoast SEO plugin. -->","yoast_head_json":{"title":"Vortice krabica QE-B I K90 S - krabica pre zapusten\u00fa mont\u00e1\u017e s po\u017eiarnou \u00fapravou K90, s po\u017eiarnou sp\u00e4tnou klapkou K90 a bo\u010dn\u00fdm v\u00fdfukom - KLIMAVEX GROUP - Slovensko","robots":{"index":"index","follow":"follow","max-snippet":"max-snippet:-1","max-image-preview":"max-image-preview:large","max-video-preview":"max-video-preview:-1"},"canonical":"https:\/\/klimavex.eu\/sk\/katalog\/vortice-krabica-qe-b-i-k90-s-krabica-pre-zapustenu-montaz-s-poziarnou-upravou-k90-s-poziarnou-spatnou-klapkou-k90-a-bocnym-vyfukom\/","og_locale":"sk_SK","og_type":"article","og_title":"Vortice krabica QE-B I K90 S - krabica pre zapusten\u00fa mont\u00e1\u017e s po\u017eiarnou \u00fapravou K90, s po\u017eiarnou sp\u00e4tnou klapkou K90 a bo\u010dn\u00fdm v\u00fdfukom - KLIMAVEX GROUP - Slovensko","og_description":"Krabica pre zapusten\u00fa mont\u00e1\u017e s po\u017eiarnou \u00fapravou K90, s po\u017eiarnou sp\u00e4tnou klapkou K90 a bo\u010dn\u00fdm v\u00fdfukom. Dostupnos\u0165: \u0160tandardn\u00e1 doba dodania 2-3 t\u00fd\u017edne.","og_url":"https:\/\/klimavex.eu\/sk\/katalog\/vortice-krabica-qe-b-i-k90-s-krabica-pre-zapustenu-montaz-s-poziarnou-upravou-k90-s-poziarnou-spatnou-klapkou-k90-a-bocnym-vyfukom\/","og_site_name":"KLIMAVEX GROUP - Slovensko","article_publisher":"https:\/\/www.facebook.com\/klimavex","article_modified_time":"2026-03-31T16:45:58+00:00","og_image":[{"width":572,"height":512,"url":"https:\/\/klimavex.eu\/sk\/wp-content\/uploads\/2025\/09\/V_Y3SBfK64OHPBp6QcczyBM5wC-eioqBQ8IhroR3NiU.png","type":"image\/png"}],"twitter_card":"summary_large_image","schema":{"@context":"https:\/\/schema.org","@graph":[{"@type":"WebPage","@id":"https:\/\/klimavex.eu\/sk\/katalog\/vortice-krabica-qe-b-i-k90-s-krabica-pre-zapustenu-montaz-s-poziarnou-upravou-k90-s-poziarnou-spatnou-klapkou-k90-a-bocnym-vyfukom\/","url":"https:\/\/klimavex.eu\/sk\/katalog\/vortice-krabica-qe-b-i-k90-s-krabica-pre-zapustenu-montaz-s-poziarnou-upravou-k90-s-poziarnou-spatnou-klapkou-k90-a-bocnym-vyfukom\/","name":"Vortice krabica QE-B I K90 S - krabica pre zapusten\u00fa mont\u00e1\u017e s po\u017eiarnou \u00fapravou K90, s po\u017eiarnou sp\u00e4tnou klapkou K90 a bo\u010dn\u00fdm v\u00fdfukom - KLIMAVEX GROUP - Slovensko","isPartOf":{"@id":"https:\/\/klimavex.eu\/sk\/#website"},"primaryImageOfPage":{"@id":"https:\/\/klimavex.eu\/sk\/katalog\/vortice-krabica-qe-b-i-k90-s-krabica-pre-zapustenu-montaz-s-poziarnou-upravou-k90-s-poziarnou-spatnou-klapkou-k90-a-bocnym-vyfukom\/#primaryimage"},"image":{"@id":"https:\/\/klimavex.eu\/sk\/katalog\/vortice-krabica-qe-b-i-k90-s-krabica-pre-zapustenu-montaz-s-poziarnou-upravou-k90-s-poziarnou-spatnou-klapkou-k90-a-bocnym-vyfukom\/#primaryimage"},"thumbnailUrl":"https:\/\/klimavex.eu\/sk\/wp-content\/uploads\/2025\/09\/V_Y3SBfK64OHPBp6QcczyBM5wC-eioqBQ8IhroR3NiU.png","datePublished":"2026-03-31T16:45:53+00:00","dateModified":"2026-03-31T16:45:58+00:00","breadcrumb":{"@id":"https:\/\/klimavex.eu\/sk\/katalog\/vortice-krabica-qe-b-i-k90-s-krabica-pre-zapustenu-montaz-s-poziarnou-upravou-k90-s-poziarnou-spatnou-klapkou-k90-a-bocnym-vyfukom\/#breadcrumb"},"inLanguage":"sk-SK","potentialAction":[{"@type":"ReadAction","target":["https:\/\/klimavex.eu\/sk\/katalog\/vortice-krabica-qe-b-i-k90-s-krabica-pre-zapustenu-montaz-s-poziarnou-upravou-k90-s-poziarnou-spatnou-klapkou-k90-a-bocnym-vyfukom\/"]}]},{"@type":"ImageObject","inLanguage":"sk-SK","@id":"https:\/\/klimavex.eu\/sk\/katalog\/vortice-krabica-qe-b-i-k90-s-krabica-pre-zapustenu-montaz-s-poziarnou-upravou-k90-s-poziarnou-spatnou-klapkou-k90-a-bocnym-vyfukom\/#primaryimage","url":"https:\/\/klimavex.eu\/sk\/wp-content\/uploads\/2025\/09\/V_Y3SBfK64OHPBp6QcczyBM5wC-eioqBQ8IhroR3NiU.png","contentUrl":"https:\/\/klimavex.eu\/sk\/wp-content\/uploads\/2025\/09\/V_Y3SBfK64OHPBp6QcczyBM5wC-eioqBQ8IhroR3NiU.png","width":572,"height":512},{"@type":"BreadcrumbList","@id":"https:\/\/klimavex.eu\/sk\/katalog\/vortice-krabica-qe-b-i-k90-s-krabica-pre-zapustenu-montaz-s-poziarnou-upravou-k90-s-poziarnou-spatnou-klapkou-k90-a-bocnym-vyfukom\/#breadcrumb","itemListElement":[{"@type":"ListItem","position":1,"name":"Domovsk\u00e1 str\u00e1nka","item":"https:\/\/klimavex.eu\/sk\/"},{"@type":"ListItem","position":2,"name":"Eshop","item":"https:\/\/klimavex.eu\/sk\/eshop\/"},{"@type":"ListItem","position":3,"name":"Vortice krabica QE-B I K90 S &#8211; krabica pre zapusten\u00fa mont\u00e1\u017e s po\u017eiarnou \u00fapravou K90, s po\u017eiarnou sp\u00e4tnou klapkou K90 a bo\u010dn\u00fdm v\u00fdfukom"}]},{"@type":"WebSite","@id":"https:\/\/klimavex.eu\/sk\/#website","url":"https:\/\/klimavex.eu\/sk\/","name":"KLIMAVEX GROUP - Slovensko","description":"","publisher":{"@id":"https:\/\/klimavex.eu\/sk\/#organization"},"alternateName":"KLIMAVEX a.s.","potentialAction":[{"@type":"SearchAction","target":{"@type":"EntryPoint","urlTemplate":"https:\/\/klimavex.eu\/sk\/?s={search_term_string}"},"query-input":{"@type":"PropertyValueSpecification","valueRequired":true,"valueName":"search_term_string"}}],"inLanguage":"sk-SK"},{"@type":"Organization","@id":"https:\/\/klimavex.eu\/sk\/#organization","name":"KLIMAVEX GROUP","alternateName":"KLIMAVEX a.s.","url":"https:\/\/klimavex.eu\/sk\/","logo":{"@type":"ImageObject","inLanguage":"sk-SK","@id":"https:\/\/klimavex.eu\/sk\/#\/schema\/logo\/image\/","url":"https:\/\/klimavex.eu\/sk\/wp-content\/uploads\/2024\/04\/Klimavex-Group-logo.png","contentUrl":"https:\/\/klimavex.eu\/sk\/wp-content\/uploads\/2024\/04\/Klimavex-Group-logo.png","width":1681,"height":472,"caption":"KLIMAVEX GROUP"},"image":{"@id":"https:\/\/klimavex.eu\/sk\/#\/schema\/logo\/image\/"},"sameAs":["https:\/\/www.facebook.com\/klimavex","https:\/\/www.instagram.com\/klimavex_sk\/"]}]}},"_links":{"self":[{"href":"https:\/\/klimavex.eu\/sk\/wp-json\/wp\/v2\/product\/477321","targetHints":{"allow":["GET"]}}],"collection":[{"href":"https:\/\/klimavex.eu\/sk\/wp-json\/wp\/v2\/product"}],"about":[{"href":"https:\/\/klimavex.eu\/sk\/wp-json\/wp\/v2\/types\/product"}],"version-history":[{"count":0,"href":"https:\/\/klimavex.eu\/sk\/wp-json\/wp\/v2\/product\/477321\/revisions"}],"wp:featuredmedia":[{"embeddable":true,"href":"https:\/\/klimavex.eu\/sk\/wp-json\/wp\/v2\/media\/484273"}],"wp:attachment":[{"href":"https:\/\/klimavex.eu\/sk\/wp-json\/wp\/v2\/media?parent=477321"}],"wp:term":[{"taxonomy":"product_cat","embeddable":true,"href":"https:\/\/klimavex.eu\/sk\/wp-json\/wp\/v2\/product_cat?post=477321"},{"taxonomy":"product_tag","embeddable":true,"href":"https:\/\/klimavex.eu\/sk\/wp-json\/wp\/v2\/product_tag?post=477321"}],"curies":[{"name":"wp","href":"https:\/\/api.w.org\/{rel}","templated":true}]}}