{"id":477327,"date":"2026-03-31T18:45:53","date_gmt":"2026-03-31T16:45:53","guid":{"rendered":"https:\/\/klimavex.eu\/sk\/katalog\/susic-ruk-vortice-ecodry-ec-automaticky-matna-cierna\/"},"modified":"2026-03-31T18:46:07","modified_gmt":"2026-03-31T16:46:07","slug":"susic-ruk-vortice-ecodry-ec-automaticky-matna-cierna","status":"publish","type":"product","link":"https:\/\/klimavex.eu\/sk\/katalog\/susic-ruk-vortice-ecodry-ec-automaticky-matna-cierna\/","title":{"rendered":"Su\u0161i\u010d r\u00fak Vortice Ecodry EC (automatick\u00fd) matn\u00e1 \u010dierna"},"content":{"rendered":"<p style=\"text-align: justify;\"><strong>K\u013e&uacute;\u010dov&eacute; vlastnosti:<\/strong><\/p>\n<ul>\n<li style=\"text-align: justify;\">Predn&yacute; kryt z nehrdzavej&uacute;cej ocele AISI 304 lakovan&yacute; matnou \u010diernou farbou.<\/li>\n<li style=\"text-align: justify;\">Aktiva\u010dn&aacute; vzdialenos\u0165 infra\u010derven&eacute;ho senzoru, ktor&yacute; riadi spustenie a&nbsp;zastavenie zariadenia, je mo\u017en&eacute; nastavi\u0165 pri in&scaron;tal&aacute;cii od 10 do 20 cm.<\/li>\n<li style=\"text-align: justify;\">EC bezkefov&yacute; motor s n&iacute;zkou spotrebou a zabudovanou tepelnou ochranou (predpokladan&aacute; \u017eivotnos\u0165 3 kr&aacute;t v&auml;\u010d&scaron;ia ako pri AC motoroch).<\/li>\n<li style=\"text-align: justify;\">HEPA filter na nas&aacute;van&iacute; pre zachyt&aacute;vanie ne\u010dist&ocirc;t a garanciu kvalitnej&scaron;ieho vyfukovan&eacute;ho vzduchu.<\/li>\n<li style=\"text-align: justify;\">Automatick&eacute; vypnutie zariadenia po 50 sekund&aacute;ch prev&aacute;dzky.<\/li>\n<li style=\"text-align: justify;\">Elektrick&yacute; odpor s dvojitou ochranou &#8211; tepeln&aacute; poistka a tepeln&yacute; obmedzova\u010d s automatick&yacute;m resetom.<\/li>\n<li style=\"text-align: justify;\">&Scaron;trbinov&eacute; v&yacute;fukov&eacute; otvory pre zabezpe\u010denie vysokotlakov&eacute;ho pr&uacute;du vzduchu a r&yacute;chle vysu&scaron;enie r&uacute;k (pribli\u017ene 12-14 sek&uacute;nd).<\/li>\n<li style=\"text-align: justify;\">N&aacute;stenn&aacute; pr&iacute;ruba &scaron;peci&aacute;lne tvarovan&aacute; pre zn&iacute;\u017eenie vibr&aacute;ci&iacute; a hlu\u010dnosti.<\/li>\n<li style=\"text-align: justify;\">Vn&uacute;torn&eacute; telo so samozh&aacute;&scaron;av&eacute;ho plastu (VO) a zv&yacute;&scaron;enou odolnos\u0165ou vo\u010di teplote.<\/li>\n<li style=\"text-align: justify;\">Signaliz&aacute;cia zanesenia filtra indikovan&aacute; priamo na prednom opl&aacute;&scaron;ten&iacute;.<\/li>\n<li style=\"text-align: justify;\">Sp\u013a\u0148a vysok&eacute; bezpe\u010dnostn&eacute; &scaron;tandardy v s&uacute;lade s medzin&aacute;rodn&yacute;mi normami certifikovan&yacute;mi NEMKO.<\/li>\n<li style=\"text-align: justify;\">Jednoduch&aacute; in&scaron;tal&aacute;cia a &uacute;dr\u017eba.<\/li>\n<li style=\"text-align: justify;\">Krytie IPX4.<\/li>\n<li style=\"text-align: justify;\">Trieda izol&aacute;cie: I (zariadenie mus&iacute; by\u0165 uzemnen&eacute;).<\/li>\n<\/ul>\n","protected":false},"excerpt":{"rendered":"<p style=\"text-align: justify;\">Tryskov&yacute; automatick&yacute; su&scaron;i\u010d r&uacute;k <strong>Vortice Ecodry<\/strong> je navrhnut&yacute; pre z&aacute;\u0165a\u017eov&eacute; aplik&aacute;cie <strong>v&nbsp;k&uacute;pe\u013eniach<\/strong> a&nbsp;priestoroch na verejn&yacute;ch miestach (re&scaron;taur&aacute;cia, hotely, \u010derpacie stanice, baz&eacute;ny, telocvi\u010dne, wellness centr&aacute;, k&uacute;pele apod.). Zaru\u010d&iacute; maxim&aacute;lnu hygienu &ndash; <strong>aktivovan&yacute; bez dotyku<\/strong>, iba pohybom ruky v\u010faka infra\u010derven&eacute;mu senzoru. Citlivos\u0165 sn&iacute;mania infra\u010derven&eacute;ho senzora je mo\u017en&eacute; nastavi\u0165 v rozsahu 10-20cm pri in&scaron;tal&aacute;cii. Mont&aacute;\u017e na stenu.<\/p>\n","protected":false},"featured_media":484301,"template":"","meta":[],"product_cat":[1584,1297,1444],"product_tag":[],"class_list":{"0":"post-477327","1":"product","2":"type-product","3":"status-publish","4":"has-post-thumbnail","6":"product_cat-susice-ruk","7":"product_cat-ventilatory","8":"product_cat-susic-ruk-vlasov-davkovace-mydla","9":"pa_el-prikon-spiraly-w-5201","10":"pa_krytie-ipx4","11":"pa_typ-susic-ruk","12":"pa_vzduchovy-vykon-qv-m3-4923","13":"pa_znacka-vortice","15":"first","16":"instock","17":"taxable","18":"shipping-taxable","19":"purchasable","20":"product-type-simple"},"yoast_head":"<!-- This site is optimized with the Yoast SEO plugin v23.9 - https:\/\/yoast.com\/wordpress\/plugins\/seo\/ -->\n<title>Su\u0161i\u010d r\u00fak Vortice Ecodry EC (automatick\u00fd) matn\u00e1 \u010dierna - KLIMAVEX GROUP - Slovensko<\/title>\n<meta name=\"robots\" content=\"index, follow, max-snippet:-1, max-image-preview:large, max-video-preview:-1\" \/>\n<link rel=\"canonical\" href=\"https:\/\/klimavex.eu\/sk\/katalog\/susic-ruk-vortice-ecodry-ec-automaticky-matna-cierna\/\" \/>\n<meta property=\"og:locale\" content=\"sk_SK\" \/>\n<meta property=\"og:type\" content=\"article\" \/>\n<meta property=\"og:title\" content=\"Su\u0161i\u010d r\u00fak Vortice Ecodry EC (automatick\u00fd) matn\u00e1 \u010dierna - KLIMAVEX GROUP - Slovensko\" \/>\n<meta property=\"og:description\" content=\"Tryskov&yacute; automatick&yacute; su&scaron;i\u010d r&uacute;k Vortice Ecodry je navrhnut&yacute; pre z&aacute;\u0165a\u017eov&eacute; aplik&aacute;cie v&nbsp;k&uacute;pe\u013eniach a&nbsp;priestoroch na verejn&yacute;ch miestach (re&scaron;taur&aacute;cia, hotely, \u010derpacie stanice, baz&eacute;ny, telocvi\u010dne, wellness centr&aacute;, k&uacute;pele apod.). Zaru\u010d&iacute; maxim&aacute;lnu hygienu &ndash; aktivovan&yacute; bez dotyku, iba pohybom ruky v\u010faka infra\u010derven&eacute;mu senzoru. Citlivos\u0165 sn&iacute;mania infra\u010derven&eacute;ho senzora je mo\u017en&eacute; nastavi\u0165 v rozsahu 10-20cm pri in&scaron;tal&aacute;cii. Mont&aacute;\u017e na stenu.\" \/>\n<meta property=\"og:url\" content=\"https:\/\/klimavex.eu\/sk\/katalog\/susic-ruk-vortice-ecodry-ec-automaticky-matna-cierna\/\" \/>\n<meta property=\"og:site_name\" content=\"KLIMAVEX GROUP - Slovensko\" \/>\n<meta property=\"article:publisher\" content=\"https:\/\/www.facebook.com\/klimavex\" \/>\n<meta property=\"article:modified_time\" content=\"2026-03-31T16:46:07+00:00\" \/>\n<meta property=\"og:image\" content=\"https:\/\/klimavex.eu\/sk\/wp-content\/uploads\/2025\/09\/9tH5i_Qjhhr7HaomwoU0EDOV2O90BYsl4tANJyNwQug-1.png\" \/>\n\t<meta property=\"og:image:width\" content=\"512\" \/>\n\t<meta property=\"og:image:height\" content=\"542\" \/>\n\t<meta property=\"og:image:type\" content=\"image\/png\" \/>\n<meta name=\"twitter:card\" content=\"summary_large_image\" \/>\n<meta name=\"twitter:label1\" content=\"Predpokladan\u00fd \u010das \u010d\u00edtania\" \/>\n\t<meta name=\"twitter:data1\" content=\"1 min\u00fata\" \/>\n<script type=\"application\/ld+json\" class=\"yoast-schema-graph\">{\"@context\":\"https:\/\/schema.org\",\"@graph\":[{\"@type\":\"WebPage\",\"@id\":\"https:\/\/klimavex.eu\/sk\/katalog\/susic-ruk-vortice-ecodry-ec-automaticky-matna-cierna\/\",\"url\":\"https:\/\/klimavex.eu\/sk\/katalog\/susic-ruk-vortice-ecodry-ec-automaticky-matna-cierna\/\",\"name\":\"Su\u0161i\u010d r\u00fak Vortice Ecodry EC (automatick\u00fd) matn\u00e1 \u010dierna - KLIMAVEX GROUP - Slovensko\",\"isPartOf\":{\"@id\":\"https:\/\/klimavex.eu\/sk\/#website\"},\"primaryImageOfPage\":{\"@id\":\"https:\/\/klimavex.eu\/sk\/katalog\/susic-ruk-vortice-ecodry-ec-automaticky-matna-cierna\/#primaryimage\"},\"image\":{\"@id\":\"https:\/\/klimavex.eu\/sk\/katalog\/susic-ruk-vortice-ecodry-ec-automaticky-matna-cierna\/#primaryimage\"},\"thumbnailUrl\":\"https:\/\/klimavex.eu\/sk\/wp-content\/uploads\/2025\/09\/9tH5i_Qjhhr7HaomwoU0EDOV2O90BYsl4tANJyNwQug-1.png\",\"datePublished\":\"2026-03-31T16:45:53+00:00\",\"dateModified\":\"2026-03-31T16:46:07+00:00\",\"breadcrumb\":{\"@id\":\"https:\/\/klimavex.eu\/sk\/katalog\/susic-ruk-vortice-ecodry-ec-automaticky-matna-cierna\/#breadcrumb\"},\"inLanguage\":\"sk-SK\",\"potentialAction\":[{\"@type\":\"ReadAction\",\"target\":[\"https:\/\/klimavex.eu\/sk\/katalog\/susic-ruk-vortice-ecodry-ec-automaticky-matna-cierna\/\"]}]},{\"@type\":\"ImageObject\",\"inLanguage\":\"sk-SK\",\"@id\":\"https:\/\/klimavex.eu\/sk\/katalog\/susic-ruk-vortice-ecodry-ec-automaticky-matna-cierna\/#primaryimage\",\"url\":\"https:\/\/klimavex.eu\/sk\/wp-content\/uploads\/2025\/09\/9tH5i_Qjhhr7HaomwoU0EDOV2O90BYsl4tANJyNwQug-1.png\",\"contentUrl\":\"https:\/\/klimavex.eu\/sk\/wp-content\/uploads\/2025\/09\/9tH5i_Qjhhr7HaomwoU0EDOV2O90BYsl4tANJyNwQug-1.png\",\"width\":512,\"height\":542},{\"@type\":\"BreadcrumbList\",\"@id\":\"https:\/\/klimavex.eu\/sk\/katalog\/susic-ruk-vortice-ecodry-ec-automaticky-matna-cierna\/#breadcrumb\",\"itemListElement\":[{\"@type\":\"ListItem\",\"position\":1,\"name\":\"Domovsk\u00e1 str\u00e1nka\",\"item\":\"https:\/\/klimavex.eu\/sk\/\"},{\"@type\":\"ListItem\",\"position\":2,\"name\":\"Eshop\",\"item\":\"https:\/\/klimavex.eu\/sk\/eshop\/\"},{\"@type\":\"ListItem\",\"position\":3,\"name\":\"Su\u0161i\u010d r\u00fak Vortice Ecodry EC (automatick\u00fd) matn\u00e1 \u010dierna\"}]},{\"@type\":\"WebSite\",\"@id\":\"https:\/\/klimavex.eu\/sk\/#website\",\"url\":\"https:\/\/klimavex.eu\/sk\/\",\"name\":\"KLIMAVEX GROUP - Slovensko\",\"description\":\"\",\"publisher\":{\"@id\":\"https:\/\/klimavex.eu\/sk\/#organization\"},\"alternateName\":\"KLIMAVEX a.s.\",\"potentialAction\":[{\"@type\":\"SearchAction\",\"target\":{\"@type\":\"EntryPoint\",\"urlTemplate\":\"https:\/\/klimavex.eu\/sk\/?s={search_term_string}\"},\"query-input\":{\"@type\":\"PropertyValueSpecification\",\"valueRequired\":true,\"valueName\":\"search_term_string\"}}],\"inLanguage\":\"sk-SK\"},{\"@type\":\"Organization\",\"@id\":\"https:\/\/klimavex.eu\/sk\/#organization\",\"name\":\"KLIMAVEX GROUP\",\"alternateName\":\"KLIMAVEX a.s.\",\"url\":\"https:\/\/klimavex.eu\/sk\/\",\"logo\":{\"@type\":\"ImageObject\",\"inLanguage\":\"sk-SK\",\"@id\":\"https:\/\/klimavex.eu\/sk\/#\/schema\/logo\/image\/\",\"url\":\"https:\/\/klimavex.eu\/sk\/wp-content\/uploads\/2024\/04\/Klimavex-Group-logo.png\",\"contentUrl\":\"https:\/\/klimavex.eu\/sk\/wp-content\/uploads\/2024\/04\/Klimavex-Group-logo.png\",\"width\":1681,\"height\":472,\"caption\":\"KLIMAVEX GROUP\"},\"image\":{\"@id\":\"https:\/\/klimavex.eu\/sk\/#\/schema\/logo\/image\/\"},\"sameAs\":[\"https:\/\/www.facebook.com\/klimavex\",\"https:\/\/www.instagram.com\/klimavex_sk\/\"]}]}<\/script>\n<!-- \/ Yoast SEO plugin. -->","yoast_head_json":{"title":"Su\u0161i\u010d r\u00fak Vortice Ecodry EC (automatick\u00fd) matn\u00e1 \u010dierna - KLIMAVEX GROUP - Slovensko","robots":{"index":"index","follow":"follow","max-snippet":"max-snippet:-1","max-image-preview":"max-image-preview:large","max-video-preview":"max-video-preview:-1"},"canonical":"https:\/\/klimavex.eu\/sk\/katalog\/susic-ruk-vortice-ecodry-ec-automaticky-matna-cierna\/","og_locale":"sk_SK","og_type":"article","og_title":"Su\u0161i\u010d r\u00fak Vortice Ecodry EC (automatick\u00fd) matn\u00e1 \u010dierna - KLIMAVEX GROUP - Slovensko","og_description":"Tryskov&yacute; automatick&yacute; su&scaron;i\u010d r&uacute;k Vortice Ecodry je navrhnut&yacute; pre z&aacute;\u0165a\u017eov&eacute; aplik&aacute;cie v&nbsp;k&uacute;pe\u013eniach a&nbsp;priestoroch na verejn&yacute;ch miestach (re&scaron;taur&aacute;cia, hotely, \u010derpacie stanice, baz&eacute;ny, telocvi\u010dne, wellness centr&aacute;, k&uacute;pele apod.). Zaru\u010d&iacute; maxim&aacute;lnu hygienu &ndash; aktivovan&yacute; bez dotyku, iba pohybom ruky v\u010faka infra\u010derven&eacute;mu senzoru. Citlivos\u0165 sn&iacute;mania infra\u010derven&eacute;ho senzora je mo\u017en&eacute; nastavi\u0165 v rozsahu 10-20cm pri in&scaron;tal&aacute;cii. Mont&aacute;\u017e na stenu.","og_url":"https:\/\/klimavex.eu\/sk\/katalog\/susic-ruk-vortice-ecodry-ec-automaticky-matna-cierna\/","og_site_name":"KLIMAVEX GROUP - Slovensko","article_publisher":"https:\/\/www.facebook.com\/klimavex","article_modified_time":"2026-03-31T16:46:07+00:00","og_image":[{"width":512,"height":542,"url":"https:\/\/klimavex.eu\/sk\/wp-content\/uploads\/2025\/09\/9tH5i_Qjhhr7HaomwoU0EDOV2O90BYsl4tANJyNwQug-1.png","type":"image\/png"}],"twitter_card":"summary_large_image","twitter_misc":{"Predpokladan\u00fd \u010das \u010d\u00edtania":"1 min\u00fata"},"schema":{"@context":"https:\/\/schema.org","@graph":[{"@type":"WebPage","@id":"https:\/\/klimavex.eu\/sk\/katalog\/susic-ruk-vortice-ecodry-ec-automaticky-matna-cierna\/","url":"https:\/\/klimavex.eu\/sk\/katalog\/susic-ruk-vortice-ecodry-ec-automaticky-matna-cierna\/","name":"Su\u0161i\u010d r\u00fak Vortice Ecodry EC (automatick\u00fd) matn\u00e1 \u010dierna - KLIMAVEX GROUP - Slovensko","isPartOf":{"@id":"https:\/\/klimavex.eu\/sk\/#website"},"primaryImageOfPage":{"@id":"https:\/\/klimavex.eu\/sk\/katalog\/susic-ruk-vortice-ecodry-ec-automaticky-matna-cierna\/#primaryimage"},"image":{"@id":"https:\/\/klimavex.eu\/sk\/katalog\/susic-ruk-vortice-ecodry-ec-automaticky-matna-cierna\/#primaryimage"},"thumbnailUrl":"https:\/\/klimavex.eu\/sk\/wp-content\/uploads\/2025\/09\/9tH5i_Qjhhr7HaomwoU0EDOV2O90BYsl4tANJyNwQug-1.png","datePublished":"2026-03-31T16:45:53+00:00","dateModified":"2026-03-31T16:46:07+00:00","breadcrumb":{"@id":"https:\/\/klimavex.eu\/sk\/katalog\/susic-ruk-vortice-ecodry-ec-automaticky-matna-cierna\/#breadcrumb"},"inLanguage":"sk-SK","potentialAction":[{"@type":"ReadAction","target":["https:\/\/klimavex.eu\/sk\/katalog\/susic-ruk-vortice-ecodry-ec-automaticky-matna-cierna\/"]}]},{"@type":"ImageObject","inLanguage":"sk-SK","@id":"https:\/\/klimavex.eu\/sk\/katalog\/susic-ruk-vortice-ecodry-ec-automaticky-matna-cierna\/#primaryimage","url":"https:\/\/klimavex.eu\/sk\/wp-content\/uploads\/2025\/09\/9tH5i_Qjhhr7HaomwoU0EDOV2O90BYsl4tANJyNwQug-1.png","contentUrl":"https:\/\/klimavex.eu\/sk\/wp-content\/uploads\/2025\/09\/9tH5i_Qjhhr7HaomwoU0EDOV2O90BYsl4tANJyNwQug-1.png","width":512,"height":542},{"@type":"BreadcrumbList","@id":"https:\/\/klimavex.eu\/sk\/katalog\/susic-ruk-vortice-ecodry-ec-automaticky-matna-cierna\/#breadcrumb","itemListElement":[{"@type":"ListItem","position":1,"name":"Domovsk\u00e1 str\u00e1nka","item":"https:\/\/klimavex.eu\/sk\/"},{"@type":"ListItem","position":2,"name":"Eshop","item":"https:\/\/klimavex.eu\/sk\/eshop\/"},{"@type":"ListItem","position":3,"name":"Su\u0161i\u010d r\u00fak Vortice Ecodry EC (automatick\u00fd) matn\u00e1 \u010dierna"}]},{"@type":"WebSite","@id":"https:\/\/klimavex.eu\/sk\/#website","url":"https:\/\/klimavex.eu\/sk\/","name":"KLIMAVEX GROUP - Slovensko","description":"","publisher":{"@id":"https:\/\/klimavex.eu\/sk\/#organization"},"alternateName":"KLIMAVEX a.s.","potentialAction":[{"@type":"SearchAction","target":{"@type":"EntryPoint","urlTemplate":"https:\/\/klimavex.eu\/sk\/?s={search_term_string}"},"query-input":{"@type":"PropertyValueSpecification","valueRequired":true,"valueName":"search_term_string"}}],"inLanguage":"sk-SK"},{"@type":"Organization","@id":"https:\/\/klimavex.eu\/sk\/#organization","name":"KLIMAVEX GROUP","alternateName":"KLIMAVEX a.s.","url":"https:\/\/klimavex.eu\/sk\/","logo":{"@type":"ImageObject","inLanguage":"sk-SK","@id":"https:\/\/klimavex.eu\/sk\/#\/schema\/logo\/image\/","url":"https:\/\/klimavex.eu\/sk\/wp-content\/uploads\/2024\/04\/Klimavex-Group-logo.png","contentUrl":"https:\/\/klimavex.eu\/sk\/wp-content\/uploads\/2024\/04\/Klimavex-Group-logo.png","width":1681,"height":472,"caption":"KLIMAVEX GROUP"},"image":{"@id":"https:\/\/klimavex.eu\/sk\/#\/schema\/logo\/image\/"},"sameAs":["https:\/\/www.facebook.com\/klimavex","https:\/\/www.instagram.com\/klimavex_sk\/"]}]}},"_links":{"self":[{"href":"https:\/\/klimavex.eu\/sk\/wp-json\/wp\/v2\/product\/477327","targetHints":{"allow":["GET"]}}],"collection":[{"href":"https:\/\/klimavex.eu\/sk\/wp-json\/wp\/v2\/product"}],"about":[{"href":"https:\/\/klimavex.eu\/sk\/wp-json\/wp\/v2\/types\/product"}],"version-history":[{"count":0,"href":"https:\/\/klimavex.eu\/sk\/wp-json\/wp\/v2\/product\/477327\/revisions"}],"wp:featuredmedia":[{"embeddable":true,"href":"https:\/\/klimavex.eu\/sk\/wp-json\/wp\/v2\/media\/484301"}],"wp:attachment":[{"href":"https:\/\/klimavex.eu\/sk\/wp-json\/wp\/v2\/media?parent=477327"}],"wp:term":[{"taxonomy":"product_cat","embeddable":true,"href":"https:\/\/klimavex.eu\/sk\/wp-json\/wp\/v2\/product_cat?post=477327"},{"taxonomy":"product_tag","embeddable":true,"href":"https:\/\/klimavex.eu\/sk\/wp-json\/wp\/v2\/product_tag?post=477327"}],"curies":[{"name":"wp","href":"https:\/\/api.w.org\/{rel}","templated":true}]}}