{"id":477332,"date":"2026-03-31T18:45:53","date_gmt":"2026-03-31T16:45:53","guid":{"rendered":"https:\/\/klimavex.eu\/sk\/katalog\/ventilator-vortice-vort-qbk-he-comfort-355-4m\/"},"modified":"2026-03-31T18:46:13","modified_gmt":"2026-03-31T16:46:13","slug":"ventilator-vortice-vort-qbk-he-comfort-355-4m","status":"publish","type":"product","link":"https:\/\/klimavex.eu\/sk\/katalog\/ventilator-vortice-vort-qbk-he-comfort-355-4m\/","title":{"rendered":"Ventil\u00e1tor Vortice VORT QBK HE COMFORT 355 4M"},"content":{"rendered":"<p style=\"text-align: justify;\"><strong>K\u013e&uacute;\u010dov&eacute; vlastnosti:<\/strong><\/p>\n<ul>\n<li style=\"text-align: justify;\">Jednof&aacute;zov&yacute; model s&nbsp;AC motorom.<\/li>\n<li style=\"text-align: justify;\">R&aacute;m z&nbsp;extrudovan&yacute;ch hlin&iacute;kov&yacute;ch profilov h\u013abky 30 mm, spojen&yacute;ch rohovn&iacute;kmi z&nbsp;polyamidu vystu\u017een&yacute;mi sklen&yacute;m vl&aacute;knom.<\/li>\n<li style=\"text-align: justify;\">Pozinkovan&eacute; sendvi\u010dov&eacute; panely z&nbsp;oce\u013eov&eacute;ho plechu, izolovan&eacute; miner&aacute;lnou vlnou h\u013abky 23mm o&nbsp;hustote 90 kg \/ m<sup>3<\/sup>.<\/li>\n<\/ul>\n","protected":false},"excerpt":{"rendered":"<p style=\"text-align: justify;\">Extra n&iacute;zkohlu\u010dn&eacute; vysoko&uacute;\u010dinn&eacute; radi&aacute;lne skri\u0148ov&eacute; ventil&aacute;tory <strong>Vortice QBK HE Comfort<\/strong> ur\u010den&eacute; pre <strong>napojenie na vzduchotechnick&eacute; potrubie<\/strong>. Vhodn&eacute; pre komer\u010dn&eacute; a&nbsp;priemyseln&eacute; aplik&aacute;cie (obchodn&eacute; centr&aacute;, re&scaron;taur&aacute;cie, k&uacute;pe\u013ene, kancel&aacute;rie, hotely, gar&aacute;\u017ee a&nbsp;in&eacute;). Vhodn&eacute; aj na vonkaj&scaron;iu in&scaron;tal&aacute;ciu (pomocou doplnkov&eacute;ho volite\u013en&eacute;ho pr&iacute;slu&scaron;enstva). Maxim&aacute;lna <strong>teplota ods&aacute;vanej vzdu&scaron;niny<\/strong> je <strong>40 &deg;C<\/strong>.<\/p>\n","protected":false},"featured_media":484314,"template":"","meta":[],"product_cat":[2023,1972,1297,1452],"product_tag":[],"class_list":{"0":"post-477332","1":"product","2":"type-product","3":"status-publish","4":"has-post-thumbnail","6":"product_cat-qbk-he-comfort","7":"product_cat-skrinove","8":"product_cat-ventilatory","9":"product_cat-priemyselne-ventilatory","10":"pa_dostupny-tlak-pa-5076","11":"pa_hlucnost-lwa-akusticky-vykon-5336","12":"pa_krytie-ip55","13":"pa_prevedenie-skrinovy","14":"pa_priemer-napojenia-mm-5037","15":"pa_typ-qbk-he-comfort","16":"pa_vzduchovy-vykon-qv-m3-5075","17":"pa_znacka-vortice","19":"first","20":"instock","21":"taxable","22":"shipping-taxable","23":"purchasable","24":"product-type-simple"},"yoast_head":"<!-- This site is optimized with the Yoast SEO plugin v23.9 - https:\/\/yoast.com\/wordpress\/plugins\/seo\/ -->\n<title>Ventil\u00e1tor Vortice VORT QBK HE COMFORT 355 4M - KLIMAVEX GROUP - Slovensko<\/title>\n<meta name=\"robots\" content=\"index, follow, max-snippet:-1, max-image-preview:large, max-video-preview:-1\" \/>\n<link rel=\"canonical\" href=\"https:\/\/klimavex.eu\/sk\/katalog\/ventilator-vortice-vort-qbk-he-comfort-355-4m\/\" \/>\n<meta property=\"og:locale\" content=\"sk_SK\" \/>\n<meta property=\"og:type\" content=\"article\" \/>\n<meta property=\"og:title\" content=\"Ventil\u00e1tor Vortice VORT QBK HE COMFORT 355 4M - KLIMAVEX GROUP - Slovensko\" \/>\n<meta property=\"og:description\" content=\"Extra n&iacute;zkohlu\u010dn&eacute; vysoko&uacute;\u010dinn&eacute; radi&aacute;lne skri\u0148ov&eacute; ventil&aacute;tory Vortice QBK HE Comfort ur\u010den&eacute; pre napojenie na vzduchotechnick&eacute; potrubie. Vhodn&eacute; pre komer\u010dn&eacute; a&nbsp;priemyseln&eacute; aplik&aacute;cie (obchodn&eacute; centr&aacute;, re&scaron;taur&aacute;cie, k&uacute;pe\u013ene, kancel&aacute;rie, hotely, gar&aacute;\u017ee a&nbsp;in&eacute;). Vhodn&eacute; aj na vonkaj&scaron;iu in&scaron;tal&aacute;ciu (pomocou doplnkov&eacute;ho volite\u013en&eacute;ho pr&iacute;slu&scaron;enstva). Maxim&aacute;lna teplota ods&aacute;vanej vzdu&scaron;niny je 40 &deg;C.\" \/>\n<meta property=\"og:url\" content=\"https:\/\/klimavex.eu\/sk\/katalog\/ventilator-vortice-vort-qbk-he-comfort-355-4m\/\" \/>\n<meta property=\"og:site_name\" content=\"KLIMAVEX GROUP - Slovensko\" \/>\n<meta property=\"article:publisher\" content=\"https:\/\/www.facebook.com\/klimavex\" \/>\n<meta property=\"article:modified_time\" content=\"2026-03-31T16:46:13+00:00\" \/>\n<meta property=\"og:image\" content=\"https:\/\/klimavex.eu\/sk\/wp-content\/uploads\/2025\/09\/DJECAbYggIJI7rs-sfWyXjubfjIrNn5xojZoxw89JVA-9.png\" \/>\n\t<meta property=\"og:image:width\" content=\"572\" \/>\n\t<meta property=\"og:image:height\" content=\"512\" \/>\n\t<meta property=\"og:image:type\" content=\"image\/png\" \/>\n<meta name=\"twitter:card\" content=\"summary_large_image\" \/>\n<script type=\"application\/ld+json\" class=\"yoast-schema-graph\">{\"@context\":\"https:\/\/schema.org\",\"@graph\":[{\"@type\":\"WebPage\",\"@id\":\"https:\/\/klimavex.eu\/sk\/katalog\/ventilator-vortice-vort-qbk-he-comfort-355-4m\/\",\"url\":\"https:\/\/klimavex.eu\/sk\/katalog\/ventilator-vortice-vort-qbk-he-comfort-355-4m\/\",\"name\":\"Ventil\u00e1tor Vortice VORT QBK HE COMFORT 355 4M - KLIMAVEX GROUP - Slovensko\",\"isPartOf\":{\"@id\":\"https:\/\/klimavex.eu\/sk\/#website\"},\"primaryImageOfPage\":{\"@id\":\"https:\/\/klimavex.eu\/sk\/katalog\/ventilator-vortice-vort-qbk-he-comfort-355-4m\/#primaryimage\"},\"image\":{\"@id\":\"https:\/\/klimavex.eu\/sk\/katalog\/ventilator-vortice-vort-qbk-he-comfort-355-4m\/#primaryimage\"},\"thumbnailUrl\":\"https:\/\/klimavex.eu\/sk\/wp-content\/uploads\/2025\/09\/DJECAbYggIJI7rs-sfWyXjubfjIrNn5xojZoxw89JVA-9.png\",\"datePublished\":\"2026-03-31T16:45:53+00:00\",\"dateModified\":\"2026-03-31T16:46:13+00:00\",\"breadcrumb\":{\"@id\":\"https:\/\/klimavex.eu\/sk\/katalog\/ventilator-vortice-vort-qbk-he-comfort-355-4m\/#breadcrumb\"},\"inLanguage\":\"sk-SK\",\"potentialAction\":[{\"@type\":\"ReadAction\",\"target\":[\"https:\/\/klimavex.eu\/sk\/katalog\/ventilator-vortice-vort-qbk-he-comfort-355-4m\/\"]}]},{\"@type\":\"ImageObject\",\"inLanguage\":\"sk-SK\",\"@id\":\"https:\/\/klimavex.eu\/sk\/katalog\/ventilator-vortice-vort-qbk-he-comfort-355-4m\/#primaryimage\",\"url\":\"https:\/\/klimavex.eu\/sk\/wp-content\/uploads\/2025\/09\/DJECAbYggIJI7rs-sfWyXjubfjIrNn5xojZoxw89JVA-9.png\",\"contentUrl\":\"https:\/\/klimavex.eu\/sk\/wp-content\/uploads\/2025\/09\/DJECAbYggIJI7rs-sfWyXjubfjIrNn5xojZoxw89JVA-9.png\",\"width\":572,\"height\":512},{\"@type\":\"BreadcrumbList\",\"@id\":\"https:\/\/klimavex.eu\/sk\/katalog\/ventilator-vortice-vort-qbk-he-comfort-355-4m\/#breadcrumb\",\"itemListElement\":[{\"@type\":\"ListItem\",\"position\":1,\"name\":\"Domovsk\u00e1 str\u00e1nka\",\"item\":\"https:\/\/klimavex.eu\/sk\/\"},{\"@type\":\"ListItem\",\"position\":2,\"name\":\"Eshop\",\"item\":\"https:\/\/klimavex.eu\/sk\/eshop\/\"},{\"@type\":\"ListItem\",\"position\":3,\"name\":\"Ventil\u00e1tor Vortice VORT QBK HE COMFORT 355 4M\"}]},{\"@type\":\"WebSite\",\"@id\":\"https:\/\/klimavex.eu\/sk\/#website\",\"url\":\"https:\/\/klimavex.eu\/sk\/\",\"name\":\"KLIMAVEX GROUP - Slovensko\",\"description\":\"\",\"publisher\":{\"@id\":\"https:\/\/klimavex.eu\/sk\/#organization\"},\"alternateName\":\"KLIMAVEX a.s.\",\"potentialAction\":[{\"@type\":\"SearchAction\",\"target\":{\"@type\":\"EntryPoint\",\"urlTemplate\":\"https:\/\/klimavex.eu\/sk\/?s={search_term_string}\"},\"query-input\":{\"@type\":\"PropertyValueSpecification\",\"valueRequired\":true,\"valueName\":\"search_term_string\"}}],\"inLanguage\":\"sk-SK\"},{\"@type\":\"Organization\",\"@id\":\"https:\/\/klimavex.eu\/sk\/#organization\",\"name\":\"KLIMAVEX GROUP\",\"alternateName\":\"KLIMAVEX a.s.\",\"url\":\"https:\/\/klimavex.eu\/sk\/\",\"logo\":{\"@type\":\"ImageObject\",\"inLanguage\":\"sk-SK\",\"@id\":\"https:\/\/klimavex.eu\/sk\/#\/schema\/logo\/image\/\",\"url\":\"https:\/\/klimavex.eu\/sk\/wp-content\/uploads\/2024\/04\/Klimavex-Group-logo.png\",\"contentUrl\":\"https:\/\/klimavex.eu\/sk\/wp-content\/uploads\/2024\/04\/Klimavex-Group-logo.png\",\"width\":1681,\"height\":472,\"caption\":\"KLIMAVEX GROUP\"},\"image\":{\"@id\":\"https:\/\/klimavex.eu\/sk\/#\/schema\/logo\/image\/\"},\"sameAs\":[\"https:\/\/www.facebook.com\/klimavex\",\"https:\/\/www.instagram.com\/klimavex_sk\/\"]}]}<\/script>\n<!-- \/ Yoast SEO plugin. -->","yoast_head_json":{"title":"Ventil\u00e1tor Vortice VORT QBK HE COMFORT 355 4M - KLIMAVEX GROUP - Slovensko","robots":{"index":"index","follow":"follow","max-snippet":"max-snippet:-1","max-image-preview":"max-image-preview:large","max-video-preview":"max-video-preview:-1"},"canonical":"https:\/\/klimavex.eu\/sk\/katalog\/ventilator-vortice-vort-qbk-he-comfort-355-4m\/","og_locale":"sk_SK","og_type":"article","og_title":"Ventil\u00e1tor Vortice VORT QBK HE COMFORT 355 4M - KLIMAVEX GROUP - Slovensko","og_description":"Extra n&iacute;zkohlu\u010dn&eacute; vysoko&uacute;\u010dinn&eacute; radi&aacute;lne skri\u0148ov&eacute; ventil&aacute;tory Vortice QBK HE Comfort ur\u010den&eacute; pre napojenie na vzduchotechnick&eacute; potrubie. Vhodn&eacute; pre komer\u010dn&eacute; a&nbsp;priemyseln&eacute; aplik&aacute;cie (obchodn&eacute; centr&aacute;, re&scaron;taur&aacute;cie, k&uacute;pe\u013ene, kancel&aacute;rie, hotely, gar&aacute;\u017ee a&nbsp;in&eacute;). Vhodn&eacute; aj na vonkaj&scaron;iu in&scaron;tal&aacute;ciu (pomocou doplnkov&eacute;ho volite\u013en&eacute;ho pr&iacute;slu&scaron;enstva). Maxim&aacute;lna teplota ods&aacute;vanej vzdu&scaron;niny je 40 &deg;C.","og_url":"https:\/\/klimavex.eu\/sk\/katalog\/ventilator-vortice-vort-qbk-he-comfort-355-4m\/","og_site_name":"KLIMAVEX GROUP - Slovensko","article_publisher":"https:\/\/www.facebook.com\/klimavex","article_modified_time":"2026-03-31T16:46:13+00:00","og_image":[{"width":572,"height":512,"url":"https:\/\/klimavex.eu\/sk\/wp-content\/uploads\/2025\/09\/DJECAbYggIJI7rs-sfWyXjubfjIrNn5xojZoxw89JVA-9.png","type":"image\/png"}],"twitter_card":"summary_large_image","schema":{"@context":"https:\/\/schema.org","@graph":[{"@type":"WebPage","@id":"https:\/\/klimavex.eu\/sk\/katalog\/ventilator-vortice-vort-qbk-he-comfort-355-4m\/","url":"https:\/\/klimavex.eu\/sk\/katalog\/ventilator-vortice-vort-qbk-he-comfort-355-4m\/","name":"Ventil\u00e1tor Vortice VORT QBK HE COMFORT 355 4M - KLIMAVEX GROUP - Slovensko","isPartOf":{"@id":"https:\/\/klimavex.eu\/sk\/#website"},"primaryImageOfPage":{"@id":"https:\/\/klimavex.eu\/sk\/katalog\/ventilator-vortice-vort-qbk-he-comfort-355-4m\/#primaryimage"},"image":{"@id":"https:\/\/klimavex.eu\/sk\/katalog\/ventilator-vortice-vort-qbk-he-comfort-355-4m\/#primaryimage"},"thumbnailUrl":"https:\/\/klimavex.eu\/sk\/wp-content\/uploads\/2025\/09\/DJECAbYggIJI7rs-sfWyXjubfjIrNn5xojZoxw89JVA-9.png","datePublished":"2026-03-31T16:45:53+00:00","dateModified":"2026-03-31T16:46:13+00:00","breadcrumb":{"@id":"https:\/\/klimavex.eu\/sk\/katalog\/ventilator-vortice-vort-qbk-he-comfort-355-4m\/#breadcrumb"},"inLanguage":"sk-SK","potentialAction":[{"@type":"ReadAction","target":["https:\/\/klimavex.eu\/sk\/katalog\/ventilator-vortice-vort-qbk-he-comfort-355-4m\/"]}]},{"@type":"ImageObject","inLanguage":"sk-SK","@id":"https:\/\/klimavex.eu\/sk\/katalog\/ventilator-vortice-vort-qbk-he-comfort-355-4m\/#primaryimage","url":"https:\/\/klimavex.eu\/sk\/wp-content\/uploads\/2025\/09\/DJECAbYggIJI7rs-sfWyXjubfjIrNn5xojZoxw89JVA-9.png","contentUrl":"https:\/\/klimavex.eu\/sk\/wp-content\/uploads\/2025\/09\/DJECAbYggIJI7rs-sfWyXjubfjIrNn5xojZoxw89JVA-9.png","width":572,"height":512},{"@type":"BreadcrumbList","@id":"https:\/\/klimavex.eu\/sk\/katalog\/ventilator-vortice-vort-qbk-he-comfort-355-4m\/#breadcrumb","itemListElement":[{"@type":"ListItem","position":1,"name":"Domovsk\u00e1 str\u00e1nka","item":"https:\/\/klimavex.eu\/sk\/"},{"@type":"ListItem","position":2,"name":"Eshop","item":"https:\/\/klimavex.eu\/sk\/eshop\/"},{"@type":"ListItem","position":3,"name":"Ventil\u00e1tor Vortice VORT QBK HE COMFORT 355 4M"}]},{"@type":"WebSite","@id":"https:\/\/klimavex.eu\/sk\/#website","url":"https:\/\/klimavex.eu\/sk\/","name":"KLIMAVEX GROUP - Slovensko","description":"","publisher":{"@id":"https:\/\/klimavex.eu\/sk\/#organization"},"alternateName":"KLIMAVEX a.s.","potentialAction":[{"@type":"SearchAction","target":{"@type":"EntryPoint","urlTemplate":"https:\/\/klimavex.eu\/sk\/?s={search_term_string}"},"query-input":{"@type":"PropertyValueSpecification","valueRequired":true,"valueName":"search_term_string"}}],"inLanguage":"sk-SK"},{"@type":"Organization","@id":"https:\/\/klimavex.eu\/sk\/#organization","name":"KLIMAVEX GROUP","alternateName":"KLIMAVEX a.s.","url":"https:\/\/klimavex.eu\/sk\/","logo":{"@type":"ImageObject","inLanguage":"sk-SK","@id":"https:\/\/klimavex.eu\/sk\/#\/schema\/logo\/image\/","url":"https:\/\/klimavex.eu\/sk\/wp-content\/uploads\/2024\/04\/Klimavex-Group-logo.png","contentUrl":"https:\/\/klimavex.eu\/sk\/wp-content\/uploads\/2024\/04\/Klimavex-Group-logo.png","width":1681,"height":472,"caption":"KLIMAVEX GROUP"},"image":{"@id":"https:\/\/klimavex.eu\/sk\/#\/schema\/logo\/image\/"},"sameAs":["https:\/\/www.facebook.com\/klimavex","https:\/\/www.instagram.com\/klimavex_sk\/"]}]}},"_links":{"self":[{"href":"https:\/\/klimavex.eu\/sk\/wp-json\/wp\/v2\/product\/477332","targetHints":{"allow":["GET"]}}],"collection":[{"href":"https:\/\/klimavex.eu\/sk\/wp-json\/wp\/v2\/product"}],"about":[{"href":"https:\/\/klimavex.eu\/sk\/wp-json\/wp\/v2\/types\/product"}],"version-history":[{"count":0,"href":"https:\/\/klimavex.eu\/sk\/wp-json\/wp\/v2\/product\/477332\/revisions"}],"wp:featuredmedia":[{"embeddable":true,"href":"https:\/\/klimavex.eu\/sk\/wp-json\/wp\/v2\/media\/484314"}],"wp:attachment":[{"href":"https:\/\/klimavex.eu\/sk\/wp-json\/wp\/v2\/media?parent=477332"}],"wp:term":[{"taxonomy":"product_cat","embeddable":true,"href":"https:\/\/klimavex.eu\/sk\/wp-json\/wp\/v2\/product_cat?post=477332"},{"taxonomy":"product_tag","embeddable":true,"href":"https:\/\/klimavex.eu\/sk\/wp-json\/wp\/v2\/product_tag?post=477332"}],"curies":[{"name":"wp","href":"https:\/\/api.w.org\/{rel}","templated":true}]}}