{"id":477348,"date":"2026-03-31T18:45:53","date_gmt":"2026-03-31T16:45:53","guid":{"rendered":"https:\/\/klimavex.eu\/sk\/katalog\/ventilator-vortice-lineo-200-t-3-ot\/"},"modified":"2026-03-31T18:46:33","modified_gmt":"2026-03-31T16:46:33","slug":"ventilator-vortice-lineo-200-t-3-ot","status":"publish","type":"product","link":"https:\/\/klimavex.eu\/sk\/katalog\/ventilator-vortice-lineo-200-t-3-ot\/","title":{"rendered":"Ventil\u00e1tor Vortice LINEO 200 T (3 ot.)"},"content":{"rendered":"<p style=\"margin-left:0cm;text-align:justify;\"><span style=\"color:black;font-family:Calibri, sans-serif;font-size:11pt;\"><span lang=\"SK\" dir=\"ltr\"><strong>Detailn\u00fd popis<\/strong><\/span><\/span><\/p>\n<ul>\n<li>\n<p style=\"text-align:justify;\"><span style=\"color:black;font-family:Calibri, sans-serif;font-size:11pt;\"><span lang=\"SK\" dir=\"ltr\">Vysoko \u00fa\u010dinn\u00fd motor, prepracovan\u00fd profil vrtule a vylep\u0161en\u00fd usmer\u0148ova\u010d prietoku pracuj\u00fa v dokonalej harm\u00f3nii.<\/span><\/span><\/p>\n<\/li>\n<li>\n<p style=\"text-align:justify;\"><span style=\"background-color:white;color:black;font-family:Calibri, sans-serif;font-size:11pt;\"><span lang=\"SK\" dir=\"ltr\">Typ <\/span><\/span><span style=\"background-color:white;color:black;font-family:&quot;Calibri&quot;,sans-serif;font-size:11pt;\"><span lang=\"SK\" dir=\"ltr\"><strong>T je vybaven\u00fd elektronick\u00fdm \u010dasova\u010dom pre automatick\u00fa prev\u00e1dzku pri maxim\u00e1lnej r\u00fdchlosti, ktor\u00fa je mo\u017en\u00e9 pri in\u0161tal\u00e1cii nastavi\u0165 v rozmedz\u00ed 3&#8242; &#8211; 20&#8242; (predvolen\u00e9 nastavenie 3&#8242;).<\/strong><\/span><\/span><span style=\"color:black;font-family:Calibri, sans-serif;font-size:11pt;\"><span lang=\"SK\" dir=\"ltr\">&nbsp;<\/span><\/span><\/p>\n<\/li>\n<li>\n<p style=\"text-align:justify;\"><span style=\"color:black;font-family:Calibri, sans-serif;font-size:11pt;\"><span lang=\"SK\" dir=\"ltr\">Potrubn\u00fd ventil\u00e1tor Vortice LINEO m\u00e1 opl\u00e1\u0161tenie vyroben\u00e9 z odolnej plastovej \u017eivice.<\/span><\/span><\/p>\n<\/li>\n<li>\n<p style=\"text-align:justify;\"><span style=\"color:black;font-family:Calibri, sans-serif;font-size:11pt;\"><span lang=\"SK\" dir=\"ltr\">Ide o novinku s&nbsp;<strong>3-ot\u00e1\u010dkov\u00fdm AC motorom<\/strong>.<\/span><\/span><\/p>\n<\/li>\n<li>\n<p style=\"text-align:justify;\"><span style=\"background-color:white;color:black;font-family:Calibri, sans-serif;font-size:11pt;\"><span lang=\"SK\" dir=\"ltr\">Tri r\u00fdchlosti ventil\u00e1tora je mo\u017en\u00e9 nastavi\u0165 prostredn\u00edctvom dia\u013ekov\u00e9ho prep\u00edna\u010da <strong>TRIO-LINEO 503.<\/strong><\/span><\/span><\/p>\n<\/li>\n<\/ul>\n<p style=\"margin-left:0cm;text-align:justify;\"><span style=\"color:black;font-family:Calibri, sans-serif;font-size:11pt;\"><span lang=\"SK\" dir=\"ltr\"><strong>K\u013e\u00fa\u010dov\u00e9 vlastnosti<\/strong><\/span><\/span><\/p>\n<ul>\n<li>\n<p style=\"text-align:justify;\"><span style=\"background-color:white;color:black;font-family:Calibri, sans-serif;font-size:11pt;\"><span lang=\"SK\" dir=\"ltr\">Typ <\/span><\/span><span style=\"background-color:white;color:black;font-family:&quot;Calibri&quot;,sans-serif;font-size:11pt;\"><span lang=\"SK\" dir=\"ltr\"><strong>T <\/strong><\/span><\/span><span style=\"background-color:white;color:black;font-family:Calibri, sans-serif;font-size:11pt;\"><span lang=\"SK\" dir=\"ltr\">s <\/span><\/span><span style=\"background-color:white;color:black;font-family:&quot;Calibri&quot;,sans-serif;font-size:11pt;\"><span lang=\"SK\" dir=\"ltr\"><strong>\u010dasov\u00fdm dobehom.<\/strong><\/span><\/span><\/p>\n<\/li>\n<li>\n<p style=\"text-align:justify;\"><span style=\"color:black;font-family:Calibri, sans-serif;font-size:11pt;\"><span lang=\"SK\" dir=\"ltr\"><strong>3-ot\u00e1\u010dkov\u00fd motor.<\/strong><\/span><\/span><\/p>\n<\/li>\n<li>\n<p style=\"text-align:justify;\"><span style=\"color:black;font-family:Calibri, sans-serif;font-size:11pt;\"><span lang=\"SK\" dir=\"ltr\">Gu\u013e\u00f4\u010dkov\u00e9 lo\u017eisk\u00e1 so \u017eivotnos\u0165ou 30 000 hod\u00edn.<\/span><\/span><\/p>\n<\/li>\n<li>\n<p style=\"text-align:justify;\"><span style=\"color:black;font-family:Calibri, sans-serif;font-size:11pt;\"><span lang=\"SK\" dir=\"ltr\">Opl\u00e1\u0161tenie vyroben\u00e9 <strong>z oh\u0148ovzdornej plastovej \u017eivice triedy E2 normy ISO EN 11925-2:2010.<\/strong><\/span><\/span><\/p>\n<\/li>\n<li>\n<p style=\"text-align:justify;\"><span style=\"color:black;font-family:Calibri, sans-serif;font-size:11pt;\"><span lang=\"SK\" dir=\"ltr\">Prepracovan\u00fd profil vrtule pre lep\u0161\u00ed v\u00fdkon.<\/span><\/span><\/p>\n<\/li>\n<li>\n<p style=\"text-align:justify;\"><span style=\"color:black;font-family:Calibri, sans-serif;font-size:11pt;\"><span lang=\"SK\" dir=\"ltr\">Vylep\u0161en\u00fd usmer\u0148ova\u010d prietoku.<\/span><\/span><\/p>\n<\/li>\n<li>\n<p style=\"text-align:justify;\"><span style=\"color:black;font-family:Calibri, sans-serif;font-size:11pt;\"><span lang=\"SK\" dir=\"ltr\">Krytie IPX5.<\/span><\/span><\/p>\n<\/li>\n<\/ul>\n<p>&nbsp;<\/p>\n","protected":false},"excerpt":{"rendered":"<p style=\"text-align:justify\"><span style=\"font-size:11pt\"><span style=\"font-family:Calibri,sans-serif\">Trojot&aacute;\u010dkov&yacute; potrubn&yacute; ventil&aacute;tor radu Lineo je vybaven&yacute; <strong>AC<\/strong> <strong>motorom <\/strong>s <strong>3-stup\u0148ovou regul&aacute;ciou ot&aacute;\u010dok <\/strong>a <strong><span style=\"color:black\">gu\u013e&ocirc;\u010dkov&yacute;mi <\/span><\/strong><strong>lo\u017eiskami<\/strong>. <span style=\"background-color:white\"><span style=\"color:black\">Typ <strong><span style=\"font-family:&quot;Calibri&quot;,sans-serif\">T <\/span><\/strong>s <strong><span style=\"font-family:&quot;Calibri&quot;,sans-serif\">\u010dasov&yacute;m dobehom<\/span><\/strong><\/span><\/span>. Ur\u010den&yacute; na pripojenie potrubia <strong>&oslash; 200mm<\/strong>. V\u010faka svojim vlastnostiam a kon&scaron;trukcii je vhodn&yacute; pre <strong>dlh&scaron;ie <\/strong>vzduchotechnick&eacute; potrubie <strong>s vysokou vlhkos\u0165ou <\/strong>&#8211; <strong>krytie IPX5<\/strong>. Obe\u017en&eacute; koleso ventil&aacute;tora je vyv&aacute;\u017een&eacute; priamo na motore.<\/span><\/span><\/p>\n","protected":false},"featured_media":484380,"template":"","meta":[],"product_cat":[1487,1488,1460,1297],"product_tag":[],"class_list":{"0":"post-477348","1":"product","2":"type-product","3":"status-publish","4":"has-post-thumbnail","6":"product_cat-lineo","7":"product_cat-lineo-lineo","8":"product_cat-potrubne-ventilatory","9":"product_cat-ventilatory","10":"pa_dostupny-tlak-pa-2109-2677-2942","11":"pa_gulockove-loziska-ll-ano","12":"pa_hlucnost-lp-3m-369-431-469","13":"pa_krytie-ipx5","14":"pa_prevedenie-potrubny-plastovy","15":"pa_priemer-napojenia-mm-4183","16":"pa_typ-lineo","17":"pa_vzduchovy-vykon-qv-m3-815-1025-1135","18":"pa_znacka-vortice","20":"first","21":"instock","22":"taxable","23":"shipping-taxable","24":"purchasable","25":"product-type-simple"},"yoast_head":"<!-- This site is optimized with the Yoast SEO plugin v23.9 - https:\/\/yoast.com\/wordpress\/plugins\/seo\/ -->\n<title>Ventil\u00e1tor Vortice LINEO 200 T (3 ot.) - KLIMAVEX GROUP - Slovensko<\/title>\n<meta name=\"robots\" content=\"index, follow, max-snippet:-1, max-image-preview:large, max-video-preview:-1\" \/>\n<link rel=\"canonical\" href=\"https:\/\/klimavex.eu\/sk\/katalog\/ventilator-vortice-lineo-200-t-3-ot\/\" \/>\n<meta property=\"og:locale\" content=\"sk_SK\" \/>\n<meta property=\"og:type\" content=\"article\" \/>\n<meta property=\"og:title\" content=\"Ventil\u00e1tor Vortice LINEO 200 T (3 ot.) - KLIMAVEX GROUP - Slovensko\" \/>\n<meta property=\"og:description\" content=\"Trojot&aacute;\u010dkov&yacute; potrubn&yacute; ventil&aacute;tor radu Lineo je vybaven&yacute; AC motorom s 3-stup\u0148ovou regul&aacute;ciou ot&aacute;\u010dok a gu\u013e&ocirc;\u010dkov&yacute;mi lo\u017eiskami. Typ T s \u010dasov&yacute;m dobehom. Ur\u010den&yacute; na pripojenie potrubia &oslash; 200mm. V\u010faka svojim vlastnostiam a kon&scaron;trukcii je vhodn&yacute; pre dlh&scaron;ie vzduchotechnick&eacute; potrubie s vysokou vlhkos\u0165ou - krytie IPX5. Obe\u017en&eacute; koleso ventil&aacute;tora je vyv&aacute;\u017een&eacute; priamo na motore.\" \/>\n<meta property=\"og:url\" content=\"https:\/\/klimavex.eu\/sk\/katalog\/ventilator-vortice-lineo-200-t-3-ot\/\" \/>\n<meta property=\"og:site_name\" content=\"KLIMAVEX GROUP - Slovensko\" \/>\n<meta property=\"article:publisher\" content=\"https:\/\/www.facebook.com\/klimavex\" \/>\n<meta property=\"article:modified_time\" content=\"2026-03-31T16:46:33+00:00\" \/>\n<meta property=\"og:image\" content=\"https:\/\/klimavex.eu\/sk\/wp-content\/uploads\/2024\/02\/LOGO-KLIMAVEX-modra-kostka-1.png\" \/>\n\t<meta property=\"og:image:width\" content=\"9184\" \/>\n\t<meta property=\"og:image:height\" content=\"9184\" \/>\n\t<meta property=\"og:image:type\" content=\"image\/png\" \/>\n<meta name=\"twitter:card\" content=\"summary_large_image\" \/>\n<meta name=\"twitter:label1\" content=\"Predpokladan\u00fd \u010das \u010d\u00edtania\" \/>\n\t<meta name=\"twitter:data1\" content=\"1 min\u00fata\" \/>\n<script type=\"application\/ld+json\" class=\"yoast-schema-graph\">{\"@context\":\"https:\/\/schema.org\",\"@graph\":[{\"@type\":\"WebPage\",\"@id\":\"https:\/\/klimavex.eu\/sk\/katalog\/ventilator-vortice-lineo-200-t-3-ot\/\",\"url\":\"https:\/\/klimavex.eu\/sk\/katalog\/ventilator-vortice-lineo-200-t-3-ot\/\",\"name\":\"Ventil\u00e1tor Vortice LINEO 200 T (3 ot.) - KLIMAVEX GROUP - Slovensko\",\"isPartOf\":{\"@id\":\"https:\/\/klimavex.eu\/sk\/#website\"},\"primaryImageOfPage\":{\"@id\":\"https:\/\/klimavex.eu\/sk\/katalog\/ventilator-vortice-lineo-200-t-3-ot\/#primaryimage\"},\"image\":{\"@id\":\"https:\/\/klimavex.eu\/sk\/katalog\/ventilator-vortice-lineo-200-t-3-ot\/#primaryimage\"},\"thumbnailUrl\":\"https:\/\/klimavex.eu\/sk\/wp-content\/uploads\/2025\/09\/nPrqpLw3hgvDWaw2zJI0NfMSMgYeyvQ8wIyM0wk7az0.png\",\"datePublished\":\"2026-03-31T16:45:53+00:00\",\"dateModified\":\"2026-03-31T16:46:33+00:00\",\"breadcrumb\":{\"@id\":\"https:\/\/klimavex.eu\/sk\/katalog\/ventilator-vortice-lineo-200-t-3-ot\/#breadcrumb\"},\"inLanguage\":\"sk-SK\",\"potentialAction\":[{\"@type\":\"ReadAction\",\"target\":[\"https:\/\/klimavex.eu\/sk\/katalog\/ventilator-vortice-lineo-200-t-3-ot\/\"]}]},{\"@type\":\"ImageObject\",\"inLanguage\":\"sk-SK\",\"@id\":\"https:\/\/klimavex.eu\/sk\/katalog\/ventilator-vortice-lineo-200-t-3-ot\/#primaryimage\",\"url\":\"https:\/\/klimavex.eu\/sk\/wp-content\/uploads\/2025\/09\/nPrqpLw3hgvDWaw2zJI0NfMSMgYeyvQ8wIyM0wk7az0.png\",\"contentUrl\":\"https:\/\/klimavex.eu\/sk\/wp-content\/uploads\/2025\/09\/nPrqpLw3hgvDWaw2zJI0NfMSMgYeyvQ8wIyM0wk7az0.png\",\"width\":572,\"height\":512},{\"@type\":\"BreadcrumbList\",\"@id\":\"https:\/\/klimavex.eu\/sk\/katalog\/ventilator-vortice-lineo-200-t-3-ot\/#breadcrumb\",\"itemListElement\":[{\"@type\":\"ListItem\",\"position\":1,\"name\":\"Domovsk\u00e1 str\u00e1nka\",\"item\":\"https:\/\/klimavex.eu\/sk\/\"},{\"@type\":\"ListItem\",\"position\":2,\"name\":\"Eshop\",\"item\":\"https:\/\/klimavex.eu\/sk\/eshop\/\"},{\"@type\":\"ListItem\",\"position\":3,\"name\":\"Ventil\u00e1tor Vortice LINEO 200 T (3 ot.)\"}]},{\"@type\":\"WebSite\",\"@id\":\"https:\/\/klimavex.eu\/sk\/#website\",\"url\":\"https:\/\/klimavex.eu\/sk\/\",\"name\":\"KLIMAVEX GROUP - Slovensko\",\"description\":\"\",\"publisher\":{\"@id\":\"https:\/\/klimavex.eu\/sk\/#organization\"},\"alternateName\":\"KLIMAVEX a.s.\",\"potentialAction\":[{\"@type\":\"SearchAction\",\"target\":{\"@type\":\"EntryPoint\",\"urlTemplate\":\"https:\/\/klimavex.eu\/sk\/?s={search_term_string}\"},\"query-input\":{\"@type\":\"PropertyValueSpecification\",\"valueRequired\":true,\"valueName\":\"search_term_string\"}}],\"inLanguage\":\"sk-SK\"},{\"@type\":\"Organization\",\"@id\":\"https:\/\/klimavex.eu\/sk\/#organization\",\"name\":\"KLIMAVEX GROUP\",\"alternateName\":\"KLIMAVEX a.s.\",\"url\":\"https:\/\/klimavex.eu\/sk\/\",\"logo\":{\"@type\":\"ImageObject\",\"inLanguage\":\"sk-SK\",\"@id\":\"https:\/\/klimavex.eu\/sk\/#\/schema\/logo\/image\/\",\"url\":\"https:\/\/klimavex.eu\/sk\/wp-content\/uploads\/2024\/04\/Klimavex-Group-logo.png\",\"contentUrl\":\"https:\/\/klimavex.eu\/sk\/wp-content\/uploads\/2024\/04\/Klimavex-Group-logo.png\",\"width\":1681,\"height\":472,\"caption\":\"KLIMAVEX GROUP\"},\"image\":{\"@id\":\"https:\/\/klimavex.eu\/sk\/#\/schema\/logo\/image\/\"},\"sameAs\":[\"https:\/\/www.facebook.com\/klimavex\",\"https:\/\/www.instagram.com\/klimavex_sk\/\"]}]}<\/script>\n<!-- \/ Yoast SEO plugin. -->","yoast_head_json":{"title":"Ventil\u00e1tor Vortice LINEO 200 T (3 ot.) - KLIMAVEX GROUP - Slovensko","robots":{"index":"index","follow":"follow","max-snippet":"max-snippet:-1","max-image-preview":"max-image-preview:large","max-video-preview":"max-video-preview:-1"},"canonical":"https:\/\/klimavex.eu\/sk\/katalog\/ventilator-vortice-lineo-200-t-3-ot\/","og_locale":"sk_SK","og_type":"article","og_title":"Ventil\u00e1tor Vortice LINEO 200 T (3 ot.) - KLIMAVEX GROUP - Slovensko","og_description":"Trojot&aacute;\u010dkov&yacute; potrubn&yacute; ventil&aacute;tor radu Lineo je vybaven&yacute; AC motorom s 3-stup\u0148ovou regul&aacute;ciou ot&aacute;\u010dok a gu\u013e&ocirc;\u010dkov&yacute;mi lo\u017eiskami. Typ T s \u010dasov&yacute;m dobehom. Ur\u010den&yacute; na pripojenie potrubia &oslash; 200mm. V\u010faka svojim vlastnostiam a kon&scaron;trukcii je vhodn&yacute; pre dlh&scaron;ie vzduchotechnick&eacute; potrubie s vysokou vlhkos\u0165ou - krytie IPX5. Obe\u017en&eacute; koleso ventil&aacute;tora je vyv&aacute;\u017een&eacute; priamo na motore.","og_url":"https:\/\/klimavex.eu\/sk\/katalog\/ventilator-vortice-lineo-200-t-3-ot\/","og_site_name":"KLIMAVEX GROUP - Slovensko","article_publisher":"https:\/\/www.facebook.com\/klimavex","article_modified_time":"2026-03-31T16:46:33+00:00","og_image":[{"width":9184,"height":9184,"url":"https:\/\/klimavex.eu\/sk\/wp-content\/uploads\/2024\/02\/LOGO-KLIMAVEX-modra-kostka-1.png","type":"image\/png"}],"twitter_card":"summary_large_image","twitter_misc":{"Predpokladan\u00fd \u010das \u010d\u00edtania":"1 min\u00fata"},"schema":{"@context":"https:\/\/schema.org","@graph":[{"@type":"WebPage","@id":"https:\/\/klimavex.eu\/sk\/katalog\/ventilator-vortice-lineo-200-t-3-ot\/","url":"https:\/\/klimavex.eu\/sk\/katalog\/ventilator-vortice-lineo-200-t-3-ot\/","name":"Ventil\u00e1tor Vortice LINEO 200 T (3 ot.) - KLIMAVEX GROUP - Slovensko","isPartOf":{"@id":"https:\/\/klimavex.eu\/sk\/#website"},"primaryImageOfPage":{"@id":"https:\/\/klimavex.eu\/sk\/katalog\/ventilator-vortice-lineo-200-t-3-ot\/#primaryimage"},"image":{"@id":"https:\/\/klimavex.eu\/sk\/katalog\/ventilator-vortice-lineo-200-t-3-ot\/#primaryimage"},"thumbnailUrl":"https:\/\/klimavex.eu\/sk\/wp-content\/uploads\/2025\/09\/nPrqpLw3hgvDWaw2zJI0NfMSMgYeyvQ8wIyM0wk7az0.png","datePublished":"2026-03-31T16:45:53+00:00","dateModified":"2026-03-31T16:46:33+00:00","breadcrumb":{"@id":"https:\/\/klimavex.eu\/sk\/katalog\/ventilator-vortice-lineo-200-t-3-ot\/#breadcrumb"},"inLanguage":"sk-SK","potentialAction":[{"@type":"ReadAction","target":["https:\/\/klimavex.eu\/sk\/katalog\/ventilator-vortice-lineo-200-t-3-ot\/"]}]},{"@type":"ImageObject","inLanguage":"sk-SK","@id":"https:\/\/klimavex.eu\/sk\/katalog\/ventilator-vortice-lineo-200-t-3-ot\/#primaryimage","url":"https:\/\/klimavex.eu\/sk\/wp-content\/uploads\/2025\/09\/nPrqpLw3hgvDWaw2zJI0NfMSMgYeyvQ8wIyM0wk7az0.png","contentUrl":"https:\/\/klimavex.eu\/sk\/wp-content\/uploads\/2025\/09\/nPrqpLw3hgvDWaw2zJI0NfMSMgYeyvQ8wIyM0wk7az0.png","width":572,"height":512},{"@type":"BreadcrumbList","@id":"https:\/\/klimavex.eu\/sk\/katalog\/ventilator-vortice-lineo-200-t-3-ot\/#breadcrumb","itemListElement":[{"@type":"ListItem","position":1,"name":"Domovsk\u00e1 str\u00e1nka","item":"https:\/\/klimavex.eu\/sk\/"},{"@type":"ListItem","position":2,"name":"Eshop","item":"https:\/\/klimavex.eu\/sk\/eshop\/"},{"@type":"ListItem","position":3,"name":"Ventil\u00e1tor Vortice LINEO 200 T (3 ot.)"}]},{"@type":"WebSite","@id":"https:\/\/klimavex.eu\/sk\/#website","url":"https:\/\/klimavex.eu\/sk\/","name":"KLIMAVEX GROUP - Slovensko","description":"","publisher":{"@id":"https:\/\/klimavex.eu\/sk\/#organization"},"alternateName":"KLIMAVEX a.s.","potentialAction":[{"@type":"SearchAction","target":{"@type":"EntryPoint","urlTemplate":"https:\/\/klimavex.eu\/sk\/?s={search_term_string}"},"query-input":{"@type":"PropertyValueSpecification","valueRequired":true,"valueName":"search_term_string"}}],"inLanguage":"sk-SK"},{"@type":"Organization","@id":"https:\/\/klimavex.eu\/sk\/#organization","name":"KLIMAVEX GROUP","alternateName":"KLIMAVEX a.s.","url":"https:\/\/klimavex.eu\/sk\/","logo":{"@type":"ImageObject","inLanguage":"sk-SK","@id":"https:\/\/klimavex.eu\/sk\/#\/schema\/logo\/image\/","url":"https:\/\/klimavex.eu\/sk\/wp-content\/uploads\/2024\/04\/Klimavex-Group-logo.png","contentUrl":"https:\/\/klimavex.eu\/sk\/wp-content\/uploads\/2024\/04\/Klimavex-Group-logo.png","width":1681,"height":472,"caption":"KLIMAVEX GROUP"},"image":{"@id":"https:\/\/klimavex.eu\/sk\/#\/schema\/logo\/image\/"},"sameAs":["https:\/\/www.facebook.com\/klimavex","https:\/\/www.instagram.com\/klimavex_sk\/"]}]}},"_links":{"self":[{"href":"https:\/\/klimavex.eu\/sk\/wp-json\/wp\/v2\/product\/477348","targetHints":{"allow":["GET"]}}],"collection":[{"href":"https:\/\/klimavex.eu\/sk\/wp-json\/wp\/v2\/product"}],"about":[{"href":"https:\/\/klimavex.eu\/sk\/wp-json\/wp\/v2\/types\/product"}],"version-history":[{"count":0,"href":"https:\/\/klimavex.eu\/sk\/wp-json\/wp\/v2\/product\/477348\/revisions"}],"wp:featuredmedia":[{"embeddable":true,"href":"https:\/\/klimavex.eu\/sk\/wp-json\/wp\/v2\/media\/484380"}],"wp:attachment":[{"href":"https:\/\/klimavex.eu\/sk\/wp-json\/wp\/v2\/media?parent=477348"}],"wp:term":[{"taxonomy":"product_cat","embeddable":true,"href":"https:\/\/klimavex.eu\/sk\/wp-json\/wp\/v2\/product_cat?post=477348"},{"taxonomy":"product_tag","embeddable":true,"href":"https:\/\/klimavex.eu\/sk\/wp-json\/wp\/v2\/product_tag?post=477348"}],"curies":[{"name":"wp","href":"https:\/\/api.w.org\/{rel}","templated":true}]}}