{"id":477371,"date":"2026-03-31T18:46:58","date_gmt":"2026-03-31T16:46:58","guid":{"rendered":"https:\/\/klimavex.eu\/sk\/katalog\/vysokoucinny-cistic-vzduchu-vortice-depuro-sky-easy-evo\/"},"modified":"2026-03-31T18:47:03","modified_gmt":"2026-03-31T16:47:03","slug":"vysokoucinny-cistic-vzduchu-vortice-depuro-sky-easy-evo","status":"publish","type":"product","link":"https:\/\/klimavex.eu\/sk\/katalog\/vysokoucinny-cistic-vzduchu-vortice-depuro-sky-easy-evo\/","title":{"rendered":"Vysoko\u00fa\u010dinn\u00fd \u010disti\u010d vzduchu Vortice DEPURO SKY EASY EVO"},"content":{"rendered":"<p style=\"text-align: justify;\"><strong>K\u013e&uacute;\u010dov&eacute; vlastnosti:<\/strong><\/p>\n<ul>\n<li style=\"text-align: justify;\">Efekt&iacute;vna ochrana proti v&iacute;rusom a&nbsp;bakt&eacute;ri&aacute;m, vr&aacute;tane v&iacute;rusu COVID-19.<\/li>\n<li style=\"text-align: justify;\">Maxim&aacute;lny prietok vzduchu 1200 m<sup>3<\/sup>\/hod.<\/li>\n<li style=\"text-align: justify;\">Zariadenie obsahuje 3 stup\u0148ov&yacute; syst&eacute;m filtr&aacute;cie, pozost&aacute;vaj&uacute;ci z 15 filtrov:\n<ul>\n<li>5x ISO 65% (G4) pred-filtrov, ktor&eacute; zachyt&aacute;vaj&uacute; v&auml;\u010d&scaron;ie \u010dastice ako napr. prach a&nbsp;chlpy zvierat. Odpor&uacute;\u010dan&aacute; v&yacute;mena pod\u013ea stup\u0148a zne\u010distenia, zvy\u010dajne v&nbsp;rozp&auml;t&iacute; 1-3 mesiace.<\/li>\n<li>5x ISO ePMI 70% (F7) filtrov, ktor&eacute; zachyt&aacute;vaj&uacute; men&scaron;ie \u010dastice. Odpor&uacute;\u010dan&aacute; v&yacute;mena pod\u013ea stup\u0148a zne\u010distenia, zvy\u010dajne v&nbsp;rozp&auml;t&iacute; 1-3 mesiace.<\/li>\n<li>5x HEPA H-14 filtrov, ktor&eacute; s&uacute; vysoko efekt&iacute;vne na zachyt&aacute;vanie najmen&scaron;&iacute;ch \u010dast&iacute;c ako alerg&eacute;ny a&nbsp;patog&eacute;ny. Odpor&uacute;\u010dan&aacute; v&yacute;mena pod\u013ea frekvencie u\u017e&iacute;vania zariadenia, zvy\u010dajne v&nbsp;rozp&auml;t&iacute; 6-12 mesiacov.<\/li>\n<\/ul>\n<\/li>\n<li style=\"text-align: justify;\">Bezpra&scaron;&yacute; dezinfek\u010dn&yacute; a \u010distiaci proces kombinuj&uacute;ci p&ocirc;sobenie technol&oacute;gi&iacute; zalo\u017een&yacute;ch na kombin&aacute;cii generovan&eacute;ho \u017eiarenia prostredn&iacute;ctvom &scaron;peci&aacute;lnej UV lampy s katalyz&aacute;torom na b&aacute;ze oxid u titani\u010dit&eacute;ho (TiO2) (&uacute;\u010dinnos\u0165 vo\u010di ne\u010distot&aacute;m, z&aacute;pachom a mikroorganizmom).<\/li>\n<li style=\"text-align: justify;\">Kon&scaron;trukcia o&nbsp;h\u013abke 30 mm z&nbsp;hlin&iacute;kov&yacute;ch profilov, s&nbsp;plastov&yacute;mi rohov&yacute;mi spojmi.<\/li>\n<li style=\"text-align: justify;\">25 mm sendvi\u010dov&eacute; panely so svetlosiv&yacute;m n&aacute;terom, RAL 9006, s&nbsp;protikor&oacute;znou povrchovou &uacute;pravou.<\/li>\n<li style=\"text-align: justify;\">EC motory , ktor&yacute;ch r&yacute;chlos\u0165 je mo\u017en&eacute; regulova\u0165 pomocou ovl&aacute;dacieho panela.<\/li>\n<li style=\"text-align: justify;\">Trieda ochrany IP44, izol&aacute;cia triedy B.<\/li>\n<li style=\"text-align: justify;\">Ovl&aacute;danie prostredn&iacute;ctvom LCD panelu &ndash; aktiv&aacute;cia \/ deaktiv&aacute;cia fotokatalytick&eacute;ho modulu, naprogramovanie dennej prev&aacute;dzky a r&yacute;chlosti ventil&aacute;tora a\u017e na 3 \u010dasov&eacute; z&oacute;ny, nastavenie manu&aacute;lneho alebo automatick&eacute;ho ovl&aacute;dania, nastavenie smeru pr&uacute;denia vzduchu a&nbsp;\u010fal&scaron;ie, s&nbsp;pripojen&iacute;m na BMS a&nbsp;ModBus.<\/li>\n<li>Fotokatalytick&yacute; modul obsahuje:\n<ul>\n<li style=\"text-align: justify;\">katalyz&aacute;tor na b&aacute;ze oxidu titani\u010dit&eacute;ho (TiO2), ktor&yacute; je &uacute;\u010dinn&yacute; proti ne\u010distot&aacute;m, z&aacute;pachom a patog&eacute;nnym mikroorganizmom;<\/li>\n<li style=\"text-align: justify;\">UV-C lampa, na inicializ&aacute;ciu procesu fotokatal&yacute;zy;<\/li>\n<li style=\"text-align: justify;\">&scaron;peci&aacute;lny transform&aacute;tor pre riadenie UV-C lampy.<\/li>\n<\/ul>\n<\/li>\n<\/ul>\n","protected":false},"excerpt":{"rendered":"<p style=\"text-align: justify;\">Vysoko&uacute;\u010dinn&eacute; \u010disti\u010de vzduchu <strong>Vortice Depuro Sky Easy Evo<\/strong> s&uacute; ur\u010den&eacute; pre <strong>skryt&uacute; in&scaron;tal&aacute;ciu do stropu (podh\u013eadu)<\/strong> v&nbsp;komer\u010dn&yacute;ch a&nbsp;priemyseln&yacute;ch <strong>objektoch s&nbsp;plochou a\u017e 330 m<sup>2<\/sup><\/strong>. S&uacute; vysoko v&yacute;konn&eacute;, jednoduch&eacute; na in&scaron;tal&aacute;ciu a&nbsp;&uacute;dr\u017ebu a&nbsp;tich&eacute; v\u010faka zvukotesn&yacute;m panelom. V\u010faka <strong>komplexn&eacute;mu filtra\u010dn&eacute;mu syst&eacute;mu<\/strong> dok&aacute;\u017eu r&yacute;chlo odstr&aacute;ni\u0165 koncentr&aacute;cie zne\u010dis\u0165uj&uacute;cich l&aacute;tok, alerg&eacute;nov a&nbsp;patog&eacute;nov pr&iacute;tomn&yacute;ch vo vzduchu, \u010d&iacute;m zabezpe\u010duj&uacute; bezpe\u010dnos\u0165 a&nbsp;pohodlie obyvate\u013eov. Efekt&iacute;vna <strong>ochrana aj proti v&iacute;rusu COVID-19<\/strong> v\u010faka fotokatalytick&eacute;mu modulu. Z&aacute;kladom \u010distiaceho a <strong>dezinfek\u010dn&eacute;ho procesu<\/strong> je silne oxida\u010dn&yacute; &uacute;\u010dinok vo\u013en&yacute;ch radik&aacute;lov OH*, ktor&eacute; sa uvo\u013e\u0148uj&uacute; pri o\u017earovan&iacute; katalyz&aacute;tora (na b&aacute;ze oxid u titani\u010dit&eacute;ho (TiO<sub>2<\/sub>)) svetlom primeranej vlnovej d\u013a\u017eky (UV-C lampa). L&aacute;tky zne\u010dis\u0165uj&uacute;ce ovzdu&scaron;ie ako oxid uhli\u010dit&yacute; (CO<sub>2<\/sub>), oxidy s&iacute;ry (SO<sub>x<\/sub>), oxidy dus&iacute;ka (NO<sub>x<\/sub>), oxid uho\u013enat&yacute; (CO) a polycyklick&eacute; aromatick&eacute; uh\u013eovod&iacute;ky (PAH) sa pomocou vo\u013en&yacute;ch radik&aacute;lov OH* transformuj&uacute; na zl&uacute;\u010deniny s v&yacute;razne ni\u017e&scaron;ou &uacute;rov\u0148ou toxicity (napr&iacute;klad oxid dusnat&yacute; (NO) a oxid dusi\u010dit&yacute; (NO<sub>2<\/sub>) sa transformuj&uacute; na dusi\u010dnan (NO<sub>3<\/sub>)). Podobne v pr&iacute;pade prchav&yacute;ch organick&yacute;ch zl&uacute;\u010den&iacute;n (VOC), ako formaldehyd a acet&oacute;n, ktor&eacute; patria medzi hlavn&eacute; pr&iacute;\u010diny nepr&iacute;jemn&eacute;ho z&aacute;pachu v uzavretom priestore, doch&aacute;dza k ich rozkladu a transform&aacute;cii na ne&scaron;kodn&eacute; l&aacute;tky ako oxid uhli\u010dit&yacute; (CO<sub>2<\/sub>) a voda.<\/p>\n","protected":false},"featured_media":484494,"template":"","meta":[],"product_cat":[2057,1297,2056],"product_tag":[],"class_list":{"0":"post-477371","1":"product","2":"type-product","3":"status-publish","4":"has-post-thumbnail","6":"product_cat-depuro","7":"product_cat-ventilatory","8":"product_cat-elektricke-ohrievace-a-cistice-vzduchu","9":"pa_hlucnost-lp-6m-5088","10":"pa_krytie-ip44","11":"pa_plocha-do-m2-5087","12":"pa_prevedenie-cistic-vzduchu","13":"pa_typ-depuro","14":"pa_vzduchovy-vykon-qv-m3-5086","15":"pa_znacka-vortice","17":"first","18":"instock","19":"taxable","20":"shipping-taxable","21":"purchasable","22":"product-type-simple"},"yoast_head":"<!-- This site is optimized with the Yoast SEO plugin v23.9 - https:\/\/yoast.com\/wordpress\/plugins\/seo\/ -->\n<title>Vysoko\u00fa\u010dinn\u00fd \u010disti\u010d vzduchu Vortice DEPURO SKY EASY EVO - KLIMAVEX GROUP - Slovensko<\/title>\n<meta name=\"robots\" content=\"index, follow, max-snippet:-1, max-image-preview:large, max-video-preview:-1\" \/>\n<link rel=\"canonical\" href=\"https:\/\/klimavex.eu\/sk\/katalog\/vysokoucinny-cistic-vzduchu-vortice-depuro-sky-easy-evo\/\" \/>\n<meta property=\"og:locale\" content=\"sk_SK\" \/>\n<meta property=\"og:type\" content=\"article\" \/>\n<meta property=\"og:title\" content=\"Vysoko\u00fa\u010dinn\u00fd \u010disti\u010d vzduchu Vortice DEPURO SKY EASY EVO - KLIMAVEX GROUP - Slovensko\" \/>\n<meta property=\"og:description\" content=\"Vysoko&uacute;\u010dinn&eacute; \u010disti\u010de vzduchu Vortice Depuro Sky Easy Evo s&uacute; ur\u010den&eacute; pre skryt&uacute; in&scaron;tal&aacute;ciu do stropu (podh\u013eadu) v&nbsp;komer\u010dn&yacute;ch a&nbsp;priemyseln&yacute;ch objektoch s&nbsp;plochou a\u017e 330 m2. S&uacute; vysoko v&yacute;konn&eacute;, jednoduch&eacute; na in&scaron;tal&aacute;ciu a&nbsp;&uacute;dr\u017ebu a&nbsp;tich&eacute; v\u010faka zvukotesn&yacute;m panelom. V\u010faka komplexn&eacute;mu filtra\u010dn&eacute;mu syst&eacute;mu dok&aacute;\u017eu r&yacute;chlo odstr&aacute;ni\u0165 koncentr&aacute;cie zne\u010dis\u0165uj&uacute;cich l&aacute;tok, alerg&eacute;nov a&nbsp;patog&eacute;nov pr&iacute;tomn&yacute;ch vo vzduchu, \u010d&iacute;m zabezpe\u010duj&uacute; bezpe\u010dnos\u0165 a&nbsp;pohodlie obyvate\u013eov. Efekt&iacute;vna ochrana aj proti v&iacute;rusu COVID-19 v\u010faka fotokatalytick&eacute;mu modulu. Z&aacute;kladom \u010distiaceho a dezinfek\u010dn&eacute;ho procesu je silne oxida\u010dn&yacute; &uacute;\u010dinok vo\u013en&yacute;ch radik&aacute;lov OH*, ktor&eacute; sa uvo\u013e\u0148uj&uacute; pri o\u017earovan&iacute; katalyz&aacute;tora (na b&aacute;ze oxid u titani\u010dit&eacute;ho (TiO2)) svetlom primeranej vlnovej d\u013a\u017eky (UV-C lampa). L&aacute;tky zne\u010dis\u0165uj&uacute;ce ovzdu&scaron;ie ako oxid uhli\u010dit&yacute; (CO2), oxidy s&iacute;ry (SOx), oxidy dus&iacute;ka (NOx), oxid uho\u013enat&yacute; (CO) a polycyklick&eacute; aromatick&eacute; uh\u013eovod&iacute;ky (PAH) sa pomocou vo\u013en&yacute;ch radik&aacute;lov OH* transformuj&uacute; na zl&uacute;\u010deniny s v&yacute;razne ni\u017e&scaron;ou &uacute;rov\u0148ou toxicity (napr&iacute;klad oxid dusnat&yacute; (NO) a oxid dusi\u010dit&yacute; (NO2) sa transformuj&uacute; na dusi\u010dnan (NO3)). Podobne v pr&iacute;pade prchav&yacute;ch organick&yacute;ch zl&uacute;\u010den&iacute;n (VOC), ako formaldehyd a acet&oacute;n, ktor&eacute; patria medzi hlavn&eacute; pr&iacute;\u010diny nepr&iacute;jemn&eacute;ho z&aacute;pachu v uzavretom priestore, doch&aacute;dza k ich rozkladu a transform&aacute;cii na ne&scaron;kodn&eacute; l&aacute;tky ako oxid uhli\u010dit&yacute; (CO2) a voda.\" \/>\n<meta property=\"og:url\" content=\"https:\/\/klimavex.eu\/sk\/katalog\/vysokoucinny-cistic-vzduchu-vortice-depuro-sky-easy-evo\/\" \/>\n<meta property=\"og:site_name\" content=\"KLIMAVEX GROUP - Slovensko\" \/>\n<meta property=\"article:publisher\" content=\"https:\/\/www.facebook.com\/klimavex\" \/>\n<meta property=\"article:modified_time\" content=\"2026-03-31T16:47:03+00:00\" \/>\n<meta property=\"og:image\" content=\"https:\/\/klimavex.eu\/sk\/wp-content\/uploads\/2025\/09\/tMbu6ugtRVLuAdHDbfXaBkkhUldo3N12Q9fXxsW1ZDU.png\" \/>\n\t<meta property=\"og:image:width\" content=\"500\" \/>\n\t<meta property=\"og:image:height\" content=\"500\" \/>\n\t<meta property=\"og:image:type\" content=\"image\/png\" \/>\n<meta name=\"twitter:card\" content=\"summary_large_image\" \/>\n<meta name=\"twitter:label1\" content=\"Predpokladan\u00fd \u010das \u010d\u00edtania\" \/>\n\t<meta name=\"twitter:data1\" content=\"2 min\u00faty\" \/>\n<script type=\"application\/ld+json\" class=\"yoast-schema-graph\">{\"@context\":\"https:\/\/schema.org\",\"@graph\":[{\"@type\":\"WebPage\",\"@id\":\"https:\/\/klimavex.eu\/sk\/katalog\/vysokoucinny-cistic-vzduchu-vortice-depuro-sky-easy-evo\/\",\"url\":\"https:\/\/klimavex.eu\/sk\/katalog\/vysokoucinny-cistic-vzduchu-vortice-depuro-sky-easy-evo\/\",\"name\":\"Vysoko\u00fa\u010dinn\u00fd \u010disti\u010d vzduchu Vortice DEPURO SKY EASY EVO - KLIMAVEX GROUP - Slovensko\",\"isPartOf\":{\"@id\":\"https:\/\/klimavex.eu\/sk\/#website\"},\"primaryImageOfPage\":{\"@id\":\"https:\/\/klimavex.eu\/sk\/katalog\/vysokoucinny-cistic-vzduchu-vortice-depuro-sky-easy-evo\/#primaryimage\"},\"image\":{\"@id\":\"https:\/\/klimavex.eu\/sk\/katalog\/vysokoucinny-cistic-vzduchu-vortice-depuro-sky-easy-evo\/#primaryimage\"},\"thumbnailUrl\":\"https:\/\/klimavex.eu\/sk\/wp-content\/uploads\/2025\/09\/tMbu6ugtRVLuAdHDbfXaBkkhUldo3N12Q9fXxsW1ZDU.png\",\"datePublished\":\"2026-03-31T16:46:58+00:00\",\"dateModified\":\"2026-03-31T16:47:03+00:00\",\"breadcrumb\":{\"@id\":\"https:\/\/klimavex.eu\/sk\/katalog\/vysokoucinny-cistic-vzduchu-vortice-depuro-sky-easy-evo\/#breadcrumb\"},\"inLanguage\":\"sk-SK\",\"potentialAction\":[{\"@type\":\"ReadAction\",\"target\":[\"https:\/\/klimavex.eu\/sk\/katalog\/vysokoucinny-cistic-vzduchu-vortice-depuro-sky-easy-evo\/\"]}]},{\"@type\":\"ImageObject\",\"inLanguage\":\"sk-SK\",\"@id\":\"https:\/\/klimavex.eu\/sk\/katalog\/vysokoucinny-cistic-vzduchu-vortice-depuro-sky-easy-evo\/#primaryimage\",\"url\":\"https:\/\/klimavex.eu\/sk\/wp-content\/uploads\/2025\/09\/tMbu6ugtRVLuAdHDbfXaBkkhUldo3N12Q9fXxsW1ZDU.png\",\"contentUrl\":\"https:\/\/klimavex.eu\/sk\/wp-content\/uploads\/2025\/09\/tMbu6ugtRVLuAdHDbfXaBkkhUldo3N12Q9fXxsW1ZDU.png\",\"width\":500,\"height\":500},{\"@type\":\"BreadcrumbList\",\"@id\":\"https:\/\/klimavex.eu\/sk\/katalog\/vysokoucinny-cistic-vzduchu-vortice-depuro-sky-easy-evo\/#breadcrumb\",\"itemListElement\":[{\"@type\":\"ListItem\",\"position\":1,\"name\":\"Domovsk\u00e1 str\u00e1nka\",\"item\":\"https:\/\/klimavex.eu\/sk\/\"},{\"@type\":\"ListItem\",\"position\":2,\"name\":\"Eshop\",\"item\":\"https:\/\/klimavex.eu\/sk\/eshop\/\"},{\"@type\":\"ListItem\",\"position\":3,\"name\":\"Vysoko\u00fa\u010dinn\u00fd \u010disti\u010d vzduchu Vortice DEPURO SKY EASY EVO\"}]},{\"@type\":\"WebSite\",\"@id\":\"https:\/\/klimavex.eu\/sk\/#website\",\"url\":\"https:\/\/klimavex.eu\/sk\/\",\"name\":\"KLIMAVEX GROUP - Slovensko\",\"description\":\"\",\"publisher\":{\"@id\":\"https:\/\/klimavex.eu\/sk\/#organization\"},\"alternateName\":\"KLIMAVEX a.s.\",\"potentialAction\":[{\"@type\":\"SearchAction\",\"target\":{\"@type\":\"EntryPoint\",\"urlTemplate\":\"https:\/\/klimavex.eu\/sk\/?s={search_term_string}\"},\"query-input\":{\"@type\":\"PropertyValueSpecification\",\"valueRequired\":true,\"valueName\":\"search_term_string\"}}],\"inLanguage\":\"sk-SK\"},{\"@type\":\"Organization\",\"@id\":\"https:\/\/klimavex.eu\/sk\/#organization\",\"name\":\"KLIMAVEX GROUP\",\"alternateName\":\"KLIMAVEX a.s.\",\"url\":\"https:\/\/klimavex.eu\/sk\/\",\"logo\":{\"@type\":\"ImageObject\",\"inLanguage\":\"sk-SK\",\"@id\":\"https:\/\/klimavex.eu\/sk\/#\/schema\/logo\/image\/\",\"url\":\"https:\/\/klimavex.eu\/sk\/wp-content\/uploads\/2024\/04\/Klimavex-Group-logo.png\",\"contentUrl\":\"https:\/\/klimavex.eu\/sk\/wp-content\/uploads\/2024\/04\/Klimavex-Group-logo.png\",\"width\":1681,\"height\":472,\"caption\":\"KLIMAVEX GROUP\"},\"image\":{\"@id\":\"https:\/\/klimavex.eu\/sk\/#\/schema\/logo\/image\/\"},\"sameAs\":[\"https:\/\/www.facebook.com\/klimavex\",\"https:\/\/www.instagram.com\/klimavex_sk\/\"]}]}<\/script>\n<!-- \/ Yoast SEO plugin. -->","yoast_head_json":{"title":"Vysoko\u00fa\u010dinn\u00fd \u010disti\u010d vzduchu Vortice DEPURO SKY EASY EVO - KLIMAVEX GROUP - Slovensko","robots":{"index":"index","follow":"follow","max-snippet":"max-snippet:-1","max-image-preview":"max-image-preview:large","max-video-preview":"max-video-preview:-1"},"canonical":"https:\/\/klimavex.eu\/sk\/katalog\/vysokoucinny-cistic-vzduchu-vortice-depuro-sky-easy-evo\/","og_locale":"sk_SK","og_type":"article","og_title":"Vysoko\u00fa\u010dinn\u00fd \u010disti\u010d vzduchu Vortice DEPURO SKY EASY EVO - KLIMAVEX GROUP - Slovensko","og_description":"Vysoko&uacute;\u010dinn&eacute; \u010disti\u010de vzduchu Vortice Depuro Sky Easy Evo s&uacute; ur\u010den&eacute; pre skryt&uacute; in&scaron;tal&aacute;ciu do stropu (podh\u013eadu) v&nbsp;komer\u010dn&yacute;ch a&nbsp;priemyseln&yacute;ch objektoch s&nbsp;plochou a\u017e 330 m2. S&uacute; vysoko v&yacute;konn&eacute;, jednoduch&eacute; na in&scaron;tal&aacute;ciu a&nbsp;&uacute;dr\u017ebu a&nbsp;tich&eacute; v\u010faka zvukotesn&yacute;m panelom. V\u010faka komplexn&eacute;mu filtra\u010dn&eacute;mu syst&eacute;mu dok&aacute;\u017eu r&yacute;chlo odstr&aacute;ni\u0165 koncentr&aacute;cie zne\u010dis\u0165uj&uacute;cich l&aacute;tok, alerg&eacute;nov a&nbsp;patog&eacute;nov pr&iacute;tomn&yacute;ch vo vzduchu, \u010d&iacute;m zabezpe\u010duj&uacute; bezpe\u010dnos\u0165 a&nbsp;pohodlie obyvate\u013eov. Efekt&iacute;vna ochrana aj proti v&iacute;rusu COVID-19 v\u010faka fotokatalytick&eacute;mu modulu. Z&aacute;kladom \u010distiaceho a dezinfek\u010dn&eacute;ho procesu je silne oxida\u010dn&yacute; &uacute;\u010dinok vo\u013en&yacute;ch radik&aacute;lov OH*, ktor&eacute; sa uvo\u013e\u0148uj&uacute; pri o\u017earovan&iacute; katalyz&aacute;tora (na b&aacute;ze oxid u titani\u010dit&eacute;ho (TiO2)) svetlom primeranej vlnovej d\u013a\u017eky (UV-C lampa). L&aacute;tky zne\u010dis\u0165uj&uacute;ce ovzdu&scaron;ie ako oxid uhli\u010dit&yacute; (CO2), oxidy s&iacute;ry (SOx), oxidy dus&iacute;ka (NOx), oxid uho\u013enat&yacute; (CO) a polycyklick&eacute; aromatick&eacute; uh\u013eovod&iacute;ky (PAH) sa pomocou vo\u013en&yacute;ch radik&aacute;lov OH* transformuj&uacute; na zl&uacute;\u010deniny s v&yacute;razne ni\u017e&scaron;ou &uacute;rov\u0148ou toxicity (napr&iacute;klad oxid dusnat&yacute; (NO) a oxid dusi\u010dit&yacute; (NO2) sa transformuj&uacute; na dusi\u010dnan (NO3)). Podobne v pr&iacute;pade prchav&yacute;ch organick&yacute;ch zl&uacute;\u010den&iacute;n (VOC), ako formaldehyd a acet&oacute;n, ktor&eacute; patria medzi hlavn&eacute; pr&iacute;\u010diny nepr&iacute;jemn&eacute;ho z&aacute;pachu v uzavretom priestore, doch&aacute;dza k ich rozkladu a transform&aacute;cii na ne&scaron;kodn&eacute; l&aacute;tky ako oxid uhli\u010dit&yacute; (CO2) a voda.","og_url":"https:\/\/klimavex.eu\/sk\/katalog\/vysokoucinny-cistic-vzduchu-vortice-depuro-sky-easy-evo\/","og_site_name":"KLIMAVEX GROUP - Slovensko","article_publisher":"https:\/\/www.facebook.com\/klimavex","article_modified_time":"2026-03-31T16:47:03+00:00","og_image":[{"width":500,"height":500,"url":"https:\/\/klimavex.eu\/sk\/wp-content\/uploads\/2025\/09\/tMbu6ugtRVLuAdHDbfXaBkkhUldo3N12Q9fXxsW1ZDU.png","type":"image\/png"}],"twitter_card":"summary_large_image","twitter_misc":{"Predpokladan\u00fd \u010das \u010d\u00edtania":"2 min\u00faty"},"schema":{"@context":"https:\/\/schema.org","@graph":[{"@type":"WebPage","@id":"https:\/\/klimavex.eu\/sk\/katalog\/vysokoucinny-cistic-vzduchu-vortice-depuro-sky-easy-evo\/","url":"https:\/\/klimavex.eu\/sk\/katalog\/vysokoucinny-cistic-vzduchu-vortice-depuro-sky-easy-evo\/","name":"Vysoko\u00fa\u010dinn\u00fd \u010disti\u010d vzduchu Vortice DEPURO SKY EASY EVO - KLIMAVEX GROUP - Slovensko","isPartOf":{"@id":"https:\/\/klimavex.eu\/sk\/#website"},"primaryImageOfPage":{"@id":"https:\/\/klimavex.eu\/sk\/katalog\/vysokoucinny-cistic-vzduchu-vortice-depuro-sky-easy-evo\/#primaryimage"},"image":{"@id":"https:\/\/klimavex.eu\/sk\/katalog\/vysokoucinny-cistic-vzduchu-vortice-depuro-sky-easy-evo\/#primaryimage"},"thumbnailUrl":"https:\/\/klimavex.eu\/sk\/wp-content\/uploads\/2025\/09\/tMbu6ugtRVLuAdHDbfXaBkkhUldo3N12Q9fXxsW1ZDU.png","datePublished":"2026-03-31T16:46:58+00:00","dateModified":"2026-03-31T16:47:03+00:00","breadcrumb":{"@id":"https:\/\/klimavex.eu\/sk\/katalog\/vysokoucinny-cistic-vzduchu-vortice-depuro-sky-easy-evo\/#breadcrumb"},"inLanguage":"sk-SK","potentialAction":[{"@type":"ReadAction","target":["https:\/\/klimavex.eu\/sk\/katalog\/vysokoucinny-cistic-vzduchu-vortice-depuro-sky-easy-evo\/"]}]},{"@type":"ImageObject","inLanguage":"sk-SK","@id":"https:\/\/klimavex.eu\/sk\/katalog\/vysokoucinny-cistic-vzduchu-vortice-depuro-sky-easy-evo\/#primaryimage","url":"https:\/\/klimavex.eu\/sk\/wp-content\/uploads\/2025\/09\/tMbu6ugtRVLuAdHDbfXaBkkhUldo3N12Q9fXxsW1ZDU.png","contentUrl":"https:\/\/klimavex.eu\/sk\/wp-content\/uploads\/2025\/09\/tMbu6ugtRVLuAdHDbfXaBkkhUldo3N12Q9fXxsW1ZDU.png","width":500,"height":500},{"@type":"BreadcrumbList","@id":"https:\/\/klimavex.eu\/sk\/katalog\/vysokoucinny-cistic-vzduchu-vortice-depuro-sky-easy-evo\/#breadcrumb","itemListElement":[{"@type":"ListItem","position":1,"name":"Domovsk\u00e1 str\u00e1nka","item":"https:\/\/klimavex.eu\/sk\/"},{"@type":"ListItem","position":2,"name":"Eshop","item":"https:\/\/klimavex.eu\/sk\/eshop\/"},{"@type":"ListItem","position":3,"name":"Vysoko\u00fa\u010dinn\u00fd \u010disti\u010d vzduchu Vortice DEPURO SKY EASY EVO"}]},{"@type":"WebSite","@id":"https:\/\/klimavex.eu\/sk\/#website","url":"https:\/\/klimavex.eu\/sk\/","name":"KLIMAVEX GROUP - Slovensko","description":"","publisher":{"@id":"https:\/\/klimavex.eu\/sk\/#organization"},"alternateName":"KLIMAVEX a.s.","potentialAction":[{"@type":"SearchAction","target":{"@type":"EntryPoint","urlTemplate":"https:\/\/klimavex.eu\/sk\/?s={search_term_string}"},"query-input":{"@type":"PropertyValueSpecification","valueRequired":true,"valueName":"search_term_string"}}],"inLanguage":"sk-SK"},{"@type":"Organization","@id":"https:\/\/klimavex.eu\/sk\/#organization","name":"KLIMAVEX GROUP","alternateName":"KLIMAVEX a.s.","url":"https:\/\/klimavex.eu\/sk\/","logo":{"@type":"ImageObject","inLanguage":"sk-SK","@id":"https:\/\/klimavex.eu\/sk\/#\/schema\/logo\/image\/","url":"https:\/\/klimavex.eu\/sk\/wp-content\/uploads\/2024\/04\/Klimavex-Group-logo.png","contentUrl":"https:\/\/klimavex.eu\/sk\/wp-content\/uploads\/2024\/04\/Klimavex-Group-logo.png","width":1681,"height":472,"caption":"KLIMAVEX GROUP"},"image":{"@id":"https:\/\/klimavex.eu\/sk\/#\/schema\/logo\/image\/"},"sameAs":["https:\/\/www.facebook.com\/klimavex","https:\/\/www.instagram.com\/klimavex_sk\/"]}]}},"_links":{"self":[{"href":"https:\/\/klimavex.eu\/sk\/wp-json\/wp\/v2\/product\/477371","targetHints":{"allow":["GET"]}}],"collection":[{"href":"https:\/\/klimavex.eu\/sk\/wp-json\/wp\/v2\/product"}],"about":[{"href":"https:\/\/klimavex.eu\/sk\/wp-json\/wp\/v2\/types\/product"}],"version-history":[{"count":0,"href":"https:\/\/klimavex.eu\/sk\/wp-json\/wp\/v2\/product\/477371\/revisions"}],"wp:featuredmedia":[{"embeddable":true,"href":"https:\/\/klimavex.eu\/sk\/wp-json\/wp\/v2\/media\/484494"}],"wp:attachment":[{"href":"https:\/\/klimavex.eu\/sk\/wp-json\/wp\/v2\/media?parent=477371"}],"wp:term":[{"taxonomy":"product_cat","embeddable":true,"href":"https:\/\/klimavex.eu\/sk\/wp-json\/wp\/v2\/product_cat?post=477371"},{"taxonomy":"product_tag","embeddable":true,"href":"https:\/\/klimavex.eu\/sk\/wp-json\/wp\/v2\/product_tag?post=477371"}],"curies":[{"name":"wp","href":"https:\/\/api.w.org\/{rel}","templated":true}]}}