{"id":477383,"date":"2026-03-31T18:46:58","date_gmt":"2026-03-31T16:46:58","guid":{"rendered":"https:\/\/klimavex.eu\/sk\/katalog\/vortice-irm-5b-5-stupnova-regulacia-otacok-pre-modely-ca-315-se\/"},"modified":"2026-03-31T18:47:17","modified_gmt":"2026-03-31T16:47:17","slug":"vortice-irm-5b-5-stupnova-regulacia-otacok-pre-modely-ca-315-se","status":"publish","type":"product","link":"https:\/\/klimavex.eu\/sk\/katalog\/vortice-irm-5b-5-stupnova-regulacia-otacok-pre-modely-ca-315-se\/","title":{"rendered":"Vortice IRM 5B (5-stup\u0148ov\u00e1 regul\u00e1cia ot\u00e1\u010dok, pre modely CA 315 SE)"},"content":{"rendered":"","protected":false},"excerpt":{"rendered":"<p style=\"margin-left:0cm;text-align:justify;\"><span style=\"font-family:Calibri, sans-serif;font-size:11pt;\"><span lang=\"SK\" dir=\"ltr\">Pre jednof\u00e1zov\u00e9 modely <\/span><\/span><span style=\"background-color:white;color:#1F1F1F;font-family:Calibri, sans-serif;font-size:11pt;\"><span lang=\"SK\" dir=\"ltr\">CA 315 SE<\/span><\/span><span style=\"font-family:Calibri, sans-serif;font-size:11pt;\"><span lang=\"SK\" dir=\"ltr\">, 5-stup\u0148ov\u00e1 regul\u00e1cia ot\u00e1\u010dok, max. za\u0165a\u017eenie 2A.<\/span><\/span><\/p>\n<p style=\"margin-left:0cm;\"><span style=\"font-family:Calibri, sans-serif;font-size:11pt;\"><span lang=\"SK\" dir=\"ltr\"><strong>Dostupnos\u0165<\/strong>: \u0160tandardn\u00e1 doba dodania 2-3 t\u00fd\u017edne.<\/span><\/span><\/p>\n","protected":false},"featured_media":484519,"template":"","meta":[],"product_cat":[1908],"product_tag":[],"class_list":{"0":"post-477383","1":"product","2":"type-product","3":"status-publish","4":"has-post-thumbnail","6":"product_cat-prislusenstvo-ventilatory","7":"pa_krytie-ip44","8":"pa_typ-prislusenstvo","9":"pa_znacka-vortice","11":"first","12":"instock","13":"taxable","14":"shipping-taxable","15":"purchasable","16":"product-type-simple"},"yoast_head":"<!-- This site is optimized with the Yoast SEO plugin v23.9 - https:\/\/yoast.com\/wordpress\/plugins\/seo\/ -->\n<title>Vortice IRM 5B (5-stup\u0148ov\u00e1 regul\u00e1cia ot\u00e1\u010dok, pre modely CA 315 SE) - KLIMAVEX GROUP - Slovensko<\/title>\n<meta name=\"robots\" content=\"index, follow, max-snippet:-1, max-image-preview:large, max-video-preview:-1\" \/>\n<link rel=\"canonical\" href=\"https:\/\/klimavex.eu\/sk\/katalog\/vortice-irm-5b-5-stupnova-regulacia-otacok-pre-modely-ca-315-se\/\" \/>\n<meta property=\"og:locale\" content=\"sk_SK\" \/>\n<meta property=\"og:type\" content=\"article\" \/>\n<meta property=\"og:title\" content=\"Vortice IRM 5B (5-stup\u0148ov\u00e1 regul\u00e1cia ot\u00e1\u010dok, pre modely CA 315 SE) - KLIMAVEX GROUP - Slovensko\" \/>\n<meta property=\"og:description\" content=\"Pre jednof\u00e1zov\u00e9 modely CA 315 SE, 5-stup\u0148ov\u00e1 regul\u00e1cia ot\u00e1\u010dok, max. za\u0165a\u017eenie 2A. Dostupnos\u0165: \u0160tandardn\u00e1 doba dodania 2-3 t\u00fd\u017edne.\" \/>\n<meta property=\"og:url\" content=\"https:\/\/klimavex.eu\/sk\/katalog\/vortice-irm-5b-5-stupnova-regulacia-otacok-pre-modely-ca-315-se\/\" \/>\n<meta property=\"og:site_name\" content=\"KLIMAVEX GROUP - Slovensko\" \/>\n<meta property=\"article:publisher\" content=\"https:\/\/www.facebook.com\/klimavex\" \/>\n<meta property=\"article:modified_time\" content=\"2026-03-31T16:47:17+00:00\" \/>\n<meta property=\"og:image\" content=\"https:\/\/klimavex.eu\/sk\/wp-content\/uploads\/2025\/09\/sed1Nrw5IAuTOZafRBNFUbqEj_-1lmgVj8EmnHQxtjk.png\" \/>\n\t<meta property=\"og:image:width\" content=\"512\" \/>\n\t<meta property=\"og:image:height\" content=\"512\" \/>\n\t<meta property=\"og:image:type\" content=\"image\/png\" \/>\n<meta name=\"twitter:card\" content=\"summary_large_image\" \/>\n<script type=\"application\/ld+json\" class=\"yoast-schema-graph\">{\"@context\":\"https:\/\/schema.org\",\"@graph\":[{\"@type\":\"WebPage\",\"@id\":\"https:\/\/klimavex.eu\/sk\/katalog\/vortice-irm-5b-5-stupnova-regulacia-otacok-pre-modely-ca-315-se\/\",\"url\":\"https:\/\/klimavex.eu\/sk\/katalog\/vortice-irm-5b-5-stupnova-regulacia-otacok-pre-modely-ca-315-se\/\",\"name\":\"Vortice IRM 5B (5-stup\u0148ov\u00e1 regul\u00e1cia ot\u00e1\u010dok, pre modely CA 315 SE) - KLIMAVEX GROUP - Slovensko\",\"isPartOf\":{\"@id\":\"https:\/\/klimavex.eu\/sk\/#website\"},\"primaryImageOfPage\":{\"@id\":\"https:\/\/klimavex.eu\/sk\/katalog\/vortice-irm-5b-5-stupnova-regulacia-otacok-pre-modely-ca-315-se\/#primaryimage\"},\"image\":{\"@id\":\"https:\/\/klimavex.eu\/sk\/katalog\/vortice-irm-5b-5-stupnova-regulacia-otacok-pre-modely-ca-315-se\/#primaryimage\"},\"thumbnailUrl\":\"https:\/\/klimavex.eu\/sk\/wp-content\/uploads\/2025\/09\/sed1Nrw5IAuTOZafRBNFUbqEj_-1lmgVj8EmnHQxtjk.png\",\"datePublished\":\"2026-03-31T16:46:58+00:00\",\"dateModified\":\"2026-03-31T16:47:17+00:00\",\"breadcrumb\":{\"@id\":\"https:\/\/klimavex.eu\/sk\/katalog\/vortice-irm-5b-5-stupnova-regulacia-otacok-pre-modely-ca-315-se\/#breadcrumb\"},\"inLanguage\":\"sk-SK\",\"potentialAction\":[{\"@type\":\"ReadAction\",\"target\":[\"https:\/\/klimavex.eu\/sk\/katalog\/vortice-irm-5b-5-stupnova-regulacia-otacok-pre-modely-ca-315-se\/\"]}]},{\"@type\":\"ImageObject\",\"inLanguage\":\"sk-SK\",\"@id\":\"https:\/\/klimavex.eu\/sk\/katalog\/vortice-irm-5b-5-stupnova-regulacia-otacok-pre-modely-ca-315-se\/#primaryimage\",\"url\":\"https:\/\/klimavex.eu\/sk\/wp-content\/uploads\/2025\/09\/sed1Nrw5IAuTOZafRBNFUbqEj_-1lmgVj8EmnHQxtjk.png\",\"contentUrl\":\"https:\/\/klimavex.eu\/sk\/wp-content\/uploads\/2025\/09\/sed1Nrw5IAuTOZafRBNFUbqEj_-1lmgVj8EmnHQxtjk.png\",\"width\":512,\"height\":512},{\"@type\":\"BreadcrumbList\",\"@id\":\"https:\/\/klimavex.eu\/sk\/katalog\/vortice-irm-5b-5-stupnova-regulacia-otacok-pre-modely-ca-315-se\/#breadcrumb\",\"itemListElement\":[{\"@type\":\"ListItem\",\"position\":1,\"name\":\"Domovsk\u00e1 str\u00e1nka\",\"item\":\"https:\/\/klimavex.eu\/sk\/\"},{\"@type\":\"ListItem\",\"position\":2,\"name\":\"Eshop\",\"item\":\"https:\/\/klimavex.eu\/sk\/eshop\/\"},{\"@type\":\"ListItem\",\"position\":3,\"name\":\"Vortice IRM 5B (5-stup\u0148ov\u00e1 regul\u00e1cia ot\u00e1\u010dok, pre modely CA 315 SE)\"}]},{\"@type\":\"WebSite\",\"@id\":\"https:\/\/klimavex.eu\/sk\/#website\",\"url\":\"https:\/\/klimavex.eu\/sk\/\",\"name\":\"KLIMAVEX GROUP - Slovensko\",\"description\":\"\",\"publisher\":{\"@id\":\"https:\/\/klimavex.eu\/sk\/#organization\"},\"alternateName\":\"KLIMAVEX a.s.\",\"potentialAction\":[{\"@type\":\"SearchAction\",\"target\":{\"@type\":\"EntryPoint\",\"urlTemplate\":\"https:\/\/klimavex.eu\/sk\/?s={search_term_string}\"},\"query-input\":{\"@type\":\"PropertyValueSpecification\",\"valueRequired\":true,\"valueName\":\"search_term_string\"}}],\"inLanguage\":\"sk-SK\"},{\"@type\":\"Organization\",\"@id\":\"https:\/\/klimavex.eu\/sk\/#organization\",\"name\":\"KLIMAVEX GROUP\",\"alternateName\":\"KLIMAVEX a.s.\",\"url\":\"https:\/\/klimavex.eu\/sk\/\",\"logo\":{\"@type\":\"ImageObject\",\"inLanguage\":\"sk-SK\",\"@id\":\"https:\/\/klimavex.eu\/sk\/#\/schema\/logo\/image\/\",\"url\":\"https:\/\/klimavex.eu\/sk\/wp-content\/uploads\/2024\/04\/Klimavex-Group-logo.png\",\"contentUrl\":\"https:\/\/klimavex.eu\/sk\/wp-content\/uploads\/2024\/04\/Klimavex-Group-logo.png\",\"width\":1681,\"height\":472,\"caption\":\"KLIMAVEX GROUP\"},\"image\":{\"@id\":\"https:\/\/klimavex.eu\/sk\/#\/schema\/logo\/image\/\"},\"sameAs\":[\"https:\/\/www.facebook.com\/klimavex\",\"https:\/\/www.instagram.com\/klimavex_sk\/\"]}]}<\/script>\n<!-- \/ Yoast SEO plugin. -->","yoast_head_json":{"title":"Vortice IRM 5B (5-stup\u0148ov\u00e1 regul\u00e1cia ot\u00e1\u010dok, pre modely CA 315 SE) - KLIMAVEX GROUP - Slovensko","robots":{"index":"index","follow":"follow","max-snippet":"max-snippet:-1","max-image-preview":"max-image-preview:large","max-video-preview":"max-video-preview:-1"},"canonical":"https:\/\/klimavex.eu\/sk\/katalog\/vortice-irm-5b-5-stupnova-regulacia-otacok-pre-modely-ca-315-se\/","og_locale":"sk_SK","og_type":"article","og_title":"Vortice IRM 5B (5-stup\u0148ov\u00e1 regul\u00e1cia ot\u00e1\u010dok, pre modely CA 315 SE) - KLIMAVEX GROUP - Slovensko","og_description":"Pre jednof\u00e1zov\u00e9 modely CA 315 SE, 5-stup\u0148ov\u00e1 regul\u00e1cia ot\u00e1\u010dok, max. za\u0165a\u017eenie 2A. Dostupnos\u0165: \u0160tandardn\u00e1 doba dodania 2-3 t\u00fd\u017edne.","og_url":"https:\/\/klimavex.eu\/sk\/katalog\/vortice-irm-5b-5-stupnova-regulacia-otacok-pre-modely-ca-315-se\/","og_site_name":"KLIMAVEX GROUP - Slovensko","article_publisher":"https:\/\/www.facebook.com\/klimavex","article_modified_time":"2026-03-31T16:47:17+00:00","og_image":[{"width":512,"height":512,"url":"https:\/\/klimavex.eu\/sk\/wp-content\/uploads\/2025\/09\/sed1Nrw5IAuTOZafRBNFUbqEj_-1lmgVj8EmnHQxtjk.png","type":"image\/png"}],"twitter_card":"summary_large_image","schema":{"@context":"https:\/\/schema.org","@graph":[{"@type":"WebPage","@id":"https:\/\/klimavex.eu\/sk\/katalog\/vortice-irm-5b-5-stupnova-regulacia-otacok-pre-modely-ca-315-se\/","url":"https:\/\/klimavex.eu\/sk\/katalog\/vortice-irm-5b-5-stupnova-regulacia-otacok-pre-modely-ca-315-se\/","name":"Vortice IRM 5B (5-stup\u0148ov\u00e1 regul\u00e1cia ot\u00e1\u010dok, pre modely CA 315 SE) - KLIMAVEX GROUP - Slovensko","isPartOf":{"@id":"https:\/\/klimavex.eu\/sk\/#website"},"primaryImageOfPage":{"@id":"https:\/\/klimavex.eu\/sk\/katalog\/vortice-irm-5b-5-stupnova-regulacia-otacok-pre-modely-ca-315-se\/#primaryimage"},"image":{"@id":"https:\/\/klimavex.eu\/sk\/katalog\/vortice-irm-5b-5-stupnova-regulacia-otacok-pre-modely-ca-315-se\/#primaryimage"},"thumbnailUrl":"https:\/\/klimavex.eu\/sk\/wp-content\/uploads\/2025\/09\/sed1Nrw5IAuTOZafRBNFUbqEj_-1lmgVj8EmnHQxtjk.png","datePublished":"2026-03-31T16:46:58+00:00","dateModified":"2026-03-31T16:47:17+00:00","breadcrumb":{"@id":"https:\/\/klimavex.eu\/sk\/katalog\/vortice-irm-5b-5-stupnova-regulacia-otacok-pre-modely-ca-315-se\/#breadcrumb"},"inLanguage":"sk-SK","potentialAction":[{"@type":"ReadAction","target":["https:\/\/klimavex.eu\/sk\/katalog\/vortice-irm-5b-5-stupnova-regulacia-otacok-pre-modely-ca-315-se\/"]}]},{"@type":"ImageObject","inLanguage":"sk-SK","@id":"https:\/\/klimavex.eu\/sk\/katalog\/vortice-irm-5b-5-stupnova-regulacia-otacok-pre-modely-ca-315-se\/#primaryimage","url":"https:\/\/klimavex.eu\/sk\/wp-content\/uploads\/2025\/09\/sed1Nrw5IAuTOZafRBNFUbqEj_-1lmgVj8EmnHQxtjk.png","contentUrl":"https:\/\/klimavex.eu\/sk\/wp-content\/uploads\/2025\/09\/sed1Nrw5IAuTOZafRBNFUbqEj_-1lmgVj8EmnHQxtjk.png","width":512,"height":512},{"@type":"BreadcrumbList","@id":"https:\/\/klimavex.eu\/sk\/katalog\/vortice-irm-5b-5-stupnova-regulacia-otacok-pre-modely-ca-315-se\/#breadcrumb","itemListElement":[{"@type":"ListItem","position":1,"name":"Domovsk\u00e1 str\u00e1nka","item":"https:\/\/klimavex.eu\/sk\/"},{"@type":"ListItem","position":2,"name":"Eshop","item":"https:\/\/klimavex.eu\/sk\/eshop\/"},{"@type":"ListItem","position":3,"name":"Vortice IRM 5B (5-stup\u0148ov\u00e1 regul\u00e1cia ot\u00e1\u010dok, pre modely CA 315 SE)"}]},{"@type":"WebSite","@id":"https:\/\/klimavex.eu\/sk\/#website","url":"https:\/\/klimavex.eu\/sk\/","name":"KLIMAVEX GROUP - Slovensko","description":"","publisher":{"@id":"https:\/\/klimavex.eu\/sk\/#organization"},"alternateName":"KLIMAVEX a.s.","potentialAction":[{"@type":"SearchAction","target":{"@type":"EntryPoint","urlTemplate":"https:\/\/klimavex.eu\/sk\/?s={search_term_string}"},"query-input":{"@type":"PropertyValueSpecification","valueRequired":true,"valueName":"search_term_string"}}],"inLanguage":"sk-SK"},{"@type":"Organization","@id":"https:\/\/klimavex.eu\/sk\/#organization","name":"KLIMAVEX GROUP","alternateName":"KLIMAVEX a.s.","url":"https:\/\/klimavex.eu\/sk\/","logo":{"@type":"ImageObject","inLanguage":"sk-SK","@id":"https:\/\/klimavex.eu\/sk\/#\/schema\/logo\/image\/","url":"https:\/\/klimavex.eu\/sk\/wp-content\/uploads\/2024\/04\/Klimavex-Group-logo.png","contentUrl":"https:\/\/klimavex.eu\/sk\/wp-content\/uploads\/2024\/04\/Klimavex-Group-logo.png","width":1681,"height":472,"caption":"KLIMAVEX GROUP"},"image":{"@id":"https:\/\/klimavex.eu\/sk\/#\/schema\/logo\/image\/"},"sameAs":["https:\/\/www.facebook.com\/klimavex","https:\/\/www.instagram.com\/klimavex_sk\/"]}]}},"_links":{"self":[{"href":"https:\/\/klimavex.eu\/sk\/wp-json\/wp\/v2\/product\/477383","targetHints":{"allow":["GET"]}}],"collection":[{"href":"https:\/\/klimavex.eu\/sk\/wp-json\/wp\/v2\/product"}],"about":[{"href":"https:\/\/klimavex.eu\/sk\/wp-json\/wp\/v2\/types\/product"}],"version-history":[{"count":0,"href":"https:\/\/klimavex.eu\/sk\/wp-json\/wp\/v2\/product\/477383\/revisions"}],"wp:featuredmedia":[{"embeddable":true,"href":"https:\/\/klimavex.eu\/sk\/wp-json\/wp\/v2\/media\/484519"}],"wp:attachment":[{"href":"https:\/\/klimavex.eu\/sk\/wp-json\/wp\/v2\/media?parent=477383"}],"wp:term":[{"taxonomy":"product_cat","embeddable":true,"href":"https:\/\/klimavex.eu\/sk\/wp-json\/wp\/v2\/product_cat?post=477383"},{"taxonomy":"product_tag","embeddable":true,"href":"https:\/\/klimavex.eu\/sk\/wp-json\/wp\/v2\/product_tag?post=477383"}],"curies":[{"name":"wp","href":"https:\/\/api.w.org\/{rel}","templated":true}]}}