{"id":477394,"date":"2026-03-31T18:46:58","date_gmt":"2026-03-31T16:46:58","guid":{"rendered":"https:\/\/klimavex.eu\/sk\/katalog\/ventilator-vortice-c-40-4-t-e\/"},"modified":"2026-03-31T18:47:30","modified_gmt":"2026-03-31T16:47:30","slug":"ventilator-vortice-c-40-4-t-e","status":"publish","type":"product","link":"https:\/\/klimavex.eu\/sk\/katalog\/ventilator-vortice-c-40-4-t-e\/","title":{"rendered":"Ventil\u00e1tor Vortice C 40\/4 T E"},"content":{"rendered":"<p style=\"text-align:justify\"><span style=\"font-size:11pt\"><span style=\"font-family:Calibri,sans-serif\"><strong>K\u013e&uacute;\u010dov&eacute; vlastnosti:<\/strong><\/span><\/span><\/p>\n<ul>\n<li style=\"text-align:justify\"><span style=\"font-size:11pt\"><span style=\"font-family:Calibri,sans-serif\">Aerodynamicky vytvarovan&yacute; nas&aacute;vac&iacute; a v&yacute;fukov&yacute; otvor pre minimaliz&aacute;ciu turbulenci&iacute; a n&iacute;zku &uacute;rove\u0148 hlu\u010dnosti.<\/span><\/span><\/li>\n<li style=\"text-align:justify\"><span style=\"font-size:11pt\"><span style=\"font-family:Calibri,sans-serif\">&Scaron;pir&aacute;lov&aacute; skri\u0148a ventil&aacute;tora vyroben&aacute; z ocele s dvojit&yacute;m povrchov&yacute;m polyesterov&yacute;m n&aacute;terom pre dlhodob&uacute; \u017eivotnos\u0165.<\/span><\/span><\/li>\n<li style=\"text-align:justify\"><span style=\"font-size:11pt\"><span style=\"font-family:Calibri,sans-serif\">AC motor s gu\u013e&ocirc;\u010dkov&yacute;mi lo\u017eiskami (ktor&eacute; zabezpe\u010duj&uacute; dlh&uacute; \u017eivotnos\u0165 a bezporuchov&uacute; prev&aacute;dzku ventil&aacute;toru po\u010das 30000 hod&iacute;n).<\/span><\/span><\/li>\n<li style=\"text-align:justify\"><span style=\"font-size:11pt\"><span style=\"font-family:Calibri,sans-serif\">Vrtu\u013ea z pozinkovan&eacute;ho plechu s dopredu zahnut&yacute;mi lopatkami.<\/span><\/span><\/li>\n<li style=\"text-align:justify\"><span style=\"font-size:11pt\"><span style=\"font-family:Calibri,sans-serif\">Vhodn&yacute; na ods&aacute;vanie nepra&scaron;nej, neagres&iacute;vnej a nekorozivotvornej vzdu&scaron;niny bez kysel&iacute;n.<\/span><\/span><\/li>\n<li style=\"text-align:justify\"><span style=\"font-size:11pt\"><span style=\"font-family:Calibri,sans-serif\">Orient&aacute;ciu (nasmerovanie) v&yacute;fukov&eacute;ho otvoru v rozsahu 0&deg; &#8211; 315&deg; je mo\u017en&eacute; vykona\u0165 priamo na mieste in&scaron;tal&aacute;cie.<\/span><\/span><\/li>\n<li style=\"text-align:justify\"><span style=\"font-size:11pt\"><span style=\"font-family:Calibri,sans-serif\">Nevhodn&eacute; na regul&aacute;ciu ot&aacute;\u010dok.<\/span><\/span><\/li>\n<li style=\"text-align:justify\"><span style=\"font-size:11pt\"><span style=\"font-family:Calibri,sans-serif\">Zariadenie mus&iacute; by\u0165 uzemnen&eacute;.<\/span><\/span><\/li>\n<\/ul>\n","protected":false},"excerpt":{"rendered":"<p style=\"text-align:justify\"><span style=\"font-size:11pt\"><span style=\"font-family:Calibri,sans-serif\"><strong><span style=\"color:black\">Trojf&aacute;zov&yacute; radi&aacute;lny <\/span><\/strong><span style=\"color:black\">ods&aacute;vac&iacute; ventil&aacute;tor Vorticent C E s&nbsp;mo\u017enos\u0165ou<strong> napojenia na potrubie. <\/strong><\/span>Vhodn&yacute; pre mont&aacute;\u017e na steny <strong>obytn&yacute;ch, komer\u010dn&yacute;ch<\/strong> a <strong>priemyseln&yacute;ch objektov<\/strong> (gar&aacute;\u017ee, parkovisk&aacute;, nemocnice, sklady, kancel&aacute;rie, telocvi\u010dne a in&eacute;) na od\u0165ah nepra&scaron;n&eacute;ho, neagres&iacute;vneho a nekorozitvorn&eacute;ho vzduchu bez kysel&iacute;n. <\/span><\/span><\/p>\n","protected":false},"featured_media":484563,"template":"","meta":[],"product_cat":[6064,6056,6065],"product_tag":[],"class_list":{"0":"post-477394","1":"product","2":"type-product","3":"status-publish","4":"has-post-thumbnail","6":"product_cat-ventilatory-archivovane-produkty","7":"product_cat-archivovane-produkty","8":"product_cat-archivovane-produkty-ventilatory","9":"pa_dostupny-tlak-pa-5090","10":"pa_hlucnost-lp-3m-5091","11":"pa_krytie-ip55","12":"pa_prevedenie-radialny","13":"pa_typ-c","14":"pa_vzduchovy-vykon-qv-m3-5089","15":"pa_znacka-vortice","17":"first","18":"outofstock","19":"taxable","20":"shipping-taxable","21":"purchasable","22":"product-type-simple"},"yoast_head":"<!-- This site is optimized with the Yoast SEO plugin v23.9 - https:\/\/yoast.com\/wordpress\/plugins\/seo\/ -->\n<title>Ventil\u00e1tor Vortice C 40\/4 T E - KLIMAVEX GROUP - Slovensko<\/title>\n<meta name=\"robots\" content=\"index, follow, max-snippet:-1, max-image-preview:large, max-video-preview:-1\" \/>\n<link rel=\"canonical\" href=\"https:\/\/klimavex.eu\/sk\/katalog\/ventilator-vortice-c-40-4-t-e\/\" \/>\n<meta property=\"og:locale\" content=\"sk_SK\" \/>\n<meta property=\"og:type\" content=\"article\" \/>\n<meta property=\"og:title\" content=\"Ventil\u00e1tor Vortice C 40\/4 T E - KLIMAVEX GROUP - Slovensko\" \/>\n<meta property=\"og:description\" content=\"Trojf&aacute;zov&yacute; radi&aacute;lny ods&aacute;vac&iacute; ventil&aacute;tor Vorticent C E s&nbsp;mo\u017enos\u0165ou napojenia na potrubie. Vhodn&yacute; pre mont&aacute;\u017e na steny obytn&yacute;ch, komer\u010dn&yacute;ch a priemyseln&yacute;ch objektov (gar&aacute;\u017ee, parkovisk&aacute;, nemocnice, sklady, kancel&aacute;rie, telocvi\u010dne a in&eacute;) na od\u0165ah nepra&scaron;n&eacute;ho, neagres&iacute;vneho a nekorozitvorn&eacute;ho vzduchu bez kysel&iacute;n.\" \/>\n<meta property=\"og:url\" content=\"https:\/\/klimavex.eu\/sk\/katalog\/ventilator-vortice-c-40-4-t-e\/\" \/>\n<meta property=\"og:site_name\" content=\"KLIMAVEX GROUP - Slovensko\" \/>\n<meta property=\"article:publisher\" content=\"https:\/\/www.facebook.com\/klimavex\" \/>\n<meta property=\"article:modified_time\" content=\"2026-03-31T16:47:30+00:00\" \/>\n<meta property=\"og:image\" content=\"https:\/\/klimavex.eu\/sk\/wp-content\/uploads\/2025\/09\/6VjNbcvUT-02umUgydmiwbAhfPkUBCeqH74ep7T9X3E-7.png\" \/>\n\t<meta property=\"og:image:width\" content=\"572\" \/>\n\t<meta property=\"og:image:height\" content=\"512\" \/>\n\t<meta property=\"og:image:type\" content=\"image\/png\" \/>\n<meta name=\"twitter:card\" content=\"summary_large_image\" \/>\n<meta name=\"twitter:label1\" content=\"Predpokladan\u00fd \u010das \u010d\u00edtania\" \/>\n\t<meta name=\"twitter:data1\" content=\"1 min\u00fata\" \/>\n<script type=\"application\/ld+json\" class=\"yoast-schema-graph\">{\"@context\":\"https:\/\/schema.org\",\"@graph\":[{\"@type\":\"WebPage\",\"@id\":\"https:\/\/klimavex.eu\/sk\/katalog\/ventilator-vortice-c-40-4-t-e\/\",\"url\":\"https:\/\/klimavex.eu\/sk\/katalog\/ventilator-vortice-c-40-4-t-e\/\",\"name\":\"Ventil\u00e1tor Vortice C 40\/4 T E - KLIMAVEX GROUP - Slovensko\",\"isPartOf\":{\"@id\":\"https:\/\/klimavex.eu\/sk\/#website\"},\"primaryImageOfPage\":{\"@id\":\"https:\/\/klimavex.eu\/sk\/katalog\/ventilator-vortice-c-40-4-t-e\/#primaryimage\"},\"image\":{\"@id\":\"https:\/\/klimavex.eu\/sk\/katalog\/ventilator-vortice-c-40-4-t-e\/#primaryimage\"},\"thumbnailUrl\":\"https:\/\/klimavex.eu\/sk\/wp-content\/uploads\/2025\/09\/6VjNbcvUT-02umUgydmiwbAhfPkUBCeqH74ep7T9X3E-7.png\",\"datePublished\":\"2026-03-31T16:46:58+00:00\",\"dateModified\":\"2026-03-31T16:47:30+00:00\",\"breadcrumb\":{\"@id\":\"https:\/\/klimavex.eu\/sk\/katalog\/ventilator-vortice-c-40-4-t-e\/#breadcrumb\"},\"inLanguage\":\"sk-SK\",\"potentialAction\":[{\"@type\":\"ReadAction\",\"target\":[\"https:\/\/klimavex.eu\/sk\/katalog\/ventilator-vortice-c-40-4-t-e\/\"]}]},{\"@type\":\"ImageObject\",\"inLanguage\":\"sk-SK\",\"@id\":\"https:\/\/klimavex.eu\/sk\/katalog\/ventilator-vortice-c-40-4-t-e\/#primaryimage\",\"url\":\"https:\/\/klimavex.eu\/sk\/wp-content\/uploads\/2025\/09\/6VjNbcvUT-02umUgydmiwbAhfPkUBCeqH74ep7T9X3E-7.png\",\"contentUrl\":\"https:\/\/klimavex.eu\/sk\/wp-content\/uploads\/2025\/09\/6VjNbcvUT-02umUgydmiwbAhfPkUBCeqH74ep7T9X3E-7.png\",\"width\":572,\"height\":512},{\"@type\":\"BreadcrumbList\",\"@id\":\"https:\/\/klimavex.eu\/sk\/katalog\/ventilator-vortice-c-40-4-t-e\/#breadcrumb\",\"itemListElement\":[{\"@type\":\"ListItem\",\"position\":1,\"name\":\"Domovsk\u00e1 str\u00e1nka\",\"item\":\"https:\/\/klimavex.eu\/sk\/\"},{\"@type\":\"ListItem\",\"position\":2,\"name\":\"Eshop\",\"item\":\"https:\/\/klimavex.eu\/sk\/eshop\/\"},{\"@type\":\"ListItem\",\"position\":3,\"name\":\"Ventil\u00e1tor Vortice C 40\/4 T E\"}]},{\"@type\":\"WebSite\",\"@id\":\"https:\/\/klimavex.eu\/sk\/#website\",\"url\":\"https:\/\/klimavex.eu\/sk\/\",\"name\":\"KLIMAVEX GROUP - Slovensko\",\"description\":\"\",\"publisher\":{\"@id\":\"https:\/\/klimavex.eu\/sk\/#organization\"},\"alternateName\":\"KLIMAVEX a.s.\",\"potentialAction\":[{\"@type\":\"SearchAction\",\"target\":{\"@type\":\"EntryPoint\",\"urlTemplate\":\"https:\/\/klimavex.eu\/sk\/?s={search_term_string}\"},\"query-input\":{\"@type\":\"PropertyValueSpecification\",\"valueRequired\":true,\"valueName\":\"search_term_string\"}}],\"inLanguage\":\"sk-SK\"},{\"@type\":\"Organization\",\"@id\":\"https:\/\/klimavex.eu\/sk\/#organization\",\"name\":\"KLIMAVEX GROUP\",\"alternateName\":\"KLIMAVEX a.s.\",\"url\":\"https:\/\/klimavex.eu\/sk\/\",\"logo\":{\"@type\":\"ImageObject\",\"inLanguage\":\"sk-SK\",\"@id\":\"https:\/\/klimavex.eu\/sk\/#\/schema\/logo\/image\/\",\"url\":\"https:\/\/klimavex.eu\/sk\/wp-content\/uploads\/2024\/04\/Klimavex-Group-logo.png\",\"contentUrl\":\"https:\/\/klimavex.eu\/sk\/wp-content\/uploads\/2024\/04\/Klimavex-Group-logo.png\",\"width\":1681,\"height\":472,\"caption\":\"KLIMAVEX GROUP\"},\"image\":{\"@id\":\"https:\/\/klimavex.eu\/sk\/#\/schema\/logo\/image\/\"},\"sameAs\":[\"https:\/\/www.facebook.com\/klimavex\",\"https:\/\/www.instagram.com\/klimavex_sk\/\"]}]}<\/script>\n<!-- \/ Yoast SEO plugin. -->","yoast_head_json":{"title":"Ventil\u00e1tor Vortice C 40\/4 T E - KLIMAVEX GROUP - Slovensko","robots":{"index":"index","follow":"follow","max-snippet":"max-snippet:-1","max-image-preview":"max-image-preview:large","max-video-preview":"max-video-preview:-1"},"canonical":"https:\/\/klimavex.eu\/sk\/katalog\/ventilator-vortice-c-40-4-t-e\/","og_locale":"sk_SK","og_type":"article","og_title":"Ventil\u00e1tor Vortice C 40\/4 T E - KLIMAVEX GROUP - Slovensko","og_description":"Trojf&aacute;zov&yacute; radi&aacute;lny ods&aacute;vac&iacute; ventil&aacute;tor Vorticent C E s&nbsp;mo\u017enos\u0165ou napojenia na potrubie. Vhodn&yacute; pre mont&aacute;\u017e na steny obytn&yacute;ch, komer\u010dn&yacute;ch a priemyseln&yacute;ch objektov (gar&aacute;\u017ee, parkovisk&aacute;, nemocnice, sklady, kancel&aacute;rie, telocvi\u010dne a in&eacute;) na od\u0165ah nepra&scaron;n&eacute;ho, neagres&iacute;vneho a nekorozitvorn&eacute;ho vzduchu bez kysel&iacute;n.","og_url":"https:\/\/klimavex.eu\/sk\/katalog\/ventilator-vortice-c-40-4-t-e\/","og_site_name":"KLIMAVEX GROUP - Slovensko","article_publisher":"https:\/\/www.facebook.com\/klimavex","article_modified_time":"2026-03-31T16:47:30+00:00","og_image":[{"width":572,"height":512,"url":"https:\/\/klimavex.eu\/sk\/wp-content\/uploads\/2025\/09\/6VjNbcvUT-02umUgydmiwbAhfPkUBCeqH74ep7T9X3E-7.png","type":"image\/png"}],"twitter_card":"summary_large_image","twitter_misc":{"Predpokladan\u00fd \u010das \u010d\u00edtania":"1 min\u00fata"},"schema":{"@context":"https:\/\/schema.org","@graph":[{"@type":"WebPage","@id":"https:\/\/klimavex.eu\/sk\/katalog\/ventilator-vortice-c-40-4-t-e\/","url":"https:\/\/klimavex.eu\/sk\/katalog\/ventilator-vortice-c-40-4-t-e\/","name":"Ventil\u00e1tor Vortice C 40\/4 T E - KLIMAVEX GROUP - Slovensko","isPartOf":{"@id":"https:\/\/klimavex.eu\/sk\/#website"},"primaryImageOfPage":{"@id":"https:\/\/klimavex.eu\/sk\/katalog\/ventilator-vortice-c-40-4-t-e\/#primaryimage"},"image":{"@id":"https:\/\/klimavex.eu\/sk\/katalog\/ventilator-vortice-c-40-4-t-e\/#primaryimage"},"thumbnailUrl":"https:\/\/klimavex.eu\/sk\/wp-content\/uploads\/2025\/09\/6VjNbcvUT-02umUgydmiwbAhfPkUBCeqH74ep7T9X3E-7.png","datePublished":"2026-03-31T16:46:58+00:00","dateModified":"2026-03-31T16:47:30+00:00","breadcrumb":{"@id":"https:\/\/klimavex.eu\/sk\/katalog\/ventilator-vortice-c-40-4-t-e\/#breadcrumb"},"inLanguage":"sk-SK","potentialAction":[{"@type":"ReadAction","target":["https:\/\/klimavex.eu\/sk\/katalog\/ventilator-vortice-c-40-4-t-e\/"]}]},{"@type":"ImageObject","inLanguage":"sk-SK","@id":"https:\/\/klimavex.eu\/sk\/katalog\/ventilator-vortice-c-40-4-t-e\/#primaryimage","url":"https:\/\/klimavex.eu\/sk\/wp-content\/uploads\/2025\/09\/6VjNbcvUT-02umUgydmiwbAhfPkUBCeqH74ep7T9X3E-7.png","contentUrl":"https:\/\/klimavex.eu\/sk\/wp-content\/uploads\/2025\/09\/6VjNbcvUT-02umUgydmiwbAhfPkUBCeqH74ep7T9X3E-7.png","width":572,"height":512},{"@type":"BreadcrumbList","@id":"https:\/\/klimavex.eu\/sk\/katalog\/ventilator-vortice-c-40-4-t-e\/#breadcrumb","itemListElement":[{"@type":"ListItem","position":1,"name":"Domovsk\u00e1 str\u00e1nka","item":"https:\/\/klimavex.eu\/sk\/"},{"@type":"ListItem","position":2,"name":"Eshop","item":"https:\/\/klimavex.eu\/sk\/eshop\/"},{"@type":"ListItem","position":3,"name":"Ventil\u00e1tor Vortice C 40\/4 T E"}]},{"@type":"WebSite","@id":"https:\/\/klimavex.eu\/sk\/#website","url":"https:\/\/klimavex.eu\/sk\/","name":"KLIMAVEX GROUP - Slovensko","description":"","publisher":{"@id":"https:\/\/klimavex.eu\/sk\/#organization"},"alternateName":"KLIMAVEX a.s.","potentialAction":[{"@type":"SearchAction","target":{"@type":"EntryPoint","urlTemplate":"https:\/\/klimavex.eu\/sk\/?s={search_term_string}"},"query-input":{"@type":"PropertyValueSpecification","valueRequired":true,"valueName":"search_term_string"}}],"inLanguage":"sk-SK"},{"@type":"Organization","@id":"https:\/\/klimavex.eu\/sk\/#organization","name":"KLIMAVEX GROUP","alternateName":"KLIMAVEX a.s.","url":"https:\/\/klimavex.eu\/sk\/","logo":{"@type":"ImageObject","inLanguage":"sk-SK","@id":"https:\/\/klimavex.eu\/sk\/#\/schema\/logo\/image\/","url":"https:\/\/klimavex.eu\/sk\/wp-content\/uploads\/2024\/04\/Klimavex-Group-logo.png","contentUrl":"https:\/\/klimavex.eu\/sk\/wp-content\/uploads\/2024\/04\/Klimavex-Group-logo.png","width":1681,"height":472,"caption":"KLIMAVEX GROUP"},"image":{"@id":"https:\/\/klimavex.eu\/sk\/#\/schema\/logo\/image\/"},"sameAs":["https:\/\/www.facebook.com\/klimavex","https:\/\/www.instagram.com\/klimavex_sk\/"]}]}},"_links":{"self":[{"href":"https:\/\/klimavex.eu\/sk\/wp-json\/wp\/v2\/product\/477394","targetHints":{"allow":["GET"]}}],"collection":[{"href":"https:\/\/klimavex.eu\/sk\/wp-json\/wp\/v2\/product"}],"about":[{"href":"https:\/\/klimavex.eu\/sk\/wp-json\/wp\/v2\/types\/product"}],"version-history":[{"count":0,"href":"https:\/\/klimavex.eu\/sk\/wp-json\/wp\/v2\/product\/477394\/revisions"}],"wp:featuredmedia":[{"embeddable":true,"href":"https:\/\/klimavex.eu\/sk\/wp-json\/wp\/v2\/media\/484563"}],"wp:attachment":[{"href":"https:\/\/klimavex.eu\/sk\/wp-json\/wp\/v2\/media?parent=477394"}],"wp:term":[{"taxonomy":"product_cat","embeddable":true,"href":"https:\/\/klimavex.eu\/sk\/wp-json\/wp\/v2\/product_cat?post=477394"},{"taxonomy":"product_tag","embeddable":true,"href":"https:\/\/klimavex.eu\/sk\/wp-json\/wp\/v2\/product_tag?post=477394"}],"curies":[{"name":"wp","href":"https:\/\/api.w.org\/{rel}","templated":true}]}}