{"id":477400,"date":"2026-03-31T18:46:58","date_gmt":"2026-03-31T16:46:58","guid":{"rendered":"https:\/\/klimavex.eu\/sk\/katalog\/susic-ruk-vortice-optimal-dry-a-white-gold-svetlo-chromova-farba\/"},"modified":"2026-03-31T18:47:38","modified_gmt":"2026-03-31T16:47:38","slug":"susic-ruk-vortice-optimal-dry-a-white-gold-svetlo-chromova-farba","status":"publish","type":"product","link":"https:\/\/klimavex.eu\/sk\/katalog\/susic-ruk-vortice-optimal-dry-a-white-gold-svetlo-chromova-farba\/","title":{"rendered":"Su\u0161i\u010d r\u00fak Vortice Optimal Dry A White Gold (svetlo chr\u00f3mov\u00e1 farba)"},"content":{"rendered":"<p style=\"margin-left:0cm;text-align:justify;\"><span style=\"font-family:Calibri, sans-serif;font-size:11pt;\"><span lang=\"SK\" dir=\"ltr\"><strong>K\u013e\u00fa\u010dov\u00e9 vlastnosti<\/strong><\/span><\/span><\/p>\n<ul>\n<li>\n<p style=\"text-align:justify;\"><span style=\"font-family:Calibri, sans-serif;font-size:11pt;\"><span lang=\"SK\" dir=\"ltr\">Svetlo chr\u00f3mov\u00e9 prevedenie so zv\u00fd\u0161en\u00fdm leskom<\/span><\/span><\/p>\n<\/li>\n<li>\n<p style=\"text-align:justify;\"><span style=\"font-family:Calibri, sans-serif;font-size:11pt;\"><span lang=\"SK\" dir=\"ltr\">Automatick\u00e9 sp\u00fa\u0161\u0165anie pomocou infra\u010derven\u00e9ho senzora<\/span><\/span><\/p>\n<\/li>\n<li>\n<p style=\"text-align:justify;\"><span style=\"font-family:Calibri, sans-serif;font-size:11pt;\"><span lang=\"SK\" dir=\"ltr\">Nastavenie senzora na vzdialenos\u0165 0-35 cm<\/span><\/span><\/p>\n<\/li>\n<li>\n<p style=\"text-align:justify;\"><span style=\"font-family:Calibri, sans-serif;font-size:11pt;\"><span lang=\"SK\" dir=\"ltr\">Nastavenie pr\u00fadenia od 20 do 60 sek\u00fand<\/span><\/span><\/p>\n<\/li>\n<li>\n<p style=\"text-align:justify;\"><span style=\"font-family:Calibri, sans-serif;font-size:11pt;\"><span lang=\"SK\" dir=\"ltr\">Krytie IP X4<\/span><\/span><\/p>\n<\/li>\n<li>\n<p style=\"text-align:justify;\"><span style=\"font-family:Calibri, sans-serif;font-size:11pt;\"><span lang=\"SK\" dir=\"ltr\">Tepeln\u00e1 poistka a bezpe\u010dnostn\u00fd termostat<\/span><\/span><\/p>\n<\/li>\n<li>\n<p style=\"text-align:justify;\"><span style=\"font-family:Calibri, sans-serif;font-size:11pt;\"><span lang=\"SK\" dir=\"ltr\">Premyslen\u00fd design<\/span><\/span><\/p>\n<\/li>\n<\/ul>\n","protected":false},"excerpt":{"rendered":"<p style=\"margin-left:0cm;text-align:justify;\"><span style=\"font-family:Calibri, sans-serif;font-size:11pt;\"><span lang=\"SK\" dir=\"ltr\">Automatick\u00fd su\u0161i\u010d r\u00fak <strong>Vortice Optimal Dry A<\/strong> <strong>White Gold&nbsp;<\/strong>je vhodn\u00fd pre <strong>dom\u00e1cnosti, n\u00e1kupn\u00e9 centr\u00e1, re\u0161taur\u00e1cie, komer\u010dn\u00e9 priestory&nbsp;<\/strong>a \u010fal\u0161ie verejn\u00e9 priestory. <strong>Automatick\u00e1&nbsp;<\/strong>verzia sa sp\u00fa\u0161\u0165a <strong>pohybom ruky vo vzdialenosti 0-35 cm&nbsp;<\/strong>(pod\u013ea nastavenia). Pr\u00fadenie hor\u00faceho vzduchu je mo\u017en\u00e9 nastavi\u0165 <strong>od 20 do 60 sek\u00fand<\/strong>. Su\u0161i\u010d Optimal Dry zaist\u00ed jednoduch\u00fa mont\u00e1\u017e na stenu pomocou troch skrutiek. Balenie obsahuje mont\u00e1\u017eny k\u013e\u00fa\u010d pre skrutky a otvorenie krytu. Ventil\u00e1tor su\u0161i\u010da m\u00e1 induk\u010dn\u00fd motor s tepelnou poistkou a bezpe\u010dnostn\u00fdm termostatom, ktor\u00fd odp\u00e1ja zariadenie pri prehriat\u00ed.<\/span><\/span><\/p>\n","protected":false},"featured_media":484594,"template":"","meta":[],"product_cat":[1584,1297,1444],"product_tag":[],"class_list":{"0":"post-477400","1":"product","2":"type-product","3":"status-publish","4":"has-post-thumbnail","6":"product_cat-susice-ruk","7":"product_cat-ventilatory","8":"product_cat-susic-ruk-vlasov-davkovace-mydla","9":"pa_el-prikon-spiraly-w-4669","10":"pa_hlucnost-lp-1m-4670","11":"pa_krytie-ipx4","12":"pa_prevedenie-susic-ruk","13":"pa_typ-susic-ruk","14":"pa_vzduchovy-vykon-qv-m3-4668","15":"pa_znacka-vortice","17":"first","18":"instock","19":"taxable","20":"shipping-taxable","21":"purchasable","22":"product-type-simple"},"yoast_head":"<!-- This site is optimized with the Yoast SEO plugin v23.9 - https:\/\/yoast.com\/wordpress\/plugins\/seo\/ -->\n<title>Su\u0161i\u010d r\u00fak Vortice Optimal Dry A White Gold (svetlo chr\u00f3mov\u00e1 farba) - KLIMAVEX GROUP - Slovensko<\/title>\n<meta name=\"robots\" content=\"index, follow, max-snippet:-1, max-image-preview:large, max-video-preview:-1\" \/>\n<link rel=\"canonical\" href=\"https:\/\/klimavex.eu\/sk\/katalog\/susic-ruk-vortice-optimal-dry-a-white-gold-svetlo-chromova-farba\/\" \/>\n<meta property=\"og:locale\" content=\"sk_SK\" \/>\n<meta property=\"og:type\" content=\"article\" \/>\n<meta property=\"og:title\" content=\"Su\u0161i\u010d r\u00fak Vortice Optimal Dry A White Gold (svetlo chr\u00f3mov\u00e1 farba) - KLIMAVEX GROUP - Slovensko\" \/>\n<meta property=\"og:description\" content=\"Automatick\u00fd su\u0161i\u010d r\u00fak Vortice Optimal Dry A White Gold&nbsp;je vhodn\u00fd pre dom\u00e1cnosti, n\u00e1kupn\u00e9 centr\u00e1, re\u0161taur\u00e1cie, komer\u010dn\u00e9 priestory&nbsp;a \u010fal\u0161ie verejn\u00e9 priestory. Automatick\u00e1&nbsp;verzia sa sp\u00fa\u0161\u0165a pohybom ruky vo vzdialenosti 0-35 cm&nbsp;(pod\u013ea nastavenia). Pr\u00fadenie hor\u00faceho vzduchu je mo\u017en\u00e9 nastavi\u0165 od 20 do 60 sek\u00fand. Su\u0161i\u010d Optimal Dry zaist\u00ed jednoduch\u00fa mont\u00e1\u017e na stenu pomocou troch skrutiek. Balenie obsahuje mont\u00e1\u017eny k\u013e\u00fa\u010d pre skrutky a otvorenie krytu. Ventil\u00e1tor su\u0161i\u010da m\u00e1 induk\u010dn\u00fd motor s tepelnou poistkou a bezpe\u010dnostn\u00fdm termostatom, ktor\u00fd odp\u00e1ja zariadenie pri prehriat\u00ed.\" \/>\n<meta property=\"og:url\" content=\"https:\/\/klimavex.eu\/sk\/katalog\/susic-ruk-vortice-optimal-dry-a-white-gold-svetlo-chromova-farba\/\" \/>\n<meta property=\"og:site_name\" content=\"KLIMAVEX GROUP - Slovensko\" \/>\n<meta property=\"article:publisher\" content=\"https:\/\/www.facebook.com\/klimavex\" \/>\n<meta property=\"article:modified_time\" content=\"2026-03-31T16:47:38+00:00\" \/>\n<meta property=\"og:image\" content=\"https:\/\/klimavex.eu\/sk\/wp-content\/uploads\/2025\/09\/rrZY5XWrZ8GdA3aaERkVCCkXZf9X9KJulEOL0u9qSE.png\" \/>\n\t<meta property=\"og:image:width\" content=\"572\" \/>\n\t<meta property=\"og:image:height\" content=\"512\" \/>\n\t<meta property=\"og:image:type\" content=\"image\/png\" \/>\n<meta name=\"twitter:card\" content=\"summary_large_image\" \/>\n<script type=\"application\/ld+json\" class=\"yoast-schema-graph\">{\"@context\":\"https:\/\/schema.org\",\"@graph\":[{\"@type\":\"WebPage\",\"@id\":\"https:\/\/klimavex.eu\/sk\/katalog\/susic-ruk-vortice-optimal-dry-a-white-gold-svetlo-chromova-farba\/\",\"url\":\"https:\/\/klimavex.eu\/sk\/katalog\/susic-ruk-vortice-optimal-dry-a-white-gold-svetlo-chromova-farba\/\",\"name\":\"Su\u0161i\u010d r\u00fak Vortice Optimal Dry A White Gold (svetlo chr\u00f3mov\u00e1 farba) - KLIMAVEX GROUP - Slovensko\",\"isPartOf\":{\"@id\":\"https:\/\/klimavex.eu\/sk\/#website\"},\"primaryImageOfPage\":{\"@id\":\"https:\/\/klimavex.eu\/sk\/katalog\/susic-ruk-vortice-optimal-dry-a-white-gold-svetlo-chromova-farba\/#primaryimage\"},\"image\":{\"@id\":\"https:\/\/klimavex.eu\/sk\/katalog\/susic-ruk-vortice-optimal-dry-a-white-gold-svetlo-chromova-farba\/#primaryimage\"},\"thumbnailUrl\":\"https:\/\/klimavex.eu\/sk\/wp-content\/uploads\/2025\/09\/rrZY5XWrZ8GdA3aaERkVCCkXZf9X9KJulEOL0u9qSE.png\",\"datePublished\":\"2026-03-31T16:46:58+00:00\",\"dateModified\":\"2026-03-31T16:47:38+00:00\",\"breadcrumb\":{\"@id\":\"https:\/\/klimavex.eu\/sk\/katalog\/susic-ruk-vortice-optimal-dry-a-white-gold-svetlo-chromova-farba\/#breadcrumb\"},\"inLanguage\":\"sk-SK\",\"potentialAction\":[{\"@type\":\"ReadAction\",\"target\":[\"https:\/\/klimavex.eu\/sk\/katalog\/susic-ruk-vortice-optimal-dry-a-white-gold-svetlo-chromova-farba\/\"]}]},{\"@type\":\"ImageObject\",\"inLanguage\":\"sk-SK\",\"@id\":\"https:\/\/klimavex.eu\/sk\/katalog\/susic-ruk-vortice-optimal-dry-a-white-gold-svetlo-chromova-farba\/#primaryimage\",\"url\":\"https:\/\/klimavex.eu\/sk\/wp-content\/uploads\/2025\/09\/rrZY5XWrZ8GdA3aaERkVCCkXZf9X9KJulEOL0u9qSE.png\",\"contentUrl\":\"https:\/\/klimavex.eu\/sk\/wp-content\/uploads\/2025\/09\/rrZY5XWrZ8GdA3aaERkVCCkXZf9X9KJulEOL0u9qSE.png\",\"width\":572,\"height\":512},{\"@type\":\"BreadcrumbList\",\"@id\":\"https:\/\/klimavex.eu\/sk\/katalog\/susic-ruk-vortice-optimal-dry-a-white-gold-svetlo-chromova-farba\/#breadcrumb\",\"itemListElement\":[{\"@type\":\"ListItem\",\"position\":1,\"name\":\"Domovsk\u00e1 str\u00e1nka\",\"item\":\"https:\/\/klimavex.eu\/sk\/\"},{\"@type\":\"ListItem\",\"position\":2,\"name\":\"Eshop\",\"item\":\"https:\/\/klimavex.eu\/sk\/eshop\/\"},{\"@type\":\"ListItem\",\"position\":3,\"name\":\"Su\u0161i\u010d r\u00fak Vortice Optimal Dry A White Gold (svetlo chr\u00f3mov\u00e1 farba)\"}]},{\"@type\":\"WebSite\",\"@id\":\"https:\/\/klimavex.eu\/sk\/#website\",\"url\":\"https:\/\/klimavex.eu\/sk\/\",\"name\":\"KLIMAVEX GROUP - Slovensko\",\"description\":\"\",\"publisher\":{\"@id\":\"https:\/\/klimavex.eu\/sk\/#organization\"},\"alternateName\":\"KLIMAVEX a.s.\",\"potentialAction\":[{\"@type\":\"SearchAction\",\"target\":{\"@type\":\"EntryPoint\",\"urlTemplate\":\"https:\/\/klimavex.eu\/sk\/?s={search_term_string}\"},\"query-input\":{\"@type\":\"PropertyValueSpecification\",\"valueRequired\":true,\"valueName\":\"search_term_string\"}}],\"inLanguage\":\"sk-SK\"},{\"@type\":\"Organization\",\"@id\":\"https:\/\/klimavex.eu\/sk\/#organization\",\"name\":\"KLIMAVEX GROUP\",\"alternateName\":\"KLIMAVEX a.s.\",\"url\":\"https:\/\/klimavex.eu\/sk\/\",\"logo\":{\"@type\":\"ImageObject\",\"inLanguage\":\"sk-SK\",\"@id\":\"https:\/\/klimavex.eu\/sk\/#\/schema\/logo\/image\/\",\"url\":\"https:\/\/klimavex.eu\/sk\/wp-content\/uploads\/2024\/04\/Klimavex-Group-logo.png\",\"contentUrl\":\"https:\/\/klimavex.eu\/sk\/wp-content\/uploads\/2024\/04\/Klimavex-Group-logo.png\",\"width\":1681,\"height\":472,\"caption\":\"KLIMAVEX GROUP\"},\"image\":{\"@id\":\"https:\/\/klimavex.eu\/sk\/#\/schema\/logo\/image\/\"},\"sameAs\":[\"https:\/\/www.facebook.com\/klimavex\",\"https:\/\/www.instagram.com\/klimavex_sk\/\"]}]}<\/script>\n<!-- \/ Yoast SEO plugin. -->","yoast_head_json":{"title":"Su\u0161i\u010d r\u00fak Vortice Optimal Dry A White Gold (svetlo chr\u00f3mov\u00e1 farba) - KLIMAVEX GROUP - Slovensko","robots":{"index":"index","follow":"follow","max-snippet":"max-snippet:-1","max-image-preview":"max-image-preview:large","max-video-preview":"max-video-preview:-1"},"canonical":"https:\/\/klimavex.eu\/sk\/katalog\/susic-ruk-vortice-optimal-dry-a-white-gold-svetlo-chromova-farba\/","og_locale":"sk_SK","og_type":"article","og_title":"Su\u0161i\u010d r\u00fak Vortice Optimal Dry A White Gold (svetlo chr\u00f3mov\u00e1 farba) - KLIMAVEX GROUP - Slovensko","og_description":"Automatick\u00fd su\u0161i\u010d r\u00fak Vortice Optimal Dry A White Gold&nbsp;je vhodn\u00fd pre dom\u00e1cnosti, n\u00e1kupn\u00e9 centr\u00e1, re\u0161taur\u00e1cie, komer\u010dn\u00e9 priestory&nbsp;a \u010fal\u0161ie verejn\u00e9 priestory. Automatick\u00e1&nbsp;verzia sa sp\u00fa\u0161\u0165a pohybom ruky vo vzdialenosti 0-35 cm&nbsp;(pod\u013ea nastavenia). Pr\u00fadenie hor\u00faceho vzduchu je mo\u017en\u00e9 nastavi\u0165 od 20 do 60 sek\u00fand. Su\u0161i\u010d Optimal Dry zaist\u00ed jednoduch\u00fa mont\u00e1\u017e na stenu pomocou troch skrutiek. Balenie obsahuje mont\u00e1\u017eny k\u013e\u00fa\u010d pre skrutky a otvorenie krytu. Ventil\u00e1tor su\u0161i\u010da m\u00e1 induk\u010dn\u00fd motor s tepelnou poistkou a bezpe\u010dnostn\u00fdm termostatom, ktor\u00fd odp\u00e1ja zariadenie pri prehriat\u00ed.","og_url":"https:\/\/klimavex.eu\/sk\/katalog\/susic-ruk-vortice-optimal-dry-a-white-gold-svetlo-chromova-farba\/","og_site_name":"KLIMAVEX GROUP - Slovensko","article_publisher":"https:\/\/www.facebook.com\/klimavex","article_modified_time":"2026-03-31T16:47:38+00:00","og_image":[{"width":572,"height":512,"url":"https:\/\/klimavex.eu\/sk\/wp-content\/uploads\/2025\/09\/rrZY5XWrZ8GdA3aaERkVCCkXZf9X9KJulEOL0u9qSE.png","type":"image\/png"}],"twitter_card":"summary_large_image","schema":{"@context":"https:\/\/schema.org","@graph":[{"@type":"WebPage","@id":"https:\/\/klimavex.eu\/sk\/katalog\/susic-ruk-vortice-optimal-dry-a-white-gold-svetlo-chromova-farba\/","url":"https:\/\/klimavex.eu\/sk\/katalog\/susic-ruk-vortice-optimal-dry-a-white-gold-svetlo-chromova-farba\/","name":"Su\u0161i\u010d r\u00fak Vortice Optimal Dry A White Gold (svetlo chr\u00f3mov\u00e1 farba) - KLIMAVEX GROUP - Slovensko","isPartOf":{"@id":"https:\/\/klimavex.eu\/sk\/#website"},"primaryImageOfPage":{"@id":"https:\/\/klimavex.eu\/sk\/katalog\/susic-ruk-vortice-optimal-dry-a-white-gold-svetlo-chromova-farba\/#primaryimage"},"image":{"@id":"https:\/\/klimavex.eu\/sk\/katalog\/susic-ruk-vortice-optimal-dry-a-white-gold-svetlo-chromova-farba\/#primaryimage"},"thumbnailUrl":"https:\/\/klimavex.eu\/sk\/wp-content\/uploads\/2025\/09\/rrZY5XWrZ8GdA3aaERkVCCkXZf9X9KJulEOL0u9qSE.png","datePublished":"2026-03-31T16:46:58+00:00","dateModified":"2026-03-31T16:47:38+00:00","breadcrumb":{"@id":"https:\/\/klimavex.eu\/sk\/katalog\/susic-ruk-vortice-optimal-dry-a-white-gold-svetlo-chromova-farba\/#breadcrumb"},"inLanguage":"sk-SK","potentialAction":[{"@type":"ReadAction","target":["https:\/\/klimavex.eu\/sk\/katalog\/susic-ruk-vortice-optimal-dry-a-white-gold-svetlo-chromova-farba\/"]}]},{"@type":"ImageObject","inLanguage":"sk-SK","@id":"https:\/\/klimavex.eu\/sk\/katalog\/susic-ruk-vortice-optimal-dry-a-white-gold-svetlo-chromova-farba\/#primaryimage","url":"https:\/\/klimavex.eu\/sk\/wp-content\/uploads\/2025\/09\/rrZY5XWrZ8GdA3aaERkVCCkXZf9X9KJulEOL0u9qSE.png","contentUrl":"https:\/\/klimavex.eu\/sk\/wp-content\/uploads\/2025\/09\/rrZY5XWrZ8GdA3aaERkVCCkXZf9X9KJulEOL0u9qSE.png","width":572,"height":512},{"@type":"BreadcrumbList","@id":"https:\/\/klimavex.eu\/sk\/katalog\/susic-ruk-vortice-optimal-dry-a-white-gold-svetlo-chromova-farba\/#breadcrumb","itemListElement":[{"@type":"ListItem","position":1,"name":"Domovsk\u00e1 str\u00e1nka","item":"https:\/\/klimavex.eu\/sk\/"},{"@type":"ListItem","position":2,"name":"Eshop","item":"https:\/\/klimavex.eu\/sk\/eshop\/"},{"@type":"ListItem","position":3,"name":"Su\u0161i\u010d r\u00fak Vortice Optimal Dry A White Gold (svetlo chr\u00f3mov\u00e1 farba)"}]},{"@type":"WebSite","@id":"https:\/\/klimavex.eu\/sk\/#website","url":"https:\/\/klimavex.eu\/sk\/","name":"KLIMAVEX GROUP - Slovensko","description":"","publisher":{"@id":"https:\/\/klimavex.eu\/sk\/#organization"},"alternateName":"KLIMAVEX a.s.","potentialAction":[{"@type":"SearchAction","target":{"@type":"EntryPoint","urlTemplate":"https:\/\/klimavex.eu\/sk\/?s={search_term_string}"},"query-input":{"@type":"PropertyValueSpecification","valueRequired":true,"valueName":"search_term_string"}}],"inLanguage":"sk-SK"},{"@type":"Organization","@id":"https:\/\/klimavex.eu\/sk\/#organization","name":"KLIMAVEX GROUP","alternateName":"KLIMAVEX a.s.","url":"https:\/\/klimavex.eu\/sk\/","logo":{"@type":"ImageObject","inLanguage":"sk-SK","@id":"https:\/\/klimavex.eu\/sk\/#\/schema\/logo\/image\/","url":"https:\/\/klimavex.eu\/sk\/wp-content\/uploads\/2024\/04\/Klimavex-Group-logo.png","contentUrl":"https:\/\/klimavex.eu\/sk\/wp-content\/uploads\/2024\/04\/Klimavex-Group-logo.png","width":1681,"height":472,"caption":"KLIMAVEX GROUP"},"image":{"@id":"https:\/\/klimavex.eu\/sk\/#\/schema\/logo\/image\/"},"sameAs":["https:\/\/www.facebook.com\/klimavex","https:\/\/www.instagram.com\/klimavex_sk\/"]}]}},"_links":{"self":[{"href":"https:\/\/klimavex.eu\/sk\/wp-json\/wp\/v2\/product\/477400","targetHints":{"allow":["GET"]}}],"collection":[{"href":"https:\/\/klimavex.eu\/sk\/wp-json\/wp\/v2\/product"}],"about":[{"href":"https:\/\/klimavex.eu\/sk\/wp-json\/wp\/v2\/types\/product"}],"version-history":[{"count":0,"href":"https:\/\/klimavex.eu\/sk\/wp-json\/wp\/v2\/product\/477400\/revisions"}],"wp:featuredmedia":[{"embeddable":true,"href":"https:\/\/klimavex.eu\/sk\/wp-json\/wp\/v2\/media\/484594"}],"wp:attachment":[{"href":"https:\/\/klimavex.eu\/sk\/wp-json\/wp\/v2\/media?parent=477400"}],"wp:term":[{"taxonomy":"product_cat","embeddable":true,"href":"https:\/\/klimavex.eu\/sk\/wp-json\/wp\/v2\/product_cat?post=477400"},{"taxonomy":"product_tag","embeddable":true,"href":"https:\/\/klimavex.eu\/sk\/wp-json\/wp\/v2\/product_tag?post=477400"}],"curies":[{"name":"wp","href":"https:\/\/api.w.org\/{rel}","templated":true}]}}