{"id":477410,"date":"2026-03-27T08:00:47","date_gmt":"2026-03-27T07:00:47","guid":{"rendered":"https:\/\/klimavex.eu\/sk\/katalog\/vetracia-rekuperacna-jednotka-vortice-vort-hr-300-neti\/"},"modified":"2026-03-27T08:01:01","modified_gmt":"2026-03-27T07:01:01","slug":"vetracia-rekuperacna-jednotka-vortice-vort-hr-300-neti","status":"publish","type":"product","link":"https:\/\/klimavex.eu\/sk\/katalog\/vetracia-rekuperacna-jednotka-vortice-vort-hr-300-neti\/","title":{"rendered":"Vetracia rekupera\u010dn\u00e1 jednotka Vortice VORT HR 300 NETI"},"content":{"rendered":"<p style=\"margin-left:0cm;text-align:justify;\"><span style=\"font-family:Calibri, sans-serif;font-size:11pt;\"><span lang=\"SK\" dir=\"ltr\"><strong>K\u013e\u00fa\u010dov\u00e9 vlastnosti<\/strong><\/span><\/span><\/p>\n<ul>\n<li>\n<p style=\"text-align:justify;\"><span style=\"font-family:Calibri, sans-serif;font-size:11pt;\"><span lang=\"SK\" dir=\"ltr\">2 EC (brushless) motory s hriade\u013emi ulo\u017een\u00fdmi na gu\u013e\u00f4\u010dkov\u00fdch<strong>&nbsp;<\/strong>lo\u017eisk\u00e1ch<\/span><\/span><\/p>\n<\/li>\n<li>\n<p style=\"text-align:justify;\"><span style=\"font-family:Calibri, sans-serif;font-size:11pt;\"><span lang=\"SK\" dir=\"ltr\">Oh\u0148ovzdorn\u00fd kryt z penov\u00e9ho polypropyl\u00e9nu (DIN EN 13501)<\/span><\/span><\/p>\n<\/li>\n<li>\n<p style=\"text-align:justify;\"><span style=\"font-family:Calibri, sans-serif;font-size:11pt;\"><span lang=\"SK\" dir=\"ltr\">Automatick\u00fd mechanick\u00fd by-pass<\/span><\/span><\/p>\n<\/li>\n<li>\n<p style=\"text-align:justify;\"><span style=\"font-family:Calibri, sans-serif;font-size:11pt;\"><span lang=\"SK\" dir=\"ltr\">Vysoko \u00fa\u010dinn\u00fd protipr\u00fadov\u00fd typ v\u00fdmenn\u00edka tepla z plastov\u00e9ho materi\u00e1lu PS<\/span><\/span><\/p>\n<\/li>\n<li>\n<p style=\"text-align:justify;\"><span style=\"font-family:Calibri, sans-serif;font-size:11pt;\"><span lang=\"SK\" dir=\"ltr\">Automatick\u00fd aktivovan\u00fd syst\u00e9m zabra\u0148uj\u00faci tvorbe n\u00e1mrazy na v\u00fdmenn\u00edku tepla<\/span><\/span><\/p>\n<\/li>\n<li>\n<p style=\"text-align:justify;\"><span style=\"font-family:Calibri, sans-serif;font-size:11pt;\"><span lang=\"SK\" dir=\"ltr\">Dvojica filtrov M5 (filter F7 je k dispoz\u00edcii ako volite\u013en\u00e9 pr\u00edslu\u0161enstvo pre pr\u00edvodn\u00fd kan\u00e1l), \u013eahko pr\u00edstupn\u00e9 pre pravideln\u00e9 \u00fadr\u017eb\u00e1rske pr\u00e1ce<\/span><\/span><\/p>\n<\/li>\n<li>\n<p style=\"text-align:justify;\"><span style=\"font-family:Calibri, sans-serif;font-size:11pt;\"><span lang=\"SK\" dir=\"ltr\">Z\u00e1sobn\u00edk na kondenz\u00e1t s vyp\u00fa\u0161\u0165ac\u00edm zariaden\u00edm<\/span><\/span><\/p>\n<\/li>\n<li>\n<p style=\"text-align:justify;\"><span style=\"font-family:Calibri, sans-serif;font-size:11pt;\"><span lang=\"SK\" dir=\"ltr\">\u00d8 150 mm<\/span><\/span><\/p>\n<\/li>\n<li>\n<p style=\"text-align:justify;\"><span style=\"font-family:Calibri, sans-serif;font-size:11pt;\"><span lang=\"SK\" dir=\"ltr\">Mo\u017enos\u0165 pripojenia k extern\u00fdm \u010didl\u00e1m prostredia (volite\u013ene), pre automatick\u00fa regul\u00e1ciu re\u017eimu.<\/span><\/span><\/p>\n<\/li>\n<li>\n<p style=\"text-align:justify;\"><span style=\"font-family:Calibri, sans-serif;font-size:11pt;\"><span lang=\"SK\" dir=\"ltr\">Dia\u013ekov\u00e9 ovl\u00e1danie, k\u00e1blov\u00e9 pripojenie, s LCD displejom pre:<\/span><\/span><\/p>\n<ul>\n<li>\n<p style=\"text-align:justify;\"><span style=\"font-family:Calibri, sans-serif;font-size:11pt;\"><span lang=\"SK\" dir=\"ltr\">zap\u00ednanie a vyp\u00ednanie<\/span><\/span><\/p>\n<\/li>\n<li>\n<p style=\"text-align:justify;\"><span style=\"font-family:Calibri, sans-serif;font-size:11pt;\"><span lang=\"SK\" dir=\"ltr\">po\u010diato\u010dn\u00fa konfigur\u00e1ciu<\/span><\/span><\/p>\n<\/li>\n<li>\n<p style=\"text-align:justify;\"><span style=\"font-family:Calibri, sans-serif;font-size:11pt;\"><span lang=\"SK\" dir=\"ltr\">vo\u013ebu prev\u00e1dzkovej r\u00fdchlosti<\/span><\/span><\/p>\n<\/li>\n<li>\n<p style=\"text-align:justify;\"><span style=\"font-family:Calibri, sans-serif;font-size:11pt;\"><span lang=\"SK\" dir=\"ltr\">programovanie prev\u00e1dzky<\/span><\/span><\/p>\n<\/li>\n<li>\n<p style=\"text-align:justify;\"><span style=\"font-family:Calibri, sans-serif;font-size:11pt;\"><span lang=\"SK\" dir=\"ltr\">zobrazenie \u010dasu a okolitej teploty<\/span><\/span><\/p>\n<\/li>\n<li>\n<p style=\"text-align:justify;\"><span style=\"font-family:Calibri, sans-serif;font-size:11pt;\"><span lang=\"SK\" dir=\"ltr\">sledovanie spr\u00e1vnej \u010dinnosti v\u00fdrobku (pr\u00edpadn\u00e9 poruchy s\u00fa indikovan\u00e9 chybov\u00fdmi hl\u00e1seniami na displeji)<\/span><\/span><\/p>\n<\/li>\n<li>\n<p style=\"text-align:justify;\"><span style=\"font-family:Calibri, sans-serif;font-size:11pt;\"><span lang=\"SK\" dir=\"ltr\">indik\u00e1cia stavu nas\u00fdten\u00e9ho filtra na displeji<\/span><\/span><\/p>\n<\/li>\n<\/ul>\n<\/li>\n<\/ul>\n","protected":false},"excerpt":{"rendered":"<p style=\"margin-left:0cm;text-align:justify;\"><span style=\"font-family:Calibri, sans-serif;font-size:11pt;\"><span lang=\"SK\" dir=\"ltr\">Rekupera\u010dn\u00e1 jednotka <strong>Vortice VORT HR 350 AVEL&nbsp;<\/strong>s integrovan\u00fdm \u010deln\u00fdm panelom z tvrden\u00e9ho plastu pre priamy pr\u00edstup k filtrom. Sacie a v\u00fdtla\u010dn\u00e9 v\u00fdstupy s\u00fa kompatibiln\u00e9 s r\u00farkami s menovit\u00fdm <strong>priemerom 150 mm<\/strong>. Jednotka disponuje vysoko \u00fa\u010dinn\u00fdm <strong>protipr\u00fadov\u00fdm v\u00fdmenn\u00edkom tepla z plastov\u00e9ho materi\u00e1lu&nbsp;<\/strong>PS. \u0160tandardne s\u00fa s\u00fa\u010das\u0165ou dod\u00e1vky dr\u017eiaky na mont\u00e1\u017e na stenu.<\/span><\/span><\/p>\n","protected":false},"featured_media":0,"template":"","meta":[],"product_cat":[1297],"product_tag":[],"class_list":{"0":"post-477410","1":"product","2":"type-product","3":"status-publish","5":"product_cat-ventilatory","6":"pa_dostupny-tlak-pa-4848","7":"pa_hlucnost-lp-3m-4849","8":"pa_krytie-ipx2","9":"pa_typ-rekuperacia","10":"pa_vzduchovy-vykon-qv-m3-4130","11":"pa_znacka-vortice","13":"first","14":"instock","15":"taxable","16":"shipping-taxable","17":"purchasable","18":"product-type-simple"},"yoast_head":"<!-- This site is optimized with the Yoast SEO plugin v23.9 - https:\/\/yoast.com\/wordpress\/plugins\/seo\/ -->\n<title>Vetracia rekupera\u010dn\u00e1 jednotka Vortice VORT HR 300 NETI - KLIMAVEX GROUP - Slovensko<\/title>\n<meta name=\"robots\" content=\"index, follow, max-snippet:-1, max-image-preview:large, max-video-preview:-1\" \/>\n<link rel=\"canonical\" href=\"https:\/\/klimavex.eu\/sk\/katalog\/vetracia-rekuperacna-jednotka-vortice-vort-hr-300-neti\/\" \/>\n<meta property=\"og:locale\" content=\"sk_SK\" \/>\n<meta property=\"og:type\" content=\"article\" \/>\n<meta property=\"og:title\" content=\"Vetracia rekupera\u010dn\u00e1 jednotka Vortice VORT HR 300 NETI - KLIMAVEX GROUP - Slovensko\" \/>\n<meta property=\"og:description\" content=\"Rekupera\u010dn\u00e1 jednotka Vortice VORT HR 350 AVEL&nbsp;s integrovan\u00fdm \u010deln\u00fdm panelom z tvrden\u00e9ho plastu pre priamy pr\u00edstup k filtrom. Sacie a v\u00fdtla\u010dn\u00e9 v\u00fdstupy s\u00fa kompatibiln\u00e9 s r\u00farkami s menovit\u00fdm priemerom 150 mm. Jednotka disponuje vysoko \u00fa\u010dinn\u00fdm protipr\u00fadov\u00fdm v\u00fdmenn\u00edkom tepla z plastov\u00e9ho materi\u00e1lu&nbsp;PS. \u0160tandardne s\u00fa s\u00fa\u010das\u0165ou dod\u00e1vky dr\u017eiaky na mont\u00e1\u017e na stenu.\" \/>\n<meta property=\"og:url\" content=\"https:\/\/klimavex.eu\/sk\/katalog\/vetracia-rekuperacna-jednotka-vortice-vort-hr-300-neti\/\" \/>\n<meta property=\"og:site_name\" content=\"KLIMAVEX GROUP - Slovensko\" \/>\n<meta property=\"article:publisher\" content=\"https:\/\/www.facebook.com\/klimavex\" \/>\n<meta property=\"article:modified_time\" content=\"2026-03-27T07:01:01+00:00\" \/>\n<meta property=\"og:image\" content=\"https:\/\/klimavex.eu\/sk\/wp-content\/uploads\/2024\/02\/LOGO-KLIMAVEX-modra-kostka-1.png\" \/>\n\t<meta property=\"og:image:width\" content=\"9184\" \/>\n\t<meta property=\"og:image:height\" content=\"9184\" \/>\n\t<meta property=\"og:image:type\" content=\"image\/png\" \/>\n<meta name=\"twitter:card\" content=\"summary_large_image\" \/>\n<meta name=\"twitter:label1\" content=\"Predpokladan\u00fd \u010das \u010d\u00edtania\" \/>\n\t<meta name=\"twitter:data1\" content=\"1 min\u00fata\" \/>\n<script type=\"application\/ld+json\" class=\"yoast-schema-graph\">{\"@context\":\"https:\/\/schema.org\",\"@graph\":[{\"@type\":\"WebPage\",\"@id\":\"https:\/\/klimavex.eu\/sk\/katalog\/vetracia-rekuperacna-jednotka-vortice-vort-hr-300-neti\/\",\"url\":\"https:\/\/klimavex.eu\/sk\/katalog\/vetracia-rekuperacna-jednotka-vortice-vort-hr-300-neti\/\",\"name\":\"Vetracia rekupera\u010dn\u00e1 jednotka Vortice VORT HR 300 NETI - KLIMAVEX GROUP - Slovensko\",\"isPartOf\":{\"@id\":\"https:\/\/klimavex.eu\/sk\/#website\"},\"datePublished\":\"2026-03-27T07:00:47+00:00\",\"dateModified\":\"2026-03-27T07:01:01+00:00\",\"breadcrumb\":{\"@id\":\"https:\/\/klimavex.eu\/sk\/katalog\/vetracia-rekuperacna-jednotka-vortice-vort-hr-300-neti\/#breadcrumb\"},\"inLanguage\":\"sk-SK\",\"potentialAction\":[{\"@type\":\"ReadAction\",\"target\":[\"https:\/\/klimavex.eu\/sk\/katalog\/vetracia-rekuperacna-jednotka-vortice-vort-hr-300-neti\/\"]}]},{\"@type\":\"BreadcrumbList\",\"@id\":\"https:\/\/klimavex.eu\/sk\/katalog\/vetracia-rekuperacna-jednotka-vortice-vort-hr-300-neti\/#breadcrumb\",\"itemListElement\":[{\"@type\":\"ListItem\",\"position\":1,\"name\":\"Domovsk\u00e1 str\u00e1nka\",\"item\":\"https:\/\/klimavex.eu\/sk\/\"},{\"@type\":\"ListItem\",\"position\":2,\"name\":\"Eshop\",\"item\":\"https:\/\/klimavex.eu\/sk\/eshop\/\"},{\"@type\":\"ListItem\",\"position\":3,\"name\":\"Vetracia rekupera\u010dn\u00e1 jednotka Vortice VORT HR 300 NETI\"}]},{\"@type\":\"WebSite\",\"@id\":\"https:\/\/klimavex.eu\/sk\/#website\",\"url\":\"https:\/\/klimavex.eu\/sk\/\",\"name\":\"KLIMAVEX GROUP - Slovensko\",\"description\":\"\",\"publisher\":{\"@id\":\"https:\/\/klimavex.eu\/sk\/#organization\"},\"alternateName\":\"KLIMAVEX a.s.\",\"potentialAction\":[{\"@type\":\"SearchAction\",\"target\":{\"@type\":\"EntryPoint\",\"urlTemplate\":\"https:\/\/klimavex.eu\/sk\/?s={search_term_string}\"},\"query-input\":{\"@type\":\"PropertyValueSpecification\",\"valueRequired\":true,\"valueName\":\"search_term_string\"}}],\"inLanguage\":\"sk-SK\"},{\"@type\":\"Organization\",\"@id\":\"https:\/\/klimavex.eu\/sk\/#organization\",\"name\":\"KLIMAVEX GROUP\",\"alternateName\":\"KLIMAVEX a.s.\",\"url\":\"https:\/\/klimavex.eu\/sk\/\",\"logo\":{\"@type\":\"ImageObject\",\"inLanguage\":\"sk-SK\",\"@id\":\"https:\/\/klimavex.eu\/sk\/#\/schema\/logo\/image\/\",\"url\":\"https:\/\/klimavex.eu\/sk\/wp-content\/uploads\/2024\/04\/Klimavex-Group-logo.png\",\"contentUrl\":\"https:\/\/klimavex.eu\/sk\/wp-content\/uploads\/2024\/04\/Klimavex-Group-logo.png\",\"width\":1681,\"height\":472,\"caption\":\"KLIMAVEX GROUP\"},\"image\":{\"@id\":\"https:\/\/klimavex.eu\/sk\/#\/schema\/logo\/image\/\"},\"sameAs\":[\"https:\/\/www.facebook.com\/klimavex\",\"https:\/\/www.instagram.com\/klimavex_sk\/\"]}]}<\/script>\n<!-- \/ Yoast SEO plugin. -->","yoast_head_json":{"title":"Vetracia rekupera\u010dn\u00e1 jednotka Vortice VORT HR 300 NETI - KLIMAVEX GROUP - Slovensko","robots":{"index":"index","follow":"follow","max-snippet":"max-snippet:-1","max-image-preview":"max-image-preview:large","max-video-preview":"max-video-preview:-1"},"canonical":"https:\/\/klimavex.eu\/sk\/katalog\/vetracia-rekuperacna-jednotka-vortice-vort-hr-300-neti\/","og_locale":"sk_SK","og_type":"article","og_title":"Vetracia rekupera\u010dn\u00e1 jednotka Vortice VORT HR 300 NETI - KLIMAVEX GROUP - Slovensko","og_description":"Rekupera\u010dn\u00e1 jednotka Vortice VORT HR 350 AVEL&nbsp;s integrovan\u00fdm \u010deln\u00fdm panelom z tvrden\u00e9ho plastu pre priamy pr\u00edstup k filtrom. Sacie a v\u00fdtla\u010dn\u00e9 v\u00fdstupy s\u00fa kompatibiln\u00e9 s r\u00farkami s menovit\u00fdm priemerom 150 mm. Jednotka disponuje vysoko \u00fa\u010dinn\u00fdm protipr\u00fadov\u00fdm v\u00fdmenn\u00edkom tepla z plastov\u00e9ho materi\u00e1lu&nbsp;PS. \u0160tandardne s\u00fa s\u00fa\u010das\u0165ou dod\u00e1vky dr\u017eiaky na mont\u00e1\u017e na stenu.","og_url":"https:\/\/klimavex.eu\/sk\/katalog\/vetracia-rekuperacna-jednotka-vortice-vort-hr-300-neti\/","og_site_name":"KLIMAVEX GROUP - Slovensko","article_publisher":"https:\/\/www.facebook.com\/klimavex","article_modified_time":"2026-03-27T07:01:01+00:00","og_image":[{"width":9184,"height":9184,"url":"https:\/\/klimavex.eu\/sk\/wp-content\/uploads\/2024\/02\/LOGO-KLIMAVEX-modra-kostka-1.png","type":"image\/png"}],"twitter_card":"summary_large_image","twitter_misc":{"Predpokladan\u00fd \u010das \u010d\u00edtania":"1 min\u00fata"},"schema":{"@context":"https:\/\/schema.org","@graph":[{"@type":"WebPage","@id":"https:\/\/klimavex.eu\/sk\/katalog\/vetracia-rekuperacna-jednotka-vortice-vort-hr-300-neti\/","url":"https:\/\/klimavex.eu\/sk\/katalog\/vetracia-rekuperacna-jednotka-vortice-vort-hr-300-neti\/","name":"Vetracia rekupera\u010dn\u00e1 jednotka Vortice VORT HR 300 NETI - KLIMAVEX GROUP - Slovensko","isPartOf":{"@id":"https:\/\/klimavex.eu\/sk\/#website"},"datePublished":"2026-03-27T07:00:47+00:00","dateModified":"2026-03-27T07:01:01+00:00","breadcrumb":{"@id":"https:\/\/klimavex.eu\/sk\/katalog\/vetracia-rekuperacna-jednotka-vortice-vort-hr-300-neti\/#breadcrumb"},"inLanguage":"sk-SK","potentialAction":[{"@type":"ReadAction","target":["https:\/\/klimavex.eu\/sk\/katalog\/vetracia-rekuperacna-jednotka-vortice-vort-hr-300-neti\/"]}]},{"@type":"BreadcrumbList","@id":"https:\/\/klimavex.eu\/sk\/katalog\/vetracia-rekuperacna-jednotka-vortice-vort-hr-300-neti\/#breadcrumb","itemListElement":[{"@type":"ListItem","position":1,"name":"Domovsk\u00e1 str\u00e1nka","item":"https:\/\/klimavex.eu\/sk\/"},{"@type":"ListItem","position":2,"name":"Eshop","item":"https:\/\/klimavex.eu\/sk\/eshop\/"},{"@type":"ListItem","position":3,"name":"Vetracia rekupera\u010dn\u00e1 jednotka Vortice VORT HR 300 NETI"}]},{"@type":"WebSite","@id":"https:\/\/klimavex.eu\/sk\/#website","url":"https:\/\/klimavex.eu\/sk\/","name":"KLIMAVEX GROUP - Slovensko","description":"","publisher":{"@id":"https:\/\/klimavex.eu\/sk\/#organization"},"alternateName":"KLIMAVEX a.s.","potentialAction":[{"@type":"SearchAction","target":{"@type":"EntryPoint","urlTemplate":"https:\/\/klimavex.eu\/sk\/?s={search_term_string}"},"query-input":{"@type":"PropertyValueSpecification","valueRequired":true,"valueName":"search_term_string"}}],"inLanguage":"sk-SK"},{"@type":"Organization","@id":"https:\/\/klimavex.eu\/sk\/#organization","name":"KLIMAVEX GROUP","alternateName":"KLIMAVEX a.s.","url":"https:\/\/klimavex.eu\/sk\/","logo":{"@type":"ImageObject","inLanguage":"sk-SK","@id":"https:\/\/klimavex.eu\/sk\/#\/schema\/logo\/image\/","url":"https:\/\/klimavex.eu\/sk\/wp-content\/uploads\/2024\/04\/Klimavex-Group-logo.png","contentUrl":"https:\/\/klimavex.eu\/sk\/wp-content\/uploads\/2024\/04\/Klimavex-Group-logo.png","width":1681,"height":472,"caption":"KLIMAVEX GROUP"},"image":{"@id":"https:\/\/klimavex.eu\/sk\/#\/schema\/logo\/image\/"},"sameAs":["https:\/\/www.facebook.com\/klimavex","https:\/\/www.instagram.com\/klimavex_sk\/"]}]}},"_links":{"self":[{"href":"https:\/\/klimavex.eu\/sk\/wp-json\/wp\/v2\/product\/477410","targetHints":{"allow":["GET"]}}],"collection":[{"href":"https:\/\/klimavex.eu\/sk\/wp-json\/wp\/v2\/product"}],"about":[{"href":"https:\/\/klimavex.eu\/sk\/wp-json\/wp\/v2\/types\/product"}],"version-history":[{"count":0,"href":"https:\/\/klimavex.eu\/sk\/wp-json\/wp\/v2\/product\/477410\/revisions"}],"wp:attachment":[{"href":"https:\/\/klimavex.eu\/sk\/wp-json\/wp\/v2\/media?parent=477410"}],"wp:term":[{"taxonomy":"product_cat","embeddable":true,"href":"https:\/\/klimavex.eu\/sk\/wp-json\/wp\/v2\/product_cat?post=477410"},{"taxonomy":"product_tag","embeddable":true,"href":"https:\/\/klimavex.eu\/sk\/wp-json\/wp\/v2\/product_tag?post=477410"}],"curies":[{"name":"wp","href":"https:\/\/api.w.org\/{rel}","templated":true}]}}