{"id":477428,"date":"2026-03-31T18:48:04","date_gmt":"2026-03-31T16:48:04","guid":{"rendered":"https:\/\/klimavex.eu\/sk\/katalog\/ventilator-vortice-axial-k\/"},"modified":"2026-03-31T18:48:16","modified_gmt":"2026-03-31T16:48:16","slug":"ventilator-vortice-axial-k","status":"publish","type":"product","link":"https:\/\/klimavex.eu\/sk\/katalog\/ventilator-vortice-axial-k\/","title":{"rendered":"Ventil\u00e1tor Vortice Axial K"},"content":{"rendered":"<p style=\"text-align:justify\"><span style=\"font-size:11pt\"><span style=\"font-family:Calibri,sans-serif\"><strong>K<\/strong><strong>\u013e&uacute;\u010dov&eacute; vlastnosti:<\/strong><\/span><\/span><\/p>\n<ul>\n<li style=\"text-align:justify\"><span style=\"font-size:11pt\"><span style=\"font-family:Calibri,sans-serif\">Vhodn&yacute; na pripojenie do potrubia s vy&scaron;&scaron;ou tlakovou stratou.<\/span><\/span><\/li>\n<li style=\"text-align:justify\"><span style=\"font-size:11pt\"><span style=\"font-family:Calibri,sans-serif\">Dosahuje vysok&eacute; vzduchov&eacute; v&yacute;kony pri s&uacute;\u010dasnom dodr\u017ean&iacute; n&iacute;zkej hlu\u010dnosti.<\/span><\/span><\/li>\n<li style=\"text-align:justify\"><span style=\"font-size:11pt\"><span style=\"font-family:Calibri,sans-serif\">Mont&aacute;\u017e do podh\u013eadu.<\/span><\/span><\/li>\n<li style=\"text-align:justify\"><span style=\"font-size:11pt\"><span style=\"font-family:Calibri,sans-serif\">M&auml;kk&eacute; gumov&eacute; tesnenie na tlmenie vibr&aacute;ci&iacute; pre tich&uacute; prev&aacute;dzku.<\/span><\/span><\/li>\n<li style=\"text-align:justify\"><span style=\"font-size:11pt\"><span style=\"font-family:Calibri,sans-serif\">Zariadenia nemusia by\u0165 uzemnen&eacute;, maj&uacute; dvojit&uacute; izol&aacute;ciu.<\/span><\/span><\/li>\n<li style=\"text-align:justify\"><span style=\"font-size:11pt\"><span style=\"font-family:Calibri,sans-serif\">Mo\u017enos\u0165 regul&aacute;cie ot&aacute;\u010dok.<\/span><\/span><\/li>\n<li style=\"text-align:justify\"><span style=\"font-size:11pt\"><span style=\"font-family:Calibri,sans-serif\">Ventil&aacute;tor je vyroben&yacute; z anti-UV ABS umelej hmoty a v&scaron;etky komponenty vr&aacute;tane obalu s&uacute; 100% recyklovate\u013en&eacute;. Motor s tienen&yacute;mi p&oacute;lmi a s tepelnou poistkou maj&uacute; lo\u017eisk&aacute; s bronzovou vlo\u017ekou (&scaron;tandard).<\/span><\/span><\/li>\n<\/ul>\n","protected":false},"excerpt":{"rendered":"<p style=\"text-align:justify\"><span style=\"font-size:11pt\"><span style=\"font-family:Calibri,sans-serif\"><strong>Radi&aacute;lny<\/strong> ods&aacute;vac&iacute; ventil&aacute;tor Vortice Axial K vhodn&yacute; pre <strong>vetranie k&uacute;pe\u013en&iacute;, toaliet, kuch&yacute;\u0148 alebo verejn&yacute;ch priestorov<\/strong>. Ventil&aacute;tor s pripojen&iacute;m na potrubie D 100mm a v&yacute;fuk ma umiestnen&yacute; v smere osi sania.<\/span><\/span><\/p>\n","protected":false},"featured_media":484703,"template":"","meta":[],"product_cat":[1297],"product_tag":[],"class_list":{"0":"post-477428","1":"product","2":"type-product","3":"status-publish","4":"has-post-thumbnail","6":"product_cat-ventilatory","7":"pa_dostupny-tlak-pa-3852","8":"pa_hlucnost-lp-3m-3853","9":"pa_krytie-ipx2","10":"pa_prevedenie-axialny","11":"pa_typ-kupelnovy","12":"pa_vzduchovy-vykon-qv-m3-3851","13":"pa_znacka-vortice","15":"first","16":"instock","17":"taxable","18":"shipping-taxable","19":"purchasable","20":"product-type-simple"},"yoast_head":"<!-- This site is optimized with the Yoast SEO plugin v23.9 - https:\/\/yoast.com\/wordpress\/plugins\/seo\/ -->\n<title>Ventil\u00e1tor Vortice Axial K - KLIMAVEX GROUP - Slovensko<\/title>\n<meta name=\"robots\" content=\"index, follow, max-snippet:-1, max-image-preview:large, max-video-preview:-1\" \/>\n<link rel=\"canonical\" href=\"https:\/\/klimavex.eu\/sk\/katalog\/ventilator-vortice-axial-k\/\" \/>\n<meta property=\"og:locale\" content=\"sk_SK\" \/>\n<meta property=\"og:type\" content=\"article\" \/>\n<meta property=\"og:title\" content=\"Ventil\u00e1tor Vortice Axial K - KLIMAVEX GROUP - Slovensko\" \/>\n<meta property=\"og:description\" content=\"Radi&aacute;lny ods&aacute;vac&iacute; ventil&aacute;tor Vortice Axial K vhodn&yacute; pre vetranie k&uacute;pe\u013en&iacute;, toaliet, kuch&yacute;\u0148 alebo verejn&yacute;ch priestorov. Ventil&aacute;tor s pripojen&iacute;m na potrubie D 100mm a v&yacute;fuk ma umiestnen&yacute; v smere osi sania.\" \/>\n<meta property=\"og:url\" content=\"https:\/\/klimavex.eu\/sk\/katalog\/ventilator-vortice-axial-k\/\" \/>\n<meta property=\"og:site_name\" content=\"KLIMAVEX GROUP - Slovensko\" \/>\n<meta property=\"article:publisher\" content=\"https:\/\/www.facebook.com\/klimavex\" \/>\n<meta property=\"article:modified_time\" content=\"2026-03-31T16:48:16+00:00\" \/>\n<meta property=\"og:image\" content=\"https:\/\/klimavex.eu\/sk\/wp-content\/uploads\/2025\/09\/ygtGZ2X_FKWoJoZHrFuKmgVu7F3vUzzKH91KQjgbRrI-1.jpeg\" \/>\n\t<meta property=\"og:image:width\" content=\"512\" \/>\n\t<meta property=\"og:image:height\" content=\"512\" \/>\n\t<meta property=\"og:image:type\" content=\"image\/jpeg\" \/>\n<meta name=\"twitter:card\" content=\"summary_large_image\" \/>\n<meta name=\"twitter:label1\" content=\"Predpokladan\u00fd \u010das \u010d\u00edtania\" \/>\n\t<meta name=\"twitter:data1\" content=\"1 min\u00fata\" \/>\n<script type=\"application\/ld+json\" class=\"yoast-schema-graph\">{\"@context\":\"https:\/\/schema.org\",\"@graph\":[{\"@type\":\"WebPage\",\"@id\":\"https:\/\/klimavex.eu\/sk\/katalog\/ventilator-vortice-axial-k\/\",\"url\":\"https:\/\/klimavex.eu\/sk\/katalog\/ventilator-vortice-axial-k\/\",\"name\":\"Ventil\u00e1tor Vortice Axial K - KLIMAVEX GROUP - Slovensko\",\"isPartOf\":{\"@id\":\"https:\/\/klimavex.eu\/sk\/#website\"},\"primaryImageOfPage\":{\"@id\":\"https:\/\/klimavex.eu\/sk\/katalog\/ventilator-vortice-axial-k\/#primaryimage\"},\"image\":{\"@id\":\"https:\/\/klimavex.eu\/sk\/katalog\/ventilator-vortice-axial-k\/#primaryimage\"},\"thumbnailUrl\":\"https:\/\/klimavex.eu\/sk\/wp-content\/uploads\/2025\/09\/ygtGZ2X_FKWoJoZHrFuKmgVu7F3vUzzKH91KQjgbRrI-1.jpeg\",\"datePublished\":\"2026-03-31T16:48:04+00:00\",\"dateModified\":\"2026-03-31T16:48:16+00:00\",\"breadcrumb\":{\"@id\":\"https:\/\/klimavex.eu\/sk\/katalog\/ventilator-vortice-axial-k\/#breadcrumb\"},\"inLanguage\":\"sk-SK\",\"potentialAction\":[{\"@type\":\"ReadAction\",\"target\":[\"https:\/\/klimavex.eu\/sk\/katalog\/ventilator-vortice-axial-k\/\"]}]},{\"@type\":\"ImageObject\",\"inLanguage\":\"sk-SK\",\"@id\":\"https:\/\/klimavex.eu\/sk\/katalog\/ventilator-vortice-axial-k\/#primaryimage\",\"url\":\"https:\/\/klimavex.eu\/sk\/wp-content\/uploads\/2025\/09\/ygtGZ2X_FKWoJoZHrFuKmgVu7F3vUzzKH91KQjgbRrI-1.jpeg\",\"contentUrl\":\"https:\/\/klimavex.eu\/sk\/wp-content\/uploads\/2025\/09\/ygtGZ2X_FKWoJoZHrFuKmgVu7F3vUzzKH91KQjgbRrI-1.jpeg\",\"width\":512,\"height\":512},{\"@type\":\"BreadcrumbList\",\"@id\":\"https:\/\/klimavex.eu\/sk\/katalog\/ventilator-vortice-axial-k\/#breadcrumb\",\"itemListElement\":[{\"@type\":\"ListItem\",\"position\":1,\"name\":\"Domovsk\u00e1 str\u00e1nka\",\"item\":\"https:\/\/klimavex.eu\/sk\/\"},{\"@type\":\"ListItem\",\"position\":2,\"name\":\"Eshop\",\"item\":\"https:\/\/klimavex.eu\/sk\/eshop\/\"},{\"@type\":\"ListItem\",\"position\":3,\"name\":\"Ventil\u00e1tor Vortice Axial K\"}]},{\"@type\":\"WebSite\",\"@id\":\"https:\/\/klimavex.eu\/sk\/#website\",\"url\":\"https:\/\/klimavex.eu\/sk\/\",\"name\":\"KLIMAVEX GROUP - Slovensko\",\"description\":\"\",\"publisher\":{\"@id\":\"https:\/\/klimavex.eu\/sk\/#organization\"},\"alternateName\":\"KLIMAVEX a.s.\",\"potentialAction\":[{\"@type\":\"SearchAction\",\"target\":{\"@type\":\"EntryPoint\",\"urlTemplate\":\"https:\/\/klimavex.eu\/sk\/?s={search_term_string}\"},\"query-input\":{\"@type\":\"PropertyValueSpecification\",\"valueRequired\":true,\"valueName\":\"search_term_string\"}}],\"inLanguage\":\"sk-SK\"},{\"@type\":\"Organization\",\"@id\":\"https:\/\/klimavex.eu\/sk\/#organization\",\"name\":\"KLIMAVEX GROUP\",\"alternateName\":\"KLIMAVEX a.s.\",\"url\":\"https:\/\/klimavex.eu\/sk\/\",\"logo\":{\"@type\":\"ImageObject\",\"inLanguage\":\"sk-SK\",\"@id\":\"https:\/\/klimavex.eu\/sk\/#\/schema\/logo\/image\/\",\"url\":\"https:\/\/klimavex.eu\/sk\/wp-content\/uploads\/2024\/04\/Klimavex-Group-logo.png\",\"contentUrl\":\"https:\/\/klimavex.eu\/sk\/wp-content\/uploads\/2024\/04\/Klimavex-Group-logo.png\",\"width\":1681,\"height\":472,\"caption\":\"KLIMAVEX GROUP\"},\"image\":{\"@id\":\"https:\/\/klimavex.eu\/sk\/#\/schema\/logo\/image\/\"},\"sameAs\":[\"https:\/\/www.facebook.com\/klimavex\",\"https:\/\/www.instagram.com\/klimavex_sk\/\"]}]}<\/script>\n<!-- \/ Yoast SEO plugin. -->","yoast_head_json":{"title":"Ventil\u00e1tor Vortice Axial K - KLIMAVEX GROUP - Slovensko","robots":{"index":"index","follow":"follow","max-snippet":"max-snippet:-1","max-image-preview":"max-image-preview:large","max-video-preview":"max-video-preview:-1"},"canonical":"https:\/\/klimavex.eu\/sk\/katalog\/ventilator-vortice-axial-k\/","og_locale":"sk_SK","og_type":"article","og_title":"Ventil\u00e1tor Vortice Axial K - KLIMAVEX GROUP - Slovensko","og_description":"Radi&aacute;lny ods&aacute;vac&iacute; ventil&aacute;tor Vortice Axial K vhodn&yacute; pre vetranie k&uacute;pe\u013en&iacute;, toaliet, kuch&yacute;\u0148 alebo verejn&yacute;ch priestorov. Ventil&aacute;tor s pripojen&iacute;m na potrubie D 100mm a v&yacute;fuk ma umiestnen&yacute; v smere osi sania.","og_url":"https:\/\/klimavex.eu\/sk\/katalog\/ventilator-vortice-axial-k\/","og_site_name":"KLIMAVEX GROUP - Slovensko","article_publisher":"https:\/\/www.facebook.com\/klimavex","article_modified_time":"2026-03-31T16:48:16+00:00","og_image":[{"width":512,"height":512,"url":"https:\/\/klimavex.eu\/sk\/wp-content\/uploads\/2025\/09\/ygtGZ2X_FKWoJoZHrFuKmgVu7F3vUzzKH91KQjgbRrI-1.jpeg","type":"image\/jpeg"}],"twitter_card":"summary_large_image","twitter_misc":{"Predpokladan\u00fd \u010das \u010d\u00edtania":"1 min\u00fata"},"schema":{"@context":"https:\/\/schema.org","@graph":[{"@type":"WebPage","@id":"https:\/\/klimavex.eu\/sk\/katalog\/ventilator-vortice-axial-k\/","url":"https:\/\/klimavex.eu\/sk\/katalog\/ventilator-vortice-axial-k\/","name":"Ventil\u00e1tor Vortice Axial K - KLIMAVEX GROUP - Slovensko","isPartOf":{"@id":"https:\/\/klimavex.eu\/sk\/#website"},"primaryImageOfPage":{"@id":"https:\/\/klimavex.eu\/sk\/katalog\/ventilator-vortice-axial-k\/#primaryimage"},"image":{"@id":"https:\/\/klimavex.eu\/sk\/katalog\/ventilator-vortice-axial-k\/#primaryimage"},"thumbnailUrl":"https:\/\/klimavex.eu\/sk\/wp-content\/uploads\/2025\/09\/ygtGZ2X_FKWoJoZHrFuKmgVu7F3vUzzKH91KQjgbRrI-1.jpeg","datePublished":"2026-03-31T16:48:04+00:00","dateModified":"2026-03-31T16:48:16+00:00","breadcrumb":{"@id":"https:\/\/klimavex.eu\/sk\/katalog\/ventilator-vortice-axial-k\/#breadcrumb"},"inLanguage":"sk-SK","potentialAction":[{"@type":"ReadAction","target":["https:\/\/klimavex.eu\/sk\/katalog\/ventilator-vortice-axial-k\/"]}]},{"@type":"ImageObject","inLanguage":"sk-SK","@id":"https:\/\/klimavex.eu\/sk\/katalog\/ventilator-vortice-axial-k\/#primaryimage","url":"https:\/\/klimavex.eu\/sk\/wp-content\/uploads\/2025\/09\/ygtGZ2X_FKWoJoZHrFuKmgVu7F3vUzzKH91KQjgbRrI-1.jpeg","contentUrl":"https:\/\/klimavex.eu\/sk\/wp-content\/uploads\/2025\/09\/ygtGZ2X_FKWoJoZHrFuKmgVu7F3vUzzKH91KQjgbRrI-1.jpeg","width":512,"height":512},{"@type":"BreadcrumbList","@id":"https:\/\/klimavex.eu\/sk\/katalog\/ventilator-vortice-axial-k\/#breadcrumb","itemListElement":[{"@type":"ListItem","position":1,"name":"Domovsk\u00e1 str\u00e1nka","item":"https:\/\/klimavex.eu\/sk\/"},{"@type":"ListItem","position":2,"name":"Eshop","item":"https:\/\/klimavex.eu\/sk\/eshop\/"},{"@type":"ListItem","position":3,"name":"Ventil\u00e1tor Vortice Axial K"}]},{"@type":"WebSite","@id":"https:\/\/klimavex.eu\/sk\/#website","url":"https:\/\/klimavex.eu\/sk\/","name":"KLIMAVEX GROUP - Slovensko","description":"","publisher":{"@id":"https:\/\/klimavex.eu\/sk\/#organization"},"alternateName":"KLIMAVEX a.s.","potentialAction":[{"@type":"SearchAction","target":{"@type":"EntryPoint","urlTemplate":"https:\/\/klimavex.eu\/sk\/?s={search_term_string}"},"query-input":{"@type":"PropertyValueSpecification","valueRequired":true,"valueName":"search_term_string"}}],"inLanguage":"sk-SK"},{"@type":"Organization","@id":"https:\/\/klimavex.eu\/sk\/#organization","name":"KLIMAVEX GROUP","alternateName":"KLIMAVEX a.s.","url":"https:\/\/klimavex.eu\/sk\/","logo":{"@type":"ImageObject","inLanguage":"sk-SK","@id":"https:\/\/klimavex.eu\/sk\/#\/schema\/logo\/image\/","url":"https:\/\/klimavex.eu\/sk\/wp-content\/uploads\/2024\/04\/Klimavex-Group-logo.png","contentUrl":"https:\/\/klimavex.eu\/sk\/wp-content\/uploads\/2024\/04\/Klimavex-Group-logo.png","width":1681,"height":472,"caption":"KLIMAVEX GROUP"},"image":{"@id":"https:\/\/klimavex.eu\/sk\/#\/schema\/logo\/image\/"},"sameAs":["https:\/\/www.facebook.com\/klimavex","https:\/\/www.instagram.com\/klimavex_sk\/"]}]}},"_links":{"self":[{"href":"https:\/\/klimavex.eu\/sk\/wp-json\/wp\/v2\/product\/477428","targetHints":{"allow":["GET"]}}],"collection":[{"href":"https:\/\/klimavex.eu\/sk\/wp-json\/wp\/v2\/product"}],"about":[{"href":"https:\/\/klimavex.eu\/sk\/wp-json\/wp\/v2\/types\/product"}],"version-history":[{"count":0,"href":"https:\/\/klimavex.eu\/sk\/wp-json\/wp\/v2\/product\/477428\/revisions"}],"wp:featuredmedia":[{"embeddable":true,"href":"https:\/\/klimavex.eu\/sk\/wp-json\/wp\/v2\/media\/484703"}],"wp:attachment":[{"href":"https:\/\/klimavex.eu\/sk\/wp-json\/wp\/v2\/media?parent=477428"}],"wp:term":[{"taxonomy":"product_cat","embeddable":true,"href":"https:\/\/klimavex.eu\/sk\/wp-json\/wp\/v2\/product_cat?post=477428"},{"taxonomy":"product_tag","embeddable":true,"href":"https:\/\/klimavex.eu\/sk\/wp-json\/wp\/v2\/product_tag?post=477428"}],"curies":[{"name":"wp","href":"https:\/\/api.w.org\/{rel}","templated":true}]}}