{"id":477455,"date":"2026-03-31T18:48:04","date_gmt":"2026-03-31T16:48:04","guid":{"rendered":"https:\/\/klimavex.eu\/sk\/katalog\/ventilator-vortice-ca-125-md\/"},"modified":"2026-03-31T18:48:49","modified_gmt":"2026-03-31T16:48:49","slug":"ventilator-vortice-ca-125-md","status":"publish","type":"product","link":"https:\/\/klimavex.eu\/sk\/katalog\/ventilator-vortice-ca-125-md\/","title":{"rendered":"Ventil\u00e1tor Vortice CA 125 MD"},"content":{"rendered":"<p style=\"text-align:justify\"><span style=\"font-size:11pt\"><span style=\"font-family:Calibri,sans-serif\"><strong>Detailn&yacute; popis<\/strong><\/span><\/span><\/p>\n<ul>\n<li style=\"text-align:justify\"><span style=\"font-size:11pt\"><span style=\"background-color:white\"><span style=\"color:black\"><span style=\"font-family:Calibri,sans-serif\">Oce\u013eov&eacute; puzdro z morenej a fosf&aacute;tovanej ocele s polyesterovou pr&aacute;&scaron;kovou povrchovou &uacute;pravou, odoln&eacute; proti agres&iacute;vnemu p&ocirc;sobeniu atmosf&eacute;rick&yacute;ch vplyvov.<\/span><\/span><\/span><\/span><\/li>\n<li style=\"text-align:justify\"><span style=\"font-size:11pt\"><span style=\"background-color:white\"><span style=\"color:black\"><span style=\"font-family:Calibri,sans-serif\">Regul&aacute;cia ventil&aacute;tora prostredn&iacute;ctvom volite\u013en&eacute;ho ovl&aacute;dania <span style=\"color:black\"><span style=\"color:black\">TRIO-CA<\/span><\/span>.<\/span><\/span><\/span><\/span><\/li>\n<li style=\"text-align:justify\"><span style=\"font-size:11pt\"><span style=\"background-color:white\"><span style=\"color:black\"><span style=\"font-family:Calibri,sans-serif\">AC motor s tepelnou poistkou proti pre\u0165a\u017eeniu a hriade\u013eom ot&aacute;\u010daj&uacute;cim sa v <span style=\"color:black\">gu\u013e&ocirc;\u010dkov&yacute;ch<strong> <\/strong><\/span>lo\u017eisk&aacute;ch sp&auml;tne zakriven&eacute; lopatky, dostrediv&eacute; vrtule<\/span><\/span><\/span><\/span><\/li>\n<li style=\"text-align:justify\"><span style=\"font-size:11pt\"><span style=\"background-color:white\"><span style=\"color:black\"><span style=\"font-family:Calibri,sans-serif\">Pozinkovan&eacute; oce\u013eov&eacute; dr\u017eiaky na mont&aacute;\u017e na stenu<\/span><\/span><\/span><\/span><\/li>\n<li style=\"text-align:justify\"><span style=\"font-size:11pt\"><span style=\"background-color:white\"><span style=\"color:black\"><span style=\"font-family:Calibri,sans-serif\">Kompatibiln&yacute; s dia\u013ekov&yacute;mi senzormi: Pohybu, teploty, relat&iacute;vnej vlhkosti a dymu.<\/span><\/span><\/span><\/span><\/li>\n<\/ul>\n<p style=\"text-align:justify\"><span style=\"font-size:11pt\"><span style=\"font-family:Calibri,sans-serif\"><strong>K\u013e&uacute;\u010dov&eacute; vlastnosti<\/strong><\/span><\/span><\/p>\n<ul>\n<li style=\"text-align:justify\"><span style=\"font-size:11pt\"><span style=\"background-color:white\"><span style=\"color:black\"><span style=\"font-family:Calibri,sans-serif\">Mo\u017enos\u0165 horizont&aacute;lnej aj vertik&aacute;lnej mont&aacute;\u017ee<\/span><\/span><\/span><\/span><\/li>\n<li style=\"text-align:justify\"><span style=\"font-size:11pt\"><span style=\"background-color:white\"><span style=\"color:black\"><span style=\"font-family:Calibri,sans-serif\">Kvalitn&eacute; spracovanie<\/span><\/span><\/span><\/span><\/li>\n<li style=\"text-align:justify\"><span style=\"font-size:11pt\"><span style=\"background-color:white\"><span style=\"color:black\"><span style=\"font-family:Calibri,sans-serif\">Kovov&eacute; opl&aacute;&scaron;tenie<\/span><\/span><\/span><\/span><\/li>\n<li style=\"text-align:justify\"><span style=\"font-size:11pt\"><span style=\"background-color:white\"><span style=\"color:black\"><span style=\"font-family:Calibri,sans-serif\"><span style=\"color:black\"><strong><span style=\"color:black\">Gu\u013e&ocirc;\u010dkov&eacute; lo\u017eisk&aacute;<\/span><\/strong><\/span><\/span><\/span><\/span><\/span><\/li>\n<\/ul>\n","protected":false},"excerpt":{"rendered":"<p style=\"text-align:justify\"><span style=\"font-size:11pt\"><span style=\"font-family:Calibri,sans-serif\"><strong><span style=\"color:black\">Radi&aacute;lny <\/span><\/strong><span style=\"background-color:white\"><span style=\"color:black\">potrubn&yacute; ventil&aacute;tor s kovov&yacute;m opl&aacute;&scaron;ten&iacute;m <strong>Vortice CA 125 MD <\/strong>s priemerom pripojenia vzduchotechnick&eacute;ho potrubia <\/span><\/span><strong><span style=\"color:black\">&oslash; <span style=\"background-color:white\">125mm<\/span><\/span><\/strong><span style=\"background-color:white\"><span style=\"color:black\">. Ventil&aacute;tor je ur\u010den&yacute; na napojenie na kruhov&eacute; potrubie a ods&aacute;vanie komer\u010dn&yacute;ch i reziden\u010dn&yacute;ch objektov. Ventil&aacute;tor je mo\u017en&eacute; in&scaron;talova\u0165 horizont&aacute;lne aj vertik&aacute;lne. Vn&uacute;torn&eacute; zvukovo izola\u010dn&eacute; oblo\u017eenie. S&uacute;\u010das\u0165ou dod&aacute;vky s&uacute; mont&aacute;\u017ene konzoly na in&scaron;tal&aacute;ciu zariadenia na stenu alebo strop.<\/span><\/span><\/span><\/span><\/p>\n","protected":false},"featured_media":484799,"template":"","meta":[],"product_cat":[1461,1460,1297,1469],"product_tag":[],"class_list":{"0":"post-477455","1":"product","2":"type-product","3":"status-publish","4":"has-post-thumbnail","6":"product_cat-ca","7":"product_cat-potrubne-ventilatory","8":"product_cat-ventilatory","9":"product_cat-ca-md","10":"pa_dostupny-tlak-pa-265-363","11":"pa_gulockove-loziska-ll-ano","12":"pa_hlucnost-lp-3m-308-459","13":"pa_krytie-ip44","14":"pa_prevedenie-potrubny-kovovy","15":"pa_priemer-napojenia-mm-4279","16":"pa_typ-ca-md","17":"pa_vzduchovy-vykon-qv-m3-280-450","18":"pa_znacka-vortice","20":"first","21":"instock","22":"taxable","23":"shipping-taxable","24":"purchasable","25":"product-type-simple"},"yoast_head":"<!-- This site is optimized with the Yoast SEO plugin v23.9 - https:\/\/yoast.com\/wordpress\/plugins\/seo\/ -->\n<title>Ventil\u00e1tor Vortice CA 125 MD - KLIMAVEX GROUP - Slovensko<\/title>\n<meta name=\"robots\" content=\"index, follow, max-snippet:-1, max-image-preview:large, max-video-preview:-1\" \/>\n<link rel=\"canonical\" href=\"https:\/\/klimavex.eu\/sk\/katalog\/ventilator-vortice-ca-125-md\/\" \/>\n<meta property=\"og:locale\" content=\"sk_SK\" \/>\n<meta property=\"og:type\" content=\"article\" \/>\n<meta property=\"og:title\" content=\"Ventil\u00e1tor Vortice CA 125 MD - KLIMAVEX GROUP - Slovensko\" \/>\n<meta property=\"og:description\" content=\"Radi&aacute;lny potrubn&yacute; ventil&aacute;tor s kovov&yacute;m opl&aacute;&scaron;ten&iacute;m Vortice CA 125 MD s priemerom pripojenia vzduchotechnick&eacute;ho potrubia &oslash; 125mm. Ventil&aacute;tor je ur\u010den&yacute; na napojenie na kruhov&eacute; potrubie a ods&aacute;vanie komer\u010dn&yacute;ch i reziden\u010dn&yacute;ch objektov. Ventil&aacute;tor je mo\u017en&eacute; in&scaron;talova\u0165 horizont&aacute;lne aj vertik&aacute;lne. Vn&uacute;torn&eacute; zvukovo izola\u010dn&eacute; oblo\u017eenie. S&uacute;\u010das\u0165ou dod&aacute;vky s&uacute; mont&aacute;\u017ene konzoly na in&scaron;tal&aacute;ciu zariadenia na stenu alebo strop.\" \/>\n<meta property=\"og:url\" content=\"https:\/\/klimavex.eu\/sk\/katalog\/ventilator-vortice-ca-125-md\/\" \/>\n<meta property=\"og:site_name\" content=\"KLIMAVEX GROUP - Slovensko\" \/>\n<meta property=\"article:publisher\" content=\"https:\/\/www.facebook.com\/klimavex\" \/>\n<meta property=\"article:modified_time\" content=\"2026-03-31T16:48:49+00:00\" \/>\n<meta property=\"og:image\" content=\"https:\/\/klimavex.eu\/sk\/wp-content\/uploads\/2025\/09\/WkFOrzEKtPy-3wB2QKVV6WBDgan4wevFA4XUaFDzQBU.png\" \/>\n\t<meta property=\"og:image:width\" content=\"572\" \/>\n\t<meta property=\"og:image:height\" content=\"512\" \/>\n\t<meta property=\"og:image:type\" content=\"image\/png\" \/>\n<meta name=\"twitter:card\" content=\"summary_large_image\" \/>\n<meta name=\"twitter:label1\" content=\"Predpokladan\u00fd \u010das \u010d\u00edtania\" \/>\n\t<meta name=\"twitter:data1\" content=\"1 min\u00fata\" \/>\n<script type=\"application\/ld+json\" class=\"yoast-schema-graph\">{\"@context\":\"https:\/\/schema.org\",\"@graph\":[{\"@type\":\"WebPage\",\"@id\":\"https:\/\/klimavex.eu\/sk\/katalog\/ventilator-vortice-ca-125-md\/\",\"url\":\"https:\/\/klimavex.eu\/sk\/katalog\/ventilator-vortice-ca-125-md\/\",\"name\":\"Ventil\u00e1tor Vortice CA 125 MD - KLIMAVEX GROUP - Slovensko\",\"isPartOf\":{\"@id\":\"https:\/\/klimavex.eu\/sk\/#website\"},\"primaryImageOfPage\":{\"@id\":\"https:\/\/klimavex.eu\/sk\/katalog\/ventilator-vortice-ca-125-md\/#primaryimage\"},\"image\":{\"@id\":\"https:\/\/klimavex.eu\/sk\/katalog\/ventilator-vortice-ca-125-md\/#primaryimage\"},\"thumbnailUrl\":\"https:\/\/klimavex.eu\/sk\/wp-content\/uploads\/2025\/09\/WkFOrzEKtPy-3wB2QKVV6WBDgan4wevFA4XUaFDzQBU.png\",\"datePublished\":\"2026-03-31T16:48:04+00:00\",\"dateModified\":\"2026-03-31T16:48:49+00:00\",\"breadcrumb\":{\"@id\":\"https:\/\/klimavex.eu\/sk\/katalog\/ventilator-vortice-ca-125-md\/#breadcrumb\"},\"inLanguage\":\"sk-SK\",\"potentialAction\":[{\"@type\":\"ReadAction\",\"target\":[\"https:\/\/klimavex.eu\/sk\/katalog\/ventilator-vortice-ca-125-md\/\"]}]},{\"@type\":\"ImageObject\",\"inLanguage\":\"sk-SK\",\"@id\":\"https:\/\/klimavex.eu\/sk\/katalog\/ventilator-vortice-ca-125-md\/#primaryimage\",\"url\":\"https:\/\/klimavex.eu\/sk\/wp-content\/uploads\/2025\/09\/WkFOrzEKtPy-3wB2QKVV6WBDgan4wevFA4XUaFDzQBU.png\",\"contentUrl\":\"https:\/\/klimavex.eu\/sk\/wp-content\/uploads\/2025\/09\/WkFOrzEKtPy-3wB2QKVV6WBDgan4wevFA4XUaFDzQBU.png\",\"width\":572,\"height\":512},{\"@type\":\"BreadcrumbList\",\"@id\":\"https:\/\/klimavex.eu\/sk\/katalog\/ventilator-vortice-ca-125-md\/#breadcrumb\",\"itemListElement\":[{\"@type\":\"ListItem\",\"position\":1,\"name\":\"Domovsk\u00e1 str\u00e1nka\",\"item\":\"https:\/\/klimavex.eu\/sk\/\"},{\"@type\":\"ListItem\",\"position\":2,\"name\":\"Eshop\",\"item\":\"https:\/\/klimavex.eu\/sk\/eshop\/\"},{\"@type\":\"ListItem\",\"position\":3,\"name\":\"Ventil\u00e1tor Vortice CA 125 MD\"}]},{\"@type\":\"WebSite\",\"@id\":\"https:\/\/klimavex.eu\/sk\/#website\",\"url\":\"https:\/\/klimavex.eu\/sk\/\",\"name\":\"KLIMAVEX GROUP - Slovensko\",\"description\":\"\",\"publisher\":{\"@id\":\"https:\/\/klimavex.eu\/sk\/#organization\"},\"alternateName\":\"KLIMAVEX a.s.\",\"potentialAction\":[{\"@type\":\"SearchAction\",\"target\":{\"@type\":\"EntryPoint\",\"urlTemplate\":\"https:\/\/klimavex.eu\/sk\/?s={search_term_string}\"},\"query-input\":{\"@type\":\"PropertyValueSpecification\",\"valueRequired\":true,\"valueName\":\"search_term_string\"}}],\"inLanguage\":\"sk-SK\"},{\"@type\":\"Organization\",\"@id\":\"https:\/\/klimavex.eu\/sk\/#organization\",\"name\":\"KLIMAVEX GROUP\",\"alternateName\":\"KLIMAVEX a.s.\",\"url\":\"https:\/\/klimavex.eu\/sk\/\",\"logo\":{\"@type\":\"ImageObject\",\"inLanguage\":\"sk-SK\",\"@id\":\"https:\/\/klimavex.eu\/sk\/#\/schema\/logo\/image\/\",\"url\":\"https:\/\/klimavex.eu\/sk\/wp-content\/uploads\/2024\/04\/Klimavex-Group-logo.png\",\"contentUrl\":\"https:\/\/klimavex.eu\/sk\/wp-content\/uploads\/2024\/04\/Klimavex-Group-logo.png\",\"width\":1681,\"height\":472,\"caption\":\"KLIMAVEX GROUP\"},\"image\":{\"@id\":\"https:\/\/klimavex.eu\/sk\/#\/schema\/logo\/image\/\"},\"sameAs\":[\"https:\/\/www.facebook.com\/klimavex\",\"https:\/\/www.instagram.com\/klimavex_sk\/\"]}]}<\/script>\n<!-- \/ Yoast SEO plugin. -->","yoast_head_json":{"title":"Ventil\u00e1tor Vortice CA 125 MD - KLIMAVEX GROUP - Slovensko","robots":{"index":"index","follow":"follow","max-snippet":"max-snippet:-1","max-image-preview":"max-image-preview:large","max-video-preview":"max-video-preview:-1"},"canonical":"https:\/\/klimavex.eu\/sk\/katalog\/ventilator-vortice-ca-125-md\/","og_locale":"sk_SK","og_type":"article","og_title":"Ventil\u00e1tor Vortice CA 125 MD - KLIMAVEX GROUP - Slovensko","og_description":"Radi&aacute;lny potrubn&yacute; ventil&aacute;tor s kovov&yacute;m opl&aacute;&scaron;ten&iacute;m Vortice CA 125 MD s priemerom pripojenia vzduchotechnick&eacute;ho potrubia &oslash; 125mm. Ventil&aacute;tor je ur\u010den&yacute; na napojenie na kruhov&eacute; potrubie a ods&aacute;vanie komer\u010dn&yacute;ch i reziden\u010dn&yacute;ch objektov. Ventil&aacute;tor je mo\u017en&eacute; in&scaron;talova\u0165 horizont&aacute;lne aj vertik&aacute;lne. Vn&uacute;torn&eacute; zvukovo izola\u010dn&eacute; oblo\u017eenie. S&uacute;\u010das\u0165ou dod&aacute;vky s&uacute; mont&aacute;\u017ene konzoly na in&scaron;tal&aacute;ciu zariadenia na stenu alebo strop.","og_url":"https:\/\/klimavex.eu\/sk\/katalog\/ventilator-vortice-ca-125-md\/","og_site_name":"KLIMAVEX GROUP - Slovensko","article_publisher":"https:\/\/www.facebook.com\/klimavex","article_modified_time":"2026-03-31T16:48:49+00:00","og_image":[{"width":572,"height":512,"url":"https:\/\/klimavex.eu\/sk\/wp-content\/uploads\/2025\/09\/WkFOrzEKtPy-3wB2QKVV6WBDgan4wevFA4XUaFDzQBU.png","type":"image\/png"}],"twitter_card":"summary_large_image","twitter_misc":{"Predpokladan\u00fd \u010das \u010d\u00edtania":"1 min\u00fata"},"schema":{"@context":"https:\/\/schema.org","@graph":[{"@type":"WebPage","@id":"https:\/\/klimavex.eu\/sk\/katalog\/ventilator-vortice-ca-125-md\/","url":"https:\/\/klimavex.eu\/sk\/katalog\/ventilator-vortice-ca-125-md\/","name":"Ventil\u00e1tor Vortice CA 125 MD - KLIMAVEX GROUP - Slovensko","isPartOf":{"@id":"https:\/\/klimavex.eu\/sk\/#website"},"primaryImageOfPage":{"@id":"https:\/\/klimavex.eu\/sk\/katalog\/ventilator-vortice-ca-125-md\/#primaryimage"},"image":{"@id":"https:\/\/klimavex.eu\/sk\/katalog\/ventilator-vortice-ca-125-md\/#primaryimage"},"thumbnailUrl":"https:\/\/klimavex.eu\/sk\/wp-content\/uploads\/2025\/09\/WkFOrzEKtPy-3wB2QKVV6WBDgan4wevFA4XUaFDzQBU.png","datePublished":"2026-03-31T16:48:04+00:00","dateModified":"2026-03-31T16:48:49+00:00","breadcrumb":{"@id":"https:\/\/klimavex.eu\/sk\/katalog\/ventilator-vortice-ca-125-md\/#breadcrumb"},"inLanguage":"sk-SK","potentialAction":[{"@type":"ReadAction","target":["https:\/\/klimavex.eu\/sk\/katalog\/ventilator-vortice-ca-125-md\/"]}]},{"@type":"ImageObject","inLanguage":"sk-SK","@id":"https:\/\/klimavex.eu\/sk\/katalog\/ventilator-vortice-ca-125-md\/#primaryimage","url":"https:\/\/klimavex.eu\/sk\/wp-content\/uploads\/2025\/09\/WkFOrzEKtPy-3wB2QKVV6WBDgan4wevFA4XUaFDzQBU.png","contentUrl":"https:\/\/klimavex.eu\/sk\/wp-content\/uploads\/2025\/09\/WkFOrzEKtPy-3wB2QKVV6WBDgan4wevFA4XUaFDzQBU.png","width":572,"height":512},{"@type":"BreadcrumbList","@id":"https:\/\/klimavex.eu\/sk\/katalog\/ventilator-vortice-ca-125-md\/#breadcrumb","itemListElement":[{"@type":"ListItem","position":1,"name":"Domovsk\u00e1 str\u00e1nka","item":"https:\/\/klimavex.eu\/sk\/"},{"@type":"ListItem","position":2,"name":"Eshop","item":"https:\/\/klimavex.eu\/sk\/eshop\/"},{"@type":"ListItem","position":3,"name":"Ventil\u00e1tor Vortice CA 125 MD"}]},{"@type":"WebSite","@id":"https:\/\/klimavex.eu\/sk\/#website","url":"https:\/\/klimavex.eu\/sk\/","name":"KLIMAVEX GROUP - Slovensko","description":"","publisher":{"@id":"https:\/\/klimavex.eu\/sk\/#organization"},"alternateName":"KLIMAVEX a.s.","potentialAction":[{"@type":"SearchAction","target":{"@type":"EntryPoint","urlTemplate":"https:\/\/klimavex.eu\/sk\/?s={search_term_string}"},"query-input":{"@type":"PropertyValueSpecification","valueRequired":true,"valueName":"search_term_string"}}],"inLanguage":"sk-SK"},{"@type":"Organization","@id":"https:\/\/klimavex.eu\/sk\/#organization","name":"KLIMAVEX GROUP","alternateName":"KLIMAVEX a.s.","url":"https:\/\/klimavex.eu\/sk\/","logo":{"@type":"ImageObject","inLanguage":"sk-SK","@id":"https:\/\/klimavex.eu\/sk\/#\/schema\/logo\/image\/","url":"https:\/\/klimavex.eu\/sk\/wp-content\/uploads\/2024\/04\/Klimavex-Group-logo.png","contentUrl":"https:\/\/klimavex.eu\/sk\/wp-content\/uploads\/2024\/04\/Klimavex-Group-logo.png","width":1681,"height":472,"caption":"KLIMAVEX GROUP"},"image":{"@id":"https:\/\/klimavex.eu\/sk\/#\/schema\/logo\/image\/"},"sameAs":["https:\/\/www.facebook.com\/klimavex","https:\/\/www.instagram.com\/klimavex_sk\/"]}]}},"_links":{"self":[{"href":"https:\/\/klimavex.eu\/sk\/wp-json\/wp\/v2\/product\/477455","targetHints":{"allow":["GET"]}}],"collection":[{"href":"https:\/\/klimavex.eu\/sk\/wp-json\/wp\/v2\/product"}],"about":[{"href":"https:\/\/klimavex.eu\/sk\/wp-json\/wp\/v2\/types\/product"}],"version-history":[{"count":0,"href":"https:\/\/klimavex.eu\/sk\/wp-json\/wp\/v2\/product\/477455\/revisions"}],"wp:featuredmedia":[{"embeddable":true,"href":"https:\/\/klimavex.eu\/sk\/wp-json\/wp\/v2\/media\/484799"}],"wp:attachment":[{"href":"https:\/\/klimavex.eu\/sk\/wp-json\/wp\/v2\/media?parent=477455"}],"wp:term":[{"taxonomy":"product_cat","embeddable":true,"href":"https:\/\/klimavex.eu\/sk\/wp-json\/wp\/v2\/product_cat?post=477455"},{"taxonomy":"product_tag","embeddable":true,"href":"https:\/\/klimavex.eu\/sk\/wp-json\/wp\/v2\/product_tag?post=477455"}],"curies":[{"name":"wp","href":"https:\/\/api.w.org\/{rel}","templated":true}]}}