{"id":477457,"date":"2026-03-31T18:48:04","date_gmt":"2026-03-31T16:48:04","guid":{"rendered":"https:\/\/klimavex.eu\/sk\/katalog\/susic-ruk-vortice-premium-dry-a-automaticky\/"},"modified":"2026-03-31T18:48:51","modified_gmt":"2026-03-31T16:48:51","slug":"susic-ruk-vortice-premium-dry-a-automaticky","status":"publish","type":"product","link":"https:\/\/klimavex.eu\/sk\/katalog\/susic-ruk-vortice-premium-dry-a-automaticky\/","title":{"rendered":"Su\u0161i\u010d r\u00fak Vortice Premium Dry A (automatick\u00fd)"},"content":{"rendered":"<p style=\"margin-left:0cm;text-align:justify;\"><span style=\"font-family:Calibri, sans-serif;font-size:11pt;\"><span lang=\"SK\" dir=\"ltr\"><strong>K\u013e\u00fa\u010dov\u00e9 vlastnosti<\/strong><\/span><\/span><\/p>\n<ul>\n<li>\n<p style=\"text-align:justify;\"><span style=\"font-family:Calibri, sans-serif;font-size:11pt;\"><span lang=\"SK\" dir=\"ltr\">Prietok vzduchu 120 m<sup>3<\/sup>\/h<\/span><\/span><\/p>\n<\/li>\n<li>\n<p style=\"text-align:justify;\"><span style=\"font-family:Calibri, sans-serif;font-size:11pt;\"><span lang=\"SK\" dir=\"ltr\">Prachov\u00fd filter<\/span><\/span><\/p>\n<\/li>\n<li>\n<p style=\"text-align:justify;\"><span style=\"font-family:Calibri, sans-serif;font-size:11pt;\"><span lang=\"SK\" dir=\"ltr\">Automatick\u00e9 sp\u00fa\u0161\u0165anie<\/span><\/span><\/p>\n<\/li>\n<li>\n<p style=\"text-align:justify;\"><span style=\"font-family:Calibri, sans-serif;font-size:11pt;\"><span lang=\"SK\" dir=\"ltr\">Antivandal prevedenie<\/span><\/span><\/p>\n<\/li>\n<li>\n<p style=\"text-align:justify;\"><span style=\"font-family:Calibri, sans-serif;font-size:11pt;\"><span lang=\"SK\" dir=\"ltr\">Nastavenie pr\u00fadenia od 20 do 60 sek\u00fand<\/span><\/span><\/p>\n<\/li>\n<li>\n<p style=\"text-align:justify;\"><span style=\"font-family:Calibri, sans-serif;font-size:11pt;\"><span lang=\"SK\" dir=\"ltr\">Krytie IP X4<\/span><\/span><\/p>\n<\/li>\n<li>\n<p style=\"text-align:justify;\"><span style=\"font-family:Calibri, sans-serif;font-size:11pt;\"><span lang=\"SK\" dir=\"ltr\">Tepeln\u00e1 poistka a bezpe\u010dnostn\u00fd termostat \u2013 bezpe\u010dnostn\u00e1 certifik\u00e1cia IMQ<\/span><\/span><\/p>\n<\/li>\n<li>\n<p style=\"text-align:justify;\"><span style=\"font-family:Calibri, sans-serif;font-size:11pt;\"><span lang=\"SK\" dir=\"ltr\">Premyslen\u00fd design<\/span><\/span><\/p>\n<\/li>\n<\/ul>\n","protected":false},"excerpt":{"rendered":"<p style=\"margin-left:0cm;text-align:justify;\"><span style=\"font-family:Calibri, sans-serif;font-size:11pt;\"><span lang=\"SK\" dir=\"ltr\">Automatick\u00fd su\u0161i\u010d r\u00fak <strong>Vortice Premium Dry A&nbsp;<\/strong>je vhodn\u00fd pre <strong>dom\u00e1cnosti, n\u00e1kupn\u00e9 centr\u00e1, re\u0161taur\u00e1cie<\/strong>. Pr\u00edruba pre mont\u00e1\u017e na stenu s mrie\u017ekou na odvod tepl\u00e9ho vzduchu z lisovan\u00e9ho plastu (PP). <strong>Automatick\u00e1&nbsp;<\/strong>verzia sa sp\u00fa\u0161\u0165a <strong>pohybom ruky vo vzdialenosti 0-35 cm&nbsp;<\/strong>(pod\u013ea nastavenia). Spotrebi\u010d sa automaticky vypne v pr\u00edpade \u00famyseln\u00e9ho alebo n\u00e1hodn\u00e9ho zablokovania mrie\u017eky pr\u00edvodu vzduchu alebo v\u00fdstupnej trysky tepl\u00e9ho vzduchu. Vykurovacie teleso <strong>chr\u00e1nen\u00e9 2 zariadeniami<\/strong>: tepelnou poistkou a resetovate\u013en\u00fdm obmedzova\u010dom tepeln\u00e9ho pre\u0165a\u017eenia. <strong>EC motor&nbsp;<\/strong>s tepelnou poistkou proti pre\u0165a\u017eeniu a hriade\u013eom ot\u00e1\u010daj\u00facim sa v gu\u013e\u00f4\u010dkov\u00fdch lo\u017eisk\u00e1ch, spojen\u00e9 s vrtu\u013eou s dopredu zahnut\u00fdmi lopatkami. Predn\u00fd kryt z plastu odoln\u00e9ho proti UV \u017eiareniu, trieda V0, farba biela.<\/span><\/span><\/p>\n","protected":false},"featured_media":484812,"template":"","meta":[],"product_cat":[1584,6077,1297,6066,1444,6078],"product_tag":[],"class_list":{"0":"post-477457","1":"product","2":"type-product","3":"status-publish","4":"has-post-thumbnail","6":"product_cat-susice-ruk","7":"product_cat-ventilatory-dopredaj","8":"product_cat-ventilatory","9":"product_cat-dopredaj","10":"product_cat-susic-ruk-vlasov-davkovace-mydla","11":"product_cat-dopredaj-ventilatory","12":"pa_el-prikon-spiraly-w-4308","13":"pa_hlucnost-lp-1m-4309","14":"pa_krytie-ipx4","15":"pa_prevedenie-susic-ruk","16":"pa_typ-susic-ruk","17":"pa_vzduchovy-vykon-qv-m3-4307","18":"pa_znacka-vortice","20":"first","21":"instock","22":"taxable","23":"shipping-taxable","24":"purchasable","25":"product-type-simple"},"yoast_head":"<!-- This site is optimized with the Yoast SEO plugin v23.9 - https:\/\/yoast.com\/wordpress\/plugins\/seo\/ -->\n<title>Su\u0161i\u010d r\u00fak Vortice Premium Dry A (automatick\u00fd) - KLIMAVEX GROUP - Slovensko<\/title>\n<meta name=\"robots\" content=\"index, follow, max-snippet:-1, max-image-preview:large, max-video-preview:-1\" \/>\n<link rel=\"canonical\" href=\"https:\/\/klimavex.eu\/sk\/katalog\/susic-ruk-vortice-premium-dry-a-automaticky\/\" \/>\n<meta property=\"og:locale\" content=\"sk_SK\" \/>\n<meta property=\"og:type\" content=\"article\" \/>\n<meta property=\"og:title\" content=\"Su\u0161i\u010d r\u00fak Vortice Premium Dry A (automatick\u00fd) - KLIMAVEX GROUP - Slovensko\" \/>\n<meta property=\"og:description\" content=\"Automatick\u00fd su\u0161i\u010d r\u00fak Vortice Premium Dry A&nbsp;je vhodn\u00fd pre dom\u00e1cnosti, n\u00e1kupn\u00e9 centr\u00e1, re\u0161taur\u00e1cie. Pr\u00edruba pre mont\u00e1\u017e na stenu s mrie\u017ekou na odvod tepl\u00e9ho vzduchu z lisovan\u00e9ho plastu (PP). Automatick\u00e1&nbsp;verzia sa sp\u00fa\u0161\u0165a pohybom ruky vo vzdialenosti 0-35 cm&nbsp;(pod\u013ea nastavenia). Spotrebi\u010d sa automaticky vypne v pr\u00edpade \u00famyseln\u00e9ho alebo n\u00e1hodn\u00e9ho zablokovania mrie\u017eky pr\u00edvodu vzduchu alebo v\u00fdstupnej trysky tepl\u00e9ho vzduchu. Vykurovacie teleso chr\u00e1nen\u00e9 2 zariadeniami: tepelnou poistkou a resetovate\u013en\u00fdm obmedzova\u010dom tepeln\u00e9ho pre\u0165a\u017eenia. EC motor&nbsp;s tepelnou poistkou proti pre\u0165a\u017eeniu a hriade\u013eom ot\u00e1\u010daj\u00facim sa v gu\u013e\u00f4\u010dkov\u00fdch lo\u017eisk\u00e1ch, spojen\u00e9 s vrtu\u013eou s dopredu zahnut\u00fdmi lopatkami. Predn\u00fd kryt z plastu odoln\u00e9ho proti UV \u017eiareniu, trieda V0, farba biela.\" \/>\n<meta property=\"og:url\" content=\"https:\/\/klimavex.eu\/sk\/katalog\/susic-ruk-vortice-premium-dry-a-automaticky\/\" \/>\n<meta property=\"og:site_name\" content=\"KLIMAVEX GROUP - Slovensko\" \/>\n<meta property=\"article:publisher\" content=\"https:\/\/www.facebook.com\/klimavex\" \/>\n<meta property=\"article:modified_time\" content=\"2026-03-31T16:48:51+00:00\" \/>\n<meta property=\"og:image\" content=\"https:\/\/klimavex.eu\/sk\/wp-content\/uploads\/2025\/09\/7-TnoXA0FdQLRgzB6JsWV-qkWhu9pmEly1tDtVCjBbI.png\" \/>\n\t<meta property=\"og:image:width\" content=\"572\" \/>\n\t<meta property=\"og:image:height\" content=\"512\" \/>\n\t<meta property=\"og:image:type\" content=\"image\/png\" \/>\n<meta name=\"twitter:card\" content=\"summary_large_image\" \/>\n<script type=\"application\/ld+json\" class=\"yoast-schema-graph\">{\"@context\":\"https:\/\/schema.org\",\"@graph\":[{\"@type\":\"WebPage\",\"@id\":\"https:\/\/klimavex.eu\/sk\/katalog\/susic-ruk-vortice-premium-dry-a-automaticky\/\",\"url\":\"https:\/\/klimavex.eu\/sk\/katalog\/susic-ruk-vortice-premium-dry-a-automaticky\/\",\"name\":\"Su\u0161i\u010d r\u00fak Vortice Premium Dry A (automatick\u00fd) - KLIMAVEX GROUP - Slovensko\",\"isPartOf\":{\"@id\":\"https:\/\/klimavex.eu\/sk\/#website\"},\"primaryImageOfPage\":{\"@id\":\"https:\/\/klimavex.eu\/sk\/katalog\/susic-ruk-vortice-premium-dry-a-automaticky\/#primaryimage\"},\"image\":{\"@id\":\"https:\/\/klimavex.eu\/sk\/katalog\/susic-ruk-vortice-premium-dry-a-automaticky\/#primaryimage\"},\"thumbnailUrl\":\"https:\/\/klimavex.eu\/sk\/wp-content\/uploads\/2025\/09\/7-TnoXA0FdQLRgzB6JsWV-qkWhu9pmEly1tDtVCjBbI.png\",\"datePublished\":\"2026-03-31T16:48:04+00:00\",\"dateModified\":\"2026-03-31T16:48:51+00:00\",\"breadcrumb\":{\"@id\":\"https:\/\/klimavex.eu\/sk\/katalog\/susic-ruk-vortice-premium-dry-a-automaticky\/#breadcrumb\"},\"inLanguage\":\"sk-SK\",\"potentialAction\":[{\"@type\":\"ReadAction\",\"target\":[\"https:\/\/klimavex.eu\/sk\/katalog\/susic-ruk-vortice-premium-dry-a-automaticky\/\"]}]},{\"@type\":\"ImageObject\",\"inLanguage\":\"sk-SK\",\"@id\":\"https:\/\/klimavex.eu\/sk\/katalog\/susic-ruk-vortice-premium-dry-a-automaticky\/#primaryimage\",\"url\":\"https:\/\/klimavex.eu\/sk\/wp-content\/uploads\/2025\/09\/7-TnoXA0FdQLRgzB6JsWV-qkWhu9pmEly1tDtVCjBbI.png\",\"contentUrl\":\"https:\/\/klimavex.eu\/sk\/wp-content\/uploads\/2025\/09\/7-TnoXA0FdQLRgzB6JsWV-qkWhu9pmEly1tDtVCjBbI.png\",\"width\":572,\"height\":512},{\"@type\":\"BreadcrumbList\",\"@id\":\"https:\/\/klimavex.eu\/sk\/katalog\/susic-ruk-vortice-premium-dry-a-automaticky\/#breadcrumb\",\"itemListElement\":[{\"@type\":\"ListItem\",\"position\":1,\"name\":\"Domovsk\u00e1 str\u00e1nka\",\"item\":\"https:\/\/klimavex.eu\/sk\/\"},{\"@type\":\"ListItem\",\"position\":2,\"name\":\"Eshop\",\"item\":\"https:\/\/klimavex.eu\/sk\/eshop\/\"},{\"@type\":\"ListItem\",\"position\":3,\"name\":\"Su\u0161i\u010d r\u00fak Vortice Premium Dry A (automatick\u00fd)\"}]},{\"@type\":\"WebSite\",\"@id\":\"https:\/\/klimavex.eu\/sk\/#website\",\"url\":\"https:\/\/klimavex.eu\/sk\/\",\"name\":\"KLIMAVEX GROUP - Slovensko\",\"description\":\"\",\"publisher\":{\"@id\":\"https:\/\/klimavex.eu\/sk\/#organization\"},\"alternateName\":\"KLIMAVEX a.s.\",\"potentialAction\":[{\"@type\":\"SearchAction\",\"target\":{\"@type\":\"EntryPoint\",\"urlTemplate\":\"https:\/\/klimavex.eu\/sk\/?s={search_term_string}\"},\"query-input\":{\"@type\":\"PropertyValueSpecification\",\"valueRequired\":true,\"valueName\":\"search_term_string\"}}],\"inLanguage\":\"sk-SK\"},{\"@type\":\"Organization\",\"@id\":\"https:\/\/klimavex.eu\/sk\/#organization\",\"name\":\"KLIMAVEX GROUP\",\"alternateName\":\"KLIMAVEX a.s.\",\"url\":\"https:\/\/klimavex.eu\/sk\/\",\"logo\":{\"@type\":\"ImageObject\",\"inLanguage\":\"sk-SK\",\"@id\":\"https:\/\/klimavex.eu\/sk\/#\/schema\/logo\/image\/\",\"url\":\"https:\/\/klimavex.eu\/sk\/wp-content\/uploads\/2024\/04\/Klimavex-Group-logo.png\",\"contentUrl\":\"https:\/\/klimavex.eu\/sk\/wp-content\/uploads\/2024\/04\/Klimavex-Group-logo.png\",\"width\":1681,\"height\":472,\"caption\":\"KLIMAVEX GROUP\"},\"image\":{\"@id\":\"https:\/\/klimavex.eu\/sk\/#\/schema\/logo\/image\/\"},\"sameAs\":[\"https:\/\/www.facebook.com\/klimavex\",\"https:\/\/www.instagram.com\/klimavex_sk\/\"]}]}<\/script>\n<!-- \/ Yoast SEO plugin. -->","yoast_head_json":{"title":"Su\u0161i\u010d r\u00fak Vortice Premium Dry A (automatick\u00fd) - KLIMAVEX GROUP - Slovensko","robots":{"index":"index","follow":"follow","max-snippet":"max-snippet:-1","max-image-preview":"max-image-preview:large","max-video-preview":"max-video-preview:-1"},"canonical":"https:\/\/klimavex.eu\/sk\/katalog\/susic-ruk-vortice-premium-dry-a-automaticky\/","og_locale":"sk_SK","og_type":"article","og_title":"Su\u0161i\u010d r\u00fak Vortice Premium Dry A (automatick\u00fd) - KLIMAVEX GROUP - Slovensko","og_description":"Automatick\u00fd su\u0161i\u010d r\u00fak Vortice Premium Dry A&nbsp;je vhodn\u00fd pre dom\u00e1cnosti, n\u00e1kupn\u00e9 centr\u00e1, re\u0161taur\u00e1cie. Pr\u00edruba pre mont\u00e1\u017e na stenu s mrie\u017ekou na odvod tepl\u00e9ho vzduchu z lisovan\u00e9ho plastu (PP). Automatick\u00e1&nbsp;verzia sa sp\u00fa\u0161\u0165a pohybom ruky vo vzdialenosti 0-35 cm&nbsp;(pod\u013ea nastavenia). Spotrebi\u010d sa automaticky vypne v pr\u00edpade \u00famyseln\u00e9ho alebo n\u00e1hodn\u00e9ho zablokovania mrie\u017eky pr\u00edvodu vzduchu alebo v\u00fdstupnej trysky tepl\u00e9ho vzduchu. Vykurovacie teleso chr\u00e1nen\u00e9 2 zariadeniami: tepelnou poistkou a resetovate\u013en\u00fdm obmedzova\u010dom tepeln\u00e9ho pre\u0165a\u017eenia. EC motor&nbsp;s tepelnou poistkou proti pre\u0165a\u017eeniu a hriade\u013eom ot\u00e1\u010daj\u00facim sa v gu\u013e\u00f4\u010dkov\u00fdch lo\u017eisk\u00e1ch, spojen\u00e9 s vrtu\u013eou s dopredu zahnut\u00fdmi lopatkami. Predn\u00fd kryt z plastu odoln\u00e9ho proti UV \u017eiareniu, trieda V0, farba biela.","og_url":"https:\/\/klimavex.eu\/sk\/katalog\/susic-ruk-vortice-premium-dry-a-automaticky\/","og_site_name":"KLIMAVEX GROUP - Slovensko","article_publisher":"https:\/\/www.facebook.com\/klimavex","article_modified_time":"2026-03-31T16:48:51+00:00","og_image":[{"width":572,"height":512,"url":"https:\/\/klimavex.eu\/sk\/wp-content\/uploads\/2025\/09\/7-TnoXA0FdQLRgzB6JsWV-qkWhu9pmEly1tDtVCjBbI.png","type":"image\/png"}],"twitter_card":"summary_large_image","schema":{"@context":"https:\/\/schema.org","@graph":[{"@type":"WebPage","@id":"https:\/\/klimavex.eu\/sk\/katalog\/susic-ruk-vortice-premium-dry-a-automaticky\/","url":"https:\/\/klimavex.eu\/sk\/katalog\/susic-ruk-vortice-premium-dry-a-automaticky\/","name":"Su\u0161i\u010d r\u00fak Vortice Premium Dry A (automatick\u00fd) - KLIMAVEX GROUP - Slovensko","isPartOf":{"@id":"https:\/\/klimavex.eu\/sk\/#website"},"primaryImageOfPage":{"@id":"https:\/\/klimavex.eu\/sk\/katalog\/susic-ruk-vortice-premium-dry-a-automaticky\/#primaryimage"},"image":{"@id":"https:\/\/klimavex.eu\/sk\/katalog\/susic-ruk-vortice-premium-dry-a-automaticky\/#primaryimage"},"thumbnailUrl":"https:\/\/klimavex.eu\/sk\/wp-content\/uploads\/2025\/09\/7-TnoXA0FdQLRgzB6JsWV-qkWhu9pmEly1tDtVCjBbI.png","datePublished":"2026-03-31T16:48:04+00:00","dateModified":"2026-03-31T16:48:51+00:00","breadcrumb":{"@id":"https:\/\/klimavex.eu\/sk\/katalog\/susic-ruk-vortice-premium-dry-a-automaticky\/#breadcrumb"},"inLanguage":"sk-SK","potentialAction":[{"@type":"ReadAction","target":["https:\/\/klimavex.eu\/sk\/katalog\/susic-ruk-vortice-premium-dry-a-automaticky\/"]}]},{"@type":"ImageObject","inLanguage":"sk-SK","@id":"https:\/\/klimavex.eu\/sk\/katalog\/susic-ruk-vortice-premium-dry-a-automaticky\/#primaryimage","url":"https:\/\/klimavex.eu\/sk\/wp-content\/uploads\/2025\/09\/7-TnoXA0FdQLRgzB6JsWV-qkWhu9pmEly1tDtVCjBbI.png","contentUrl":"https:\/\/klimavex.eu\/sk\/wp-content\/uploads\/2025\/09\/7-TnoXA0FdQLRgzB6JsWV-qkWhu9pmEly1tDtVCjBbI.png","width":572,"height":512},{"@type":"BreadcrumbList","@id":"https:\/\/klimavex.eu\/sk\/katalog\/susic-ruk-vortice-premium-dry-a-automaticky\/#breadcrumb","itemListElement":[{"@type":"ListItem","position":1,"name":"Domovsk\u00e1 str\u00e1nka","item":"https:\/\/klimavex.eu\/sk\/"},{"@type":"ListItem","position":2,"name":"Eshop","item":"https:\/\/klimavex.eu\/sk\/eshop\/"},{"@type":"ListItem","position":3,"name":"Su\u0161i\u010d r\u00fak Vortice Premium Dry A (automatick\u00fd)"}]},{"@type":"WebSite","@id":"https:\/\/klimavex.eu\/sk\/#website","url":"https:\/\/klimavex.eu\/sk\/","name":"KLIMAVEX GROUP - Slovensko","description":"","publisher":{"@id":"https:\/\/klimavex.eu\/sk\/#organization"},"alternateName":"KLIMAVEX a.s.","potentialAction":[{"@type":"SearchAction","target":{"@type":"EntryPoint","urlTemplate":"https:\/\/klimavex.eu\/sk\/?s={search_term_string}"},"query-input":{"@type":"PropertyValueSpecification","valueRequired":true,"valueName":"search_term_string"}}],"inLanguage":"sk-SK"},{"@type":"Organization","@id":"https:\/\/klimavex.eu\/sk\/#organization","name":"KLIMAVEX GROUP","alternateName":"KLIMAVEX a.s.","url":"https:\/\/klimavex.eu\/sk\/","logo":{"@type":"ImageObject","inLanguage":"sk-SK","@id":"https:\/\/klimavex.eu\/sk\/#\/schema\/logo\/image\/","url":"https:\/\/klimavex.eu\/sk\/wp-content\/uploads\/2024\/04\/Klimavex-Group-logo.png","contentUrl":"https:\/\/klimavex.eu\/sk\/wp-content\/uploads\/2024\/04\/Klimavex-Group-logo.png","width":1681,"height":472,"caption":"KLIMAVEX GROUP"},"image":{"@id":"https:\/\/klimavex.eu\/sk\/#\/schema\/logo\/image\/"},"sameAs":["https:\/\/www.facebook.com\/klimavex","https:\/\/www.instagram.com\/klimavex_sk\/"]}]}},"_links":{"self":[{"href":"https:\/\/klimavex.eu\/sk\/wp-json\/wp\/v2\/product\/477457","targetHints":{"allow":["GET"]}}],"collection":[{"href":"https:\/\/klimavex.eu\/sk\/wp-json\/wp\/v2\/product"}],"about":[{"href":"https:\/\/klimavex.eu\/sk\/wp-json\/wp\/v2\/types\/product"}],"version-history":[{"count":0,"href":"https:\/\/klimavex.eu\/sk\/wp-json\/wp\/v2\/product\/477457\/revisions"}],"wp:featuredmedia":[{"embeddable":true,"href":"https:\/\/klimavex.eu\/sk\/wp-json\/wp\/v2\/media\/484812"}],"wp:attachment":[{"href":"https:\/\/klimavex.eu\/sk\/wp-json\/wp\/v2\/media?parent=477457"}],"wp:term":[{"taxonomy":"product_cat","embeddable":true,"href":"https:\/\/klimavex.eu\/sk\/wp-json\/wp\/v2\/product_cat?post=477457"},{"taxonomy":"product_tag","embeddable":true,"href":"https:\/\/klimavex.eu\/sk\/wp-json\/wp\/v2\/product_tag?post=477457"}],"curies":[{"name":"wp","href":"https:\/\/api.w.org\/{rel}","templated":true}]}}