{"id":477466,"date":"2026-03-31T18:48:04","date_gmt":"2026-03-31T16:48:04","guid":{"rendered":"https:\/\/klimavex.eu\/sk\/katalog\/vysokoucinny-cistic-vzduchu-vortice-depuro-sky\/"},"modified":"2026-03-31T18:49:03","modified_gmt":"2026-03-31T16:49:03","slug":"vysokoucinny-cistic-vzduchu-vortice-depuro-sky","status":"publish","type":"product","link":"https:\/\/klimavex.eu\/sk\/katalog\/vysokoucinny-cistic-vzduchu-vortice-depuro-sky\/","title":{"rendered":"Vysoko\u00fa\u010dinn\u00fd \u010disti\u010d vzduchu Vortice DEPURO SKY"},"content":{"rendered":"<p style=\"text-align: justify;\"><strong>K\u013e&uacute;\u010dov&eacute; vlastnosti:<\/strong><\/p>\n<ul>\n<li style=\"text-align: justify;\">Efekt&iacute;vna ochrana proti v&iacute;rusom a&nbsp;bakt&eacute;ri&aacute;m.<\/li>\n<li style=\"text-align: justify;\">Maxim&aacute;lny prietok vzduchu 1800 m<sup>3<\/sup>\/hod.<\/li>\n<li style=\"text-align: justify;\">Zariadenie obsahuje 3 stup\u0148ov&yacute; syst&eacute;m filtr&aacute;cie, pozost&aacute;vaj&uacute;ci z 15 filtrov:\n<ul>\n<li>5x ISO 65% (G4) pred-filtrov, ktor&eacute; zachyt&aacute;vaj&uacute; v&auml;\u010d&scaron;ie \u010dastice ako napr. prach a&nbsp;chlpy zvierat. Odpor&uacute;\u010dan&aacute; v&yacute;mena pod\u013ea stup\u0148a zne\u010distenia, zvy\u010dajne v&nbsp;rozp&auml;t&iacute; 1-3 mesiace.<\/li>\n<li>5x ISO ePMI 70% (F7) filtrov, ktor&eacute; zachyt&aacute;vaj&uacute; men&scaron;ie \u010dastice. Odpor&uacute;\u010dan&aacute; v&yacute;mena pod\u013ea stup\u0148a zne\u010distenia, zvy\u010dajne v&nbsp;rozp&auml;t&iacute; 1-3 mesiace.<\/li>\n<li>5x HEPA H-14 filtrov, ktor&eacute; s&uacute; vysoko efekt&iacute;vne na zachyt&aacute;vanie najmen&scaron;&iacute;ch \u010dast&iacute;c ako alerg&eacute;ny a&nbsp;patog&eacute;ny. Odpor&uacute;\u010dan&aacute; v&yacute;mena pod\u013ea frekvencie u\u017e&iacute;vania zariadenia, zvy\u010dajne v&nbsp;rozp&auml;t&iacute; 6-12 mesiacov.<\/li>\n<\/ul>\n<\/li>\n<li style=\"text-align: justify;\">Kon&scaron;trukcia o&nbsp;h\u013abke 30 mm z&nbsp;hlin&iacute;kov&yacute;ch profilov, s&nbsp;plastov&yacute;mi rohov&yacute;mi spojmi.<\/li>\n<li style=\"text-align: justify;\">25 mm sendvi\u010dov&eacute; panely so svetlosiv&yacute;m n&aacute;terom, RAL 9006, s&nbsp;protikor&oacute;znou povrchovou &uacute;pravou.<\/li>\n<li style=\"text-align: justify;\">EC motory , ktor&yacute;ch r&yacute;chlos\u0165 je mo\u017en&eacute; regulova\u0165 pomocou ovl&aacute;dacieho panela.<\/li>\n<li style=\"text-align: justify;\">Trieda ochrany IP44, izol&aacute;cia triedy B.<\/li>\n<li style=\"text-align: justify;\">Ovl&aacute;danie prostredn&iacute;ctvom LCD panelu &ndash; naprogramovanie dennej prev&aacute;dzky a r&yacute;chlosti ventil&aacute;tora a\u017e na 3 \u010dasov&eacute; z&oacute;ny, nastavenie manu&aacute;lneho alebo automatick&eacute;ho ovl&aacute;dania, nastavenie smeru pr&uacute;denia vzduchu a&nbsp;\u010fal&scaron;ie, s&nbsp;pripojen&iacute;m na BMS a&nbsp;ModBus.<\/li>\n<\/ul>\n","protected":false},"excerpt":{"rendered":"<p style=\"text-align: justify;\">Vysoko&uacute;\u010dinn&eacute; \u010disti\u010de vzduchu <strong>Vortice Depuro Sky<\/strong> s&uacute; ur\u010den&eacute; pre <strong>skryt&uacute; in&scaron;tal&aacute;ciu do stropu (podh\u013eadu)<\/strong> v&nbsp;komer\u010dn&yacute;ch a&nbsp;priemyseln&yacute;ch <strong>objektoch s&nbsp;plochou a\u017e 330 m<sup>2<\/sup><\/strong>. S&uacute; vysoko v&yacute;konn&eacute;, jednoduch&eacute; na in&scaron;tal&aacute;ciu a&nbsp;&uacute;dr\u017ebu a&nbsp;tich&eacute; v\u010faka zvukotesn&yacute;m panelom. V\u010faka <strong>komplexn&eacute;mu filtra\u010dn&eacute;mu syst&eacute;mu<\/strong> dok&aacute;\u017eu r&yacute;chlo odstr&aacute;ni\u0165 koncentr&aacute;cie zne\u010dis\u0165uj&uacute;cich l&aacute;tok, alerg&eacute;nov a&nbsp;patog&eacute;nov pr&iacute;tomn&yacute;ch vo vzduchu, \u010d&iacute;m zabezpe\u010duj&uacute; bezpe\u010dnos\u0165 a&nbsp;pohodlie obyvate\u013eov.<\/p>\n","protected":false},"featured_media":484844,"template":"","meta":[],"product_cat":[2057,1297,2056],"product_tag":[],"class_list":{"0":"post-477466","1":"product","2":"type-product","3":"status-publish","4":"has-post-thumbnail","6":"product_cat-depuro","7":"product_cat-ventilatory","8":"product_cat-elektricke-ohrievace-a-cistice-vzduchu","9":"pa_hlucnost-lp-6m-4962","10":"pa_krytie-ip44","11":"pa_plocha-do-m2-4961","12":"pa_prevedenie-cistic-vzduchu","13":"pa_typ-depuro","14":"pa_vzduchovy-vykon-qv-m3-4960","15":"pa_znacka-vortice","17":"first","18":"instock","19":"taxable","20":"shipping-taxable","21":"purchasable","22":"product-type-simple"},"yoast_head":"<!-- This site is optimized with the Yoast SEO plugin v23.9 - https:\/\/yoast.com\/wordpress\/plugins\/seo\/ -->\n<title>Vysoko\u00fa\u010dinn\u00fd \u010disti\u010d vzduchu Vortice DEPURO SKY - KLIMAVEX GROUP - Slovensko<\/title>\n<meta name=\"robots\" content=\"index, follow, max-snippet:-1, max-image-preview:large, max-video-preview:-1\" \/>\n<link rel=\"canonical\" href=\"https:\/\/klimavex.eu\/sk\/katalog\/vysokoucinny-cistic-vzduchu-vortice-depuro-sky\/\" \/>\n<meta property=\"og:locale\" content=\"sk_SK\" \/>\n<meta property=\"og:type\" content=\"article\" \/>\n<meta property=\"og:title\" content=\"Vysoko\u00fa\u010dinn\u00fd \u010disti\u010d vzduchu Vortice DEPURO SKY - KLIMAVEX GROUP - Slovensko\" \/>\n<meta property=\"og:description\" content=\"Vysoko&uacute;\u010dinn&eacute; \u010disti\u010de vzduchu Vortice Depuro Sky s&uacute; ur\u010den&eacute; pre skryt&uacute; in&scaron;tal&aacute;ciu do stropu (podh\u013eadu) v&nbsp;komer\u010dn&yacute;ch a&nbsp;priemyseln&yacute;ch objektoch s&nbsp;plochou a\u017e 330 m2. S&uacute; vysoko v&yacute;konn&eacute;, jednoduch&eacute; na in&scaron;tal&aacute;ciu a&nbsp;&uacute;dr\u017ebu a&nbsp;tich&eacute; v\u010faka zvukotesn&yacute;m panelom. V\u010faka komplexn&eacute;mu filtra\u010dn&eacute;mu syst&eacute;mu dok&aacute;\u017eu r&yacute;chlo odstr&aacute;ni\u0165 koncentr&aacute;cie zne\u010dis\u0165uj&uacute;cich l&aacute;tok, alerg&eacute;nov a&nbsp;patog&eacute;nov pr&iacute;tomn&yacute;ch vo vzduchu, \u010d&iacute;m zabezpe\u010duj&uacute; bezpe\u010dnos\u0165 a&nbsp;pohodlie obyvate\u013eov.\" \/>\n<meta property=\"og:url\" content=\"https:\/\/klimavex.eu\/sk\/katalog\/vysokoucinny-cistic-vzduchu-vortice-depuro-sky\/\" \/>\n<meta property=\"og:site_name\" content=\"KLIMAVEX GROUP - Slovensko\" \/>\n<meta property=\"article:publisher\" content=\"https:\/\/www.facebook.com\/klimavex\" \/>\n<meta property=\"article:modified_time\" content=\"2026-03-31T16:49:03+00:00\" \/>\n<meta property=\"og:image\" content=\"https:\/\/klimavex.eu\/sk\/wp-content\/uploads\/2025\/09\/Gd5Dr1usfoyD7A7Hs9tYV4EywtuTBVr9csan7VkAKRk.png\" \/>\n\t<meta property=\"og:image:width\" content=\"572\" \/>\n\t<meta property=\"og:image:height\" content=\"512\" \/>\n\t<meta property=\"og:image:type\" content=\"image\/png\" \/>\n<meta name=\"twitter:card\" content=\"summary_large_image\" \/>\n<meta name=\"twitter:label1\" content=\"Predpokladan\u00fd \u010das \u010d\u00edtania\" \/>\n\t<meta name=\"twitter:data1\" content=\"2 min\u00faty\" \/>\n<script type=\"application\/ld+json\" class=\"yoast-schema-graph\">{\"@context\":\"https:\/\/schema.org\",\"@graph\":[{\"@type\":\"WebPage\",\"@id\":\"https:\/\/klimavex.eu\/sk\/katalog\/vysokoucinny-cistic-vzduchu-vortice-depuro-sky\/\",\"url\":\"https:\/\/klimavex.eu\/sk\/katalog\/vysokoucinny-cistic-vzduchu-vortice-depuro-sky\/\",\"name\":\"Vysoko\u00fa\u010dinn\u00fd \u010disti\u010d vzduchu Vortice DEPURO SKY - KLIMAVEX GROUP - Slovensko\",\"isPartOf\":{\"@id\":\"https:\/\/klimavex.eu\/sk\/#website\"},\"primaryImageOfPage\":{\"@id\":\"https:\/\/klimavex.eu\/sk\/katalog\/vysokoucinny-cistic-vzduchu-vortice-depuro-sky\/#primaryimage\"},\"image\":{\"@id\":\"https:\/\/klimavex.eu\/sk\/katalog\/vysokoucinny-cistic-vzduchu-vortice-depuro-sky\/#primaryimage\"},\"thumbnailUrl\":\"https:\/\/klimavex.eu\/sk\/wp-content\/uploads\/2025\/09\/Gd5Dr1usfoyD7A7Hs9tYV4EywtuTBVr9csan7VkAKRk.png\",\"datePublished\":\"2026-03-31T16:48:04+00:00\",\"dateModified\":\"2026-03-31T16:49:03+00:00\",\"breadcrumb\":{\"@id\":\"https:\/\/klimavex.eu\/sk\/katalog\/vysokoucinny-cistic-vzduchu-vortice-depuro-sky\/#breadcrumb\"},\"inLanguage\":\"sk-SK\",\"potentialAction\":[{\"@type\":\"ReadAction\",\"target\":[\"https:\/\/klimavex.eu\/sk\/katalog\/vysokoucinny-cistic-vzduchu-vortice-depuro-sky\/\"]}]},{\"@type\":\"ImageObject\",\"inLanguage\":\"sk-SK\",\"@id\":\"https:\/\/klimavex.eu\/sk\/katalog\/vysokoucinny-cistic-vzduchu-vortice-depuro-sky\/#primaryimage\",\"url\":\"https:\/\/klimavex.eu\/sk\/wp-content\/uploads\/2025\/09\/Gd5Dr1usfoyD7A7Hs9tYV4EywtuTBVr9csan7VkAKRk.png\",\"contentUrl\":\"https:\/\/klimavex.eu\/sk\/wp-content\/uploads\/2025\/09\/Gd5Dr1usfoyD7A7Hs9tYV4EywtuTBVr9csan7VkAKRk.png\",\"width\":572,\"height\":512},{\"@type\":\"BreadcrumbList\",\"@id\":\"https:\/\/klimavex.eu\/sk\/katalog\/vysokoucinny-cistic-vzduchu-vortice-depuro-sky\/#breadcrumb\",\"itemListElement\":[{\"@type\":\"ListItem\",\"position\":1,\"name\":\"Domovsk\u00e1 str\u00e1nka\",\"item\":\"https:\/\/klimavex.eu\/sk\/\"},{\"@type\":\"ListItem\",\"position\":2,\"name\":\"Eshop\",\"item\":\"https:\/\/klimavex.eu\/sk\/eshop\/\"},{\"@type\":\"ListItem\",\"position\":3,\"name\":\"Vysoko\u00fa\u010dinn\u00fd \u010disti\u010d vzduchu Vortice DEPURO SKY\"}]},{\"@type\":\"WebSite\",\"@id\":\"https:\/\/klimavex.eu\/sk\/#website\",\"url\":\"https:\/\/klimavex.eu\/sk\/\",\"name\":\"KLIMAVEX GROUP - Slovensko\",\"description\":\"\",\"publisher\":{\"@id\":\"https:\/\/klimavex.eu\/sk\/#organization\"},\"alternateName\":\"KLIMAVEX a.s.\",\"potentialAction\":[{\"@type\":\"SearchAction\",\"target\":{\"@type\":\"EntryPoint\",\"urlTemplate\":\"https:\/\/klimavex.eu\/sk\/?s={search_term_string}\"},\"query-input\":{\"@type\":\"PropertyValueSpecification\",\"valueRequired\":true,\"valueName\":\"search_term_string\"}}],\"inLanguage\":\"sk-SK\"},{\"@type\":\"Organization\",\"@id\":\"https:\/\/klimavex.eu\/sk\/#organization\",\"name\":\"KLIMAVEX GROUP\",\"alternateName\":\"KLIMAVEX a.s.\",\"url\":\"https:\/\/klimavex.eu\/sk\/\",\"logo\":{\"@type\":\"ImageObject\",\"inLanguage\":\"sk-SK\",\"@id\":\"https:\/\/klimavex.eu\/sk\/#\/schema\/logo\/image\/\",\"url\":\"https:\/\/klimavex.eu\/sk\/wp-content\/uploads\/2024\/04\/Klimavex-Group-logo.png\",\"contentUrl\":\"https:\/\/klimavex.eu\/sk\/wp-content\/uploads\/2024\/04\/Klimavex-Group-logo.png\",\"width\":1681,\"height\":472,\"caption\":\"KLIMAVEX GROUP\"},\"image\":{\"@id\":\"https:\/\/klimavex.eu\/sk\/#\/schema\/logo\/image\/\"},\"sameAs\":[\"https:\/\/www.facebook.com\/klimavex\",\"https:\/\/www.instagram.com\/klimavex_sk\/\"]}]}<\/script>\n<!-- \/ Yoast SEO plugin. -->","yoast_head_json":{"title":"Vysoko\u00fa\u010dinn\u00fd \u010disti\u010d vzduchu Vortice DEPURO SKY - KLIMAVEX GROUP - Slovensko","robots":{"index":"index","follow":"follow","max-snippet":"max-snippet:-1","max-image-preview":"max-image-preview:large","max-video-preview":"max-video-preview:-1"},"canonical":"https:\/\/klimavex.eu\/sk\/katalog\/vysokoucinny-cistic-vzduchu-vortice-depuro-sky\/","og_locale":"sk_SK","og_type":"article","og_title":"Vysoko\u00fa\u010dinn\u00fd \u010disti\u010d vzduchu Vortice DEPURO SKY - KLIMAVEX GROUP - Slovensko","og_description":"Vysoko&uacute;\u010dinn&eacute; \u010disti\u010de vzduchu Vortice Depuro Sky s&uacute; ur\u010den&eacute; pre skryt&uacute; in&scaron;tal&aacute;ciu do stropu (podh\u013eadu) v&nbsp;komer\u010dn&yacute;ch a&nbsp;priemyseln&yacute;ch objektoch s&nbsp;plochou a\u017e 330 m2. S&uacute; vysoko v&yacute;konn&eacute;, jednoduch&eacute; na in&scaron;tal&aacute;ciu a&nbsp;&uacute;dr\u017ebu a&nbsp;tich&eacute; v\u010faka zvukotesn&yacute;m panelom. V\u010faka komplexn&eacute;mu filtra\u010dn&eacute;mu syst&eacute;mu dok&aacute;\u017eu r&yacute;chlo odstr&aacute;ni\u0165 koncentr&aacute;cie zne\u010dis\u0165uj&uacute;cich l&aacute;tok, alerg&eacute;nov a&nbsp;patog&eacute;nov pr&iacute;tomn&yacute;ch vo vzduchu, \u010d&iacute;m zabezpe\u010duj&uacute; bezpe\u010dnos\u0165 a&nbsp;pohodlie obyvate\u013eov.","og_url":"https:\/\/klimavex.eu\/sk\/katalog\/vysokoucinny-cistic-vzduchu-vortice-depuro-sky\/","og_site_name":"KLIMAVEX GROUP - Slovensko","article_publisher":"https:\/\/www.facebook.com\/klimavex","article_modified_time":"2026-03-31T16:49:03+00:00","og_image":[{"width":572,"height":512,"url":"https:\/\/klimavex.eu\/sk\/wp-content\/uploads\/2025\/09\/Gd5Dr1usfoyD7A7Hs9tYV4EywtuTBVr9csan7VkAKRk.png","type":"image\/png"}],"twitter_card":"summary_large_image","twitter_misc":{"Predpokladan\u00fd \u010das \u010d\u00edtania":"2 min\u00faty"},"schema":{"@context":"https:\/\/schema.org","@graph":[{"@type":"WebPage","@id":"https:\/\/klimavex.eu\/sk\/katalog\/vysokoucinny-cistic-vzduchu-vortice-depuro-sky\/","url":"https:\/\/klimavex.eu\/sk\/katalog\/vysokoucinny-cistic-vzduchu-vortice-depuro-sky\/","name":"Vysoko\u00fa\u010dinn\u00fd \u010disti\u010d vzduchu Vortice DEPURO SKY - KLIMAVEX GROUP - Slovensko","isPartOf":{"@id":"https:\/\/klimavex.eu\/sk\/#website"},"primaryImageOfPage":{"@id":"https:\/\/klimavex.eu\/sk\/katalog\/vysokoucinny-cistic-vzduchu-vortice-depuro-sky\/#primaryimage"},"image":{"@id":"https:\/\/klimavex.eu\/sk\/katalog\/vysokoucinny-cistic-vzduchu-vortice-depuro-sky\/#primaryimage"},"thumbnailUrl":"https:\/\/klimavex.eu\/sk\/wp-content\/uploads\/2025\/09\/Gd5Dr1usfoyD7A7Hs9tYV4EywtuTBVr9csan7VkAKRk.png","datePublished":"2026-03-31T16:48:04+00:00","dateModified":"2026-03-31T16:49:03+00:00","breadcrumb":{"@id":"https:\/\/klimavex.eu\/sk\/katalog\/vysokoucinny-cistic-vzduchu-vortice-depuro-sky\/#breadcrumb"},"inLanguage":"sk-SK","potentialAction":[{"@type":"ReadAction","target":["https:\/\/klimavex.eu\/sk\/katalog\/vysokoucinny-cistic-vzduchu-vortice-depuro-sky\/"]}]},{"@type":"ImageObject","inLanguage":"sk-SK","@id":"https:\/\/klimavex.eu\/sk\/katalog\/vysokoucinny-cistic-vzduchu-vortice-depuro-sky\/#primaryimage","url":"https:\/\/klimavex.eu\/sk\/wp-content\/uploads\/2025\/09\/Gd5Dr1usfoyD7A7Hs9tYV4EywtuTBVr9csan7VkAKRk.png","contentUrl":"https:\/\/klimavex.eu\/sk\/wp-content\/uploads\/2025\/09\/Gd5Dr1usfoyD7A7Hs9tYV4EywtuTBVr9csan7VkAKRk.png","width":572,"height":512},{"@type":"BreadcrumbList","@id":"https:\/\/klimavex.eu\/sk\/katalog\/vysokoucinny-cistic-vzduchu-vortice-depuro-sky\/#breadcrumb","itemListElement":[{"@type":"ListItem","position":1,"name":"Domovsk\u00e1 str\u00e1nka","item":"https:\/\/klimavex.eu\/sk\/"},{"@type":"ListItem","position":2,"name":"Eshop","item":"https:\/\/klimavex.eu\/sk\/eshop\/"},{"@type":"ListItem","position":3,"name":"Vysoko\u00fa\u010dinn\u00fd \u010disti\u010d vzduchu Vortice DEPURO SKY"}]},{"@type":"WebSite","@id":"https:\/\/klimavex.eu\/sk\/#website","url":"https:\/\/klimavex.eu\/sk\/","name":"KLIMAVEX GROUP - Slovensko","description":"","publisher":{"@id":"https:\/\/klimavex.eu\/sk\/#organization"},"alternateName":"KLIMAVEX a.s.","potentialAction":[{"@type":"SearchAction","target":{"@type":"EntryPoint","urlTemplate":"https:\/\/klimavex.eu\/sk\/?s={search_term_string}"},"query-input":{"@type":"PropertyValueSpecification","valueRequired":true,"valueName":"search_term_string"}}],"inLanguage":"sk-SK"},{"@type":"Organization","@id":"https:\/\/klimavex.eu\/sk\/#organization","name":"KLIMAVEX GROUP","alternateName":"KLIMAVEX a.s.","url":"https:\/\/klimavex.eu\/sk\/","logo":{"@type":"ImageObject","inLanguage":"sk-SK","@id":"https:\/\/klimavex.eu\/sk\/#\/schema\/logo\/image\/","url":"https:\/\/klimavex.eu\/sk\/wp-content\/uploads\/2024\/04\/Klimavex-Group-logo.png","contentUrl":"https:\/\/klimavex.eu\/sk\/wp-content\/uploads\/2024\/04\/Klimavex-Group-logo.png","width":1681,"height":472,"caption":"KLIMAVEX GROUP"},"image":{"@id":"https:\/\/klimavex.eu\/sk\/#\/schema\/logo\/image\/"},"sameAs":["https:\/\/www.facebook.com\/klimavex","https:\/\/www.instagram.com\/klimavex_sk\/"]}]}},"_links":{"self":[{"href":"https:\/\/klimavex.eu\/sk\/wp-json\/wp\/v2\/product\/477466","targetHints":{"allow":["GET"]}}],"collection":[{"href":"https:\/\/klimavex.eu\/sk\/wp-json\/wp\/v2\/product"}],"about":[{"href":"https:\/\/klimavex.eu\/sk\/wp-json\/wp\/v2\/types\/product"}],"version-history":[{"count":0,"href":"https:\/\/klimavex.eu\/sk\/wp-json\/wp\/v2\/product\/477466\/revisions"}],"wp:featuredmedia":[{"embeddable":true,"href":"https:\/\/klimavex.eu\/sk\/wp-json\/wp\/v2\/media\/484844"}],"wp:attachment":[{"href":"https:\/\/klimavex.eu\/sk\/wp-json\/wp\/v2\/media?parent=477466"}],"wp:term":[{"taxonomy":"product_cat","embeddable":true,"href":"https:\/\/klimavex.eu\/sk\/wp-json\/wp\/v2\/product_cat?post=477466"},{"taxonomy":"product_tag","embeddable":true,"href":"https:\/\/klimavex.eu\/sk\/wp-json\/wp\/v2\/product_tag?post=477466"}],"curies":[{"name":"wp","href":"https:\/\/api.w.org\/{rel}","templated":true}]}}