{"id":477500,"date":"2026-03-31T18:49:13","date_gmt":"2026-03-31T16:49:13","guid":{"rendered":"https:\/\/klimavex.eu\/sk\/katalog\/vortice-pir-system-snimac-pohybu\/"},"modified":"2026-03-31T18:49:50","modified_gmt":"2026-03-31T16:49:50","slug":"vortice-pir-system-snimac-pohybu","status":"publish","type":"product","link":"https:\/\/klimavex.eu\/sk\/katalog\/vortice-pir-system-snimac-pohybu\/","title":{"rendered":"Vortice PIR SYSTEM &#8211; sn\u00edma\u010d pohybu"},"content":{"rendered":"","protected":false},"excerpt":{"rendered":"<p style=\"margin-left:0cm;text-align:justify;\"><span style=\"font-family:Calibri, sans-serif;font-size:11pt;\"><span lang=\"SK\" dir=\"ltr\">Sn\u00edma\u010d pohybu, \u0161peci\u00e1lne navrhnut\u00fd na kombin\u00e1ciu so \u017eiari\u010dom UVLOGIKA SYSTEM. Je rozmerovo aj dizajnovo zhodn\u00fd s UVLOGIKA SYSTEM, \u010d\u00edm je zabezpe\u010den\u00e1 bezpe\u010dn\u00e1 a efekt\u00edvna prev\u00e1dzka \u017eiari\u010dov, bez naru\u0161enia celkov\u00e9ho dizajnu rie\u0161enia.<\/span><\/span><\/p>\n<p style=\"margin-left:0cm;text-align:justify;\"><span style=\"font-family:Calibri, sans-serif;font-size:11pt;\"><span lang=\"SK\" dir=\"ltr\">Sn\u00edma\u010d sleduje pr\u00edtomnos\u0165 os\u00f4b alebo zvierat a v pr\u00edpade ak\u00e9hoko\u013evek pohybu, automaticky vyp\u00edna ovl\u00e1dan\u00e9 zariadenia, aby nedoch\u00e1dzalo k rizik\u00e1m spojen\u00fdm s vystaven\u00edm UV-C \u017eiareniu.<\/span><\/span><\/p>\n<p style=\"margin-left:0cm;text-align:justify;\"><span style=\"font-family:Calibri, sans-serif;font-size:11pt;\"><span lang=\"SK\" dir=\"ltr\">Ako n\u00e1hle je priestor op\u00e4\u0165 pr\u00e1zdny, spust\u00ed sa bezpe\u010dnostn\u00fd \u010dasova\u010d (nastavite\u013en\u00fd v rozsahu 3-20 min\u00fat) a po jeho uplynut\u00ed, sa ovl\u00e1dan\u00e9 zariadenia op\u00e4\u0165 zapn\u00fa.<\/span><\/span><\/p>\n<p style=\"margin-left:0cm;text-align:justify;\"><span style=\"font-family:Calibri, sans-serif;font-size:11pt;\"><span lang=\"SK\" dir=\"ltr\">V\u010faka svojim rozmerom a prevedeniu, je mo\u017en\u00e9 tento sn\u00edma\u010d priamo pripoji\u0165 na bo\u010dn\u00fa \u010das\u0165.<\/span><\/span><\/p>\n<p style=\"margin-left:0cm;text-align:justify;\"><span style=\"font-family:Calibri, sans-serif;font-size:11pt;\"><span lang=\"SK\" dir=\"ltr\"><strong>Dostupnos\u0165<\/strong>: \u0160tandardn\u00e1 doba dodania 2-3 t\u00fd\u017edne.<\/span><\/span><\/p>\n","protected":false},"featured_media":484967,"template":"","meta":[],"product_cat":[1908],"product_tag":[],"class_list":{"0":"post-477500","1":"product","2":"type-product","3":"status-publish","4":"has-post-thumbnail","6":"product_cat-prislusenstvo-ventilatory","7":"pa_typ-prislusenstvo","8":"pa_znacka-vortice","10":"first","11":"instock","12":"taxable","13":"shipping-taxable","14":"purchasable","15":"product-type-simple"},"yoast_head":"<!-- This site is optimized with the Yoast SEO plugin v23.9 - https:\/\/yoast.com\/wordpress\/plugins\/seo\/ -->\n<title>Vortice PIR SYSTEM - sn\u00edma\u010d pohybu - KLIMAVEX GROUP - Slovensko<\/title>\n<meta name=\"robots\" content=\"index, follow, max-snippet:-1, max-image-preview:large, max-video-preview:-1\" \/>\n<link rel=\"canonical\" href=\"https:\/\/klimavex.eu\/sk\/katalog\/vortice-pir-system-snimac-pohybu\/\" \/>\n<meta property=\"og:locale\" content=\"sk_SK\" \/>\n<meta property=\"og:type\" content=\"article\" \/>\n<meta property=\"og:title\" content=\"Vortice PIR SYSTEM - sn\u00edma\u010d pohybu - KLIMAVEX GROUP - Slovensko\" \/>\n<meta property=\"og:description\" content=\"Sn\u00edma\u010d pohybu, \u0161peci\u00e1lne navrhnut\u00fd na kombin\u00e1ciu so \u017eiari\u010dom UVLOGIKA SYSTEM. Je rozmerovo aj dizajnovo zhodn\u00fd s UVLOGIKA SYSTEM, \u010d\u00edm je zabezpe\u010den\u00e1 bezpe\u010dn\u00e1 a efekt\u00edvna prev\u00e1dzka \u017eiari\u010dov, bez naru\u0161enia celkov\u00e9ho dizajnu rie\u0161enia. Sn\u00edma\u010d sleduje pr\u00edtomnos\u0165 os\u00f4b alebo zvierat a v pr\u00edpade ak\u00e9hoko\u013evek pohybu, automaticky vyp\u00edna ovl\u00e1dan\u00e9 zariadenia, aby nedoch\u00e1dzalo k rizik\u00e1m spojen\u00fdm s vystaven\u00edm UV-C \u017eiareniu. Ako n\u00e1hle je priestor op\u00e4\u0165 pr\u00e1zdny, spust\u00ed sa bezpe\u010dnostn\u00fd \u010dasova\u010d (nastavite\u013en\u00fd v rozsahu 3-20 min\u00fat) a po jeho uplynut\u00ed, sa ovl\u00e1dan\u00e9 zariadenia op\u00e4\u0165 zapn\u00fa. V\u010faka svojim rozmerom a prevedeniu, je mo\u017en\u00e9 tento sn\u00edma\u010d priamo pripoji\u0165 na bo\u010dn\u00fa \u010das\u0165. Dostupnos\u0165: \u0160tandardn\u00e1 doba dodania 2-3 t\u00fd\u017edne.\" \/>\n<meta property=\"og:url\" content=\"https:\/\/klimavex.eu\/sk\/katalog\/vortice-pir-system-snimac-pohybu\/\" \/>\n<meta property=\"og:site_name\" content=\"KLIMAVEX GROUP - Slovensko\" \/>\n<meta property=\"article:publisher\" content=\"https:\/\/www.facebook.com\/klimavex\" \/>\n<meta property=\"article:modified_time\" content=\"2026-03-31T16:49:50+00:00\" \/>\n<meta property=\"og:image\" content=\"https:\/\/klimavex.eu\/sk\/wp-content\/uploads\/2025\/09\/Wc7Hy8zzVydl8WiRN-q2qPCjHyQEcGM_r7K5zly6vyA.png\" \/>\n\t<meta property=\"og:image:width\" content=\"572\" \/>\n\t<meta property=\"og:image:height\" content=\"512\" \/>\n\t<meta property=\"og:image:type\" content=\"image\/png\" \/>\n<meta name=\"twitter:card\" content=\"summary_large_image\" \/>\n<script type=\"application\/ld+json\" class=\"yoast-schema-graph\">{\"@context\":\"https:\/\/schema.org\",\"@graph\":[{\"@type\":\"WebPage\",\"@id\":\"https:\/\/klimavex.eu\/sk\/katalog\/vortice-pir-system-snimac-pohybu\/\",\"url\":\"https:\/\/klimavex.eu\/sk\/katalog\/vortice-pir-system-snimac-pohybu\/\",\"name\":\"Vortice PIR SYSTEM - sn\u00edma\u010d pohybu - KLIMAVEX GROUP - Slovensko\",\"isPartOf\":{\"@id\":\"https:\/\/klimavex.eu\/sk\/#website\"},\"primaryImageOfPage\":{\"@id\":\"https:\/\/klimavex.eu\/sk\/katalog\/vortice-pir-system-snimac-pohybu\/#primaryimage\"},\"image\":{\"@id\":\"https:\/\/klimavex.eu\/sk\/katalog\/vortice-pir-system-snimac-pohybu\/#primaryimage\"},\"thumbnailUrl\":\"https:\/\/klimavex.eu\/sk\/wp-content\/uploads\/2025\/09\/Wc7Hy8zzVydl8WiRN-q2qPCjHyQEcGM_r7K5zly6vyA.png\",\"datePublished\":\"2026-03-31T16:49:13+00:00\",\"dateModified\":\"2026-03-31T16:49:50+00:00\",\"breadcrumb\":{\"@id\":\"https:\/\/klimavex.eu\/sk\/katalog\/vortice-pir-system-snimac-pohybu\/#breadcrumb\"},\"inLanguage\":\"sk-SK\",\"potentialAction\":[{\"@type\":\"ReadAction\",\"target\":[\"https:\/\/klimavex.eu\/sk\/katalog\/vortice-pir-system-snimac-pohybu\/\"]}]},{\"@type\":\"ImageObject\",\"inLanguage\":\"sk-SK\",\"@id\":\"https:\/\/klimavex.eu\/sk\/katalog\/vortice-pir-system-snimac-pohybu\/#primaryimage\",\"url\":\"https:\/\/klimavex.eu\/sk\/wp-content\/uploads\/2025\/09\/Wc7Hy8zzVydl8WiRN-q2qPCjHyQEcGM_r7K5zly6vyA.png\",\"contentUrl\":\"https:\/\/klimavex.eu\/sk\/wp-content\/uploads\/2025\/09\/Wc7Hy8zzVydl8WiRN-q2qPCjHyQEcGM_r7K5zly6vyA.png\",\"width\":572,\"height\":512},{\"@type\":\"BreadcrumbList\",\"@id\":\"https:\/\/klimavex.eu\/sk\/katalog\/vortice-pir-system-snimac-pohybu\/#breadcrumb\",\"itemListElement\":[{\"@type\":\"ListItem\",\"position\":1,\"name\":\"Domovsk\u00e1 str\u00e1nka\",\"item\":\"https:\/\/klimavex.eu\/sk\/\"},{\"@type\":\"ListItem\",\"position\":2,\"name\":\"Eshop\",\"item\":\"https:\/\/klimavex.eu\/sk\/eshop\/\"},{\"@type\":\"ListItem\",\"position\":3,\"name\":\"Vortice PIR SYSTEM &#8211; sn\u00edma\u010d pohybu\"}]},{\"@type\":\"WebSite\",\"@id\":\"https:\/\/klimavex.eu\/sk\/#website\",\"url\":\"https:\/\/klimavex.eu\/sk\/\",\"name\":\"KLIMAVEX GROUP - Slovensko\",\"description\":\"\",\"publisher\":{\"@id\":\"https:\/\/klimavex.eu\/sk\/#organization\"},\"alternateName\":\"KLIMAVEX a.s.\",\"potentialAction\":[{\"@type\":\"SearchAction\",\"target\":{\"@type\":\"EntryPoint\",\"urlTemplate\":\"https:\/\/klimavex.eu\/sk\/?s={search_term_string}\"},\"query-input\":{\"@type\":\"PropertyValueSpecification\",\"valueRequired\":true,\"valueName\":\"search_term_string\"}}],\"inLanguage\":\"sk-SK\"},{\"@type\":\"Organization\",\"@id\":\"https:\/\/klimavex.eu\/sk\/#organization\",\"name\":\"KLIMAVEX GROUP\",\"alternateName\":\"KLIMAVEX a.s.\",\"url\":\"https:\/\/klimavex.eu\/sk\/\",\"logo\":{\"@type\":\"ImageObject\",\"inLanguage\":\"sk-SK\",\"@id\":\"https:\/\/klimavex.eu\/sk\/#\/schema\/logo\/image\/\",\"url\":\"https:\/\/klimavex.eu\/sk\/wp-content\/uploads\/2024\/04\/Klimavex-Group-logo.png\",\"contentUrl\":\"https:\/\/klimavex.eu\/sk\/wp-content\/uploads\/2024\/04\/Klimavex-Group-logo.png\",\"width\":1681,\"height\":472,\"caption\":\"KLIMAVEX GROUP\"},\"image\":{\"@id\":\"https:\/\/klimavex.eu\/sk\/#\/schema\/logo\/image\/\"},\"sameAs\":[\"https:\/\/www.facebook.com\/klimavex\",\"https:\/\/www.instagram.com\/klimavex_sk\/\"]}]}<\/script>\n<!-- \/ Yoast SEO plugin. -->","yoast_head_json":{"title":"Vortice PIR SYSTEM - sn\u00edma\u010d pohybu - KLIMAVEX GROUP - Slovensko","robots":{"index":"index","follow":"follow","max-snippet":"max-snippet:-1","max-image-preview":"max-image-preview:large","max-video-preview":"max-video-preview:-1"},"canonical":"https:\/\/klimavex.eu\/sk\/katalog\/vortice-pir-system-snimac-pohybu\/","og_locale":"sk_SK","og_type":"article","og_title":"Vortice PIR SYSTEM - sn\u00edma\u010d pohybu - KLIMAVEX GROUP - Slovensko","og_description":"Sn\u00edma\u010d pohybu, \u0161peci\u00e1lne navrhnut\u00fd na kombin\u00e1ciu so \u017eiari\u010dom UVLOGIKA SYSTEM. Je rozmerovo aj dizajnovo zhodn\u00fd s UVLOGIKA SYSTEM, \u010d\u00edm je zabezpe\u010den\u00e1 bezpe\u010dn\u00e1 a efekt\u00edvna prev\u00e1dzka \u017eiari\u010dov, bez naru\u0161enia celkov\u00e9ho dizajnu rie\u0161enia. Sn\u00edma\u010d sleduje pr\u00edtomnos\u0165 os\u00f4b alebo zvierat a v pr\u00edpade ak\u00e9hoko\u013evek pohybu, automaticky vyp\u00edna ovl\u00e1dan\u00e9 zariadenia, aby nedoch\u00e1dzalo k rizik\u00e1m spojen\u00fdm s vystaven\u00edm UV-C \u017eiareniu. Ako n\u00e1hle je priestor op\u00e4\u0165 pr\u00e1zdny, spust\u00ed sa bezpe\u010dnostn\u00fd \u010dasova\u010d (nastavite\u013en\u00fd v rozsahu 3-20 min\u00fat) a po jeho uplynut\u00ed, sa ovl\u00e1dan\u00e9 zariadenia op\u00e4\u0165 zapn\u00fa. V\u010faka svojim rozmerom a prevedeniu, je mo\u017en\u00e9 tento sn\u00edma\u010d priamo pripoji\u0165 na bo\u010dn\u00fa \u010das\u0165. Dostupnos\u0165: \u0160tandardn\u00e1 doba dodania 2-3 t\u00fd\u017edne.","og_url":"https:\/\/klimavex.eu\/sk\/katalog\/vortice-pir-system-snimac-pohybu\/","og_site_name":"KLIMAVEX GROUP - Slovensko","article_publisher":"https:\/\/www.facebook.com\/klimavex","article_modified_time":"2026-03-31T16:49:50+00:00","og_image":[{"width":572,"height":512,"url":"https:\/\/klimavex.eu\/sk\/wp-content\/uploads\/2025\/09\/Wc7Hy8zzVydl8WiRN-q2qPCjHyQEcGM_r7K5zly6vyA.png","type":"image\/png"}],"twitter_card":"summary_large_image","schema":{"@context":"https:\/\/schema.org","@graph":[{"@type":"WebPage","@id":"https:\/\/klimavex.eu\/sk\/katalog\/vortice-pir-system-snimac-pohybu\/","url":"https:\/\/klimavex.eu\/sk\/katalog\/vortice-pir-system-snimac-pohybu\/","name":"Vortice PIR SYSTEM - sn\u00edma\u010d pohybu - KLIMAVEX GROUP - Slovensko","isPartOf":{"@id":"https:\/\/klimavex.eu\/sk\/#website"},"primaryImageOfPage":{"@id":"https:\/\/klimavex.eu\/sk\/katalog\/vortice-pir-system-snimac-pohybu\/#primaryimage"},"image":{"@id":"https:\/\/klimavex.eu\/sk\/katalog\/vortice-pir-system-snimac-pohybu\/#primaryimage"},"thumbnailUrl":"https:\/\/klimavex.eu\/sk\/wp-content\/uploads\/2025\/09\/Wc7Hy8zzVydl8WiRN-q2qPCjHyQEcGM_r7K5zly6vyA.png","datePublished":"2026-03-31T16:49:13+00:00","dateModified":"2026-03-31T16:49:50+00:00","breadcrumb":{"@id":"https:\/\/klimavex.eu\/sk\/katalog\/vortice-pir-system-snimac-pohybu\/#breadcrumb"},"inLanguage":"sk-SK","potentialAction":[{"@type":"ReadAction","target":["https:\/\/klimavex.eu\/sk\/katalog\/vortice-pir-system-snimac-pohybu\/"]}]},{"@type":"ImageObject","inLanguage":"sk-SK","@id":"https:\/\/klimavex.eu\/sk\/katalog\/vortice-pir-system-snimac-pohybu\/#primaryimage","url":"https:\/\/klimavex.eu\/sk\/wp-content\/uploads\/2025\/09\/Wc7Hy8zzVydl8WiRN-q2qPCjHyQEcGM_r7K5zly6vyA.png","contentUrl":"https:\/\/klimavex.eu\/sk\/wp-content\/uploads\/2025\/09\/Wc7Hy8zzVydl8WiRN-q2qPCjHyQEcGM_r7K5zly6vyA.png","width":572,"height":512},{"@type":"BreadcrumbList","@id":"https:\/\/klimavex.eu\/sk\/katalog\/vortice-pir-system-snimac-pohybu\/#breadcrumb","itemListElement":[{"@type":"ListItem","position":1,"name":"Domovsk\u00e1 str\u00e1nka","item":"https:\/\/klimavex.eu\/sk\/"},{"@type":"ListItem","position":2,"name":"Eshop","item":"https:\/\/klimavex.eu\/sk\/eshop\/"},{"@type":"ListItem","position":3,"name":"Vortice PIR SYSTEM &#8211; sn\u00edma\u010d pohybu"}]},{"@type":"WebSite","@id":"https:\/\/klimavex.eu\/sk\/#website","url":"https:\/\/klimavex.eu\/sk\/","name":"KLIMAVEX GROUP - Slovensko","description":"","publisher":{"@id":"https:\/\/klimavex.eu\/sk\/#organization"},"alternateName":"KLIMAVEX a.s.","potentialAction":[{"@type":"SearchAction","target":{"@type":"EntryPoint","urlTemplate":"https:\/\/klimavex.eu\/sk\/?s={search_term_string}"},"query-input":{"@type":"PropertyValueSpecification","valueRequired":true,"valueName":"search_term_string"}}],"inLanguage":"sk-SK"},{"@type":"Organization","@id":"https:\/\/klimavex.eu\/sk\/#organization","name":"KLIMAVEX GROUP","alternateName":"KLIMAVEX a.s.","url":"https:\/\/klimavex.eu\/sk\/","logo":{"@type":"ImageObject","inLanguage":"sk-SK","@id":"https:\/\/klimavex.eu\/sk\/#\/schema\/logo\/image\/","url":"https:\/\/klimavex.eu\/sk\/wp-content\/uploads\/2024\/04\/Klimavex-Group-logo.png","contentUrl":"https:\/\/klimavex.eu\/sk\/wp-content\/uploads\/2024\/04\/Klimavex-Group-logo.png","width":1681,"height":472,"caption":"KLIMAVEX GROUP"},"image":{"@id":"https:\/\/klimavex.eu\/sk\/#\/schema\/logo\/image\/"},"sameAs":["https:\/\/www.facebook.com\/klimavex","https:\/\/www.instagram.com\/klimavex_sk\/"]}]}},"_links":{"self":[{"href":"https:\/\/klimavex.eu\/sk\/wp-json\/wp\/v2\/product\/477500","targetHints":{"allow":["GET"]}}],"collection":[{"href":"https:\/\/klimavex.eu\/sk\/wp-json\/wp\/v2\/product"}],"about":[{"href":"https:\/\/klimavex.eu\/sk\/wp-json\/wp\/v2\/types\/product"}],"version-history":[{"count":0,"href":"https:\/\/klimavex.eu\/sk\/wp-json\/wp\/v2\/product\/477500\/revisions"}],"wp:featuredmedia":[{"embeddable":true,"href":"https:\/\/klimavex.eu\/sk\/wp-json\/wp\/v2\/media\/484967"}],"wp:attachment":[{"href":"https:\/\/klimavex.eu\/sk\/wp-json\/wp\/v2\/media?parent=477500"}],"wp:term":[{"taxonomy":"product_cat","embeddable":true,"href":"https:\/\/klimavex.eu\/sk\/wp-json\/wp\/v2\/product_cat?post=477500"},{"taxonomy":"product_tag","embeddable":true,"href":"https:\/\/klimavex.eu\/sk\/wp-json\/wp\/v2\/product_tag?post=477500"}],"curies":[{"name":"wp","href":"https:\/\/api.w.org\/{rel}","templated":true}]}}