{"id":477513,"date":"2026-03-31T18:49:13","date_gmt":"2026-03-31T16:49:13","guid":{"rendered":"https:\/\/klimavex.eu\/sk\/katalog\/infracerveny-ohrievac-vortice-thermologika-soleil-system\/"},"modified":"2026-03-31T18:50:08","modified_gmt":"2026-03-31T16:50:08","slug":"infracerveny-ohrievac-vortice-thermologika-soleil-system","status":"publish","type":"product","link":"https:\/\/klimavex.eu\/sk\/katalog\/infracerveny-ohrievac-vortice-thermologika-soleil-system\/","title":{"rendered":"Infra\u010derven\u00fd ohrieva\u010d Vortice Thermologika Soleil System"},"content":{"rendered":"<p style=\"text-align: justify;\"><strong>K\u013e&uacute;\u010dov&eacute; vlastnosti:<\/strong><\/p>\n<ul>\n<li style=\"text-align: justify;\">Zaoblen&aacute; predn&aacute; mrie\u017eka vyroben&aacute; z hlin&iacute;ka.<\/li>\n<li style=\"text-align: justify;\">Opl&aacute;&scaron;tenie vyroben&eacute; z hlin&iacute;ka chr&aacute;nen&eacute; epoxidov&yacute;m polyesterov&yacute;m n&aacute;terom.<\/li>\n<li style=\"text-align: justify;\">Pevn&aacute; a \u013eahk&aacute; kon&scaron;trukcia.<\/li>\n<li style=\"text-align: justify;\">Halog&eacute;nov&aacute; \u017eiarovka (vyroben&aacute; Halogen HeLen technol&oacute;giou) garantuje vysok&uacute; &uacute;\u010dinnos\u0165 a dlh&uacute; \u017eivotnos\u0165 &#8211; a\u017e 5000 hod&iacute;n svietenia.<\/li>\n<li style=\"text-align: justify;\">Kry&scaron;t&aacute;lov&eacute; opl&aacute;&scaron;tenie halog&eacute;novej \u017eiarovky zabezpe\u010duje zv&yacute;&scaron;en&uacute; odolnos\u0165 vo\u010di tepeln&yacute;m v&yacute;kyvom.<\/li>\n<li style=\"text-align: justify;\">Teplo sa &scaron;&iacute;ri radi&aacute;ciou &#8211; &uacute;\u010dinn&eacute; z h\u013eadiska lok&aacute;lnej a koncentrovanej potreby pre ohriatie pr&iacute;slu&scaron;n&eacute;ho miesta.<\/li>\n<li style=\"text-align: justify;\">Okam\u017eit&eacute; &scaron;&iacute;renie tepla &#8211; viac ako 90% generovan&eacute;ho tepla je dosiahnut&eacute; u\u017e v prvej sekunde od zapnutia.<\/li>\n<li style=\"text-align: justify;\">\u017diadne spa\u013eovanie &#8211; bez produkcie z&aacute;pachov a &scaron;kodliv&yacute;ch l&aacute;tok vznikaj&uacute;cich pri horen&iacute;.<\/li>\n<li style=\"text-align: justify;\">Vysok&aacute; &uacute;\u010dinnos\u0165 radi&aacute;cie zabezpe\u010duje &uacute;sporu energetick&yacute;ch n&aacute;kladov.<\/li>\n<li style=\"text-align: justify;\">Krytie IPX5 (ochrana vo\u010di n&iacute;zkotlakov&eacute;mu striekaniu vody) &#8211; vhodn&eacute; pre umiestnenie aj do vonkaj&scaron;ieho priestoru.<\/li>\n<li style=\"text-align: justify;\">Kovov&aacute; konzola pre mont&aacute;\u017e ohrieva\u010da na stenu je s&uacute;\u010das\u0165ou dod&aacute;vky.<\/li>\n<li style=\"text-align: justify;\">Zariadenie mus&iacute; by\u0165 uzemnen&eacute;.<\/li>\n<li style=\"text-align: justify;\">Sada umo\u017enuj&uacute;ca jednoduch&uacute; mont&aacute;\u017e 2 ohrieva\u010dov ved\u013ea seba alebo nad sebou.<\/li>\n<li style=\"text-align: justify;\">Prev&aacute;dzkov&aacute; teplota: 0&deg;C &#8211; 40&deg;C.<\/li>\n<\/ul>\n","protected":false},"excerpt":{"rendered":"<p style=\"text-align: justify;\">N&aacute;stenn&yacute; infra\u010derven&yacute; ohrieva\u010d <strong>Vortice Thermologika<\/strong> je vhodn&yacute; pre <strong>vykurovanie v&nbsp;uzavret&yacute;ch alebo otvoren&yacute;ch priestoroch<\/strong>, ako s&uacute; stavebn&eacute; priestory, obchody, sklady, dom&aacute;cnosti, zimn&eacute; terasy, gar&aacute;\u017ee apod., s&nbsp;po\u017eiadavkou <strong>priameho tepla<\/strong>. Teplo z&nbsp; ohrieva\u010da sa &scaron;&iacute;ri r&yacute;chlos\u0165ou svetla k \u013eu\u010fom a okolit&yacute;m predmetom (nie je potrebn&eacute; ohria\u0165 cel&uacute; miestnos\u0165) a vytv&aacute;ra tak pohodln&eacute; teplotn&eacute; podmienky. Princ&iacute;p podobn&yacute; slne\u010dn&eacute;mu \u017eiareniu. <strong>Mo\u017enos\u0165 horizont&aacute;lnej alebo vertik&aacute;lnej mont&aacute;\u017ee<\/strong>.<\/p>\n","protected":false},"featured_media":485034,"template":"","meta":[],"product_cat":[1297,2084,2056],"product_tag":[],"class_list":{"0":"post-477513","1":"product","2":"type-product","3":"status-publish","4":"has-post-thumbnail","6":"product_cat-ventilatory","7":"product_cat-thermologika","8":"product_cat-elektricke-ohrievace-a-cistice-vzduchu","9":"pa_el-prikon-w-5130","10":"pa_krytie-ip65","11":"pa_prevedenie-infraohrievac","12":"pa_typ-thermologika","13":"pa_znacka-vortice","15":"first","16":"instock","17":"taxable","18":"shipping-taxable","19":"purchasable","20":"product-type-simple"},"yoast_head":"<!-- This site is optimized with the Yoast SEO plugin v23.9 - https:\/\/yoast.com\/wordpress\/plugins\/seo\/ -->\n<title>Infra\u010derven\u00fd ohrieva\u010d Vortice Thermologika Soleil System - KLIMAVEX GROUP - Slovensko<\/title>\n<meta name=\"robots\" content=\"index, follow, max-snippet:-1, max-image-preview:large, max-video-preview:-1\" \/>\n<link rel=\"canonical\" href=\"https:\/\/klimavex.eu\/sk\/katalog\/infracerveny-ohrievac-vortice-thermologika-soleil-system\/\" \/>\n<meta property=\"og:locale\" content=\"sk_SK\" \/>\n<meta property=\"og:type\" content=\"article\" \/>\n<meta property=\"og:title\" content=\"Infra\u010derven\u00fd ohrieva\u010d Vortice Thermologika Soleil System - KLIMAVEX GROUP - Slovensko\" \/>\n<meta property=\"og:description\" content=\"N&aacute;stenn&yacute; infra\u010derven&yacute; ohrieva\u010d Vortice Thermologika je vhodn&yacute; pre vykurovanie v&nbsp;uzavret&yacute;ch alebo otvoren&yacute;ch priestoroch, ako s&uacute; stavebn&eacute; priestory, obchody, sklady, dom&aacute;cnosti, zimn&eacute; terasy, gar&aacute;\u017ee apod., s&nbsp;po\u017eiadavkou priameho tepla. Teplo z&nbsp; ohrieva\u010da sa &scaron;&iacute;ri r&yacute;chlos\u0165ou svetla k \u013eu\u010fom a okolit&yacute;m predmetom (nie je potrebn&eacute; ohria\u0165 cel&uacute; miestnos\u0165) a vytv&aacute;ra tak pohodln&eacute; teplotn&eacute; podmienky. Princ&iacute;p podobn&yacute; slne\u010dn&eacute;mu \u017eiareniu. Mo\u017enos\u0165 horizont&aacute;lnej alebo vertik&aacute;lnej mont&aacute;\u017ee.\" \/>\n<meta property=\"og:url\" content=\"https:\/\/klimavex.eu\/sk\/katalog\/infracerveny-ohrievac-vortice-thermologika-soleil-system\/\" \/>\n<meta property=\"og:site_name\" content=\"KLIMAVEX GROUP - Slovensko\" \/>\n<meta property=\"article:publisher\" content=\"https:\/\/www.facebook.com\/klimavex\" \/>\n<meta property=\"article:modified_time\" content=\"2026-03-31T16:50:08+00:00\" \/>\n<meta property=\"og:image\" content=\"https:\/\/klimavex.eu\/sk\/wp-content\/uploads\/2025\/09\/kpYlP7Hb8mkllD1Tr4zK82UwQRLbVumKlvzoUPGnAGE.png\" \/>\n\t<meta property=\"og:image:width\" content=\"572\" \/>\n\t<meta property=\"og:image:height\" content=\"512\" \/>\n\t<meta property=\"og:image:type\" content=\"image\/png\" \/>\n<meta name=\"twitter:card\" content=\"summary_large_image\" \/>\n<meta name=\"twitter:label1\" content=\"Predpokladan\u00fd \u010das \u010d\u00edtania\" \/>\n\t<meta name=\"twitter:data1\" content=\"1 min\u00fata\" \/>\n<script type=\"application\/ld+json\" class=\"yoast-schema-graph\">{\"@context\":\"https:\/\/schema.org\",\"@graph\":[{\"@type\":\"WebPage\",\"@id\":\"https:\/\/klimavex.eu\/sk\/katalog\/infracerveny-ohrievac-vortice-thermologika-soleil-system\/\",\"url\":\"https:\/\/klimavex.eu\/sk\/katalog\/infracerveny-ohrievac-vortice-thermologika-soleil-system\/\",\"name\":\"Infra\u010derven\u00fd ohrieva\u010d Vortice Thermologika Soleil System - KLIMAVEX GROUP - Slovensko\",\"isPartOf\":{\"@id\":\"https:\/\/klimavex.eu\/sk\/#website\"},\"primaryImageOfPage\":{\"@id\":\"https:\/\/klimavex.eu\/sk\/katalog\/infracerveny-ohrievac-vortice-thermologika-soleil-system\/#primaryimage\"},\"image\":{\"@id\":\"https:\/\/klimavex.eu\/sk\/katalog\/infracerveny-ohrievac-vortice-thermologika-soleil-system\/#primaryimage\"},\"thumbnailUrl\":\"https:\/\/klimavex.eu\/sk\/wp-content\/uploads\/2025\/09\/kpYlP7Hb8mkllD1Tr4zK82UwQRLbVumKlvzoUPGnAGE.png\",\"datePublished\":\"2026-03-31T16:49:13+00:00\",\"dateModified\":\"2026-03-31T16:50:08+00:00\",\"breadcrumb\":{\"@id\":\"https:\/\/klimavex.eu\/sk\/katalog\/infracerveny-ohrievac-vortice-thermologika-soleil-system\/#breadcrumb\"},\"inLanguage\":\"sk-SK\",\"potentialAction\":[{\"@type\":\"ReadAction\",\"target\":[\"https:\/\/klimavex.eu\/sk\/katalog\/infracerveny-ohrievac-vortice-thermologika-soleil-system\/\"]}]},{\"@type\":\"ImageObject\",\"inLanguage\":\"sk-SK\",\"@id\":\"https:\/\/klimavex.eu\/sk\/katalog\/infracerveny-ohrievac-vortice-thermologika-soleil-system\/#primaryimage\",\"url\":\"https:\/\/klimavex.eu\/sk\/wp-content\/uploads\/2025\/09\/kpYlP7Hb8mkllD1Tr4zK82UwQRLbVumKlvzoUPGnAGE.png\",\"contentUrl\":\"https:\/\/klimavex.eu\/sk\/wp-content\/uploads\/2025\/09\/kpYlP7Hb8mkllD1Tr4zK82UwQRLbVumKlvzoUPGnAGE.png\",\"width\":572,\"height\":512},{\"@type\":\"BreadcrumbList\",\"@id\":\"https:\/\/klimavex.eu\/sk\/katalog\/infracerveny-ohrievac-vortice-thermologika-soleil-system\/#breadcrumb\",\"itemListElement\":[{\"@type\":\"ListItem\",\"position\":1,\"name\":\"Domovsk\u00e1 str\u00e1nka\",\"item\":\"https:\/\/klimavex.eu\/sk\/\"},{\"@type\":\"ListItem\",\"position\":2,\"name\":\"Eshop\",\"item\":\"https:\/\/klimavex.eu\/sk\/eshop\/\"},{\"@type\":\"ListItem\",\"position\":3,\"name\":\"Infra\u010derven\u00fd ohrieva\u010d Vortice Thermologika Soleil System\"}]},{\"@type\":\"WebSite\",\"@id\":\"https:\/\/klimavex.eu\/sk\/#website\",\"url\":\"https:\/\/klimavex.eu\/sk\/\",\"name\":\"KLIMAVEX GROUP - Slovensko\",\"description\":\"\",\"publisher\":{\"@id\":\"https:\/\/klimavex.eu\/sk\/#organization\"},\"alternateName\":\"KLIMAVEX a.s.\",\"potentialAction\":[{\"@type\":\"SearchAction\",\"target\":{\"@type\":\"EntryPoint\",\"urlTemplate\":\"https:\/\/klimavex.eu\/sk\/?s={search_term_string}\"},\"query-input\":{\"@type\":\"PropertyValueSpecification\",\"valueRequired\":true,\"valueName\":\"search_term_string\"}}],\"inLanguage\":\"sk-SK\"},{\"@type\":\"Organization\",\"@id\":\"https:\/\/klimavex.eu\/sk\/#organization\",\"name\":\"KLIMAVEX GROUP\",\"alternateName\":\"KLIMAVEX a.s.\",\"url\":\"https:\/\/klimavex.eu\/sk\/\",\"logo\":{\"@type\":\"ImageObject\",\"inLanguage\":\"sk-SK\",\"@id\":\"https:\/\/klimavex.eu\/sk\/#\/schema\/logo\/image\/\",\"url\":\"https:\/\/klimavex.eu\/sk\/wp-content\/uploads\/2024\/04\/Klimavex-Group-logo.png\",\"contentUrl\":\"https:\/\/klimavex.eu\/sk\/wp-content\/uploads\/2024\/04\/Klimavex-Group-logo.png\",\"width\":1681,\"height\":472,\"caption\":\"KLIMAVEX GROUP\"},\"image\":{\"@id\":\"https:\/\/klimavex.eu\/sk\/#\/schema\/logo\/image\/\"},\"sameAs\":[\"https:\/\/www.facebook.com\/klimavex\",\"https:\/\/www.instagram.com\/klimavex_sk\/\"]}]}<\/script>\n<!-- \/ Yoast SEO plugin. -->","yoast_head_json":{"title":"Infra\u010derven\u00fd ohrieva\u010d Vortice Thermologika Soleil System - KLIMAVEX GROUP - Slovensko","robots":{"index":"index","follow":"follow","max-snippet":"max-snippet:-1","max-image-preview":"max-image-preview:large","max-video-preview":"max-video-preview:-1"},"canonical":"https:\/\/klimavex.eu\/sk\/katalog\/infracerveny-ohrievac-vortice-thermologika-soleil-system\/","og_locale":"sk_SK","og_type":"article","og_title":"Infra\u010derven\u00fd ohrieva\u010d Vortice Thermologika Soleil System - KLIMAVEX GROUP - Slovensko","og_description":"N&aacute;stenn&yacute; infra\u010derven&yacute; ohrieva\u010d Vortice Thermologika je vhodn&yacute; pre vykurovanie v&nbsp;uzavret&yacute;ch alebo otvoren&yacute;ch priestoroch, ako s&uacute; stavebn&eacute; priestory, obchody, sklady, dom&aacute;cnosti, zimn&eacute; terasy, gar&aacute;\u017ee apod., s&nbsp;po\u017eiadavkou priameho tepla. Teplo z&nbsp; ohrieva\u010da sa &scaron;&iacute;ri r&yacute;chlos\u0165ou svetla k \u013eu\u010fom a okolit&yacute;m predmetom (nie je potrebn&eacute; ohria\u0165 cel&uacute; miestnos\u0165) a vytv&aacute;ra tak pohodln&eacute; teplotn&eacute; podmienky. Princ&iacute;p podobn&yacute; slne\u010dn&eacute;mu \u017eiareniu. Mo\u017enos\u0165 horizont&aacute;lnej alebo vertik&aacute;lnej mont&aacute;\u017ee.","og_url":"https:\/\/klimavex.eu\/sk\/katalog\/infracerveny-ohrievac-vortice-thermologika-soleil-system\/","og_site_name":"KLIMAVEX GROUP - Slovensko","article_publisher":"https:\/\/www.facebook.com\/klimavex","article_modified_time":"2026-03-31T16:50:08+00:00","og_image":[{"width":572,"height":512,"url":"https:\/\/klimavex.eu\/sk\/wp-content\/uploads\/2025\/09\/kpYlP7Hb8mkllD1Tr4zK82UwQRLbVumKlvzoUPGnAGE.png","type":"image\/png"}],"twitter_card":"summary_large_image","twitter_misc":{"Predpokladan\u00fd \u010das \u010d\u00edtania":"1 min\u00fata"},"schema":{"@context":"https:\/\/schema.org","@graph":[{"@type":"WebPage","@id":"https:\/\/klimavex.eu\/sk\/katalog\/infracerveny-ohrievac-vortice-thermologika-soleil-system\/","url":"https:\/\/klimavex.eu\/sk\/katalog\/infracerveny-ohrievac-vortice-thermologika-soleil-system\/","name":"Infra\u010derven\u00fd ohrieva\u010d Vortice Thermologika Soleil System - KLIMAVEX GROUP - Slovensko","isPartOf":{"@id":"https:\/\/klimavex.eu\/sk\/#website"},"primaryImageOfPage":{"@id":"https:\/\/klimavex.eu\/sk\/katalog\/infracerveny-ohrievac-vortice-thermologika-soleil-system\/#primaryimage"},"image":{"@id":"https:\/\/klimavex.eu\/sk\/katalog\/infracerveny-ohrievac-vortice-thermologika-soleil-system\/#primaryimage"},"thumbnailUrl":"https:\/\/klimavex.eu\/sk\/wp-content\/uploads\/2025\/09\/kpYlP7Hb8mkllD1Tr4zK82UwQRLbVumKlvzoUPGnAGE.png","datePublished":"2026-03-31T16:49:13+00:00","dateModified":"2026-03-31T16:50:08+00:00","breadcrumb":{"@id":"https:\/\/klimavex.eu\/sk\/katalog\/infracerveny-ohrievac-vortice-thermologika-soleil-system\/#breadcrumb"},"inLanguage":"sk-SK","potentialAction":[{"@type":"ReadAction","target":["https:\/\/klimavex.eu\/sk\/katalog\/infracerveny-ohrievac-vortice-thermologika-soleil-system\/"]}]},{"@type":"ImageObject","inLanguage":"sk-SK","@id":"https:\/\/klimavex.eu\/sk\/katalog\/infracerveny-ohrievac-vortice-thermologika-soleil-system\/#primaryimage","url":"https:\/\/klimavex.eu\/sk\/wp-content\/uploads\/2025\/09\/kpYlP7Hb8mkllD1Tr4zK82UwQRLbVumKlvzoUPGnAGE.png","contentUrl":"https:\/\/klimavex.eu\/sk\/wp-content\/uploads\/2025\/09\/kpYlP7Hb8mkllD1Tr4zK82UwQRLbVumKlvzoUPGnAGE.png","width":572,"height":512},{"@type":"BreadcrumbList","@id":"https:\/\/klimavex.eu\/sk\/katalog\/infracerveny-ohrievac-vortice-thermologika-soleil-system\/#breadcrumb","itemListElement":[{"@type":"ListItem","position":1,"name":"Domovsk\u00e1 str\u00e1nka","item":"https:\/\/klimavex.eu\/sk\/"},{"@type":"ListItem","position":2,"name":"Eshop","item":"https:\/\/klimavex.eu\/sk\/eshop\/"},{"@type":"ListItem","position":3,"name":"Infra\u010derven\u00fd ohrieva\u010d Vortice Thermologika Soleil System"}]},{"@type":"WebSite","@id":"https:\/\/klimavex.eu\/sk\/#website","url":"https:\/\/klimavex.eu\/sk\/","name":"KLIMAVEX GROUP - Slovensko","description":"","publisher":{"@id":"https:\/\/klimavex.eu\/sk\/#organization"},"alternateName":"KLIMAVEX a.s.","potentialAction":[{"@type":"SearchAction","target":{"@type":"EntryPoint","urlTemplate":"https:\/\/klimavex.eu\/sk\/?s={search_term_string}"},"query-input":{"@type":"PropertyValueSpecification","valueRequired":true,"valueName":"search_term_string"}}],"inLanguage":"sk-SK"},{"@type":"Organization","@id":"https:\/\/klimavex.eu\/sk\/#organization","name":"KLIMAVEX GROUP","alternateName":"KLIMAVEX a.s.","url":"https:\/\/klimavex.eu\/sk\/","logo":{"@type":"ImageObject","inLanguage":"sk-SK","@id":"https:\/\/klimavex.eu\/sk\/#\/schema\/logo\/image\/","url":"https:\/\/klimavex.eu\/sk\/wp-content\/uploads\/2024\/04\/Klimavex-Group-logo.png","contentUrl":"https:\/\/klimavex.eu\/sk\/wp-content\/uploads\/2024\/04\/Klimavex-Group-logo.png","width":1681,"height":472,"caption":"KLIMAVEX GROUP"},"image":{"@id":"https:\/\/klimavex.eu\/sk\/#\/schema\/logo\/image\/"},"sameAs":["https:\/\/www.facebook.com\/klimavex","https:\/\/www.instagram.com\/klimavex_sk\/"]}]}},"_links":{"self":[{"href":"https:\/\/klimavex.eu\/sk\/wp-json\/wp\/v2\/product\/477513","targetHints":{"allow":["GET"]}}],"collection":[{"href":"https:\/\/klimavex.eu\/sk\/wp-json\/wp\/v2\/product"}],"about":[{"href":"https:\/\/klimavex.eu\/sk\/wp-json\/wp\/v2\/types\/product"}],"version-history":[{"count":0,"href":"https:\/\/klimavex.eu\/sk\/wp-json\/wp\/v2\/product\/477513\/revisions"}],"wp:featuredmedia":[{"embeddable":true,"href":"https:\/\/klimavex.eu\/sk\/wp-json\/wp\/v2\/media\/485034"}],"wp:attachment":[{"href":"https:\/\/klimavex.eu\/sk\/wp-json\/wp\/v2\/media?parent=477513"}],"wp:term":[{"taxonomy":"product_cat","embeddable":true,"href":"https:\/\/klimavex.eu\/sk\/wp-json\/wp\/v2\/product_cat?post=477513"},{"taxonomy":"product_tag","embeddable":true,"href":"https:\/\/klimavex.eu\/sk\/wp-json\/wp\/v2\/product_tag?post=477513"}],"curies":[{"name":"wp","href":"https:\/\/api.w.org\/{rel}","templated":true}]}}