{"id":477528,"date":"2026-03-31T18:50:24","date_gmt":"2026-03-31T16:50:24","guid":{"rendered":"https:\/\/klimavex.eu\/sk\/katalog\/vortice-sc-503-n-5-stupnova-regulacia-zapustena-montaz-cierna-farba\/"},"modified":"2026-03-31T18:50:34","modified_gmt":"2026-03-31T16:50:34","slug":"vortice-sc-503-n-5-stupnova-regulacia-zapustena-montaz-cierna-farba","status":"publish","type":"product","link":"https:\/\/klimavex.eu\/sk\/katalog\/vortice-sc-503-n-5-stupnova-regulacia-zapustena-montaz-cierna-farba\/","title":{"rendered":"Vortice SC 503 N (5-stup\u0148ov\u00e1 regul\u00e1cia, zapusten\u00e1 mont\u00e1\u017e, \u010dierna farba)\u00a0\u00a0\u00a0"},"content":{"rendered":"","protected":false},"excerpt":{"rendered":"<p style=\"margin-left:0cm;text-align:justify;\"><span style=\"font-family:Calibri, sans-serif;font-size:11pt;\"><span lang=\"SK\" dir=\"ltr\">SC 503 N (5-stup\u0148ov\u00e1 regul\u00e1cia, zapusten\u00e1 mont\u00e1\u017e, \u010dierna farba). Nov\u00e9 regul\u00e1tory ot\u00e1\u010dok na stenu pre cel\u00fd rad stropn\u00fdch ventil\u00e1torov Vortice. V\u010faka svojmu jednoduch\u00e9mu inovat\u00edvnemu dizajnu tieto jednotky sp\u013a\u0148aj\u00fa estetick\u00e9 po\u017eiadavky, ktor\u00e9 sa od nich o\u010dak\u00e1vaj\u00fa pre dom\u00e1ce aj komer\u010dn\u00e9 aplik\u00e1cie.<\/span><\/span><\/p>\n<p style=\"margin-left:0cm;\"><span style=\"font-family:Calibri, sans-serif;font-size:11pt;\"><span lang=\"SK\" dir=\"ltr\"><strong>Dostupnos\u0165<\/strong>: \u0160tandardn\u00e1 doba dodania 2-3 t\u00fd\u017edne.<\/span><\/span><\/p>\n","protected":false},"featured_media":485117,"template":"","meta":[],"product_cat":[1908],"product_tag":[],"class_list":{"0":"post-477528","1":"product","2":"type-product","3":"status-publish","4":"has-post-thumbnail","6":"product_cat-prislusenstvo-ventilatory","7":"pa_krytie-ip20","8":"pa_typ-prislusenstvo","9":"pa_znacka-vortice","11":"first","12":"instock","13":"taxable","14":"shipping-taxable","15":"purchasable","16":"product-type-simple"},"yoast_head":"<!-- This site is optimized with the Yoast SEO plugin v23.9 - https:\/\/yoast.com\/wordpress\/plugins\/seo\/ -->\n<title>Vortice SC 503 N (5-stup\u0148ov\u00e1 regul\u00e1cia, zapusten\u00e1 mont\u00e1\u017e, \u010dierna farba)\u00a0\u00a0\u00a0 - KLIMAVEX GROUP - Slovensko<\/title>\n<meta name=\"robots\" content=\"index, follow, max-snippet:-1, max-image-preview:large, max-video-preview:-1\" \/>\n<link rel=\"canonical\" href=\"https:\/\/klimavex.eu\/sk\/katalog\/vortice-sc-503-n-5-stupnova-regulacia-zapustena-montaz-cierna-farba\/\" \/>\n<meta property=\"og:locale\" content=\"sk_SK\" \/>\n<meta property=\"og:type\" content=\"article\" \/>\n<meta property=\"og:title\" content=\"Vortice SC 503 N (5-stup\u0148ov\u00e1 regul\u00e1cia, zapusten\u00e1 mont\u00e1\u017e, \u010dierna farba)\u00a0\u00a0\u00a0 - KLIMAVEX GROUP - Slovensko\" \/>\n<meta property=\"og:description\" content=\"SC 503 N (5-stup\u0148ov\u00e1 regul\u00e1cia, zapusten\u00e1 mont\u00e1\u017e, \u010dierna farba). Nov\u00e9 regul\u00e1tory ot\u00e1\u010dok na stenu pre cel\u00fd rad stropn\u00fdch ventil\u00e1torov Vortice. V\u010faka svojmu jednoduch\u00e9mu inovat\u00edvnemu dizajnu tieto jednotky sp\u013a\u0148aj\u00fa estetick\u00e9 po\u017eiadavky, ktor\u00e9 sa od nich o\u010dak\u00e1vaj\u00fa pre dom\u00e1ce aj komer\u010dn\u00e9 aplik\u00e1cie. Dostupnos\u0165: \u0160tandardn\u00e1 doba dodania 2-3 t\u00fd\u017edne.\" \/>\n<meta property=\"og:url\" content=\"https:\/\/klimavex.eu\/sk\/katalog\/vortice-sc-503-n-5-stupnova-regulacia-zapustena-montaz-cierna-farba\/\" \/>\n<meta property=\"og:site_name\" content=\"KLIMAVEX GROUP - Slovensko\" \/>\n<meta property=\"article:publisher\" content=\"https:\/\/www.facebook.com\/klimavex\" \/>\n<meta property=\"article:modified_time\" content=\"2026-03-31T16:50:34+00:00\" \/>\n<meta property=\"og:image\" content=\"https:\/\/klimavex.eu\/sk\/wp-content\/uploads\/2025\/09\/PJt5PBLrj0aI1Qnnuq2jigCnFb8E6lL8SyyNMGK6c0M.png\" \/>\n\t<meta property=\"og:image:width\" content=\"572\" \/>\n\t<meta property=\"og:image:height\" content=\"512\" \/>\n\t<meta property=\"og:image:type\" content=\"image\/png\" \/>\n<meta name=\"twitter:card\" content=\"summary_large_image\" \/>\n<script type=\"application\/ld+json\" class=\"yoast-schema-graph\">{\"@context\":\"https:\/\/schema.org\",\"@graph\":[{\"@type\":\"WebPage\",\"@id\":\"https:\/\/klimavex.eu\/sk\/katalog\/vortice-sc-503-n-5-stupnova-regulacia-zapustena-montaz-cierna-farba\/\",\"url\":\"https:\/\/klimavex.eu\/sk\/katalog\/vortice-sc-503-n-5-stupnova-regulacia-zapustena-montaz-cierna-farba\/\",\"name\":\"Vortice SC 503 N (5-stup\u0148ov\u00e1 regul\u00e1cia, zapusten\u00e1 mont\u00e1\u017e, \u010dierna farba)\u00a0\u00a0\u00a0 - KLIMAVEX GROUP - Slovensko\",\"isPartOf\":{\"@id\":\"https:\/\/klimavex.eu\/sk\/#website\"},\"primaryImageOfPage\":{\"@id\":\"https:\/\/klimavex.eu\/sk\/katalog\/vortice-sc-503-n-5-stupnova-regulacia-zapustena-montaz-cierna-farba\/#primaryimage\"},\"image\":{\"@id\":\"https:\/\/klimavex.eu\/sk\/katalog\/vortice-sc-503-n-5-stupnova-regulacia-zapustena-montaz-cierna-farba\/#primaryimage\"},\"thumbnailUrl\":\"https:\/\/klimavex.eu\/sk\/wp-content\/uploads\/2025\/09\/PJt5PBLrj0aI1Qnnuq2jigCnFb8E6lL8SyyNMGK6c0M.png\",\"datePublished\":\"2026-03-31T16:50:24+00:00\",\"dateModified\":\"2026-03-31T16:50:34+00:00\",\"breadcrumb\":{\"@id\":\"https:\/\/klimavex.eu\/sk\/katalog\/vortice-sc-503-n-5-stupnova-regulacia-zapustena-montaz-cierna-farba\/#breadcrumb\"},\"inLanguage\":\"sk-SK\",\"potentialAction\":[{\"@type\":\"ReadAction\",\"target\":[\"https:\/\/klimavex.eu\/sk\/katalog\/vortice-sc-503-n-5-stupnova-regulacia-zapustena-montaz-cierna-farba\/\"]}]},{\"@type\":\"ImageObject\",\"inLanguage\":\"sk-SK\",\"@id\":\"https:\/\/klimavex.eu\/sk\/katalog\/vortice-sc-503-n-5-stupnova-regulacia-zapustena-montaz-cierna-farba\/#primaryimage\",\"url\":\"https:\/\/klimavex.eu\/sk\/wp-content\/uploads\/2025\/09\/PJt5PBLrj0aI1Qnnuq2jigCnFb8E6lL8SyyNMGK6c0M.png\",\"contentUrl\":\"https:\/\/klimavex.eu\/sk\/wp-content\/uploads\/2025\/09\/PJt5PBLrj0aI1Qnnuq2jigCnFb8E6lL8SyyNMGK6c0M.png\",\"width\":572,\"height\":512},{\"@type\":\"BreadcrumbList\",\"@id\":\"https:\/\/klimavex.eu\/sk\/katalog\/vortice-sc-503-n-5-stupnova-regulacia-zapustena-montaz-cierna-farba\/#breadcrumb\",\"itemListElement\":[{\"@type\":\"ListItem\",\"position\":1,\"name\":\"Domovsk\u00e1 str\u00e1nka\",\"item\":\"https:\/\/klimavex.eu\/sk\/\"},{\"@type\":\"ListItem\",\"position\":2,\"name\":\"Eshop\",\"item\":\"https:\/\/klimavex.eu\/sk\/eshop\/\"},{\"@type\":\"ListItem\",\"position\":3,\"name\":\"Vortice SC 503 N (5-stup\u0148ov\u00e1 regul\u00e1cia, zapusten\u00e1 mont\u00e1\u017e, \u010dierna farba)\u00a0\u00a0\u00a0\"}]},{\"@type\":\"WebSite\",\"@id\":\"https:\/\/klimavex.eu\/sk\/#website\",\"url\":\"https:\/\/klimavex.eu\/sk\/\",\"name\":\"KLIMAVEX GROUP - Slovensko\",\"description\":\"\",\"publisher\":{\"@id\":\"https:\/\/klimavex.eu\/sk\/#organization\"},\"alternateName\":\"KLIMAVEX a.s.\",\"potentialAction\":[{\"@type\":\"SearchAction\",\"target\":{\"@type\":\"EntryPoint\",\"urlTemplate\":\"https:\/\/klimavex.eu\/sk\/?s={search_term_string}\"},\"query-input\":{\"@type\":\"PropertyValueSpecification\",\"valueRequired\":true,\"valueName\":\"search_term_string\"}}],\"inLanguage\":\"sk-SK\"},{\"@type\":\"Organization\",\"@id\":\"https:\/\/klimavex.eu\/sk\/#organization\",\"name\":\"KLIMAVEX GROUP\",\"alternateName\":\"KLIMAVEX a.s.\",\"url\":\"https:\/\/klimavex.eu\/sk\/\",\"logo\":{\"@type\":\"ImageObject\",\"inLanguage\":\"sk-SK\",\"@id\":\"https:\/\/klimavex.eu\/sk\/#\/schema\/logo\/image\/\",\"url\":\"https:\/\/klimavex.eu\/sk\/wp-content\/uploads\/2024\/04\/Klimavex-Group-logo.png\",\"contentUrl\":\"https:\/\/klimavex.eu\/sk\/wp-content\/uploads\/2024\/04\/Klimavex-Group-logo.png\",\"width\":1681,\"height\":472,\"caption\":\"KLIMAVEX GROUP\"},\"image\":{\"@id\":\"https:\/\/klimavex.eu\/sk\/#\/schema\/logo\/image\/\"},\"sameAs\":[\"https:\/\/www.facebook.com\/klimavex\",\"https:\/\/www.instagram.com\/klimavex_sk\/\"]}]}<\/script>\n<!-- \/ Yoast SEO plugin. -->","yoast_head_json":{"title":"Vortice SC 503 N (5-stup\u0148ov\u00e1 regul\u00e1cia, zapusten\u00e1 mont\u00e1\u017e, \u010dierna farba)\u00a0\u00a0\u00a0 - KLIMAVEX GROUP - Slovensko","robots":{"index":"index","follow":"follow","max-snippet":"max-snippet:-1","max-image-preview":"max-image-preview:large","max-video-preview":"max-video-preview:-1"},"canonical":"https:\/\/klimavex.eu\/sk\/katalog\/vortice-sc-503-n-5-stupnova-regulacia-zapustena-montaz-cierna-farba\/","og_locale":"sk_SK","og_type":"article","og_title":"Vortice SC 503 N (5-stup\u0148ov\u00e1 regul\u00e1cia, zapusten\u00e1 mont\u00e1\u017e, \u010dierna farba)\u00a0\u00a0\u00a0 - KLIMAVEX GROUP - Slovensko","og_description":"SC 503 N (5-stup\u0148ov\u00e1 regul\u00e1cia, zapusten\u00e1 mont\u00e1\u017e, \u010dierna farba). Nov\u00e9 regul\u00e1tory ot\u00e1\u010dok na stenu pre cel\u00fd rad stropn\u00fdch ventil\u00e1torov Vortice. V\u010faka svojmu jednoduch\u00e9mu inovat\u00edvnemu dizajnu tieto jednotky sp\u013a\u0148aj\u00fa estetick\u00e9 po\u017eiadavky, ktor\u00e9 sa od nich o\u010dak\u00e1vaj\u00fa pre dom\u00e1ce aj komer\u010dn\u00e9 aplik\u00e1cie. Dostupnos\u0165: \u0160tandardn\u00e1 doba dodania 2-3 t\u00fd\u017edne.","og_url":"https:\/\/klimavex.eu\/sk\/katalog\/vortice-sc-503-n-5-stupnova-regulacia-zapustena-montaz-cierna-farba\/","og_site_name":"KLIMAVEX GROUP - Slovensko","article_publisher":"https:\/\/www.facebook.com\/klimavex","article_modified_time":"2026-03-31T16:50:34+00:00","og_image":[{"width":572,"height":512,"url":"https:\/\/klimavex.eu\/sk\/wp-content\/uploads\/2025\/09\/PJt5PBLrj0aI1Qnnuq2jigCnFb8E6lL8SyyNMGK6c0M.png","type":"image\/png"}],"twitter_card":"summary_large_image","schema":{"@context":"https:\/\/schema.org","@graph":[{"@type":"WebPage","@id":"https:\/\/klimavex.eu\/sk\/katalog\/vortice-sc-503-n-5-stupnova-regulacia-zapustena-montaz-cierna-farba\/","url":"https:\/\/klimavex.eu\/sk\/katalog\/vortice-sc-503-n-5-stupnova-regulacia-zapustena-montaz-cierna-farba\/","name":"Vortice SC 503 N (5-stup\u0148ov\u00e1 regul\u00e1cia, zapusten\u00e1 mont\u00e1\u017e, \u010dierna farba)\u00a0\u00a0\u00a0 - KLIMAVEX GROUP - Slovensko","isPartOf":{"@id":"https:\/\/klimavex.eu\/sk\/#website"},"primaryImageOfPage":{"@id":"https:\/\/klimavex.eu\/sk\/katalog\/vortice-sc-503-n-5-stupnova-regulacia-zapustena-montaz-cierna-farba\/#primaryimage"},"image":{"@id":"https:\/\/klimavex.eu\/sk\/katalog\/vortice-sc-503-n-5-stupnova-regulacia-zapustena-montaz-cierna-farba\/#primaryimage"},"thumbnailUrl":"https:\/\/klimavex.eu\/sk\/wp-content\/uploads\/2025\/09\/PJt5PBLrj0aI1Qnnuq2jigCnFb8E6lL8SyyNMGK6c0M.png","datePublished":"2026-03-31T16:50:24+00:00","dateModified":"2026-03-31T16:50:34+00:00","breadcrumb":{"@id":"https:\/\/klimavex.eu\/sk\/katalog\/vortice-sc-503-n-5-stupnova-regulacia-zapustena-montaz-cierna-farba\/#breadcrumb"},"inLanguage":"sk-SK","potentialAction":[{"@type":"ReadAction","target":["https:\/\/klimavex.eu\/sk\/katalog\/vortice-sc-503-n-5-stupnova-regulacia-zapustena-montaz-cierna-farba\/"]}]},{"@type":"ImageObject","inLanguage":"sk-SK","@id":"https:\/\/klimavex.eu\/sk\/katalog\/vortice-sc-503-n-5-stupnova-regulacia-zapustena-montaz-cierna-farba\/#primaryimage","url":"https:\/\/klimavex.eu\/sk\/wp-content\/uploads\/2025\/09\/PJt5PBLrj0aI1Qnnuq2jigCnFb8E6lL8SyyNMGK6c0M.png","contentUrl":"https:\/\/klimavex.eu\/sk\/wp-content\/uploads\/2025\/09\/PJt5PBLrj0aI1Qnnuq2jigCnFb8E6lL8SyyNMGK6c0M.png","width":572,"height":512},{"@type":"BreadcrumbList","@id":"https:\/\/klimavex.eu\/sk\/katalog\/vortice-sc-503-n-5-stupnova-regulacia-zapustena-montaz-cierna-farba\/#breadcrumb","itemListElement":[{"@type":"ListItem","position":1,"name":"Domovsk\u00e1 str\u00e1nka","item":"https:\/\/klimavex.eu\/sk\/"},{"@type":"ListItem","position":2,"name":"Eshop","item":"https:\/\/klimavex.eu\/sk\/eshop\/"},{"@type":"ListItem","position":3,"name":"Vortice SC 503 N (5-stup\u0148ov\u00e1 regul\u00e1cia, zapusten\u00e1 mont\u00e1\u017e, \u010dierna farba)\u00a0\u00a0\u00a0"}]},{"@type":"WebSite","@id":"https:\/\/klimavex.eu\/sk\/#website","url":"https:\/\/klimavex.eu\/sk\/","name":"KLIMAVEX GROUP - Slovensko","description":"","publisher":{"@id":"https:\/\/klimavex.eu\/sk\/#organization"},"alternateName":"KLIMAVEX a.s.","potentialAction":[{"@type":"SearchAction","target":{"@type":"EntryPoint","urlTemplate":"https:\/\/klimavex.eu\/sk\/?s={search_term_string}"},"query-input":{"@type":"PropertyValueSpecification","valueRequired":true,"valueName":"search_term_string"}}],"inLanguage":"sk-SK"},{"@type":"Organization","@id":"https:\/\/klimavex.eu\/sk\/#organization","name":"KLIMAVEX GROUP","alternateName":"KLIMAVEX a.s.","url":"https:\/\/klimavex.eu\/sk\/","logo":{"@type":"ImageObject","inLanguage":"sk-SK","@id":"https:\/\/klimavex.eu\/sk\/#\/schema\/logo\/image\/","url":"https:\/\/klimavex.eu\/sk\/wp-content\/uploads\/2024\/04\/Klimavex-Group-logo.png","contentUrl":"https:\/\/klimavex.eu\/sk\/wp-content\/uploads\/2024\/04\/Klimavex-Group-logo.png","width":1681,"height":472,"caption":"KLIMAVEX GROUP"},"image":{"@id":"https:\/\/klimavex.eu\/sk\/#\/schema\/logo\/image\/"},"sameAs":["https:\/\/www.facebook.com\/klimavex","https:\/\/www.instagram.com\/klimavex_sk\/"]}]}},"_links":{"self":[{"href":"https:\/\/klimavex.eu\/sk\/wp-json\/wp\/v2\/product\/477528","targetHints":{"allow":["GET"]}}],"collection":[{"href":"https:\/\/klimavex.eu\/sk\/wp-json\/wp\/v2\/product"}],"about":[{"href":"https:\/\/klimavex.eu\/sk\/wp-json\/wp\/v2\/types\/product"}],"version-history":[{"count":0,"href":"https:\/\/klimavex.eu\/sk\/wp-json\/wp\/v2\/product\/477528\/revisions"}],"wp:featuredmedia":[{"embeddable":true,"href":"https:\/\/klimavex.eu\/sk\/wp-json\/wp\/v2\/media\/485117"}],"wp:attachment":[{"href":"https:\/\/klimavex.eu\/sk\/wp-json\/wp\/v2\/media?parent=477528"}],"wp:term":[{"taxonomy":"product_cat","embeddable":true,"href":"https:\/\/klimavex.eu\/sk\/wp-json\/wp\/v2\/product_cat?post=477528"},{"taxonomy":"product_tag","embeddable":true,"href":"https:\/\/klimavex.eu\/sk\/wp-json\/wp\/v2\/product_tag?post=477528"}],"curies":[{"name":"wp","href":"https:\/\/api.w.org\/{rel}","templated":true}]}}