{"id":477590,"date":"2026-04-15T12:06:36","date_gmt":"2026-04-15T10:06:36","guid":{"rendered":"https:\/\/klimavex.eu\/sk\/katalog\/vetracia-rekuperacna-jednotka-vortice-vort-prometeo-plus-hr-400\/"},"modified":"2026-04-15T12:07:14","modified_gmt":"2026-04-15T10:07:14","slug":"vetracia-rekuperacna-jednotka-vortice-vort-prometeo-plus-hr-400","status":"publish","type":"product","link":"https:\/\/klimavex.eu\/sk\/katalog\/vetracia-rekuperacna-jednotka-vortice-vort-prometeo-plus-hr-400\/","title":{"rendered":"Vetracia rekupera\u010dn\u00e1 jednotka Vortice VORT PROMETEO PLUS HR 400"},"content":{"rendered":"<p style=\"margin-left:0cm;text-align:justify;\"><span style=\"font-family:Calibri, sans-serif;font-size:11pt;\"><span lang=\"SK\" dir=\"ltr\"><strong>K\u013e\u00fa\u010dov\u00e9 vlastnosti<\/strong><\/span><\/span><\/p>\n<ul>\n<li>\n<p style=\"text-align:justify;\"><span style=\"font-family:Calibri, sans-serif;font-size:11pt;\"><span lang=\"SK\" dir=\"ltr\">Oh\u0148ovzdorn\u00e1 kon\u0161trukcia z expandovan\u00e9ho polypropyl\u00e9nu<\/span><\/span><\/p>\n<\/li>\n<li>\n<p style=\"text-align:justify;\"><span style=\"font-family:Calibri, sans-serif;font-size:11pt;\"><span lang=\"SK\" dir=\"ltr\">2 EC motory s hriade\u013emi ulo\u017een\u00fdmi na gu\u013e\u00f4\u010dkov\u00fdch<strong>&nbsp;<\/strong>lo\u017eisk\u00e1ch, ka\u017ed\u00fd pripojen\u00fd k vrtuli s dopredu zahnut\u00fdmi lopatkami; 3 r\u00fdchlosti nez\u00e1visle nastavite\u013en\u00e9 pri in\u0161tal\u00e1cii<\/span><\/span><\/p>\n<\/li>\n<li>\n<p style=\"text-align:justify;\"><span style=\"font-family:Calibri, sans-serif;font-size:11pt;\"><span lang=\"SK\" dir=\"ltr\">Prietok nastavite\u013en\u00fd v rozmedz\u00ed 50 m<sup>3<\/sup>\/h a\u017e 380 m<sup>3<\/sup>\/h<\/span><\/span><\/p>\n<\/li>\n<li>\n<p style=\"text-align:justify;\"><span style=\"font-family:Calibri, sans-serif;font-size:11pt;\"><span lang=\"SK\" dir=\"ltr\">Automatick\u00e1 alebo ru\u010dn\u00e1 prev\u00e1dzka<\/span><\/span><\/p>\n<\/li>\n<li>\n<p style=\"text-align:justify;\"><span style=\"font-family:Calibri, sans-serif;font-size:11pt;\"><span lang=\"SK\" dir=\"ltr\">Vybaven\u00e9 obojsmern\u00fdm r\u00e1diofrekven\u010dn\u00fdm dia\u013ekov\u00fdm ovl\u00e1dan\u00edm pre po\u010diato\u010dn\u00e9 nastavenie, nastavenie prev\u00e1dzkov\u00e9ho re\u017eimu a diagnostiku v\u00fdrobku<\/span><\/span><\/p>\n<\/li>\n<li>\n<p style=\"text-align:justify;\"><span style=\"font-family:Calibri, sans-serif;font-size:11pt;\"><span lang=\"SK\" dir=\"ltr\">Automatick\u00e1 kontrola stavu zanesenia filtra<\/span><\/span><\/p>\n<\/li>\n<li>\n<p style=\"text-align:justify;\"><span style=\"font-family:Calibri, sans-serif;font-size:11pt;\"><span lang=\"SK\" dir=\"ltr\">Vybaven\u00e9 \u010didlom teploty, relat\u00edvnej vlhkosti a CO<sub>2<\/sub>, ktor\u00fdch \u00fadaje umo\u017e\u0148uj\u00fa automatick\u00e9 nastavenie prev\u00e1dzkov\u00fdch ot\u00e1\u010dok pre dosiahnutie najlep\u0161ieho kompromisu medzi kvalitou okolit\u00e9ho vzduchu, spotrebou a emisiami hluku<\/span><\/span><\/p>\n<\/li>\n<li>\n<p style=\"text-align:justify;\"><span style=\"font-family:Calibri, sans-serif;font-size:11pt;\"><span lang=\"SK\" dir=\"ltr\">Automaticky aktivovan\u00fd syst\u00e9m zabra\u0148uj\u00faci tvorbe n\u00e1mrazy na v\u00fdmenn\u00edku tepla<\/span><\/span><\/p>\n<\/li>\n<li>\n<p style=\"text-align:justify;\"><span style=\"font-family:Calibri, sans-serif;font-size:11pt;\"><span lang=\"SK\" dir=\"ltr\">2 filtre M5 (volite\u013ene \u010fal\u0161\u00ed filter F7 na pr\u00edvodnom potrub\u00ed)<\/span><\/span><\/p>\n<\/li>\n<li>\n<p style=\"text-align:justify;\"><span style=\"font-family:Calibri, sans-serif;font-size:11pt;\"><span lang=\"SK\" dir=\"ltr\">Tlmi\u010d hluku s menovit\u00fdm priemerom 150 mm a d\u013a\u017ekou 0,5 m, ktor\u00fd sa umiestni za zariadenie na pr\u00edvodn\u00e9 potrubie do miestnost\u00ed<\/span><\/span><\/p>\n<\/li>\n<li>\n<p style=\"text-align:justify;\"><span style=\"font-family:Calibri, sans-serif;font-size:11pt;\"><span lang=\"SK\" dir=\"ltr\">2 kovov\u00e9 dr\u017eiaky pre zvisl\u00fa z\u00e1vesn\u00fa in\u0161tal\u00e1ciu jednotky<\/span><\/span><\/p>\n<\/li>\n<li>\n<p style=\"text-align:justify;\"><span style=\"font-family:Calibri, sans-serif;font-size:11pt;\"><span lang=\"SK\" dir=\"ltr\">4 dr\u017eiaky pre vodorovn\u00fa in\u0161tal\u00e1ciu<\/span><\/span><\/p>\n<\/li>\n<\/ul>\n","protected":false},"excerpt":{"rendered":"<p style=\"margin-left:0cm;text-align:justify;\"><span style=\"font-family:Calibri, sans-serif;font-size:11pt;\"><span lang=\"SK\" dir=\"ltr\">Automatick\u00e1 rekupera\u010dn\u00e1 jednotka <strong>VORT PROMETEO PLUS HR 400&nbsp;<\/strong>s <strong>vysoko \u00fa\u010dinn\u00fdm protipr\u00fadov\u00fdm v\u00fdmenn\u00edkom tepla&nbsp;<\/strong>z plastov\u00e9ho materi\u00e1lu. Pripojovacie otvory pre potrubie s\u00fa s menovit\u00fdm <strong>priemerom 150 mm<\/strong>.<\/span><\/span><\/p>\n","protected":false},"featured_media":0,"template":"","meta":[],"product_cat":[6064,6056,6065],"product_tag":[],"class_list":{"0":"post-477590","1":"product","2":"type-product","3":"status-publish","5":"product_cat-ventilatory-archivovane-produkty","6":"product_cat-archivovane-produkty","7":"product_cat-archivovane-produkty-ventilatory","8":"pa_dostupny-tlak-pa-4091","9":"pa_hlucnost-lp-3m-4092","10":"pa_krytie-ipx2","11":"pa_typ-rekuperacia","12":"pa_vzduchovy-vykon-qv-m3-4090","13":"pa_znacka-vortice","15":"first","16":"outofstock","17":"taxable","18":"shipping-taxable","19":"purchasable","20":"product-type-simple"},"yoast_head":"<!-- This site is optimized with the Yoast SEO plugin v23.9 - https:\/\/yoast.com\/wordpress\/plugins\/seo\/ -->\n<title>Vetracia rekupera\u010dn\u00e1 jednotka Vortice VORT PROMETEO PLUS HR 400 - KLIMAVEX GROUP - Slovensko<\/title>\n<meta name=\"robots\" content=\"index, follow, max-snippet:-1, max-image-preview:large, max-video-preview:-1\" \/>\n<link rel=\"canonical\" href=\"https:\/\/klimavex.eu\/sk\/katalog\/vetracia-rekuperacna-jednotka-vortice-vort-prometeo-plus-hr-400\/\" \/>\n<meta property=\"og:locale\" content=\"sk_SK\" \/>\n<meta property=\"og:type\" content=\"article\" \/>\n<meta property=\"og:title\" content=\"Vetracia rekupera\u010dn\u00e1 jednotka Vortice VORT PROMETEO PLUS HR 400 - KLIMAVEX GROUP - Slovensko\" \/>\n<meta property=\"og:description\" content=\"Automatick\u00e1 rekupera\u010dn\u00e1 jednotka VORT PROMETEO PLUS HR 400&nbsp;s vysoko \u00fa\u010dinn\u00fdm protipr\u00fadov\u00fdm v\u00fdmenn\u00edkom tepla&nbsp;z plastov\u00e9ho materi\u00e1lu. Pripojovacie otvory pre potrubie s\u00fa s menovit\u00fdm priemerom 150 mm.\" \/>\n<meta property=\"og:url\" content=\"https:\/\/klimavex.eu\/sk\/katalog\/vetracia-rekuperacna-jednotka-vortice-vort-prometeo-plus-hr-400\/\" \/>\n<meta property=\"og:site_name\" content=\"KLIMAVEX GROUP - Slovensko\" \/>\n<meta property=\"article:publisher\" content=\"https:\/\/www.facebook.com\/klimavex\" \/>\n<meta property=\"article:modified_time\" content=\"2026-04-15T10:07:14+00:00\" \/>\n<meta property=\"og:image\" content=\"https:\/\/klimavex.eu\/sk\/wp-content\/uploads\/2024\/02\/LOGO-KLIMAVEX-modra-kostka-1.png\" \/>\n\t<meta property=\"og:image:width\" content=\"9184\" \/>\n\t<meta property=\"og:image:height\" content=\"9184\" \/>\n\t<meta property=\"og:image:type\" content=\"image\/png\" \/>\n<meta name=\"twitter:card\" content=\"summary_large_image\" \/>\n<meta name=\"twitter:label1\" content=\"Predpokladan\u00fd \u010das \u010d\u00edtania\" \/>\n\t<meta name=\"twitter:data1\" content=\"1 min\u00fata\" \/>\n<script type=\"application\/ld+json\" class=\"yoast-schema-graph\">{\"@context\":\"https:\/\/schema.org\",\"@graph\":[{\"@type\":\"WebPage\",\"@id\":\"https:\/\/klimavex.eu\/sk\/katalog\/vetracia-rekuperacna-jednotka-vortice-vort-prometeo-plus-hr-400\/\",\"url\":\"https:\/\/klimavex.eu\/sk\/katalog\/vetracia-rekuperacna-jednotka-vortice-vort-prometeo-plus-hr-400\/\",\"name\":\"Vetracia rekupera\u010dn\u00e1 jednotka Vortice VORT PROMETEO PLUS HR 400 - KLIMAVEX GROUP - Slovensko\",\"isPartOf\":{\"@id\":\"https:\/\/klimavex.eu\/sk\/#website\"},\"datePublished\":\"2026-04-15T10:06:36+00:00\",\"dateModified\":\"2026-04-15T10:07:14+00:00\",\"breadcrumb\":{\"@id\":\"https:\/\/klimavex.eu\/sk\/katalog\/vetracia-rekuperacna-jednotka-vortice-vort-prometeo-plus-hr-400\/#breadcrumb\"},\"inLanguage\":\"sk-SK\",\"potentialAction\":[{\"@type\":\"ReadAction\",\"target\":[\"https:\/\/klimavex.eu\/sk\/katalog\/vetracia-rekuperacna-jednotka-vortice-vort-prometeo-plus-hr-400\/\"]}]},{\"@type\":\"BreadcrumbList\",\"@id\":\"https:\/\/klimavex.eu\/sk\/katalog\/vetracia-rekuperacna-jednotka-vortice-vort-prometeo-plus-hr-400\/#breadcrumb\",\"itemListElement\":[{\"@type\":\"ListItem\",\"position\":1,\"name\":\"Domovsk\u00e1 str\u00e1nka\",\"item\":\"https:\/\/klimavex.eu\/sk\/\"},{\"@type\":\"ListItem\",\"position\":2,\"name\":\"Eshop\",\"item\":\"https:\/\/klimavex.eu\/sk\/eshop\/\"},{\"@type\":\"ListItem\",\"position\":3,\"name\":\"Vetracia rekupera\u010dn\u00e1 jednotka Vortice VORT PROMETEO PLUS HR 400\"}]},{\"@type\":\"WebSite\",\"@id\":\"https:\/\/klimavex.eu\/sk\/#website\",\"url\":\"https:\/\/klimavex.eu\/sk\/\",\"name\":\"KLIMAVEX GROUP - Slovensko\",\"description\":\"\",\"publisher\":{\"@id\":\"https:\/\/klimavex.eu\/sk\/#organization\"},\"alternateName\":\"KLIMAVEX a.s.\",\"potentialAction\":[{\"@type\":\"SearchAction\",\"target\":{\"@type\":\"EntryPoint\",\"urlTemplate\":\"https:\/\/klimavex.eu\/sk\/?s={search_term_string}\"},\"query-input\":{\"@type\":\"PropertyValueSpecification\",\"valueRequired\":true,\"valueName\":\"search_term_string\"}}],\"inLanguage\":\"sk-SK\"},{\"@type\":\"Organization\",\"@id\":\"https:\/\/klimavex.eu\/sk\/#organization\",\"name\":\"KLIMAVEX GROUP\",\"alternateName\":\"KLIMAVEX a.s.\",\"url\":\"https:\/\/klimavex.eu\/sk\/\",\"logo\":{\"@type\":\"ImageObject\",\"inLanguage\":\"sk-SK\",\"@id\":\"https:\/\/klimavex.eu\/sk\/#\/schema\/logo\/image\/\",\"url\":\"https:\/\/klimavex.eu\/sk\/wp-content\/uploads\/2024\/04\/Klimavex-Group-logo.png\",\"contentUrl\":\"https:\/\/klimavex.eu\/sk\/wp-content\/uploads\/2024\/04\/Klimavex-Group-logo.png\",\"width\":1681,\"height\":472,\"caption\":\"KLIMAVEX GROUP\"},\"image\":{\"@id\":\"https:\/\/klimavex.eu\/sk\/#\/schema\/logo\/image\/\"},\"sameAs\":[\"https:\/\/www.facebook.com\/klimavex\",\"https:\/\/www.instagram.com\/klimavex_sk\/\"]}]}<\/script>\n<!-- \/ Yoast SEO plugin. -->","yoast_head_json":{"title":"Vetracia rekupera\u010dn\u00e1 jednotka Vortice VORT PROMETEO PLUS HR 400 - KLIMAVEX GROUP - Slovensko","robots":{"index":"index","follow":"follow","max-snippet":"max-snippet:-1","max-image-preview":"max-image-preview:large","max-video-preview":"max-video-preview:-1"},"canonical":"https:\/\/klimavex.eu\/sk\/katalog\/vetracia-rekuperacna-jednotka-vortice-vort-prometeo-plus-hr-400\/","og_locale":"sk_SK","og_type":"article","og_title":"Vetracia rekupera\u010dn\u00e1 jednotka Vortice VORT PROMETEO PLUS HR 400 - KLIMAVEX GROUP - Slovensko","og_description":"Automatick\u00e1 rekupera\u010dn\u00e1 jednotka VORT PROMETEO PLUS HR 400&nbsp;s vysoko \u00fa\u010dinn\u00fdm protipr\u00fadov\u00fdm v\u00fdmenn\u00edkom tepla&nbsp;z plastov\u00e9ho materi\u00e1lu. Pripojovacie otvory pre potrubie s\u00fa s menovit\u00fdm priemerom 150 mm.","og_url":"https:\/\/klimavex.eu\/sk\/katalog\/vetracia-rekuperacna-jednotka-vortice-vort-prometeo-plus-hr-400\/","og_site_name":"KLIMAVEX GROUP - Slovensko","article_publisher":"https:\/\/www.facebook.com\/klimavex","article_modified_time":"2026-04-15T10:07:14+00:00","og_image":[{"width":9184,"height":9184,"url":"https:\/\/klimavex.eu\/sk\/wp-content\/uploads\/2024\/02\/LOGO-KLIMAVEX-modra-kostka-1.png","type":"image\/png"}],"twitter_card":"summary_large_image","twitter_misc":{"Predpokladan\u00fd \u010das \u010d\u00edtania":"1 min\u00fata"},"schema":{"@context":"https:\/\/schema.org","@graph":[{"@type":"WebPage","@id":"https:\/\/klimavex.eu\/sk\/katalog\/vetracia-rekuperacna-jednotka-vortice-vort-prometeo-plus-hr-400\/","url":"https:\/\/klimavex.eu\/sk\/katalog\/vetracia-rekuperacna-jednotka-vortice-vort-prometeo-plus-hr-400\/","name":"Vetracia rekupera\u010dn\u00e1 jednotka Vortice VORT PROMETEO PLUS HR 400 - KLIMAVEX GROUP - Slovensko","isPartOf":{"@id":"https:\/\/klimavex.eu\/sk\/#website"},"datePublished":"2026-04-15T10:06:36+00:00","dateModified":"2026-04-15T10:07:14+00:00","breadcrumb":{"@id":"https:\/\/klimavex.eu\/sk\/katalog\/vetracia-rekuperacna-jednotka-vortice-vort-prometeo-plus-hr-400\/#breadcrumb"},"inLanguage":"sk-SK","potentialAction":[{"@type":"ReadAction","target":["https:\/\/klimavex.eu\/sk\/katalog\/vetracia-rekuperacna-jednotka-vortice-vort-prometeo-plus-hr-400\/"]}]},{"@type":"BreadcrumbList","@id":"https:\/\/klimavex.eu\/sk\/katalog\/vetracia-rekuperacna-jednotka-vortice-vort-prometeo-plus-hr-400\/#breadcrumb","itemListElement":[{"@type":"ListItem","position":1,"name":"Domovsk\u00e1 str\u00e1nka","item":"https:\/\/klimavex.eu\/sk\/"},{"@type":"ListItem","position":2,"name":"Eshop","item":"https:\/\/klimavex.eu\/sk\/eshop\/"},{"@type":"ListItem","position":3,"name":"Vetracia rekupera\u010dn\u00e1 jednotka Vortice VORT PROMETEO PLUS HR 400"}]},{"@type":"WebSite","@id":"https:\/\/klimavex.eu\/sk\/#website","url":"https:\/\/klimavex.eu\/sk\/","name":"KLIMAVEX GROUP - Slovensko","description":"","publisher":{"@id":"https:\/\/klimavex.eu\/sk\/#organization"},"alternateName":"KLIMAVEX a.s.","potentialAction":[{"@type":"SearchAction","target":{"@type":"EntryPoint","urlTemplate":"https:\/\/klimavex.eu\/sk\/?s={search_term_string}"},"query-input":{"@type":"PropertyValueSpecification","valueRequired":true,"valueName":"search_term_string"}}],"inLanguage":"sk-SK"},{"@type":"Organization","@id":"https:\/\/klimavex.eu\/sk\/#organization","name":"KLIMAVEX GROUP","alternateName":"KLIMAVEX a.s.","url":"https:\/\/klimavex.eu\/sk\/","logo":{"@type":"ImageObject","inLanguage":"sk-SK","@id":"https:\/\/klimavex.eu\/sk\/#\/schema\/logo\/image\/","url":"https:\/\/klimavex.eu\/sk\/wp-content\/uploads\/2024\/04\/Klimavex-Group-logo.png","contentUrl":"https:\/\/klimavex.eu\/sk\/wp-content\/uploads\/2024\/04\/Klimavex-Group-logo.png","width":1681,"height":472,"caption":"KLIMAVEX GROUP"},"image":{"@id":"https:\/\/klimavex.eu\/sk\/#\/schema\/logo\/image\/"},"sameAs":["https:\/\/www.facebook.com\/klimavex","https:\/\/www.instagram.com\/klimavex_sk\/"]}]}},"_links":{"self":[{"href":"https:\/\/klimavex.eu\/sk\/wp-json\/wp\/v2\/product\/477590","targetHints":{"allow":["GET"]}}],"collection":[{"href":"https:\/\/klimavex.eu\/sk\/wp-json\/wp\/v2\/product"}],"about":[{"href":"https:\/\/klimavex.eu\/sk\/wp-json\/wp\/v2\/types\/product"}],"version-history":[{"count":0,"href":"https:\/\/klimavex.eu\/sk\/wp-json\/wp\/v2\/product\/477590\/revisions"}],"wp:attachment":[{"href":"https:\/\/klimavex.eu\/sk\/wp-json\/wp\/v2\/media?parent=477590"}],"wp:term":[{"taxonomy":"product_cat","embeddable":true,"href":"https:\/\/klimavex.eu\/sk\/wp-json\/wp\/v2\/product_cat?post=477590"},{"taxonomy":"product_tag","embeddable":true,"href":"https:\/\/klimavex.eu\/sk\/wp-json\/wp\/v2\/product_tag?post=477590"}],"curies":[{"name":"wp","href":"https:\/\/api.w.org\/{rel}","templated":true}]}}