{"id":477612,"date":"2026-04-18T22:38:52","date_gmt":"2026-04-18T20:38:52","guid":{"rendered":"https:\/\/klimavex.eu\/sk\/katalog\/ventilator-vortice-m-100-4-ap\/"},"modified":"2026-04-18T22:39:07","modified_gmt":"2026-04-18T20:39:07","slug":"ventilator-vortice-m-100-4-ap","status":"publish","type":"product","link":"https:\/\/klimavex.eu\/sk\/katalog\/ventilator-vortice-m-100-4-ap\/","title":{"rendered":"Ventil\u00e1tor Vortice M 100\/4&#8243; AP"},"content":{"rendered":"<p style=\"text-align:justify\"><span style=\"font-size:11pt\"><span style=\"font-family:Calibri,sans-serif\"><strong>K\u013e&uacute;\u010dov&eacute; vlastnosti:<\/strong><\/span><\/span><\/p>\n<ul>\n<li style=\"text-align:justify\"><span style=\"font-size:11pt\"><span style=\"font-family:Calibri,sans-serif\">Mont&aacute;\u017e na stenu, strop alebo do okna pomocou pr&iacute;slu&scaron;enstva.<\/span><\/span><\/li>\n<li style=\"text-align:justify\"><span style=\"font-size:11pt\"><span style=\"font-family:Calibri,sans-serif\">Profil lopatiek ventil&aacute;tora a telesa ventil&aacute;tora zabezpe\u010duje vysok&yacute; prietok vzduchu, n&iacute;zku prev&aacute;dzkov&uacute; hlu\u010dnos\u0165 a n&iacute;zku spotrebu energie.<\/span><\/span><\/li>\n<li style=\"text-align:justify\"><span style=\"font-size:11pt\"><span style=\"font-family:Calibri,sans-serif\">S&nbsp;lankom, ktor&eacute; sl&uacute;\u017ei na zap&iacute;nanie \/ vyp&iacute;nanie.<\/span><\/span><\/li>\n<li style=\"text-align:justify\"><span style=\"font-size:11pt\"><span style=\"font-family:Calibri,sans-serif\">Vybaven&yacute; automatickou mrie\u017ekou, ktor&aacute; zabra\u0148uje sp&auml;tn&eacute;mu pr&uacute;deniu vzduchu, pokia\u013e ventil&aacute;tor nie je v prev&aacute;dzke. \u010celn&aacute; mrie\u017eka sa automaticky otvor&iacute; \/ zavrie p\u0159i zapnut&iacute; \/ vypnut&iacute; ventil&aacute;toru.<\/span><\/span><\/li>\n<li style=\"text-align:justify\"><span style=\"font-size:11pt\"><span style=\"font-family:Calibri,sans-serif\">V&scaron;etky modely maj&uacute; krytie IPX4 (ochrana proti striekaj&uacute;cej vode).<\/span><\/span><\/li>\n<li style=\"text-align:justify\"><span style=\"font-size:11pt\"><span style=\"font-family:Calibri,sans-serif\">Zariadenie nemus&iacute; by\u0165 uzemnen&eacute;, m&aacute; dvojit&uacute; izol&aacute;ciu.<\/span><\/span><\/li>\n<li style=\"text-align:justify\"><span style=\"font-size:11pt\"><span style=\"font-family:Calibri,sans-serif\">Mo\u017enos\u0165 regul&aacute;cie ot&aacute;\u010dok.<\/span><\/span><\/li>\n<\/ul>\n","protected":false},"excerpt":{"rendered":"<p style=\"text-align:justify\"><span style=\"font-size:11pt\"><span style=\"font-family:Calibri,sans-serif\">Axi&aacute;lne ventil&aacute;tory Vortice PUNTO M s<strong>&nbsp;lankov&yacute;m ovl&aacute;da\u010dom a automatickou mrie\u017ekou. S<\/strong>&nbsp;<strong>priamym v&yacute;fukom<\/strong>, alebo s&nbsp;v&yacute;fukom <strong>do<\/strong> <strong>kr&aacute;tkeho potrubia<\/strong>. Vhodn&eacute; pre dom&aacute;ce alebo komer\u010dn&eacute; pou\u017eitie. S&uacute; ur\u010den&eacute; pre <strong>nepretr\u017eit&eacute; alebo preru&scaron;ovan&eacute; vetranie<\/strong> k&uacute;pe\u013en&iacute;, toaliet, kuch&yacute;\u0148 alebo verejn&yacute;ch priestorov. Mont&aacute;\u017e na <strong>stenu, strop, alebo do okna<\/strong>. <strong>Krytie IPX4. Pripojenie na potrubie s&nbsp;priemerom 100 mm. <\/strong><\/span><\/span><\/p>\n","protected":false},"featured_media":485464,"template":"","meta":[],"product_cat":[1359,1298,1297],"product_tag":[],"class_list":{"0":"post-477612","1":"product","2":"type-product","3":"status-publish","4":"has-post-thumbnail","6":"product_cat-punto","7":"product_cat-ventilatory-do-kupelne-axialne","8":"product_cat-ventilatory","9":"pa_dostupny-tlak-pa-3902","10":"pa_hlucnost-lp-3m-3903","11":"pa_krytie-ipx4","12":"pa_prevedenie-axialny","13":"pa_priemer-napojenia-mm-3846","14":"pa_typ-punto","15":"pa_vzduchovy-vykon-qv-m3-3901","16":"pa_znacka-vortice","18":"first","19":"instock","20":"taxable","21":"shipping-taxable","22":"purchasable","23":"product-type-simple"},"yoast_head":"<!-- This site is optimized with the Yoast SEO plugin v23.9 - https:\/\/yoast.com\/wordpress\/plugins\/seo\/ -->\n<title>Ventil\u00e1tor Vortice M 100\/4&quot; AP - KLIMAVEX GROUP - Slovensko<\/title>\n<meta name=\"robots\" content=\"index, follow, max-snippet:-1, max-image-preview:large, max-video-preview:-1\" \/>\n<link rel=\"canonical\" href=\"https:\/\/klimavex.eu\/sk\/katalog\/ventilator-vortice-m-100-4-ap\/\" \/>\n<meta property=\"og:locale\" content=\"sk_SK\" \/>\n<meta property=\"og:type\" content=\"article\" \/>\n<meta property=\"og:title\" content=\"Ventil\u00e1tor Vortice M 100\/4&quot; AP - KLIMAVEX GROUP - Slovensko\" \/>\n<meta property=\"og:description\" content=\"Axi&aacute;lne ventil&aacute;tory Vortice PUNTO M s&nbsp;lankov&yacute;m ovl&aacute;da\u010dom a automatickou mrie\u017ekou. S&nbsp;priamym v&yacute;fukom, alebo s&nbsp;v&yacute;fukom do kr&aacute;tkeho potrubia. Vhodn&eacute; pre dom&aacute;ce alebo komer\u010dn&eacute; pou\u017eitie. S&uacute; ur\u010den&eacute; pre nepretr\u017eit&eacute; alebo preru&scaron;ovan&eacute; vetranie k&uacute;pe\u013en&iacute;, toaliet, kuch&yacute;\u0148 alebo verejn&yacute;ch priestorov. Mont&aacute;\u017e na stenu, strop, alebo do okna. Krytie IPX4. Pripojenie na potrubie s&nbsp;priemerom 100 mm.\" \/>\n<meta property=\"og:url\" content=\"https:\/\/klimavex.eu\/sk\/katalog\/ventilator-vortice-m-100-4-ap\/\" \/>\n<meta property=\"og:site_name\" content=\"KLIMAVEX GROUP - Slovensko\" \/>\n<meta property=\"article:publisher\" content=\"https:\/\/www.facebook.com\/klimavex\" \/>\n<meta property=\"article:modified_time\" content=\"2026-04-18T20:39:07+00:00\" \/>\n<meta property=\"og:image\" content=\"https:\/\/klimavex.eu\/sk\/wp-content\/uploads\/2025\/09\/5PPWFQ0cLDtVn-vNFTjjd5RK3vAlPF7eh6A3jC9uqeM-30.jpeg\" \/>\n\t<meta property=\"og:image:width\" content=\"517\" \/>\n\t<meta property=\"og:image:height\" content=\"512\" \/>\n\t<meta property=\"og:image:type\" content=\"image\/jpeg\" \/>\n<meta name=\"twitter:card\" content=\"summary_large_image\" \/>\n<meta name=\"twitter:label1\" content=\"Predpokladan\u00fd \u010das \u010d\u00edtania\" \/>\n\t<meta name=\"twitter:data1\" content=\"1 min\u00fata\" \/>\n<script type=\"application\/ld+json\" class=\"yoast-schema-graph\">{\"@context\":\"https:\/\/schema.org\",\"@graph\":[{\"@type\":\"WebPage\",\"@id\":\"https:\/\/klimavex.eu\/sk\/katalog\/ventilator-vortice-m-100-4-ap\/\",\"url\":\"https:\/\/klimavex.eu\/sk\/katalog\/ventilator-vortice-m-100-4-ap\/\",\"name\":\"Ventil\u00e1tor Vortice M 100\/4\\\" AP - KLIMAVEX GROUP - Slovensko\",\"isPartOf\":{\"@id\":\"https:\/\/klimavex.eu\/sk\/#website\"},\"primaryImageOfPage\":{\"@id\":\"https:\/\/klimavex.eu\/sk\/katalog\/ventilator-vortice-m-100-4-ap\/#primaryimage\"},\"image\":{\"@id\":\"https:\/\/klimavex.eu\/sk\/katalog\/ventilator-vortice-m-100-4-ap\/#primaryimage\"},\"thumbnailUrl\":\"https:\/\/klimavex.eu\/sk\/wp-content\/uploads\/2025\/09\/5PPWFQ0cLDtVn-vNFTjjd5RK3vAlPF7eh6A3jC9uqeM-30.jpeg\",\"datePublished\":\"2026-04-18T20:38:52+00:00\",\"dateModified\":\"2026-04-18T20:39:07+00:00\",\"breadcrumb\":{\"@id\":\"https:\/\/klimavex.eu\/sk\/katalog\/ventilator-vortice-m-100-4-ap\/#breadcrumb\"},\"inLanguage\":\"sk-SK\",\"potentialAction\":[{\"@type\":\"ReadAction\",\"target\":[\"https:\/\/klimavex.eu\/sk\/katalog\/ventilator-vortice-m-100-4-ap\/\"]}]},{\"@type\":\"ImageObject\",\"inLanguage\":\"sk-SK\",\"@id\":\"https:\/\/klimavex.eu\/sk\/katalog\/ventilator-vortice-m-100-4-ap\/#primaryimage\",\"url\":\"https:\/\/klimavex.eu\/sk\/wp-content\/uploads\/2025\/09\/5PPWFQ0cLDtVn-vNFTjjd5RK3vAlPF7eh6A3jC9uqeM-30.jpeg\",\"contentUrl\":\"https:\/\/klimavex.eu\/sk\/wp-content\/uploads\/2025\/09\/5PPWFQ0cLDtVn-vNFTjjd5RK3vAlPF7eh6A3jC9uqeM-30.jpeg\",\"width\":517,\"height\":512},{\"@type\":\"BreadcrumbList\",\"@id\":\"https:\/\/klimavex.eu\/sk\/katalog\/ventilator-vortice-m-100-4-ap\/#breadcrumb\",\"itemListElement\":[{\"@type\":\"ListItem\",\"position\":1,\"name\":\"Domovsk\u00e1 str\u00e1nka\",\"item\":\"https:\/\/klimavex.eu\/sk\/\"},{\"@type\":\"ListItem\",\"position\":2,\"name\":\"Eshop\",\"item\":\"https:\/\/klimavex.eu\/sk\/eshop\/\"},{\"@type\":\"ListItem\",\"position\":3,\"name\":\"Ventil\u00e1tor Vortice M 100\/4&#8243; AP\"}]},{\"@type\":\"WebSite\",\"@id\":\"https:\/\/klimavex.eu\/sk\/#website\",\"url\":\"https:\/\/klimavex.eu\/sk\/\",\"name\":\"KLIMAVEX GROUP - Slovensko\",\"description\":\"\",\"publisher\":{\"@id\":\"https:\/\/klimavex.eu\/sk\/#organization\"},\"alternateName\":\"KLIMAVEX a.s.\",\"potentialAction\":[{\"@type\":\"SearchAction\",\"target\":{\"@type\":\"EntryPoint\",\"urlTemplate\":\"https:\/\/klimavex.eu\/sk\/?s={search_term_string}\"},\"query-input\":{\"@type\":\"PropertyValueSpecification\",\"valueRequired\":true,\"valueName\":\"search_term_string\"}}],\"inLanguage\":\"sk-SK\"},{\"@type\":\"Organization\",\"@id\":\"https:\/\/klimavex.eu\/sk\/#organization\",\"name\":\"KLIMAVEX GROUP\",\"alternateName\":\"KLIMAVEX a.s.\",\"url\":\"https:\/\/klimavex.eu\/sk\/\",\"logo\":{\"@type\":\"ImageObject\",\"inLanguage\":\"sk-SK\",\"@id\":\"https:\/\/klimavex.eu\/sk\/#\/schema\/logo\/image\/\",\"url\":\"https:\/\/klimavex.eu\/sk\/wp-content\/uploads\/2024\/04\/Klimavex-Group-logo.png\",\"contentUrl\":\"https:\/\/klimavex.eu\/sk\/wp-content\/uploads\/2024\/04\/Klimavex-Group-logo.png\",\"width\":1681,\"height\":472,\"caption\":\"KLIMAVEX GROUP\"},\"image\":{\"@id\":\"https:\/\/klimavex.eu\/sk\/#\/schema\/logo\/image\/\"},\"sameAs\":[\"https:\/\/www.facebook.com\/klimavex\",\"https:\/\/www.instagram.com\/klimavex_sk\/\"]}]}<\/script>\n<!-- \/ Yoast SEO plugin. -->","yoast_head_json":{"title":"Ventil\u00e1tor Vortice M 100\/4\" AP - KLIMAVEX GROUP - Slovensko","robots":{"index":"index","follow":"follow","max-snippet":"max-snippet:-1","max-image-preview":"max-image-preview:large","max-video-preview":"max-video-preview:-1"},"canonical":"https:\/\/klimavex.eu\/sk\/katalog\/ventilator-vortice-m-100-4-ap\/","og_locale":"sk_SK","og_type":"article","og_title":"Ventil\u00e1tor Vortice M 100\/4\" AP - KLIMAVEX GROUP - Slovensko","og_description":"Axi&aacute;lne ventil&aacute;tory Vortice PUNTO M s&nbsp;lankov&yacute;m ovl&aacute;da\u010dom a automatickou mrie\u017ekou. S&nbsp;priamym v&yacute;fukom, alebo s&nbsp;v&yacute;fukom do kr&aacute;tkeho potrubia. Vhodn&eacute; pre dom&aacute;ce alebo komer\u010dn&eacute; pou\u017eitie. S&uacute; ur\u010den&eacute; pre nepretr\u017eit&eacute; alebo preru&scaron;ovan&eacute; vetranie k&uacute;pe\u013en&iacute;, toaliet, kuch&yacute;\u0148 alebo verejn&yacute;ch priestorov. Mont&aacute;\u017e na stenu, strop, alebo do okna. Krytie IPX4. Pripojenie na potrubie s&nbsp;priemerom 100 mm.","og_url":"https:\/\/klimavex.eu\/sk\/katalog\/ventilator-vortice-m-100-4-ap\/","og_site_name":"KLIMAVEX GROUP - Slovensko","article_publisher":"https:\/\/www.facebook.com\/klimavex","article_modified_time":"2026-04-18T20:39:07+00:00","og_image":[{"width":517,"height":512,"url":"https:\/\/klimavex.eu\/sk\/wp-content\/uploads\/2025\/09\/5PPWFQ0cLDtVn-vNFTjjd5RK3vAlPF7eh6A3jC9uqeM-30.jpeg","type":"image\/jpeg"}],"twitter_card":"summary_large_image","twitter_misc":{"Predpokladan\u00fd \u010das \u010d\u00edtania":"1 min\u00fata"},"schema":{"@context":"https:\/\/schema.org","@graph":[{"@type":"WebPage","@id":"https:\/\/klimavex.eu\/sk\/katalog\/ventilator-vortice-m-100-4-ap\/","url":"https:\/\/klimavex.eu\/sk\/katalog\/ventilator-vortice-m-100-4-ap\/","name":"Ventil\u00e1tor Vortice M 100\/4\" AP - KLIMAVEX GROUP - Slovensko","isPartOf":{"@id":"https:\/\/klimavex.eu\/sk\/#website"},"primaryImageOfPage":{"@id":"https:\/\/klimavex.eu\/sk\/katalog\/ventilator-vortice-m-100-4-ap\/#primaryimage"},"image":{"@id":"https:\/\/klimavex.eu\/sk\/katalog\/ventilator-vortice-m-100-4-ap\/#primaryimage"},"thumbnailUrl":"https:\/\/klimavex.eu\/sk\/wp-content\/uploads\/2025\/09\/5PPWFQ0cLDtVn-vNFTjjd5RK3vAlPF7eh6A3jC9uqeM-30.jpeg","datePublished":"2026-04-18T20:38:52+00:00","dateModified":"2026-04-18T20:39:07+00:00","breadcrumb":{"@id":"https:\/\/klimavex.eu\/sk\/katalog\/ventilator-vortice-m-100-4-ap\/#breadcrumb"},"inLanguage":"sk-SK","potentialAction":[{"@type":"ReadAction","target":["https:\/\/klimavex.eu\/sk\/katalog\/ventilator-vortice-m-100-4-ap\/"]}]},{"@type":"ImageObject","inLanguage":"sk-SK","@id":"https:\/\/klimavex.eu\/sk\/katalog\/ventilator-vortice-m-100-4-ap\/#primaryimage","url":"https:\/\/klimavex.eu\/sk\/wp-content\/uploads\/2025\/09\/5PPWFQ0cLDtVn-vNFTjjd5RK3vAlPF7eh6A3jC9uqeM-30.jpeg","contentUrl":"https:\/\/klimavex.eu\/sk\/wp-content\/uploads\/2025\/09\/5PPWFQ0cLDtVn-vNFTjjd5RK3vAlPF7eh6A3jC9uqeM-30.jpeg","width":517,"height":512},{"@type":"BreadcrumbList","@id":"https:\/\/klimavex.eu\/sk\/katalog\/ventilator-vortice-m-100-4-ap\/#breadcrumb","itemListElement":[{"@type":"ListItem","position":1,"name":"Domovsk\u00e1 str\u00e1nka","item":"https:\/\/klimavex.eu\/sk\/"},{"@type":"ListItem","position":2,"name":"Eshop","item":"https:\/\/klimavex.eu\/sk\/eshop\/"},{"@type":"ListItem","position":3,"name":"Ventil\u00e1tor Vortice M 100\/4&#8243; AP"}]},{"@type":"WebSite","@id":"https:\/\/klimavex.eu\/sk\/#website","url":"https:\/\/klimavex.eu\/sk\/","name":"KLIMAVEX GROUP - Slovensko","description":"","publisher":{"@id":"https:\/\/klimavex.eu\/sk\/#organization"},"alternateName":"KLIMAVEX a.s.","potentialAction":[{"@type":"SearchAction","target":{"@type":"EntryPoint","urlTemplate":"https:\/\/klimavex.eu\/sk\/?s={search_term_string}"},"query-input":{"@type":"PropertyValueSpecification","valueRequired":true,"valueName":"search_term_string"}}],"inLanguage":"sk-SK"},{"@type":"Organization","@id":"https:\/\/klimavex.eu\/sk\/#organization","name":"KLIMAVEX GROUP","alternateName":"KLIMAVEX a.s.","url":"https:\/\/klimavex.eu\/sk\/","logo":{"@type":"ImageObject","inLanguage":"sk-SK","@id":"https:\/\/klimavex.eu\/sk\/#\/schema\/logo\/image\/","url":"https:\/\/klimavex.eu\/sk\/wp-content\/uploads\/2024\/04\/Klimavex-Group-logo.png","contentUrl":"https:\/\/klimavex.eu\/sk\/wp-content\/uploads\/2024\/04\/Klimavex-Group-logo.png","width":1681,"height":472,"caption":"KLIMAVEX GROUP"},"image":{"@id":"https:\/\/klimavex.eu\/sk\/#\/schema\/logo\/image\/"},"sameAs":["https:\/\/www.facebook.com\/klimavex","https:\/\/www.instagram.com\/klimavex_sk\/"]}]}},"_links":{"self":[{"href":"https:\/\/klimavex.eu\/sk\/wp-json\/wp\/v2\/product\/477612","targetHints":{"allow":["GET"]}}],"collection":[{"href":"https:\/\/klimavex.eu\/sk\/wp-json\/wp\/v2\/product"}],"about":[{"href":"https:\/\/klimavex.eu\/sk\/wp-json\/wp\/v2\/types\/product"}],"version-history":[{"count":0,"href":"https:\/\/klimavex.eu\/sk\/wp-json\/wp\/v2\/product\/477612\/revisions"}],"wp:featuredmedia":[{"embeddable":true,"href":"https:\/\/klimavex.eu\/sk\/wp-json\/wp\/v2\/media\/485464"}],"wp:attachment":[{"href":"https:\/\/klimavex.eu\/sk\/wp-json\/wp\/v2\/media?parent=477612"}],"wp:term":[{"taxonomy":"product_cat","embeddable":true,"href":"https:\/\/klimavex.eu\/sk\/wp-json\/wp\/v2\/product_cat?post=477612"},{"taxonomy":"product_tag","embeddable":true,"href":"https:\/\/klimavex.eu\/sk\/wp-json\/wp\/v2\/product_tag?post=477612"}],"curies":[{"name":"wp","href":"https:\/\/api.w.org\/{rel}","templated":true}]}}