{"id":477628,"date":"2026-04-07T12:18:05","date_gmt":"2026-04-07T10:18:05","guid":{"rendered":"https:\/\/klimavex.eu\/sk\/katalog\/ventilator-vortice-qe-60-ll\/"},"modified":"2026-04-07T12:18:07","modified_gmt":"2026-04-07T10:18:07","slug":"ventilator-vortice-qe-60-ll","status":"publish","type":"product","link":"https:\/\/klimavex.eu\/sk\/katalog\/ventilator-vortice-qe-60-ll\/","title":{"rendered":"Ventil\u00e1tor Vortice QE 60 LL"},"content":{"rendered":"<p style=\"margin-left:0cm;text-align:justify;\"><span style=\"font-family:Calibri, sans-serif;font-size:11pt;\"><span lang=\"SK\" dir=\"ltr\"><strong>K\u013e\u00fa\u010dov\u00e9 vlastnosti<\/strong><\/span><\/span><\/p>\n<ul>\n<li>\n<p style=\"text-align:justify;\"><span style=\"font-family:Calibri, sans-serif;font-size:11pt;\"><span lang=\"SK\" dir=\"ltr\">Predn\u00fd panel a \u0161pir\u00e1lov\u00e9 telo z bieleho samozh\u00e1\u0161av\u00e9ho plastu ABS (trieda V0)<\/span><\/span><\/p>\n<\/li>\n<li>\n<p style=\"text-align:justify;\"><span style=\"font-family:Calibri, sans-serif;font-size:11pt;\"><span lang=\"SK\" dir=\"ltr\">Panel sa vykl\u00e1pa hore pre jednoduch\u00fa \u00fadr\u017ebu filtra<\/span><\/span><\/p>\n<\/li>\n<li>\n<p style=\"text-align:justify;\"><span style=\"font-family:Calibri, sans-serif;font-size:11pt;\"><span lang=\"SK\" dir=\"ltr\">Dr\u017eiak motora a podpera filtra zo samozh\u00e1\u0161av\u00e9ho&nbsp;plastu ABS<\/span><\/span><\/p>\n<\/li>\n<li>\n<p style=\"text-align:justify;\"><span style=\"font-family:Calibri, sans-serif;font-size:11pt;\"><span lang=\"SK\" dir=\"ltr\">1-ot\u00e1\u010dkov\u00fd AC motor s hriade\u013eom ulo\u017een\u00fdm na gu\u013e\u00f4\u010dkov\u00fdch<strong>&nbsp;<\/strong>lo\u017eisk\u00e1ch s garanciou viac ako 40 000 hod\u00edn prev\u00e1dzky pri maxim\u00e1lnej povolenej teplote<\/span><\/span><\/p>\n<\/li>\n<li>\n<p style=\"text-align:justify;\"><span style=\"font-family:Calibri, sans-serif;font-size:11pt;\"><span lang=\"SK\" dir=\"ltr\">Vrtu\u013ea s dopredu zahnut\u00fdmi lopatkami vyroben\u00e1 z PBT, vysoko odoln\u00e1 vo\u010di agres\u00edvnym chemik\u00e1li\u00e1m<\/span><\/span><\/p>\n<\/li>\n<li>\n<p style=\"text-align:justify;\"><span style=\"font-family:Calibri, sans-serif;font-size:11pt;\"><span lang=\"SK\" dir=\"ltr\">Menovit\u00fd prietok: 60 m<sup>3<\/sup>\/h<\/span><\/span><\/p>\n<\/li>\n<li>\n<p style=\"text-align:justify;\"><span style=\"font-family:Calibri, sans-serif;font-size:11pt;\"><span lang=\"SK\" dir=\"ltr\">Um\u00fdvate\u013en\u00fd filter; v\u00fdstra\u017en\u00e9 upozornenie upchat\u00e9ho filtra v s\u00falade s po\u017eiadavkami nariadenia EP \u010d. 1253\/2014\/E\u00da, platn\u00e9ho od 1. 1. 2018<\/span><\/span><\/p>\n<\/li>\n<\/ul>\n","protected":false},"excerpt":{"rendered":"<p style=\"margin-left:0cm;text-align:justify;\"><span style=\"font-family:Calibri, sans-serif;font-size:11pt;\"><span lang=\"SK\" dir=\"ltr\">Jednoot\u00e1\u010dkov\u00fd <strong>radi\u00e1lny&nbsp;<\/strong>ventil\u00e1tor s <strong>gu\u013e\u00f4\u010dkov\u00fdmi lo\u017eiskami<\/strong>. V balen\u00ed je <strong>iba ventil\u00e1tor a predn\u00fd kryt<\/strong>. Dostupn\u00e9 vo verzii <strong>\u0161tandard<\/strong>, s \u010dasov\u00fdm sp\u00edna\u010dom (T), pokro\u010dil\u00fdm \u010dasov\u00fdm sp\u00edna\u010dom (TP), sn\u00edma\u010dom vlhkosti (TP-HCS) a pohybov\u00fdm \u010didlom (PIR). <strong>In\u0161tala\u010dn\u00fa krabicu<\/strong> pre n\u00e1stenn\u00fa alebo zapusten\u00fa mont\u00e1\u017e je <strong>nutn\u00e9 objedna\u0165<\/strong> <strong>samostatne<\/strong>.<\/span><\/span><\/p>\n","protected":false},"featured_media":485550,"template":"","meta":[],"product_cat":[1322,1404,1297],"product_tag":[],"class_list":{"0":"post-477628","1":"product","2":"type-product","3":"status-publish","4":"has-post-thumbnail","6":"product_cat-ventilatory-do-kupelne-radialne","7":"product_cat-quadro-evo","8":"product_cat-ventilatory","9":"pa_dostupny-tlak-pa-4005","10":"pa_gulockove-loziska-ll-ano","11":"pa_krytie-ip45","12":"pa_prevedenie-radialny","13":"pa_priemer-napojenia-mm-3846","14":"pa_typ-quadro-evo","15":"pa_vzduchovy-vykon-qv-m3-4004","16":"pa_znacka-vortice","18":"first","19":"instock","20":"taxable","21":"shipping-taxable","22":"purchasable","23":"product-type-simple"},"yoast_head":"<!-- This site is optimized with the Yoast SEO plugin v23.9 - https:\/\/yoast.com\/wordpress\/plugins\/seo\/ -->\n<title>Ventil\u00e1tor Vortice QE 60 LL - KLIMAVEX GROUP - Slovensko<\/title>\n<meta name=\"robots\" content=\"index, follow, max-snippet:-1, max-image-preview:large, max-video-preview:-1\" \/>\n<link rel=\"canonical\" href=\"https:\/\/klimavex.eu\/sk\/katalog\/ventilator-vortice-qe-60-ll\/\" \/>\n<meta property=\"og:locale\" content=\"sk_SK\" \/>\n<meta property=\"og:type\" content=\"article\" \/>\n<meta property=\"og:title\" content=\"Ventil\u00e1tor Vortice QE 60 LL - KLIMAVEX GROUP - Slovensko\" \/>\n<meta property=\"og:description\" content=\"Jednoot\u00e1\u010dkov\u00fd radi\u00e1lny&nbsp;ventil\u00e1tor s gu\u013e\u00f4\u010dkov\u00fdmi lo\u017eiskami. V balen\u00ed je iba ventil\u00e1tor a predn\u00fd kryt. Dostupn\u00e9 vo verzii \u0161tandard, s \u010dasov\u00fdm sp\u00edna\u010dom (T), pokro\u010dil\u00fdm \u010dasov\u00fdm sp\u00edna\u010dom (TP), sn\u00edma\u010dom vlhkosti (TP-HCS) a pohybov\u00fdm \u010didlom (PIR). In\u0161tala\u010dn\u00fa krabicu pre n\u00e1stenn\u00fa alebo zapusten\u00fa mont\u00e1\u017e je nutn\u00e9 objedna\u0165 samostatne.\" \/>\n<meta property=\"og:url\" content=\"https:\/\/klimavex.eu\/sk\/katalog\/ventilator-vortice-qe-60-ll\/\" \/>\n<meta property=\"og:site_name\" content=\"KLIMAVEX GROUP - Slovensko\" \/>\n<meta property=\"article:publisher\" content=\"https:\/\/www.facebook.com\/klimavex\" \/>\n<meta property=\"article:modified_time\" content=\"2026-04-07T10:18:07+00:00\" \/>\n<meta property=\"og:image\" content=\"https:\/\/klimavex.eu\/sk\/wp-content\/uploads\/2025\/09\/jrP-ZSCyWA6XQ_ztW2iZr96NmT_f875_7OoGwnP_YUY-16.jpeg\" \/>\n\t<meta property=\"og:image:width\" content=\"589\" \/>\n\t<meta property=\"og:image:height\" content=\"512\" \/>\n\t<meta property=\"og:image:type\" content=\"image\/jpeg\" \/>\n<meta name=\"twitter:card\" content=\"summary_large_image\" \/>\n<meta name=\"twitter:label1\" content=\"Predpokladan\u00fd \u010das \u010d\u00edtania\" \/>\n\t<meta name=\"twitter:data1\" content=\"1 min\u00fata\" \/>\n<script type=\"application\/ld+json\" class=\"yoast-schema-graph\">{\"@context\":\"https:\/\/schema.org\",\"@graph\":[{\"@type\":\"WebPage\",\"@id\":\"https:\/\/klimavex.eu\/sk\/katalog\/ventilator-vortice-qe-60-ll\/\",\"url\":\"https:\/\/klimavex.eu\/sk\/katalog\/ventilator-vortice-qe-60-ll\/\",\"name\":\"Ventil\u00e1tor Vortice QE 60 LL - KLIMAVEX GROUP - Slovensko\",\"isPartOf\":{\"@id\":\"https:\/\/klimavex.eu\/sk\/#website\"},\"primaryImageOfPage\":{\"@id\":\"https:\/\/klimavex.eu\/sk\/katalog\/ventilator-vortice-qe-60-ll\/#primaryimage\"},\"image\":{\"@id\":\"https:\/\/klimavex.eu\/sk\/katalog\/ventilator-vortice-qe-60-ll\/#primaryimage\"},\"thumbnailUrl\":\"https:\/\/klimavex.eu\/sk\/wp-content\/uploads\/2025\/09\/jrP-ZSCyWA6XQ_ztW2iZr96NmT_f875_7OoGwnP_YUY-16.jpeg\",\"datePublished\":\"2026-04-07T10:18:05+00:00\",\"dateModified\":\"2026-04-07T10:18:07+00:00\",\"breadcrumb\":{\"@id\":\"https:\/\/klimavex.eu\/sk\/katalog\/ventilator-vortice-qe-60-ll\/#breadcrumb\"},\"inLanguage\":\"sk-SK\",\"potentialAction\":[{\"@type\":\"ReadAction\",\"target\":[\"https:\/\/klimavex.eu\/sk\/katalog\/ventilator-vortice-qe-60-ll\/\"]}]},{\"@type\":\"ImageObject\",\"inLanguage\":\"sk-SK\",\"@id\":\"https:\/\/klimavex.eu\/sk\/katalog\/ventilator-vortice-qe-60-ll\/#primaryimage\",\"url\":\"https:\/\/klimavex.eu\/sk\/wp-content\/uploads\/2025\/09\/jrP-ZSCyWA6XQ_ztW2iZr96NmT_f875_7OoGwnP_YUY-16.jpeg\",\"contentUrl\":\"https:\/\/klimavex.eu\/sk\/wp-content\/uploads\/2025\/09\/jrP-ZSCyWA6XQ_ztW2iZr96NmT_f875_7OoGwnP_YUY-16.jpeg\",\"width\":589,\"height\":512},{\"@type\":\"BreadcrumbList\",\"@id\":\"https:\/\/klimavex.eu\/sk\/katalog\/ventilator-vortice-qe-60-ll\/#breadcrumb\",\"itemListElement\":[{\"@type\":\"ListItem\",\"position\":1,\"name\":\"Domovsk\u00e1 str\u00e1nka\",\"item\":\"https:\/\/klimavex.eu\/sk\/\"},{\"@type\":\"ListItem\",\"position\":2,\"name\":\"Eshop\",\"item\":\"https:\/\/klimavex.eu\/sk\/eshop\/\"},{\"@type\":\"ListItem\",\"position\":3,\"name\":\"Ventil\u00e1tor Vortice QE 60 LL\"}]},{\"@type\":\"WebSite\",\"@id\":\"https:\/\/klimavex.eu\/sk\/#website\",\"url\":\"https:\/\/klimavex.eu\/sk\/\",\"name\":\"KLIMAVEX GROUP - Slovensko\",\"description\":\"\",\"publisher\":{\"@id\":\"https:\/\/klimavex.eu\/sk\/#organization\"},\"alternateName\":\"KLIMAVEX a.s.\",\"potentialAction\":[{\"@type\":\"SearchAction\",\"target\":{\"@type\":\"EntryPoint\",\"urlTemplate\":\"https:\/\/klimavex.eu\/sk\/?s={search_term_string}\"},\"query-input\":{\"@type\":\"PropertyValueSpecification\",\"valueRequired\":true,\"valueName\":\"search_term_string\"}}],\"inLanguage\":\"sk-SK\"},{\"@type\":\"Organization\",\"@id\":\"https:\/\/klimavex.eu\/sk\/#organization\",\"name\":\"KLIMAVEX GROUP\",\"alternateName\":\"KLIMAVEX a.s.\",\"url\":\"https:\/\/klimavex.eu\/sk\/\",\"logo\":{\"@type\":\"ImageObject\",\"inLanguage\":\"sk-SK\",\"@id\":\"https:\/\/klimavex.eu\/sk\/#\/schema\/logo\/image\/\",\"url\":\"https:\/\/klimavex.eu\/sk\/wp-content\/uploads\/2024\/04\/Klimavex-Group-logo.png\",\"contentUrl\":\"https:\/\/klimavex.eu\/sk\/wp-content\/uploads\/2024\/04\/Klimavex-Group-logo.png\",\"width\":1681,\"height\":472,\"caption\":\"KLIMAVEX GROUP\"},\"image\":{\"@id\":\"https:\/\/klimavex.eu\/sk\/#\/schema\/logo\/image\/\"},\"sameAs\":[\"https:\/\/www.facebook.com\/klimavex\",\"https:\/\/www.instagram.com\/klimavex_sk\/\"]}]}<\/script>\n<!-- \/ Yoast SEO plugin. -->","yoast_head_json":{"title":"Ventil\u00e1tor Vortice QE 60 LL - KLIMAVEX GROUP - Slovensko","robots":{"index":"index","follow":"follow","max-snippet":"max-snippet:-1","max-image-preview":"max-image-preview:large","max-video-preview":"max-video-preview:-1"},"canonical":"https:\/\/klimavex.eu\/sk\/katalog\/ventilator-vortice-qe-60-ll\/","og_locale":"sk_SK","og_type":"article","og_title":"Ventil\u00e1tor Vortice QE 60 LL - KLIMAVEX GROUP - Slovensko","og_description":"Jednoot\u00e1\u010dkov\u00fd radi\u00e1lny&nbsp;ventil\u00e1tor s gu\u013e\u00f4\u010dkov\u00fdmi lo\u017eiskami. V balen\u00ed je iba ventil\u00e1tor a predn\u00fd kryt. Dostupn\u00e9 vo verzii \u0161tandard, s \u010dasov\u00fdm sp\u00edna\u010dom (T), pokro\u010dil\u00fdm \u010dasov\u00fdm sp\u00edna\u010dom (TP), sn\u00edma\u010dom vlhkosti (TP-HCS) a pohybov\u00fdm \u010didlom (PIR). In\u0161tala\u010dn\u00fa krabicu pre n\u00e1stenn\u00fa alebo zapusten\u00fa mont\u00e1\u017e je nutn\u00e9 objedna\u0165 samostatne.","og_url":"https:\/\/klimavex.eu\/sk\/katalog\/ventilator-vortice-qe-60-ll\/","og_site_name":"KLIMAVEX GROUP - Slovensko","article_publisher":"https:\/\/www.facebook.com\/klimavex","article_modified_time":"2026-04-07T10:18:07+00:00","og_image":[{"width":589,"height":512,"url":"https:\/\/klimavex.eu\/sk\/wp-content\/uploads\/2025\/09\/jrP-ZSCyWA6XQ_ztW2iZr96NmT_f875_7OoGwnP_YUY-16.jpeg","type":"image\/jpeg"}],"twitter_card":"summary_large_image","twitter_misc":{"Predpokladan\u00fd \u010das \u010d\u00edtania":"1 min\u00fata"},"schema":{"@context":"https:\/\/schema.org","@graph":[{"@type":"WebPage","@id":"https:\/\/klimavex.eu\/sk\/katalog\/ventilator-vortice-qe-60-ll\/","url":"https:\/\/klimavex.eu\/sk\/katalog\/ventilator-vortice-qe-60-ll\/","name":"Ventil\u00e1tor Vortice QE 60 LL - KLIMAVEX GROUP - Slovensko","isPartOf":{"@id":"https:\/\/klimavex.eu\/sk\/#website"},"primaryImageOfPage":{"@id":"https:\/\/klimavex.eu\/sk\/katalog\/ventilator-vortice-qe-60-ll\/#primaryimage"},"image":{"@id":"https:\/\/klimavex.eu\/sk\/katalog\/ventilator-vortice-qe-60-ll\/#primaryimage"},"thumbnailUrl":"https:\/\/klimavex.eu\/sk\/wp-content\/uploads\/2025\/09\/jrP-ZSCyWA6XQ_ztW2iZr96NmT_f875_7OoGwnP_YUY-16.jpeg","datePublished":"2026-04-07T10:18:05+00:00","dateModified":"2026-04-07T10:18:07+00:00","breadcrumb":{"@id":"https:\/\/klimavex.eu\/sk\/katalog\/ventilator-vortice-qe-60-ll\/#breadcrumb"},"inLanguage":"sk-SK","potentialAction":[{"@type":"ReadAction","target":["https:\/\/klimavex.eu\/sk\/katalog\/ventilator-vortice-qe-60-ll\/"]}]},{"@type":"ImageObject","inLanguage":"sk-SK","@id":"https:\/\/klimavex.eu\/sk\/katalog\/ventilator-vortice-qe-60-ll\/#primaryimage","url":"https:\/\/klimavex.eu\/sk\/wp-content\/uploads\/2025\/09\/jrP-ZSCyWA6XQ_ztW2iZr96NmT_f875_7OoGwnP_YUY-16.jpeg","contentUrl":"https:\/\/klimavex.eu\/sk\/wp-content\/uploads\/2025\/09\/jrP-ZSCyWA6XQ_ztW2iZr96NmT_f875_7OoGwnP_YUY-16.jpeg","width":589,"height":512},{"@type":"BreadcrumbList","@id":"https:\/\/klimavex.eu\/sk\/katalog\/ventilator-vortice-qe-60-ll\/#breadcrumb","itemListElement":[{"@type":"ListItem","position":1,"name":"Domovsk\u00e1 str\u00e1nka","item":"https:\/\/klimavex.eu\/sk\/"},{"@type":"ListItem","position":2,"name":"Eshop","item":"https:\/\/klimavex.eu\/sk\/eshop\/"},{"@type":"ListItem","position":3,"name":"Ventil\u00e1tor Vortice QE 60 LL"}]},{"@type":"WebSite","@id":"https:\/\/klimavex.eu\/sk\/#website","url":"https:\/\/klimavex.eu\/sk\/","name":"KLIMAVEX GROUP - Slovensko","description":"","publisher":{"@id":"https:\/\/klimavex.eu\/sk\/#organization"},"alternateName":"KLIMAVEX a.s.","potentialAction":[{"@type":"SearchAction","target":{"@type":"EntryPoint","urlTemplate":"https:\/\/klimavex.eu\/sk\/?s={search_term_string}"},"query-input":{"@type":"PropertyValueSpecification","valueRequired":true,"valueName":"search_term_string"}}],"inLanguage":"sk-SK"},{"@type":"Organization","@id":"https:\/\/klimavex.eu\/sk\/#organization","name":"KLIMAVEX GROUP","alternateName":"KLIMAVEX a.s.","url":"https:\/\/klimavex.eu\/sk\/","logo":{"@type":"ImageObject","inLanguage":"sk-SK","@id":"https:\/\/klimavex.eu\/sk\/#\/schema\/logo\/image\/","url":"https:\/\/klimavex.eu\/sk\/wp-content\/uploads\/2024\/04\/Klimavex-Group-logo.png","contentUrl":"https:\/\/klimavex.eu\/sk\/wp-content\/uploads\/2024\/04\/Klimavex-Group-logo.png","width":1681,"height":472,"caption":"KLIMAVEX GROUP"},"image":{"@id":"https:\/\/klimavex.eu\/sk\/#\/schema\/logo\/image\/"},"sameAs":["https:\/\/www.facebook.com\/klimavex","https:\/\/www.instagram.com\/klimavex_sk\/"]}]}},"_links":{"self":[{"href":"https:\/\/klimavex.eu\/sk\/wp-json\/wp\/v2\/product\/477628","targetHints":{"allow":["GET"]}}],"collection":[{"href":"https:\/\/klimavex.eu\/sk\/wp-json\/wp\/v2\/product"}],"about":[{"href":"https:\/\/klimavex.eu\/sk\/wp-json\/wp\/v2\/types\/product"}],"version-history":[{"count":0,"href":"https:\/\/klimavex.eu\/sk\/wp-json\/wp\/v2\/product\/477628\/revisions"}],"wp:featuredmedia":[{"embeddable":true,"href":"https:\/\/klimavex.eu\/sk\/wp-json\/wp\/v2\/media\/485550"}],"wp:attachment":[{"href":"https:\/\/klimavex.eu\/sk\/wp-json\/wp\/v2\/media?parent=477628"}],"wp:term":[{"taxonomy":"product_cat","embeddable":true,"href":"https:\/\/klimavex.eu\/sk\/wp-json\/wp\/v2\/product_cat?post=477628"},{"taxonomy":"product_tag","embeddable":true,"href":"https:\/\/klimavex.eu\/sk\/wp-json\/wp\/v2\/product_tag?post=477628"}],"curies":[{"name":"wp","href":"https:\/\/api.w.org\/{rel}","templated":true}]}}