{"id":477649,"date":"2026-03-27T08:05:00","date_gmt":"2026-03-27T07:05:00","guid":{"rendered":"https:\/\/klimavex.eu\/sk\/katalog\/cb-touch-lcd-w-dialkovy-ovladac-pre-vort-hr-350-avel\/"},"modified":"2026-03-27T08:05:54","modified_gmt":"2026-03-27T07:05:54","slug":"cb-touch-lcd-w-dialkovy-ovladac-pre-vort-hr-350-avel","status":"publish","type":"product","link":"https:\/\/klimavex.eu\/sk\/katalog\/cb-touch-lcd-w-dialkovy-ovladac-pre-vort-hr-350-avel\/","title":{"rendered":"CB TOUCH LCD W dia\u013ekov\u00fd ovl\u00e1da\u010d pre VORT HR 350 AVEL"},"content":{"rendered":"<p style=\"text-align:justify\"><span style=\"font-size:11pt\"><span style=\"font-family:Calibri,sans-serif\"><strong>Technick&eacute; vlastnosti<\/strong>:<\/span><\/span><\/p>\n<ul>\n<li style=\"text-align:justify\"><span style=\"font-size:11pt\"><span style=\"font-family:Calibri,sans-serif\">Dotykov&yacute; farebn&yacute; displej o ve\u013ekosti 4,5&quot;.<\/span><\/span><\/li>\n<li style=\"text-align:justify\"><span style=\"font-size:11pt\"><span style=\"font-family:Calibri,sans-serif\">Doska na mont&aacute;\u017e na stenu bez nutnosti pou\u017eitia &scaron;tandardn&yacute;ch elektrick&yacute;ch krab&iacute;c.<\/span><\/span><\/li>\n<li style=\"text-align:justify\"><span style=\"font-size:11pt\"><span style=\"font-family:Calibri,sans-serif\">Pripojenie k rekupera\u010dnej jednotke cez bezpe\u010dnostn&yacute; n&iacute;zkonap&auml;\u0165ov&yacute; port (maxim&aacute;lna d\u013a\u017eka k&aacute;bla 70 metrov).<\/span><\/span><\/li>\n<li style=\"text-align:justify\"><span style=\"font-size:11pt\"><span style=\"font-family:Calibri,sans-serif\">U\u017e&iacute;vate\u013esky nastavite\u013en&yacute; jas obrazovky v 3 r&ocirc;znych &uacute;rovniach intenzity.<\/span><\/span><\/li>\n<li style=\"text-align:justify\"><span style=\"font-size:11pt\"><span style=\"font-family:Calibri,sans-serif\">\u010casov&yacute; limit zobrazenia nastavite\u013en&yacute; na 30, 60 a 120 sek&uacute;nd.<\/span><\/span><\/li>\n<li style=\"text-align:justify\"><span style=\"font-size:11pt\"><span style=\"font-family:Calibri,sans-serif\">No\u010dn&eacute; svetlo umiestnen&eacute; v spodnej \u010dasti ovl&aacute;dacieho panelu a u\u017e&iacute;vate\u013esky nastavite\u013en&eacute; na 4 &uacute;rovne intenzity svetla.<\/span><\/span><\/li>\n<li style=\"text-align:justify\"><span style=\"font-size:11pt\"><span style=\"font-family:Calibri,sans-serif\">Softv&eacute;r pre spr&aacute;vu dostupn&yacute; v 6 jazykoch: talian\u010dine, angli\u010dtine, franc&uacute;z&scaron;tine, nem\u010dine, &scaron;paniel\u010dine a \u010d&iacute;n&scaron;tine.<\/span><\/span><\/li>\n<li style=\"text-align:justify\"><span style=\"font-size:11pt\"><span style=\"font-family:Calibri,sans-serif\">Bezpe\u010dnos\u0165 overen&aacute; pod\u013ea T&Uacute;V SUD.<\/span><\/span><\/li>\n<\/ul>\n<p style=\"text-align:justify\"><span style=\"font-size:11pt\"><span style=\"font-family:Calibri,sans-serif\"><strong>Funkcie a nastavenia<\/strong><\/span><\/span><\/p>\n<p style=\"text-align:justify\"><span style=\"font-size:11pt\"><span style=\"font-family:Calibri,sans-serif\">Ni\u017e&scaron;ie pop&iacute;san&eacute; funkcie a &uacute;daje na displeji sa m&ocirc;\u017eu l&iacute;&scaron;i\u0165 v z&aacute;vislosti na tom, s akou jednotkou riaden&eacute;ho mechanick&eacute;ho vetrania je ovl&aacute;dac&iacute; panel CB LCD TOUCH W kombinovan&yacute;.<\/span><\/span><\/p>\n<ul>\n<li style=\"text-align:justify\"><span style=\"font-size:11pt\"><span style=\"font-family:Calibri,sans-serif\">Zapnutie\/vypnutie jednotky riaden&eacute;ho mechanick&eacute;ho vetrania.<\/span><\/span><\/li>\n<li style=\"text-align:justify\"><span style=\"font-size:11pt\"><span style=\"font-family:Calibri,sans-serif\">Po\u010diato\u010dn&eacute; nastavenie chr&aacute;nen&eacute; heslom, ku ktor&eacute;mu m&aacute; pr&iacute;stup iba in&scaron;talat&eacute;r.<\/span><\/span><\/li>\n<li style=\"text-align:justify\"><span style=\"font-size:11pt\"><span style=\"font-family:Calibri,sans-serif\">Ru\u010dn&aacute; vo\u013eba prev&aacute;dzkovej r&yacute;chlosti (MANU&Aacute;LNY RE\u017dIM).<\/span><\/span><\/li>\n<li style=\"text-align:justify\"><span style=\"font-size:11pt\"><span style=\"font-family:Calibri,sans-serif\">Aktiv&aacute;cia automatick&eacute;ho re\u017eimu (AUTO MODE): v&yacute;robok automaticky nastav&iacute; svoju prev&aacute;dzku pod\u013ea vopred nastaven&eacute;ho t&yacute;\u017edenn&eacute;ho \u010dasov&eacute;ho programu.<\/span><\/span><\/li>\n<li style=\"text-align:justify\"><span style=\"font-size:11pt\"><span style=\"font-family:Calibri,sans-serif\">Aktiv&aacute;cia re\u017eimu BOOST: v&yacute;robok sa prepne na maxim&aacute;lnu r&yacute;chlos\u0165.<\/span><\/span><\/li>\n<li style=\"text-align:justify\"><span style=\"font-size:11pt\"><span style=\"font-family:Calibri,sans-serif\">Aktiv&aacute;cia re\u017eimu QUIET (TICH&Yacute;): v&yacute;robok nikdy neprepne na prev&aacute;dzku na maxim&aacute;lnu r&yacute;chlos\u0165 po\u010das no\u010dn&eacute;ho \u010dasov&eacute;ho obdobia, ktor&eacute; m&ocirc;\u017ee nastavi\u0165 u\u017e&iacute;vate\u013e.<\/span><\/span><\/li>\n<li style=\"text-align:justify\"><span style=\"font-size:11pt\"><span style=\"font-family:Calibri,sans-serif\">Aktiv&aacute;cia pr&aacute;zdninov&eacute;ho re\u017eimu (HOLIDAY MODE): pr&iacute;stroj pracuje nepretr\u017eite pri zn&iacute;\u017een&yacute;ch ot&aacute;\u010dkach, aby bola zaru\u010den&aacute; potrebn&aacute; v&yacute;mena vzduchu aj v pr&iacute;pade dlh&scaron;ej nepr&iacute;tomnosti os&ocirc;b v dom&aacute;cnosti.<\/span><\/span><\/li>\n<li style=\"text-align:justify\"><span style=\"font-size:11pt\"><span style=\"font-family:Calibri,sans-serif\">Nastavenie t&yacute;\u017edenn&eacute;ho prev&aacute;dzkov&eacute;ho pl&aacute;nu pre VMC.<\/span><\/span><\/li>\n<li style=\"text-align:justify\"><span style=\"font-size:11pt\"><span style=\"font-family:Calibri,sans-serif\">Ru\u010dn&aacute; aktiv&aacute;cia obtokovej klapky.<\/span><\/span><\/li>\n<li style=\"text-align:justify\"><span style=\"font-size:11pt\"><span style=\"font-family:Calibri,sans-serif\">Aktiv&aacute;cia\/vypnutie predhrievac&iacute;ch\/dohrievac&iacute;ch bat&eacute;ri&iacute; (ak s&uacute; nain&scaron;talovan&eacute;).<\/span><\/span><\/li>\n<li style=\"text-align:justify\"><span style=\"font-size:11pt\"><span style=\"font-family:Calibri,sans-serif\">Zobrazenie hodn&ocirc;t pre:<\/span><\/span>\n<ul style=\"list-style-type:circle\">\n<li style=\"text-align:justify\"><span style=\"font-size:11pt\"><span style=\"font-family:Calibri,sans-serif\">Teplota vzduchu (&deg;C \/ &deg;F) VN&Uacute;TORN&Aacute; a VONKAJ&Scaron;IA.<\/span><\/span><\/li>\n<li style=\"text-align:justify\"><span style=\"font-size:11pt\"><span style=\"font-family:Calibri,sans-serif\">Relat&iacute;vna vlhkos\u0165 (RH) v miestnosti.<\/span><\/span><\/li>\n<\/ul>\n<\/li>\n<li style=\"text-align:justify\"><span style=\"font-size:11pt\"><span style=\"font-family:Calibri,sans-serif\">Zobrazenie spr&aacute;vnej aktiv&aacute;cie postupu odmrazovania v pr&iacute;pade pr&iacute;li&scaron; n&iacute;zkych tepl&ocirc;t.<\/span><\/span><\/li>\n<li style=\"text-align:justify\"><span style=\"font-size:11pt\"><span style=\"font-family:Calibri,sans-serif\">Sledovanie spr&aacute;vnej funkcie VMC: na pr&iacute;padn&eacute; poruchy upozor\u0148uj&uacute; chybov&eacute; hl&aacute;senia zobrazen&eacute; na displeji.<\/span><\/span><\/li>\n<li style=\"text-align:justify\"><span style=\"font-size:11pt\"><span style=\"font-family:Calibri,sans-serif\">Signaliz&aacute;cia stavu zanesenia filtra pre spr&aacute;vnu pravideln&uacute; &uacute;dr\u017ebu.<\/span><\/span><\/li>\n<\/ul>\n","protected":false},"excerpt":{"rendered":"<p style=\"text-align:justify\"><span style=\"font-size:11pt\"><span style=\"font-family:Calibri,sans-serif\">Dia\u013ekov&yacute; ovl&aacute;dac&iacute; panel s farebn&yacute;m grafick&yacute;m displejom LCD, ktor&yacute; je mo\u017en&eacute; kombinova\u0165 s centr&aacute;lnymi rekupera\u010dn&yacute;mi jednotkami VORTICE pre obytn&eacute; budovy. Viac inform&aacute;ci&iacute; n&aacute;jdete ni\u017e&scaron;ie v sekcii Popis.<\/span><\/span><\/p>\n<p style=\"text-align:justify\"><span style=\"font-size:11pt\"><span style=\"font-family:Calibri,sans-serif\"><strong>Dostupnos\u0165<\/strong>: &Scaron;tandardn&aacute; doba dodania 2-3 t&yacute;\u017edne.<\/span><\/span><\/p>\n","protected":false},"featured_media":0,"template":"","meta":[],"product_cat":[1908],"product_tag":[],"class_list":{"0":"post-477649","1":"product","2":"type-product","3":"status-publish","5":"product_cat-prislusenstvo-ventilatory","6":"pa_typ-prislusenstvo","7":"pa_znacka-vortice","9":"first","10":"instock","11":"taxable","12":"shipping-taxable","13":"purchasable","14":"product-type-simple"},"yoast_head":"<!-- This site is optimized with the Yoast SEO plugin v23.9 - https:\/\/yoast.com\/wordpress\/plugins\/seo\/ -->\n<title>CB TOUCH LCD W dia\u013ekov\u00fd ovl\u00e1da\u010d pre VORT HR 350 AVEL - KLIMAVEX GROUP - Slovensko<\/title>\n<meta name=\"robots\" content=\"index, follow, max-snippet:-1, max-image-preview:large, max-video-preview:-1\" \/>\n<link rel=\"canonical\" href=\"https:\/\/klimavex.eu\/sk\/katalog\/cb-touch-lcd-w-dialkovy-ovladac-pre-vort-hr-350-avel\/\" \/>\n<meta property=\"og:locale\" content=\"sk_SK\" \/>\n<meta property=\"og:type\" content=\"article\" \/>\n<meta property=\"og:title\" content=\"CB TOUCH LCD W dia\u013ekov\u00fd ovl\u00e1da\u010d pre VORT HR 350 AVEL - KLIMAVEX GROUP - Slovensko\" \/>\n<meta property=\"og:description\" content=\"Dia\u013ekov&yacute; ovl&aacute;dac&iacute; panel s farebn&yacute;m grafick&yacute;m displejom LCD, ktor&yacute; je mo\u017en&eacute; kombinova\u0165 s centr&aacute;lnymi rekupera\u010dn&yacute;mi jednotkami VORTICE pre obytn&eacute; budovy. Viac inform&aacute;ci&iacute; n&aacute;jdete ni\u017e&scaron;ie v sekcii Popis. Dostupnos\u0165: &Scaron;tandardn&aacute; doba dodania 2-3 t&yacute;\u017edne.\" \/>\n<meta property=\"og:url\" content=\"https:\/\/klimavex.eu\/sk\/katalog\/cb-touch-lcd-w-dialkovy-ovladac-pre-vort-hr-350-avel\/\" \/>\n<meta property=\"og:site_name\" content=\"KLIMAVEX GROUP - Slovensko\" \/>\n<meta property=\"article:publisher\" content=\"https:\/\/www.facebook.com\/klimavex\" \/>\n<meta property=\"article:modified_time\" content=\"2026-03-27T07:05:54+00:00\" \/>\n<meta property=\"og:image\" content=\"https:\/\/klimavex.eu\/sk\/wp-content\/uploads\/2024\/02\/LOGO-KLIMAVEX-modra-kostka-1.png\" \/>\n\t<meta property=\"og:image:width\" content=\"9184\" \/>\n\t<meta property=\"og:image:height\" content=\"9184\" \/>\n\t<meta property=\"og:image:type\" content=\"image\/png\" \/>\n<meta name=\"twitter:card\" content=\"summary_large_image\" \/>\n<meta name=\"twitter:label1\" content=\"Predpokladan\u00fd \u010das \u010d\u00edtania\" \/>\n\t<meta name=\"twitter:data1\" content=\"3 min\u00faty\" \/>\n<script type=\"application\/ld+json\" class=\"yoast-schema-graph\">{\"@context\":\"https:\/\/schema.org\",\"@graph\":[{\"@type\":\"WebPage\",\"@id\":\"https:\/\/klimavex.eu\/sk\/katalog\/cb-touch-lcd-w-dialkovy-ovladac-pre-vort-hr-350-avel\/\",\"url\":\"https:\/\/klimavex.eu\/sk\/katalog\/cb-touch-lcd-w-dialkovy-ovladac-pre-vort-hr-350-avel\/\",\"name\":\"CB TOUCH LCD W dia\u013ekov\u00fd ovl\u00e1da\u010d pre VORT HR 350 AVEL - KLIMAVEX GROUP - Slovensko\",\"isPartOf\":{\"@id\":\"https:\/\/klimavex.eu\/sk\/#website\"},\"datePublished\":\"2026-03-27T07:05:00+00:00\",\"dateModified\":\"2026-03-27T07:05:54+00:00\",\"breadcrumb\":{\"@id\":\"https:\/\/klimavex.eu\/sk\/katalog\/cb-touch-lcd-w-dialkovy-ovladac-pre-vort-hr-350-avel\/#breadcrumb\"},\"inLanguage\":\"sk-SK\",\"potentialAction\":[{\"@type\":\"ReadAction\",\"target\":[\"https:\/\/klimavex.eu\/sk\/katalog\/cb-touch-lcd-w-dialkovy-ovladac-pre-vort-hr-350-avel\/\"]}]},{\"@type\":\"BreadcrumbList\",\"@id\":\"https:\/\/klimavex.eu\/sk\/katalog\/cb-touch-lcd-w-dialkovy-ovladac-pre-vort-hr-350-avel\/#breadcrumb\",\"itemListElement\":[{\"@type\":\"ListItem\",\"position\":1,\"name\":\"Domovsk\u00e1 str\u00e1nka\",\"item\":\"https:\/\/klimavex.eu\/sk\/\"},{\"@type\":\"ListItem\",\"position\":2,\"name\":\"Eshop\",\"item\":\"https:\/\/klimavex.eu\/sk\/eshop\/\"},{\"@type\":\"ListItem\",\"position\":3,\"name\":\"CB TOUCH LCD W dia\u013ekov\u00fd ovl\u00e1da\u010d pre VORT HR 350 AVEL\"}]},{\"@type\":\"WebSite\",\"@id\":\"https:\/\/klimavex.eu\/sk\/#website\",\"url\":\"https:\/\/klimavex.eu\/sk\/\",\"name\":\"KLIMAVEX GROUP - Slovensko\",\"description\":\"\",\"publisher\":{\"@id\":\"https:\/\/klimavex.eu\/sk\/#organization\"},\"alternateName\":\"KLIMAVEX a.s.\",\"potentialAction\":[{\"@type\":\"SearchAction\",\"target\":{\"@type\":\"EntryPoint\",\"urlTemplate\":\"https:\/\/klimavex.eu\/sk\/?s={search_term_string}\"},\"query-input\":{\"@type\":\"PropertyValueSpecification\",\"valueRequired\":true,\"valueName\":\"search_term_string\"}}],\"inLanguage\":\"sk-SK\"},{\"@type\":\"Organization\",\"@id\":\"https:\/\/klimavex.eu\/sk\/#organization\",\"name\":\"KLIMAVEX GROUP\",\"alternateName\":\"KLIMAVEX a.s.\",\"url\":\"https:\/\/klimavex.eu\/sk\/\",\"logo\":{\"@type\":\"ImageObject\",\"inLanguage\":\"sk-SK\",\"@id\":\"https:\/\/klimavex.eu\/sk\/#\/schema\/logo\/image\/\",\"url\":\"https:\/\/klimavex.eu\/sk\/wp-content\/uploads\/2024\/04\/Klimavex-Group-logo.png\",\"contentUrl\":\"https:\/\/klimavex.eu\/sk\/wp-content\/uploads\/2024\/04\/Klimavex-Group-logo.png\",\"width\":1681,\"height\":472,\"caption\":\"KLIMAVEX GROUP\"},\"image\":{\"@id\":\"https:\/\/klimavex.eu\/sk\/#\/schema\/logo\/image\/\"},\"sameAs\":[\"https:\/\/www.facebook.com\/klimavex\",\"https:\/\/www.instagram.com\/klimavex_sk\/\"]}]}<\/script>\n<!-- \/ Yoast SEO plugin. -->","yoast_head_json":{"title":"CB TOUCH LCD W dia\u013ekov\u00fd ovl\u00e1da\u010d pre VORT HR 350 AVEL - KLIMAVEX GROUP - Slovensko","robots":{"index":"index","follow":"follow","max-snippet":"max-snippet:-1","max-image-preview":"max-image-preview:large","max-video-preview":"max-video-preview:-1"},"canonical":"https:\/\/klimavex.eu\/sk\/katalog\/cb-touch-lcd-w-dialkovy-ovladac-pre-vort-hr-350-avel\/","og_locale":"sk_SK","og_type":"article","og_title":"CB TOUCH LCD W dia\u013ekov\u00fd ovl\u00e1da\u010d pre VORT HR 350 AVEL - KLIMAVEX GROUP - Slovensko","og_description":"Dia\u013ekov&yacute; ovl&aacute;dac&iacute; panel s farebn&yacute;m grafick&yacute;m displejom LCD, ktor&yacute; je mo\u017en&eacute; kombinova\u0165 s centr&aacute;lnymi rekupera\u010dn&yacute;mi jednotkami VORTICE pre obytn&eacute; budovy. Viac inform&aacute;ci&iacute; n&aacute;jdete ni\u017e&scaron;ie v sekcii Popis. Dostupnos\u0165: &Scaron;tandardn&aacute; doba dodania 2-3 t&yacute;\u017edne.","og_url":"https:\/\/klimavex.eu\/sk\/katalog\/cb-touch-lcd-w-dialkovy-ovladac-pre-vort-hr-350-avel\/","og_site_name":"KLIMAVEX GROUP - Slovensko","article_publisher":"https:\/\/www.facebook.com\/klimavex","article_modified_time":"2026-03-27T07:05:54+00:00","og_image":[{"width":9184,"height":9184,"url":"https:\/\/klimavex.eu\/sk\/wp-content\/uploads\/2024\/02\/LOGO-KLIMAVEX-modra-kostka-1.png","type":"image\/png"}],"twitter_card":"summary_large_image","twitter_misc":{"Predpokladan\u00fd \u010das \u010d\u00edtania":"3 min\u00faty"},"schema":{"@context":"https:\/\/schema.org","@graph":[{"@type":"WebPage","@id":"https:\/\/klimavex.eu\/sk\/katalog\/cb-touch-lcd-w-dialkovy-ovladac-pre-vort-hr-350-avel\/","url":"https:\/\/klimavex.eu\/sk\/katalog\/cb-touch-lcd-w-dialkovy-ovladac-pre-vort-hr-350-avel\/","name":"CB TOUCH LCD W dia\u013ekov\u00fd ovl\u00e1da\u010d pre VORT HR 350 AVEL - KLIMAVEX GROUP - Slovensko","isPartOf":{"@id":"https:\/\/klimavex.eu\/sk\/#website"},"datePublished":"2026-03-27T07:05:00+00:00","dateModified":"2026-03-27T07:05:54+00:00","breadcrumb":{"@id":"https:\/\/klimavex.eu\/sk\/katalog\/cb-touch-lcd-w-dialkovy-ovladac-pre-vort-hr-350-avel\/#breadcrumb"},"inLanguage":"sk-SK","potentialAction":[{"@type":"ReadAction","target":["https:\/\/klimavex.eu\/sk\/katalog\/cb-touch-lcd-w-dialkovy-ovladac-pre-vort-hr-350-avel\/"]}]},{"@type":"BreadcrumbList","@id":"https:\/\/klimavex.eu\/sk\/katalog\/cb-touch-lcd-w-dialkovy-ovladac-pre-vort-hr-350-avel\/#breadcrumb","itemListElement":[{"@type":"ListItem","position":1,"name":"Domovsk\u00e1 str\u00e1nka","item":"https:\/\/klimavex.eu\/sk\/"},{"@type":"ListItem","position":2,"name":"Eshop","item":"https:\/\/klimavex.eu\/sk\/eshop\/"},{"@type":"ListItem","position":3,"name":"CB TOUCH LCD W dia\u013ekov\u00fd ovl\u00e1da\u010d pre VORT HR 350 AVEL"}]},{"@type":"WebSite","@id":"https:\/\/klimavex.eu\/sk\/#website","url":"https:\/\/klimavex.eu\/sk\/","name":"KLIMAVEX GROUP - Slovensko","description":"","publisher":{"@id":"https:\/\/klimavex.eu\/sk\/#organization"},"alternateName":"KLIMAVEX a.s.","potentialAction":[{"@type":"SearchAction","target":{"@type":"EntryPoint","urlTemplate":"https:\/\/klimavex.eu\/sk\/?s={search_term_string}"},"query-input":{"@type":"PropertyValueSpecification","valueRequired":true,"valueName":"search_term_string"}}],"inLanguage":"sk-SK"},{"@type":"Organization","@id":"https:\/\/klimavex.eu\/sk\/#organization","name":"KLIMAVEX GROUP","alternateName":"KLIMAVEX a.s.","url":"https:\/\/klimavex.eu\/sk\/","logo":{"@type":"ImageObject","inLanguage":"sk-SK","@id":"https:\/\/klimavex.eu\/sk\/#\/schema\/logo\/image\/","url":"https:\/\/klimavex.eu\/sk\/wp-content\/uploads\/2024\/04\/Klimavex-Group-logo.png","contentUrl":"https:\/\/klimavex.eu\/sk\/wp-content\/uploads\/2024\/04\/Klimavex-Group-logo.png","width":1681,"height":472,"caption":"KLIMAVEX GROUP"},"image":{"@id":"https:\/\/klimavex.eu\/sk\/#\/schema\/logo\/image\/"},"sameAs":["https:\/\/www.facebook.com\/klimavex","https:\/\/www.instagram.com\/klimavex_sk\/"]}]}},"_links":{"self":[{"href":"https:\/\/klimavex.eu\/sk\/wp-json\/wp\/v2\/product\/477649","targetHints":{"allow":["GET"]}}],"collection":[{"href":"https:\/\/klimavex.eu\/sk\/wp-json\/wp\/v2\/product"}],"about":[{"href":"https:\/\/klimavex.eu\/sk\/wp-json\/wp\/v2\/types\/product"}],"version-history":[{"count":0,"href":"https:\/\/klimavex.eu\/sk\/wp-json\/wp\/v2\/product\/477649\/revisions"}],"wp:attachment":[{"href":"https:\/\/klimavex.eu\/sk\/wp-json\/wp\/v2\/media?parent=477649"}],"wp:term":[{"taxonomy":"product_cat","embeddable":true,"href":"https:\/\/klimavex.eu\/sk\/wp-json\/wp\/v2\/product_cat?post=477649"},{"taxonomy":"product_tag","embeddable":true,"href":"https:\/\/klimavex.eu\/sk\/wp-json\/wp\/v2\/product_tag?post=477649"}],"curies":[{"name":"wp","href":"https:\/\/api.w.org\/{rel}","templated":true}]}}