{"id":477655,"date":"2026-03-31T18:53:11","date_gmt":"2026-03-31T16:53:11","guid":{"rendered":"https:\/\/klimavex.eu\/sk\/katalog\/susic-vlasov-vortice-vortphon-2000-p-cierna-farba\/"},"modified":"2026-03-31T18:54:09","modified_gmt":"2026-03-31T16:54:09","slug":"susic-vlasov-vortice-vortphon-2000-p-cierna-farba","status":"publish","type":"product","link":"https:\/\/klimavex.eu\/sk\/katalog\/susic-vlasov-vortice-vortphon-2000-p-cierna-farba\/","title":{"rendered":"Su\u0161i\u010d vlasov Vortice Vortphon 2000 P (\u010dierna farba)"},"content":{"rendered":"<p style=\"text-align: justify;\"><strong>K\u013e&uacute;\u010dov&eacute; vlastnosti:<\/strong><\/p>\n<ul>\n<li style=\"text-align: justify;\">Opl&aacute;&scaron;tenie su&scaron;i\u010da a n&aacute;stenn&eacute;ho dr\u017eiaka v \u010diernej farbe &#8211; RAL 9005.<\/li>\n<li style=\"text-align: justify;\">On\/Off vyp&iacute;na\u010d na su&scaron;i\u010di.<\/li>\n<li style=\"text-align: justify;\">Integrovan&aacute; tepeln&aacute; ochrana pred prehriat&iacute;m zariadenia.<\/li>\n<li style=\"text-align: justify;\">Flexibiln&yacute; &scaron;pir&aacute;lov&yacute; k&aacute;bel umo\u017e\u0148uj&uacute;ci pred\u013a\u017eenie na 60cm &#8211; 120cm.<\/li>\n<li style=\"text-align: justify;\">Krytie IP20.<\/li>\n<\/ul>\n","protected":false},"excerpt":{"rendered":"<p style=\"text-align: justify;\">Prenosn&yacute; su&scaron;i\u010d vlasov <strong>Vortice Vortphon 2000 P<\/strong> (v&yacute;kon 2000 W) obsahuje 2 prep&iacute;na\u010de: <strong>vo\u013eba teploty<\/strong> (3 &uacute;rovne) a&nbsp;<strong>vo\u013eba prietoku vzduchu<\/strong> (2 &uacute;rovne). D\u013a\u017eka nap&aacute;jacieho k&aacute;blu je 60-120 cm. Vysoko kvalitn&yacute; motor, &scaron;peci&aacute;lne navrhnut&yacute; pre profesion&aacute;lne su&scaron;i\u010de vlasov, je optimalizovan&yacute; tak, aby vytv&aacute;ral siln&eacute; pr&uacute;denie vzduchu s&nbsp;<strong>n&iacute;zkym emisiami hluku<\/strong>. Obsahuje tie\u017e bezpe\u010dnostn&uacute; tepeln&uacute; poistku na ochranu proti prehrievaniu.<\/p>\n","protected":false},"featured_media":485646,"template":"","meta":[],"product_cat":[2012,1297,1444],"product_tag":[],"class_list":{"0":"post-477655","1":"product","2":"type-product","3":"status-publish","4":"has-post-thumbnail","6":"product_cat-susice-vlasov","7":"product_cat-ventilatory","8":"product_cat-susic-ruk-vlasov-davkovace-mydla","9":"pa_el-prikon-spiraly-w-5164","10":"pa_hlucnost-lwa-akusticky-vykon-5326","11":"pa_krytie-ip20","12":"pa_prevedenie-susic-vlasov","13":"pa_typ-susit-vlasov","14":"pa_vzduchovy-vykon-qv-m3-5163","15":"pa_znacka-vortice","17":"first","18":"instock","19":"taxable","20":"shipping-taxable","21":"purchasable","22":"product-type-simple"},"yoast_head":"<!-- This site is optimized with the Yoast SEO plugin v23.9 - https:\/\/yoast.com\/wordpress\/plugins\/seo\/ -->\n<title>Su\u0161i\u010d vlasov Vortice Vortphon 2000 P (\u010dierna farba) - KLIMAVEX GROUP - Slovensko<\/title>\n<meta name=\"robots\" content=\"index, follow, max-snippet:-1, max-image-preview:large, max-video-preview:-1\" \/>\n<link rel=\"canonical\" href=\"https:\/\/klimavex.eu\/sk\/katalog\/susic-vlasov-vortice-vortphon-2000-p-cierna-farba\/\" \/>\n<meta property=\"og:locale\" content=\"sk_SK\" \/>\n<meta property=\"og:type\" content=\"article\" \/>\n<meta property=\"og:title\" content=\"Su\u0161i\u010d vlasov Vortice Vortphon 2000 P (\u010dierna farba) - KLIMAVEX GROUP - Slovensko\" \/>\n<meta property=\"og:description\" content=\"Prenosn&yacute; su&scaron;i\u010d vlasov Vortice Vortphon 2000 P (v&yacute;kon 2000 W) obsahuje 2 prep&iacute;na\u010de: vo\u013eba teploty (3 &uacute;rovne) a&nbsp;vo\u013eba prietoku vzduchu (2 &uacute;rovne). D\u013a\u017eka nap&aacute;jacieho k&aacute;blu je 60-120 cm. Vysoko kvalitn&yacute; motor, &scaron;peci&aacute;lne navrhnut&yacute; pre profesion&aacute;lne su&scaron;i\u010de vlasov, je optimalizovan&yacute; tak, aby vytv&aacute;ral siln&eacute; pr&uacute;denie vzduchu s&nbsp;n&iacute;zkym emisiami hluku. Obsahuje tie\u017e bezpe\u010dnostn&uacute; tepeln&uacute; poistku na ochranu proti prehrievaniu.\" \/>\n<meta property=\"og:url\" content=\"https:\/\/klimavex.eu\/sk\/katalog\/susic-vlasov-vortice-vortphon-2000-p-cierna-farba\/\" \/>\n<meta property=\"og:site_name\" content=\"KLIMAVEX GROUP - Slovensko\" \/>\n<meta property=\"article:publisher\" content=\"https:\/\/www.facebook.com\/klimavex\" \/>\n<meta property=\"article:modified_time\" content=\"2026-03-31T16:54:09+00:00\" \/>\n<meta property=\"og:image\" content=\"https:\/\/klimavex.eu\/sk\/wp-content\/uploads\/2025\/09\/eaO4KkzCDUUMecwUTiI-UXyagfFnjnL7gdlhK3eGQiw.png\" \/>\n\t<meta property=\"og:image:width\" content=\"453\" \/>\n\t<meta property=\"og:image:height\" content=\"673\" \/>\n\t<meta property=\"og:image:type\" content=\"image\/png\" \/>\n<meta name=\"twitter:card\" content=\"summary_large_image\" \/>\n<script type=\"application\/ld+json\" class=\"yoast-schema-graph\">{\"@context\":\"https:\/\/schema.org\",\"@graph\":[{\"@type\":\"WebPage\",\"@id\":\"https:\/\/klimavex.eu\/sk\/katalog\/susic-vlasov-vortice-vortphon-2000-p-cierna-farba\/\",\"url\":\"https:\/\/klimavex.eu\/sk\/katalog\/susic-vlasov-vortice-vortphon-2000-p-cierna-farba\/\",\"name\":\"Su\u0161i\u010d vlasov Vortice Vortphon 2000 P (\u010dierna farba) - KLIMAVEX GROUP - Slovensko\",\"isPartOf\":{\"@id\":\"https:\/\/klimavex.eu\/sk\/#website\"},\"primaryImageOfPage\":{\"@id\":\"https:\/\/klimavex.eu\/sk\/katalog\/susic-vlasov-vortice-vortphon-2000-p-cierna-farba\/#primaryimage\"},\"image\":{\"@id\":\"https:\/\/klimavex.eu\/sk\/katalog\/susic-vlasov-vortice-vortphon-2000-p-cierna-farba\/#primaryimage\"},\"thumbnailUrl\":\"https:\/\/klimavex.eu\/sk\/wp-content\/uploads\/2025\/09\/eaO4KkzCDUUMecwUTiI-UXyagfFnjnL7gdlhK3eGQiw.png\",\"datePublished\":\"2026-03-31T16:53:11+00:00\",\"dateModified\":\"2026-03-31T16:54:09+00:00\",\"breadcrumb\":{\"@id\":\"https:\/\/klimavex.eu\/sk\/katalog\/susic-vlasov-vortice-vortphon-2000-p-cierna-farba\/#breadcrumb\"},\"inLanguage\":\"sk-SK\",\"potentialAction\":[{\"@type\":\"ReadAction\",\"target\":[\"https:\/\/klimavex.eu\/sk\/katalog\/susic-vlasov-vortice-vortphon-2000-p-cierna-farba\/\"]}]},{\"@type\":\"ImageObject\",\"inLanguage\":\"sk-SK\",\"@id\":\"https:\/\/klimavex.eu\/sk\/katalog\/susic-vlasov-vortice-vortphon-2000-p-cierna-farba\/#primaryimage\",\"url\":\"https:\/\/klimavex.eu\/sk\/wp-content\/uploads\/2025\/09\/eaO4KkzCDUUMecwUTiI-UXyagfFnjnL7gdlhK3eGQiw.png\",\"contentUrl\":\"https:\/\/klimavex.eu\/sk\/wp-content\/uploads\/2025\/09\/eaO4KkzCDUUMecwUTiI-UXyagfFnjnL7gdlhK3eGQiw.png\",\"width\":453,\"height\":673},{\"@type\":\"BreadcrumbList\",\"@id\":\"https:\/\/klimavex.eu\/sk\/katalog\/susic-vlasov-vortice-vortphon-2000-p-cierna-farba\/#breadcrumb\",\"itemListElement\":[{\"@type\":\"ListItem\",\"position\":1,\"name\":\"Domovsk\u00e1 str\u00e1nka\",\"item\":\"https:\/\/klimavex.eu\/sk\/\"},{\"@type\":\"ListItem\",\"position\":2,\"name\":\"Eshop\",\"item\":\"https:\/\/klimavex.eu\/sk\/eshop\/\"},{\"@type\":\"ListItem\",\"position\":3,\"name\":\"Su\u0161i\u010d vlasov Vortice Vortphon 2000 P (\u010dierna farba)\"}]},{\"@type\":\"WebSite\",\"@id\":\"https:\/\/klimavex.eu\/sk\/#website\",\"url\":\"https:\/\/klimavex.eu\/sk\/\",\"name\":\"KLIMAVEX GROUP - Slovensko\",\"description\":\"\",\"publisher\":{\"@id\":\"https:\/\/klimavex.eu\/sk\/#organization\"},\"alternateName\":\"KLIMAVEX a.s.\",\"potentialAction\":[{\"@type\":\"SearchAction\",\"target\":{\"@type\":\"EntryPoint\",\"urlTemplate\":\"https:\/\/klimavex.eu\/sk\/?s={search_term_string}\"},\"query-input\":{\"@type\":\"PropertyValueSpecification\",\"valueRequired\":true,\"valueName\":\"search_term_string\"}}],\"inLanguage\":\"sk-SK\"},{\"@type\":\"Organization\",\"@id\":\"https:\/\/klimavex.eu\/sk\/#organization\",\"name\":\"KLIMAVEX GROUP\",\"alternateName\":\"KLIMAVEX a.s.\",\"url\":\"https:\/\/klimavex.eu\/sk\/\",\"logo\":{\"@type\":\"ImageObject\",\"inLanguage\":\"sk-SK\",\"@id\":\"https:\/\/klimavex.eu\/sk\/#\/schema\/logo\/image\/\",\"url\":\"https:\/\/klimavex.eu\/sk\/wp-content\/uploads\/2024\/04\/Klimavex-Group-logo.png\",\"contentUrl\":\"https:\/\/klimavex.eu\/sk\/wp-content\/uploads\/2024\/04\/Klimavex-Group-logo.png\",\"width\":1681,\"height\":472,\"caption\":\"KLIMAVEX GROUP\"},\"image\":{\"@id\":\"https:\/\/klimavex.eu\/sk\/#\/schema\/logo\/image\/\"},\"sameAs\":[\"https:\/\/www.facebook.com\/klimavex\",\"https:\/\/www.instagram.com\/klimavex_sk\/\"]}]}<\/script>\n<!-- \/ Yoast SEO plugin. -->","yoast_head_json":{"title":"Su\u0161i\u010d vlasov Vortice Vortphon 2000 P (\u010dierna farba) - KLIMAVEX GROUP - Slovensko","robots":{"index":"index","follow":"follow","max-snippet":"max-snippet:-1","max-image-preview":"max-image-preview:large","max-video-preview":"max-video-preview:-1"},"canonical":"https:\/\/klimavex.eu\/sk\/katalog\/susic-vlasov-vortice-vortphon-2000-p-cierna-farba\/","og_locale":"sk_SK","og_type":"article","og_title":"Su\u0161i\u010d vlasov Vortice Vortphon 2000 P (\u010dierna farba) - KLIMAVEX GROUP - Slovensko","og_description":"Prenosn&yacute; su&scaron;i\u010d vlasov Vortice Vortphon 2000 P (v&yacute;kon 2000 W) obsahuje 2 prep&iacute;na\u010de: vo\u013eba teploty (3 &uacute;rovne) a&nbsp;vo\u013eba prietoku vzduchu (2 &uacute;rovne). D\u013a\u017eka nap&aacute;jacieho k&aacute;blu je 60-120 cm. Vysoko kvalitn&yacute; motor, &scaron;peci&aacute;lne navrhnut&yacute; pre profesion&aacute;lne su&scaron;i\u010de vlasov, je optimalizovan&yacute; tak, aby vytv&aacute;ral siln&eacute; pr&uacute;denie vzduchu s&nbsp;n&iacute;zkym emisiami hluku. Obsahuje tie\u017e bezpe\u010dnostn&uacute; tepeln&uacute; poistku na ochranu proti prehrievaniu.","og_url":"https:\/\/klimavex.eu\/sk\/katalog\/susic-vlasov-vortice-vortphon-2000-p-cierna-farba\/","og_site_name":"KLIMAVEX GROUP - Slovensko","article_publisher":"https:\/\/www.facebook.com\/klimavex","article_modified_time":"2026-03-31T16:54:09+00:00","og_image":[{"width":453,"height":673,"url":"https:\/\/klimavex.eu\/sk\/wp-content\/uploads\/2025\/09\/eaO4KkzCDUUMecwUTiI-UXyagfFnjnL7gdlhK3eGQiw.png","type":"image\/png"}],"twitter_card":"summary_large_image","schema":{"@context":"https:\/\/schema.org","@graph":[{"@type":"WebPage","@id":"https:\/\/klimavex.eu\/sk\/katalog\/susic-vlasov-vortice-vortphon-2000-p-cierna-farba\/","url":"https:\/\/klimavex.eu\/sk\/katalog\/susic-vlasov-vortice-vortphon-2000-p-cierna-farba\/","name":"Su\u0161i\u010d vlasov Vortice Vortphon 2000 P (\u010dierna farba) - KLIMAVEX GROUP - Slovensko","isPartOf":{"@id":"https:\/\/klimavex.eu\/sk\/#website"},"primaryImageOfPage":{"@id":"https:\/\/klimavex.eu\/sk\/katalog\/susic-vlasov-vortice-vortphon-2000-p-cierna-farba\/#primaryimage"},"image":{"@id":"https:\/\/klimavex.eu\/sk\/katalog\/susic-vlasov-vortice-vortphon-2000-p-cierna-farba\/#primaryimage"},"thumbnailUrl":"https:\/\/klimavex.eu\/sk\/wp-content\/uploads\/2025\/09\/eaO4KkzCDUUMecwUTiI-UXyagfFnjnL7gdlhK3eGQiw.png","datePublished":"2026-03-31T16:53:11+00:00","dateModified":"2026-03-31T16:54:09+00:00","breadcrumb":{"@id":"https:\/\/klimavex.eu\/sk\/katalog\/susic-vlasov-vortice-vortphon-2000-p-cierna-farba\/#breadcrumb"},"inLanguage":"sk-SK","potentialAction":[{"@type":"ReadAction","target":["https:\/\/klimavex.eu\/sk\/katalog\/susic-vlasov-vortice-vortphon-2000-p-cierna-farba\/"]}]},{"@type":"ImageObject","inLanguage":"sk-SK","@id":"https:\/\/klimavex.eu\/sk\/katalog\/susic-vlasov-vortice-vortphon-2000-p-cierna-farba\/#primaryimage","url":"https:\/\/klimavex.eu\/sk\/wp-content\/uploads\/2025\/09\/eaO4KkzCDUUMecwUTiI-UXyagfFnjnL7gdlhK3eGQiw.png","contentUrl":"https:\/\/klimavex.eu\/sk\/wp-content\/uploads\/2025\/09\/eaO4KkzCDUUMecwUTiI-UXyagfFnjnL7gdlhK3eGQiw.png","width":453,"height":673},{"@type":"BreadcrumbList","@id":"https:\/\/klimavex.eu\/sk\/katalog\/susic-vlasov-vortice-vortphon-2000-p-cierna-farba\/#breadcrumb","itemListElement":[{"@type":"ListItem","position":1,"name":"Domovsk\u00e1 str\u00e1nka","item":"https:\/\/klimavex.eu\/sk\/"},{"@type":"ListItem","position":2,"name":"Eshop","item":"https:\/\/klimavex.eu\/sk\/eshop\/"},{"@type":"ListItem","position":3,"name":"Su\u0161i\u010d vlasov Vortice Vortphon 2000 P (\u010dierna farba)"}]},{"@type":"WebSite","@id":"https:\/\/klimavex.eu\/sk\/#website","url":"https:\/\/klimavex.eu\/sk\/","name":"KLIMAVEX GROUP - Slovensko","description":"","publisher":{"@id":"https:\/\/klimavex.eu\/sk\/#organization"},"alternateName":"KLIMAVEX a.s.","potentialAction":[{"@type":"SearchAction","target":{"@type":"EntryPoint","urlTemplate":"https:\/\/klimavex.eu\/sk\/?s={search_term_string}"},"query-input":{"@type":"PropertyValueSpecification","valueRequired":true,"valueName":"search_term_string"}}],"inLanguage":"sk-SK"},{"@type":"Organization","@id":"https:\/\/klimavex.eu\/sk\/#organization","name":"KLIMAVEX GROUP","alternateName":"KLIMAVEX a.s.","url":"https:\/\/klimavex.eu\/sk\/","logo":{"@type":"ImageObject","inLanguage":"sk-SK","@id":"https:\/\/klimavex.eu\/sk\/#\/schema\/logo\/image\/","url":"https:\/\/klimavex.eu\/sk\/wp-content\/uploads\/2024\/04\/Klimavex-Group-logo.png","contentUrl":"https:\/\/klimavex.eu\/sk\/wp-content\/uploads\/2024\/04\/Klimavex-Group-logo.png","width":1681,"height":472,"caption":"KLIMAVEX GROUP"},"image":{"@id":"https:\/\/klimavex.eu\/sk\/#\/schema\/logo\/image\/"},"sameAs":["https:\/\/www.facebook.com\/klimavex","https:\/\/www.instagram.com\/klimavex_sk\/"]}]}},"_links":{"self":[{"href":"https:\/\/klimavex.eu\/sk\/wp-json\/wp\/v2\/product\/477655","targetHints":{"allow":["GET"]}}],"collection":[{"href":"https:\/\/klimavex.eu\/sk\/wp-json\/wp\/v2\/product"}],"about":[{"href":"https:\/\/klimavex.eu\/sk\/wp-json\/wp\/v2\/types\/product"}],"version-history":[{"count":0,"href":"https:\/\/klimavex.eu\/sk\/wp-json\/wp\/v2\/product\/477655\/revisions"}],"wp:featuredmedia":[{"embeddable":true,"href":"https:\/\/klimavex.eu\/sk\/wp-json\/wp\/v2\/media\/485646"}],"wp:attachment":[{"href":"https:\/\/klimavex.eu\/sk\/wp-json\/wp\/v2\/media?parent=477655"}],"wp:term":[{"taxonomy":"product_cat","embeddable":true,"href":"https:\/\/klimavex.eu\/sk\/wp-json\/wp\/v2\/product_cat?post=477655"},{"taxonomy":"product_tag","embeddable":true,"href":"https:\/\/klimavex.eu\/sk\/wp-json\/wp\/v2\/product_tag?post=477655"}],"curies":[{"name":"wp","href":"https:\/\/api.w.org\/{rel}","templated":true}]}}